{"id":267656,"date":"2024-01-12T00:00:00","date_gmt":"2024-01-11T23:00:00","guid":{"rendered":"https:\/\/wpguerssen-test.odoo.rgbconsulting.com\/product\/muckefuck\/"},"modified":"2024-07-17T17:39:22","modified_gmt":"2024-07-17T15:39:22","slug":"muckefuck","status":"publish","type":"product","link":"https:\/\/wpguerssen-test.odoo.rgbconsulting.com\/es\/producto\/muckefuck\/","title":{"rendered":"Muckefuck"},"content":{"rendered":"<p>Publicadas originalmente en 1979, estas grabaciones muestran los primeros trabajos en solitario del ex l\u00edder, guitarrista y compositor de Aera, Muck Groh. Pero, de hecho, este \u00e1lbum no fue un \u00e1lbum en solitario, sino que podr\u00eda describirse como el tercer \u00e1lbum de la primera d\u00e9cada de Aera. Todos esos grandes m\u00fasicos como el saxofonista Klaus Kreuzeder, el baterista Wolfgang Teske, el violinista Christoph Krieger y muchos m\u00fasicos invitados como Alto Pappert (anteriormente Kraan) y m\u00fasicos de la segunda d\u00e9cada de Aera como Matz Steinke al bajo y Limbus a las percusiones contribuyeron a este gran \u00e1lbum. Los primeros 4 t\u00edtulos del CD (antes cara A del \u00e1lbum) siguen la tradici\u00f3n del segundo \u00e1lbum \u00abHand und Fu\u00df\u00bb. \u00abPsychochinese im Stanzwerk\u00bb recuerda al Deutsch-Nepal de Amon D\u00fc\u00fcl. Por primera vez, Muck Groh utiliza la voz en sus composiciones en un estilo folk y \u00abBlinde Kuh\u00bb recuerda un poco a las primeras bandas alemanas de la nueva ola como Spliff o Nina Hagen Band. En definitiva, este \u00e1lbum muestra muchas facetas de la capacidad compositora de Muck Groh y convence por sus ingeniosos arreglos. El CD viene con un folleto completo con fotograf\u00edas raras e in\u00e9ditas y hay 8 pistas extra tomadas de un concierto de 1981. \u00a1Consejo secreto!<\/p>\n","protected":false},"excerpt":{"rendered":"<p>Publicadas originalmente en 1979, estas grabaciones muestran los primeros trabajos en solitario del ex l\u00edder, guitarrista y compositor de Aera, Muck Groh. Pero, de<a class=\"read\" href=\"https:\/\/wpguerssen-test.odoo.rgbconsulting.com\/es\/producto\/muckefuck\/\"> (...)<\/a>","protected":false},"featured_media":267597,"template":"","meta":{"_acf_changed":false},"product_brand":[],"product_cat":[21677,23272],"product_tag":[],"class_list":{"0":"post-267656","1":"product","2":"type-product","3":"status-publish","4":"has-post-thumbnail","6":"product_cat-progressive80s-90s-es","7":"product_cat-folk-80s-90s-es","8":"pa_artist-grohbian-muck","9":"pa_format-cd-2-es","10":"pa_gender-progressive80s-90s-folk-80s-90s","11":"pa_label-long-hair-es","12":"pa_location-europe-es","14":"first","15":"instock","16":"taxable","17":"shipping-taxable","18":"purchasable","19":"product-type-simple"},"acf":[],"yoast_head":"<!-- This site is optimized with the Yoast SEO plugin v24.9 - https:\/\/yoast.com\/wordpress\/plugins\/seo\/ -->\n<title>GROHBIAN, Muck - Muckefuck -  (CD) | Guerssen<\/title>\n<meta name=\"description\" content=\"Originally released in 1979, these recordings show the first solo efforts by formerly Aera leader, guitar player and composer Muck Groh. But in fact this album wasn&#039;t a solo album but could be described at the third Aera album of Aera&#039;s first decade line-up. All those great musicians like sax player Klaus Kreuzeder, drummer Wolfgang Teske, violinist Christoph Krieger and a lot of guest musicians like Alto Pappert (formerly Kraan) and Aeras second decade musicians like Matz Steinke on bass and Limbus on percussions contributed to this great album. The first 4 titles on the CD (formerly A-Side of the album) are in the tradition of the second album &quot;Hand und Fu\u00df&quot;. &quot;Psychochinese im Stanzwerk&quot; reminds to Amon D\u00fc\u00fcl&#039;s Deutsch-Nepal. For the first time Muck Groh uses vocals in his compositions in a folky style and &quot;Blinde Kuh&quot; reminds a little bit to the early German new wave bands like Spliff or Nina Hagen Band. All in all this album shows many facets of Muck Grohs composer abilities and convinces with its clever arrangements. CD comes with comprehensive booklet with rare and unseen photos and there are 8 bonus tracks taken from a concert from 1981. Secret tip!\" \/>\n<meta name=\"robots\" content=\"index, follow, max-snippet:-1, max-image-preview:large, max-video-preview:-1\" \/>\n<link rel=\"canonical\" href=\"https:\/\/wpguerssen-test.odoo.rgbconsulting.com\/es\/producto\/muckefuck\/\" \/>\n<meta property=\"og:locale\" content=\"es_ES\" \/>\n<meta property=\"og:type\" content=\"article\" \/>\n<meta property=\"og:title\" content=\"GROHBIAN, Muck - Muckefuck -  (CD) | Guerssen\" \/>\n<meta property=\"og:description\" content=\"Originally released in 1979, these recordings show the first solo efforts by formerly Aera leader, guitar player and composer Muck Groh. But in fact this album wasn&#039;t a solo album but could be described at the third Aera album of Aera&#039;s first decade line-up. All those great musicians like sax player Klaus Kreuzeder, drummer Wolfgang Teske, violinist Christoph Krieger and a lot of guest musicians like Alto Pappert (formerly Kraan) and Aeras second decade musicians like Matz Steinke on bass and Limbus on percussions contributed to this great album. The first 4 titles on the CD (formerly A-Side of the album) are in the tradition of the second album &quot;Hand und Fu\u00df&quot;. &quot;Psychochinese im Stanzwerk&quot; reminds to Amon D\u00fc\u00fcl&#039;s Deutsch-Nepal. For the first time Muck Groh uses vocals in his compositions in a folky style and &quot;Blinde Kuh&quot; reminds a little bit to the early German new wave bands like Spliff or Nina Hagen Band. All in all this album shows many facets of Muck Grohs composer abilities and convinces with its clever arrangements. CD comes with comprehensive booklet with rare and unseen photos and there are 8 bonus tracks taken from a concert from 1981. Secret tip!\" \/>\n<meta property=\"og:url\" content=\"https:\/\/wpguerssen-test.odoo.rgbconsulting.com\/es\/producto\/muckefuck\/\" \/>\n<meta property=\"og:site_name\" content=\"Guerssen records\" \/>\n<meta property=\"article:modified_time\" content=\"2024-07-17T15:39:22+00:00\" \/>\n<meta property=\"og:image\" content=\"https:\/\/wpguerssen-test.odoo.rgbconsulting.com\/wp-content\/uploads\/2024\/05\/47885.jpg\" \/>\n\t<meta property=\"og:image:width\" content=\"180\" \/>\n\t<meta property=\"og:image:height\" content=\"180\" \/>\n\t<meta property=\"og:image:type\" content=\"image\/jpeg\" \/>\n<meta name=\"twitter:card\" content=\"summary_large_image\" \/>\n<meta name=\"twitter:title\" content=\"GROHBIAN, Muck - Muckefuck -  (CD) | Guerssen\" \/>\n<meta name=\"twitter:label1\" content=\"Tiempo de lectura\" \/>\n\t<meta name=\"twitter:data1\" content=\"1 minuto\" \/>\n<script type=\"application\/ld+json\" class=\"yoast-schema-graph\">{\"@context\":\"https:\/\/schema.org\",\"@graph\":[{\"@type\":\"WebPage\",\"@id\":\"https:\/\/wpguerssen-test.odoo.rgbconsulting.com\/es\/producto\/muckefuck\/\",\"url\":\"https:\/\/wpguerssen-test.odoo.rgbconsulting.com\/es\/producto\/muckefuck\/\",\"name\":\"GROHBIAN, Muck - Muckefuck - (CD) | Guerssen\",\"isPartOf\":{\"@id\":\"https:\/\/wpguerssen-test.odoo.rgbconsulting.com\/es\/#website\"},\"primaryImageOfPage\":{\"@id\":\"https:\/\/wpguerssen-test.odoo.rgbconsulting.com\/es\/producto\/muckefuck\/#primaryimage\"},\"image\":{\"@id\":\"https:\/\/wpguerssen-test.odoo.rgbconsulting.com\/es\/producto\/muckefuck\/#primaryimage\"},\"thumbnailUrl\":\"https:\/\/wpguerssen-test.odoo.rgbconsulting.com\/wp-content\/uploads\/2024\/05\/47885.jpg\",\"datePublished\":\"2024-01-11T23:00:00+00:00\",\"dateModified\":\"2024-07-17T15:39:22+00:00\",\"description\":\"Originally released in 1979, these recordings show the first solo efforts by formerly Aera leader, guitar player and composer Muck Groh. But in fact this album wasn't a solo album but could be described at the third Aera album of Aera's first decade line-up. All those great musicians like sax player Klaus Kreuzeder, drummer Wolfgang Teske, violinist Christoph Krieger and a lot of guest musicians like Alto Pappert (formerly Kraan) and Aeras second decade musicians like Matz Steinke on bass and Limbus on percussions contributed to this great album. The first 4 titles on the CD (formerly A-Side of the album) are in the tradition of the second album \\\"Hand und Fu\u00df\\\". \\\"Psychochinese im Stanzwerk\\\" reminds to Amon D\u00fc\u00fcl's Deutsch-Nepal. For the first time Muck Groh uses vocals in his compositions in a folky style and \\\"Blinde Kuh\\\" reminds a little bit to the early German new wave bands like Spliff or Nina Hagen Band. All in all this album shows many facets of Muck Grohs composer abilities and convinces with its clever arrangements. CD comes with comprehensive booklet with rare and unseen photos and there are 8 bonus tracks taken from a concert from 1981. Secret tip!\",\"breadcrumb\":{\"@id\":\"https:\/\/wpguerssen-test.odoo.rgbconsulting.com\/es\/producto\/muckefuck\/#breadcrumb\"},\"inLanguage\":\"es\",\"potentialAction\":[{\"@type\":\"ReadAction\",\"target\":[\"https:\/\/wpguerssen-test.odoo.rgbconsulting.com\/es\/producto\/muckefuck\/\"]}]},{\"@type\":\"ImageObject\",\"inLanguage\":\"es\",\"@id\":\"https:\/\/wpguerssen-test.odoo.rgbconsulting.com\/es\/producto\/muckefuck\/#primaryimage\",\"url\":\"https:\/\/wpguerssen-test.odoo.rgbconsulting.com\/wp-content\/uploads\/2024\/05\/47885.jpg\",\"contentUrl\":\"https:\/\/wpguerssen-test.odoo.rgbconsulting.com\/wp-content\/uploads\/2024\/05\/47885.jpg\",\"width\":180,\"height\":180,\"caption\":\"Muck - Muckefuck - LONG HAIR (CD) | Guerssen\"},{\"@type\":\"BreadcrumbList\",\"@id\":\"https:\/\/wpguerssen-test.odoo.rgbconsulting.com\/es\/producto\/muckefuck\/#breadcrumb\",\"itemListElement\":[{\"@type\":\"ListItem\",\"position\":1,\"name\":\"Inicio\",\"item\":\"https:\/\/wpguerssen-test.odoo.rgbconsulting.com\/es\/\"},{\"@type\":\"ListItem\",\"position\":2,\"name\":\"Shop\",\"item\":\"https:\/\/wpguerssen-test.odoo.rgbconsulting.com\/shop\/\"},{\"@type\":\"ListItem\",\"position\":3,\"name\":\"Muckefuck\"}]},{\"@type\":\"WebSite\",\"@id\":\"https:\/\/wpguerssen-test.odoo.rgbconsulting.com\/es\/#website\",\"url\":\"https:\/\/wpguerssen-test.odoo.rgbconsulting.com\/es\/\",\"name\":\"Guerssen records\",\"description\":\"psychedelia - progressive - folk - garage \",\"publisher\":{\"@id\":\"https:\/\/wpguerssen-test.odoo.rgbconsulting.com\/es\/#organization\"},\"potentialAction\":[{\"@type\":\"SearchAction\",\"target\":{\"@type\":\"EntryPoint\",\"urlTemplate\":\"https:\/\/wpguerssen-test.odoo.rgbconsulting.com\/es\/?s={search_term_string}\"},\"query-input\":{\"@type\":\"PropertyValueSpecification\",\"valueRequired\":true,\"valueName\":\"search_term_string\"}}],\"inLanguage\":\"es\"},{\"@type\":\"Organization\",\"@id\":\"https:\/\/wpguerssen-test.odoo.rgbconsulting.com\/es\/#organization\",\"name\":\"Guerssen records\",\"url\":\"https:\/\/wpguerssen-test.odoo.rgbconsulting.com\/es\/\",\"logo\":{\"@type\":\"ImageObject\",\"inLanguage\":\"es\",\"@id\":\"https:\/\/wpguerssen-test.odoo.rgbconsulting.com\/es\/#\/schema\/logo\/image\/\",\"url\":\"https:\/\/wpguerssen-test.odoo.rgbconsulting.com\/wp-content\/uploads\/2022\/04\/Logo_Guerssen_trans_100.png\",\"contentUrl\":\"https:\/\/wpguerssen-test.odoo.rgbconsulting.com\/wp-content\/uploads\/2022\/04\/Logo_Guerssen_trans_100.png\",\"width\":122,\"height\":100,\"caption\":\"Guerssen records\"},\"image\":{\"@id\":\"https:\/\/wpguerssen-test.odoo.rgbconsulting.com\/es\/#\/schema\/logo\/image\/\"}}]}<\/script>\n<!-- \/ Yoast SEO plugin. -->","yoast_head_json":{"title":"GROHBIAN, Muck - Muckefuck -  (CD) | Guerssen","description":"Originally released in 1979, these recordings show the first solo efforts by formerly Aera leader, guitar player and composer Muck Groh. But in fact this album wasn't a solo album but could be described at the third Aera album of Aera's first decade line-up. All those great musicians like sax player Klaus Kreuzeder, drummer Wolfgang Teske, violinist Christoph Krieger and a lot of guest musicians like Alto Pappert (formerly Kraan) and Aeras second decade musicians like Matz Steinke on bass and Limbus on percussions contributed to this great album. The first 4 titles on the CD (formerly A-Side of the album) are in the tradition of the second album \"Hand und Fu\u00df\". \"Psychochinese im Stanzwerk\" reminds to Amon D\u00fc\u00fcl's Deutsch-Nepal. For the first time Muck Groh uses vocals in his compositions in a folky style and \"Blinde Kuh\" reminds a little bit to the early German new wave bands like Spliff or Nina Hagen Band. All in all this album shows many facets of Muck Grohs composer abilities and convinces with its clever arrangements. CD comes with comprehensive booklet with rare and unseen photos and there are 8 bonus tracks taken from a concert from 1981. Secret tip!","robots":{"index":"index","follow":"follow","max-snippet":"max-snippet:-1","max-image-preview":"max-image-preview:large","max-video-preview":"max-video-preview:-1"},"canonical":"https:\/\/wpguerssen-test.odoo.rgbconsulting.com\/es\/producto\/muckefuck\/","og_locale":"es_ES","og_type":"article","og_title":"GROHBIAN, Muck - Muckefuck -  (CD) | Guerssen","og_description":"Originally released in 1979, these recordings show the first solo efforts by formerly Aera leader, guitar player and composer Muck Groh. But in fact this album wasn't a solo album but could be described at the third Aera album of Aera's first decade line-up. All those great musicians like sax player Klaus Kreuzeder, drummer Wolfgang Teske, violinist Christoph Krieger and a lot of guest musicians like Alto Pappert (formerly Kraan) and Aeras second decade musicians like Matz Steinke on bass and Limbus on percussions contributed to this great album. The first 4 titles on the CD (formerly A-Side of the album) are in the tradition of the second album \"Hand und Fu\u00df\". \"Psychochinese im Stanzwerk\" reminds to Amon D\u00fc\u00fcl's Deutsch-Nepal. For the first time Muck Groh uses vocals in his compositions in a folky style and \"Blinde Kuh\" reminds a little bit to the early German new wave bands like Spliff or Nina Hagen Band. All in all this album shows many facets of Muck Grohs composer abilities and convinces with its clever arrangements. CD comes with comprehensive booklet with rare and unseen photos and there are 8 bonus tracks taken from a concert from 1981. Secret tip!","og_url":"https:\/\/wpguerssen-test.odoo.rgbconsulting.com\/es\/producto\/muckefuck\/","og_site_name":"Guerssen records","article_modified_time":"2024-07-17T15:39:22+00:00","og_image":[{"width":180,"height":180,"url":"https:\/\/wpguerssen-test.odoo.rgbconsulting.com\/wp-content\/uploads\/2024\/05\/47885.jpg","type":"image\/jpeg"}],"twitter_card":"summary_large_image","twitter_title":"GROHBIAN, Muck - Muckefuck -  (CD) | Guerssen","twitter_misc":{"Tiempo de lectura":"1 minuto"},"schema":{"@context":"https:\/\/schema.org","@graph":[{"@type":"WebPage","@id":"https:\/\/wpguerssen-test.odoo.rgbconsulting.com\/es\/producto\/muckefuck\/","url":"https:\/\/wpguerssen-test.odoo.rgbconsulting.com\/es\/producto\/muckefuck\/","name":"GROHBIAN, Muck - Muckefuck - (CD) | Guerssen","isPartOf":{"@id":"https:\/\/wpguerssen-test.odoo.rgbconsulting.com\/es\/#website"},"primaryImageOfPage":{"@id":"https:\/\/wpguerssen-test.odoo.rgbconsulting.com\/es\/producto\/muckefuck\/#primaryimage"},"image":{"@id":"https:\/\/wpguerssen-test.odoo.rgbconsulting.com\/es\/producto\/muckefuck\/#primaryimage"},"thumbnailUrl":"https:\/\/wpguerssen-test.odoo.rgbconsulting.com\/wp-content\/uploads\/2024\/05\/47885.jpg","datePublished":"2024-01-11T23:00:00+00:00","dateModified":"2024-07-17T15:39:22+00:00","description":"Originally released in 1979, these recordings show the first solo efforts by formerly Aera leader, guitar player and composer Muck Groh. But in fact this album wasn't a solo album but could be described at the third Aera album of Aera's first decade line-up. All those great musicians like sax player Klaus Kreuzeder, drummer Wolfgang Teske, violinist Christoph Krieger and a lot of guest musicians like Alto Pappert (formerly Kraan) and Aeras second decade musicians like Matz Steinke on bass and Limbus on percussions contributed to this great album. The first 4 titles on the CD (formerly A-Side of the album) are in the tradition of the second album \"Hand und Fu\u00df\". \"Psychochinese im Stanzwerk\" reminds to Amon D\u00fc\u00fcl's Deutsch-Nepal. For the first time Muck Groh uses vocals in his compositions in a folky style and \"Blinde Kuh\" reminds a little bit to the early German new wave bands like Spliff or Nina Hagen Band. All in all this album shows many facets of Muck Grohs composer abilities and convinces with its clever arrangements. CD comes with comprehensive booklet with rare and unseen photos and there are 8 bonus tracks taken from a concert from 1981. Secret tip!","breadcrumb":{"@id":"https:\/\/wpguerssen-test.odoo.rgbconsulting.com\/es\/producto\/muckefuck\/#breadcrumb"},"inLanguage":"es","potentialAction":[{"@type":"ReadAction","target":["https:\/\/wpguerssen-test.odoo.rgbconsulting.com\/es\/producto\/muckefuck\/"]}]},{"@type":"ImageObject","inLanguage":"es","@id":"https:\/\/wpguerssen-test.odoo.rgbconsulting.com\/es\/producto\/muckefuck\/#primaryimage","url":"https:\/\/wpguerssen-test.odoo.rgbconsulting.com\/wp-content\/uploads\/2024\/05\/47885.jpg","contentUrl":"https:\/\/wpguerssen-test.odoo.rgbconsulting.com\/wp-content\/uploads\/2024\/05\/47885.jpg","width":180,"height":180,"caption":"Muck - Muckefuck - LONG HAIR (CD) | Guerssen"},{"@type":"BreadcrumbList","@id":"https:\/\/wpguerssen-test.odoo.rgbconsulting.com\/es\/producto\/muckefuck\/#breadcrumb","itemListElement":[{"@type":"ListItem","position":1,"name":"Inicio","item":"https:\/\/wpguerssen-test.odoo.rgbconsulting.com\/es\/"},{"@type":"ListItem","position":2,"name":"Shop","item":"https:\/\/wpguerssen-test.odoo.rgbconsulting.com\/shop\/"},{"@type":"ListItem","position":3,"name":"Muckefuck"}]},{"@type":"WebSite","@id":"https:\/\/wpguerssen-test.odoo.rgbconsulting.com\/es\/#website","url":"https:\/\/wpguerssen-test.odoo.rgbconsulting.com\/es\/","name":"Guerssen records","description":"psychedelia - progressive - folk - garage ","publisher":{"@id":"https:\/\/wpguerssen-test.odoo.rgbconsulting.com\/es\/#organization"},"potentialAction":[{"@type":"SearchAction","target":{"@type":"EntryPoint","urlTemplate":"https:\/\/wpguerssen-test.odoo.rgbconsulting.com\/es\/?s={search_term_string}"},"query-input":{"@type":"PropertyValueSpecification","valueRequired":true,"valueName":"search_term_string"}}],"inLanguage":"es"},{"@type":"Organization","@id":"https:\/\/wpguerssen-test.odoo.rgbconsulting.com\/es\/#organization","name":"Guerssen records","url":"https:\/\/wpguerssen-test.odoo.rgbconsulting.com\/es\/","logo":{"@type":"ImageObject","inLanguage":"es","@id":"https:\/\/wpguerssen-test.odoo.rgbconsulting.com\/es\/#\/schema\/logo\/image\/","url":"https:\/\/wpguerssen-test.odoo.rgbconsulting.com\/wp-content\/uploads\/2022\/04\/Logo_Guerssen_trans_100.png","contentUrl":"https:\/\/wpguerssen-test.odoo.rgbconsulting.com\/wp-content\/uploads\/2022\/04\/Logo_Guerssen_trans_100.png","width":122,"height":100,"caption":"Guerssen records"},"image":{"@id":"https:\/\/wpguerssen-test.odoo.rgbconsulting.com\/es\/#\/schema\/logo\/image\/"}}]}},"_links":{"self":[{"href":"https:\/\/wpguerssen-test.odoo.rgbconsulting.com\/es\/wp-json\/wp\/v2\/product\/267656","targetHints":{"allow":["GET"]}}],"collection":[{"href":"https:\/\/wpguerssen-test.odoo.rgbconsulting.com\/es\/wp-json\/wp\/v2\/product"}],"about":[{"href":"https:\/\/wpguerssen-test.odoo.rgbconsulting.com\/es\/wp-json\/wp\/v2\/types\/product"}],"wp:featuredmedia":[{"embeddable":true,"href":"https:\/\/wpguerssen-test.odoo.rgbconsulting.com\/es\/wp-json\/wp\/v2\/media\/267597"}],"wp:attachment":[{"href":"https:\/\/wpguerssen-test.odoo.rgbconsulting.com\/es\/wp-json\/wp\/v2\/media?parent=267656"}],"wp:term":[{"taxonomy":"product_brand","embeddable":true,"href":"https:\/\/wpguerssen-test.odoo.rgbconsulting.com\/es\/wp-json\/wp\/v2\/product_brand?post=267656"},{"taxonomy":"product_cat","embeddable":true,"href":"https:\/\/wpguerssen-test.odoo.rgbconsulting.com\/es\/wp-json\/wp\/v2\/product_cat?post=267656"},{"taxonomy":"product_tag","embeddable":true,"href":"https:\/\/wpguerssen-test.odoo.rgbconsulting.com\/es\/wp-json\/wp\/v2\/product_tag?post=267656"}],"curies":[{"name":"wp","href":"https:\/\/api.w.org\/{rel}","templated":true}]}}