{"id":267659,"date":"2024-01-12T00:00:00","date_gmt":"2024-01-11T23:00:00","guid":{"rendered":"https:\/\/wpguerssen-test.odoo.rgbconsulting.com\/product\/swf-session-1974\/"},"modified":"2024-08-26T18:23:13","modified_gmt":"2024-08-26T16:23:13","slug":"swf-session-1974","status":"publish","type":"product","link":"https:\/\/wpguerssen-test.odoo.rgbconsulting.com\/es\/producto\/swf-session-1974\/","title":{"rendered":"SWF session 1974"},"content":{"rendered":"<p>Grabado a principios de 1974 en el SWF-Studio de Baden-Baden, Alemania, por la misma formaci\u00f3n, que grab\u00f3 al mismo tiempo el segundo \u00e1lbum de Missus Beastly. Las versiones mejoradas de t\u00edtulos antiguos y algunos t\u00edtulos nuevos demuestran el gran talento de la banda para la improvisaci\u00f3n. Sonido brillante de melod\u00edas brillantes interpretadas por m\u00fasicos refinados. Este tipo de krautjazzrock instrumental es atemporal. La orientaci\u00f3n musical de la nueva Missus Beastly sigui\u00f3 m\u00e1s bien las tradiciones musicales afroamericanas que las europeas, pero influenciada por ese cierto sentimiento de Krautrock. Gran m\u00fasica de una gran banda. Remasterizado digitalmente a partir de la cinta maestra original. Viene con folleto informativo y fotograf\u00edas raras (versi\u00f3n en vinilo con encarte). No te lo pierdas.<\/p>\n","protected":false},"excerpt":{"rendered":"<p>Grabado a principios de 1974 en el SWF-Studio de Baden-Baden, Alemania, por la misma formaci\u00f3n, que grab\u00f3 al mismo tiempo el segundo \u00e1lbum de Missus Beastly. Las<a class=\"read\" href=\"https:\/\/wpguerssen-test.odoo.rgbconsulting.com\/es\/producto\/swf-session-1974\/\"> (...)<\/a>","protected":false},"featured_media":267606,"template":"","meta":{"_acf_changed":false},"product_brand":[],"product_cat":[23230,23229],"product_tag":[],"class_list":{"0":"post-267659","1":"product","2":"type-product","3":"status-publish","4":"has-post-thumbnail","6":"product_cat-krautrock-es-2","7":"product_cat-jazz-rock-es","8":"pa_artist-missus-beastly","9":"pa_format-cd-2-es","10":"pa_gender-krautrock-jazz-rock","11":"pa_label-long-hair-es","12":"pa_location-europe-es","14":"first","15":"instock","16":"taxable","17":"shipping-taxable","18":"purchasable","19":"product-type-simple"},"acf":[],"yoast_head":"<!-- This site is optimized with the Yoast SEO plugin v24.9 - https:\/\/yoast.com\/wordpress\/plugins\/seo\/ -->\n<title>MISSUS BEASTLY - SWF session 1974 -  (CD) | Guerssen<\/title>\n<meta name=\"description\" content=\"Recorded early 1974 at the SWF-Studio in Baden-Baden, Germany by the same line-up, which recorded at the same time the 2nd Missus Beastly album. Improved versions of older titles and some new titles prove the bands great talent for improvisations. Brilliant sound of brilliant tunes played by refined musicians. This kind of instrumental krautjazzrock is timeless. The musical orientation of the new Missus Beastly rather followed afro-american than European music traditions, but influenced by that certain Krautrock feel. Great music by a great band. Digitally remastered from original master tape. Comes with informative booklet and rare photos (vinyl-version with insert). Also on vinyl. Don&#039;t miss it.\" \/>\n<meta name=\"robots\" content=\"index, follow, max-snippet:-1, max-image-preview:large, max-video-preview:-1\" \/>\n<link rel=\"canonical\" href=\"https:\/\/wpguerssen-test.odoo.rgbconsulting.com\/es\/producto\/swf-session-1974\/\" \/>\n<meta property=\"og:locale\" content=\"es_ES\" \/>\n<meta property=\"og:type\" content=\"article\" \/>\n<meta property=\"og:title\" content=\"MISSUS BEASTLY - SWF session 1974 -  (CD) | Guerssen\" \/>\n<meta property=\"og:description\" content=\"Recorded early 1974 at the SWF-Studio in Baden-Baden, Germany by the same line-up, which recorded at the same time the 2nd Missus Beastly album. Improved versions of older titles and some new titles prove the bands great talent for improvisations. Brilliant sound of brilliant tunes played by refined musicians. This kind of instrumental krautjazzrock is timeless. The musical orientation of the new Missus Beastly rather followed afro-american than European music traditions, but influenced by that certain Krautrock feel. Great music by a great band. Digitally remastered from original master tape. Comes with informative booklet and rare photos (vinyl-version with insert). Also on vinyl. Don&#039;t miss it.\" \/>\n<meta property=\"og:url\" content=\"https:\/\/wpguerssen-test.odoo.rgbconsulting.com\/es\/producto\/swf-session-1974\/\" \/>\n<meta property=\"og:site_name\" content=\"Guerssen records\" \/>\n<meta property=\"article:modified_time\" content=\"2024-08-26T16:23:13+00:00\" \/>\n<meta property=\"og:image\" content=\"https:\/\/wpguerssen-test.odoo.rgbconsulting.com\/wp-content\/uploads\/2024\/05\/47888.jpg\" \/>\n\t<meta property=\"og:image:width\" content=\"180\" \/>\n\t<meta property=\"og:image:height\" content=\"180\" \/>\n\t<meta property=\"og:image:type\" content=\"image\/jpeg\" \/>\n<meta name=\"twitter:card\" content=\"summary_large_image\" \/>\n<meta name=\"twitter:title\" content=\"MISSUS BEASTLY - SWF session 1974 -  (CD) | Guerssen\" \/>\n<meta name=\"twitter:label1\" content=\"Tiempo de lectura\" \/>\n\t<meta name=\"twitter:data1\" content=\"1 minuto\" \/>\n<script type=\"application\/ld+json\" class=\"yoast-schema-graph\">{\"@context\":\"https:\/\/schema.org\",\"@graph\":[{\"@type\":\"WebPage\",\"@id\":\"https:\/\/wpguerssen-test.odoo.rgbconsulting.com\/es\/producto\/swf-session-1974\/\",\"url\":\"https:\/\/wpguerssen-test.odoo.rgbconsulting.com\/es\/producto\/swf-session-1974\/\",\"name\":\"MISSUS BEASTLY - SWF session 1974 - (CD) | Guerssen\",\"isPartOf\":{\"@id\":\"https:\/\/wpguerssen-test.odoo.rgbconsulting.com\/es\/#website\"},\"primaryImageOfPage\":{\"@id\":\"https:\/\/wpguerssen-test.odoo.rgbconsulting.com\/es\/producto\/swf-session-1974\/#primaryimage\"},\"image\":{\"@id\":\"https:\/\/wpguerssen-test.odoo.rgbconsulting.com\/es\/producto\/swf-session-1974\/#primaryimage\"},\"thumbnailUrl\":\"https:\/\/wpguerssen-test.odoo.rgbconsulting.com\/wp-content\/uploads\/2024\/05\/47888.jpg\",\"datePublished\":\"2024-01-11T23:00:00+00:00\",\"dateModified\":\"2024-08-26T16:23:13+00:00\",\"description\":\"Recorded early 1974 at the SWF-Studio in Baden-Baden, Germany by the same line-up, which recorded at the same time the 2nd Missus Beastly album. Improved versions of older titles and some new titles prove the bands great talent for improvisations. Brilliant sound of brilliant tunes played by refined musicians. This kind of instrumental krautjazzrock is timeless. The musical orientation of the new Missus Beastly rather followed afro-american than European music traditions, but influenced by that certain Krautrock feel. Great music by a great band. Digitally remastered from original master tape. Comes with informative booklet and rare photos (vinyl-version with insert). Also on vinyl. Don't miss it.\",\"breadcrumb\":{\"@id\":\"https:\/\/wpguerssen-test.odoo.rgbconsulting.com\/es\/producto\/swf-session-1974\/#breadcrumb\"},\"inLanguage\":\"es\",\"potentialAction\":[{\"@type\":\"ReadAction\",\"target\":[\"https:\/\/wpguerssen-test.odoo.rgbconsulting.com\/es\/producto\/swf-session-1974\/\"]}]},{\"@type\":\"ImageObject\",\"inLanguage\":\"es\",\"@id\":\"https:\/\/wpguerssen-test.odoo.rgbconsulting.com\/es\/producto\/swf-session-1974\/#primaryimage\",\"url\":\"https:\/\/wpguerssen-test.odoo.rgbconsulting.com\/wp-content\/uploads\/2024\/05\/47888.jpg\",\"contentUrl\":\"https:\/\/wpguerssen-test.odoo.rgbconsulting.com\/wp-content\/uploads\/2024\/05\/47888.jpg\",\"width\":180,\"height\":180},{\"@type\":\"BreadcrumbList\",\"@id\":\"https:\/\/wpguerssen-test.odoo.rgbconsulting.com\/es\/producto\/swf-session-1974\/#breadcrumb\",\"itemListElement\":[{\"@type\":\"ListItem\",\"position\":1,\"name\":\"Inicio\",\"item\":\"https:\/\/wpguerssen-test.odoo.rgbconsulting.com\/es\/\"},{\"@type\":\"ListItem\",\"position\":2,\"name\":\"Shop\",\"item\":\"https:\/\/wpguerssen-test.odoo.rgbconsulting.com\/shop\/\"},{\"@type\":\"ListItem\",\"position\":3,\"name\":\"SWF session 1974\"}]},{\"@type\":\"WebSite\",\"@id\":\"https:\/\/wpguerssen-test.odoo.rgbconsulting.com\/es\/#website\",\"url\":\"https:\/\/wpguerssen-test.odoo.rgbconsulting.com\/es\/\",\"name\":\"Guerssen records\",\"description\":\"psychedelia - progressive - folk - garage \",\"publisher\":{\"@id\":\"https:\/\/wpguerssen-test.odoo.rgbconsulting.com\/es\/#organization\"},\"potentialAction\":[{\"@type\":\"SearchAction\",\"target\":{\"@type\":\"EntryPoint\",\"urlTemplate\":\"https:\/\/wpguerssen-test.odoo.rgbconsulting.com\/es\/?s={search_term_string}\"},\"query-input\":{\"@type\":\"PropertyValueSpecification\",\"valueRequired\":true,\"valueName\":\"search_term_string\"}}],\"inLanguage\":\"es\"},{\"@type\":\"Organization\",\"@id\":\"https:\/\/wpguerssen-test.odoo.rgbconsulting.com\/es\/#organization\",\"name\":\"Guerssen records\",\"url\":\"https:\/\/wpguerssen-test.odoo.rgbconsulting.com\/es\/\",\"logo\":{\"@type\":\"ImageObject\",\"inLanguage\":\"es\",\"@id\":\"https:\/\/wpguerssen-test.odoo.rgbconsulting.com\/es\/#\/schema\/logo\/image\/\",\"url\":\"https:\/\/wpguerssen-test.odoo.rgbconsulting.com\/wp-content\/uploads\/2022\/04\/Logo_Guerssen_trans_100.png\",\"contentUrl\":\"https:\/\/wpguerssen-test.odoo.rgbconsulting.com\/wp-content\/uploads\/2022\/04\/Logo_Guerssen_trans_100.png\",\"width\":122,\"height\":100,\"caption\":\"Guerssen records\"},\"image\":{\"@id\":\"https:\/\/wpguerssen-test.odoo.rgbconsulting.com\/es\/#\/schema\/logo\/image\/\"}}]}<\/script>\n<!-- \/ Yoast SEO plugin. -->","yoast_head_json":{"title":"MISSUS BEASTLY - SWF session 1974 -  (CD) | Guerssen","description":"Recorded early 1974 at the SWF-Studio in Baden-Baden, Germany by the same line-up, which recorded at the same time the 2nd Missus Beastly album. Improved versions of older titles and some new titles prove the bands great talent for improvisations. Brilliant sound of brilliant tunes played by refined musicians. This kind of instrumental krautjazzrock is timeless. The musical orientation of the new Missus Beastly rather followed afro-american than European music traditions, but influenced by that certain Krautrock feel. Great music by a great band. Digitally remastered from original master tape. Comes with informative booklet and rare photos (vinyl-version with insert). Also on vinyl. Don't miss it.","robots":{"index":"index","follow":"follow","max-snippet":"max-snippet:-1","max-image-preview":"max-image-preview:large","max-video-preview":"max-video-preview:-1"},"canonical":"https:\/\/wpguerssen-test.odoo.rgbconsulting.com\/es\/producto\/swf-session-1974\/","og_locale":"es_ES","og_type":"article","og_title":"MISSUS BEASTLY - SWF session 1974 -  (CD) | Guerssen","og_description":"Recorded early 1974 at the SWF-Studio in Baden-Baden, Germany by the same line-up, which recorded at the same time the 2nd Missus Beastly album. Improved versions of older titles and some new titles prove the bands great talent for improvisations. Brilliant sound of brilliant tunes played by refined musicians. This kind of instrumental krautjazzrock is timeless. The musical orientation of the new Missus Beastly rather followed afro-american than European music traditions, but influenced by that certain Krautrock feel. Great music by a great band. Digitally remastered from original master tape. Comes with informative booklet and rare photos (vinyl-version with insert). Also on vinyl. Don't miss it.","og_url":"https:\/\/wpguerssen-test.odoo.rgbconsulting.com\/es\/producto\/swf-session-1974\/","og_site_name":"Guerssen records","article_modified_time":"2024-08-26T16:23:13+00:00","og_image":[{"width":180,"height":180,"url":"https:\/\/wpguerssen-test.odoo.rgbconsulting.com\/wp-content\/uploads\/2024\/05\/47888.jpg","type":"image\/jpeg"}],"twitter_card":"summary_large_image","twitter_title":"MISSUS BEASTLY - SWF session 1974 -  (CD) | Guerssen","twitter_misc":{"Tiempo de lectura":"1 minuto"},"schema":{"@context":"https:\/\/schema.org","@graph":[{"@type":"WebPage","@id":"https:\/\/wpguerssen-test.odoo.rgbconsulting.com\/es\/producto\/swf-session-1974\/","url":"https:\/\/wpguerssen-test.odoo.rgbconsulting.com\/es\/producto\/swf-session-1974\/","name":"MISSUS BEASTLY - SWF session 1974 - (CD) | Guerssen","isPartOf":{"@id":"https:\/\/wpguerssen-test.odoo.rgbconsulting.com\/es\/#website"},"primaryImageOfPage":{"@id":"https:\/\/wpguerssen-test.odoo.rgbconsulting.com\/es\/producto\/swf-session-1974\/#primaryimage"},"image":{"@id":"https:\/\/wpguerssen-test.odoo.rgbconsulting.com\/es\/producto\/swf-session-1974\/#primaryimage"},"thumbnailUrl":"https:\/\/wpguerssen-test.odoo.rgbconsulting.com\/wp-content\/uploads\/2024\/05\/47888.jpg","datePublished":"2024-01-11T23:00:00+00:00","dateModified":"2024-08-26T16:23:13+00:00","description":"Recorded early 1974 at the SWF-Studio in Baden-Baden, Germany by the same line-up, which recorded at the same time the 2nd Missus Beastly album. Improved versions of older titles and some new titles prove the bands great talent for improvisations. Brilliant sound of brilliant tunes played by refined musicians. This kind of instrumental krautjazzrock is timeless. The musical orientation of the new Missus Beastly rather followed afro-american than European music traditions, but influenced by that certain Krautrock feel. Great music by a great band. Digitally remastered from original master tape. Comes with informative booklet and rare photos (vinyl-version with insert). Also on vinyl. Don't miss it.","breadcrumb":{"@id":"https:\/\/wpguerssen-test.odoo.rgbconsulting.com\/es\/producto\/swf-session-1974\/#breadcrumb"},"inLanguage":"es","potentialAction":[{"@type":"ReadAction","target":["https:\/\/wpguerssen-test.odoo.rgbconsulting.com\/es\/producto\/swf-session-1974\/"]}]},{"@type":"ImageObject","inLanguage":"es","@id":"https:\/\/wpguerssen-test.odoo.rgbconsulting.com\/es\/producto\/swf-session-1974\/#primaryimage","url":"https:\/\/wpguerssen-test.odoo.rgbconsulting.com\/wp-content\/uploads\/2024\/05\/47888.jpg","contentUrl":"https:\/\/wpguerssen-test.odoo.rgbconsulting.com\/wp-content\/uploads\/2024\/05\/47888.jpg","width":180,"height":180},{"@type":"BreadcrumbList","@id":"https:\/\/wpguerssen-test.odoo.rgbconsulting.com\/es\/producto\/swf-session-1974\/#breadcrumb","itemListElement":[{"@type":"ListItem","position":1,"name":"Inicio","item":"https:\/\/wpguerssen-test.odoo.rgbconsulting.com\/es\/"},{"@type":"ListItem","position":2,"name":"Shop","item":"https:\/\/wpguerssen-test.odoo.rgbconsulting.com\/shop\/"},{"@type":"ListItem","position":3,"name":"SWF session 1974"}]},{"@type":"WebSite","@id":"https:\/\/wpguerssen-test.odoo.rgbconsulting.com\/es\/#website","url":"https:\/\/wpguerssen-test.odoo.rgbconsulting.com\/es\/","name":"Guerssen records","description":"psychedelia - progressive - folk - garage ","publisher":{"@id":"https:\/\/wpguerssen-test.odoo.rgbconsulting.com\/es\/#organization"},"potentialAction":[{"@type":"SearchAction","target":{"@type":"EntryPoint","urlTemplate":"https:\/\/wpguerssen-test.odoo.rgbconsulting.com\/es\/?s={search_term_string}"},"query-input":{"@type":"PropertyValueSpecification","valueRequired":true,"valueName":"search_term_string"}}],"inLanguage":"es"},{"@type":"Organization","@id":"https:\/\/wpguerssen-test.odoo.rgbconsulting.com\/es\/#organization","name":"Guerssen records","url":"https:\/\/wpguerssen-test.odoo.rgbconsulting.com\/es\/","logo":{"@type":"ImageObject","inLanguage":"es","@id":"https:\/\/wpguerssen-test.odoo.rgbconsulting.com\/es\/#\/schema\/logo\/image\/","url":"https:\/\/wpguerssen-test.odoo.rgbconsulting.com\/wp-content\/uploads\/2022\/04\/Logo_Guerssen_trans_100.png","contentUrl":"https:\/\/wpguerssen-test.odoo.rgbconsulting.com\/wp-content\/uploads\/2022\/04\/Logo_Guerssen_trans_100.png","width":122,"height":100,"caption":"Guerssen records"},"image":{"@id":"https:\/\/wpguerssen-test.odoo.rgbconsulting.com\/es\/#\/schema\/logo\/image\/"}}]}},"_links":{"self":[{"href":"https:\/\/wpguerssen-test.odoo.rgbconsulting.com\/es\/wp-json\/wp\/v2\/product\/267659","targetHints":{"allow":["GET"]}}],"collection":[{"href":"https:\/\/wpguerssen-test.odoo.rgbconsulting.com\/es\/wp-json\/wp\/v2\/product"}],"about":[{"href":"https:\/\/wpguerssen-test.odoo.rgbconsulting.com\/es\/wp-json\/wp\/v2\/types\/product"}],"wp:featuredmedia":[{"embeddable":true,"href":"https:\/\/wpguerssen-test.odoo.rgbconsulting.com\/es\/wp-json\/wp\/v2\/media\/267606"}],"wp:attachment":[{"href":"https:\/\/wpguerssen-test.odoo.rgbconsulting.com\/es\/wp-json\/wp\/v2\/media?parent=267659"}],"wp:term":[{"taxonomy":"product_brand","embeddable":true,"href":"https:\/\/wpguerssen-test.odoo.rgbconsulting.com\/es\/wp-json\/wp\/v2\/product_brand?post=267659"},{"taxonomy":"product_cat","embeddable":true,"href":"https:\/\/wpguerssen-test.odoo.rgbconsulting.com\/es\/wp-json\/wp\/v2\/product_cat?post=267659"},{"taxonomy":"product_tag","embeddable":true,"href":"https:\/\/wpguerssen-test.odoo.rgbconsulting.com\/es\/wp-json\/wp\/v2\/product_tag?post=267659"}],"curies":[{"name":"wp","href":"https:\/\/api.w.org\/{rel}","templated":true}]}}