{"id":267660,"date":"2024-01-12T00:00:00","date_gmt":"2024-01-11T23:00:00","guid":{"rendered":"https:\/\/wpguerssen-test.odoo.rgbconsulting.com\/product\/time-machine\/"},"modified":"2025-01-31T14:01:04","modified_gmt":"2025-01-31T13:01:04","slug":"time-machine","status":"publish","type":"product","link":"https:\/\/wpguerssen-test.odoo.rgbconsulting.com\/es\/producto\/time-machine\/","title":{"rendered":"Time machine"},"content":{"rendered":"<p>Lanzado originalmente en 1973 en el famoso sello alem\u00e1n Bacillus, el segundo \u00e1lbum de Dzyan, \u00abTime Machine\u00bb, mostr\u00f3 una \u00abnueva\u00bb formaci\u00f3n de Dzyan compuesta por el guitarrista Eddy Marron (que tambi\u00e9n toca muchos otros instrumentos de cuerda), el genio del bajo, el fundador de la banda y \u00bb cerebro\u00bb Reinhard Karwatky y el baterista Peter Giger. Producido por Peter Hauke \u00bf\u00bfy grabado y mezclado por el gran ingeniero Dieter Dierks, el tr\u00edo interpret\u00f3 en Time Machine un nuevo sonido que se aleja del rock progresivo vocal del primer \u00e1lbum para explorar m\u00e1s jazz y tonalidades \u00e9tnicas con improvisaciones mucho m\u00e1s espaciales y ex\u00f3ticas. hasta un inusual h\u00edbrido de acid-rock con toques de jazz serios que se acercan a \u00abMahavishnuland\u00bb. Time Machine ofrece una musicalidad virtuosa y poco ortodoxa con una calidad est\u00e9tica alta y muy propia. Time Machine, que existi\u00f3 en una tierra de nadie entre el jazz y el rock, y fue un precursor del p\u00fablico post-rock de los a\u00f1os 90, estaba muy adelantado a su tiempo. Un hito en la historia del rock alem\u00e1n. Lanzamiento en disco compacto de la cinta maestra original, remasterizado y con un inserto de 11 p\u00e1ginas, historia de la banda y fotograf\u00edas in\u00e9ditas.<\/p>\n","protected":false},"excerpt":{"rendered":"<p>Lanzado originalmente en 1973 en el famoso sello alem\u00e1n Bacillus, el segundo \u00e1lbum de Dzyan, \u00abTime Machine\u00bb, mostr\u00f3 una \u00abnueva\u00bb formaci\u00f3n de Dzyan compuesta<a class=\"read\" href=\"https:\/\/wpguerssen-test.odoo.rgbconsulting.com\/es\/producto\/time-machine\/\"> (...)<\/a>","protected":false},"featured_media":267609,"template":"","meta":{"_acf_changed":false},"product_brand":[],"product_cat":[23230,23229],"product_tag":[],"class_list":{"0":"post-267660","1":"product","2":"type-product","3":"status-publish","4":"has-post-thumbnail","6":"product_cat-krautrock-es-2","7":"product_cat-jazz-rock-es","8":"pa_artist-dzyan-es","9":"pa_format-cd-2-es","10":"pa_gender-krautrock-jazz-rock","11":"pa_label-long-hair-es","12":"pa_location-europe-es","14":"first","15":"instock","16":"taxable","17":"shipping-taxable","18":"purchasable","19":"product-type-simple"},"acf":[],"yoast_head":"<!-- This site is optimized with the Yoast SEO plugin v24.9 - https:\/\/yoast.com\/wordpress\/plugins\/seo\/ -->\n<title>DZYAN - Time machine -  (CD) | Guerssen<\/title>\n<meta name=\"description\" content=\"Originally released in 1973 on famous German label Bacillus, Dzyan&#039;s 2nd album &quot;Time Machine&quot; showed a &quot;new&quot; Dzyan line-up consisting of guitar player Eddy Marron (also playing a lot of other string instruments), bass genius, band founder and &quot;mastermind&quot; Reinhard Karwatky and drummer Peter Giger. Produced by Peter Hauke and recorded and mixed by great engineer Dieter Dierks the trio performed on Time Machine a new sound mutating away from vocal-prog-rock of the first album to explore further jazz and ethnic tonalities with far more space-out and exotic improvisations to an unusual hybrid of acid-rock with serious jazz chops approaching &quot;Mahavishnuland&quot;. Time Machine offers virtuous and unorthodox musicianship with a high and very own esthetic quality. Existing in a no-man&#039;s land between jazz and rock, and as a pre-cursor to the post-rock crowd of the &#039;90s, Time Machine was well ahead of its time. A highlight in German rock history. Compact Disc release from original mastertape, remastered and with 11 pages insert, band history, unseen photos.\" \/>\n<meta name=\"robots\" content=\"index, follow, max-snippet:-1, max-image-preview:large, max-video-preview:-1\" \/>\n<link rel=\"canonical\" href=\"https:\/\/wpguerssen-test.odoo.rgbconsulting.com\/es\/producto\/time-machine\/\" \/>\n<meta property=\"og:locale\" content=\"es_ES\" \/>\n<meta property=\"og:type\" content=\"article\" \/>\n<meta property=\"og:title\" content=\"DZYAN - Time machine -  (CD) | Guerssen\" \/>\n<meta property=\"og:description\" content=\"Originally released in 1973 on famous German label Bacillus, Dzyan&#039;s 2nd album &quot;Time Machine&quot; showed a &quot;new&quot; Dzyan line-up consisting of guitar player Eddy Marron (also playing a lot of other string instruments), bass genius, band founder and &quot;mastermind&quot; Reinhard Karwatky and drummer Peter Giger. Produced by Peter Hauke and recorded and mixed by great engineer Dieter Dierks the trio performed on Time Machine a new sound mutating away from vocal-prog-rock of the first album to explore further jazz and ethnic tonalities with far more space-out and exotic improvisations to an unusual hybrid of acid-rock with serious jazz chops approaching &quot;Mahavishnuland&quot;. Time Machine offers virtuous and unorthodox musicianship with a high and very own esthetic quality. Existing in a no-man&#039;s land between jazz and rock, and as a pre-cursor to the post-rock crowd of the &#039;90s, Time Machine was well ahead of its time. A highlight in German rock history. Compact Disc release from original mastertape, remastered and with 11 pages insert, band history, unseen photos.\" \/>\n<meta property=\"og:url\" content=\"https:\/\/wpguerssen-test.odoo.rgbconsulting.com\/es\/producto\/time-machine\/\" \/>\n<meta property=\"og:site_name\" content=\"Guerssen records\" \/>\n<meta property=\"article:modified_time\" content=\"2025-01-31T13:01:04+00:00\" \/>\n<meta property=\"og:image\" content=\"https:\/\/wpguerssen-test.odoo.rgbconsulting.com\/wp-content\/uploads\/2024\/05\/47889.jpg\" \/>\n\t<meta property=\"og:image:width\" content=\"180\" \/>\n\t<meta property=\"og:image:height\" content=\"180\" \/>\n\t<meta property=\"og:image:type\" content=\"image\/jpeg\" \/>\n<meta name=\"twitter:card\" content=\"summary_large_image\" \/>\n<meta name=\"twitter:title\" content=\"DZYAN - Time machine -  (CD) | Guerssen\" \/>\n<meta name=\"twitter:label1\" content=\"Tiempo de lectura\" \/>\n\t<meta name=\"twitter:data1\" content=\"1 minuto\" \/>\n<script type=\"application\/ld+json\" class=\"yoast-schema-graph\">{\"@context\":\"https:\/\/schema.org\",\"@graph\":[{\"@type\":\"WebPage\",\"@id\":\"https:\/\/wpguerssen-test.odoo.rgbconsulting.com\/es\/producto\/time-machine\/\",\"url\":\"https:\/\/wpguerssen-test.odoo.rgbconsulting.com\/es\/producto\/time-machine\/\",\"name\":\"DZYAN - Time machine - (CD) | Guerssen\",\"isPartOf\":{\"@id\":\"https:\/\/wpguerssen-test.odoo.rgbconsulting.com\/es\/#website\"},\"primaryImageOfPage\":{\"@id\":\"https:\/\/wpguerssen-test.odoo.rgbconsulting.com\/es\/producto\/time-machine\/#primaryimage\"},\"image\":{\"@id\":\"https:\/\/wpguerssen-test.odoo.rgbconsulting.com\/es\/producto\/time-machine\/#primaryimage\"},\"thumbnailUrl\":\"https:\/\/wpguerssen-test.odoo.rgbconsulting.com\/wp-content\/uploads\/2024\/05\/47889.jpg\",\"datePublished\":\"2024-01-11T23:00:00+00:00\",\"dateModified\":\"2025-01-31T13:01:04+00:00\",\"description\":\"Originally released in 1973 on famous German label Bacillus, Dzyan's 2nd album \\\"Time Machine\\\" showed a \\\"new\\\" Dzyan line-up consisting of guitar player Eddy Marron (also playing a lot of other string instruments), bass genius, band founder and \\\"mastermind\\\" Reinhard Karwatky and drummer Peter Giger. Produced by Peter Hauke and recorded and mixed by great engineer Dieter Dierks the trio performed on Time Machine a new sound mutating away from vocal-prog-rock of the first album to explore further jazz and ethnic tonalities with far more space-out and exotic improvisations to an unusual hybrid of acid-rock with serious jazz chops approaching \\\"Mahavishnuland\\\". Time Machine offers virtuous and unorthodox musicianship with a high and very own esthetic quality. Existing in a no-man's land between jazz and rock, and as a pre-cursor to the post-rock crowd of the '90s, Time Machine was well ahead of its time. A highlight in German rock history. Compact Disc release from original mastertape, remastered and with 11 pages insert, band history, unseen photos.\",\"breadcrumb\":{\"@id\":\"https:\/\/wpguerssen-test.odoo.rgbconsulting.com\/es\/producto\/time-machine\/#breadcrumb\"},\"inLanguage\":\"es\",\"potentialAction\":[{\"@type\":\"ReadAction\",\"target\":[\"https:\/\/wpguerssen-test.odoo.rgbconsulting.com\/es\/producto\/time-machine\/\"]}]},{\"@type\":\"ImageObject\",\"inLanguage\":\"es\",\"@id\":\"https:\/\/wpguerssen-test.odoo.rgbconsulting.com\/es\/producto\/time-machine\/#primaryimage\",\"url\":\"https:\/\/wpguerssen-test.odoo.rgbconsulting.com\/wp-content\/uploads\/2024\/05\/47889.jpg\",\"contentUrl\":\"https:\/\/wpguerssen-test.odoo.rgbconsulting.com\/wp-content\/uploads\/2024\/05\/47889.jpg\",\"width\":180,\"height\":180},{\"@type\":\"BreadcrumbList\",\"@id\":\"https:\/\/wpguerssen-test.odoo.rgbconsulting.com\/es\/producto\/time-machine\/#breadcrumb\",\"itemListElement\":[{\"@type\":\"ListItem\",\"position\":1,\"name\":\"Inicio\",\"item\":\"https:\/\/wpguerssen-test.odoo.rgbconsulting.com\/es\/\"},{\"@type\":\"ListItem\",\"position\":2,\"name\":\"Shop\",\"item\":\"https:\/\/wpguerssen-test.odoo.rgbconsulting.com\/shop\/\"},{\"@type\":\"ListItem\",\"position\":3,\"name\":\"Time machine\"}]},{\"@type\":\"WebSite\",\"@id\":\"https:\/\/wpguerssen-test.odoo.rgbconsulting.com\/es\/#website\",\"url\":\"https:\/\/wpguerssen-test.odoo.rgbconsulting.com\/es\/\",\"name\":\"Guerssen records\",\"description\":\"psychedelia - progressive - folk - garage \",\"publisher\":{\"@id\":\"https:\/\/wpguerssen-test.odoo.rgbconsulting.com\/es\/#organization\"},\"potentialAction\":[{\"@type\":\"SearchAction\",\"target\":{\"@type\":\"EntryPoint\",\"urlTemplate\":\"https:\/\/wpguerssen-test.odoo.rgbconsulting.com\/es\/?s={search_term_string}\"},\"query-input\":{\"@type\":\"PropertyValueSpecification\",\"valueRequired\":true,\"valueName\":\"search_term_string\"}}],\"inLanguage\":\"es\"},{\"@type\":\"Organization\",\"@id\":\"https:\/\/wpguerssen-test.odoo.rgbconsulting.com\/es\/#organization\",\"name\":\"Guerssen records\",\"url\":\"https:\/\/wpguerssen-test.odoo.rgbconsulting.com\/es\/\",\"logo\":{\"@type\":\"ImageObject\",\"inLanguage\":\"es\",\"@id\":\"https:\/\/wpguerssen-test.odoo.rgbconsulting.com\/es\/#\/schema\/logo\/image\/\",\"url\":\"https:\/\/wpguerssen-test.odoo.rgbconsulting.com\/wp-content\/uploads\/2022\/04\/Logo_Guerssen_trans_100.png\",\"contentUrl\":\"https:\/\/wpguerssen-test.odoo.rgbconsulting.com\/wp-content\/uploads\/2022\/04\/Logo_Guerssen_trans_100.png\",\"width\":122,\"height\":100,\"caption\":\"Guerssen records\"},\"image\":{\"@id\":\"https:\/\/wpguerssen-test.odoo.rgbconsulting.com\/es\/#\/schema\/logo\/image\/\"}}]}<\/script>\n<!-- \/ Yoast SEO plugin. -->","yoast_head_json":{"title":"DZYAN - Time machine -  (CD) | Guerssen","description":"Originally released in 1973 on famous German label Bacillus, Dzyan's 2nd album \"Time Machine\" showed a \"new\" Dzyan line-up consisting of guitar player Eddy Marron (also playing a lot of other string instruments), bass genius, band founder and \"mastermind\" Reinhard Karwatky and drummer Peter Giger. Produced by Peter Hauke and recorded and mixed by great engineer Dieter Dierks the trio performed on Time Machine a new sound mutating away from vocal-prog-rock of the first album to explore further jazz and ethnic tonalities with far more space-out and exotic improvisations to an unusual hybrid of acid-rock with serious jazz chops approaching \"Mahavishnuland\". Time Machine offers virtuous and unorthodox musicianship with a high and very own esthetic quality. Existing in a no-man's land between jazz and rock, and as a pre-cursor to the post-rock crowd of the '90s, Time Machine was well ahead of its time. A highlight in German rock history. Compact Disc release from original mastertape, remastered and with 11 pages insert, band history, unseen photos.","robots":{"index":"index","follow":"follow","max-snippet":"max-snippet:-1","max-image-preview":"max-image-preview:large","max-video-preview":"max-video-preview:-1"},"canonical":"https:\/\/wpguerssen-test.odoo.rgbconsulting.com\/es\/producto\/time-machine\/","og_locale":"es_ES","og_type":"article","og_title":"DZYAN - Time machine -  (CD) | Guerssen","og_description":"Originally released in 1973 on famous German label Bacillus, Dzyan's 2nd album \"Time Machine\" showed a \"new\" Dzyan line-up consisting of guitar player Eddy Marron (also playing a lot of other string instruments), bass genius, band founder and \"mastermind\" Reinhard Karwatky and drummer Peter Giger. Produced by Peter Hauke and recorded and mixed by great engineer Dieter Dierks the trio performed on Time Machine a new sound mutating away from vocal-prog-rock of the first album to explore further jazz and ethnic tonalities with far more space-out and exotic improvisations to an unusual hybrid of acid-rock with serious jazz chops approaching \"Mahavishnuland\". Time Machine offers virtuous and unorthodox musicianship with a high and very own esthetic quality. Existing in a no-man's land between jazz and rock, and as a pre-cursor to the post-rock crowd of the '90s, Time Machine was well ahead of its time. A highlight in German rock history. Compact Disc release from original mastertape, remastered and with 11 pages insert, band history, unseen photos.","og_url":"https:\/\/wpguerssen-test.odoo.rgbconsulting.com\/es\/producto\/time-machine\/","og_site_name":"Guerssen records","article_modified_time":"2025-01-31T13:01:04+00:00","og_image":[{"width":180,"height":180,"url":"https:\/\/wpguerssen-test.odoo.rgbconsulting.com\/wp-content\/uploads\/2024\/05\/47889.jpg","type":"image\/jpeg"}],"twitter_card":"summary_large_image","twitter_title":"DZYAN - Time machine -  (CD) | Guerssen","twitter_misc":{"Tiempo de lectura":"1 minuto"},"schema":{"@context":"https:\/\/schema.org","@graph":[{"@type":"WebPage","@id":"https:\/\/wpguerssen-test.odoo.rgbconsulting.com\/es\/producto\/time-machine\/","url":"https:\/\/wpguerssen-test.odoo.rgbconsulting.com\/es\/producto\/time-machine\/","name":"DZYAN - Time machine - (CD) | Guerssen","isPartOf":{"@id":"https:\/\/wpguerssen-test.odoo.rgbconsulting.com\/es\/#website"},"primaryImageOfPage":{"@id":"https:\/\/wpguerssen-test.odoo.rgbconsulting.com\/es\/producto\/time-machine\/#primaryimage"},"image":{"@id":"https:\/\/wpguerssen-test.odoo.rgbconsulting.com\/es\/producto\/time-machine\/#primaryimage"},"thumbnailUrl":"https:\/\/wpguerssen-test.odoo.rgbconsulting.com\/wp-content\/uploads\/2024\/05\/47889.jpg","datePublished":"2024-01-11T23:00:00+00:00","dateModified":"2025-01-31T13:01:04+00:00","description":"Originally released in 1973 on famous German label Bacillus, Dzyan's 2nd album \"Time Machine\" showed a \"new\" Dzyan line-up consisting of guitar player Eddy Marron (also playing a lot of other string instruments), bass genius, band founder and \"mastermind\" Reinhard Karwatky and drummer Peter Giger. Produced by Peter Hauke and recorded and mixed by great engineer Dieter Dierks the trio performed on Time Machine a new sound mutating away from vocal-prog-rock of the first album to explore further jazz and ethnic tonalities with far more space-out and exotic improvisations to an unusual hybrid of acid-rock with serious jazz chops approaching \"Mahavishnuland\". Time Machine offers virtuous and unorthodox musicianship with a high and very own esthetic quality. Existing in a no-man's land between jazz and rock, and as a pre-cursor to the post-rock crowd of the '90s, Time Machine was well ahead of its time. A highlight in German rock history. Compact Disc release from original mastertape, remastered and with 11 pages insert, band history, unseen photos.","breadcrumb":{"@id":"https:\/\/wpguerssen-test.odoo.rgbconsulting.com\/es\/producto\/time-machine\/#breadcrumb"},"inLanguage":"es","potentialAction":[{"@type":"ReadAction","target":["https:\/\/wpguerssen-test.odoo.rgbconsulting.com\/es\/producto\/time-machine\/"]}]},{"@type":"ImageObject","inLanguage":"es","@id":"https:\/\/wpguerssen-test.odoo.rgbconsulting.com\/es\/producto\/time-machine\/#primaryimage","url":"https:\/\/wpguerssen-test.odoo.rgbconsulting.com\/wp-content\/uploads\/2024\/05\/47889.jpg","contentUrl":"https:\/\/wpguerssen-test.odoo.rgbconsulting.com\/wp-content\/uploads\/2024\/05\/47889.jpg","width":180,"height":180},{"@type":"BreadcrumbList","@id":"https:\/\/wpguerssen-test.odoo.rgbconsulting.com\/es\/producto\/time-machine\/#breadcrumb","itemListElement":[{"@type":"ListItem","position":1,"name":"Inicio","item":"https:\/\/wpguerssen-test.odoo.rgbconsulting.com\/es\/"},{"@type":"ListItem","position":2,"name":"Shop","item":"https:\/\/wpguerssen-test.odoo.rgbconsulting.com\/shop\/"},{"@type":"ListItem","position":3,"name":"Time machine"}]},{"@type":"WebSite","@id":"https:\/\/wpguerssen-test.odoo.rgbconsulting.com\/es\/#website","url":"https:\/\/wpguerssen-test.odoo.rgbconsulting.com\/es\/","name":"Guerssen records","description":"psychedelia - progressive - folk - garage ","publisher":{"@id":"https:\/\/wpguerssen-test.odoo.rgbconsulting.com\/es\/#organization"},"potentialAction":[{"@type":"SearchAction","target":{"@type":"EntryPoint","urlTemplate":"https:\/\/wpguerssen-test.odoo.rgbconsulting.com\/es\/?s={search_term_string}"},"query-input":{"@type":"PropertyValueSpecification","valueRequired":true,"valueName":"search_term_string"}}],"inLanguage":"es"},{"@type":"Organization","@id":"https:\/\/wpguerssen-test.odoo.rgbconsulting.com\/es\/#organization","name":"Guerssen records","url":"https:\/\/wpguerssen-test.odoo.rgbconsulting.com\/es\/","logo":{"@type":"ImageObject","inLanguage":"es","@id":"https:\/\/wpguerssen-test.odoo.rgbconsulting.com\/es\/#\/schema\/logo\/image\/","url":"https:\/\/wpguerssen-test.odoo.rgbconsulting.com\/wp-content\/uploads\/2022\/04\/Logo_Guerssen_trans_100.png","contentUrl":"https:\/\/wpguerssen-test.odoo.rgbconsulting.com\/wp-content\/uploads\/2022\/04\/Logo_Guerssen_trans_100.png","width":122,"height":100,"caption":"Guerssen records"},"image":{"@id":"https:\/\/wpguerssen-test.odoo.rgbconsulting.com\/es\/#\/schema\/logo\/image\/"}}]}},"_links":{"self":[{"href":"https:\/\/wpguerssen-test.odoo.rgbconsulting.com\/es\/wp-json\/wp\/v2\/product\/267660","targetHints":{"allow":["GET"]}}],"collection":[{"href":"https:\/\/wpguerssen-test.odoo.rgbconsulting.com\/es\/wp-json\/wp\/v2\/product"}],"about":[{"href":"https:\/\/wpguerssen-test.odoo.rgbconsulting.com\/es\/wp-json\/wp\/v2\/types\/product"}],"wp:featuredmedia":[{"embeddable":true,"href":"https:\/\/wpguerssen-test.odoo.rgbconsulting.com\/es\/wp-json\/wp\/v2\/media\/267609"}],"wp:attachment":[{"href":"https:\/\/wpguerssen-test.odoo.rgbconsulting.com\/es\/wp-json\/wp\/v2\/media?parent=267660"}],"wp:term":[{"taxonomy":"product_brand","embeddable":true,"href":"https:\/\/wpguerssen-test.odoo.rgbconsulting.com\/es\/wp-json\/wp\/v2\/product_brand?post=267660"},{"taxonomy":"product_cat","embeddable":true,"href":"https:\/\/wpguerssen-test.odoo.rgbconsulting.com\/es\/wp-json\/wp\/v2\/product_cat?post=267660"},{"taxonomy":"product_tag","embeddable":true,"href":"https:\/\/wpguerssen-test.odoo.rgbconsulting.com\/es\/wp-json\/wp\/v2\/product_tag?post=267660"}],"curies":[{"name":"wp","href":"https:\/\/api.w.org\/{rel}","templated":true}]}}