{"id":267661,"date":"2024-01-12T00:00:00","date_gmt":"2024-01-11T23:00:00","guid":{"rendered":"https:\/\/wpguerssen-test.odoo.rgbconsulting.com\/product\/electric-silence-2\/"},"modified":"2025-01-31T14:01:08","modified_gmt":"2025-01-31T13:01:08","slug":"electric-silence-2","status":"publish","type":"product","link":"https:\/\/wpguerssen-test.odoo.rgbconsulting.com\/es\/producto\/electric-silence-2\/","title":{"rendered":"Electric silence"},"content":{"rendered":"<p>Lanzado originalmente en 1974 en el famoso sello alem\u00e1n Bacillus, el tercer y \u00faltimo \u00e1lbum de Dzyan, ELECTRIC SILENCE es reconocido por sus atrevidos elementos de ritmo mundial y su portada totalmente \u00e1cida. Dzyan refin\u00f3 a\u00fan m\u00e1s su sonido con improvisaci\u00f3n y sonidos ex\u00f3ticos, mezclados con experimentaciones extra\u00f1as y misticismo. ELECTRIC SILENCE ofrece m\u00fasica de otro mundo de incre\u00edble belleza y extra\u00f1eza, influenciada por la m\u00fasica de Asia pero llev\u00e1ndola a reinos mucho m\u00e1s originales. Los multiinstrumentistas Marron y Karwatky experimentaron con el sitar, el saz, el tambura, el mellotron, los sintetizadores, el viol\u00edn bajo y un misterioso instrumento inventado llamado \u00absupercuerda\u00bb, todo fusionado en un crisol extremo de estilos, ideas y una imaginaci\u00f3n f\u00e9rtil, interactuando. en un \u00abmundo psicod\u00e9lico\u00bb; mientras que Giger, lleno de poder creativo y virtuosismo, lo mantiene unido con su fant\u00e1stica forma de tocar la bater\u00eda. Desde la extra\u00f1a banda sonora de trance de opio de \u00abKhali\u00bb hasta la m\u00e1s funky \u00abFor Earthly Thinking\u00bb, pasando por temas a\u00fan m\u00e1s salvajes como \u00abThe Road Not Taken\u00bb, Dzyan cre\u00f3 una de las mejores y m\u00e1s singulares obras de la era del Krautrock. ELECTRIC SILENCE, un trabajo asombroso en s\u00ed mismo, r\u00edtmicamente aventurero y un jazzprog \u00fanico, es de hecho uno de los hitos del rock experimental, una obra maestra. Un hito en la historia del rock alem\u00e1n. Lanzamiento en disco compacto de la cinta maestra original, remasterizado y con un inserto de 11 p\u00e1ginas, historia de la banda y fotograf\u00edas in\u00e9ditas.<\/p>\n","protected":false},"excerpt":{"rendered":"<p>Lanzado originalmente en 1974 en el famoso sello alem\u00e1n Bacillus, el tercer y \u00faltimo \u00e1lbum de Dzyan, ELECTRIC SILENCE es reconocido por sus atrevidos elementos<a class=\"read\" href=\"https:\/\/wpguerssen-test.odoo.rgbconsulting.com\/es\/producto\/electric-silence-2\/\"> (...)<\/a>","protected":false},"featured_media":267612,"template":"","meta":{"_acf_changed":false},"product_brand":[],"product_cat":[23230,23229],"product_tag":[],"class_list":{"0":"post-267661","1":"product","2":"type-product","3":"status-publish","4":"has-post-thumbnail","6":"product_cat-krautrock-es-2","7":"product_cat-jazz-rock-es","8":"pa_artist-dzyan-es","9":"pa_format-cd-2-es","10":"pa_gender-krautrock-jazz-rock","11":"pa_label-long-hair-es","12":"pa_location-europe-es","14":"first","15":"instock","16":"taxable","17":"shipping-taxable","18":"purchasable","19":"product-type-simple"},"acf":[],"yoast_head":"<!-- This site is optimized with the Yoast SEO plugin v24.9 - https:\/\/yoast.com\/wordpress\/plugins\/seo\/ -->\n<title>DZYAN - Electric silence -  (CD) | Guerssen<\/title>\n<meta name=\"description\" content=\"Originally released in 1974 on famous German label Bacillus, Dzyan&#039;s third and final album, ELECTRIC SILENCE is recognized for its daring world beat elements, and totally acidic album cover art. Dzyan refined their sound even further into improvisation and exotic sounds, mixed with weird experimentations and mysticism. ELECTRIC SILENCE offers other-worldly music of incredible beauty and strangeness, influenced by the music of Asia but taking it into far more original realms. Multi-instrumentalists Marron and Karwatky experimented with sitar, saz, tambura, mellotron, synthesizers, bass-violin, and a mysterious invented instrument called &quot;super-string&quot;, all merged in an extreme melting pot of styles, ideas and fertile imagination, interacting into a &quot;psychedelic worldgroove&quot;; while Giger, bursting with creative power and virtuosity, holds it together with his fantastic drumming. From the weird opium-den trancesoundtrack of &quot;Khali&quot; to the more funky &quot;For Earthly Thinking&quot;, to the even wilder tracks like &quot;The Road Not Taken&quot;, Dzyan crafted one of the finest and most unique works of the Krautrock era. ELECTRIC SILENCE, an amazing work on its own, rhythmically adventurous and unique jazzprog, is indeed one of the landmarks in experimental rock, a masterpiece. A highlight in German rock history. Compact Disc release from original mastertape, remastered and with 11 pages insert, band history, unseen photos.\" \/>\n<meta name=\"robots\" content=\"index, follow, max-snippet:-1, max-image-preview:large, max-video-preview:-1\" \/>\n<link rel=\"canonical\" href=\"https:\/\/wpguerssen-test.odoo.rgbconsulting.com\/es\/producto\/electric-silence-2\/\" \/>\n<meta property=\"og:locale\" content=\"es_ES\" \/>\n<meta property=\"og:type\" content=\"article\" \/>\n<meta property=\"og:title\" content=\"DZYAN - Electric silence -  (CD) | Guerssen\" \/>\n<meta property=\"og:description\" content=\"Originally released in 1974 on famous German label Bacillus, Dzyan&#039;s third and final album, ELECTRIC SILENCE is recognized for its daring world beat elements, and totally acidic album cover art. Dzyan refined their sound even further into improvisation and exotic sounds, mixed with weird experimentations and mysticism. ELECTRIC SILENCE offers other-worldly music of incredible beauty and strangeness, influenced by the music of Asia but taking it into far more original realms. Multi-instrumentalists Marron and Karwatky experimented with sitar, saz, tambura, mellotron, synthesizers, bass-violin, and a mysterious invented instrument called &quot;super-string&quot;, all merged in an extreme melting pot of styles, ideas and fertile imagination, interacting into a &quot;psychedelic worldgroove&quot;; while Giger, bursting with creative power and virtuosity, holds it together with his fantastic drumming. From the weird opium-den trancesoundtrack of &quot;Khali&quot; to the more funky &quot;For Earthly Thinking&quot;, to the even wilder tracks like &quot;The Road Not Taken&quot;, Dzyan crafted one of the finest and most unique works of the Krautrock era. ELECTRIC SILENCE, an amazing work on its own, rhythmically adventurous and unique jazzprog, is indeed one of the landmarks in experimental rock, a masterpiece. A highlight in German rock history. Compact Disc release from original mastertape, remastered and with 11 pages insert, band history, unseen photos.\" \/>\n<meta property=\"og:url\" content=\"https:\/\/wpguerssen-test.odoo.rgbconsulting.com\/es\/producto\/electric-silence-2\/\" \/>\n<meta property=\"og:site_name\" content=\"Guerssen records\" \/>\n<meta property=\"article:modified_time\" content=\"2025-01-31T13:01:08+00:00\" \/>\n<meta property=\"og:image\" content=\"https:\/\/wpguerssen-test.odoo.rgbconsulting.com\/wp-content\/uploads\/2024\/05\/47890.jpg\" \/>\n\t<meta property=\"og:image:width\" content=\"180\" \/>\n\t<meta property=\"og:image:height\" content=\"180\" \/>\n\t<meta property=\"og:image:type\" content=\"image\/jpeg\" \/>\n<meta name=\"twitter:card\" content=\"summary_large_image\" \/>\n<meta name=\"twitter:title\" content=\"DZYAN - Electric silence -  (CD) | Guerssen\" \/>\n<meta name=\"twitter:label1\" content=\"Tiempo de lectura\" \/>\n\t<meta name=\"twitter:data1\" content=\"1 minuto\" \/>\n<script type=\"application\/ld+json\" class=\"yoast-schema-graph\">{\"@context\":\"https:\/\/schema.org\",\"@graph\":[{\"@type\":\"WebPage\",\"@id\":\"https:\/\/wpguerssen-test.odoo.rgbconsulting.com\/es\/producto\/electric-silence-2\/\",\"url\":\"https:\/\/wpguerssen-test.odoo.rgbconsulting.com\/es\/producto\/electric-silence-2\/\",\"name\":\"DZYAN - Electric silence - (CD) | Guerssen\",\"isPartOf\":{\"@id\":\"https:\/\/wpguerssen-test.odoo.rgbconsulting.com\/es\/#website\"},\"primaryImageOfPage\":{\"@id\":\"https:\/\/wpguerssen-test.odoo.rgbconsulting.com\/es\/producto\/electric-silence-2\/#primaryimage\"},\"image\":{\"@id\":\"https:\/\/wpguerssen-test.odoo.rgbconsulting.com\/es\/producto\/electric-silence-2\/#primaryimage\"},\"thumbnailUrl\":\"https:\/\/wpguerssen-test.odoo.rgbconsulting.com\/wp-content\/uploads\/2024\/05\/47890.jpg\",\"datePublished\":\"2024-01-11T23:00:00+00:00\",\"dateModified\":\"2025-01-31T13:01:08+00:00\",\"description\":\"Originally released in 1974 on famous German label Bacillus, Dzyan's third and final album, ELECTRIC SILENCE is recognized for its daring world beat elements, and totally acidic album cover art. Dzyan refined their sound even further into improvisation and exotic sounds, mixed with weird experimentations and mysticism. ELECTRIC SILENCE offers other-worldly music of incredible beauty and strangeness, influenced by the music of Asia but taking it into far more original realms. Multi-instrumentalists Marron and Karwatky experimented with sitar, saz, tambura, mellotron, synthesizers, bass-violin, and a mysterious invented instrument called \\\"super-string\\\", all merged in an extreme melting pot of styles, ideas and fertile imagination, interacting into a \\\"psychedelic worldgroove\\\"; while Giger, bursting with creative power and virtuosity, holds it together with his fantastic drumming. From the weird opium-den trancesoundtrack of \\\"Khali\\\" to the more funky \\\"For Earthly Thinking\\\", to the even wilder tracks like \\\"The Road Not Taken\\\", Dzyan crafted one of the finest and most unique works of the Krautrock era. ELECTRIC SILENCE, an amazing work on its own, rhythmically adventurous and unique jazzprog, is indeed one of the landmarks in experimental rock, a masterpiece. A highlight in German rock history. Compact Disc release from original mastertape, remastered and with 11 pages insert, band history, unseen photos.\",\"breadcrumb\":{\"@id\":\"https:\/\/wpguerssen-test.odoo.rgbconsulting.com\/es\/producto\/electric-silence-2\/#breadcrumb\"},\"inLanguage\":\"es\",\"potentialAction\":[{\"@type\":\"ReadAction\",\"target\":[\"https:\/\/wpguerssen-test.odoo.rgbconsulting.com\/es\/producto\/electric-silence-2\/\"]}]},{\"@type\":\"ImageObject\",\"inLanguage\":\"es\",\"@id\":\"https:\/\/wpguerssen-test.odoo.rgbconsulting.com\/es\/producto\/electric-silence-2\/#primaryimage\",\"url\":\"https:\/\/wpguerssen-test.odoo.rgbconsulting.com\/wp-content\/uploads\/2024\/05\/47890.jpg\",\"contentUrl\":\"https:\/\/wpguerssen-test.odoo.rgbconsulting.com\/wp-content\/uploads\/2024\/05\/47890.jpg\",\"width\":180,\"height\":180},{\"@type\":\"BreadcrumbList\",\"@id\":\"https:\/\/wpguerssen-test.odoo.rgbconsulting.com\/es\/producto\/electric-silence-2\/#breadcrumb\",\"itemListElement\":[{\"@type\":\"ListItem\",\"position\":1,\"name\":\"Inicio\",\"item\":\"https:\/\/wpguerssen-test.odoo.rgbconsulting.com\/es\/\"},{\"@type\":\"ListItem\",\"position\":2,\"name\":\"Shop\",\"item\":\"https:\/\/wpguerssen-test.odoo.rgbconsulting.com\/shop\/\"},{\"@type\":\"ListItem\",\"position\":3,\"name\":\"Electric silence\"}]},{\"@type\":\"WebSite\",\"@id\":\"https:\/\/wpguerssen-test.odoo.rgbconsulting.com\/es\/#website\",\"url\":\"https:\/\/wpguerssen-test.odoo.rgbconsulting.com\/es\/\",\"name\":\"Guerssen records\",\"description\":\"psychedelia - progressive - folk - garage \",\"publisher\":{\"@id\":\"https:\/\/wpguerssen-test.odoo.rgbconsulting.com\/es\/#organization\"},\"potentialAction\":[{\"@type\":\"SearchAction\",\"target\":{\"@type\":\"EntryPoint\",\"urlTemplate\":\"https:\/\/wpguerssen-test.odoo.rgbconsulting.com\/es\/?s={search_term_string}\"},\"query-input\":{\"@type\":\"PropertyValueSpecification\",\"valueRequired\":true,\"valueName\":\"search_term_string\"}}],\"inLanguage\":\"es\"},{\"@type\":\"Organization\",\"@id\":\"https:\/\/wpguerssen-test.odoo.rgbconsulting.com\/es\/#organization\",\"name\":\"Guerssen records\",\"url\":\"https:\/\/wpguerssen-test.odoo.rgbconsulting.com\/es\/\",\"logo\":{\"@type\":\"ImageObject\",\"inLanguage\":\"es\",\"@id\":\"https:\/\/wpguerssen-test.odoo.rgbconsulting.com\/es\/#\/schema\/logo\/image\/\",\"url\":\"https:\/\/wpguerssen-test.odoo.rgbconsulting.com\/wp-content\/uploads\/2022\/04\/Logo_Guerssen_trans_100.png\",\"contentUrl\":\"https:\/\/wpguerssen-test.odoo.rgbconsulting.com\/wp-content\/uploads\/2022\/04\/Logo_Guerssen_trans_100.png\",\"width\":122,\"height\":100,\"caption\":\"Guerssen records\"},\"image\":{\"@id\":\"https:\/\/wpguerssen-test.odoo.rgbconsulting.com\/es\/#\/schema\/logo\/image\/\"}}]}<\/script>\n<!-- \/ Yoast SEO plugin. -->","yoast_head_json":{"title":"DZYAN - Electric silence -  (CD) | Guerssen","description":"Originally released in 1974 on famous German label Bacillus, Dzyan's third and final album, ELECTRIC SILENCE is recognized for its daring world beat elements, and totally acidic album cover art. Dzyan refined their sound even further into improvisation and exotic sounds, mixed with weird experimentations and mysticism. ELECTRIC SILENCE offers other-worldly music of incredible beauty and strangeness, influenced by the music of Asia but taking it into far more original realms. Multi-instrumentalists Marron and Karwatky experimented with sitar, saz, tambura, mellotron, synthesizers, bass-violin, and a mysterious invented instrument called \"super-string\", all merged in an extreme melting pot of styles, ideas and fertile imagination, interacting into a \"psychedelic worldgroove\"; while Giger, bursting with creative power and virtuosity, holds it together with his fantastic drumming. From the weird opium-den trancesoundtrack of \"Khali\" to the more funky \"For Earthly Thinking\", to the even wilder tracks like \"The Road Not Taken\", Dzyan crafted one of the finest and most unique works of the Krautrock era. ELECTRIC SILENCE, an amazing work on its own, rhythmically adventurous and unique jazzprog, is indeed one of the landmarks in experimental rock, a masterpiece. A highlight in German rock history. Compact Disc release from original mastertape, remastered and with 11 pages insert, band history, unseen photos.","robots":{"index":"index","follow":"follow","max-snippet":"max-snippet:-1","max-image-preview":"max-image-preview:large","max-video-preview":"max-video-preview:-1"},"canonical":"https:\/\/wpguerssen-test.odoo.rgbconsulting.com\/es\/producto\/electric-silence-2\/","og_locale":"es_ES","og_type":"article","og_title":"DZYAN - Electric silence -  (CD) | Guerssen","og_description":"Originally released in 1974 on famous German label Bacillus, Dzyan's third and final album, ELECTRIC SILENCE is recognized for its daring world beat elements, and totally acidic album cover art. Dzyan refined their sound even further into improvisation and exotic sounds, mixed with weird experimentations and mysticism. ELECTRIC SILENCE offers other-worldly music of incredible beauty and strangeness, influenced by the music of Asia but taking it into far more original realms. Multi-instrumentalists Marron and Karwatky experimented with sitar, saz, tambura, mellotron, synthesizers, bass-violin, and a mysterious invented instrument called \"super-string\", all merged in an extreme melting pot of styles, ideas and fertile imagination, interacting into a \"psychedelic worldgroove\"; while Giger, bursting with creative power and virtuosity, holds it together with his fantastic drumming. From the weird opium-den trancesoundtrack of \"Khali\" to the more funky \"For Earthly Thinking\", to the even wilder tracks like \"The Road Not Taken\", Dzyan crafted one of the finest and most unique works of the Krautrock era. ELECTRIC SILENCE, an amazing work on its own, rhythmically adventurous and unique jazzprog, is indeed one of the landmarks in experimental rock, a masterpiece. A highlight in German rock history. Compact Disc release from original mastertape, remastered and with 11 pages insert, band history, unseen photos.","og_url":"https:\/\/wpguerssen-test.odoo.rgbconsulting.com\/es\/producto\/electric-silence-2\/","og_site_name":"Guerssen records","article_modified_time":"2025-01-31T13:01:08+00:00","og_image":[{"width":180,"height":180,"url":"https:\/\/wpguerssen-test.odoo.rgbconsulting.com\/wp-content\/uploads\/2024\/05\/47890.jpg","type":"image\/jpeg"}],"twitter_card":"summary_large_image","twitter_title":"DZYAN - Electric silence -  (CD) | Guerssen","twitter_misc":{"Tiempo de lectura":"1 minuto"},"schema":{"@context":"https:\/\/schema.org","@graph":[{"@type":"WebPage","@id":"https:\/\/wpguerssen-test.odoo.rgbconsulting.com\/es\/producto\/electric-silence-2\/","url":"https:\/\/wpguerssen-test.odoo.rgbconsulting.com\/es\/producto\/electric-silence-2\/","name":"DZYAN - Electric silence - (CD) | Guerssen","isPartOf":{"@id":"https:\/\/wpguerssen-test.odoo.rgbconsulting.com\/es\/#website"},"primaryImageOfPage":{"@id":"https:\/\/wpguerssen-test.odoo.rgbconsulting.com\/es\/producto\/electric-silence-2\/#primaryimage"},"image":{"@id":"https:\/\/wpguerssen-test.odoo.rgbconsulting.com\/es\/producto\/electric-silence-2\/#primaryimage"},"thumbnailUrl":"https:\/\/wpguerssen-test.odoo.rgbconsulting.com\/wp-content\/uploads\/2024\/05\/47890.jpg","datePublished":"2024-01-11T23:00:00+00:00","dateModified":"2025-01-31T13:01:08+00:00","description":"Originally released in 1974 on famous German label Bacillus, Dzyan's third and final album, ELECTRIC SILENCE is recognized for its daring world beat elements, and totally acidic album cover art. Dzyan refined their sound even further into improvisation and exotic sounds, mixed with weird experimentations and mysticism. ELECTRIC SILENCE offers other-worldly music of incredible beauty and strangeness, influenced by the music of Asia but taking it into far more original realms. Multi-instrumentalists Marron and Karwatky experimented with sitar, saz, tambura, mellotron, synthesizers, bass-violin, and a mysterious invented instrument called \"super-string\", all merged in an extreme melting pot of styles, ideas and fertile imagination, interacting into a \"psychedelic worldgroove\"; while Giger, bursting with creative power and virtuosity, holds it together with his fantastic drumming. From the weird opium-den trancesoundtrack of \"Khali\" to the more funky \"For Earthly Thinking\", to the even wilder tracks like \"The Road Not Taken\", Dzyan crafted one of the finest and most unique works of the Krautrock era. ELECTRIC SILENCE, an amazing work on its own, rhythmically adventurous and unique jazzprog, is indeed one of the landmarks in experimental rock, a masterpiece. A highlight in German rock history. Compact Disc release from original mastertape, remastered and with 11 pages insert, band history, unseen photos.","breadcrumb":{"@id":"https:\/\/wpguerssen-test.odoo.rgbconsulting.com\/es\/producto\/electric-silence-2\/#breadcrumb"},"inLanguage":"es","potentialAction":[{"@type":"ReadAction","target":["https:\/\/wpguerssen-test.odoo.rgbconsulting.com\/es\/producto\/electric-silence-2\/"]}]},{"@type":"ImageObject","inLanguage":"es","@id":"https:\/\/wpguerssen-test.odoo.rgbconsulting.com\/es\/producto\/electric-silence-2\/#primaryimage","url":"https:\/\/wpguerssen-test.odoo.rgbconsulting.com\/wp-content\/uploads\/2024\/05\/47890.jpg","contentUrl":"https:\/\/wpguerssen-test.odoo.rgbconsulting.com\/wp-content\/uploads\/2024\/05\/47890.jpg","width":180,"height":180},{"@type":"BreadcrumbList","@id":"https:\/\/wpguerssen-test.odoo.rgbconsulting.com\/es\/producto\/electric-silence-2\/#breadcrumb","itemListElement":[{"@type":"ListItem","position":1,"name":"Inicio","item":"https:\/\/wpguerssen-test.odoo.rgbconsulting.com\/es\/"},{"@type":"ListItem","position":2,"name":"Shop","item":"https:\/\/wpguerssen-test.odoo.rgbconsulting.com\/shop\/"},{"@type":"ListItem","position":3,"name":"Electric silence"}]},{"@type":"WebSite","@id":"https:\/\/wpguerssen-test.odoo.rgbconsulting.com\/es\/#website","url":"https:\/\/wpguerssen-test.odoo.rgbconsulting.com\/es\/","name":"Guerssen records","description":"psychedelia - progressive - folk - garage ","publisher":{"@id":"https:\/\/wpguerssen-test.odoo.rgbconsulting.com\/es\/#organization"},"potentialAction":[{"@type":"SearchAction","target":{"@type":"EntryPoint","urlTemplate":"https:\/\/wpguerssen-test.odoo.rgbconsulting.com\/es\/?s={search_term_string}"},"query-input":{"@type":"PropertyValueSpecification","valueRequired":true,"valueName":"search_term_string"}}],"inLanguage":"es"},{"@type":"Organization","@id":"https:\/\/wpguerssen-test.odoo.rgbconsulting.com\/es\/#organization","name":"Guerssen records","url":"https:\/\/wpguerssen-test.odoo.rgbconsulting.com\/es\/","logo":{"@type":"ImageObject","inLanguage":"es","@id":"https:\/\/wpguerssen-test.odoo.rgbconsulting.com\/es\/#\/schema\/logo\/image\/","url":"https:\/\/wpguerssen-test.odoo.rgbconsulting.com\/wp-content\/uploads\/2022\/04\/Logo_Guerssen_trans_100.png","contentUrl":"https:\/\/wpguerssen-test.odoo.rgbconsulting.com\/wp-content\/uploads\/2022\/04\/Logo_Guerssen_trans_100.png","width":122,"height":100,"caption":"Guerssen records"},"image":{"@id":"https:\/\/wpguerssen-test.odoo.rgbconsulting.com\/es\/#\/schema\/logo\/image\/"}}]}},"_links":{"self":[{"href":"https:\/\/wpguerssen-test.odoo.rgbconsulting.com\/es\/wp-json\/wp\/v2\/product\/267661","targetHints":{"allow":["GET"]}}],"collection":[{"href":"https:\/\/wpguerssen-test.odoo.rgbconsulting.com\/es\/wp-json\/wp\/v2\/product"}],"about":[{"href":"https:\/\/wpguerssen-test.odoo.rgbconsulting.com\/es\/wp-json\/wp\/v2\/types\/product"}],"wp:featuredmedia":[{"embeddable":true,"href":"https:\/\/wpguerssen-test.odoo.rgbconsulting.com\/es\/wp-json\/wp\/v2\/media\/267612"}],"wp:attachment":[{"href":"https:\/\/wpguerssen-test.odoo.rgbconsulting.com\/es\/wp-json\/wp\/v2\/media?parent=267661"}],"wp:term":[{"taxonomy":"product_brand","embeddable":true,"href":"https:\/\/wpguerssen-test.odoo.rgbconsulting.com\/es\/wp-json\/wp\/v2\/product_brand?post=267661"},{"taxonomy":"product_cat","embeddable":true,"href":"https:\/\/wpguerssen-test.odoo.rgbconsulting.com\/es\/wp-json\/wp\/v2\/product_cat?post=267661"},{"taxonomy":"product_tag","embeddable":true,"href":"https:\/\/wpguerssen-test.odoo.rgbconsulting.com\/es\/wp-json\/wp\/v2\/product_tag?post=267661"}],"curies":[{"name":"wp","href":"https:\/\/api.w.org\/{rel}","templated":true}]}}