{"id":267662,"date":"2024-01-12T00:00:00","date_gmt":"2024-01-11T23:00:00","guid":{"rendered":"https:\/\/wpguerssen-test.odoo.rgbconsulting.com\/product\/tomorrows-gift\/"},"modified":"2025-02-24T14:37:59","modified_gmt":"2025-02-24T13:37:59","slug":"tomorrows-gift","status":"publish","type":"product","link":"https:\/\/wpguerssen-test.odoo.rgbconsulting.com\/es\/producto\/tomorrows-gift\/","title":{"rendered":"Tomorrow&#8217;s gift"},"content":{"rendered":"<p>El primer (doble) \u00e1lbum de Tomorrow&#8217;s Gift es un verdadero cl\u00e1sico del krautrock alem\u00e1n. Pistas largas y poderosas con muchos solos de guitarra, \u00f3rgano, flauta y bater\u00eda y, por supuesto, con la fuerte voz de Ellen Meyers, a menudo comparada con Inga Rumpf de Fumpy o Janis Joplin. De hecho, Tomorrows Gift y Frumpy ten\u00edan mucho en com\u00fan musicalmente y son muy apreciados por muchos fans hasta el d\u00eda de hoy. Las grabaciones fueron remasterizadas recientemente y por primera vez hay una historia completa de la banda con muchas fotos nunca vistas que describen el declive y la ca\u00edda de Tomorrows Gift escritas por el fundador de la banda Manfred R\u00fcrup. El CD viene con un folleto de 28 p\u00e1ginas; LP con inserto de 4 caras (en forma de tapa). \u00a1No te pierdas este cl\u00e1sico del rock alem\u00e1n de todos los tiempos!<\/p>\n","protected":false},"excerpt":{"rendered":"<p>El primer (doble) \u00e1lbum de Tomorrow&#8217;s Gift es un verdadero cl\u00e1sico del krautrock alem\u00e1n. Pistas largas y poderosas con muchos solos de guitarra, \u00f3rgano,<a class=\"read\" href=\"https:\/\/wpguerssen-test.odoo.rgbconsulting.com\/es\/producto\/tomorrows-gift\/\"> (...)<\/a>","protected":false},"featured_media":267615,"template":"","meta":{"_acf_changed":false},"product_brand":[],"product_cat":[21639],"product_tag":[],"class_list":{"0":"post-267662","1":"product","2":"type-product","3":"status-publish","4":"has-post-thumbnail","6":"product_cat-psychedelic60s-70s-es","7":"pa_artist-tomorrows-gift","8":"pa_format-cd-2-es","9":"pa_gender-psychedelic60s-70s","10":"pa_label-long-hair-es","11":"pa_location-europe-es","13":"first","14":"instock","15":"taxable","16":"shipping-taxable","17":"purchasable","18":"product-type-simple"},"acf":[],"yoast_head":"<!-- This site is optimized with the Yoast SEO plugin v24.9 - https:\/\/yoast.com\/wordpress\/plugins\/seo\/ -->\n<title>TOMORROW&#039;S GIFT - Tomorrow&#039;s gift -  (CD) | Guerssen<\/title>\n<meta name=\"description\" content=\"Tomorrows Gift first (double-) album is a true German Krautrock classic. Powerful long tracks with plenty of guitar, organ, flute and drum solos and of course with Ellen Meyers strong vocals, often compared with Inga Rumpf from Fumpy or Janis Joplin. Indeed Tomorrows Gift and Frumpy musically had a lot in common and are highly appreciated by many fans till today. The recordings were newly remastered and for the first time there is a comprehensive story of the band with a lot of unseen photos describing the decline and fall of Tomorrows Gift written by band founder Manfred R\u00fcrup. CD comes with a 28 pages booklet; LP with 4 sided insert (in cover shape). Don&#039;t miss this all time classic of German Rock!\" \/>\n<meta name=\"robots\" content=\"index, follow, max-snippet:-1, max-image-preview:large, max-video-preview:-1\" \/>\n<link rel=\"canonical\" href=\"https:\/\/wpguerssen-test.odoo.rgbconsulting.com\/es\/producto\/tomorrows-gift\/\" \/>\n<meta property=\"og:locale\" content=\"es_ES\" \/>\n<meta property=\"og:type\" content=\"article\" \/>\n<meta property=\"og:title\" content=\"TOMORROW&#039;S GIFT - Tomorrow&#039;s gift -  (CD) | Guerssen\" \/>\n<meta property=\"og:description\" content=\"Tomorrows Gift first (double-) album is a true German Krautrock classic. Powerful long tracks with plenty of guitar, organ, flute and drum solos and of course with Ellen Meyers strong vocals, often compared with Inga Rumpf from Fumpy or Janis Joplin. Indeed Tomorrows Gift and Frumpy musically had a lot in common and are highly appreciated by many fans till today. The recordings were newly remastered and for the first time there is a comprehensive story of the band with a lot of unseen photos describing the decline and fall of Tomorrows Gift written by band founder Manfred R\u00fcrup. CD comes with a 28 pages booklet; LP with 4 sided insert (in cover shape). Don&#039;t miss this all time classic of German Rock!\" \/>\n<meta property=\"og:url\" content=\"https:\/\/wpguerssen-test.odoo.rgbconsulting.com\/es\/producto\/tomorrows-gift\/\" \/>\n<meta property=\"og:site_name\" content=\"Guerssen records\" \/>\n<meta property=\"article:modified_time\" content=\"2025-02-24T13:37:59+00:00\" \/>\n<meta property=\"og:image\" content=\"https:\/\/wpguerssen-test.odoo.rgbconsulting.com\/wp-content\/uploads\/2024\/05\/47891.jpg\" \/>\n\t<meta property=\"og:image:width\" content=\"180\" \/>\n\t<meta property=\"og:image:height\" content=\"180\" \/>\n\t<meta property=\"og:image:type\" content=\"image\/jpeg\" \/>\n<meta name=\"twitter:card\" content=\"summary_large_image\" \/>\n<meta name=\"twitter:title\" content=\"TOMORROW&#039;S GIFT - Tomorrow&#039;s gift -  (CD) | Guerssen\" \/>\n<meta name=\"twitter:label1\" content=\"Tiempo de lectura\" \/>\n\t<meta name=\"twitter:data1\" content=\"1 minuto\" \/>\n<script type=\"application\/ld+json\" class=\"yoast-schema-graph\">{\"@context\":\"https:\/\/schema.org\",\"@graph\":[{\"@type\":\"WebPage\",\"@id\":\"https:\/\/wpguerssen-test.odoo.rgbconsulting.com\/es\/producto\/tomorrows-gift\/\",\"url\":\"https:\/\/wpguerssen-test.odoo.rgbconsulting.com\/es\/producto\/tomorrows-gift\/\",\"name\":\"TOMORROW'S GIFT - Tomorrow's gift - (CD) | Guerssen\",\"isPartOf\":{\"@id\":\"https:\/\/wpguerssen-test.odoo.rgbconsulting.com\/es\/#website\"},\"primaryImageOfPage\":{\"@id\":\"https:\/\/wpguerssen-test.odoo.rgbconsulting.com\/es\/producto\/tomorrows-gift\/#primaryimage\"},\"image\":{\"@id\":\"https:\/\/wpguerssen-test.odoo.rgbconsulting.com\/es\/producto\/tomorrows-gift\/#primaryimage\"},\"thumbnailUrl\":\"https:\/\/wpguerssen-test.odoo.rgbconsulting.com\/wp-content\/uploads\/2024\/05\/47891.jpg\",\"datePublished\":\"2024-01-11T23:00:00+00:00\",\"dateModified\":\"2025-02-24T13:37:59+00:00\",\"description\":\"Tomorrows Gift first (double-) album is a true German Krautrock classic. Powerful long tracks with plenty of guitar, organ, flute and drum solos and of course with Ellen Meyers strong vocals, often compared with Inga Rumpf from Fumpy or Janis Joplin. Indeed Tomorrows Gift and Frumpy musically had a lot in common and are highly appreciated by many fans till today. The recordings were newly remastered and for the first time there is a comprehensive story of the band with a lot of unseen photos describing the decline and fall of Tomorrows Gift written by band founder Manfred R\u00fcrup. CD comes with a 28 pages booklet; LP with 4 sided insert (in cover shape). Don't miss this all time classic of German Rock!\",\"breadcrumb\":{\"@id\":\"https:\/\/wpguerssen-test.odoo.rgbconsulting.com\/es\/producto\/tomorrows-gift\/#breadcrumb\"},\"inLanguage\":\"es\",\"potentialAction\":[{\"@type\":\"ReadAction\",\"target\":[\"https:\/\/wpguerssen-test.odoo.rgbconsulting.com\/es\/producto\/tomorrows-gift\/\"]}]},{\"@type\":\"ImageObject\",\"inLanguage\":\"es\",\"@id\":\"https:\/\/wpguerssen-test.odoo.rgbconsulting.com\/es\/producto\/tomorrows-gift\/#primaryimage\",\"url\":\"https:\/\/wpguerssen-test.odoo.rgbconsulting.com\/wp-content\/uploads\/2024\/05\/47891.jpg\",\"contentUrl\":\"https:\/\/wpguerssen-test.odoo.rgbconsulting.com\/wp-content\/uploads\/2024\/05\/47891.jpg\",\"width\":180,\"height\":180},{\"@type\":\"BreadcrumbList\",\"@id\":\"https:\/\/wpguerssen-test.odoo.rgbconsulting.com\/es\/producto\/tomorrows-gift\/#breadcrumb\",\"itemListElement\":[{\"@type\":\"ListItem\",\"position\":1,\"name\":\"Inicio\",\"item\":\"https:\/\/wpguerssen-test.odoo.rgbconsulting.com\/es\/\"},{\"@type\":\"ListItem\",\"position\":2,\"name\":\"Shop\",\"item\":\"https:\/\/wpguerssen-test.odoo.rgbconsulting.com\/shop\/\"},{\"@type\":\"ListItem\",\"position\":3,\"name\":\"Tomorrow&#8217;s gift\"}]},{\"@type\":\"WebSite\",\"@id\":\"https:\/\/wpguerssen-test.odoo.rgbconsulting.com\/es\/#website\",\"url\":\"https:\/\/wpguerssen-test.odoo.rgbconsulting.com\/es\/\",\"name\":\"Guerssen records\",\"description\":\"psychedelia - progressive - folk - garage \",\"publisher\":{\"@id\":\"https:\/\/wpguerssen-test.odoo.rgbconsulting.com\/es\/#organization\"},\"potentialAction\":[{\"@type\":\"SearchAction\",\"target\":{\"@type\":\"EntryPoint\",\"urlTemplate\":\"https:\/\/wpguerssen-test.odoo.rgbconsulting.com\/es\/?s={search_term_string}\"},\"query-input\":{\"@type\":\"PropertyValueSpecification\",\"valueRequired\":true,\"valueName\":\"search_term_string\"}}],\"inLanguage\":\"es\"},{\"@type\":\"Organization\",\"@id\":\"https:\/\/wpguerssen-test.odoo.rgbconsulting.com\/es\/#organization\",\"name\":\"Guerssen records\",\"url\":\"https:\/\/wpguerssen-test.odoo.rgbconsulting.com\/es\/\",\"logo\":{\"@type\":\"ImageObject\",\"inLanguage\":\"es\",\"@id\":\"https:\/\/wpguerssen-test.odoo.rgbconsulting.com\/es\/#\/schema\/logo\/image\/\",\"url\":\"https:\/\/wpguerssen-test.odoo.rgbconsulting.com\/wp-content\/uploads\/2022\/04\/Logo_Guerssen_trans_100.png\",\"contentUrl\":\"https:\/\/wpguerssen-test.odoo.rgbconsulting.com\/wp-content\/uploads\/2022\/04\/Logo_Guerssen_trans_100.png\",\"width\":122,\"height\":100,\"caption\":\"Guerssen records\"},\"image\":{\"@id\":\"https:\/\/wpguerssen-test.odoo.rgbconsulting.com\/es\/#\/schema\/logo\/image\/\"}}]}<\/script>\n<!-- \/ Yoast SEO plugin. -->","yoast_head_json":{"title":"TOMORROW'S GIFT - Tomorrow's gift -  (CD) | Guerssen","description":"Tomorrows Gift first (double-) album is a true German Krautrock classic. Powerful long tracks with plenty of guitar, organ, flute and drum solos and of course with Ellen Meyers strong vocals, often compared with Inga Rumpf from Fumpy or Janis Joplin. Indeed Tomorrows Gift and Frumpy musically had a lot in common and are highly appreciated by many fans till today. The recordings were newly remastered and for the first time there is a comprehensive story of the band with a lot of unseen photos describing the decline and fall of Tomorrows Gift written by band founder Manfred R\u00fcrup. CD comes with a 28 pages booklet; LP with 4 sided insert (in cover shape). Don't miss this all time classic of German Rock!","robots":{"index":"index","follow":"follow","max-snippet":"max-snippet:-1","max-image-preview":"max-image-preview:large","max-video-preview":"max-video-preview:-1"},"canonical":"https:\/\/wpguerssen-test.odoo.rgbconsulting.com\/es\/producto\/tomorrows-gift\/","og_locale":"es_ES","og_type":"article","og_title":"TOMORROW'S GIFT - Tomorrow's gift -  (CD) | Guerssen","og_description":"Tomorrows Gift first (double-) album is a true German Krautrock classic. Powerful long tracks with plenty of guitar, organ, flute and drum solos and of course with Ellen Meyers strong vocals, often compared with Inga Rumpf from Fumpy or Janis Joplin. Indeed Tomorrows Gift and Frumpy musically had a lot in common and are highly appreciated by many fans till today. The recordings were newly remastered and for the first time there is a comprehensive story of the band with a lot of unseen photos describing the decline and fall of Tomorrows Gift written by band founder Manfred R\u00fcrup. CD comes with a 28 pages booklet; LP with 4 sided insert (in cover shape). Don't miss this all time classic of German Rock!","og_url":"https:\/\/wpguerssen-test.odoo.rgbconsulting.com\/es\/producto\/tomorrows-gift\/","og_site_name":"Guerssen records","article_modified_time":"2025-02-24T13:37:59+00:00","og_image":[{"width":180,"height":180,"url":"https:\/\/wpguerssen-test.odoo.rgbconsulting.com\/wp-content\/uploads\/2024\/05\/47891.jpg","type":"image\/jpeg"}],"twitter_card":"summary_large_image","twitter_title":"TOMORROW'S GIFT - Tomorrow's gift -  (CD) | Guerssen","twitter_misc":{"Tiempo de lectura":"1 minuto"},"schema":{"@context":"https:\/\/schema.org","@graph":[{"@type":"WebPage","@id":"https:\/\/wpguerssen-test.odoo.rgbconsulting.com\/es\/producto\/tomorrows-gift\/","url":"https:\/\/wpguerssen-test.odoo.rgbconsulting.com\/es\/producto\/tomorrows-gift\/","name":"TOMORROW'S GIFT - Tomorrow's gift - (CD) | Guerssen","isPartOf":{"@id":"https:\/\/wpguerssen-test.odoo.rgbconsulting.com\/es\/#website"},"primaryImageOfPage":{"@id":"https:\/\/wpguerssen-test.odoo.rgbconsulting.com\/es\/producto\/tomorrows-gift\/#primaryimage"},"image":{"@id":"https:\/\/wpguerssen-test.odoo.rgbconsulting.com\/es\/producto\/tomorrows-gift\/#primaryimage"},"thumbnailUrl":"https:\/\/wpguerssen-test.odoo.rgbconsulting.com\/wp-content\/uploads\/2024\/05\/47891.jpg","datePublished":"2024-01-11T23:00:00+00:00","dateModified":"2025-02-24T13:37:59+00:00","description":"Tomorrows Gift first (double-) album is a true German Krautrock classic. Powerful long tracks with plenty of guitar, organ, flute and drum solos and of course with Ellen Meyers strong vocals, often compared with Inga Rumpf from Fumpy or Janis Joplin. Indeed Tomorrows Gift and Frumpy musically had a lot in common and are highly appreciated by many fans till today. The recordings were newly remastered and for the first time there is a comprehensive story of the band with a lot of unseen photos describing the decline and fall of Tomorrows Gift written by band founder Manfred R\u00fcrup. CD comes with a 28 pages booklet; LP with 4 sided insert (in cover shape). Don't miss this all time classic of German Rock!","breadcrumb":{"@id":"https:\/\/wpguerssen-test.odoo.rgbconsulting.com\/es\/producto\/tomorrows-gift\/#breadcrumb"},"inLanguage":"es","potentialAction":[{"@type":"ReadAction","target":["https:\/\/wpguerssen-test.odoo.rgbconsulting.com\/es\/producto\/tomorrows-gift\/"]}]},{"@type":"ImageObject","inLanguage":"es","@id":"https:\/\/wpguerssen-test.odoo.rgbconsulting.com\/es\/producto\/tomorrows-gift\/#primaryimage","url":"https:\/\/wpguerssen-test.odoo.rgbconsulting.com\/wp-content\/uploads\/2024\/05\/47891.jpg","contentUrl":"https:\/\/wpguerssen-test.odoo.rgbconsulting.com\/wp-content\/uploads\/2024\/05\/47891.jpg","width":180,"height":180},{"@type":"BreadcrumbList","@id":"https:\/\/wpguerssen-test.odoo.rgbconsulting.com\/es\/producto\/tomorrows-gift\/#breadcrumb","itemListElement":[{"@type":"ListItem","position":1,"name":"Inicio","item":"https:\/\/wpguerssen-test.odoo.rgbconsulting.com\/es\/"},{"@type":"ListItem","position":2,"name":"Shop","item":"https:\/\/wpguerssen-test.odoo.rgbconsulting.com\/shop\/"},{"@type":"ListItem","position":3,"name":"Tomorrow&#8217;s gift"}]},{"@type":"WebSite","@id":"https:\/\/wpguerssen-test.odoo.rgbconsulting.com\/es\/#website","url":"https:\/\/wpguerssen-test.odoo.rgbconsulting.com\/es\/","name":"Guerssen records","description":"psychedelia - progressive - folk - garage ","publisher":{"@id":"https:\/\/wpguerssen-test.odoo.rgbconsulting.com\/es\/#organization"},"potentialAction":[{"@type":"SearchAction","target":{"@type":"EntryPoint","urlTemplate":"https:\/\/wpguerssen-test.odoo.rgbconsulting.com\/es\/?s={search_term_string}"},"query-input":{"@type":"PropertyValueSpecification","valueRequired":true,"valueName":"search_term_string"}}],"inLanguage":"es"},{"@type":"Organization","@id":"https:\/\/wpguerssen-test.odoo.rgbconsulting.com\/es\/#organization","name":"Guerssen records","url":"https:\/\/wpguerssen-test.odoo.rgbconsulting.com\/es\/","logo":{"@type":"ImageObject","inLanguage":"es","@id":"https:\/\/wpguerssen-test.odoo.rgbconsulting.com\/es\/#\/schema\/logo\/image\/","url":"https:\/\/wpguerssen-test.odoo.rgbconsulting.com\/wp-content\/uploads\/2022\/04\/Logo_Guerssen_trans_100.png","contentUrl":"https:\/\/wpguerssen-test.odoo.rgbconsulting.com\/wp-content\/uploads\/2022\/04\/Logo_Guerssen_trans_100.png","width":122,"height":100,"caption":"Guerssen records"},"image":{"@id":"https:\/\/wpguerssen-test.odoo.rgbconsulting.com\/es\/#\/schema\/logo\/image\/"}}]}},"_links":{"self":[{"href":"https:\/\/wpguerssen-test.odoo.rgbconsulting.com\/es\/wp-json\/wp\/v2\/product\/267662","targetHints":{"allow":["GET"]}}],"collection":[{"href":"https:\/\/wpguerssen-test.odoo.rgbconsulting.com\/es\/wp-json\/wp\/v2\/product"}],"about":[{"href":"https:\/\/wpguerssen-test.odoo.rgbconsulting.com\/es\/wp-json\/wp\/v2\/types\/product"}],"wp:featuredmedia":[{"embeddable":true,"href":"https:\/\/wpguerssen-test.odoo.rgbconsulting.com\/es\/wp-json\/wp\/v2\/media\/267615"}],"wp:attachment":[{"href":"https:\/\/wpguerssen-test.odoo.rgbconsulting.com\/es\/wp-json\/wp\/v2\/media?parent=267662"}],"wp:term":[{"taxonomy":"product_brand","embeddable":true,"href":"https:\/\/wpguerssen-test.odoo.rgbconsulting.com\/es\/wp-json\/wp\/v2\/product_brand?post=267662"},{"taxonomy":"product_cat","embeddable":true,"href":"https:\/\/wpguerssen-test.odoo.rgbconsulting.com\/es\/wp-json\/wp\/v2\/product_cat?post=267662"},{"taxonomy":"product_tag","embeddable":true,"href":"https:\/\/wpguerssen-test.odoo.rgbconsulting.com\/es\/wp-json\/wp\/v2\/product_tag?post=267662"}],"curies":[{"name":"wp","href":"https:\/\/api.w.org\/{rel}","templated":true}]}}