{"id":267663,"date":"2024-01-12T00:00:00","date_gmt":"2024-01-11T23:00:00","guid":{"rendered":"https:\/\/wpguerssen-test.odoo.rgbconsulting.com\/product\/altona\/"},"modified":"2025-01-30T17:00:51","modified_gmt":"2025-01-30T16:00:51","slug":"altona","status":"publish","type":"product","link":"https:\/\/wpguerssen-test.odoo.rgbconsulting.com\/es\/producto\/altona\/","title":{"rendered":"Altona"},"content":{"rendered":"<p>Reproducido por primera vez en vinilo y con portada original, el primer \u00e1lbum hom\u00f3nimo de Altona, \u00ab1974\u00bb, es una verdadera joya. Fundado por el cantante y saxofonista Karl Heinz Blumenberg y el guitarrista Werner von Gosen Altona, ex miembros de Thrice Mice, el primer \u00e1lbum de Altona podr\u00eda rastrearse como \u00abThrice Mice deluxe\u00bb con v\u00ednculos a\u00fan marcados con Blodwyn Pig. Su elaboraci\u00f3n musical muestra un potencial mucho mayor y permite que el La banda dio un paso adelante musicalmente m\u00e1s alto. El concepto de desarrollar una pieza musical dentro de procesos de din\u00e1mica de grupo, que hab\u00eda tenido tanto \u00e9xito con Thrice Mice, se caracteriz\u00f3 como el \u00e1lbum por The Freeman Brothers (A Crack in the Cosmic Egg). un h\u00edbrido de Birth Control y Creative Rock, que ocasionalmente insin\u00faa el LP de Eiliff, viene con un inserto (historia de la banda y fotograf\u00edas). La m\u00fasica est\u00e1 remasterizada a partir de las cintas maestras originales. \u00a1Un consejo secreto!<\/p>\n","protected":false},"excerpt":{"rendered":"<p>Reproducido por primera vez en vinilo y con portada original, el primer \u00e1lbum hom\u00f3nimo de Altona, \u00ab1974\u00bb, es una verdadera joya. Fundado por el cantante y saxofonista<a class=\"read\" href=\"https:\/\/wpguerssen-test.odoo.rgbconsulting.com\/es\/producto\/altona\/\"> (...)<\/a>","protected":false},"featured_media":267618,"template":"","meta":{"_acf_changed":false},"product_brand":[],"product_cat":[23230,23229],"product_tag":[],"class_list":{"0":"post-267663","1":"product","2":"type-product","3":"status-publish","4":"has-post-thumbnail","6":"product_cat-krautrock-es-2","7":"product_cat-jazz-rock-es","8":"pa_artist-altona","9":"pa_format-cd-2-es","10":"pa_gender-krautrock-jazz-rock","11":"pa_label-long-hair-es","12":"pa_location-europe-es","14":"first","15":"instock","16":"taxable","17":"shipping-taxable","18":"purchasable","19":"product-type-simple"},"acf":[],"yoast_head":"<!-- This site is optimized with the Yoast SEO plugin v24.9 - https:\/\/yoast.com\/wordpress\/plugins\/seo\/ -->\n<title>ALTONA - Altona -  (CD) | Guerssen<\/title>\n<meta name=\"description\" content=\"For the first time reproduced on vinyl and with original cover art Altona&#039;s eponymous first album &quot; 1974 &quot; is a real gem. Founded by former Thrice Mice members singer and sax player Karl Heinz Blumenberg and guitarist Werner von Gosen Altonas first album could be traced as ,,Thrice Mice deluxe&quot; with still marked ties to Blodwyn Pig. Their musical elaboration shows a much bigger potential and let the band come forward on a higher musical step. The concept of developing a piece of music within processes of group dynamics, which had been so successful with Thrice Mice, was continued. The Freeman Brothers (A Crack in the Cosmic Egg) characterized the album as a hybrid of Birth Control and Creative Rock, occasionally hinting at Eiliff LP comes with insert (Band story and photos). The music is remastered from the original mastertapes. A secret tip!\" \/>\n<meta name=\"robots\" content=\"index, follow, max-snippet:-1, max-image-preview:large, max-video-preview:-1\" \/>\n<link rel=\"canonical\" href=\"https:\/\/wpguerssen-test.odoo.rgbconsulting.com\/es\/producto\/altona\/\" \/>\n<meta property=\"og:locale\" content=\"es_ES\" \/>\n<meta property=\"og:type\" content=\"article\" \/>\n<meta property=\"og:title\" content=\"ALTONA - Altona -  (CD) | Guerssen\" \/>\n<meta property=\"og:description\" content=\"For the first time reproduced on vinyl and with original cover art Altona&#039;s eponymous first album &quot; 1974 &quot; is a real gem. Founded by former Thrice Mice members singer and sax player Karl Heinz Blumenberg and guitarist Werner von Gosen Altonas first album could be traced as ,,Thrice Mice deluxe&quot; with still marked ties to Blodwyn Pig. Their musical elaboration shows a much bigger potential and let the band come forward on a higher musical step. The concept of developing a piece of music within processes of group dynamics, which had been so successful with Thrice Mice, was continued. The Freeman Brothers (A Crack in the Cosmic Egg) characterized the album as a hybrid of Birth Control and Creative Rock, occasionally hinting at Eiliff LP comes with insert (Band story and photos). The music is remastered from the original mastertapes. A secret tip!\" \/>\n<meta property=\"og:url\" content=\"https:\/\/wpguerssen-test.odoo.rgbconsulting.com\/es\/producto\/altona\/\" \/>\n<meta property=\"og:site_name\" content=\"Guerssen records\" \/>\n<meta property=\"article:modified_time\" content=\"2025-01-30T16:00:51+00:00\" \/>\n<meta property=\"og:image\" content=\"https:\/\/wpguerssen-test.odoo.rgbconsulting.com\/wp-content\/uploads\/2024\/05\/47892.jpg\" \/>\n\t<meta property=\"og:image:width\" content=\"180\" \/>\n\t<meta property=\"og:image:height\" content=\"180\" \/>\n\t<meta property=\"og:image:type\" content=\"image\/jpeg\" \/>\n<meta name=\"twitter:card\" content=\"summary_large_image\" \/>\n<meta name=\"twitter:title\" content=\"ALTONA - Altona -  (CD) | Guerssen\" \/>\n<meta name=\"twitter:label1\" content=\"Tiempo de lectura\" \/>\n\t<meta name=\"twitter:data1\" content=\"1 minuto\" \/>\n<script type=\"application\/ld+json\" class=\"yoast-schema-graph\">{\"@context\":\"https:\/\/schema.org\",\"@graph\":[{\"@type\":\"WebPage\",\"@id\":\"https:\/\/wpguerssen-test.odoo.rgbconsulting.com\/es\/producto\/altona\/\",\"url\":\"https:\/\/wpguerssen-test.odoo.rgbconsulting.com\/es\/producto\/altona\/\",\"name\":\"ALTONA - Altona - (CD) | Guerssen\",\"isPartOf\":{\"@id\":\"https:\/\/wpguerssen-test.odoo.rgbconsulting.com\/es\/#website\"},\"primaryImageOfPage\":{\"@id\":\"https:\/\/wpguerssen-test.odoo.rgbconsulting.com\/es\/producto\/altona\/#primaryimage\"},\"image\":{\"@id\":\"https:\/\/wpguerssen-test.odoo.rgbconsulting.com\/es\/producto\/altona\/#primaryimage\"},\"thumbnailUrl\":\"https:\/\/wpguerssen-test.odoo.rgbconsulting.com\/wp-content\/uploads\/2024\/05\/47892.jpg\",\"datePublished\":\"2024-01-11T23:00:00+00:00\",\"dateModified\":\"2025-01-30T16:00:51+00:00\",\"description\":\"For the first time reproduced on vinyl and with original cover art Altona's eponymous first album \\\" 1974 \\\" is a real gem. Founded by former Thrice Mice members singer and sax player Karl Heinz Blumenberg and guitarist Werner von Gosen Altonas first album could be traced as ,,Thrice Mice deluxe\\\" with still marked ties to Blodwyn Pig. Their musical elaboration shows a much bigger potential and let the band come forward on a higher musical step. The concept of developing a piece of music within processes of group dynamics, which had been so successful with Thrice Mice, was continued. The Freeman Brothers (A Crack in the Cosmic Egg) characterized the album as a hybrid of Birth Control and Creative Rock, occasionally hinting at Eiliff LP comes with insert (Band story and photos). The music is remastered from the original mastertapes. A secret tip!\",\"breadcrumb\":{\"@id\":\"https:\/\/wpguerssen-test.odoo.rgbconsulting.com\/es\/producto\/altona\/#breadcrumb\"},\"inLanguage\":\"es\",\"potentialAction\":[{\"@type\":\"ReadAction\",\"target\":[\"https:\/\/wpguerssen-test.odoo.rgbconsulting.com\/es\/producto\/altona\/\"]}]},{\"@type\":\"ImageObject\",\"inLanguage\":\"es\",\"@id\":\"https:\/\/wpguerssen-test.odoo.rgbconsulting.com\/es\/producto\/altona\/#primaryimage\",\"url\":\"https:\/\/wpguerssen-test.odoo.rgbconsulting.com\/wp-content\/uploads\/2024\/05\/47892.jpg\",\"contentUrl\":\"https:\/\/wpguerssen-test.odoo.rgbconsulting.com\/wp-content\/uploads\/2024\/05\/47892.jpg\",\"width\":180,\"height\":180},{\"@type\":\"BreadcrumbList\",\"@id\":\"https:\/\/wpguerssen-test.odoo.rgbconsulting.com\/es\/producto\/altona\/#breadcrumb\",\"itemListElement\":[{\"@type\":\"ListItem\",\"position\":1,\"name\":\"Inicio\",\"item\":\"https:\/\/wpguerssen-test.odoo.rgbconsulting.com\/es\/\"},{\"@type\":\"ListItem\",\"position\":2,\"name\":\"Shop\",\"item\":\"https:\/\/wpguerssen-test.odoo.rgbconsulting.com\/shop\/\"},{\"@type\":\"ListItem\",\"position\":3,\"name\":\"Altona\"}]},{\"@type\":\"WebSite\",\"@id\":\"https:\/\/wpguerssen-test.odoo.rgbconsulting.com\/es\/#website\",\"url\":\"https:\/\/wpguerssen-test.odoo.rgbconsulting.com\/es\/\",\"name\":\"Guerssen records\",\"description\":\"psychedelia - progressive - folk - garage \",\"publisher\":{\"@id\":\"https:\/\/wpguerssen-test.odoo.rgbconsulting.com\/es\/#organization\"},\"potentialAction\":[{\"@type\":\"SearchAction\",\"target\":{\"@type\":\"EntryPoint\",\"urlTemplate\":\"https:\/\/wpguerssen-test.odoo.rgbconsulting.com\/es\/?s={search_term_string}\"},\"query-input\":{\"@type\":\"PropertyValueSpecification\",\"valueRequired\":true,\"valueName\":\"search_term_string\"}}],\"inLanguage\":\"es\"},{\"@type\":\"Organization\",\"@id\":\"https:\/\/wpguerssen-test.odoo.rgbconsulting.com\/es\/#organization\",\"name\":\"Guerssen records\",\"url\":\"https:\/\/wpguerssen-test.odoo.rgbconsulting.com\/es\/\",\"logo\":{\"@type\":\"ImageObject\",\"inLanguage\":\"es\",\"@id\":\"https:\/\/wpguerssen-test.odoo.rgbconsulting.com\/es\/#\/schema\/logo\/image\/\",\"url\":\"https:\/\/wpguerssen-test.odoo.rgbconsulting.com\/wp-content\/uploads\/2022\/04\/Logo_Guerssen_trans_100.png\",\"contentUrl\":\"https:\/\/wpguerssen-test.odoo.rgbconsulting.com\/wp-content\/uploads\/2022\/04\/Logo_Guerssen_trans_100.png\",\"width\":122,\"height\":100,\"caption\":\"Guerssen records\"},\"image\":{\"@id\":\"https:\/\/wpguerssen-test.odoo.rgbconsulting.com\/es\/#\/schema\/logo\/image\/\"}}]}<\/script>\n<!-- \/ Yoast SEO plugin. -->","yoast_head_json":{"title":"ALTONA - Altona -  (CD) | Guerssen","description":"For the first time reproduced on vinyl and with original cover art Altona's eponymous first album \" 1974 \" is a real gem. Founded by former Thrice Mice members singer and sax player Karl Heinz Blumenberg and guitarist Werner von Gosen Altonas first album could be traced as ,,Thrice Mice deluxe\" with still marked ties to Blodwyn Pig. Their musical elaboration shows a much bigger potential and let the band come forward on a higher musical step. The concept of developing a piece of music within processes of group dynamics, which had been so successful with Thrice Mice, was continued. The Freeman Brothers (A Crack in the Cosmic Egg) characterized the album as a hybrid of Birth Control and Creative Rock, occasionally hinting at Eiliff LP comes with insert (Band story and photos). The music is remastered from the original mastertapes. A secret tip!","robots":{"index":"index","follow":"follow","max-snippet":"max-snippet:-1","max-image-preview":"max-image-preview:large","max-video-preview":"max-video-preview:-1"},"canonical":"https:\/\/wpguerssen-test.odoo.rgbconsulting.com\/es\/producto\/altona\/","og_locale":"es_ES","og_type":"article","og_title":"ALTONA - Altona -  (CD) | Guerssen","og_description":"For the first time reproduced on vinyl and with original cover art Altona's eponymous first album \" 1974 \" is a real gem. Founded by former Thrice Mice members singer and sax player Karl Heinz Blumenberg and guitarist Werner von Gosen Altonas first album could be traced as ,,Thrice Mice deluxe\" with still marked ties to Blodwyn Pig. Their musical elaboration shows a much bigger potential and let the band come forward on a higher musical step. The concept of developing a piece of music within processes of group dynamics, which had been so successful with Thrice Mice, was continued. The Freeman Brothers (A Crack in the Cosmic Egg) characterized the album as a hybrid of Birth Control and Creative Rock, occasionally hinting at Eiliff LP comes with insert (Band story and photos). The music is remastered from the original mastertapes. A secret tip!","og_url":"https:\/\/wpguerssen-test.odoo.rgbconsulting.com\/es\/producto\/altona\/","og_site_name":"Guerssen records","article_modified_time":"2025-01-30T16:00:51+00:00","og_image":[{"width":180,"height":180,"url":"https:\/\/wpguerssen-test.odoo.rgbconsulting.com\/wp-content\/uploads\/2024\/05\/47892.jpg","type":"image\/jpeg"}],"twitter_card":"summary_large_image","twitter_title":"ALTONA - Altona -  (CD) | Guerssen","twitter_misc":{"Tiempo de lectura":"1 minuto"},"schema":{"@context":"https:\/\/schema.org","@graph":[{"@type":"WebPage","@id":"https:\/\/wpguerssen-test.odoo.rgbconsulting.com\/es\/producto\/altona\/","url":"https:\/\/wpguerssen-test.odoo.rgbconsulting.com\/es\/producto\/altona\/","name":"ALTONA - Altona - (CD) | Guerssen","isPartOf":{"@id":"https:\/\/wpguerssen-test.odoo.rgbconsulting.com\/es\/#website"},"primaryImageOfPage":{"@id":"https:\/\/wpguerssen-test.odoo.rgbconsulting.com\/es\/producto\/altona\/#primaryimage"},"image":{"@id":"https:\/\/wpguerssen-test.odoo.rgbconsulting.com\/es\/producto\/altona\/#primaryimage"},"thumbnailUrl":"https:\/\/wpguerssen-test.odoo.rgbconsulting.com\/wp-content\/uploads\/2024\/05\/47892.jpg","datePublished":"2024-01-11T23:00:00+00:00","dateModified":"2025-01-30T16:00:51+00:00","description":"For the first time reproduced on vinyl and with original cover art Altona's eponymous first album \" 1974 \" is a real gem. Founded by former Thrice Mice members singer and sax player Karl Heinz Blumenberg and guitarist Werner von Gosen Altonas first album could be traced as ,,Thrice Mice deluxe\" with still marked ties to Blodwyn Pig. Their musical elaboration shows a much bigger potential and let the band come forward on a higher musical step. The concept of developing a piece of music within processes of group dynamics, which had been so successful with Thrice Mice, was continued. The Freeman Brothers (A Crack in the Cosmic Egg) characterized the album as a hybrid of Birth Control and Creative Rock, occasionally hinting at Eiliff LP comes with insert (Band story and photos). The music is remastered from the original mastertapes. A secret tip!","breadcrumb":{"@id":"https:\/\/wpguerssen-test.odoo.rgbconsulting.com\/es\/producto\/altona\/#breadcrumb"},"inLanguage":"es","potentialAction":[{"@type":"ReadAction","target":["https:\/\/wpguerssen-test.odoo.rgbconsulting.com\/es\/producto\/altona\/"]}]},{"@type":"ImageObject","inLanguage":"es","@id":"https:\/\/wpguerssen-test.odoo.rgbconsulting.com\/es\/producto\/altona\/#primaryimage","url":"https:\/\/wpguerssen-test.odoo.rgbconsulting.com\/wp-content\/uploads\/2024\/05\/47892.jpg","contentUrl":"https:\/\/wpguerssen-test.odoo.rgbconsulting.com\/wp-content\/uploads\/2024\/05\/47892.jpg","width":180,"height":180},{"@type":"BreadcrumbList","@id":"https:\/\/wpguerssen-test.odoo.rgbconsulting.com\/es\/producto\/altona\/#breadcrumb","itemListElement":[{"@type":"ListItem","position":1,"name":"Inicio","item":"https:\/\/wpguerssen-test.odoo.rgbconsulting.com\/es\/"},{"@type":"ListItem","position":2,"name":"Shop","item":"https:\/\/wpguerssen-test.odoo.rgbconsulting.com\/shop\/"},{"@type":"ListItem","position":3,"name":"Altona"}]},{"@type":"WebSite","@id":"https:\/\/wpguerssen-test.odoo.rgbconsulting.com\/es\/#website","url":"https:\/\/wpguerssen-test.odoo.rgbconsulting.com\/es\/","name":"Guerssen records","description":"psychedelia - progressive - folk - garage ","publisher":{"@id":"https:\/\/wpguerssen-test.odoo.rgbconsulting.com\/es\/#organization"},"potentialAction":[{"@type":"SearchAction","target":{"@type":"EntryPoint","urlTemplate":"https:\/\/wpguerssen-test.odoo.rgbconsulting.com\/es\/?s={search_term_string}"},"query-input":{"@type":"PropertyValueSpecification","valueRequired":true,"valueName":"search_term_string"}}],"inLanguage":"es"},{"@type":"Organization","@id":"https:\/\/wpguerssen-test.odoo.rgbconsulting.com\/es\/#organization","name":"Guerssen records","url":"https:\/\/wpguerssen-test.odoo.rgbconsulting.com\/es\/","logo":{"@type":"ImageObject","inLanguage":"es","@id":"https:\/\/wpguerssen-test.odoo.rgbconsulting.com\/es\/#\/schema\/logo\/image\/","url":"https:\/\/wpguerssen-test.odoo.rgbconsulting.com\/wp-content\/uploads\/2022\/04\/Logo_Guerssen_trans_100.png","contentUrl":"https:\/\/wpguerssen-test.odoo.rgbconsulting.com\/wp-content\/uploads\/2022\/04\/Logo_Guerssen_trans_100.png","width":122,"height":100,"caption":"Guerssen records"},"image":{"@id":"https:\/\/wpguerssen-test.odoo.rgbconsulting.com\/es\/#\/schema\/logo\/image\/"}}]}},"_links":{"self":[{"href":"https:\/\/wpguerssen-test.odoo.rgbconsulting.com\/es\/wp-json\/wp\/v2\/product\/267663","targetHints":{"allow":["GET"]}}],"collection":[{"href":"https:\/\/wpguerssen-test.odoo.rgbconsulting.com\/es\/wp-json\/wp\/v2\/product"}],"about":[{"href":"https:\/\/wpguerssen-test.odoo.rgbconsulting.com\/es\/wp-json\/wp\/v2\/types\/product"}],"wp:featuredmedia":[{"embeddable":true,"href":"https:\/\/wpguerssen-test.odoo.rgbconsulting.com\/es\/wp-json\/wp\/v2\/media\/267618"}],"wp:attachment":[{"href":"https:\/\/wpguerssen-test.odoo.rgbconsulting.com\/es\/wp-json\/wp\/v2\/media?parent=267663"}],"wp:term":[{"taxonomy":"product_brand","embeddable":true,"href":"https:\/\/wpguerssen-test.odoo.rgbconsulting.com\/es\/wp-json\/wp\/v2\/product_brand?post=267663"},{"taxonomy":"product_cat","embeddable":true,"href":"https:\/\/wpguerssen-test.odoo.rgbconsulting.com\/es\/wp-json\/wp\/v2\/product_cat?post=267663"},{"taxonomy":"product_tag","embeddable":true,"href":"https:\/\/wpguerssen-test.odoo.rgbconsulting.com\/es\/wp-json\/wp\/v2\/product_tag?post=267663"}],"curies":[{"name":"wp","href":"https:\/\/api.w.org\/{rel}","templated":true}]}}