{"id":267664,"date":"2024-01-12T00:00:00","date_gmt":"2024-01-11T23:00:00","guid":{"rendered":"https:\/\/wpguerssen-test.odoo.rgbconsulting.com\/product\/first-key-2\/"},"modified":"2025-01-31T14:01:13","modified_gmt":"2025-01-31T13:01:13","slug":"first-key-2","status":"publish","type":"product","link":"https:\/\/wpguerssen-test.odoo.rgbconsulting.com\/es\/producto\/first-key-2\/","title":{"rendered":"First Key"},"content":{"rendered":"<p>Por primera vez en reedici\u00f3n en vinilo: el primer \u00e1lbum hom\u00f3nimo de rock cl\u00e1sico influy\u00f3 en los grandes krautrockers alemanes Amos Key. Amos Key ten\u00eda grandes deudas con Bach, Beethoven y Schumann, a\u00f1adiendo un fuerte toque de krautrock a una m\u00fasica muy parecida a Nice o Egg, llena de angustia y extra\u00f1os toques psicod\u00e9licos y de rock espacial (Freeman Brothers: In A Crack In The Cosmic Egg) . Amos Key viv\u00eda en Munich y estaba formado por el gran organista Thomas Molin, el simp\u00e1tico bajista Andreas Gross y el magn\u00edfico baterista Lutz Ludwig. Este grupo bastante competente grab\u00f3 el \u00e1lbum en el sello \u00abSpiegelei\u00bb justo despu\u00e9s de grabar sus sesiones de radio (Amos Key, Keynotes, The Lost Tapes, SWF Session 1973, Long Hair, LHC 90). Lamentablemente, el director de la banda y organista Thomas Molin falleci\u00f3 en los a\u00f1os 90, pero el bajista Andreas Gross cuenta la historia de la banda de una manera muy v\u00edvida y divertida. El inserto tambi\u00e9n contiene muchas fotos. El sonido es perfecto; remasterizado de la cinta original. \u00a1Cosas muy buenas! No te lo pierdas.<\/p>\n","protected":false},"excerpt":{"rendered":"<p>Por primera vez en reedici\u00f3n en vinilo: el primer \u00e1lbum hom\u00f3nimo de rock cl\u00e1sico influy\u00f3 en los grandes krautrockers alemanes Amos Key. Amos Key ten\u00eda grandes<a class=\"read\" href=\"https:\/\/wpguerssen-test.odoo.rgbconsulting.com\/es\/producto\/first-key-2\/\"> (...)<\/a>","protected":false},"featured_media":267621,"template":"","meta":{"_acf_changed":false},"product_brand":[],"product_cat":[21639,23230],"product_tag":[],"class_list":{"0":"post-267664","1":"product","2":"type-product","3":"status-publish","4":"has-post-thumbnail","6":"product_cat-psychedelic60s-70s-es","7":"product_cat-krautrock-es-2","8":"pa_artist-amos-key","9":"pa_format-cd-2-es","10":"pa_gender-krautrock-psychedelic60s-70s","11":"pa_label-long-hair-es","12":"pa_location-europe-es","14":"first","15":"instock","16":"taxable","17":"shipping-taxable","18":"purchasable","19":"product-type-simple"},"acf":[],"yoast_head":"<!-- This site is optimized with the Yoast SEO plugin v24.9 - https:\/\/yoast.com\/wordpress\/plugins\/seo\/ -->\n<title>AMOS KEY - First Key -  (CD) | Guerssen<\/title>\n<meta name=\"description\" content=\"For the first time as a reissue on vinyl: The first and eponymous album of classical rock influenced great German krautrockers Amos Key. Amos Key owed great debts to Bach, Beethoven and Schumann, adding a heavy krautrock twist to a music closely resembling the Nice or Egg, full of angst and weird psychedelic and space-rock touches (Freeman Brothers: In A Crack In The Cosmic Egg). Amos Key lived in Munich and consisted of great organ-player Thomas Molin, congenial bass-player Andreas Gross and superb drummer Lutz Ludwig. This fairly competent outfit recorded the album on label &quot;Spiegelei&quot; just after they recorded their radio sessions (Amos Key, Keynotes, The Lost Tapes, SWF Session 1973, Long Hair, LHC 90). Sadly bandleader and organ-player Thomas Molin passed away in the 90ies but bass-player Andreas Gross tells the band story in a very vivid and funny way. Insert contains also a lot of photos. Sound is perfect; remastered from the original tape. Very great stuff! Don&#039;t miss it.\" \/>\n<meta name=\"robots\" content=\"index, follow, max-snippet:-1, max-image-preview:large, max-video-preview:-1\" \/>\n<link rel=\"canonical\" href=\"https:\/\/wpguerssen-test.odoo.rgbconsulting.com\/es\/producto\/first-key-2\/\" \/>\n<meta property=\"og:locale\" content=\"es_ES\" \/>\n<meta property=\"og:type\" content=\"article\" \/>\n<meta property=\"og:title\" content=\"AMOS KEY - First Key -  (CD) | Guerssen\" \/>\n<meta property=\"og:description\" content=\"For the first time as a reissue on vinyl: The first and eponymous album of classical rock influenced great German krautrockers Amos Key. Amos Key owed great debts to Bach, Beethoven and Schumann, adding a heavy krautrock twist to a music closely resembling the Nice or Egg, full of angst and weird psychedelic and space-rock touches (Freeman Brothers: In A Crack In The Cosmic Egg). Amos Key lived in Munich and consisted of great organ-player Thomas Molin, congenial bass-player Andreas Gross and superb drummer Lutz Ludwig. This fairly competent outfit recorded the album on label &quot;Spiegelei&quot; just after they recorded their radio sessions (Amos Key, Keynotes, The Lost Tapes, SWF Session 1973, Long Hair, LHC 90). Sadly bandleader and organ-player Thomas Molin passed away in the 90ies but bass-player Andreas Gross tells the band story in a very vivid and funny way. Insert contains also a lot of photos. Sound is perfect; remastered from the original tape. Very great stuff! Don&#039;t miss it.\" \/>\n<meta property=\"og:url\" content=\"https:\/\/wpguerssen-test.odoo.rgbconsulting.com\/es\/producto\/first-key-2\/\" \/>\n<meta property=\"og:site_name\" content=\"Guerssen records\" \/>\n<meta property=\"article:modified_time\" content=\"2025-01-31T13:01:13+00:00\" \/>\n<meta property=\"og:image\" content=\"https:\/\/wpguerssen-test.odoo.rgbconsulting.com\/wp-content\/uploads\/2024\/05\/47893.jpg\" \/>\n\t<meta property=\"og:image:width\" content=\"180\" \/>\n\t<meta property=\"og:image:height\" content=\"180\" \/>\n\t<meta property=\"og:image:type\" content=\"image\/jpeg\" \/>\n<meta name=\"twitter:card\" content=\"summary_large_image\" \/>\n<meta name=\"twitter:title\" content=\"AMOS KEY - First Key -  (CD) | Guerssen\" \/>\n<meta name=\"twitter:label1\" content=\"Tiempo de lectura\" \/>\n\t<meta name=\"twitter:data1\" content=\"1 minuto\" \/>\n<script type=\"application\/ld+json\" class=\"yoast-schema-graph\">{\"@context\":\"https:\/\/schema.org\",\"@graph\":[{\"@type\":\"WebPage\",\"@id\":\"https:\/\/wpguerssen-test.odoo.rgbconsulting.com\/es\/producto\/first-key-2\/\",\"url\":\"https:\/\/wpguerssen-test.odoo.rgbconsulting.com\/es\/producto\/first-key-2\/\",\"name\":\"AMOS KEY - First Key - (CD) | Guerssen\",\"isPartOf\":{\"@id\":\"https:\/\/wpguerssen-test.odoo.rgbconsulting.com\/es\/#website\"},\"primaryImageOfPage\":{\"@id\":\"https:\/\/wpguerssen-test.odoo.rgbconsulting.com\/es\/producto\/first-key-2\/#primaryimage\"},\"image\":{\"@id\":\"https:\/\/wpguerssen-test.odoo.rgbconsulting.com\/es\/producto\/first-key-2\/#primaryimage\"},\"thumbnailUrl\":\"https:\/\/wpguerssen-test.odoo.rgbconsulting.com\/wp-content\/uploads\/2024\/05\/47893.jpg\",\"datePublished\":\"2024-01-11T23:00:00+00:00\",\"dateModified\":\"2025-01-31T13:01:13+00:00\",\"description\":\"For the first time as a reissue on vinyl: The first and eponymous album of classical rock influenced great German krautrockers Amos Key. Amos Key owed great debts to Bach, Beethoven and Schumann, adding a heavy krautrock twist to a music closely resembling the Nice or Egg, full of angst and weird psychedelic and space-rock touches (Freeman Brothers: In A Crack In The Cosmic Egg). Amos Key lived in Munich and consisted of great organ-player Thomas Molin, congenial bass-player Andreas Gross and superb drummer Lutz Ludwig. This fairly competent outfit recorded the album on label \\\"Spiegelei\\\" just after they recorded their radio sessions (Amos Key, Keynotes, The Lost Tapes, SWF Session 1973, Long Hair, LHC 90). Sadly bandleader and organ-player Thomas Molin passed away in the 90ies but bass-player Andreas Gross tells the band story in a very vivid and funny way. Insert contains also a lot of photos. Sound is perfect; remastered from the original tape. Very great stuff! Don't miss it.\",\"breadcrumb\":{\"@id\":\"https:\/\/wpguerssen-test.odoo.rgbconsulting.com\/es\/producto\/first-key-2\/#breadcrumb\"},\"inLanguage\":\"es\",\"potentialAction\":[{\"@type\":\"ReadAction\",\"target\":[\"https:\/\/wpguerssen-test.odoo.rgbconsulting.com\/es\/producto\/first-key-2\/\"]}]},{\"@type\":\"ImageObject\",\"inLanguage\":\"es\",\"@id\":\"https:\/\/wpguerssen-test.odoo.rgbconsulting.com\/es\/producto\/first-key-2\/#primaryimage\",\"url\":\"https:\/\/wpguerssen-test.odoo.rgbconsulting.com\/wp-content\/uploads\/2024\/05\/47893.jpg\",\"contentUrl\":\"https:\/\/wpguerssen-test.odoo.rgbconsulting.com\/wp-content\/uploads\/2024\/05\/47893.jpg\",\"width\":180,\"height\":180},{\"@type\":\"BreadcrumbList\",\"@id\":\"https:\/\/wpguerssen-test.odoo.rgbconsulting.com\/es\/producto\/first-key-2\/#breadcrumb\",\"itemListElement\":[{\"@type\":\"ListItem\",\"position\":1,\"name\":\"Inicio\",\"item\":\"https:\/\/wpguerssen-test.odoo.rgbconsulting.com\/es\/\"},{\"@type\":\"ListItem\",\"position\":2,\"name\":\"Shop\",\"item\":\"https:\/\/wpguerssen-test.odoo.rgbconsulting.com\/shop\/\"},{\"@type\":\"ListItem\",\"position\":3,\"name\":\"First Key\"}]},{\"@type\":\"WebSite\",\"@id\":\"https:\/\/wpguerssen-test.odoo.rgbconsulting.com\/es\/#website\",\"url\":\"https:\/\/wpguerssen-test.odoo.rgbconsulting.com\/es\/\",\"name\":\"Guerssen records\",\"description\":\"psychedelia - progressive - folk - garage \",\"publisher\":{\"@id\":\"https:\/\/wpguerssen-test.odoo.rgbconsulting.com\/es\/#organization\"},\"potentialAction\":[{\"@type\":\"SearchAction\",\"target\":{\"@type\":\"EntryPoint\",\"urlTemplate\":\"https:\/\/wpguerssen-test.odoo.rgbconsulting.com\/es\/?s={search_term_string}\"},\"query-input\":{\"@type\":\"PropertyValueSpecification\",\"valueRequired\":true,\"valueName\":\"search_term_string\"}}],\"inLanguage\":\"es\"},{\"@type\":\"Organization\",\"@id\":\"https:\/\/wpguerssen-test.odoo.rgbconsulting.com\/es\/#organization\",\"name\":\"Guerssen records\",\"url\":\"https:\/\/wpguerssen-test.odoo.rgbconsulting.com\/es\/\",\"logo\":{\"@type\":\"ImageObject\",\"inLanguage\":\"es\",\"@id\":\"https:\/\/wpguerssen-test.odoo.rgbconsulting.com\/es\/#\/schema\/logo\/image\/\",\"url\":\"https:\/\/wpguerssen-test.odoo.rgbconsulting.com\/wp-content\/uploads\/2022\/04\/Logo_Guerssen_trans_100.png\",\"contentUrl\":\"https:\/\/wpguerssen-test.odoo.rgbconsulting.com\/wp-content\/uploads\/2022\/04\/Logo_Guerssen_trans_100.png\",\"width\":122,\"height\":100,\"caption\":\"Guerssen records\"},\"image\":{\"@id\":\"https:\/\/wpguerssen-test.odoo.rgbconsulting.com\/es\/#\/schema\/logo\/image\/\"}}]}<\/script>\n<!-- \/ Yoast SEO plugin. -->","yoast_head_json":{"title":"AMOS KEY - First Key -  (CD) | Guerssen","description":"For the first time as a reissue on vinyl: The first and eponymous album of classical rock influenced great German krautrockers Amos Key. Amos Key owed great debts to Bach, Beethoven and Schumann, adding a heavy krautrock twist to a music closely resembling the Nice or Egg, full of angst and weird psychedelic and space-rock touches (Freeman Brothers: In A Crack In The Cosmic Egg). Amos Key lived in Munich and consisted of great organ-player Thomas Molin, congenial bass-player Andreas Gross and superb drummer Lutz Ludwig. This fairly competent outfit recorded the album on label \"Spiegelei\" just after they recorded their radio sessions (Amos Key, Keynotes, The Lost Tapes, SWF Session 1973, Long Hair, LHC 90). Sadly bandleader and organ-player Thomas Molin passed away in the 90ies but bass-player Andreas Gross tells the band story in a very vivid and funny way. Insert contains also a lot of photos. Sound is perfect; remastered from the original tape. Very great stuff! Don't miss it.","robots":{"index":"index","follow":"follow","max-snippet":"max-snippet:-1","max-image-preview":"max-image-preview:large","max-video-preview":"max-video-preview:-1"},"canonical":"https:\/\/wpguerssen-test.odoo.rgbconsulting.com\/es\/producto\/first-key-2\/","og_locale":"es_ES","og_type":"article","og_title":"AMOS KEY - First Key -  (CD) | Guerssen","og_description":"For the first time as a reissue on vinyl: The first and eponymous album of classical rock influenced great German krautrockers Amos Key. Amos Key owed great debts to Bach, Beethoven and Schumann, adding a heavy krautrock twist to a music closely resembling the Nice or Egg, full of angst and weird psychedelic and space-rock touches (Freeman Brothers: In A Crack In The Cosmic Egg). Amos Key lived in Munich and consisted of great organ-player Thomas Molin, congenial bass-player Andreas Gross and superb drummer Lutz Ludwig. This fairly competent outfit recorded the album on label \"Spiegelei\" just after they recorded their radio sessions (Amos Key, Keynotes, The Lost Tapes, SWF Session 1973, Long Hair, LHC 90). Sadly bandleader and organ-player Thomas Molin passed away in the 90ies but bass-player Andreas Gross tells the band story in a very vivid and funny way. Insert contains also a lot of photos. Sound is perfect; remastered from the original tape. Very great stuff! Don't miss it.","og_url":"https:\/\/wpguerssen-test.odoo.rgbconsulting.com\/es\/producto\/first-key-2\/","og_site_name":"Guerssen records","article_modified_time":"2025-01-31T13:01:13+00:00","og_image":[{"width":180,"height":180,"url":"https:\/\/wpguerssen-test.odoo.rgbconsulting.com\/wp-content\/uploads\/2024\/05\/47893.jpg","type":"image\/jpeg"}],"twitter_card":"summary_large_image","twitter_title":"AMOS KEY - First Key -  (CD) | Guerssen","twitter_misc":{"Tiempo de lectura":"1 minuto"},"schema":{"@context":"https:\/\/schema.org","@graph":[{"@type":"WebPage","@id":"https:\/\/wpguerssen-test.odoo.rgbconsulting.com\/es\/producto\/first-key-2\/","url":"https:\/\/wpguerssen-test.odoo.rgbconsulting.com\/es\/producto\/first-key-2\/","name":"AMOS KEY - First Key - (CD) | Guerssen","isPartOf":{"@id":"https:\/\/wpguerssen-test.odoo.rgbconsulting.com\/es\/#website"},"primaryImageOfPage":{"@id":"https:\/\/wpguerssen-test.odoo.rgbconsulting.com\/es\/producto\/first-key-2\/#primaryimage"},"image":{"@id":"https:\/\/wpguerssen-test.odoo.rgbconsulting.com\/es\/producto\/first-key-2\/#primaryimage"},"thumbnailUrl":"https:\/\/wpguerssen-test.odoo.rgbconsulting.com\/wp-content\/uploads\/2024\/05\/47893.jpg","datePublished":"2024-01-11T23:00:00+00:00","dateModified":"2025-01-31T13:01:13+00:00","description":"For the first time as a reissue on vinyl: The first and eponymous album of classical rock influenced great German krautrockers Amos Key. Amos Key owed great debts to Bach, Beethoven and Schumann, adding a heavy krautrock twist to a music closely resembling the Nice or Egg, full of angst and weird psychedelic and space-rock touches (Freeman Brothers: In A Crack In The Cosmic Egg). Amos Key lived in Munich and consisted of great organ-player Thomas Molin, congenial bass-player Andreas Gross and superb drummer Lutz Ludwig. This fairly competent outfit recorded the album on label \"Spiegelei\" just after they recorded their radio sessions (Amos Key, Keynotes, The Lost Tapes, SWF Session 1973, Long Hair, LHC 90). Sadly bandleader and organ-player Thomas Molin passed away in the 90ies but bass-player Andreas Gross tells the band story in a very vivid and funny way. Insert contains also a lot of photos. Sound is perfect; remastered from the original tape. Very great stuff! Don't miss it.","breadcrumb":{"@id":"https:\/\/wpguerssen-test.odoo.rgbconsulting.com\/es\/producto\/first-key-2\/#breadcrumb"},"inLanguage":"es","potentialAction":[{"@type":"ReadAction","target":["https:\/\/wpguerssen-test.odoo.rgbconsulting.com\/es\/producto\/first-key-2\/"]}]},{"@type":"ImageObject","inLanguage":"es","@id":"https:\/\/wpguerssen-test.odoo.rgbconsulting.com\/es\/producto\/first-key-2\/#primaryimage","url":"https:\/\/wpguerssen-test.odoo.rgbconsulting.com\/wp-content\/uploads\/2024\/05\/47893.jpg","contentUrl":"https:\/\/wpguerssen-test.odoo.rgbconsulting.com\/wp-content\/uploads\/2024\/05\/47893.jpg","width":180,"height":180},{"@type":"BreadcrumbList","@id":"https:\/\/wpguerssen-test.odoo.rgbconsulting.com\/es\/producto\/first-key-2\/#breadcrumb","itemListElement":[{"@type":"ListItem","position":1,"name":"Inicio","item":"https:\/\/wpguerssen-test.odoo.rgbconsulting.com\/es\/"},{"@type":"ListItem","position":2,"name":"Shop","item":"https:\/\/wpguerssen-test.odoo.rgbconsulting.com\/shop\/"},{"@type":"ListItem","position":3,"name":"First Key"}]},{"@type":"WebSite","@id":"https:\/\/wpguerssen-test.odoo.rgbconsulting.com\/es\/#website","url":"https:\/\/wpguerssen-test.odoo.rgbconsulting.com\/es\/","name":"Guerssen records","description":"psychedelia - progressive - folk - garage ","publisher":{"@id":"https:\/\/wpguerssen-test.odoo.rgbconsulting.com\/es\/#organization"},"potentialAction":[{"@type":"SearchAction","target":{"@type":"EntryPoint","urlTemplate":"https:\/\/wpguerssen-test.odoo.rgbconsulting.com\/es\/?s={search_term_string}"},"query-input":{"@type":"PropertyValueSpecification","valueRequired":true,"valueName":"search_term_string"}}],"inLanguage":"es"},{"@type":"Organization","@id":"https:\/\/wpguerssen-test.odoo.rgbconsulting.com\/es\/#organization","name":"Guerssen records","url":"https:\/\/wpguerssen-test.odoo.rgbconsulting.com\/es\/","logo":{"@type":"ImageObject","inLanguage":"es","@id":"https:\/\/wpguerssen-test.odoo.rgbconsulting.com\/es\/#\/schema\/logo\/image\/","url":"https:\/\/wpguerssen-test.odoo.rgbconsulting.com\/wp-content\/uploads\/2022\/04\/Logo_Guerssen_trans_100.png","contentUrl":"https:\/\/wpguerssen-test.odoo.rgbconsulting.com\/wp-content\/uploads\/2022\/04\/Logo_Guerssen_trans_100.png","width":122,"height":100,"caption":"Guerssen records"},"image":{"@id":"https:\/\/wpguerssen-test.odoo.rgbconsulting.com\/es\/#\/schema\/logo\/image\/"}}]}},"_links":{"self":[{"href":"https:\/\/wpguerssen-test.odoo.rgbconsulting.com\/es\/wp-json\/wp\/v2\/product\/267664","targetHints":{"allow":["GET"]}}],"collection":[{"href":"https:\/\/wpguerssen-test.odoo.rgbconsulting.com\/es\/wp-json\/wp\/v2\/product"}],"about":[{"href":"https:\/\/wpguerssen-test.odoo.rgbconsulting.com\/es\/wp-json\/wp\/v2\/types\/product"}],"wp:featuredmedia":[{"embeddable":true,"href":"https:\/\/wpguerssen-test.odoo.rgbconsulting.com\/es\/wp-json\/wp\/v2\/media\/267621"}],"wp:attachment":[{"href":"https:\/\/wpguerssen-test.odoo.rgbconsulting.com\/es\/wp-json\/wp\/v2\/media?parent=267664"}],"wp:term":[{"taxonomy":"product_brand","embeddable":true,"href":"https:\/\/wpguerssen-test.odoo.rgbconsulting.com\/es\/wp-json\/wp\/v2\/product_brand?post=267664"},{"taxonomy":"product_cat","embeddable":true,"href":"https:\/\/wpguerssen-test.odoo.rgbconsulting.com\/es\/wp-json\/wp\/v2\/product_cat?post=267664"},{"taxonomy":"product_tag","embeddable":true,"href":"https:\/\/wpguerssen-test.odoo.rgbconsulting.com\/es\/wp-json\/wp\/v2\/product_tag?post=267664"}],"curies":[{"name":"wp","href":"https:\/\/api.w.org\/{rel}","templated":true}]}}