{"id":267667,"date":"2025-03-25T00:00:00","date_gmt":"2025-03-24T23:00:00","guid":{"rendered":"https:\/\/wpguerssen-test.odoo.rgbconsulting.com\/product\/highdelberg\/"},"modified":"2025-03-25T16:27:02","modified_gmt":"2025-03-25T15:27:02","slug":"highdelberg","status":"publish","type":"product","link":"https:\/\/wpguerssen-test.odoo.rgbconsulting.com\/es\/producto\/highdelberg\/","title":{"rendered":"Highdelberg"},"content":{"rendered":"<p>Este es un lanzamiento oficial en cooperaci\u00f3n con Axe Genrich. Ax Genrich se uni\u00f3 a Guru Guru en 1970 como el extraordinario guitarrista de sus primeros cinco \u00e1lbumes. No se puede exagerar el talento de Ax Genrich, como uno de los guitarristas alemanes m\u00e1s fenomenales y \u00fanicos (Freeman Brothers en \u00abLa grieta en el huevo c\u00f3smico\u00bb). La m\u00fasica de su primer \u00e1lbum en solitario, Highdelberg, proviene de sesiones de grabaci\u00f3n con Conny Plank a los mandos y la m\u00fasica fue hecha por amigos que pasaban por all\u00ed para improvisar. Con artistas como Mani Neumeier, Cluster y 3\/4ths (Hattler, Wolbrandt, Fride) de Kraan a su lado, Genrich hizo sus primeras grabaciones desde que dej\u00f3 Guru Guru en 1973. El tema m\u00e1s destacado, &#8216;Kosmische Phyrze&#8217; es un 8- Minuto instrumental de ensue\u00f1o que contiene rock basado en guitarra y efectos de sonido electr\u00f3nicos proporcionados por Cluster, lo que da como resultado un sonido muy original. &#8216;Saure Drops Und Suesser Wein&#8217; contiene un sonido de rock rid\u00edculo que puede compararse con el LP hom\u00f3nimo de 1973 de Guru Guru. Este \u00abproyecto de sustituci\u00f3n\u00bb fue muy paralelo al \u00e1lbum MANI UND SEINE FREUNDE de Mani Neumeier. El \u00e1lbum ofrece varios estilos musicales en la l\u00ednea de Ax Genrich: bastante psicod\u00e9lico, ligeramente jazzy y blues tocados con mucha diversi\u00f3n y energ\u00eda. Esta versi\u00f3n en vinilo lanzada oficialmente viene con una hoja insertada del tama\u00f1o de una portada que contiene notas del propio Axe, fotograf\u00edas de su archivo y una nueva remasterizaci\u00f3n de Rocking Riesling Productions. \u00a1No te pierdas este \u00e1lbum legendario!<\/p>\n","protected":false},"excerpt":{"rendered":"<p>Este es un lanzamiento oficial en cooperaci\u00f3n con Axe Genrich. Ax Genrich se uni\u00f3 a Guru Guru en 1970 como el extraordinario guitarrista de sus primeros cinco \u00e1lbumes.<a class=\"read\" href=\"https:\/\/wpguerssen-test.odoo.rgbconsulting.com\/es\/producto\/highdelberg\/\"> (...)<\/a>","protected":false},"featured_media":267630,"template":"","meta":{"_acf_changed":false},"product_brand":[],"product_cat":[23230,23229],"product_tag":[24185],"class_list":{"0":"post-267667","1":"product","2":"type-product","3":"status-publish","4":"has-post-thumbnail","6":"product_cat-krautrock-es-2","7":"product_cat-jazz-rock-es","8":"product_tag-de-nuevo-en-existencia","9":"pa_artist-highdelberg","10":"pa_format-lp-es","11":"pa_gender-jazz-rock-krautrock","12":"pa_label-long-hair-es","13":"pa_location-europe-es","14":"pa_other-filters-vinyl-only-es","16":"first","17":"instock","18":"taxable","19":"shipping-taxable","20":"purchasable","21":"product-type-simple"},"acf":[],"yoast_head":"<!-- This site is optimized with the Yoast SEO plugin v24.9 - https:\/\/yoast.com\/wordpress\/plugins\/seo\/ -->\n<title>HIGHDELBERG - Highdelberg -  (LP) | Guerssen<\/title>\n<meta name=\"description\" content=\"This is an official release in cooperation with Ax Genrich. Ax Genrich joined Guru Guru in 1970 as the extraordinary guitarist on their first five albums. One can`t overstate Ax Genrich`s talent, as one of the most phenomenal and unique German guitarists (Freeman Brothers in &quot;The crack in the cosmic egg&quot;). The music on his first solo album Highdelberg comes from recording sessions with Conny Plank at the controls and the music was done by friends stopping by to jam. With the likes of Mani Neumeier, Cluster, and 3\/4ths (Hattler, Wolbrandt, Fride) of Kraan by his side, Genrich made his first recordings since leaving Guru Guru in 1973. The standout track, &#039;Kosmische Phyrze&#039; is a 8- minute dreamy instrumental containing guitar-based rock and electronic sound effects supplied by Cluster resulting in a very original sound. &#039;Saure Drops Und Suesser Wein&#039; contains a goofy rock sound which can be compared to Guru Guru&#039;s self-titled 1973 LP. This &quot;supersession project&quot; was very much in parallel to Mani Neumeier&#039;s MANI UND SEINE FREUNDE&quot; album. The album offers various musical styles in the Ax Genrich vein: rather psychedelic, slightly jazzy and bluesy played with a lot of fun and energy. This officially released vinyl version comes with cover sized insert sheet containing liner notes by Ax himself, photos from his archive and with a newly remastering by Rocking Riesling Productions. Don`t miss this legendary album!\" \/>\n<meta name=\"robots\" content=\"index, follow, max-snippet:-1, max-image-preview:large, max-video-preview:-1\" \/>\n<link rel=\"canonical\" href=\"https:\/\/wpguerssen-test.odoo.rgbconsulting.com\/es\/producto\/highdelberg\/\" \/>\n<meta property=\"og:locale\" content=\"es_ES\" \/>\n<meta property=\"og:type\" content=\"article\" \/>\n<meta property=\"og:title\" content=\"HIGHDELBERG - Highdelberg -  (LP) | Guerssen\" \/>\n<meta property=\"og:description\" content=\"This is an official release in cooperation with Ax Genrich. Ax Genrich joined Guru Guru in 1970 as the extraordinary guitarist on their first five albums. One can`t overstate Ax Genrich`s talent, as one of the most phenomenal and unique German guitarists (Freeman Brothers in &quot;The crack in the cosmic egg&quot;). The music on his first solo album Highdelberg comes from recording sessions with Conny Plank at the controls and the music was done by friends stopping by to jam. With the likes of Mani Neumeier, Cluster, and 3\/4ths (Hattler, Wolbrandt, Fride) of Kraan by his side, Genrich made his first recordings since leaving Guru Guru in 1973. The standout track, &#039;Kosmische Phyrze&#039; is a 8- minute dreamy instrumental containing guitar-based rock and electronic sound effects supplied by Cluster resulting in a very original sound. &#039;Saure Drops Und Suesser Wein&#039; contains a goofy rock sound which can be compared to Guru Guru&#039;s self-titled 1973 LP. This &quot;supersession project&quot; was very much in parallel to Mani Neumeier&#039;s MANI UND SEINE FREUNDE&quot; album. The album offers various musical styles in the Ax Genrich vein: rather psychedelic, slightly jazzy and bluesy played with a lot of fun and energy. This officially released vinyl version comes with cover sized insert sheet containing liner notes by Ax himself, photos from his archive and with a newly remastering by Rocking Riesling Productions. Don`t miss this legendary album!\" \/>\n<meta property=\"og:url\" content=\"https:\/\/wpguerssen-test.odoo.rgbconsulting.com\/es\/producto\/highdelberg\/\" \/>\n<meta property=\"og:site_name\" content=\"Guerssen records\" \/>\n<meta property=\"article:modified_time\" content=\"2025-03-25T15:27:02+00:00\" \/>\n<meta property=\"og:image\" content=\"https:\/\/wpguerssen-test.odoo.rgbconsulting.com\/wp-content\/uploads\/2024\/05\/47896.jpg\" \/>\n\t<meta property=\"og:image:width\" content=\"492\" \/>\n\t<meta property=\"og:image:height\" content=\"500\" \/>\n\t<meta property=\"og:image:type\" content=\"image\/jpeg\" \/>\n<meta name=\"twitter:card\" content=\"summary_large_image\" \/>\n<meta name=\"twitter:title\" content=\"HIGHDELBERG - Highdelberg -  (LP) | Guerssen\" \/>\n<meta name=\"twitter:label1\" content=\"Tiempo de lectura\" \/>\n\t<meta name=\"twitter:data1\" content=\"1 minuto\" \/>\n<script type=\"application\/ld+json\" class=\"yoast-schema-graph\">{\"@context\":\"https:\/\/schema.org\",\"@graph\":[{\"@type\":\"WebPage\",\"@id\":\"https:\/\/wpguerssen-test.odoo.rgbconsulting.com\/es\/producto\/highdelberg\/\",\"url\":\"https:\/\/wpguerssen-test.odoo.rgbconsulting.com\/es\/producto\/highdelberg\/\",\"name\":\"HIGHDELBERG - Highdelberg - (LP) | Guerssen\",\"isPartOf\":{\"@id\":\"https:\/\/wpguerssen-test.odoo.rgbconsulting.com\/es\/#website\"},\"primaryImageOfPage\":{\"@id\":\"https:\/\/wpguerssen-test.odoo.rgbconsulting.com\/es\/producto\/highdelberg\/#primaryimage\"},\"image\":{\"@id\":\"https:\/\/wpguerssen-test.odoo.rgbconsulting.com\/es\/producto\/highdelberg\/#primaryimage\"},\"thumbnailUrl\":\"https:\/\/wpguerssen-test.odoo.rgbconsulting.com\/wp-content\/uploads\/2024\/05\/47896.jpg\",\"datePublished\":\"2025-03-24T23:00:00+00:00\",\"dateModified\":\"2025-03-25T15:27:02+00:00\",\"description\":\"This is an official release in cooperation with Ax Genrich. Ax Genrich joined Guru Guru in 1970 as the extraordinary guitarist on their first five albums. One can`t overstate Ax Genrich`s talent, as one of the most phenomenal and unique German guitarists (Freeman Brothers in \\\"The crack in the cosmic egg\\\"). The music on his first solo album Highdelberg comes from recording sessions with Conny Plank at the controls and the music was done by friends stopping by to jam. With the likes of Mani Neumeier, Cluster, and 3\/4ths (Hattler, Wolbrandt, Fride) of Kraan by his side, Genrich made his first recordings since leaving Guru Guru in 1973. The standout track, 'Kosmische Phyrze' is a 8- minute dreamy instrumental containing guitar-based rock and electronic sound effects supplied by Cluster resulting in a very original sound. 'Saure Drops Und Suesser Wein' contains a goofy rock sound which can be compared to Guru Guru's self-titled 1973 LP. This \\\"supersession project\\\" was very much in parallel to Mani Neumeier's MANI UND SEINE FREUNDE\\\" album. The album offers various musical styles in the Ax Genrich vein: rather psychedelic, slightly jazzy and bluesy played with a lot of fun and energy. This officially released vinyl version comes with cover sized insert sheet containing liner notes by Ax himself, photos from his archive and with a newly remastering by Rocking Riesling Productions. Don`t miss this legendary album!\",\"breadcrumb\":{\"@id\":\"https:\/\/wpguerssen-test.odoo.rgbconsulting.com\/es\/producto\/highdelberg\/#breadcrumb\"},\"inLanguage\":\"es\",\"potentialAction\":[{\"@type\":\"ReadAction\",\"target\":[\"https:\/\/wpguerssen-test.odoo.rgbconsulting.com\/es\/producto\/highdelberg\/\"]}]},{\"@type\":\"ImageObject\",\"inLanguage\":\"es\",\"@id\":\"https:\/\/wpguerssen-test.odoo.rgbconsulting.com\/es\/producto\/highdelberg\/#primaryimage\",\"url\":\"https:\/\/wpguerssen-test.odoo.rgbconsulting.com\/wp-content\/uploads\/2024\/05\/47896.jpg\",\"contentUrl\":\"https:\/\/wpguerssen-test.odoo.rgbconsulting.com\/wp-content\/uploads\/2024\/05\/47896.jpg\",\"width\":492,\"height\":500},{\"@type\":\"BreadcrumbList\",\"@id\":\"https:\/\/wpguerssen-test.odoo.rgbconsulting.com\/es\/producto\/highdelberg\/#breadcrumb\",\"itemListElement\":[{\"@type\":\"ListItem\",\"position\":1,\"name\":\"Inicio\",\"item\":\"https:\/\/wpguerssen-test.odoo.rgbconsulting.com\/es\/\"},{\"@type\":\"ListItem\",\"position\":2,\"name\":\"Shop\",\"item\":\"https:\/\/wpguerssen-test.odoo.rgbconsulting.com\/shop\/\"},{\"@type\":\"ListItem\",\"position\":3,\"name\":\"Highdelberg\"}]},{\"@type\":\"WebSite\",\"@id\":\"https:\/\/wpguerssen-test.odoo.rgbconsulting.com\/es\/#website\",\"url\":\"https:\/\/wpguerssen-test.odoo.rgbconsulting.com\/es\/\",\"name\":\"Guerssen records\",\"description\":\"psychedelia - progressive - folk - garage \",\"publisher\":{\"@id\":\"https:\/\/wpguerssen-test.odoo.rgbconsulting.com\/es\/#organization\"},\"potentialAction\":[{\"@type\":\"SearchAction\",\"target\":{\"@type\":\"EntryPoint\",\"urlTemplate\":\"https:\/\/wpguerssen-test.odoo.rgbconsulting.com\/es\/?s={search_term_string}\"},\"query-input\":{\"@type\":\"PropertyValueSpecification\",\"valueRequired\":true,\"valueName\":\"search_term_string\"}}],\"inLanguage\":\"es\"},{\"@type\":\"Organization\",\"@id\":\"https:\/\/wpguerssen-test.odoo.rgbconsulting.com\/es\/#organization\",\"name\":\"Guerssen records\",\"url\":\"https:\/\/wpguerssen-test.odoo.rgbconsulting.com\/es\/\",\"logo\":{\"@type\":\"ImageObject\",\"inLanguage\":\"es\",\"@id\":\"https:\/\/wpguerssen-test.odoo.rgbconsulting.com\/es\/#\/schema\/logo\/image\/\",\"url\":\"https:\/\/wpguerssen-test.odoo.rgbconsulting.com\/wp-content\/uploads\/2022\/04\/Logo_Guerssen_trans_100.png\",\"contentUrl\":\"https:\/\/wpguerssen-test.odoo.rgbconsulting.com\/wp-content\/uploads\/2022\/04\/Logo_Guerssen_trans_100.png\",\"width\":122,\"height\":100,\"caption\":\"Guerssen records\"},\"image\":{\"@id\":\"https:\/\/wpguerssen-test.odoo.rgbconsulting.com\/es\/#\/schema\/logo\/image\/\"}}]}<\/script>\n<!-- \/ Yoast SEO plugin. -->","yoast_head_json":{"title":"HIGHDELBERG - Highdelberg -  (LP) | Guerssen","description":"This is an official release in cooperation with Ax Genrich. Ax Genrich joined Guru Guru in 1970 as the extraordinary guitarist on their first five albums. One can`t overstate Ax Genrich`s talent, as one of the most phenomenal and unique German guitarists (Freeman Brothers in \"The crack in the cosmic egg\"). The music on his first solo album Highdelberg comes from recording sessions with Conny Plank at the controls and the music was done by friends stopping by to jam. With the likes of Mani Neumeier, Cluster, and 3\/4ths (Hattler, Wolbrandt, Fride) of Kraan by his side, Genrich made his first recordings since leaving Guru Guru in 1973. The standout track, 'Kosmische Phyrze' is a 8- minute dreamy instrumental containing guitar-based rock and electronic sound effects supplied by Cluster resulting in a very original sound. 'Saure Drops Und Suesser Wein' contains a goofy rock sound which can be compared to Guru Guru's self-titled 1973 LP. This \"supersession project\" was very much in parallel to Mani Neumeier's MANI UND SEINE FREUNDE\" album. The album offers various musical styles in the Ax Genrich vein: rather psychedelic, slightly jazzy and bluesy played with a lot of fun and energy. This officially released vinyl version comes with cover sized insert sheet containing liner notes by Ax himself, photos from his archive and with a newly remastering by Rocking Riesling Productions. Don`t miss this legendary album!","robots":{"index":"index","follow":"follow","max-snippet":"max-snippet:-1","max-image-preview":"max-image-preview:large","max-video-preview":"max-video-preview:-1"},"canonical":"https:\/\/wpguerssen-test.odoo.rgbconsulting.com\/es\/producto\/highdelberg\/","og_locale":"es_ES","og_type":"article","og_title":"HIGHDELBERG - Highdelberg -  (LP) | Guerssen","og_description":"This is an official release in cooperation with Ax Genrich. Ax Genrich joined Guru Guru in 1970 as the extraordinary guitarist on their first five albums. One can`t overstate Ax Genrich`s talent, as one of the most phenomenal and unique German guitarists (Freeman Brothers in \"The crack in the cosmic egg\"). The music on his first solo album Highdelberg comes from recording sessions with Conny Plank at the controls and the music was done by friends stopping by to jam. With the likes of Mani Neumeier, Cluster, and 3\/4ths (Hattler, Wolbrandt, Fride) of Kraan by his side, Genrich made his first recordings since leaving Guru Guru in 1973. The standout track, 'Kosmische Phyrze' is a 8- minute dreamy instrumental containing guitar-based rock and electronic sound effects supplied by Cluster resulting in a very original sound. 'Saure Drops Und Suesser Wein' contains a goofy rock sound which can be compared to Guru Guru's self-titled 1973 LP. This \"supersession project\" was very much in parallel to Mani Neumeier's MANI UND SEINE FREUNDE\" album. The album offers various musical styles in the Ax Genrich vein: rather psychedelic, slightly jazzy and bluesy played with a lot of fun and energy. This officially released vinyl version comes with cover sized insert sheet containing liner notes by Ax himself, photos from his archive and with a newly remastering by Rocking Riesling Productions. Don`t miss this legendary album!","og_url":"https:\/\/wpguerssen-test.odoo.rgbconsulting.com\/es\/producto\/highdelberg\/","og_site_name":"Guerssen records","article_modified_time":"2025-03-25T15:27:02+00:00","og_image":[{"width":492,"height":500,"url":"https:\/\/wpguerssen-test.odoo.rgbconsulting.com\/wp-content\/uploads\/2024\/05\/47896.jpg","type":"image\/jpeg"}],"twitter_card":"summary_large_image","twitter_title":"HIGHDELBERG - Highdelberg -  (LP) | Guerssen","twitter_misc":{"Tiempo de lectura":"1 minuto"},"schema":{"@context":"https:\/\/schema.org","@graph":[{"@type":"WebPage","@id":"https:\/\/wpguerssen-test.odoo.rgbconsulting.com\/es\/producto\/highdelberg\/","url":"https:\/\/wpguerssen-test.odoo.rgbconsulting.com\/es\/producto\/highdelberg\/","name":"HIGHDELBERG - Highdelberg - (LP) | Guerssen","isPartOf":{"@id":"https:\/\/wpguerssen-test.odoo.rgbconsulting.com\/es\/#website"},"primaryImageOfPage":{"@id":"https:\/\/wpguerssen-test.odoo.rgbconsulting.com\/es\/producto\/highdelberg\/#primaryimage"},"image":{"@id":"https:\/\/wpguerssen-test.odoo.rgbconsulting.com\/es\/producto\/highdelberg\/#primaryimage"},"thumbnailUrl":"https:\/\/wpguerssen-test.odoo.rgbconsulting.com\/wp-content\/uploads\/2024\/05\/47896.jpg","datePublished":"2025-03-24T23:00:00+00:00","dateModified":"2025-03-25T15:27:02+00:00","description":"This is an official release in cooperation with Ax Genrich. Ax Genrich joined Guru Guru in 1970 as the extraordinary guitarist on their first five albums. One can`t overstate Ax Genrich`s talent, as one of the most phenomenal and unique German guitarists (Freeman Brothers in \"The crack in the cosmic egg\"). The music on his first solo album Highdelberg comes from recording sessions with Conny Plank at the controls and the music was done by friends stopping by to jam. With the likes of Mani Neumeier, Cluster, and 3\/4ths (Hattler, Wolbrandt, Fride) of Kraan by his side, Genrich made his first recordings since leaving Guru Guru in 1973. The standout track, 'Kosmische Phyrze' is a 8- minute dreamy instrumental containing guitar-based rock and electronic sound effects supplied by Cluster resulting in a very original sound. 'Saure Drops Und Suesser Wein' contains a goofy rock sound which can be compared to Guru Guru's self-titled 1973 LP. This \"supersession project\" was very much in parallel to Mani Neumeier's MANI UND SEINE FREUNDE\" album. The album offers various musical styles in the Ax Genrich vein: rather psychedelic, slightly jazzy and bluesy played with a lot of fun and energy. This officially released vinyl version comes with cover sized insert sheet containing liner notes by Ax himself, photos from his archive and with a newly remastering by Rocking Riesling Productions. Don`t miss this legendary album!","breadcrumb":{"@id":"https:\/\/wpguerssen-test.odoo.rgbconsulting.com\/es\/producto\/highdelberg\/#breadcrumb"},"inLanguage":"es","potentialAction":[{"@type":"ReadAction","target":["https:\/\/wpguerssen-test.odoo.rgbconsulting.com\/es\/producto\/highdelberg\/"]}]},{"@type":"ImageObject","inLanguage":"es","@id":"https:\/\/wpguerssen-test.odoo.rgbconsulting.com\/es\/producto\/highdelberg\/#primaryimage","url":"https:\/\/wpguerssen-test.odoo.rgbconsulting.com\/wp-content\/uploads\/2024\/05\/47896.jpg","contentUrl":"https:\/\/wpguerssen-test.odoo.rgbconsulting.com\/wp-content\/uploads\/2024\/05\/47896.jpg","width":492,"height":500},{"@type":"BreadcrumbList","@id":"https:\/\/wpguerssen-test.odoo.rgbconsulting.com\/es\/producto\/highdelberg\/#breadcrumb","itemListElement":[{"@type":"ListItem","position":1,"name":"Inicio","item":"https:\/\/wpguerssen-test.odoo.rgbconsulting.com\/es\/"},{"@type":"ListItem","position":2,"name":"Shop","item":"https:\/\/wpguerssen-test.odoo.rgbconsulting.com\/shop\/"},{"@type":"ListItem","position":3,"name":"Highdelberg"}]},{"@type":"WebSite","@id":"https:\/\/wpguerssen-test.odoo.rgbconsulting.com\/es\/#website","url":"https:\/\/wpguerssen-test.odoo.rgbconsulting.com\/es\/","name":"Guerssen records","description":"psychedelia - progressive - folk - garage ","publisher":{"@id":"https:\/\/wpguerssen-test.odoo.rgbconsulting.com\/es\/#organization"},"potentialAction":[{"@type":"SearchAction","target":{"@type":"EntryPoint","urlTemplate":"https:\/\/wpguerssen-test.odoo.rgbconsulting.com\/es\/?s={search_term_string}"},"query-input":{"@type":"PropertyValueSpecification","valueRequired":true,"valueName":"search_term_string"}}],"inLanguage":"es"},{"@type":"Organization","@id":"https:\/\/wpguerssen-test.odoo.rgbconsulting.com\/es\/#organization","name":"Guerssen records","url":"https:\/\/wpguerssen-test.odoo.rgbconsulting.com\/es\/","logo":{"@type":"ImageObject","inLanguage":"es","@id":"https:\/\/wpguerssen-test.odoo.rgbconsulting.com\/es\/#\/schema\/logo\/image\/","url":"https:\/\/wpguerssen-test.odoo.rgbconsulting.com\/wp-content\/uploads\/2022\/04\/Logo_Guerssen_trans_100.png","contentUrl":"https:\/\/wpguerssen-test.odoo.rgbconsulting.com\/wp-content\/uploads\/2022\/04\/Logo_Guerssen_trans_100.png","width":122,"height":100,"caption":"Guerssen records"},"image":{"@id":"https:\/\/wpguerssen-test.odoo.rgbconsulting.com\/es\/#\/schema\/logo\/image\/"}}]}},"_links":{"self":[{"href":"https:\/\/wpguerssen-test.odoo.rgbconsulting.com\/es\/wp-json\/wp\/v2\/product\/267667","targetHints":{"allow":["GET"]}}],"collection":[{"href":"https:\/\/wpguerssen-test.odoo.rgbconsulting.com\/es\/wp-json\/wp\/v2\/product"}],"about":[{"href":"https:\/\/wpguerssen-test.odoo.rgbconsulting.com\/es\/wp-json\/wp\/v2\/types\/product"}],"wp:featuredmedia":[{"embeddable":true,"href":"https:\/\/wpguerssen-test.odoo.rgbconsulting.com\/es\/wp-json\/wp\/v2\/media\/267630"}],"wp:attachment":[{"href":"https:\/\/wpguerssen-test.odoo.rgbconsulting.com\/es\/wp-json\/wp\/v2\/media?parent=267667"}],"wp:term":[{"taxonomy":"product_brand","embeddable":true,"href":"https:\/\/wpguerssen-test.odoo.rgbconsulting.com\/es\/wp-json\/wp\/v2\/product_brand?post=267667"},{"taxonomy":"product_cat","embeddable":true,"href":"https:\/\/wpguerssen-test.odoo.rgbconsulting.com\/es\/wp-json\/wp\/v2\/product_cat?post=267667"},{"taxonomy":"product_tag","embeddable":true,"href":"https:\/\/wpguerssen-test.odoo.rgbconsulting.com\/es\/wp-json\/wp\/v2\/product_tag?post=267667"}],"curies":[{"name":"wp","href":"https:\/\/api.w.org\/{rel}","templated":true}]}}