{"id":267685,"date":"2025-01-21T00:00:00","date_gmt":"2025-01-20T23:00:00","guid":{"rendered":"https:\/\/wpguerssen-test.odoo.rgbconsulting.com\/product\/california-dreaming-limited-gatefold\/"},"modified":"2025-03-28T12:40:06","modified_gmt":"2025-03-28T11:40:06","slug":"california-dreaming-limited-gatefold","status":"publish","type":"product","link":"https:\/\/wpguerssen-test.odoo.rgbconsulting.com\/es\/producto\/california-dreaming-limited-gatefold\/","title":{"rendered":"California Dreaming (Limited Gatefold)"},"content":{"rendered":"<p>Lanzado en 1967, California Dreaming fue el \u00faltimo \u00e1lbum de Wes Montgomery para Verve (aparte de una emocionante colaboraci\u00f3n con Jimmy Smith). Es una cita orquestal extraordinaria con arreglos de Don Sebesky y solistas como el pianista Herbie Hancock y el percusionista Ray Barretto. Las canciones (entre las que se incluyen \u00abSunny\u00bb y el tema principal \u00abCalifornia Dreaming\u00bb) son en este caso en su mayor\u00eda material pop de la \u00e9poca, del que el gran int\u00e9rprete extrae sonidos m\u00e1gicos. El \u00e1lbum alcanz\u00f3 el n\u00famero 1 en la lista de \u00e1lbumes de jazz de Billboard y el n\u00famero 4 en la lista de R&#038;B, y fue uno de los \u00faltimos grandes trabajos de Montgomery, cuyo estilo de guitarra posterior influy\u00f3 en el jazz fusi\u00f3n y el smooth jazz. En la cima de su popularidad, el guitarrista muri\u00f3 inesperadamente de un infarto el 15 de junio de 1968, a la edad de 45 a\u00f1os.<\/p>\n","protected":false},"excerpt":{"rendered":"<p>Lanzado en 1967, California Dreaming fue el \u00faltimo \u00e1lbum de Wes Montgomery para Verve (aparte de una emocionante colaboraci\u00f3n con Jimmy Smith). Es una cita orquestal<a class=\"read\" href=\"https:\/\/wpguerssen-test.odoo.rgbconsulting.com\/es\/producto\/california-dreaming-limited-gatefold\/\"> (...)<\/a>","protected":false},"featured_media":267849,"template":"","meta":{"_acf_changed":false},"product_brand":[],"product_cat":[23227],"product_tag":[],"class_list":{"0":"post-267685","1":"product","2":"type-product","3":"status-publish","4":"has-post-thumbnail","6":"product_cat-jazz-es","7":"pa_artist-montgomery-wes","8":"pa_format-lp-es","9":"pa_gender-jazz","10":"pa_label-elemental-music","11":"pa_location-north-america-es","12":"pa_other-filters-vinyl-only-es","14":"first","15":"instock","16":"taxable","17":"shipping-taxable","18":"purchasable","19":"product-type-simple"},"acf":[],"yoast_head":"<!-- This site is optimized with the Yoast SEO plugin v24.9 - https:\/\/yoast.com\/wordpress\/plugins\/seo\/ -->\n<title>MONTGOMERY, Wes - California Dreaming (Limited Gatefold) -  (LP) | Guerssen<\/title>\n<meta name=\"description\" content=\"Released in 1967, California Dreaming was Wes Montgomery&#039;s last album for Verve (other than an exciting collaboration with Jimmy Smith). It&#039;s an extraordinary orchestral date featuring arrangements by Don Sebesky that showcases soloists such as pianist Herbie Hancock and percussionist Ray Barretto. The songs (which include &quot;Sunny&quot; and the title tune &quot;California Dreaming&quot;) are in this case mostly pop material of the era, from which the great performer extracts magic sounds. The album reached No. 1 on the Billboard jazz album chart and No. 4 on the R&amp;B chart, and was one of the last great works by Montgomery, whose later guitar style influenced jazz fusion and smooth jazz. At the peak of his popularity, the guitarist unexpectedly died of a heart attack on June 15, 1968, at the age of 45.\" \/>\n<meta name=\"robots\" content=\"index, follow, max-snippet:-1, max-image-preview:large, max-video-preview:-1\" \/>\n<link rel=\"canonical\" href=\"https:\/\/wpguerssen-test.odoo.rgbconsulting.com\/es\/producto\/california-dreaming-limited-gatefold\/\" \/>\n<meta property=\"og:locale\" content=\"es_ES\" \/>\n<meta property=\"og:type\" content=\"article\" \/>\n<meta property=\"og:title\" content=\"MONTGOMERY, Wes - California Dreaming (Limited Gatefold) -  (LP) | Guerssen\" \/>\n<meta property=\"og:description\" content=\"Released in 1967, California Dreaming was Wes Montgomery&#039;s last album for Verve (other than an exciting collaboration with Jimmy Smith). It&#039;s an extraordinary orchestral date featuring arrangements by Don Sebesky that showcases soloists such as pianist Herbie Hancock and percussionist Ray Barretto. The songs (which include &quot;Sunny&quot; and the title tune &quot;California Dreaming&quot;) are in this case mostly pop material of the era, from which the great performer extracts magic sounds. The album reached No. 1 on the Billboard jazz album chart and No. 4 on the R&amp;B chart, and was one of the last great works by Montgomery, whose later guitar style influenced jazz fusion and smooth jazz. At the peak of his popularity, the guitarist unexpectedly died of a heart attack on June 15, 1968, at the age of 45.\" \/>\n<meta property=\"og:url\" content=\"https:\/\/wpguerssen-test.odoo.rgbconsulting.com\/es\/producto\/california-dreaming-limited-gatefold\/\" \/>\n<meta property=\"og:site_name\" content=\"Guerssen records\" \/>\n<meta property=\"article:modified_time\" content=\"2025-03-28T11:40:06+00:00\" \/>\n<meta property=\"og:image\" content=\"https:\/\/wpguerssen-test.odoo.rgbconsulting.com\/wp-content\/uploads\/2024\/05\/47900.jpg\" \/>\n\t<meta property=\"og:image:width\" content=\"273\" \/>\n\t<meta property=\"og:image:height\" content=\"273\" \/>\n\t<meta property=\"og:image:type\" content=\"image\/jpeg\" \/>\n<meta name=\"twitter:card\" content=\"summary_large_image\" \/>\n<meta name=\"twitter:title\" content=\"MONTGOMERY, Wes - California Dreaming (Limited Gatefold) -  (LP) | Guerssen\" \/>\n<meta name=\"twitter:label1\" content=\"Tiempo de lectura\" \/>\n\t<meta name=\"twitter:data1\" content=\"1 minuto\" \/>\n<script type=\"application\/ld+json\" class=\"yoast-schema-graph\">{\"@context\":\"https:\/\/schema.org\",\"@graph\":[{\"@type\":\"WebPage\",\"@id\":\"https:\/\/wpguerssen-test.odoo.rgbconsulting.com\/es\/producto\/california-dreaming-limited-gatefold\/\",\"url\":\"https:\/\/wpguerssen-test.odoo.rgbconsulting.com\/es\/producto\/california-dreaming-limited-gatefold\/\",\"name\":\"MONTGOMERY, Wes - California Dreaming (Limited Gatefold) - (LP) | Guerssen\",\"isPartOf\":{\"@id\":\"https:\/\/wpguerssen-test.odoo.rgbconsulting.com\/es\/#website\"},\"primaryImageOfPage\":{\"@id\":\"https:\/\/wpguerssen-test.odoo.rgbconsulting.com\/es\/producto\/california-dreaming-limited-gatefold\/#primaryimage\"},\"image\":{\"@id\":\"https:\/\/wpguerssen-test.odoo.rgbconsulting.com\/es\/producto\/california-dreaming-limited-gatefold\/#primaryimage\"},\"thumbnailUrl\":\"https:\/\/wpguerssen-test.odoo.rgbconsulting.com\/wp-content\/uploads\/2024\/05\/47900.jpg\",\"datePublished\":\"2025-01-20T23:00:00+00:00\",\"dateModified\":\"2025-03-28T11:40:06+00:00\",\"description\":\"Released in 1967, California Dreaming was Wes Montgomery's last album for Verve (other than an exciting collaboration with Jimmy Smith). It's an extraordinary orchestral date featuring arrangements by Don Sebesky that showcases soloists such as pianist Herbie Hancock and percussionist Ray Barretto. The songs (which include \\\"Sunny\\\" and the title tune \\\"California Dreaming\\\") are in this case mostly pop material of the era, from which the great performer extracts magic sounds. The album reached No. 1 on the Billboard jazz album chart and No. 4 on the R&B chart, and was one of the last great works by Montgomery, whose later guitar style influenced jazz fusion and smooth jazz. At the peak of his popularity, the guitarist unexpectedly died of a heart attack on June 15, 1968, at the age of 45.\",\"breadcrumb\":{\"@id\":\"https:\/\/wpguerssen-test.odoo.rgbconsulting.com\/es\/producto\/california-dreaming-limited-gatefold\/#breadcrumb\"},\"inLanguage\":\"es\",\"potentialAction\":[{\"@type\":\"ReadAction\",\"target\":[\"https:\/\/wpguerssen-test.odoo.rgbconsulting.com\/es\/producto\/california-dreaming-limited-gatefold\/\"]}]},{\"@type\":\"ImageObject\",\"inLanguage\":\"es\",\"@id\":\"https:\/\/wpguerssen-test.odoo.rgbconsulting.com\/es\/producto\/california-dreaming-limited-gatefold\/#primaryimage\",\"url\":\"https:\/\/wpguerssen-test.odoo.rgbconsulting.com\/wp-content\/uploads\/2024\/05\/47900.jpg\",\"contentUrl\":\"https:\/\/wpguerssen-test.odoo.rgbconsulting.com\/wp-content\/uploads\/2024\/05\/47900.jpg\",\"width\":273,\"height\":273,\"caption\":\"Wes - California Dreaming (Limited Gatefold) - ELEMENTAL MUSIC (LP) | Guerssen\"},{\"@type\":\"BreadcrumbList\",\"@id\":\"https:\/\/wpguerssen-test.odoo.rgbconsulting.com\/es\/producto\/california-dreaming-limited-gatefold\/#breadcrumb\",\"itemListElement\":[{\"@type\":\"ListItem\",\"position\":1,\"name\":\"Inicio\",\"item\":\"https:\/\/wpguerssen-test.odoo.rgbconsulting.com\/es\/\"},{\"@type\":\"ListItem\",\"position\":2,\"name\":\"Shop\",\"item\":\"https:\/\/wpguerssen-test.odoo.rgbconsulting.com\/shop\/\"},{\"@type\":\"ListItem\",\"position\":3,\"name\":\"California Dreaming (Limited Gatefold)\"}]},{\"@type\":\"WebSite\",\"@id\":\"https:\/\/wpguerssen-test.odoo.rgbconsulting.com\/es\/#website\",\"url\":\"https:\/\/wpguerssen-test.odoo.rgbconsulting.com\/es\/\",\"name\":\"Guerssen records\",\"description\":\"psychedelia - progressive - folk - garage \",\"publisher\":{\"@id\":\"https:\/\/wpguerssen-test.odoo.rgbconsulting.com\/es\/#organization\"},\"potentialAction\":[{\"@type\":\"SearchAction\",\"target\":{\"@type\":\"EntryPoint\",\"urlTemplate\":\"https:\/\/wpguerssen-test.odoo.rgbconsulting.com\/es\/?s={search_term_string}\"},\"query-input\":{\"@type\":\"PropertyValueSpecification\",\"valueRequired\":true,\"valueName\":\"search_term_string\"}}],\"inLanguage\":\"es\"},{\"@type\":\"Organization\",\"@id\":\"https:\/\/wpguerssen-test.odoo.rgbconsulting.com\/es\/#organization\",\"name\":\"Guerssen records\",\"url\":\"https:\/\/wpguerssen-test.odoo.rgbconsulting.com\/es\/\",\"logo\":{\"@type\":\"ImageObject\",\"inLanguage\":\"es\",\"@id\":\"https:\/\/wpguerssen-test.odoo.rgbconsulting.com\/es\/#\/schema\/logo\/image\/\",\"url\":\"https:\/\/wpguerssen-test.odoo.rgbconsulting.com\/wp-content\/uploads\/2022\/04\/Logo_Guerssen_trans_100.png\",\"contentUrl\":\"https:\/\/wpguerssen-test.odoo.rgbconsulting.com\/wp-content\/uploads\/2022\/04\/Logo_Guerssen_trans_100.png\",\"width\":122,\"height\":100,\"caption\":\"Guerssen records\"},\"image\":{\"@id\":\"https:\/\/wpguerssen-test.odoo.rgbconsulting.com\/es\/#\/schema\/logo\/image\/\"}}]}<\/script>\n<!-- \/ Yoast SEO plugin. -->","yoast_head_json":{"title":"MONTGOMERY, Wes - California Dreaming (Limited Gatefold) -  (LP) | Guerssen","description":"Released in 1967, California Dreaming was Wes Montgomery's last album for Verve (other than an exciting collaboration with Jimmy Smith). It's an extraordinary orchestral date featuring arrangements by Don Sebesky that showcases soloists such as pianist Herbie Hancock and percussionist Ray Barretto. The songs (which include \"Sunny\" and the title tune \"California Dreaming\") are in this case mostly pop material of the era, from which the great performer extracts magic sounds. The album reached No. 1 on the Billboard jazz album chart and No. 4 on the R&B chart, and was one of the last great works by Montgomery, whose later guitar style influenced jazz fusion and smooth jazz. At the peak of his popularity, the guitarist unexpectedly died of a heart attack on June 15, 1968, at the age of 45.","robots":{"index":"index","follow":"follow","max-snippet":"max-snippet:-1","max-image-preview":"max-image-preview:large","max-video-preview":"max-video-preview:-1"},"canonical":"https:\/\/wpguerssen-test.odoo.rgbconsulting.com\/es\/producto\/california-dreaming-limited-gatefold\/","og_locale":"es_ES","og_type":"article","og_title":"MONTGOMERY, Wes - California Dreaming (Limited Gatefold) -  (LP) | Guerssen","og_description":"Released in 1967, California Dreaming was Wes Montgomery's last album for Verve (other than an exciting collaboration with Jimmy Smith). It's an extraordinary orchestral date featuring arrangements by Don Sebesky that showcases soloists such as pianist Herbie Hancock and percussionist Ray Barretto. The songs (which include \"Sunny\" and the title tune \"California Dreaming\") are in this case mostly pop material of the era, from which the great performer extracts magic sounds. The album reached No. 1 on the Billboard jazz album chart and No. 4 on the R&B chart, and was one of the last great works by Montgomery, whose later guitar style influenced jazz fusion and smooth jazz. At the peak of his popularity, the guitarist unexpectedly died of a heart attack on June 15, 1968, at the age of 45.","og_url":"https:\/\/wpguerssen-test.odoo.rgbconsulting.com\/es\/producto\/california-dreaming-limited-gatefold\/","og_site_name":"Guerssen records","article_modified_time":"2025-03-28T11:40:06+00:00","og_image":[{"width":273,"height":273,"url":"https:\/\/wpguerssen-test.odoo.rgbconsulting.com\/wp-content\/uploads\/2024\/05\/47900.jpg","type":"image\/jpeg"}],"twitter_card":"summary_large_image","twitter_title":"MONTGOMERY, Wes - California Dreaming (Limited Gatefold) -  (LP) | Guerssen","twitter_misc":{"Tiempo de lectura":"1 minuto"},"schema":{"@context":"https:\/\/schema.org","@graph":[{"@type":"WebPage","@id":"https:\/\/wpguerssen-test.odoo.rgbconsulting.com\/es\/producto\/california-dreaming-limited-gatefold\/","url":"https:\/\/wpguerssen-test.odoo.rgbconsulting.com\/es\/producto\/california-dreaming-limited-gatefold\/","name":"MONTGOMERY, Wes - California Dreaming (Limited Gatefold) - (LP) | Guerssen","isPartOf":{"@id":"https:\/\/wpguerssen-test.odoo.rgbconsulting.com\/es\/#website"},"primaryImageOfPage":{"@id":"https:\/\/wpguerssen-test.odoo.rgbconsulting.com\/es\/producto\/california-dreaming-limited-gatefold\/#primaryimage"},"image":{"@id":"https:\/\/wpguerssen-test.odoo.rgbconsulting.com\/es\/producto\/california-dreaming-limited-gatefold\/#primaryimage"},"thumbnailUrl":"https:\/\/wpguerssen-test.odoo.rgbconsulting.com\/wp-content\/uploads\/2024\/05\/47900.jpg","datePublished":"2025-01-20T23:00:00+00:00","dateModified":"2025-03-28T11:40:06+00:00","description":"Released in 1967, California Dreaming was Wes Montgomery's last album for Verve (other than an exciting collaboration with Jimmy Smith). It's an extraordinary orchestral date featuring arrangements by Don Sebesky that showcases soloists such as pianist Herbie Hancock and percussionist Ray Barretto. The songs (which include \"Sunny\" and the title tune \"California Dreaming\") are in this case mostly pop material of the era, from which the great performer extracts magic sounds. The album reached No. 1 on the Billboard jazz album chart and No. 4 on the R&B chart, and was one of the last great works by Montgomery, whose later guitar style influenced jazz fusion and smooth jazz. At the peak of his popularity, the guitarist unexpectedly died of a heart attack on June 15, 1968, at the age of 45.","breadcrumb":{"@id":"https:\/\/wpguerssen-test.odoo.rgbconsulting.com\/es\/producto\/california-dreaming-limited-gatefold\/#breadcrumb"},"inLanguage":"es","potentialAction":[{"@type":"ReadAction","target":["https:\/\/wpguerssen-test.odoo.rgbconsulting.com\/es\/producto\/california-dreaming-limited-gatefold\/"]}]},{"@type":"ImageObject","inLanguage":"es","@id":"https:\/\/wpguerssen-test.odoo.rgbconsulting.com\/es\/producto\/california-dreaming-limited-gatefold\/#primaryimage","url":"https:\/\/wpguerssen-test.odoo.rgbconsulting.com\/wp-content\/uploads\/2024\/05\/47900.jpg","contentUrl":"https:\/\/wpguerssen-test.odoo.rgbconsulting.com\/wp-content\/uploads\/2024\/05\/47900.jpg","width":273,"height":273,"caption":"Wes - California Dreaming (Limited Gatefold) - ELEMENTAL MUSIC (LP) | Guerssen"},{"@type":"BreadcrumbList","@id":"https:\/\/wpguerssen-test.odoo.rgbconsulting.com\/es\/producto\/california-dreaming-limited-gatefold\/#breadcrumb","itemListElement":[{"@type":"ListItem","position":1,"name":"Inicio","item":"https:\/\/wpguerssen-test.odoo.rgbconsulting.com\/es\/"},{"@type":"ListItem","position":2,"name":"Shop","item":"https:\/\/wpguerssen-test.odoo.rgbconsulting.com\/shop\/"},{"@type":"ListItem","position":3,"name":"California Dreaming (Limited Gatefold)"}]},{"@type":"WebSite","@id":"https:\/\/wpguerssen-test.odoo.rgbconsulting.com\/es\/#website","url":"https:\/\/wpguerssen-test.odoo.rgbconsulting.com\/es\/","name":"Guerssen records","description":"psychedelia - progressive - folk - garage ","publisher":{"@id":"https:\/\/wpguerssen-test.odoo.rgbconsulting.com\/es\/#organization"},"potentialAction":[{"@type":"SearchAction","target":{"@type":"EntryPoint","urlTemplate":"https:\/\/wpguerssen-test.odoo.rgbconsulting.com\/es\/?s={search_term_string}"},"query-input":{"@type":"PropertyValueSpecification","valueRequired":true,"valueName":"search_term_string"}}],"inLanguage":"es"},{"@type":"Organization","@id":"https:\/\/wpguerssen-test.odoo.rgbconsulting.com\/es\/#organization","name":"Guerssen records","url":"https:\/\/wpguerssen-test.odoo.rgbconsulting.com\/es\/","logo":{"@type":"ImageObject","inLanguage":"es","@id":"https:\/\/wpguerssen-test.odoo.rgbconsulting.com\/es\/#\/schema\/logo\/image\/","url":"https:\/\/wpguerssen-test.odoo.rgbconsulting.com\/wp-content\/uploads\/2022\/04\/Logo_Guerssen_trans_100.png","contentUrl":"https:\/\/wpguerssen-test.odoo.rgbconsulting.com\/wp-content\/uploads\/2022\/04\/Logo_Guerssen_trans_100.png","width":122,"height":100,"caption":"Guerssen records"},"image":{"@id":"https:\/\/wpguerssen-test.odoo.rgbconsulting.com\/es\/#\/schema\/logo\/image\/"}}]}},"_links":{"self":[{"href":"https:\/\/wpguerssen-test.odoo.rgbconsulting.com\/es\/wp-json\/wp\/v2\/product\/267685","targetHints":{"allow":["GET"]}}],"collection":[{"href":"https:\/\/wpguerssen-test.odoo.rgbconsulting.com\/es\/wp-json\/wp\/v2\/product"}],"about":[{"href":"https:\/\/wpguerssen-test.odoo.rgbconsulting.com\/es\/wp-json\/wp\/v2\/types\/product"}],"wp:featuredmedia":[{"embeddable":true,"href":"https:\/\/wpguerssen-test.odoo.rgbconsulting.com\/es\/wp-json\/wp\/v2\/media\/267849"}],"wp:attachment":[{"href":"https:\/\/wpguerssen-test.odoo.rgbconsulting.com\/es\/wp-json\/wp\/v2\/media?parent=267685"}],"wp:term":[{"taxonomy":"product_brand","embeddable":true,"href":"https:\/\/wpguerssen-test.odoo.rgbconsulting.com\/es\/wp-json\/wp\/v2\/product_brand?post=267685"},{"taxonomy":"product_cat","embeddable":true,"href":"https:\/\/wpguerssen-test.odoo.rgbconsulting.com\/es\/wp-json\/wp\/v2\/product_cat?post=267685"},{"taxonomy":"product_tag","embeddable":true,"href":"https:\/\/wpguerssen-test.odoo.rgbconsulting.com\/es\/wp-json\/wp\/v2\/product_tag?post=267685"}],"curies":[{"name":"wp","href":"https:\/\/api.w.org\/{rel}","templated":true}]}}