{"id":267688,"date":"2021-08-24T00:00:00","date_gmt":"2021-08-23T22:00:00","guid":{"rendered":"https:\/\/wpguerssen-test.odoo.rgbconsulting.com\/product\/jimmy-wes-the-dynamic-duo\/"},"modified":"2024-12-16T18:00:14","modified_gmt":"2024-12-16T17:00:14","slug":"jimmy-wes-the-dynamic-duo","status":"publish","type":"product","link":"https:\/\/wpguerssen-test.odoo.rgbconsulting.com\/es\/producto\/jimmy-wes-the-dynamic-duo\/","title":{"rendered":"Jimmy &#038; Wes (The Dynamic Duo)"},"content":{"rendered":"<p>El primero y mejor de los dos \u00e1lbumes colaborativos del organista Jimmy Smith y el guitarrista Wes Montgomery, Jimmy &#038; Wes: The Dynamic Duo fue grabado en 1966 y presenta arreglos de Oliver Nelson. Con frecuencia figura entre los mejores \u00e1lbumes de Jimmy Smith. El disco de seguimiento del d\u00fao, Further Adventures of Jimmy and Wes, fue grabado durante las mismas sesiones y lanzado en 1968. El cr\u00edtico de Al\/Music Richard S. Ginell le dio a The Dynamic Duo la calificaci\u00f3n m\u00e1xima de 5 estrellas, afirmando que \u00abCreed Taylor reuni\u00f3 a dos de sus artistas m\u00e1s famosos, Wes Montgomery y Jimmy Smith, en esta sesi\u00f3n (la \u00faltima de Montgomery para Verve), y los resultados son incendiarios: un encuentro casi ideal del yin y el yang llega a tu garganta con su Smith. Grandes ataques y corridas de blues mientras Montgomery responde con octavas m\u00e1s redondas y suaves y notas individuales que a\u00fan transmiten mucho calor. Son una pareja incre\u00edble\u00bb.<\/p>\n","protected":false},"excerpt":{"rendered":"<p>El primero y mejor de los dos \u00e1lbumes colaborativos del organista Jimmy Smith y el guitarrista Wes Montgomery, Jimmy &#038; Wes: The Dynamic Duo fue grabado en 1966<a class=\"read\" href=\"https:\/\/wpguerssen-test.odoo.rgbconsulting.com\/es\/producto\/jimmy-wes-the-dynamic-duo\/\"> (...)<\/a>","protected":false},"featured_media":267855,"template":"","meta":{"_acf_changed":false},"product_brand":[],"product_cat":[23227],"product_tag":[],"class_list":{"0":"post-267688","1":"product","2":"type-product","3":"status-publish","4":"has-post-thumbnail","6":"product_cat-jazz-es","7":"pa_artist-smith-jimmy","8":"pa_format-lp-es","9":"pa_gender-jazz","10":"pa_label-elemental-music","11":"pa_location-north-america-es","12":"pa_other-filters-vinyl-only-es","14":"first","15":"instock","16":"taxable","17":"shipping-taxable","18":"purchasable","19":"product-type-simple"},"acf":[],"yoast_head":"<!-- This site is optimized with the Yoast SEO plugin v24.9 - https:\/\/yoast.com\/wordpress\/plugins\/seo\/ -->\n<title>SMITH, Jimmy - Jimmy &amp; Wes (The Dynamic Duo) -  (LP) | Guerssen<\/title>\n<meta name=\"description\" content=\"The first and best out of just two collaborative albums by organist Jimmy Smith and guitarist Wes Montgomery, Jimmy &amp; Wes: The Dynamic Duo was recorded in 1966 and features arrangements by Oliver Nelson. It is frequently listed among Jimmy Smith&#039;s best albums. The duo&#039;s follow-up record, Further Adventures of Jimmy and Wes, was taped during the same sessions and released in 1968. Al\/Music critic Richard S. Ginell gave The Dynamic Duo the maximum * * * * * rating, stating that &quot;Creed Taylor matched two of his most famous artists, Wes Montgomery and Jimmy Smith, on this session (Montgomery&#039;s last for Verve), and the results are incendiary- a near-ideal meeting of yin a.nd yang. Smith comes at your throat with his big attacks and blues runs while Montgomery responds with rounder, smoother octaves and single notes that still convey much heat. They are an amazing pair.&quot;\" \/>\n<meta name=\"robots\" content=\"index, follow, max-snippet:-1, max-image-preview:large, max-video-preview:-1\" \/>\n<link rel=\"canonical\" href=\"https:\/\/wpguerssen-test.odoo.rgbconsulting.com\/es\/producto\/jimmy-wes-the-dynamic-duo\/\" \/>\n<meta property=\"og:locale\" content=\"es_ES\" \/>\n<meta property=\"og:type\" content=\"article\" \/>\n<meta property=\"og:title\" content=\"SMITH, Jimmy - Jimmy &amp; Wes (The Dynamic Duo) -  (LP) | Guerssen\" \/>\n<meta property=\"og:description\" content=\"The first and best out of just two collaborative albums by organist Jimmy Smith and guitarist Wes Montgomery, Jimmy &amp; Wes: The Dynamic Duo was recorded in 1966 and features arrangements by Oliver Nelson. It is frequently listed among Jimmy Smith&#039;s best albums. The duo&#039;s follow-up record, Further Adventures of Jimmy and Wes, was taped during the same sessions and released in 1968. Al\/Music critic Richard S. Ginell gave The Dynamic Duo the maximum * * * * * rating, stating that &quot;Creed Taylor matched two of his most famous artists, Wes Montgomery and Jimmy Smith, on this session (Montgomery&#039;s last for Verve), and the results are incendiary- a near-ideal meeting of yin a.nd yang. Smith comes at your throat with his big attacks and blues runs while Montgomery responds with rounder, smoother octaves and single notes that still convey much heat. They are an amazing pair.&quot;\" \/>\n<meta property=\"og:url\" content=\"https:\/\/wpguerssen-test.odoo.rgbconsulting.com\/es\/producto\/jimmy-wes-the-dynamic-duo\/\" \/>\n<meta property=\"og:site_name\" content=\"Guerssen records\" \/>\n<meta property=\"article:modified_time\" content=\"2024-12-16T17:00:14+00:00\" \/>\n<meta property=\"og:image\" content=\"https:\/\/wpguerssen-test.odoo.rgbconsulting.com\/wp-content\/uploads\/2024\/05\/47903.jpg\" \/>\n\t<meta property=\"og:image:width\" content=\"273\" \/>\n\t<meta property=\"og:image:height\" content=\"273\" \/>\n\t<meta property=\"og:image:type\" content=\"image\/jpeg\" \/>\n<meta name=\"twitter:card\" content=\"summary_large_image\" \/>\n<meta name=\"twitter:title\" content=\"SMITH, Jimmy - Jimmy &amp; Wes (The Dynamic Duo) -  (LP) | Guerssen\" \/>\n<meta name=\"twitter:label1\" content=\"Tiempo de lectura\" \/>\n\t<meta name=\"twitter:data1\" content=\"1 minuto\" \/>\n<script type=\"application\/ld+json\" class=\"yoast-schema-graph\">{\"@context\":\"https:\/\/schema.org\",\"@graph\":[{\"@type\":\"WebPage\",\"@id\":\"https:\/\/wpguerssen-test.odoo.rgbconsulting.com\/es\/producto\/jimmy-wes-the-dynamic-duo\/\",\"url\":\"https:\/\/wpguerssen-test.odoo.rgbconsulting.com\/es\/producto\/jimmy-wes-the-dynamic-duo\/\",\"name\":\"SMITH, Jimmy - Jimmy & Wes (The Dynamic Duo) - (LP) | Guerssen\",\"isPartOf\":{\"@id\":\"https:\/\/wpguerssen-test.odoo.rgbconsulting.com\/es\/#website\"},\"primaryImageOfPage\":{\"@id\":\"https:\/\/wpguerssen-test.odoo.rgbconsulting.com\/es\/producto\/jimmy-wes-the-dynamic-duo\/#primaryimage\"},\"image\":{\"@id\":\"https:\/\/wpguerssen-test.odoo.rgbconsulting.com\/es\/producto\/jimmy-wes-the-dynamic-duo\/#primaryimage\"},\"thumbnailUrl\":\"https:\/\/wpguerssen-test.odoo.rgbconsulting.com\/wp-content\/uploads\/2024\/05\/47903.jpg\",\"datePublished\":\"2021-08-23T22:00:00+00:00\",\"dateModified\":\"2024-12-16T17:00:14+00:00\",\"description\":\"The first and best out of just two collaborative albums by organist Jimmy Smith and guitarist Wes Montgomery, Jimmy & Wes: The Dynamic Duo was recorded in 1966 and features arrangements by Oliver Nelson. It is frequently listed among Jimmy Smith's best albums. The duo's follow-up record, Further Adventures of Jimmy and Wes, was taped during the same sessions and released in 1968. Al\/Music critic Richard S. Ginell gave The Dynamic Duo the maximum * * * * * rating, stating that \\\"Creed Taylor matched two of his most famous artists, Wes Montgomery and Jimmy Smith, on this session (Montgomery's last for Verve), and the results are incendiary- a near-ideal meeting of yin a.nd yang. Smith comes at your throat with his big attacks and blues runs while Montgomery responds with rounder, smoother octaves and single notes that still convey much heat. They are an amazing pair.\\\"\",\"breadcrumb\":{\"@id\":\"https:\/\/wpguerssen-test.odoo.rgbconsulting.com\/es\/producto\/jimmy-wes-the-dynamic-duo\/#breadcrumb\"},\"inLanguage\":\"es\",\"potentialAction\":[{\"@type\":\"ReadAction\",\"target\":[\"https:\/\/wpguerssen-test.odoo.rgbconsulting.com\/es\/producto\/jimmy-wes-the-dynamic-duo\/\"]}]},{\"@type\":\"ImageObject\",\"inLanguage\":\"es\",\"@id\":\"https:\/\/wpguerssen-test.odoo.rgbconsulting.com\/es\/producto\/jimmy-wes-the-dynamic-duo\/#primaryimage\",\"url\":\"https:\/\/wpguerssen-test.odoo.rgbconsulting.com\/wp-content\/uploads\/2024\/05\/47903.jpg\",\"contentUrl\":\"https:\/\/wpguerssen-test.odoo.rgbconsulting.com\/wp-content\/uploads\/2024\/05\/47903.jpg\",\"width\":273,\"height\":273,\"caption\":\"Jimmy - Jimmy & Wes (The Dynamic Duo) - ELEMENTAL MUSIC (LP) | Guerssen\"},{\"@type\":\"BreadcrumbList\",\"@id\":\"https:\/\/wpguerssen-test.odoo.rgbconsulting.com\/es\/producto\/jimmy-wes-the-dynamic-duo\/#breadcrumb\",\"itemListElement\":[{\"@type\":\"ListItem\",\"position\":1,\"name\":\"Inicio\",\"item\":\"https:\/\/wpguerssen-test.odoo.rgbconsulting.com\/es\/\"},{\"@type\":\"ListItem\",\"position\":2,\"name\":\"Shop\",\"item\":\"https:\/\/wpguerssen-test.odoo.rgbconsulting.com\/shop\/\"},{\"@type\":\"ListItem\",\"position\":3,\"name\":\"Jimmy &#038; Wes (The Dynamic Duo)\"}]},{\"@type\":\"WebSite\",\"@id\":\"https:\/\/wpguerssen-test.odoo.rgbconsulting.com\/es\/#website\",\"url\":\"https:\/\/wpguerssen-test.odoo.rgbconsulting.com\/es\/\",\"name\":\"Guerssen records\",\"description\":\"psychedelia - progressive - folk - garage \",\"publisher\":{\"@id\":\"https:\/\/wpguerssen-test.odoo.rgbconsulting.com\/es\/#organization\"},\"potentialAction\":[{\"@type\":\"SearchAction\",\"target\":{\"@type\":\"EntryPoint\",\"urlTemplate\":\"https:\/\/wpguerssen-test.odoo.rgbconsulting.com\/es\/?s={search_term_string}\"},\"query-input\":{\"@type\":\"PropertyValueSpecification\",\"valueRequired\":true,\"valueName\":\"search_term_string\"}}],\"inLanguage\":\"es\"},{\"@type\":\"Organization\",\"@id\":\"https:\/\/wpguerssen-test.odoo.rgbconsulting.com\/es\/#organization\",\"name\":\"Guerssen records\",\"url\":\"https:\/\/wpguerssen-test.odoo.rgbconsulting.com\/es\/\",\"logo\":{\"@type\":\"ImageObject\",\"inLanguage\":\"es\",\"@id\":\"https:\/\/wpguerssen-test.odoo.rgbconsulting.com\/es\/#\/schema\/logo\/image\/\",\"url\":\"https:\/\/wpguerssen-test.odoo.rgbconsulting.com\/wp-content\/uploads\/2022\/04\/Logo_Guerssen_trans_100.png\",\"contentUrl\":\"https:\/\/wpguerssen-test.odoo.rgbconsulting.com\/wp-content\/uploads\/2022\/04\/Logo_Guerssen_trans_100.png\",\"width\":122,\"height\":100,\"caption\":\"Guerssen records\"},\"image\":{\"@id\":\"https:\/\/wpguerssen-test.odoo.rgbconsulting.com\/es\/#\/schema\/logo\/image\/\"}}]}<\/script>\n<!-- \/ Yoast SEO plugin. -->","yoast_head_json":{"title":"SMITH, Jimmy - Jimmy & Wes (The Dynamic Duo) -  (LP) | Guerssen","description":"The first and best out of just two collaborative albums by organist Jimmy Smith and guitarist Wes Montgomery, Jimmy & Wes: The Dynamic Duo was recorded in 1966 and features arrangements by Oliver Nelson. It is frequently listed among Jimmy Smith's best albums. The duo's follow-up record, Further Adventures of Jimmy and Wes, was taped during the same sessions and released in 1968. Al\/Music critic Richard S. Ginell gave The Dynamic Duo the maximum * * * * * rating, stating that \"Creed Taylor matched two of his most famous artists, Wes Montgomery and Jimmy Smith, on this session (Montgomery's last for Verve), and the results are incendiary- a near-ideal meeting of yin a.nd yang. Smith comes at your throat with his big attacks and blues runs while Montgomery responds with rounder, smoother octaves and single notes that still convey much heat. They are an amazing pair.\"","robots":{"index":"index","follow":"follow","max-snippet":"max-snippet:-1","max-image-preview":"max-image-preview:large","max-video-preview":"max-video-preview:-1"},"canonical":"https:\/\/wpguerssen-test.odoo.rgbconsulting.com\/es\/producto\/jimmy-wes-the-dynamic-duo\/","og_locale":"es_ES","og_type":"article","og_title":"SMITH, Jimmy - Jimmy & Wes (The Dynamic Duo) -  (LP) | Guerssen","og_description":"The first and best out of just two collaborative albums by organist Jimmy Smith and guitarist Wes Montgomery, Jimmy & Wes: The Dynamic Duo was recorded in 1966 and features arrangements by Oliver Nelson. It is frequently listed among Jimmy Smith's best albums. The duo's follow-up record, Further Adventures of Jimmy and Wes, was taped during the same sessions and released in 1968. Al\/Music critic Richard S. Ginell gave The Dynamic Duo the maximum * * * * * rating, stating that \"Creed Taylor matched two of his most famous artists, Wes Montgomery and Jimmy Smith, on this session (Montgomery's last for Verve), and the results are incendiary- a near-ideal meeting of yin a.nd yang. Smith comes at your throat with his big attacks and blues runs while Montgomery responds with rounder, smoother octaves and single notes that still convey much heat. They are an amazing pair.\"","og_url":"https:\/\/wpguerssen-test.odoo.rgbconsulting.com\/es\/producto\/jimmy-wes-the-dynamic-duo\/","og_site_name":"Guerssen records","article_modified_time":"2024-12-16T17:00:14+00:00","og_image":[{"width":273,"height":273,"url":"https:\/\/wpguerssen-test.odoo.rgbconsulting.com\/wp-content\/uploads\/2024\/05\/47903.jpg","type":"image\/jpeg"}],"twitter_card":"summary_large_image","twitter_title":"SMITH, Jimmy - Jimmy & Wes (The Dynamic Duo) -  (LP) | Guerssen","twitter_misc":{"Tiempo de lectura":"1 minuto"},"schema":{"@context":"https:\/\/schema.org","@graph":[{"@type":"WebPage","@id":"https:\/\/wpguerssen-test.odoo.rgbconsulting.com\/es\/producto\/jimmy-wes-the-dynamic-duo\/","url":"https:\/\/wpguerssen-test.odoo.rgbconsulting.com\/es\/producto\/jimmy-wes-the-dynamic-duo\/","name":"SMITH, Jimmy - Jimmy & Wes (The Dynamic Duo) - (LP) | Guerssen","isPartOf":{"@id":"https:\/\/wpguerssen-test.odoo.rgbconsulting.com\/es\/#website"},"primaryImageOfPage":{"@id":"https:\/\/wpguerssen-test.odoo.rgbconsulting.com\/es\/producto\/jimmy-wes-the-dynamic-duo\/#primaryimage"},"image":{"@id":"https:\/\/wpguerssen-test.odoo.rgbconsulting.com\/es\/producto\/jimmy-wes-the-dynamic-duo\/#primaryimage"},"thumbnailUrl":"https:\/\/wpguerssen-test.odoo.rgbconsulting.com\/wp-content\/uploads\/2024\/05\/47903.jpg","datePublished":"2021-08-23T22:00:00+00:00","dateModified":"2024-12-16T17:00:14+00:00","description":"The first and best out of just two collaborative albums by organist Jimmy Smith and guitarist Wes Montgomery, Jimmy & Wes: The Dynamic Duo was recorded in 1966 and features arrangements by Oliver Nelson. It is frequently listed among Jimmy Smith's best albums. The duo's follow-up record, Further Adventures of Jimmy and Wes, was taped during the same sessions and released in 1968. Al\/Music critic Richard S. Ginell gave The Dynamic Duo the maximum * * * * * rating, stating that \"Creed Taylor matched two of his most famous artists, Wes Montgomery and Jimmy Smith, on this session (Montgomery's last for Verve), and the results are incendiary- a near-ideal meeting of yin a.nd yang. Smith comes at your throat with his big attacks and blues runs while Montgomery responds with rounder, smoother octaves and single notes that still convey much heat. They are an amazing pair.\"","breadcrumb":{"@id":"https:\/\/wpguerssen-test.odoo.rgbconsulting.com\/es\/producto\/jimmy-wes-the-dynamic-duo\/#breadcrumb"},"inLanguage":"es","potentialAction":[{"@type":"ReadAction","target":["https:\/\/wpguerssen-test.odoo.rgbconsulting.com\/es\/producto\/jimmy-wes-the-dynamic-duo\/"]}]},{"@type":"ImageObject","inLanguage":"es","@id":"https:\/\/wpguerssen-test.odoo.rgbconsulting.com\/es\/producto\/jimmy-wes-the-dynamic-duo\/#primaryimage","url":"https:\/\/wpguerssen-test.odoo.rgbconsulting.com\/wp-content\/uploads\/2024\/05\/47903.jpg","contentUrl":"https:\/\/wpguerssen-test.odoo.rgbconsulting.com\/wp-content\/uploads\/2024\/05\/47903.jpg","width":273,"height":273,"caption":"Jimmy - Jimmy & Wes (The Dynamic Duo) - ELEMENTAL MUSIC (LP) | Guerssen"},{"@type":"BreadcrumbList","@id":"https:\/\/wpguerssen-test.odoo.rgbconsulting.com\/es\/producto\/jimmy-wes-the-dynamic-duo\/#breadcrumb","itemListElement":[{"@type":"ListItem","position":1,"name":"Inicio","item":"https:\/\/wpguerssen-test.odoo.rgbconsulting.com\/es\/"},{"@type":"ListItem","position":2,"name":"Shop","item":"https:\/\/wpguerssen-test.odoo.rgbconsulting.com\/shop\/"},{"@type":"ListItem","position":3,"name":"Jimmy &#038; Wes (The Dynamic Duo)"}]},{"@type":"WebSite","@id":"https:\/\/wpguerssen-test.odoo.rgbconsulting.com\/es\/#website","url":"https:\/\/wpguerssen-test.odoo.rgbconsulting.com\/es\/","name":"Guerssen records","description":"psychedelia - progressive - folk - garage ","publisher":{"@id":"https:\/\/wpguerssen-test.odoo.rgbconsulting.com\/es\/#organization"},"potentialAction":[{"@type":"SearchAction","target":{"@type":"EntryPoint","urlTemplate":"https:\/\/wpguerssen-test.odoo.rgbconsulting.com\/es\/?s={search_term_string}"},"query-input":{"@type":"PropertyValueSpecification","valueRequired":true,"valueName":"search_term_string"}}],"inLanguage":"es"},{"@type":"Organization","@id":"https:\/\/wpguerssen-test.odoo.rgbconsulting.com\/es\/#organization","name":"Guerssen records","url":"https:\/\/wpguerssen-test.odoo.rgbconsulting.com\/es\/","logo":{"@type":"ImageObject","inLanguage":"es","@id":"https:\/\/wpguerssen-test.odoo.rgbconsulting.com\/es\/#\/schema\/logo\/image\/","url":"https:\/\/wpguerssen-test.odoo.rgbconsulting.com\/wp-content\/uploads\/2022\/04\/Logo_Guerssen_trans_100.png","contentUrl":"https:\/\/wpguerssen-test.odoo.rgbconsulting.com\/wp-content\/uploads\/2022\/04\/Logo_Guerssen_trans_100.png","width":122,"height":100,"caption":"Guerssen records"},"image":{"@id":"https:\/\/wpguerssen-test.odoo.rgbconsulting.com\/es\/#\/schema\/logo\/image\/"}}]}},"_links":{"self":[{"href":"https:\/\/wpguerssen-test.odoo.rgbconsulting.com\/es\/wp-json\/wp\/v2\/product\/267688","targetHints":{"allow":["GET"]}}],"collection":[{"href":"https:\/\/wpguerssen-test.odoo.rgbconsulting.com\/es\/wp-json\/wp\/v2\/product"}],"about":[{"href":"https:\/\/wpguerssen-test.odoo.rgbconsulting.com\/es\/wp-json\/wp\/v2\/types\/product"}],"wp:featuredmedia":[{"embeddable":true,"href":"https:\/\/wpguerssen-test.odoo.rgbconsulting.com\/es\/wp-json\/wp\/v2\/media\/267855"}],"wp:attachment":[{"href":"https:\/\/wpguerssen-test.odoo.rgbconsulting.com\/es\/wp-json\/wp\/v2\/media?parent=267688"}],"wp:term":[{"taxonomy":"product_brand","embeddable":true,"href":"https:\/\/wpguerssen-test.odoo.rgbconsulting.com\/es\/wp-json\/wp\/v2\/product_brand?post=267688"},{"taxonomy":"product_cat","embeddable":true,"href":"https:\/\/wpguerssen-test.odoo.rgbconsulting.com\/es\/wp-json\/wp\/v2\/product_cat?post=267688"},{"taxonomy":"product_tag","embeddable":true,"href":"https:\/\/wpguerssen-test.odoo.rgbconsulting.com\/es\/wp-json\/wp\/v2\/product_tag?post=267688"}],"curies":[{"name":"wp","href":"https:\/\/api.w.org\/{rel}","templated":true}]}}