{"id":267733,"date":"2021-08-24T00:00:00","date_gmt":"2021-08-23T22:00:00","guid":{"rendered":"https:\/\/wpguerssen-test.odoo.rgbconsulting.com\/?post_type=product&#038;p=267733"},"modified":"2025-04-16T18:17:23","modified_gmt":"2025-04-16T16:17:23","slug":"poe-through-the-glass-prism-purple-lp","status":"publish","type":"product","link":"https:\/\/wpguerssen-test.odoo.rgbconsulting.com\/es\/producto\/poe-through-the-glass-prism-purple-lp\/","title":{"rendered":"Poe Through The Glass Prism (Purple LP)"},"content":{"rendered":"<p>VINILO P\u00daRPURA, S\u00d3LO 117 COPIAS!!! <\/p>\n<p> Originalmente publicado en 1969, \u00abPoe Through The Glass Prism\u00bb puede ser considerado como uno de los primeros discos psicod\u00e9licos conceptuales. <\/p>\n<p> Originarios de Scranton, Pennsylvania, Glass Prism fueron el primer grupo surgido en los 60 en la zona Noreste en aparecer en la televisi\u00f3n nacional y obtener un contrato con una multinacional. Para su primer disco, tuvieron la idea de adaptar poemas de Edgar Allan Poe sobre una base de rock psicod\u00e9lico con sorprendentes resultados: \u00f3rgano caleidosc\u00f3pico, solos de fuzz, pasional voz&#8230;la calidad de sonido es excelente, pues el disco fue grabado por el legendario Les Paul en su estudio de Nueva York. <\/p>\n<p> El single con la alucinante \u00abThe Raven\u00bb escal\u00f3 pronto en las listas de Billboard, Cashbox y Record World en 1969 y se mantuvo durante varias semanas. <\/p>\n<p> Todo un cl\u00e1sico de culto psicod\u00e9lico por primera vez reeditado en vinilo. <\/p>\n<p> *Sonido de los masters originales<br \/>*Insert con detalladas notas por Plastic Crimewave y fotos. <\/p>\n<p> Tracklist:<br \/>Side 1: 1. The Raven &#8211; 2. To -. &#8211; 3. To One In Paradise &#8211; 4. Eldorado &#8211; 5. The Conqueror Worm<br \/>Side 2: 1. A Dream Within A Dream &#8211; 2. \u00abThe Happiest Day, The Happiest Hour\u00bb &#8211; 3. Alone &#8211; 4. Beloved &#8211; 5. Hymn &#8211; 6. A Dream<\/p>\n","protected":false},"excerpt":{"rendered":"<p>VINILO P\u00daRPURA, S\u00d3LO 117 COPIAS!!! <\/p>\n<p>\u00a0<\/p>\n<p> Originalmente publicado en 1969, \u00abPoe Through The Glass Prism\u00bb puede ser considerado como uno de los primeros<a class=\"read\" href=\"https:\/\/wpguerssen-test.odoo.rgbconsulting.com\/es\/producto\/poe-through-the-glass-prism-purple-lp\/\"> (...)<\/a>","protected":false},"featured_media":267713,"template":"","meta":{"_acf_changed":false},"product_brand":[],"product_cat":[21639],"product_tag":[29140],"class_list":{"0":"post-267733","1":"product","2":"type-product","3":"status-publish","4":"has-post-thumbnail","6":"product_cat-psychedelic60s-70s-es","7":"product_tag-color-vinyl-es","8":"pa_artist-glass-prism-es","9":"pa_format-lp-es","10":"pa_gender-psychedelic60s-70s","11":"pa_label-guerssen-es","12":"pa_location-north-america-es","13":"pa_other-filters-vinyl-only-es","15":"first","16":"instock","17":"taxable","18":"shipping-taxable","19":"purchasable","20":"product-type-simple"},"acf":[],"yoast_head":"<!-- This site is optimized with the Yoast SEO plugin v24.9 - https:\/\/yoast.com\/wordpress\/plugins\/seo\/ -->\n<title>GLASS PRISM - Poe Through The Glass Prism (Purple LP) -  (LP) | Guerssen<\/title>\n<meta name=\"description\" content=\"PURPLE VINYL, 117 COPIES ONLY! #nl# Originally released in 1969, &quot;Poe Through The Glass Prism&quot; was one of the first ever concept-based rock albums. This Scranton, PA band (the first rock group from the Northeast to perform on national television shows and obtain a major record label deal) adapted Edgar Allan Poe poems to psychedelic rock with stunning results: swirling organ, fuzz bursts, passionate vocals... the sound quality was exceptional as the album was engineered and produced by Les Paul (the legendary inventor of the electric guitar and many studio recording devices) at his recording studio in New York. The album and its single &quot;The Raven&quot; hit the Billboard, Cashbox and Record World charts in 1969 and remained on for several weeks. #nl# We&#039;re proud to offer the first ever band sanctioned LP reissue of this cult psychedelic classic. #nl# *Sourced from the original master tapes*Insert with liner notes by Plastic Crimewave and rare photos #nl# &quot;The Glass Prism were forerunners of the Goth movement. &quot;The Raven&quot; was the first true expression of Goth Rock.- Maxim Furek #nl# Tracklist:Side 1: 1. The Raven - 2. To -. - 3. To One In Paradise - 4. Eldorado - 5. The Conqueror WormSide 2: 1. A Dream Within A Dream - 2. &quot;The Happiest Day, The Happiest Hour&quot; - 3. Alone - 4. Beloved - 5. Hymn - 6. A Dream\" \/>\n<meta name=\"robots\" content=\"index, follow, max-snippet:-1, max-image-preview:large, max-video-preview:-1\" \/>\n<link rel=\"canonical\" href=\"https:\/\/wpguerssen-test.odoo.rgbconsulting.com\/es\/producto\/poe-through-the-glass-prism-purple-lp\/\" \/>\n<meta property=\"og:locale\" content=\"es_ES\" \/>\n<meta property=\"og:type\" content=\"article\" \/>\n<meta property=\"og:title\" content=\"GLASS PRISM - Poe Through The Glass Prism (Purple LP) -  (LP) | Guerssen\" \/>\n<meta property=\"og:description\" content=\"PURPLE VINYL, 117 COPIES ONLY! #nl# Originally released in 1969, &quot;Poe Through The Glass Prism&quot; was one of the first ever concept-based rock albums. This Scranton, PA band (the first rock group from the Northeast to perform on national television shows and obtain a major record label deal) adapted Edgar Allan Poe poems to psychedelic rock with stunning results: swirling organ, fuzz bursts, passionate vocals... the sound quality was exceptional as the album was engineered and produced by Les Paul (the legendary inventor of the electric guitar and many studio recording devices) at his recording studio in New York. The album and its single &quot;The Raven&quot; hit the Billboard, Cashbox and Record World charts in 1969 and remained on for several weeks. #nl# We&#039;re proud to offer the first ever band sanctioned LP reissue of this cult psychedelic classic. #nl# *Sourced from the original master tapes*Insert with liner notes by Plastic Crimewave and rare photos #nl# &quot;The Glass Prism were forerunners of the Goth movement. &quot;The Raven&quot; was the first true expression of Goth Rock.- Maxim Furek #nl# Tracklist:Side 1: 1. The Raven - 2. To -. - 3. To One In Paradise - 4. Eldorado - 5. The Conqueror WormSide 2: 1. A Dream Within A Dream - 2. &quot;The Happiest Day, The Happiest Hour&quot; - 3. Alone - 4. Beloved - 5. Hymn - 6. A Dream\" \/>\n<meta property=\"og:url\" content=\"https:\/\/wpguerssen-test.odoo.rgbconsulting.com\/es\/producto\/poe-through-the-glass-prism-purple-lp\/\" \/>\n<meta property=\"og:site_name\" content=\"Guerssen records\" \/>\n<meta property=\"article:modified_time\" content=\"2025-04-16T16:17:23+00:00\" \/>\n<meta property=\"og:image\" content=\"https:\/\/wpguerssen-test.odoo.rgbconsulting.com\/wp-content\/uploads\/2024\/05\/47727.jpg\" \/>\n\t<meta property=\"og:image:width\" content=\"1400\" \/>\n\t<meta property=\"og:image:height\" content=\"1400\" \/>\n\t<meta property=\"og:image:type\" content=\"image\/jpeg\" \/>\n<meta name=\"twitter:card\" content=\"summary_large_image\" \/>\n<meta name=\"twitter:title\" content=\"GLASS PRISM - Poe Through The Glass Prism (Purple LP) -  (LP) | Guerssen\" \/>\n<meta name=\"twitter:label1\" content=\"Tiempo de lectura\" \/>\n\t<meta name=\"twitter:data1\" content=\"1 minuto\" \/>\n<script type=\"application\/ld+json\" class=\"yoast-schema-graph\">{\"@context\":\"https:\/\/schema.org\",\"@graph\":[{\"@type\":\"WebPage\",\"@id\":\"https:\/\/wpguerssen-test.odoo.rgbconsulting.com\/es\/producto\/poe-through-the-glass-prism-purple-lp\/\",\"url\":\"https:\/\/wpguerssen-test.odoo.rgbconsulting.com\/es\/producto\/poe-through-the-glass-prism-purple-lp\/\",\"name\":\"GLASS PRISM - Poe Through The Glass Prism (Purple LP) - (LP) | Guerssen\",\"isPartOf\":{\"@id\":\"https:\/\/wpguerssen-test.odoo.rgbconsulting.com\/es\/#website\"},\"primaryImageOfPage\":{\"@id\":\"https:\/\/wpguerssen-test.odoo.rgbconsulting.com\/es\/producto\/poe-through-the-glass-prism-purple-lp\/#primaryimage\"},\"image\":{\"@id\":\"https:\/\/wpguerssen-test.odoo.rgbconsulting.com\/es\/producto\/poe-through-the-glass-prism-purple-lp\/#primaryimage\"},\"thumbnailUrl\":\"https:\/\/wpguerssen-test.odoo.rgbconsulting.com\/wp-content\/uploads\/2024\/05\/47727.jpg\",\"datePublished\":\"2021-08-23T22:00:00+00:00\",\"dateModified\":\"2025-04-16T16:17:23+00:00\",\"description\":\"PURPLE VINYL, 117 COPIES ONLY! #nl# Originally released in 1969, \\\"Poe Through The Glass Prism\\\" was one of the first ever concept-based rock albums. This Scranton, PA band (the first rock group from the Northeast to perform on national television shows and obtain a major record label deal) adapted Edgar Allan Poe poems to psychedelic rock with stunning results: swirling organ, fuzz bursts, passionate vocals... the sound quality was exceptional as the album was engineered and produced by Les Paul (the legendary inventor of the electric guitar and many studio recording devices) at his recording studio in New York. The album and its single \\\"The Raven\\\" hit the Billboard, Cashbox and Record World charts in 1969 and remained on for several weeks. #nl# We're proud to offer the first ever band sanctioned LP reissue of this cult psychedelic classic. #nl# *Sourced from the original master tapes*Insert with liner notes by Plastic Crimewave and rare photos #nl# \\\"The Glass Prism were forerunners of the Goth movement. \\\"The Raven\\\" was the first true expression of Goth Rock.- Maxim Furek #nl# Tracklist:Side 1: 1. The Raven - 2. To -. - 3. To One In Paradise - 4. Eldorado - 5. The Conqueror WormSide 2: 1. A Dream Within A Dream - 2. \\\"The Happiest Day, The Happiest Hour\\\" - 3. Alone - 4. Beloved - 5. Hymn - 6. A Dream\",\"breadcrumb\":{\"@id\":\"https:\/\/wpguerssen-test.odoo.rgbconsulting.com\/es\/producto\/poe-through-the-glass-prism-purple-lp\/#breadcrumb\"},\"inLanguage\":\"es\",\"potentialAction\":[{\"@type\":\"ReadAction\",\"target\":[\"https:\/\/wpguerssen-test.odoo.rgbconsulting.com\/es\/producto\/poe-through-the-glass-prism-purple-lp\/\"]}]},{\"@type\":\"ImageObject\",\"inLanguage\":\"es\",\"@id\":\"https:\/\/wpguerssen-test.odoo.rgbconsulting.com\/es\/producto\/poe-through-the-glass-prism-purple-lp\/#primaryimage\",\"url\":\"https:\/\/wpguerssen-test.odoo.rgbconsulting.com\/wp-content\/uploads\/2024\/05\/47727.jpg\",\"contentUrl\":\"https:\/\/wpguerssen-test.odoo.rgbconsulting.com\/wp-content\/uploads\/2024\/05\/47727.jpg\",\"width\":1400,\"height\":1400},{\"@type\":\"BreadcrumbList\",\"@id\":\"https:\/\/wpguerssen-test.odoo.rgbconsulting.com\/es\/producto\/poe-through-the-glass-prism-purple-lp\/#breadcrumb\",\"itemListElement\":[{\"@type\":\"ListItem\",\"position\":1,\"name\":\"Inicio\",\"item\":\"https:\/\/wpguerssen-test.odoo.rgbconsulting.com\/es\/\"},{\"@type\":\"ListItem\",\"position\":2,\"name\":\"Shop\",\"item\":\"https:\/\/wpguerssen-test.odoo.rgbconsulting.com\/shop\/\"},{\"@type\":\"ListItem\",\"position\":3,\"name\":\"Poe Through The Glass Prism (Purple LP)\"}]},{\"@type\":\"WebSite\",\"@id\":\"https:\/\/wpguerssen-test.odoo.rgbconsulting.com\/es\/#website\",\"url\":\"https:\/\/wpguerssen-test.odoo.rgbconsulting.com\/es\/\",\"name\":\"Guerssen records\",\"description\":\"psychedelia - progressive - folk - garage \",\"publisher\":{\"@id\":\"https:\/\/wpguerssen-test.odoo.rgbconsulting.com\/es\/#organization\"},\"potentialAction\":[{\"@type\":\"SearchAction\",\"target\":{\"@type\":\"EntryPoint\",\"urlTemplate\":\"https:\/\/wpguerssen-test.odoo.rgbconsulting.com\/es\/?s={search_term_string}\"},\"query-input\":{\"@type\":\"PropertyValueSpecification\",\"valueRequired\":true,\"valueName\":\"search_term_string\"}}],\"inLanguage\":\"es\"},{\"@type\":\"Organization\",\"@id\":\"https:\/\/wpguerssen-test.odoo.rgbconsulting.com\/es\/#organization\",\"name\":\"Guerssen records\",\"url\":\"https:\/\/wpguerssen-test.odoo.rgbconsulting.com\/es\/\",\"logo\":{\"@type\":\"ImageObject\",\"inLanguage\":\"es\",\"@id\":\"https:\/\/wpguerssen-test.odoo.rgbconsulting.com\/es\/#\/schema\/logo\/image\/\",\"url\":\"https:\/\/wpguerssen-test.odoo.rgbconsulting.com\/wp-content\/uploads\/2022\/04\/Logo_Guerssen_trans_100.png\",\"contentUrl\":\"https:\/\/wpguerssen-test.odoo.rgbconsulting.com\/wp-content\/uploads\/2022\/04\/Logo_Guerssen_trans_100.png\",\"width\":122,\"height\":100,\"caption\":\"Guerssen records\"},\"image\":{\"@id\":\"https:\/\/wpguerssen-test.odoo.rgbconsulting.com\/es\/#\/schema\/logo\/image\/\"}}]}<\/script>\n<!-- \/ Yoast SEO plugin. -->","yoast_head_json":{"title":"GLASS PRISM - Poe Through The Glass Prism (Purple LP) -  (LP) | Guerssen","description":"PURPLE VINYL, 117 COPIES ONLY! #nl# Originally released in 1969, \"Poe Through The Glass Prism\" was one of the first ever concept-based rock albums. This Scranton, PA band (the first rock group from the Northeast to perform on national television shows and obtain a major record label deal) adapted Edgar Allan Poe poems to psychedelic rock with stunning results: swirling organ, fuzz bursts, passionate vocals... the sound quality was exceptional as the album was engineered and produced by Les Paul (the legendary inventor of the electric guitar and many studio recording devices) at his recording studio in New York. The album and its single \"The Raven\" hit the Billboard, Cashbox and Record World charts in 1969 and remained on for several weeks. #nl# We're proud to offer the first ever band sanctioned LP reissue of this cult psychedelic classic. #nl# *Sourced from the original master tapes*Insert with liner notes by Plastic Crimewave and rare photos #nl# \"The Glass Prism were forerunners of the Goth movement. \"The Raven\" was the first true expression of Goth Rock.- Maxim Furek #nl# Tracklist:Side 1: 1. The Raven - 2. To -. - 3. To One In Paradise - 4. Eldorado - 5. The Conqueror WormSide 2: 1. A Dream Within A Dream - 2. \"The Happiest Day, The Happiest Hour\" - 3. Alone - 4. Beloved - 5. Hymn - 6. A Dream","robots":{"index":"index","follow":"follow","max-snippet":"max-snippet:-1","max-image-preview":"max-image-preview:large","max-video-preview":"max-video-preview:-1"},"canonical":"https:\/\/wpguerssen-test.odoo.rgbconsulting.com\/es\/producto\/poe-through-the-glass-prism-purple-lp\/","og_locale":"es_ES","og_type":"article","og_title":"GLASS PRISM - Poe Through The Glass Prism (Purple LP) -  (LP) | Guerssen","og_description":"PURPLE VINYL, 117 COPIES ONLY! #nl# Originally released in 1969, \"Poe Through The Glass Prism\" was one of the first ever concept-based rock albums. This Scranton, PA band (the first rock group from the Northeast to perform on national television shows and obtain a major record label deal) adapted Edgar Allan Poe poems to psychedelic rock with stunning results: swirling organ, fuzz bursts, passionate vocals... the sound quality was exceptional as the album was engineered and produced by Les Paul (the legendary inventor of the electric guitar and many studio recording devices) at his recording studio in New York. The album and its single \"The Raven\" hit the Billboard, Cashbox and Record World charts in 1969 and remained on for several weeks. #nl# We're proud to offer the first ever band sanctioned LP reissue of this cult psychedelic classic. #nl# *Sourced from the original master tapes*Insert with liner notes by Plastic Crimewave and rare photos #nl# \"The Glass Prism were forerunners of the Goth movement. \"The Raven\" was the first true expression of Goth Rock.- Maxim Furek #nl# Tracklist:Side 1: 1. The Raven - 2. To -. - 3. To One In Paradise - 4. Eldorado - 5. The Conqueror WormSide 2: 1. A Dream Within A Dream - 2. \"The Happiest Day, The Happiest Hour\" - 3. Alone - 4. Beloved - 5. Hymn - 6. A Dream","og_url":"https:\/\/wpguerssen-test.odoo.rgbconsulting.com\/es\/producto\/poe-through-the-glass-prism-purple-lp\/","og_site_name":"Guerssen records","article_modified_time":"2025-04-16T16:17:23+00:00","og_image":[{"width":1400,"height":1400,"url":"https:\/\/wpguerssen-test.odoo.rgbconsulting.com\/wp-content\/uploads\/2024\/05\/47727.jpg","type":"image\/jpeg"}],"twitter_card":"summary_large_image","twitter_title":"GLASS PRISM - Poe Through The Glass Prism (Purple LP) -  (LP) | Guerssen","twitter_misc":{"Tiempo de lectura":"1 minuto"},"schema":{"@context":"https:\/\/schema.org","@graph":[{"@type":"WebPage","@id":"https:\/\/wpguerssen-test.odoo.rgbconsulting.com\/es\/producto\/poe-through-the-glass-prism-purple-lp\/","url":"https:\/\/wpguerssen-test.odoo.rgbconsulting.com\/es\/producto\/poe-through-the-glass-prism-purple-lp\/","name":"GLASS PRISM - Poe Through The Glass Prism (Purple LP) - (LP) | Guerssen","isPartOf":{"@id":"https:\/\/wpguerssen-test.odoo.rgbconsulting.com\/es\/#website"},"primaryImageOfPage":{"@id":"https:\/\/wpguerssen-test.odoo.rgbconsulting.com\/es\/producto\/poe-through-the-glass-prism-purple-lp\/#primaryimage"},"image":{"@id":"https:\/\/wpguerssen-test.odoo.rgbconsulting.com\/es\/producto\/poe-through-the-glass-prism-purple-lp\/#primaryimage"},"thumbnailUrl":"https:\/\/wpguerssen-test.odoo.rgbconsulting.com\/wp-content\/uploads\/2024\/05\/47727.jpg","datePublished":"2021-08-23T22:00:00+00:00","dateModified":"2025-04-16T16:17:23+00:00","description":"PURPLE VINYL, 117 COPIES ONLY! #nl# Originally released in 1969, \"Poe Through The Glass Prism\" was one of the first ever concept-based rock albums. This Scranton, PA band (the first rock group from the Northeast to perform on national television shows and obtain a major record label deal) adapted Edgar Allan Poe poems to psychedelic rock with stunning results: swirling organ, fuzz bursts, passionate vocals... the sound quality was exceptional as the album was engineered and produced by Les Paul (the legendary inventor of the electric guitar and many studio recording devices) at his recording studio in New York. The album and its single \"The Raven\" hit the Billboard, Cashbox and Record World charts in 1969 and remained on for several weeks. #nl# We're proud to offer the first ever band sanctioned LP reissue of this cult psychedelic classic. #nl# *Sourced from the original master tapes*Insert with liner notes by Plastic Crimewave and rare photos #nl# \"The Glass Prism were forerunners of the Goth movement. \"The Raven\" was the first true expression of Goth Rock.- Maxim Furek #nl# Tracklist:Side 1: 1. The Raven - 2. To -. - 3. To One In Paradise - 4. Eldorado - 5. The Conqueror WormSide 2: 1. A Dream Within A Dream - 2. \"The Happiest Day, The Happiest Hour\" - 3. Alone - 4. Beloved - 5. Hymn - 6. A Dream","breadcrumb":{"@id":"https:\/\/wpguerssen-test.odoo.rgbconsulting.com\/es\/producto\/poe-through-the-glass-prism-purple-lp\/#breadcrumb"},"inLanguage":"es","potentialAction":[{"@type":"ReadAction","target":["https:\/\/wpguerssen-test.odoo.rgbconsulting.com\/es\/producto\/poe-through-the-glass-prism-purple-lp\/"]}]},{"@type":"ImageObject","inLanguage":"es","@id":"https:\/\/wpguerssen-test.odoo.rgbconsulting.com\/es\/producto\/poe-through-the-glass-prism-purple-lp\/#primaryimage","url":"https:\/\/wpguerssen-test.odoo.rgbconsulting.com\/wp-content\/uploads\/2024\/05\/47727.jpg","contentUrl":"https:\/\/wpguerssen-test.odoo.rgbconsulting.com\/wp-content\/uploads\/2024\/05\/47727.jpg","width":1400,"height":1400},{"@type":"BreadcrumbList","@id":"https:\/\/wpguerssen-test.odoo.rgbconsulting.com\/es\/producto\/poe-through-the-glass-prism-purple-lp\/#breadcrumb","itemListElement":[{"@type":"ListItem","position":1,"name":"Inicio","item":"https:\/\/wpguerssen-test.odoo.rgbconsulting.com\/es\/"},{"@type":"ListItem","position":2,"name":"Shop","item":"https:\/\/wpguerssen-test.odoo.rgbconsulting.com\/shop\/"},{"@type":"ListItem","position":3,"name":"Poe Through The Glass Prism (Purple LP)"}]},{"@type":"WebSite","@id":"https:\/\/wpguerssen-test.odoo.rgbconsulting.com\/es\/#website","url":"https:\/\/wpguerssen-test.odoo.rgbconsulting.com\/es\/","name":"Guerssen records","description":"psychedelia - progressive - folk - garage ","publisher":{"@id":"https:\/\/wpguerssen-test.odoo.rgbconsulting.com\/es\/#organization"},"potentialAction":[{"@type":"SearchAction","target":{"@type":"EntryPoint","urlTemplate":"https:\/\/wpguerssen-test.odoo.rgbconsulting.com\/es\/?s={search_term_string}"},"query-input":{"@type":"PropertyValueSpecification","valueRequired":true,"valueName":"search_term_string"}}],"inLanguage":"es"},{"@type":"Organization","@id":"https:\/\/wpguerssen-test.odoo.rgbconsulting.com\/es\/#organization","name":"Guerssen records","url":"https:\/\/wpguerssen-test.odoo.rgbconsulting.com\/es\/","logo":{"@type":"ImageObject","inLanguage":"es","@id":"https:\/\/wpguerssen-test.odoo.rgbconsulting.com\/es\/#\/schema\/logo\/image\/","url":"https:\/\/wpguerssen-test.odoo.rgbconsulting.com\/wp-content\/uploads\/2022\/04\/Logo_Guerssen_trans_100.png","contentUrl":"https:\/\/wpguerssen-test.odoo.rgbconsulting.com\/wp-content\/uploads\/2022\/04\/Logo_Guerssen_trans_100.png","width":122,"height":100,"caption":"Guerssen records"},"image":{"@id":"https:\/\/wpguerssen-test.odoo.rgbconsulting.com\/es\/#\/schema\/logo\/image\/"}}]}},"_links":{"self":[{"href":"https:\/\/wpguerssen-test.odoo.rgbconsulting.com\/es\/wp-json\/wp\/v2\/product\/267733","targetHints":{"allow":["GET"]}}],"collection":[{"href":"https:\/\/wpguerssen-test.odoo.rgbconsulting.com\/es\/wp-json\/wp\/v2\/product"}],"about":[{"href":"https:\/\/wpguerssen-test.odoo.rgbconsulting.com\/es\/wp-json\/wp\/v2\/types\/product"}],"wp:featuredmedia":[{"embeddable":true,"href":"https:\/\/wpguerssen-test.odoo.rgbconsulting.com\/es\/wp-json\/wp\/v2\/media\/267713"}],"wp:attachment":[{"href":"https:\/\/wpguerssen-test.odoo.rgbconsulting.com\/es\/wp-json\/wp\/v2\/media?parent=267733"}],"wp:term":[{"taxonomy":"product_brand","embeddable":true,"href":"https:\/\/wpguerssen-test.odoo.rgbconsulting.com\/es\/wp-json\/wp\/v2\/product_brand?post=267733"},{"taxonomy":"product_cat","embeddable":true,"href":"https:\/\/wpguerssen-test.odoo.rgbconsulting.com\/es\/wp-json\/wp\/v2\/product_cat?post=267733"},{"taxonomy":"product_tag","embeddable":true,"href":"https:\/\/wpguerssen-test.odoo.rgbconsulting.com\/es\/wp-json\/wp\/v2\/product_tag?post=267733"}],"curies":[{"name":"wp","href":"https:\/\/api.w.org\/{rel}","templated":true}]}}