{"id":267734,"date":"2021-08-24T00:00:00","date_gmt":"2021-08-23T22:00:00","guid":{"rendered":"https:\/\/wpguerssen-test.odoo.rgbconsulting.com\/?post_type=product&#038;p=267734"},"modified":"2025-04-15T13:56:27","modified_gmt":"2025-04-15T11:56:27","slug":"on-joy-and-sorrow-violet-lp","status":"publish","type":"product","link":"https:\/\/wpguerssen-test.odoo.rgbconsulting.com\/es\/producto\/on-joy-and-sorrow-violet-lp\/","title":{"rendered":"On Joy And Sorrow (Violet LP)"},"content":{"rendered":"<p>VINILO VIOLETA, S\u00d3LO 100 COPIAS!!! <\/p>\n<p> Segundo disco del grupo psicod\u00e9lico de Pennsylvania GLASS PRISM, editado originalmente en 1970 y grabado en Nueva York con el ingeniero Mike Moran (que trabaj\u00f3 con Bowie, Youngbloods, Herbie Hancock&#8230;) Con su t\u00edtulo extra\u00eddo del libro The Prophet de Kahil Gibran, aqu\u00ed el sonido se endurece un poco con respecto a su debut, con m\u00e1s uso del fuzz y \u00f3rgano. Un disco infravalorado que sorprender\u00e1 a cualquier aficionado al hard psicod\u00e9lico, por primera vez reeditado en vinilo. <\/p>\n<p> *Artwork original en portada de cart\u00f3n duro<br \/>*Sonido de los masters originales<br \/>*Insert con detalladas notas por Plastic Crimewave y fotos <\/p>\n<p> Recomendado si te gustan Amboy Dukes, Steppenwolf, Cream, Doors&#8230; <\/p>\n<p> Tracklist: Side 1: 1. She&#8217;s Too Much (Lay Your Body Down) &#8211; 2. Extention 68 &#8211; 3. What Can We Do &#8211; 4. Who Loves Me &#8211; 5. Nothin&#8217;s Wrong Song<br \/>Side 2: 1. Maggie Don&#8217;t You Hear Me &#8211; 2. She (On Joy And Sorrow) &#8211; 3. I Want To Play &#8211; 4. Here You Are &#8211; 5. Rene\u00e9 &#8211; 6. I Laugh<\/p>\n","protected":false},"excerpt":{"rendered":"<p>VINILO VIOLETA, S\u00d3LO 100 COPIAS!!! <\/p>\n<p>\u00a0<\/p>\n<p> Segundo disco del grupo psicod\u00e9lico de Pennsylvania GLASS PRISM, editado originalmente en 1970 y grabado en<a class=\"read\" href=\"https:\/\/wpguerssen-test.odoo.rgbconsulting.com\/es\/producto\/on-joy-and-sorrow-violet-lp\/\"> (...)<\/a>","protected":false},"featured_media":267718,"template":"","meta":{"_acf_changed":false},"product_brand":[],"product_cat":[21639],"product_tag":[29140],"class_list":{"0":"post-267734","1":"product","2":"type-product","3":"status-publish","4":"has-post-thumbnail","6":"product_cat-psychedelic60s-70s-es","7":"product_tag-color-vinyl-es","8":"pa_artist-glass-prism-es","9":"pa_format-lp-es","10":"pa_gender-psychedelic60s-70s","11":"pa_label-guerssen-es","12":"pa_location-north-america-es","13":"pa_other-filters-vinyl-only-es","15":"first","16":"instock","17":"taxable","18":"shipping-taxable","19":"purchasable","20":"product-type-simple"},"acf":[],"yoast_head":"<!-- This site is optimized with the Yoast SEO plugin v24.9 - https:\/\/yoast.com\/wordpress\/plugins\/seo\/ -->\n<title>GLASS PRISM - On Joy And Sorrow (Violet LP) -  (LP) | Guerssen<\/title>\n<meta name=\"description\" content=\"VIOLET VINYL, 100 COPIES ONLY! #nl# Second album by Pennsylvania psychedelic band GLASS PRISM, originally released in 1970 and recorded in NYC with engineer Mike Moran (who worked with David Bowie, the Youngbloods, Herbie Hancock...) #nl# With a title taken from Kahil Gibran&#039;s The Prophet, this is a heavier effort than their debut, featuring killer organ and piercing fuzz-wah guitar. #nl# We&#039;re proud to present the first ever LP reissue of this underrated hard-psychedelic classic. #nl# *Original artwork*Sourced from the original master tapes*Insert with liner notes by Plastic Crimewave and photos #nl# RIYL: Amboy Dukes, Steppenwolf, Cream, Doors... #nl# &quot;Graced with a moody cover uncharacteristic of its time, with the band largely hidden in shadows, the album is a nice time capsule of the 60s dream turning perhaps a bit darker...&quot;- Plastic Crimewave #nl# Tracklist: Side 1: 1. She&#039;s Too Much (Lay Your Body Down) - 2. Extention 68 - 3. What Can We Do - 4. Who Loves Me - 5. Nothin&#039;s Wrong SongSide 2: 1. Maggie Don&#039;t You Hear Me - 2. She (On Joy And Sorrow) - 3. I Want To Play - 4. Here You Are - 5. Rene\u00e9 - 6. I Laugh\" \/>\n<meta name=\"robots\" content=\"index, follow, max-snippet:-1, max-image-preview:large, max-video-preview:-1\" \/>\n<link rel=\"canonical\" href=\"https:\/\/wpguerssen-test.odoo.rgbconsulting.com\/es\/producto\/on-joy-and-sorrow-violet-lp\/\" \/>\n<meta property=\"og:locale\" content=\"es_ES\" \/>\n<meta property=\"og:type\" content=\"article\" \/>\n<meta property=\"og:title\" content=\"GLASS PRISM - On Joy And Sorrow (Violet LP) -  (LP) | Guerssen\" \/>\n<meta property=\"og:description\" content=\"VIOLET VINYL, 100 COPIES ONLY! #nl# Second album by Pennsylvania psychedelic band GLASS PRISM, originally released in 1970 and recorded in NYC with engineer Mike Moran (who worked with David Bowie, the Youngbloods, Herbie Hancock...) #nl# With a title taken from Kahil Gibran&#039;s The Prophet, this is a heavier effort than their debut, featuring killer organ and piercing fuzz-wah guitar. #nl# We&#039;re proud to present the first ever LP reissue of this underrated hard-psychedelic classic. #nl# *Original artwork*Sourced from the original master tapes*Insert with liner notes by Plastic Crimewave and photos #nl# RIYL: Amboy Dukes, Steppenwolf, Cream, Doors... #nl# &quot;Graced with a moody cover uncharacteristic of its time, with the band largely hidden in shadows, the album is a nice time capsule of the 60s dream turning perhaps a bit darker...&quot;- Plastic Crimewave #nl# Tracklist: Side 1: 1. She&#039;s Too Much (Lay Your Body Down) - 2. Extention 68 - 3. What Can We Do - 4. Who Loves Me - 5. Nothin&#039;s Wrong SongSide 2: 1. Maggie Don&#039;t You Hear Me - 2. She (On Joy And Sorrow) - 3. I Want To Play - 4. Here You Are - 5. Rene\u00e9 - 6. I Laugh\" \/>\n<meta property=\"og:url\" content=\"https:\/\/wpguerssen-test.odoo.rgbconsulting.com\/es\/producto\/on-joy-and-sorrow-violet-lp\/\" \/>\n<meta property=\"og:site_name\" content=\"Guerssen records\" \/>\n<meta property=\"article:modified_time\" content=\"2025-04-15T11:56:27+00:00\" \/>\n<meta property=\"og:image\" content=\"https:\/\/wpguerssen-test.odoo.rgbconsulting.com\/wp-content\/uploads\/2024\/05\/47728.jpg\" \/>\n\t<meta property=\"og:image:width\" content=\"1400\" \/>\n\t<meta property=\"og:image:height\" content=\"1400\" \/>\n\t<meta property=\"og:image:type\" content=\"image\/jpeg\" \/>\n<meta name=\"twitter:card\" content=\"summary_large_image\" \/>\n<meta name=\"twitter:title\" content=\"GLASS PRISM - On Joy And Sorrow (Violet LP) -  (LP) | Guerssen\" \/>\n<meta name=\"twitter:label1\" content=\"Tiempo de lectura\" \/>\n\t<meta name=\"twitter:data1\" content=\"1 minuto\" \/>\n<script type=\"application\/ld+json\" class=\"yoast-schema-graph\">{\"@context\":\"https:\/\/schema.org\",\"@graph\":[{\"@type\":\"WebPage\",\"@id\":\"https:\/\/wpguerssen-test.odoo.rgbconsulting.com\/es\/producto\/on-joy-and-sorrow-violet-lp\/\",\"url\":\"https:\/\/wpguerssen-test.odoo.rgbconsulting.com\/es\/producto\/on-joy-and-sorrow-violet-lp\/\",\"name\":\"GLASS PRISM - On Joy And Sorrow (Violet LP) - (LP) | Guerssen\",\"isPartOf\":{\"@id\":\"https:\/\/wpguerssen-test.odoo.rgbconsulting.com\/es\/#website\"},\"primaryImageOfPage\":{\"@id\":\"https:\/\/wpguerssen-test.odoo.rgbconsulting.com\/es\/producto\/on-joy-and-sorrow-violet-lp\/#primaryimage\"},\"image\":{\"@id\":\"https:\/\/wpguerssen-test.odoo.rgbconsulting.com\/es\/producto\/on-joy-and-sorrow-violet-lp\/#primaryimage\"},\"thumbnailUrl\":\"https:\/\/wpguerssen-test.odoo.rgbconsulting.com\/wp-content\/uploads\/2024\/05\/47728.jpg\",\"datePublished\":\"2021-08-23T22:00:00+00:00\",\"dateModified\":\"2025-04-15T11:56:27+00:00\",\"description\":\"VIOLET VINYL, 100 COPIES ONLY! #nl# Second album by Pennsylvania psychedelic band GLASS PRISM, originally released in 1970 and recorded in NYC with engineer Mike Moran (who worked with David Bowie, the Youngbloods, Herbie Hancock...) #nl# With a title taken from Kahil Gibran's The Prophet, this is a heavier effort than their debut, featuring killer organ and piercing fuzz-wah guitar. #nl# We're proud to present the first ever LP reissue of this underrated hard-psychedelic classic. #nl# *Original artwork*Sourced from the original master tapes*Insert with liner notes by Plastic Crimewave and photos #nl# RIYL: Amboy Dukes, Steppenwolf, Cream, Doors... #nl# \\\"Graced with a moody cover uncharacteristic of its time, with the band largely hidden in shadows, the album is a nice time capsule of the 60s dream turning perhaps a bit darker...\\\"- Plastic Crimewave #nl# Tracklist: Side 1: 1. She's Too Much (Lay Your Body Down) - 2. Extention 68 - 3. What Can We Do - 4. Who Loves Me - 5. Nothin's Wrong SongSide 2: 1. Maggie Don't You Hear Me - 2. She (On Joy And Sorrow) - 3. I Want To Play - 4. Here You Are - 5. Rene\u00e9 - 6. I Laugh\",\"breadcrumb\":{\"@id\":\"https:\/\/wpguerssen-test.odoo.rgbconsulting.com\/es\/producto\/on-joy-and-sorrow-violet-lp\/#breadcrumb\"},\"inLanguage\":\"es\",\"potentialAction\":[{\"@type\":\"ReadAction\",\"target\":[\"https:\/\/wpguerssen-test.odoo.rgbconsulting.com\/es\/producto\/on-joy-and-sorrow-violet-lp\/\"]}]},{\"@type\":\"ImageObject\",\"inLanguage\":\"es\",\"@id\":\"https:\/\/wpguerssen-test.odoo.rgbconsulting.com\/es\/producto\/on-joy-and-sorrow-violet-lp\/#primaryimage\",\"url\":\"https:\/\/wpguerssen-test.odoo.rgbconsulting.com\/wp-content\/uploads\/2024\/05\/47728.jpg\",\"contentUrl\":\"https:\/\/wpguerssen-test.odoo.rgbconsulting.com\/wp-content\/uploads\/2024\/05\/47728.jpg\",\"width\":1400,\"height\":1400},{\"@type\":\"BreadcrumbList\",\"@id\":\"https:\/\/wpguerssen-test.odoo.rgbconsulting.com\/es\/producto\/on-joy-and-sorrow-violet-lp\/#breadcrumb\",\"itemListElement\":[{\"@type\":\"ListItem\",\"position\":1,\"name\":\"Inicio\",\"item\":\"https:\/\/wpguerssen-test.odoo.rgbconsulting.com\/es\/\"},{\"@type\":\"ListItem\",\"position\":2,\"name\":\"Shop\",\"item\":\"https:\/\/wpguerssen-test.odoo.rgbconsulting.com\/shop\/\"},{\"@type\":\"ListItem\",\"position\":3,\"name\":\"On Joy And Sorrow (Violet LP)\"}]},{\"@type\":\"WebSite\",\"@id\":\"https:\/\/wpguerssen-test.odoo.rgbconsulting.com\/es\/#website\",\"url\":\"https:\/\/wpguerssen-test.odoo.rgbconsulting.com\/es\/\",\"name\":\"Guerssen records\",\"description\":\"psychedelia - progressive - folk - garage \",\"publisher\":{\"@id\":\"https:\/\/wpguerssen-test.odoo.rgbconsulting.com\/es\/#organization\"},\"potentialAction\":[{\"@type\":\"SearchAction\",\"target\":{\"@type\":\"EntryPoint\",\"urlTemplate\":\"https:\/\/wpguerssen-test.odoo.rgbconsulting.com\/es\/?s={search_term_string}\"},\"query-input\":{\"@type\":\"PropertyValueSpecification\",\"valueRequired\":true,\"valueName\":\"search_term_string\"}}],\"inLanguage\":\"es\"},{\"@type\":\"Organization\",\"@id\":\"https:\/\/wpguerssen-test.odoo.rgbconsulting.com\/es\/#organization\",\"name\":\"Guerssen records\",\"url\":\"https:\/\/wpguerssen-test.odoo.rgbconsulting.com\/es\/\",\"logo\":{\"@type\":\"ImageObject\",\"inLanguage\":\"es\",\"@id\":\"https:\/\/wpguerssen-test.odoo.rgbconsulting.com\/es\/#\/schema\/logo\/image\/\",\"url\":\"https:\/\/wpguerssen-test.odoo.rgbconsulting.com\/wp-content\/uploads\/2022\/04\/Logo_Guerssen_trans_100.png\",\"contentUrl\":\"https:\/\/wpguerssen-test.odoo.rgbconsulting.com\/wp-content\/uploads\/2022\/04\/Logo_Guerssen_trans_100.png\",\"width\":122,\"height\":100,\"caption\":\"Guerssen records\"},\"image\":{\"@id\":\"https:\/\/wpguerssen-test.odoo.rgbconsulting.com\/es\/#\/schema\/logo\/image\/\"}}]}<\/script>\n<!-- \/ Yoast SEO plugin. -->","yoast_head_json":{"title":"GLASS PRISM - On Joy And Sorrow (Violet LP) -  (LP) | Guerssen","description":"VIOLET VINYL, 100 COPIES ONLY! #nl# Second album by Pennsylvania psychedelic band GLASS PRISM, originally released in 1970 and recorded in NYC with engineer Mike Moran (who worked with David Bowie, the Youngbloods, Herbie Hancock...) #nl# With a title taken from Kahil Gibran's The Prophet, this is a heavier effort than their debut, featuring killer organ and piercing fuzz-wah guitar. #nl# We're proud to present the first ever LP reissue of this underrated hard-psychedelic classic. #nl# *Original artwork*Sourced from the original master tapes*Insert with liner notes by Plastic Crimewave and photos #nl# RIYL: Amboy Dukes, Steppenwolf, Cream, Doors... #nl# \"Graced with a moody cover uncharacteristic of its time, with the band largely hidden in shadows, the album is a nice time capsule of the 60s dream turning perhaps a bit darker...\"- Plastic Crimewave #nl# Tracklist: Side 1: 1. She's Too Much (Lay Your Body Down) - 2. Extention 68 - 3. What Can We Do - 4. Who Loves Me - 5. Nothin's Wrong SongSide 2: 1. Maggie Don't You Hear Me - 2. She (On Joy And Sorrow) - 3. I Want To Play - 4. Here You Are - 5. Rene\u00e9 - 6. I Laugh","robots":{"index":"index","follow":"follow","max-snippet":"max-snippet:-1","max-image-preview":"max-image-preview:large","max-video-preview":"max-video-preview:-1"},"canonical":"https:\/\/wpguerssen-test.odoo.rgbconsulting.com\/es\/producto\/on-joy-and-sorrow-violet-lp\/","og_locale":"es_ES","og_type":"article","og_title":"GLASS PRISM - On Joy And Sorrow (Violet LP) -  (LP) | Guerssen","og_description":"VIOLET VINYL, 100 COPIES ONLY! #nl# Second album by Pennsylvania psychedelic band GLASS PRISM, originally released in 1970 and recorded in NYC with engineer Mike Moran (who worked with David Bowie, the Youngbloods, Herbie Hancock...) #nl# With a title taken from Kahil Gibran's The Prophet, this is a heavier effort than their debut, featuring killer organ and piercing fuzz-wah guitar. #nl# We're proud to present the first ever LP reissue of this underrated hard-psychedelic classic. #nl# *Original artwork*Sourced from the original master tapes*Insert with liner notes by Plastic Crimewave and photos #nl# RIYL: Amboy Dukes, Steppenwolf, Cream, Doors... #nl# \"Graced with a moody cover uncharacteristic of its time, with the band largely hidden in shadows, the album is a nice time capsule of the 60s dream turning perhaps a bit darker...\"- Plastic Crimewave #nl# Tracklist: Side 1: 1. She's Too Much (Lay Your Body Down) - 2. Extention 68 - 3. What Can We Do - 4. Who Loves Me - 5. Nothin's Wrong SongSide 2: 1. Maggie Don't You Hear Me - 2. She (On Joy And Sorrow) - 3. I Want To Play - 4. Here You Are - 5. Rene\u00e9 - 6. I Laugh","og_url":"https:\/\/wpguerssen-test.odoo.rgbconsulting.com\/es\/producto\/on-joy-and-sorrow-violet-lp\/","og_site_name":"Guerssen records","article_modified_time":"2025-04-15T11:56:27+00:00","og_image":[{"width":1400,"height":1400,"url":"https:\/\/wpguerssen-test.odoo.rgbconsulting.com\/wp-content\/uploads\/2024\/05\/47728.jpg","type":"image\/jpeg"}],"twitter_card":"summary_large_image","twitter_title":"GLASS PRISM - On Joy And Sorrow (Violet LP) -  (LP) | Guerssen","twitter_misc":{"Tiempo de lectura":"1 minuto"},"schema":{"@context":"https:\/\/schema.org","@graph":[{"@type":"WebPage","@id":"https:\/\/wpguerssen-test.odoo.rgbconsulting.com\/es\/producto\/on-joy-and-sorrow-violet-lp\/","url":"https:\/\/wpguerssen-test.odoo.rgbconsulting.com\/es\/producto\/on-joy-and-sorrow-violet-lp\/","name":"GLASS PRISM - On Joy And Sorrow (Violet LP) - (LP) | Guerssen","isPartOf":{"@id":"https:\/\/wpguerssen-test.odoo.rgbconsulting.com\/es\/#website"},"primaryImageOfPage":{"@id":"https:\/\/wpguerssen-test.odoo.rgbconsulting.com\/es\/producto\/on-joy-and-sorrow-violet-lp\/#primaryimage"},"image":{"@id":"https:\/\/wpguerssen-test.odoo.rgbconsulting.com\/es\/producto\/on-joy-and-sorrow-violet-lp\/#primaryimage"},"thumbnailUrl":"https:\/\/wpguerssen-test.odoo.rgbconsulting.com\/wp-content\/uploads\/2024\/05\/47728.jpg","datePublished":"2021-08-23T22:00:00+00:00","dateModified":"2025-04-15T11:56:27+00:00","description":"VIOLET VINYL, 100 COPIES ONLY! #nl# Second album by Pennsylvania psychedelic band GLASS PRISM, originally released in 1970 and recorded in NYC with engineer Mike Moran (who worked with David Bowie, the Youngbloods, Herbie Hancock...) #nl# With a title taken from Kahil Gibran's The Prophet, this is a heavier effort than their debut, featuring killer organ and piercing fuzz-wah guitar. #nl# We're proud to present the first ever LP reissue of this underrated hard-psychedelic classic. #nl# *Original artwork*Sourced from the original master tapes*Insert with liner notes by Plastic Crimewave and photos #nl# RIYL: Amboy Dukes, Steppenwolf, Cream, Doors... #nl# \"Graced with a moody cover uncharacteristic of its time, with the band largely hidden in shadows, the album is a nice time capsule of the 60s dream turning perhaps a bit darker...\"- Plastic Crimewave #nl# Tracklist: Side 1: 1. She's Too Much (Lay Your Body Down) - 2. Extention 68 - 3. What Can We Do - 4. Who Loves Me - 5. Nothin's Wrong SongSide 2: 1. Maggie Don't You Hear Me - 2. She (On Joy And Sorrow) - 3. I Want To Play - 4. Here You Are - 5. Rene\u00e9 - 6. I Laugh","breadcrumb":{"@id":"https:\/\/wpguerssen-test.odoo.rgbconsulting.com\/es\/producto\/on-joy-and-sorrow-violet-lp\/#breadcrumb"},"inLanguage":"es","potentialAction":[{"@type":"ReadAction","target":["https:\/\/wpguerssen-test.odoo.rgbconsulting.com\/es\/producto\/on-joy-and-sorrow-violet-lp\/"]}]},{"@type":"ImageObject","inLanguage":"es","@id":"https:\/\/wpguerssen-test.odoo.rgbconsulting.com\/es\/producto\/on-joy-and-sorrow-violet-lp\/#primaryimage","url":"https:\/\/wpguerssen-test.odoo.rgbconsulting.com\/wp-content\/uploads\/2024\/05\/47728.jpg","contentUrl":"https:\/\/wpguerssen-test.odoo.rgbconsulting.com\/wp-content\/uploads\/2024\/05\/47728.jpg","width":1400,"height":1400},{"@type":"BreadcrumbList","@id":"https:\/\/wpguerssen-test.odoo.rgbconsulting.com\/es\/producto\/on-joy-and-sorrow-violet-lp\/#breadcrumb","itemListElement":[{"@type":"ListItem","position":1,"name":"Inicio","item":"https:\/\/wpguerssen-test.odoo.rgbconsulting.com\/es\/"},{"@type":"ListItem","position":2,"name":"Shop","item":"https:\/\/wpguerssen-test.odoo.rgbconsulting.com\/shop\/"},{"@type":"ListItem","position":3,"name":"On Joy And Sorrow (Violet LP)"}]},{"@type":"WebSite","@id":"https:\/\/wpguerssen-test.odoo.rgbconsulting.com\/es\/#website","url":"https:\/\/wpguerssen-test.odoo.rgbconsulting.com\/es\/","name":"Guerssen records","description":"psychedelia - progressive - folk - garage ","publisher":{"@id":"https:\/\/wpguerssen-test.odoo.rgbconsulting.com\/es\/#organization"},"potentialAction":[{"@type":"SearchAction","target":{"@type":"EntryPoint","urlTemplate":"https:\/\/wpguerssen-test.odoo.rgbconsulting.com\/es\/?s={search_term_string}"},"query-input":{"@type":"PropertyValueSpecification","valueRequired":true,"valueName":"search_term_string"}}],"inLanguage":"es"},{"@type":"Organization","@id":"https:\/\/wpguerssen-test.odoo.rgbconsulting.com\/es\/#organization","name":"Guerssen records","url":"https:\/\/wpguerssen-test.odoo.rgbconsulting.com\/es\/","logo":{"@type":"ImageObject","inLanguage":"es","@id":"https:\/\/wpguerssen-test.odoo.rgbconsulting.com\/es\/#\/schema\/logo\/image\/","url":"https:\/\/wpguerssen-test.odoo.rgbconsulting.com\/wp-content\/uploads\/2022\/04\/Logo_Guerssen_trans_100.png","contentUrl":"https:\/\/wpguerssen-test.odoo.rgbconsulting.com\/wp-content\/uploads\/2022\/04\/Logo_Guerssen_trans_100.png","width":122,"height":100,"caption":"Guerssen records"},"image":{"@id":"https:\/\/wpguerssen-test.odoo.rgbconsulting.com\/es\/#\/schema\/logo\/image\/"}}]}},"_links":{"self":[{"href":"https:\/\/wpguerssen-test.odoo.rgbconsulting.com\/es\/wp-json\/wp\/v2\/product\/267734","targetHints":{"allow":["GET"]}}],"collection":[{"href":"https:\/\/wpguerssen-test.odoo.rgbconsulting.com\/es\/wp-json\/wp\/v2\/product"}],"about":[{"href":"https:\/\/wpguerssen-test.odoo.rgbconsulting.com\/es\/wp-json\/wp\/v2\/types\/product"}],"wp:featuredmedia":[{"embeddable":true,"href":"https:\/\/wpguerssen-test.odoo.rgbconsulting.com\/es\/wp-json\/wp\/v2\/media\/267718"}],"wp:attachment":[{"href":"https:\/\/wpguerssen-test.odoo.rgbconsulting.com\/es\/wp-json\/wp\/v2\/media?parent=267734"}],"wp:term":[{"taxonomy":"product_brand","embeddable":true,"href":"https:\/\/wpguerssen-test.odoo.rgbconsulting.com\/es\/wp-json\/wp\/v2\/product_brand?post=267734"},{"taxonomy":"product_cat","embeddable":true,"href":"https:\/\/wpguerssen-test.odoo.rgbconsulting.com\/es\/wp-json\/wp\/v2\/product_cat?post=267734"},{"taxonomy":"product_tag","embeddable":true,"href":"https:\/\/wpguerssen-test.odoo.rgbconsulting.com\/es\/wp-json\/wp\/v2\/product_tag?post=267734"}],"curies":[{"name":"wp","href":"https:\/\/api.w.org\/{rel}","templated":true}]}}