{"id":268851,"date":"2014-01-23T00:00:00","date_gmt":"2014-01-22T23:00:00","guid":{"rendered":"https:\/\/wpguerssen-test.odoo.rgbconsulting.com\/product\/iron-claw-2lp\/"},"modified":"2025-04-07T15:53:11","modified_gmt":"2025-04-07T13:53:11","slug":"iron-claw-2lp","status":"publish","type":"product","link":"https:\/\/wpguerssen-test.odoo.rgbconsulting.com\/es\/producto\/iron-claw-2lp\/","title":{"rendered":"Iron Claw (2LP)"},"content":{"rendered":"<p>\u00c1lbum doble oficial de heavy rock underground escoc\u00e9s de principios de la d\u00e9cada de 1970 de Iron Claw, una banda que pisaba fuerte por el Reino Unido con gente como Black Sabbath, Hackensack, Pink Fairies, Juicy Lucy y otros, pero que nunca lanz\u00f3 un \u00e1lbum adecuado. Iron Claw comenz\u00f3 su carrera en 1970 como (m\u00e1s o menos) la primera banda tributo a Black Sabbath del mundo: \u00a1incorporaron el primer LP y el primer sencillo de Black Sabbath completos en su set en vivo! Y resulta que fue el bajista de Iron Claw, Alex Wilson, quien desenterr\u00f3 la grabaci\u00f3n de concierto m\u00e1s antigua conocida de Black Sabbath, un concierto de 1969 grabado por Wilson en Dumfries, Escocia. A medida que pas\u00f3 el tiempo, los sets en vivo de Iron Claw comenzaron a incluir muchos originales de heavy rock pesado, triturador, proto-doom.<br \/>Esta colecci\u00f3n de diecis\u00e9is pistas originales de estudio documenta la existencia de Iron Claw desde 1970 hasta 1974. Incluye extensas notas, letras y fotos dentro del desplegable y en un inserto de 12&#8243;.<\/p>\n","protected":false},"excerpt":{"rendered":"<p>\u00c1lbum doble oficial de heavy rock underground escoc\u00e9s de principios de la d\u00e9cada de 1970 de Iron Claw, una banda que pisaba fuerte por el Reino Unido con gente<a class=\"read\" href=\"https:\/\/wpguerssen-test.odoo.rgbconsulting.com\/es\/producto\/iron-claw-2lp\/\"> (...)<\/a>","protected":false},"featured_media":270838,"template":"","meta":{"_acf_changed":false},"product_brand":[],"product_cat":[23224],"product_tag":[],"class_list":{"0":"post-268851","1":"product","2":"type-product","3":"status-publish","4":"has-post-thumbnail","6":"product_cat-hard-rock-60s-70s-es","7":"pa_artist-iron-claw-es","8":"pa_format-2lp-es","9":"pa_gender-hard-rock-60s-70s","10":"pa_label-rockadrome","11":"pa_location-uk-ireland-es","12":"pa_other-filters-vinyl-only-es","14":"first","15":"instock","16":"taxable","17":"shipping-taxable","18":"purchasable","19":"product-type-simple"},"acf":[],"yoast_head":"<!-- This site is optimized with the Yoast SEO plugin v24.9 - https:\/\/yoast.com\/wordpress\/plugins\/seo\/ -->\n<title>IRON CLAW - Iron Claw (2LP) -  (2LP) | Guerssen<\/title>\n<meta name=\"description\" content=\"Official gatefold double album of early 1970s Scottish underground heavy rock from Iron Claw, a band who were stomping around the UK with the likes of Black Sabbath, Hackensack, Pink Fairies, Juicy Lucy and others, but who never released a proper album. Iron Claw started their career in 1970 as (more or less) the world&#039;s first Black Sabbath tribute band -- they incorporated the entire first Black Sabbath LP and single into their live set! And as it happens, it was Iron Claw bassist Alex Wilson who unearthed the oldest known concert recording of Black Sabbath, a 1969 gig recorded by Wilson in Dumfries, Scotland. As time progressed, Iron Claw&#039;s live sets started to include many heavy, grinding, proto-doom, heavy rock originals.This collection of sixteen of original studio tracks documents Iron Claw&#039;s existence from 1970 through 1974. It includes extensive liner notes, lyrics and photos inside the gatefold and on a 12&quot; insert.\" \/>\n<meta name=\"robots\" content=\"index, follow, max-snippet:-1, max-image-preview:large, max-video-preview:-1\" \/>\n<link rel=\"canonical\" href=\"https:\/\/wpguerssen-test.odoo.rgbconsulting.com\/es\/producto\/iron-claw-2lp\/\" \/>\n<meta property=\"og:locale\" content=\"es_ES\" \/>\n<meta property=\"og:type\" content=\"article\" \/>\n<meta property=\"og:title\" content=\"IRON CLAW - Iron Claw (2LP) -  (2LP) | Guerssen\" \/>\n<meta property=\"og:description\" content=\"Official gatefold double album of early 1970s Scottish underground heavy rock from Iron Claw, a band who were stomping around the UK with the likes of Black Sabbath, Hackensack, Pink Fairies, Juicy Lucy and others, but who never released a proper album. Iron Claw started their career in 1970 as (more or less) the world&#039;s first Black Sabbath tribute band -- they incorporated the entire first Black Sabbath LP and single into their live set! And as it happens, it was Iron Claw bassist Alex Wilson who unearthed the oldest known concert recording of Black Sabbath, a 1969 gig recorded by Wilson in Dumfries, Scotland. As time progressed, Iron Claw&#039;s live sets started to include many heavy, grinding, proto-doom, heavy rock originals.This collection of sixteen of original studio tracks documents Iron Claw&#039;s existence from 1970 through 1974. It includes extensive liner notes, lyrics and photos inside the gatefold and on a 12&quot; insert.\" \/>\n<meta property=\"og:url\" content=\"https:\/\/wpguerssen-test.odoo.rgbconsulting.com\/es\/producto\/iron-claw-2lp\/\" \/>\n<meta property=\"og:site_name\" content=\"Guerssen records\" \/>\n<meta property=\"article:modified_time\" content=\"2025-04-07T13:53:11+00:00\" \/>\n<meta property=\"og:image\" content=\"https:\/\/wpguerssen-test.odoo.rgbconsulting.com\/wp-content\/uploads\/2024\/06\/14781.jpg\" \/>\n\t<meta property=\"og:image:width\" content=\"600\" \/>\n\t<meta property=\"og:image:height\" content=\"600\" \/>\n\t<meta property=\"og:image:type\" content=\"image\/jpeg\" \/>\n<meta name=\"twitter:card\" content=\"summary_large_image\" \/>\n<meta name=\"twitter:title\" content=\"IRON CLAW - Iron Claw (2LP) -  (2LP) | Guerssen\" \/>\n<meta name=\"twitter:label1\" content=\"Tiempo de lectura\" \/>\n\t<meta name=\"twitter:data1\" content=\"1 minuto\" \/>\n<script type=\"application\/ld+json\" class=\"yoast-schema-graph\">{\"@context\":\"https:\/\/schema.org\",\"@graph\":[{\"@type\":\"WebPage\",\"@id\":\"https:\/\/wpguerssen-test.odoo.rgbconsulting.com\/es\/producto\/iron-claw-2lp\/\",\"url\":\"https:\/\/wpguerssen-test.odoo.rgbconsulting.com\/es\/producto\/iron-claw-2lp\/\",\"name\":\"IRON CLAW - Iron Claw (2LP) - (2LP) | Guerssen\",\"isPartOf\":{\"@id\":\"https:\/\/wpguerssen-test.odoo.rgbconsulting.com\/es\/#website\"},\"primaryImageOfPage\":{\"@id\":\"https:\/\/wpguerssen-test.odoo.rgbconsulting.com\/es\/producto\/iron-claw-2lp\/#primaryimage\"},\"image\":{\"@id\":\"https:\/\/wpguerssen-test.odoo.rgbconsulting.com\/es\/producto\/iron-claw-2lp\/#primaryimage\"},\"thumbnailUrl\":\"https:\/\/wpguerssen-test.odoo.rgbconsulting.com\/wp-content\/uploads\/2024\/06\/14781.jpg\",\"datePublished\":\"2014-01-22T23:00:00+00:00\",\"dateModified\":\"2025-04-07T13:53:11+00:00\",\"description\":\"Official gatefold double album of early 1970s Scottish underground heavy rock from Iron Claw, a band who were stomping around the UK with the likes of Black Sabbath, Hackensack, Pink Fairies, Juicy Lucy and others, but who never released a proper album. Iron Claw started their career in 1970 as (more or less) the world's first Black Sabbath tribute band -- they incorporated the entire first Black Sabbath LP and single into their live set! And as it happens, it was Iron Claw bassist Alex Wilson who unearthed the oldest known concert recording of Black Sabbath, a 1969 gig recorded by Wilson in Dumfries, Scotland. As time progressed, Iron Claw's live sets started to include many heavy, grinding, proto-doom, heavy rock originals.This collection of sixteen of original studio tracks documents Iron Claw's existence from 1970 through 1974. It includes extensive liner notes, lyrics and photos inside the gatefold and on a 12\\\" insert.\",\"breadcrumb\":{\"@id\":\"https:\/\/wpguerssen-test.odoo.rgbconsulting.com\/es\/producto\/iron-claw-2lp\/#breadcrumb\"},\"inLanguage\":\"es\",\"potentialAction\":[{\"@type\":\"ReadAction\",\"target\":[\"https:\/\/wpguerssen-test.odoo.rgbconsulting.com\/es\/producto\/iron-claw-2lp\/\"]}]},{\"@type\":\"ImageObject\",\"inLanguage\":\"es\",\"@id\":\"https:\/\/wpguerssen-test.odoo.rgbconsulting.com\/es\/producto\/iron-claw-2lp\/#primaryimage\",\"url\":\"https:\/\/wpguerssen-test.odoo.rgbconsulting.com\/wp-content\/uploads\/2024\/06\/14781.jpg\",\"contentUrl\":\"https:\/\/wpguerssen-test.odoo.rgbconsulting.com\/wp-content\/uploads\/2024\/06\/14781.jpg\",\"width\":600,\"height\":600},{\"@type\":\"BreadcrumbList\",\"@id\":\"https:\/\/wpguerssen-test.odoo.rgbconsulting.com\/es\/producto\/iron-claw-2lp\/#breadcrumb\",\"itemListElement\":[{\"@type\":\"ListItem\",\"position\":1,\"name\":\"Inicio\",\"item\":\"https:\/\/wpguerssen-test.odoo.rgbconsulting.com\/es\/\"},{\"@type\":\"ListItem\",\"position\":2,\"name\":\"Shop\",\"item\":\"https:\/\/wpguerssen-test.odoo.rgbconsulting.com\/shop\/\"},{\"@type\":\"ListItem\",\"position\":3,\"name\":\"Iron Claw (2LP)\"}]},{\"@type\":\"WebSite\",\"@id\":\"https:\/\/wpguerssen-test.odoo.rgbconsulting.com\/es\/#website\",\"url\":\"https:\/\/wpguerssen-test.odoo.rgbconsulting.com\/es\/\",\"name\":\"Guerssen records\",\"description\":\"psychedelia - progressive - folk - garage \",\"publisher\":{\"@id\":\"https:\/\/wpguerssen-test.odoo.rgbconsulting.com\/es\/#organization\"},\"potentialAction\":[{\"@type\":\"SearchAction\",\"target\":{\"@type\":\"EntryPoint\",\"urlTemplate\":\"https:\/\/wpguerssen-test.odoo.rgbconsulting.com\/es\/?s={search_term_string}\"},\"query-input\":{\"@type\":\"PropertyValueSpecification\",\"valueRequired\":true,\"valueName\":\"search_term_string\"}}],\"inLanguage\":\"es\"},{\"@type\":\"Organization\",\"@id\":\"https:\/\/wpguerssen-test.odoo.rgbconsulting.com\/es\/#organization\",\"name\":\"Guerssen records\",\"url\":\"https:\/\/wpguerssen-test.odoo.rgbconsulting.com\/es\/\",\"logo\":{\"@type\":\"ImageObject\",\"inLanguage\":\"es\",\"@id\":\"https:\/\/wpguerssen-test.odoo.rgbconsulting.com\/es\/#\/schema\/logo\/image\/\",\"url\":\"https:\/\/wpguerssen-test.odoo.rgbconsulting.com\/wp-content\/uploads\/2022\/04\/Logo_Guerssen_trans_100.png\",\"contentUrl\":\"https:\/\/wpguerssen-test.odoo.rgbconsulting.com\/wp-content\/uploads\/2022\/04\/Logo_Guerssen_trans_100.png\",\"width\":122,\"height\":100,\"caption\":\"Guerssen records\"},\"image\":{\"@id\":\"https:\/\/wpguerssen-test.odoo.rgbconsulting.com\/es\/#\/schema\/logo\/image\/\"}}]}<\/script>\n<!-- \/ Yoast SEO plugin. -->","yoast_head_json":{"title":"IRON CLAW - Iron Claw (2LP) -  (2LP) | Guerssen","description":"Official gatefold double album of early 1970s Scottish underground heavy rock from Iron Claw, a band who were stomping around the UK with the likes of Black Sabbath, Hackensack, Pink Fairies, Juicy Lucy and others, but who never released a proper album. Iron Claw started their career in 1970 as (more or less) the world's first Black Sabbath tribute band -- they incorporated the entire first Black Sabbath LP and single into their live set! And as it happens, it was Iron Claw bassist Alex Wilson who unearthed the oldest known concert recording of Black Sabbath, a 1969 gig recorded by Wilson in Dumfries, Scotland. As time progressed, Iron Claw's live sets started to include many heavy, grinding, proto-doom, heavy rock originals.This collection of sixteen of original studio tracks documents Iron Claw's existence from 1970 through 1974. It includes extensive liner notes, lyrics and photos inside the gatefold and on a 12\" insert.","robots":{"index":"index","follow":"follow","max-snippet":"max-snippet:-1","max-image-preview":"max-image-preview:large","max-video-preview":"max-video-preview:-1"},"canonical":"https:\/\/wpguerssen-test.odoo.rgbconsulting.com\/es\/producto\/iron-claw-2lp\/","og_locale":"es_ES","og_type":"article","og_title":"IRON CLAW - Iron Claw (2LP) -  (2LP) | Guerssen","og_description":"Official gatefold double album of early 1970s Scottish underground heavy rock from Iron Claw, a band who were stomping around the UK with the likes of Black Sabbath, Hackensack, Pink Fairies, Juicy Lucy and others, but who never released a proper album. Iron Claw started their career in 1970 as (more or less) the world's first Black Sabbath tribute band -- they incorporated the entire first Black Sabbath LP and single into their live set! And as it happens, it was Iron Claw bassist Alex Wilson who unearthed the oldest known concert recording of Black Sabbath, a 1969 gig recorded by Wilson in Dumfries, Scotland. As time progressed, Iron Claw's live sets started to include many heavy, grinding, proto-doom, heavy rock originals.This collection of sixteen of original studio tracks documents Iron Claw's existence from 1970 through 1974. It includes extensive liner notes, lyrics and photos inside the gatefold and on a 12\" insert.","og_url":"https:\/\/wpguerssen-test.odoo.rgbconsulting.com\/es\/producto\/iron-claw-2lp\/","og_site_name":"Guerssen records","article_modified_time":"2025-04-07T13:53:11+00:00","og_image":[{"width":600,"height":600,"url":"https:\/\/wpguerssen-test.odoo.rgbconsulting.com\/wp-content\/uploads\/2024\/06\/14781.jpg","type":"image\/jpeg"}],"twitter_card":"summary_large_image","twitter_title":"IRON CLAW - Iron Claw (2LP) -  (2LP) | Guerssen","twitter_misc":{"Tiempo de lectura":"1 minuto"},"schema":{"@context":"https:\/\/schema.org","@graph":[{"@type":"WebPage","@id":"https:\/\/wpguerssen-test.odoo.rgbconsulting.com\/es\/producto\/iron-claw-2lp\/","url":"https:\/\/wpguerssen-test.odoo.rgbconsulting.com\/es\/producto\/iron-claw-2lp\/","name":"IRON CLAW - Iron Claw (2LP) - (2LP) | Guerssen","isPartOf":{"@id":"https:\/\/wpguerssen-test.odoo.rgbconsulting.com\/es\/#website"},"primaryImageOfPage":{"@id":"https:\/\/wpguerssen-test.odoo.rgbconsulting.com\/es\/producto\/iron-claw-2lp\/#primaryimage"},"image":{"@id":"https:\/\/wpguerssen-test.odoo.rgbconsulting.com\/es\/producto\/iron-claw-2lp\/#primaryimage"},"thumbnailUrl":"https:\/\/wpguerssen-test.odoo.rgbconsulting.com\/wp-content\/uploads\/2024\/06\/14781.jpg","datePublished":"2014-01-22T23:00:00+00:00","dateModified":"2025-04-07T13:53:11+00:00","description":"Official gatefold double album of early 1970s Scottish underground heavy rock from Iron Claw, a band who were stomping around the UK with the likes of Black Sabbath, Hackensack, Pink Fairies, Juicy Lucy and others, but who never released a proper album. Iron Claw started their career in 1970 as (more or less) the world's first Black Sabbath tribute band -- they incorporated the entire first Black Sabbath LP and single into their live set! And as it happens, it was Iron Claw bassist Alex Wilson who unearthed the oldest known concert recording of Black Sabbath, a 1969 gig recorded by Wilson in Dumfries, Scotland. As time progressed, Iron Claw's live sets started to include many heavy, grinding, proto-doom, heavy rock originals.This collection of sixteen of original studio tracks documents Iron Claw's existence from 1970 through 1974. It includes extensive liner notes, lyrics and photos inside the gatefold and on a 12\" insert.","breadcrumb":{"@id":"https:\/\/wpguerssen-test.odoo.rgbconsulting.com\/es\/producto\/iron-claw-2lp\/#breadcrumb"},"inLanguage":"es","potentialAction":[{"@type":"ReadAction","target":["https:\/\/wpguerssen-test.odoo.rgbconsulting.com\/es\/producto\/iron-claw-2lp\/"]}]},{"@type":"ImageObject","inLanguage":"es","@id":"https:\/\/wpguerssen-test.odoo.rgbconsulting.com\/es\/producto\/iron-claw-2lp\/#primaryimage","url":"https:\/\/wpguerssen-test.odoo.rgbconsulting.com\/wp-content\/uploads\/2024\/06\/14781.jpg","contentUrl":"https:\/\/wpguerssen-test.odoo.rgbconsulting.com\/wp-content\/uploads\/2024\/06\/14781.jpg","width":600,"height":600},{"@type":"BreadcrumbList","@id":"https:\/\/wpguerssen-test.odoo.rgbconsulting.com\/es\/producto\/iron-claw-2lp\/#breadcrumb","itemListElement":[{"@type":"ListItem","position":1,"name":"Inicio","item":"https:\/\/wpguerssen-test.odoo.rgbconsulting.com\/es\/"},{"@type":"ListItem","position":2,"name":"Shop","item":"https:\/\/wpguerssen-test.odoo.rgbconsulting.com\/shop\/"},{"@type":"ListItem","position":3,"name":"Iron Claw (2LP)"}]},{"@type":"WebSite","@id":"https:\/\/wpguerssen-test.odoo.rgbconsulting.com\/es\/#website","url":"https:\/\/wpguerssen-test.odoo.rgbconsulting.com\/es\/","name":"Guerssen records","description":"psychedelia - progressive - folk - garage ","publisher":{"@id":"https:\/\/wpguerssen-test.odoo.rgbconsulting.com\/es\/#organization"},"potentialAction":[{"@type":"SearchAction","target":{"@type":"EntryPoint","urlTemplate":"https:\/\/wpguerssen-test.odoo.rgbconsulting.com\/es\/?s={search_term_string}"},"query-input":{"@type":"PropertyValueSpecification","valueRequired":true,"valueName":"search_term_string"}}],"inLanguage":"es"},{"@type":"Organization","@id":"https:\/\/wpguerssen-test.odoo.rgbconsulting.com\/es\/#organization","name":"Guerssen records","url":"https:\/\/wpguerssen-test.odoo.rgbconsulting.com\/es\/","logo":{"@type":"ImageObject","inLanguage":"es","@id":"https:\/\/wpguerssen-test.odoo.rgbconsulting.com\/es\/#\/schema\/logo\/image\/","url":"https:\/\/wpguerssen-test.odoo.rgbconsulting.com\/wp-content\/uploads\/2022\/04\/Logo_Guerssen_trans_100.png","contentUrl":"https:\/\/wpguerssen-test.odoo.rgbconsulting.com\/wp-content\/uploads\/2022\/04\/Logo_Guerssen_trans_100.png","width":122,"height":100,"caption":"Guerssen records"},"image":{"@id":"https:\/\/wpguerssen-test.odoo.rgbconsulting.com\/es\/#\/schema\/logo\/image\/"}}]}},"_links":{"self":[{"href":"https:\/\/wpguerssen-test.odoo.rgbconsulting.com\/es\/wp-json\/wp\/v2\/product\/268851","targetHints":{"allow":["GET"]}}],"collection":[{"href":"https:\/\/wpguerssen-test.odoo.rgbconsulting.com\/es\/wp-json\/wp\/v2\/product"}],"about":[{"href":"https:\/\/wpguerssen-test.odoo.rgbconsulting.com\/es\/wp-json\/wp\/v2\/types\/product"}],"wp:featuredmedia":[{"embeddable":true,"href":"https:\/\/wpguerssen-test.odoo.rgbconsulting.com\/es\/wp-json\/wp\/v2\/media\/270838"}],"wp:attachment":[{"href":"https:\/\/wpguerssen-test.odoo.rgbconsulting.com\/es\/wp-json\/wp\/v2\/media?parent=268851"}],"wp:term":[{"taxonomy":"product_brand","embeddable":true,"href":"https:\/\/wpguerssen-test.odoo.rgbconsulting.com\/es\/wp-json\/wp\/v2\/product_brand?post=268851"},{"taxonomy":"product_cat","embeddable":true,"href":"https:\/\/wpguerssen-test.odoo.rgbconsulting.com\/es\/wp-json\/wp\/v2\/product_cat?post=268851"},{"taxonomy":"product_tag","embeddable":true,"href":"https:\/\/wpguerssen-test.odoo.rgbconsulting.com\/es\/wp-json\/wp\/v2\/product_tag?post=268851"}],"curies":[{"name":"wp","href":"https:\/\/api.w.org\/{rel}","templated":true}]}}