{"id":268854,"date":"2024-05-27T00:00:00","date_gmt":"2024-05-26T22:00:00","guid":{"rendered":"https:\/\/wpguerssen-test.odoo.rgbconsulting.com\/product\/bablas-disco-sensation\/"},"modified":"2025-01-30T17:01:07","modified_gmt":"2025-01-30T16:01:07","slug":"bablas-disco-sensation","status":"publish","type":"product","link":"https:\/\/wpguerssen-test.odoo.rgbconsulting.com\/es\/producto\/bablas-disco-sensation\/","title":{"rendered":"Babla&#8217;s Disco Sensation"},"content":{"rendered":"<p>Laxmichand &#8216;Babla&#8217; Shah comenz\u00f3 su carrera como baterista y percusionista en bandas sonoras de Bollywood compuestas por sus hermanos mayores Kalyanji V. Shah y Anandji V. Shah, y luego hizo historia a trav\u00e9s de Babla&#8217;s Disco Sensation, la aventurera versi\u00f3n disco y synth-pop de temas populares y \u00e9xitos cinematogr\u00e1ficos estrenados por Polydor a finales de los a\u00f1os 1970. Esta rara bestia inici\u00f3 la moda del &#8216;Disco Dandia&#8217; y es un killer total de principio a fin, los ritmos funk del sitar y las melod\u00edas orientales chocan con todo tipo de locura Moog. Es un especial de rebuscadores de cajas que fue muestreado por Metro Area y otros. \u00a1Consigue tu copia ahora y reproducelo con volumen para obtener el mejor efecto!<\/p>\n","protected":false},"excerpt":{"rendered":"<p>Laxmichand &#8216;Babla&#8217; Shah comenz\u00f3 su carrera como baterista y percusionista en bandas sonoras de Bollywood compuestas por sus hermanos mayores Kalyanji<a class=\"read\" href=\"https:\/\/wpguerssen-test.odoo.rgbconsulting.com\/es\/producto\/bablas-disco-sensation\/\"> (...)<\/a>","protected":false},"featured_media":268936,"template":"","meta":{"_acf_changed":false},"product_brand":[],"product_cat":[23219,23265],"product_tag":[],"class_list":{"0":"post-268854","1":"product","2":"type-product","3":"status-publish","4":"has-post-thumbnail","6":"product_cat-funk-es","7":"product_cat-disco-cosmic-italo-es","8":"pa_artist-babla","9":"pa_format-lp-es","10":"pa_gender-disco-cosmic-italo-funk","11":"pa_label-survival-research","12":"pa_location-eastern-es","13":"pa_other-filters-vinyl-only-es","15":"first","16":"instock","17":"taxable","18":"shipping-taxable","19":"purchasable","20":"product-type-simple"},"acf":[],"yoast_head":"<!-- This site is optimized with the Yoast SEO plugin v24.9 - https:\/\/yoast.com\/wordpress\/plugins\/seo\/ -->\n<title>BABLA - Babla&#039;s Disco Sensation -  (LP) | Guerssen<\/title>\n<meta name=\"description\" content=\"Laxmichand &#039;Babla&#039; Shah began his career and a drummer and percussionist on Bollywood soundtracks composed by his older brothers Kalyanji V. Shah and Anandji V. Shah, and then made history through Babla&#039;s Disco Sensation, the adventurous disco and synth-pop recasting of popular film hits released by Polydor in the late 1970s. This rare beast kicked off the &#039;Disco Dandia&#039; craze and is a total killer from start to finish, the sitar funk grooves and eastern melodies clashing with all kinds of Moog madness. It&#039;s a crate-diggers special that was sampled by Metro Area and others - grab your copy now and play loud for best effect!\" \/>\n<meta name=\"robots\" content=\"index, follow, max-snippet:-1, max-image-preview:large, max-video-preview:-1\" \/>\n<link rel=\"canonical\" href=\"https:\/\/wpguerssen-test.odoo.rgbconsulting.com\/es\/producto\/bablas-disco-sensation\/\" \/>\n<meta property=\"og:locale\" content=\"es_ES\" \/>\n<meta property=\"og:type\" content=\"article\" \/>\n<meta property=\"og:title\" content=\"BABLA - Babla&#039;s Disco Sensation -  (LP) | Guerssen\" \/>\n<meta property=\"og:description\" content=\"Laxmichand &#039;Babla&#039; Shah began his career and a drummer and percussionist on Bollywood soundtracks composed by his older brothers Kalyanji V. Shah and Anandji V. Shah, and then made history through Babla&#039;s Disco Sensation, the adventurous disco and synth-pop recasting of popular film hits released by Polydor in the late 1970s. This rare beast kicked off the &#039;Disco Dandia&#039; craze and is a total killer from start to finish, the sitar funk grooves and eastern melodies clashing with all kinds of Moog madness. It&#039;s a crate-diggers special that was sampled by Metro Area and others - grab your copy now and play loud for best effect!\" \/>\n<meta property=\"og:url\" content=\"https:\/\/wpguerssen-test.odoo.rgbconsulting.com\/es\/producto\/bablas-disco-sensation\/\" \/>\n<meta property=\"og:site_name\" content=\"Guerssen records\" \/>\n<meta property=\"article:modified_time\" content=\"2025-01-30T16:01:07+00:00\" \/>\n<meta property=\"og:image\" content=\"https:\/\/wpguerssen-test.odoo.rgbconsulting.com\/wp-content\/uploads\/2024\/05\/47919.jpg\" \/>\n\t<meta property=\"og:image:width\" content=\"886\" \/>\n\t<meta property=\"og:image:height\" content=\"886\" \/>\n\t<meta property=\"og:image:type\" content=\"image\/jpeg\" \/>\n<meta name=\"twitter:card\" content=\"summary_large_image\" \/>\n<meta name=\"twitter:title\" content=\"BABLA - Babla&#039;s Disco Sensation -  (LP) | Guerssen\" \/>\n<meta name=\"twitter:label1\" content=\"Tiempo de lectura\" \/>\n\t<meta name=\"twitter:data1\" content=\"1 minuto\" \/>\n<script type=\"application\/ld+json\" class=\"yoast-schema-graph\">{\"@context\":\"https:\/\/schema.org\",\"@graph\":[{\"@type\":\"WebPage\",\"@id\":\"https:\/\/wpguerssen-test.odoo.rgbconsulting.com\/es\/producto\/bablas-disco-sensation\/\",\"url\":\"https:\/\/wpguerssen-test.odoo.rgbconsulting.com\/es\/producto\/bablas-disco-sensation\/\",\"name\":\"BABLA - Babla's Disco Sensation - (LP) | Guerssen\",\"isPartOf\":{\"@id\":\"https:\/\/wpguerssen-test.odoo.rgbconsulting.com\/es\/#website\"},\"primaryImageOfPage\":{\"@id\":\"https:\/\/wpguerssen-test.odoo.rgbconsulting.com\/es\/producto\/bablas-disco-sensation\/#primaryimage\"},\"image\":{\"@id\":\"https:\/\/wpguerssen-test.odoo.rgbconsulting.com\/es\/producto\/bablas-disco-sensation\/#primaryimage\"},\"thumbnailUrl\":\"https:\/\/wpguerssen-test.odoo.rgbconsulting.com\/wp-content\/uploads\/2024\/05\/47919.jpg\",\"datePublished\":\"2024-05-26T22:00:00+00:00\",\"dateModified\":\"2025-01-30T16:01:07+00:00\",\"description\":\"Laxmichand 'Babla' Shah began his career and a drummer and percussionist on Bollywood soundtracks composed by his older brothers Kalyanji V. Shah and Anandji V. Shah, and then made history through Babla's Disco Sensation, the adventurous disco and synth-pop recasting of popular film hits released by Polydor in the late 1970s. This rare beast kicked off the 'Disco Dandia' craze and is a total killer from start to finish, the sitar funk grooves and eastern melodies clashing with all kinds of Moog madness. It's a crate-diggers special that was sampled by Metro Area and others - grab your copy now and play loud for best effect!\",\"breadcrumb\":{\"@id\":\"https:\/\/wpguerssen-test.odoo.rgbconsulting.com\/es\/producto\/bablas-disco-sensation\/#breadcrumb\"},\"inLanguage\":\"es\",\"potentialAction\":[{\"@type\":\"ReadAction\",\"target\":[\"https:\/\/wpguerssen-test.odoo.rgbconsulting.com\/es\/producto\/bablas-disco-sensation\/\"]}]},{\"@type\":\"ImageObject\",\"inLanguage\":\"es\",\"@id\":\"https:\/\/wpguerssen-test.odoo.rgbconsulting.com\/es\/producto\/bablas-disco-sensation\/#primaryimage\",\"url\":\"https:\/\/wpguerssen-test.odoo.rgbconsulting.com\/wp-content\/uploads\/2024\/05\/47919.jpg\",\"contentUrl\":\"https:\/\/wpguerssen-test.odoo.rgbconsulting.com\/wp-content\/uploads\/2024\/05\/47919.jpg\",\"width\":886,\"height\":886},{\"@type\":\"BreadcrumbList\",\"@id\":\"https:\/\/wpguerssen-test.odoo.rgbconsulting.com\/es\/producto\/bablas-disco-sensation\/#breadcrumb\",\"itemListElement\":[{\"@type\":\"ListItem\",\"position\":1,\"name\":\"Inicio\",\"item\":\"https:\/\/wpguerssen-test.odoo.rgbconsulting.com\/es\/\"},{\"@type\":\"ListItem\",\"position\":2,\"name\":\"Shop\",\"item\":\"https:\/\/wpguerssen-test.odoo.rgbconsulting.com\/shop\/\"},{\"@type\":\"ListItem\",\"position\":3,\"name\":\"Babla&#8217;s Disco Sensation\"}]},{\"@type\":\"WebSite\",\"@id\":\"https:\/\/wpguerssen-test.odoo.rgbconsulting.com\/es\/#website\",\"url\":\"https:\/\/wpguerssen-test.odoo.rgbconsulting.com\/es\/\",\"name\":\"Guerssen records\",\"description\":\"psychedelia - progressive - folk - garage \",\"publisher\":{\"@id\":\"https:\/\/wpguerssen-test.odoo.rgbconsulting.com\/es\/#organization\"},\"potentialAction\":[{\"@type\":\"SearchAction\",\"target\":{\"@type\":\"EntryPoint\",\"urlTemplate\":\"https:\/\/wpguerssen-test.odoo.rgbconsulting.com\/es\/?s={search_term_string}\"},\"query-input\":{\"@type\":\"PropertyValueSpecification\",\"valueRequired\":true,\"valueName\":\"search_term_string\"}}],\"inLanguage\":\"es\"},{\"@type\":\"Organization\",\"@id\":\"https:\/\/wpguerssen-test.odoo.rgbconsulting.com\/es\/#organization\",\"name\":\"Guerssen records\",\"url\":\"https:\/\/wpguerssen-test.odoo.rgbconsulting.com\/es\/\",\"logo\":{\"@type\":\"ImageObject\",\"inLanguage\":\"es\",\"@id\":\"https:\/\/wpguerssen-test.odoo.rgbconsulting.com\/es\/#\/schema\/logo\/image\/\",\"url\":\"https:\/\/wpguerssen-test.odoo.rgbconsulting.com\/wp-content\/uploads\/2022\/04\/Logo_Guerssen_trans_100.png\",\"contentUrl\":\"https:\/\/wpguerssen-test.odoo.rgbconsulting.com\/wp-content\/uploads\/2022\/04\/Logo_Guerssen_trans_100.png\",\"width\":122,\"height\":100,\"caption\":\"Guerssen records\"},\"image\":{\"@id\":\"https:\/\/wpguerssen-test.odoo.rgbconsulting.com\/es\/#\/schema\/logo\/image\/\"}}]}<\/script>\n<!-- \/ Yoast SEO plugin. -->","yoast_head_json":{"title":"BABLA - Babla's Disco Sensation -  (LP) | Guerssen","description":"Laxmichand 'Babla' Shah began his career and a drummer and percussionist on Bollywood soundtracks composed by his older brothers Kalyanji V. Shah and Anandji V. Shah, and then made history through Babla's Disco Sensation, the adventurous disco and synth-pop recasting of popular film hits released by Polydor in the late 1970s. This rare beast kicked off the 'Disco Dandia' craze and is a total killer from start to finish, the sitar funk grooves and eastern melodies clashing with all kinds of Moog madness. It's a crate-diggers special that was sampled by Metro Area and others - grab your copy now and play loud for best effect!","robots":{"index":"index","follow":"follow","max-snippet":"max-snippet:-1","max-image-preview":"max-image-preview:large","max-video-preview":"max-video-preview:-1"},"canonical":"https:\/\/wpguerssen-test.odoo.rgbconsulting.com\/es\/producto\/bablas-disco-sensation\/","og_locale":"es_ES","og_type":"article","og_title":"BABLA - Babla's Disco Sensation -  (LP) | Guerssen","og_description":"Laxmichand 'Babla' Shah began his career and a drummer and percussionist on Bollywood soundtracks composed by his older brothers Kalyanji V. Shah and Anandji V. Shah, and then made history through Babla's Disco Sensation, the adventurous disco and synth-pop recasting of popular film hits released by Polydor in the late 1970s. This rare beast kicked off the 'Disco Dandia' craze and is a total killer from start to finish, the sitar funk grooves and eastern melodies clashing with all kinds of Moog madness. It's a crate-diggers special that was sampled by Metro Area and others - grab your copy now and play loud for best effect!","og_url":"https:\/\/wpguerssen-test.odoo.rgbconsulting.com\/es\/producto\/bablas-disco-sensation\/","og_site_name":"Guerssen records","article_modified_time":"2025-01-30T16:01:07+00:00","og_image":[{"width":886,"height":886,"url":"https:\/\/wpguerssen-test.odoo.rgbconsulting.com\/wp-content\/uploads\/2024\/05\/47919.jpg","type":"image\/jpeg"}],"twitter_card":"summary_large_image","twitter_title":"BABLA - Babla's Disco Sensation -  (LP) | Guerssen","twitter_misc":{"Tiempo de lectura":"1 minuto"},"schema":{"@context":"https:\/\/schema.org","@graph":[{"@type":"WebPage","@id":"https:\/\/wpguerssen-test.odoo.rgbconsulting.com\/es\/producto\/bablas-disco-sensation\/","url":"https:\/\/wpguerssen-test.odoo.rgbconsulting.com\/es\/producto\/bablas-disco-sensation\/","name":"BABLA - Babla's Disco Sensation - (LP) | Guerssen","isPartOf":{"@id":"https:\/\/wpguerssen-test.odoo.rgbconsulting.com\/es\/#website"},"primaryImageOfPage":{"@id":"https:\/\/wpguerssen-test.odoo.rgbconsulting.com\/es\/producto\/bablas-disco-sensation\/#primaryimage"},"image":{"@id":"https:\/\/wpguerssen-test.odoo.rgbconsulting.com\/es\/producto\/bablas-disco-sensation\/#primaryimage"},"thumbnailUrl":"https:\/\/wpguerssen-test.odoo.rgbconsulting.com\/wp-content\/uploads\/2024\/05\/47919.jpg","datePublished":"2024-05-26T22:00:00+00:00","dateModified":"2025-01-30T16:01:07+00:00","description":"Laxmichand 'Babla' Shah began his career and a drummer and percussionist on Bollywood soundtracks composed by his older brothers Kalyanji V. Shah and Anandji V. Shah, and then made history through Babla's Disco Sensation, the adventurous disco and synth-pop recasting of popular film hits released by Polydor in the late 1970s. This rare beast kicked off the 'Disco Dandia' craze and is a total killer from start to finish, the sitar funk grooves and eastern melodies clashing with all kinds of Moog madness. It's a crate-diggers special that was sampled by Metro Area and others - grab your copy now and play loud for best effect!","breadcrumb":{"@id":"https:\/\/wpguerssen-test.odoo.rgbconsulting.com\/es\/producto\/bablas-disco-sensation\/#breadcrumb"},"inLanguage":"es","potentialAction":[{"@type":"ReadAction","target":["https:\/\/wpguerssen-test.odoo.rgbconsulting.com\/es\/producto\/bablas-disco-sensation\/"]}]},{"@type":"ImageObject","inLanguage":"es","@id":"https:\/\/wpguerssen-test.odoo.rgbconsulting.com\/es\/producto\/bablas-disco-sensation\/#primaryimage","url":"https:\/\/wpguerssen-test.odoo.rgbconsulting.com\/wp-content\/uploads\/2024\/05\/47919.jpg","contentUrl":"https:\/\/wpguerssen-test.odoo.rgbconsulting.com\/wp-content\/uploads\/2024\/05\/47919.jpg","width":886,"height":886},{"@type":"BreadcrumbList","@id":"https:\/\/wpguerssen-test.odoo.rgbconsulting.com\/es\/producto\/bablas-disco-sensation\/#breadcrumb","itemListElement":[{"@type":"ListItem","position":1,"name":"Inicio","item":"https:\/\/wpguerssen-test.odoo.rgbconsulting.com\/es\/"},{"@type":"ListItem","position":2,"name":"Shop","item":"https:\/\/wpguerssen-test.odoo.rgbconsulting.com\/shop\/"},{"@type":"ListItem","position":3,"name":"Babla&#8217;s Disco Sensation"}]},{"@type":"WebSite","@id":"https:\/\/wpguerssen-test.odoo.rgbconsulting.com\/es\/#website","url":"https:\/\/wpguerssen-test.odoo.rgbconsulting.com\/es\/","name":"Guerssen records","description":"psychedelia - progressive - folk - garage ","publisher":{"@id":"https:\/\/wpguerssen-test.odoo.rgbconsulting.com\/es\/#organization"},"potentialAction":[{"@type":"SearchAction","target":{"@type":"EntryPoint","urlTemplate":"https:\/\/wpguerssen-test.odoo.rgbconsulting.com\/es\/?s={search_term_string}"},"query-input":{"@type":"PropertyValueSpecification","valueRequired":true,"valueName":"search_term_string"}}],"inLanguage":"es"},{"@type":"Organization","@id":"https:\/\/wpguerssen-test.odoo.rgbconsulting.com\/es\/#organization","name":"Guerssen records","url":"https:\/\/wpguerssen-test.odoo.rgbconsulting.com\/es\/","logo":{"@type":"ImageObject","inLanguage":"es","@id":"https:\/\/wpguerssen-test.odoo.rgbconsulting.com\/es\/#\/schema\/logo\/image\/","url":"https:\/\/wpguerssen-test.odoo.rgbconsulting.com\/wp-content\/uploads\/2022\/04\/Logo_Guerssen_trans_100.png","contentUrl":"https:\/\/wpguerssen-test.odoo.rgbconsulting.com\/wp-content\/uploads\/2022\/04\/Logo_Guerssen_trans_100.png","width":122,"height":100,"caption":"Guerssen records"},"image":{"@id":"https:\/\/wpguerssen-test.odoo.rgbconsulting.com\/es\/#\/schema\/logo\/image\/"}}]}},"_links":{"self":[{"href":"https:\/\/wpguerssen-test.odoo.rgbconsulting.com\/es\/wp-json\/wp\/v2\/product\/268854","targetHints":{"allow":["GET"]}}],"collection":[{"href":"https:\/\/wpguerssen-test.odoo.rgbconsulting.com\/es\/wp-json\/wp\/v2\/product"}],"about":[{"href":"https:\/\/wpguerssen-test.odoo.rgbconsulting.com\/es\/wp-json\/wp\/v2\/types\/product"}],"wp:featuredmedia":[{"embeddable":true,"href":"https:\/\/wpguerssen-test.odoo.rgbconsulting.com\/es\/wp-json\/wp\/v2\/media\/268936"}],"wp:attachment":[{"href":"https:\/\/wpguerssen-test.odoo.rgbconsulting.com\/es\/wp-json\/wp\/v2\/media?parent=268854"}],"wp:term":[{"taxonomy":"product_brand","embeddable":true,"href":"https:\/\/wpguerssen-test.odoo.rgbconsulting.com\/es\/wp-json\/wp\/v2\/product_brand?post=268854"},{"taxonomy":"product_cat","embeddable":true,"href":"https:\/\/wpguerssen-test.odoo.rgbconsulting.com\/es\/wp-json\/wp\/v2\/product_cat?post=268854"},{"taxonomy":"product_tag","embeddable":true,"href":"https:\/\/wpguerssen-test.odoo.rgbconsulting.com\/es\/wp-json\/wp\/v2\/product_tag?post=268854"}],"curies":[{"name":"wp","href":"https:\/\/api.w.org\/{rel}","templated":true}]}}