{"id":268855,"date":"2025-01-07T00:00:00","date_gmt":"2025-01-06T23:00:00","guid":{"rendered":"https:\/\/wpguerssen-test.odoo.rgbconsulting.com\/product\/africa-brasil\/"},"modified":"2025-04-29T13:35:17","modified_gmt":"2025-04-29T11:35:17","slug":"africa-brasil","status":"publish","type":"product","link":"https:\/\/wpguerssen-test.odoo.rgbconsulting.com\/es\/producto\/africa-brasil\/","title":{"rendered":"Africa Brasil"},"content":{"rendered":"<p>Africa Brasil es un lanzamiento de 1976 del artista brasile\u00f1o Jorge Ben. Fue el decimocuarto \u00e1lbum de estudio de Ben y un hito en su carrera con un cambio a la guitarra el\u00e9ctrica y filtraciones de m\u00fasica funk. Para Africa Brasil Ben reelabor\u00f3 \u00bf\u00bftres de sus composiciones anteriores: \u00abA Princesa e o Plebeu\u00bb de Sacundin Ben Samba, \u00abTaj Mahal\u00bb de Ben y \u00abZumbi\u00bb de A T\u00e1bua de Esmeralda. La canci\u00f3n de apertura del \u00e1lbum, \u00abPonta de Lan\u00e7a Africano (Umbabarauma)\u00bb, una canci\u00f3n sobre un delantero de f\u00fatbol africano, se convirti\u00f3 en una canci\u00f3n muy conocida asociada al f\u00fatbol y m\u00e1s tarde se incluy\u00f3 en la compilaci\u00f3n de 1989 de David Byrne, Brazil Classics Beleza Tropical, lo que provoc\u00f3 la difusi\u00f3n de un v\u00eddeo en VH-1.<\/p>\n","protected":false},"excerpt":{"rendered":"<p>Africa Brasil es un lanzamiento de 1976 del artista brasile\u00f1o Jorge Ben. Fue el decimocuarto \u00e1lbum de estudio de Ben y un hito en su carrera con un cambio a la guitarra<a class=\"read\" href=\"https:\/\/wpguerssen-test.odoo.rgbconsulting.com\/es\/producto\/africa-brasil\/\"> (...)<\/a>","protected":false},"featured_media":268938,"template":"","meta":{"_acf_changed":false},"product_brand":[],"product_cat":[23219,23231],"product_tag":[29140],"class_list":{"0":"post-268855","1":"product","2":"type-product","3":"status-publish","4":"has-post-thumbnail","6":"product_cat-funk-es","7":"product_cat-latin-brazilian-es","8":"product_tag-color-vinyl-es","9":"pa_artist-ben-jorge-es","10":"pa_format-lp-es","11":"pa_gender-funk-latin-brazilian","12":"pa_label-future-shock","13":"pa_location-south-america-caribbean-es","14":"pa_other-filters-vinyl-only-es","16":"first","17":"instock","18":"taxable","19":"shipping-taxable","20":"purchasable","21":"product-type-simple"},"acf":[],"yoast_head":"<!-- This site is optimized with the Yoast SEO plugin v24.9 - https:\/\/yoast.com\/wordpress\/plugins\/seo\/ -->\n<title>BEN, Jorge - Africa Brasil -  (LP) | Guerssen<\/title>\n<meta name=\"description\" content=\"Africa Brasil is a 1976 release by Brazilian artist Jorge Ben. It was Ben&#039;s 14th studio album and a milestone in his career with a switch to electric guitar and funk music leaks. For \u00c1frica Brasil Ben reworked three of his earlier compositions: &quot;A Princesa e o Plebeu&quot; from Sacundin Ben Samba, &quot;Taj Mahal&quot; from Ben, and &quot;Zumbi&quot; from A T\u00e1bua de Esmeralda. The album&#039;s opening track &quot;Ponta de Lan\u00e7a Africano (Umbabarauma)&quot;, a song about an African football striker, became a well known soccer-associated track and it was later included on David Byrne&#039;s 1989 compilation Brazil Classics Beleza Tropical, prompting rotation of a video for the track on VH-1.\" \/>\n<meta name=\"robots\" content=\"index, follow, max-snippet:-1, max-image-preview:large, max-video-preview:-1\" \/>\n<link rel=\"canonical\" href=\"https:\/\/wpguerssen-test.odoo.rgbconsulting.com\/es\/producto\/africa-brasil\/\" \/>\n<meta property=\"og:locale\" content=\"es_ES\" \/>\n<meta property=\"og:type\" content=\"article\" \/>\n<meta property=\"og:title\" content=\"BEN, Jorge - Africa Brasil -  (LP) | Guerssen\" \/>\n<meta property=\"og:description\" content=\"Africa Brasil is a 1976 release by Brazilian artist Jorge Ben. It was Ben&#039;s 14th studio album and a milestone in his career with a switch to electric guitar and funk music leaks. For \u00c1frica Brasil Ben reworked three of his earlier compositions: &quot;A Princesa e o Plebeu&quot; from Sacundin Ben Samba, &quot;Taj Mahal&quot; from Ben, and &quot;Zumbi&quot; from A T\u00e1bua de Esmeralda. The album&#039;s opening track &quot;Ponta de Lan\u00e7a Africano (Umbabarauma)&quot;, a song about an African football striker, became a well known soccer-associated track and it was later included on David Byrne&#039;s 1989 compilation Brazil Classics Beleza Tropical, prompting rotation of a video for the track on VH-1.\" \/>\n<meta property=\"og:url\" content=\"https:\/\/wpguerssen-test.odoo.rgbconsulting.com\/es\/producto\/africa-brasil\/\" \/>\n<meta property=\"og:site_name\" content=\"Guerssen records\" \/>\n<meta property=\"article:modified_time\" content=\"2025-04-29T11:35:17+00:00\" \/>\n<meta property=\"og:image\" content=\"https:\/\/wpguerssen-test.odoo.rgbconsulting.com\/wp-content\/uploads\/2024\/05\/47920.jpg\" \/>\n\t<meta property=\"og:image:width\" content=\"945\" \/>\n\t<meta property=\"og:image:height\" content=\"937\" \/>\n\t<meta property=\"og:image:type\" content=\"image\/jpeg\" \/>\n<meta name=\"twitter:card\" content=\"summary_large_image\" \/>\n<meta name=\"twitter:title\" content=\"BEN, Jorge - Africa Brasil -  (LP) | Guerssen\" \/>\n<meta name=\"twitter:label1\" content=\"Tiempo de lectura\" \/>\n\t<meta name=\"twitter:data1\" content=\"1 minuto\" \/>\n<script type=\"application\/ld+json\" class=\"yoast-schema-graph\">{\"@context\":\"https:\/\/schema.org\",\"@graph\":[{\"@type\":\"WebPage\",\"@id\":\"https:\/\/wpguerssen-test.odoo.rgbconsulting.com\/es\/producto\/africa-brasil\/\",\"url\":\"https:\/\/wpguerssen-test.odoo.rgbconsulting.com\/es\/producto\/africa-brasil\/\",\"name\":\"BEN, Jorge - Africa Brasil - (LP) | Guerssen\",\"isPartOf\":{\"@id\":\"https:\/\/wpguerssen-test.odoo.rgbconsulting.com\/es\/#website\"},\"primaryImageOfPage\":{\"@id\":\"https:\/\/wpguerssen-test.odoo.rgbconsulting.com\/es\/producto\/africa-brasil\/#primaryimage\"},\"image\":{\"@id\":\"https:\/\/wpguerssen-test.odoo.rgbconsulting.com\/es\/producto\/africa-brasil\/#primaryimage\"},\"thumbnailUrl\":\"https:\/\/wpguerssen-test.odoo.rgbconsulting.com\/wp-content\/uploads\/2024\/05\/47920.jpg\",\"datePublished\":\"2025-01-06T23:00:00+00:00\",\"dateModified\":\"2025-04-29T11:35:17+00:00\",\"description\":\"Africa Brasil is a 1976 release by Brazilian artist Jorge Ben. It was Ben's 14th studio album and a milestone in his career with a switch to electric guitar and funk music leaks. For \u00c1frica Brasil Ben reworked three of his earlier compositions: \\\"A Princesa e o Plebeu\\\" from Sacundin Ben Samba, \\\"Taj Mahal\\\" from Ben, and \\\"Zumbi\\\" from A T\u00e1bua de Esmeralda. The album's opening track \\\"Ponta de Lan\u00e7a Africano (Umbabarauma)\\\", a song about an African football striker, became a well known soccer-associated track and it was later included on David Byrne's 1989 compilation Brazil Classics Beleza Tropical, prompting rotation of a video for the track on VH-1.\",\"breadcrumb\":{\"@id\":\"https:\/\/wpguerssen-test.odoo.rgbconsulting.com\/es\/producto\/africa-brasil\/#breadcrumb\"},\"inLanguage\":\"es\",\"potentialAction\":[{\"@type\":\"ReadAction\",\"target\":[\"https:\/\/wpguerssen-test.odoo.rgbconsulting.com\/es\/producto\/africa-brasil\/\"]}]},{\"@type\":\"ImageObject\",\"inLanguage\":\"es\",\"@id\":\"https:\/\/wpguerssen-test.odoo.rgbconsulting.com\/es\/producto\/africa-brasil\/#primaryimage\",\"url\":\"https:\/\/wpguerssen-test.odoo.rgbconsulting.com\/wp-content\/uploads\/2024\/05\/47920.jpg\",\"contentUrl\":\"https:\/\/wpguerssen-test.odoo.rgbconsulting.com\/wp-content\/uploads\/2024\/05\/47920.jpg\",\"width\":945,\"height\":937,\"caption\":\"Jorge - Africa Brasil - FUTURE SHOCK (LP) | Guerssen\"},{\"@type\":\"BreadcrumbList\",\"@id\":\"https:\/\/wpguerssen-test.odoo.rgbconsulting.com\/es\/producto\/africa-brasil\/#breadcrumb\",\"itemListElement\":[{\"@type\":\"ListItem\",\"position\":1,\"name\":\"Inicio\",\"item\":\"https:\/\/wpguerssen-test.odoo.rgbconsulting.com\/es\/\"},{\"@type\":\"ListItem\",\"position\":2,\"name\":\"Shop\",\"item\":\"https:\/\/wpguerssen-test.odoo.rgbconsulting.com\/shop\/\"},{\"@type\":\"ListItem\",\"position\":3,\"name\":\"Africa Brasil\"}]},{\"@type\":\"WebSite\",\"@id\":\"https:\/\/wpguerssen-test.odoo.rgbconsulting.com\/es\/#website\",\"url\":\"https:\/\/wpguerssen-test.odoo.rgbconsulting.com\/es\/\",\"name\":\"Guerssen records\",\"description\":\"psychedelia - progressive - folk - garage \",\"publisher\":{\"@id\":\"https:\/\/wpguerssen-test.odoo.rgbconsulting.com\/es\/#organization\"},\"potentialAction\":[{\"@type\":\"SearchAction\",\"target\":{\"@type\":\"EntryPoint\",\"urlTemplate\":\"https:\/\/wpguerssen-test.odoo.rgbconsulting.com\/es\/?s={search_term_string}\"},\"query-input\":{\"@type\":\"PropertyValueSpecification\",\"valueRequired\":true,\"valueName\":\"search_term_string\"}}],\"inLanguage\":\"es\"},{\"@type\":\"Organization\",\"@id\":\"https:\/\/wpguerssen-test.odoo.rgbconsulting.com\/es\/#organization\",\"name\":\"Guerssen records\",\"url\":\"https:\/\/wpguerssen-test.odoo.rgbconsulting.com\/es\/\",\"logo\":{\"@type\":\"ImageObject\",\"inLanguage\":\"es\",\"@id\":\"https:\/\/wpguerssen-test.odoo.rgbconsulting.com\/es\/#\/schema\/logo\/image\/\",\"url\":\"https:\/\/wpguerssen-test.odoo.rgbconsulting.com\/wp-content\/uploads\/2022\/04\/Logo_Guerssen_trans_100.png\",\"contentUrl\":\"https:\/\/wpguerssen-test.odoo.rgbconsulting.com\/wp-content\/uploads\/2022\/04\/Logo_Guerssen_trans_100.png\",\"width\":122,\"height\":100,\"caption\":\"Guerssen records\"},\"image\":{\"@id\":\"https:\/\/wpguerssen-test.odoo.rgbconsulting.com\/es\/#\/schema\/logo\/image\/\"}}]}<\/script>\n<!-- \/ Yoast SEO plugin. -->","yoast_head_json":{"title":"BEN, Jorge - Africa Brasil -  (LP) | Guerssen","description":"Africa Brasil is a 1976 release by Brazilian artist Jorge Ben. It was Ben's 14th studio album and a milestone in his career with a switch to electric guitar and funk music leaks. For \u00c1frica Brasil Ben reworked three of his earlier compositions: \"A Princesa e o Plebeu\" from Sacundin Ben Samba, \"Taj Mahal\" from Ben, and \"Zumbi\" from A T\u00e1bua de Esmeralda. The album's opening track \"Ponta de Lan\u00e7a Africano (Umbabarauma)\", a song about an African football striker, became a well known soccer-associated track and it was later included on David Byrne's 1989 compilation Brazil Classics Beleza Tropical, prompting rotation of a video for the track on VH-1.","robots":{"index":"index","follow":"follow","max-snippet":"max-snippet:-1","max-image-preview":"max-image-preview:large","max-video-preview":"max-video-preview:-1"},"canonical":"https:\/\/wpguerssen-test.odoo.rgbconsulting.com\/es\/producto\/africa-brasil\/","og_locale":"es_ES","og_type":"article","og_title":"BEN, Jorge - Africa Brasil -  (LP) | Guerssen","og_description":"Africa Brasil is a 1976 release by Brazilian artist Jorge Ben. It was Ben's 14th studio album and a milestone in his career with a switch to electric guitar and funk music leaks. For \u00c1frica Brasil Ben reworked three of his earlier compositions: \"A Princesa e o Plebeu\" from Sacundin Ben Samba, \"Taj Mahal\" from Ben, and \"Zumbi\" from A T\u00e1bua de Esmeralda. The album's opening track \"Ponta de Lan\u00e7a Africano (Umbabarauma)\", a song about an African football striker, became a well known soccer-associated track and it was later included on David Byrne's 1989 compilation Brazil Classics Beleza Tropical, prompting rotation of a video for the track on VH-1.","og_url":"https:\/\/wpguerssen-test.odoo.rgbconsulting.com\/es\/producto\/africa-brasil\/","og_site_name":"Guerssen records","article_modified_time":"2025-04-29T11:35:17+00:00","og_image":[{"width":945,"height":937,"url":"https:\/\/wpguerssen-test.odoo.rgbconsulting.com\/wp-content\/uploads\/2024\/05\/47920.jpg","type":"image\/jpeg"}],"twitter_card":"summary_large_image","twitter_title":"BEN, Jorge - Africa Brasil -  (LP) | Guerssen","twitter_misc":{"Tiempo de lectura":"1 minuto"},"schema":{"@context":"https:\/\/schema.org","@graph":[{"@type":"WebPage","@id":"https:\/\/wpguerssen-test.odoo.rgbconsulting.com\/es\/producto\/africa-brasil\/","url":"https:\/\/wpguerssen-test.odoo.rgbconsulting.com\/es\/producto\/africa-brasil\/","name":"BEN, Jorge - Africa Brasil - (LP) | Guerssen","isPartOf":{"@id":"https:\/\/wpguerssen-test.odoo.rgbconsulting.com\/es\/#website"},"primaryImageOfPage":{"@id":"https:\/\/wpguerssen-test.odoo.rgbconsulting.com\/es\/producto\/africa-brasil\/#primaryimage"},"image":{"@id":"https:\/\/wpguerssen-test.odoo.rgbconsulting.com\/es\/producto\/africa-brasil\/#primaryimage"},"thumbnailUrl":"https:\/\/wpguerssen-test.odoo.rgbconsulting.com\/wp-content\/uploads\/2024\/05\/47920.jpg","datePublished":"2025-01-06T23:00:00+00:00","dateModified":"2025-04-29T11:35:17+00:00","description":"Africa Brasil is a 1976 release by Brazilian artist Jorge Ben. It was Ben's 14th studio album and a milestone in his career with a switch to electric guitar and funk music leaks. For \u00c1frica Brasil Ben reworked three of his earlier compositions: \"A Princesa e o Plebeu\" from Sacundin Ben Samba, \"Taj Mahal\" from Ben, and \"Zumbi\" from A T\u00e1bua de Esmeralda. The album's opening track \"Ponta de Lan\u00e7a Africano (Umbabarauma)\", a song about an African football striker, became a well known soccer-associated track and it was later included on David Byrne's 1989 compilation Brazil Classics Beleza Tropical, prompting rotation of a video for the track on VH-1.","breadcrumb":{"@id":"https:\/\/wpguerssen-test.odoo.rgbconsulting.com\/es\/producto\/africa-brasil\/#breadcrumb"},"inLanguage":"es","potentialAction":[{"@type":"ReadAction","target":["https:\/\/wpguerssen-test.odoo.rgbconsulting.com\/es\/producto\/africa-brasil\/"]}]},{"@type":"ImageObject","inLanguage":"es","@id":"https:\/\/wpguerssen-test.odoo.rgbconsulting.com\/es\/producto\/africa-brasil\/#primaryimage","url":"https:\/\/wpguerssen-test.odoo.rgbconsulting.com\/wp-content\/uploads\/2024\/05\/47920.jpg","contentUrl":"https:\/\/wpguerssen-test.odoo.rgbconsulting.com\/wp-content\/uploads\/2024\/05\/47920.jpg","width":945,"height":937,"caption":"Jorge - Africa Brasil - FUTURE SHOCK (LP) | Guerssen"},{"@type":"BreadcrumbList","@id":"https:\/\/wpguerssen-test.odoo.rgbconsulting.com\/es\/producto\/africa-brasil\/#breadcrumb","itemListElement":[{"@type":"ListItem","position":1,"name":"Inicio","item":"https:\/\/wpguerssen-test.odoo.rgbconsulting.com\/es\/"},{"@type":"ListItem","position":2,"name":"Shop","item":"https:\/\/wpguerssen-test.odoo.rgbconsulting.com\/shop\/"},{"@type":"ListItem","position":3,"name":"Africa Brasil"}]},{"@type":"WebSite","@id":"https:\/\/wpguerssen-test.odoo.rgbconsulting.com\/es\/#website","url":"https:\/\/wpguerssen-test.odoo.rgbconsulting.com\/es\/","name":"Guerssen records","description":"psychedelia - progressive - folk - garage ","publisher":{"@id":"https:\/\/wpguerssen-test.odoo.rgbconsulting.com\/es\/#organization"},"potentialAction":[{"@type":"SearchAction","target":{"@type":"EntryPoint","urlTemplate":"https:\/\/wpguerssen-test.odoo.rgbconsulting.com\/es\/?s={search_term_string}"},"query-input":{"@type":"PropertyValueSpecification","valueRequired":true,"valueName":"search_term_string"}}],"inLanguage":"es"},{"@type":"Organization","@id":"https:\/\/wpguerssen-test.odoo.rgbconsulting.com\/es\/#organization","name":"Guerssen records","url":"https:\/\/wpguerssen-test.odoo.rgbconsulting.com\/es\/","logo":{"@type":"ImageObject","inLanguage":"es","@id":"https:\/\/wpguerssen-test.odoo.rgbconsulting.com\/es\/#\/schema\/logo\/image\/","url":"https:\/\/wpguerssen-test.odoo.rgbconsulting.com\/wp-content\/uploads\/2022\/04\/Logo_Guerssen_trans_100.png","contentUrl":"https:\/\/wpguerssen-test.odoo.rgbconsulting.com\/wp-content\/uploads\/2022\/04\/Logo_Guerssen_trans_100.png","width":122,"height":100,"caption":"Guerssen records"},"image":{"@id":"https:\/\/wpguerssen-test.odoo.rgbconsulting.com\/es\/#\/schema\/logo\/image\/"}}]}},"_links":{"self":[{"href":"https:\/\/wpguerssen-test.odoo.rgbconsulting.com\/es\/wp-json\/wp\/v2\/product\/268855","targetHints":{"allow":["GET"]}}],"collection":[{"href":"https:\/\/wpguerssen-test.odoo.rgbconsulting.com\/es\/wp-json\/wp\/v2\/product"}],"about":[{"href":"https:\/\/wpguerssen-test.odoo.rgbconsulting.com\/es\/wp-json\/wp\/v2\/types\/product"}],"wp:featuredmedia":[{"embeddable":true,"href":"https:\/\/wpguerssen-test.odoo.rgbconsulting.com\/es\/wp-json\/wp\/v2\/media\/268938"}],"wp:attachment":[{"href":"https:\/\/wpguerssen-test.odoo.rgbconsulting.com\/es\/wp-json\/wp\/v2\/media?parent=268855"}],"wp:term":[{"taxonomy":"product_brand","embeddable":true,"href":"https:\/\/wpguerssen-test.odoo.rgbconsulting.com\/es\/wp-json\/wp\/v2\/product_brand?post=268855"},{"taxonomy":"product_cat","embeddable":true,"href":"https:\/\/wpguerssen-test.odoo.rgbconsulting.com\/es\/wp-json\/wp\/v2\/product_cat?post=268855"},{"taxonomy":"product_tag","embeddable":true,"href":"https:\/\/wpguerssen-test.odoo.rgbconsulting.com\/es\/wp-json\/wp\/v2\/product_tag?post=268855"}],"curies":[{"name":"wp","href":"https:\/\/api.w.org\/{rel}","templated":true}]}}