{"id":268858,"date":"2025-01-07T00:00:00","date_gmt":"2025-01-06T23:00:00","guid":{"rendered":"https:\/\/wpguerssen-test.odoo.rgbconsulting.com\/product\/neon\/"},"modified":"2025-04-29T13:35:21","modified_gmt":"2025-04-29T11:35:21","slug":"neon","status":"publish","type":"product","link":"https:\/\/wpguerssen-test.odoo.rgbconsulting.com\/es\/producto\/neon\/","title":{"rendered":"Neon"},"content":{"rendered":"<p>Cyrkle produjo un \u00e1lbum de garage rock s\u00f3lido, y ciertamente demuestra que la banda era un grupo de m\u00fasicos entusiastas. Mucho m\u00e1s cercano al garage (proto) punk de finales de los 60 que a la psicodelia, el \u00e1lbum se lanz\u00f3 en 1969.<br \/>Eran m\u00e1s conocidos por su canci\u00f3n de 1966 \u00abRed Rubber Ball\u00bb (escrita por Paul Simon), que alcanz\u00f3 el puesto n\u00famero 2 en el Billboard Hot 100. La banda fue descubierta y dirigida por Brian Epstein y John Lennon le dio la ortograf\u00eda \u00fanica de su nombre. El grupo estaba formado por los guitarristas y cantantes Don Dannemann y Tom Dawes (bajo), quienes se conocieron mientras estudiaban en Lafayette College en Easton, Pensilvania. Los otros miembros eran Earl Pickens a los teclados y Marty Fried a la bater\u00eda.<\/p>\n","protected":false},"excerpt":{"rendered":"<p>Cyrkle produjo un \u00e1lbum de garage rock s\u00f3lido, y ciertamente demuestra que la banda era un grupo de m\u00fasicos entusiastas. Mucho m\u00e1s cercano al garage (proto) punk<a class=\"read\" href=\"https:\/\/wpguerssen-test.odoo.rgbconsulting.com\/es\/producto\/neon\/\"> (...)<\/a>","protected":false},"featured_media":268944,"template":"","meta":{"_acf_changed":false},"product_brand":[],"product_cat":[23281,21639],"product_tag":[24190],"class_list":{"0":"post-268858","1":"product","2":"type-product","3":"status-publish","4":"has-post-thumbnail","6":"product_cat-garagebeatrnb60-70-es","7":"product_cat-psychedelic60s-70s-es","8":"product_tag-sales-es","9":"pa_artist-cyrkle-the","10":"pa_format-lp-es","11":"pa_gender-psychedelic60s-70s-garagebeatrnb60-70","12":"pa_label-endless-happiness","13":"pa_location-north-america-es","14":"pa_other-filters-vinyl-only-es","16":"first","17":"instock","18":"taxable","19":"shipping-taxable","20":"purchasable","21":"product-type-simple"},"acf":[],"yoast_head":"<!-- This site is optimized with the Yoast SEO plugin v24.9 - https:\/\/yoast.com\/wordpress\/plugins\/seo\/ -->\n<title>CYRKLE, The - Neon -  (LP) | Guerssen<\/title>\n<meta name=\"description\" content=\"Cyrkle produced one album&#039;s worth of solid garage rock, and it certainly proves that the band was an enthusiastic bunch of musicians. Much closer to late 60&#039;s garage (proto) punk than psychedelia, the album was released in 1969.They were best known for their 1966 song &quot;Red Rubber Ball&quot; (written by Paul Simon) which went to #2 on the Billboard Hot 100 chart. The band was discovered and managed by Brian Epstein and given the unique spelling of their name by John Lennon. The group was formed by guitarists and lead singers Don Dannemann and Tom Dawes (bass guitar), who met while studying at Lafayette College in Easton, Pennsylvania. The other members were Earl Pickens on keyboards and Marty Fried on drums.\" \/>\n<meta name=\"robots\" content=\"index, follow, max-snippet:-1, max-image-preview:large, max-video-preview:-1\" \/>\n<link rel=\"canonical\" href=\"https:\/\/wpguerssen-test.odoo.rgbconsulting.com\/es\/producto\/neon\/\" \/>\n<meta property=\"og:locale\" content=\"es_ES\" \/>\n<meta property=\"og:type\" content=\"article\" \/>\n<meta property=\"og:title\" content=\"CYRKLE, The - Neon -  (LP) | Guerssen\" \/>\n<meta property=\"og:description\" content=\"Cyrkle produced one album&#039;s worth of solid garage rock, and it certainly proves that the band was an enthusiastic bunch of musicians. Much closer to late 60&#039;s garage (proto) punk than psychedelia, the album was released in 1969.They were best known for their 1966 song &quot;Red Rubber Ball&quot; (written by Paul Simon) which went to #2 on the Billboard Hot 100 chart. The band was discovered and managed by Brian Epstein and given the unique spelling of their name by John Lennon. The group was formed by guitarists and lead singers Don Dannemann and Tom Dawes (bass guitar), who met while studying at Lafayette College in Easton, Pennsylvania. The other members were Earl Pickens on keyboards and Marty Fried on drums.\" \/>\n<meta property=\"og:url\" content=\"https:\/\/wpguerssen-test.odoo.rgbconsulting.com\/es\/producto\/neon\/\" \/>\n<meta property=\"og:site_name\" content=\"Guerssen records\" \/>\n<meta property=\"article:modified_time\" content=\"2025-04-29T11:35:21+00:00\" \/>\n<meta property=\"og:image\" content=\"https:\/\/wpguerssen-test.odoo.rgbconsulting.com\/wp-content\/uploads\/2024\/05\/47923.jpg\" \/>\n\t<meta property=\"og:image:width\" content=\"945\" \/>\n\t<meta property=\"og:image:height\" content=\"945\" \/>\n\t<meta property=\"og:image:type\" content=\"image\/jpeg\" \/>\n<meta name=\"twitter:card\" content=\"summary_large_image\" \/>\n<meta name=\"twitter:title\" content=\"CYRKLE, The - Neon -  (LP) | Guerssen\" \/>\n<meta name=\"twitter:label1\" content=\"Tiempo de lectura\" \/>\n\t<meta name=\"twitter:data1\" content=\"1 minuto\" \/>\n<script type=\"application\/ld+json\" class=\"yoast-schema-graph\">{\"@context\":\"https:\/\/schema.org\",\"@graph\":[{\"@type\":\"WebPage\",\"@id\":\"https:\/\/wpguerssen-test.odoo.rgbconsulting.com\/es\/producto\/neon\/\",\"url\":\"https:\/\/wpguerssen-test.odoo.rgbconsulting.com\/es\/producto\/neon\/\",\"name\":\"CYRKLE, The - Neon - (LP) | Guerssen\",\"isPartOf\":{\"@id\":\"https:\/\/wpguerssen-test.odoo.rgbconsulting.com\/es\/#website\"},\"primaryImageOfPage\":{\"@id\":\"https:\/\/wpguerssen-test.odoo.rgbconsulting.com\/es\/producto\/neon\/#primaryimage\"},\"image\":{\"@id\":\"https:\/\/wpguerssen-test.odoo.rgbconsulting.com\/es\/producto\/neon\/#primaryimage\"},\"thumbnailUrl\":\"https:\/\/wpguerssen-test.odoo.rgbconsulting.com\/wp-content\/uploads\/2024\/05\/47923.jpg\",\"datePublished\":\"2025-01-06T23:00:00+00:00\",\"dateModified\":\"2025-04-29T11:35:21+00:00\",\"description\":\"Cyrkle produced one album's worth of solid garage rock, and it certainly proves that the band was an enthusiastic bunch of musicians. Much closer to late 60's garage (proto) punk than psychedelia, the album was released in 1969.They were best known for their 1966 song \\\"Red Rubber Ball\\\" (written by Paul Simon) which went to #2 on the Billboard Hot 100 chart. The band was discovered and managed by Brian Epstein and given the unique spelling of their name by John Lennon. The group was formed by guitarists and lead singers Don Dannemann and Tom Dawes (bass guitar), who met while studying at Lafayette College in Easton, Pennsylvania. The other members were Earl Pickens on keyboards and Marty Fried on drums.\",\"breadcrumb\":{\"@id\":\"https:\/\/wpguerssen-test.odoo.rgbconsulting.com\/es\/producto\/neon\/#breadcrumb\"},\"inLanguage\":\"es\",\"potentialAction\":[{\"@type\":\"ReadAction\",\"target\":[\"https:\/\/wpguerssen-test.odoo.rgbconsulting.com\/es\/producto\/neon\/\"]}]},{\"@type\":\"ImageObject\",\"inLanguage\":\"es\",\"@id\":\"https:\/\/wpguerssen-test.odoo.rgbconsulting.com\/es\/producto\/neon\/#primaryimage\",\"url\":\"https:\/\/wpguerssen-test.odoo.rgbconsulting.com\/wp-content\/uploads\/2024\/05\/47923.jpg\",\"contentUrl\":\"https:\/\/wpguerssen-test.odoo.rgbconsulting.com\/wp-content\/uploads\/2024\/05\/47923.jpg\",\"width\":945,\"height\":945,\"caption\":\"The - Neon - ENDLESS HAPPINESS (LP) | Guerssen\"},{\"@type\":\"BreadcrumbList\",\"@id\":\"https:\/\/wpguerssen-test.odoo.rgbconsulting.com\/es\/producto\/neon\/#breadcrumb\",\"itemListElement\":[{\"@type\":\"ListItem\",\"position\":1,\"name\":\"Inicio\",\"item\":\"https:\/\/wpguerssen-test.odoo.rgbconsulting.com\/es\/\"},{\"@type\":\"ListItem\",\"position\":2,\"name\":\"Shop\",\"item\":\"https:\/\/wpguerssen-test.odoo.rgbconsulting.com\/shop\/\"},{\"@type\":\"ListItem\",\"position\":3,\"name\":\"Neon\"}]},{\"@type\":\"WebSite\",\"@id\":\"https:\/\/wpguerssen-test.odoo.rgbconsulting.com\/es\/#website\",\"url\":\"https:\/\/wpguerssen-test.odoo.rgbconsulting.com\/es\/\",\"name\":\"Guerssen records\",\"description\":\"psychedelia - progressive - folk - garage \",\"publisher\":{\"@id\":\"https:\/\/wpguerssen-test.odoo.rgbconsulting.com\/es\/#organization\"},\"potentialAction\":[{\"@type\":\"SearchAction\",\"target\":{\"@type\":\"EntryPoint\",\"urlTemplate\":\"https:\/\/wpguerssen-test.odoo.rgbconsulting.com\/es\/?s={search_term_string}\"},\"query-input\":{\"@type\":\"PropertyValueSpecification\",\"valueRequired\":true,\"valueName\":\"search_term_string\"}}],\"inLanguage\":\"es\"},{\"@type\":\"Organization\",\"@id\":\"https:\/\/wpguerssen-test.odoo.rgbconsulting.com\/es\/#organization\",\"name\":\"Guerssen records\",\"url\":\"https:\/\/wpguerssen-test.odoo.rgbconsulting.com\/es\/\",\"logo\":{\"@type\":\"ImageObject\",\"inLanguage\":\"es\",\"@id\":\"https:\/\/wpguerssen-test.odoo.rgbconsulting.com\/es\/#\/schema\/logo\/image\/\",\"url\":\"https:\/\/wpguerssen-test.odoo.rgbconsulting.com\/wp-content\/uploads\/2022\/04\/Logo_Guerssen_trans_100.png\",\"contentUrl\":\"https:\/\/wpguerssen-test.odoo.rgbconsulting.com\/wp-content\/uploads\/2022\/04\/Logo_Guerssen_trans_100.png\",\"width\":122,\"height\":100,\"caption\":\"Guerssen records\"},\"image\":{\"@id\":\"https:\/\/wpguerssen-test.odoo.rgbconsulting.com\/es\/#\/schema\/logo\/image\/\"}}]}<\/script>\n<!-- \/ Yoast SEO plugin. -->","yoast_head_json":{"title":"CYRKLE, The - Neon -  (LP) | Guerssen","description":"Cyrkle produced one album's worth of solid garage rock, and it certainly proves that the band was an enthusiastic bunch of musicians. Much closer to late 60's garage (proto) punk than psychedelia, the album was released in 1969.They were best known for their 1966 song \"Red Rubber Ball\" (written by Paul Simon) which went to #2 on the Billboard Hot 100 chart. The band was discovered and managed by Brian Epstein and given the unique spelling of their name by John Lennon. The group was formed by guitarists and lead singers Don Dannemann and Tom Dawes (bass guitar), who met while studying at Lafayette College in Easton, Pennsylvania. The other members were Earl Pickens on keyboards and Marty Fried on drums.","robots":{"index":"index","follow":"follow","max-snippet":"max-snippet:-1","max-image-preview":"max-image-preview:large","max-video-preview":"max-video-preview:-1"},"canonical":"https:\/\/wpguerssen-test.odoo.rgbconsulting.com\/es\/producto\/neon\/","og_locale":"es_ES","og_type":"article","og_title":"CYRKLE, The - Neon -  (LP) | Guerssen","og_description":"Cyrkle produced one album's worth of solid garage rock, and it certainly proves that the band was an enthusiastic bunch of musicians. Much closer to late 60's garage (proto) punk than psychedelia, the album was released in 1969.They were best known for their 1966 song \"Red Rubber Ball\" (written by Paul Simon) which went to #2 on the Billboard Hot 100 chart. The band was discovered and managed by Brian Epstein and given the unique spelling of their name by John Lennon. The group was formed by guitarists and lead singers Don Dannemann and Tom Dawes (bass guitar), who met while studying at Lafayette College in Easton, Pennsylvania. The other members were Earl Pickens on keyboards and Marty Fried on drums.","og_url":"https:\/\/wpguerssen-test.odoo.rgbconsulting.com\/es\/producto\/neon\/","og_site_name":"Guerssen records","article_modified_time":"2025-04-29T11:35:21+00:00","og_image":[{"width":945,"height":945,"url":"https:\/\/wpguerssen-test.odoo.rgbconsulting.com\/wp-content\/uploads\/2024\/05\/47923.jpg","type":"image\/jpeg"}],"twitter_card":"summary_large_image","twitter_title":"CYRKLE, The - Neon -  (LP) | Guerssen","twitter_misc":{"Tiempo de lectura":"1 minuto"},"schema":{"@context":"https:\/\/schema.org","@graph":[{"@type":"WebPage","@id":"https:\/\/wpguerssen-test.odoo.rgbconsulting.com\/es\/producto\/neon\/","url":"https:\/\/wpguerssen-test.odoo.rgbconsulting.com\/es\/producto\/neon\/","name":"CYRKLE, The - Neon - (LP) | Guerssen","isPartOf":{"@id":"https:\/\/wpguerssen-test.odoo.rgbconsulting.com\/es\/#website"},"primaryImageOfPage":{"@id":"https:\/\/wpguerssen-test.odoo.rgbconsulting.com\/es\/producto\/neon\/#primaryimage"},"image":{"@id":"https:\/\/wpguerssen-test.odoo.rgbconsulting.com\/es\/producto\/neon\/#primaryimage"},"thumbnailUrl":"https:\/\/wpguerssen-test.odoo.rgbconsulting.com\/wp-content\/uploads\/2024\/05\/47923.jpg","datePublished":"2025-01-06T23:00:00+00:00","dateModified":"2025-04-29T11:35:21+00:00","description":"Cyrkle produced one album's worth of solid garage rock, and it certainly proves that the band was an enthusiastic bunch of musicians. Much closer to late 60's garage (proto) punk than psychedelia, the album was released in 1969.They were best known for their 1966 song \"Red Rubber Ball\" (written by Paul Simon) which went to #2 on the Billboard Hot 100 chart. The band was discovered and managed by Brian Epstein and given the unique spelling of their name by John Lennon. The group was formed by guitarists and lead singers Don Dannemann and Tom Dawes (bass guitar), who met while studying at Lafayette College in Easton, Pennsylvania. The other members were Earl Pickens on keyboards and Marty Fried on drums.","breadcrumb":{"@id":"https:\/\/wpguerssen-test.odoo.rgbconsulting.com\/es\/producto\/neon\/#breadcrumb"},"inLanguage":"es","potentialAction":[{"@type":"ReadAction","target":["https:\/\/wpguerssen-test.odoo.rgbconsulting.com\/es\/producto\/neon\/"]}]},{"@type":"ImageObject","inLanguage":"es","@id":"https:\/\/wpguerssen-test.odoo.rgbconsulting.com\/es\/producto\/neon\/#primaryimage","url":"https:\/\/wpguerssen-test.odoo.rgbconsulting.com\/wp-content\/uploads\/2024\/05\/47923.jpg","contentUrl":"https:\/\/wpguerssen-test.odoo.rgbconsulting.com\/wp-content\/uploads\/2024\/05\/47923.jpg","width":945,"height":945,"caption":"The - Neon - ENDLESS HAPPINESS (LP) | Guerssen"},{"@type":"BreadcrumbList","@id":"https:\/\/wpguerssen-test.odoo.rgbconsulting.com\/es\/producto\/neon\/#breadcrumb","itemListElement":[{"@type":"ListItem","position":1,"name":"Inicio","item":"https:\/\/wpguerssen-test.odoo.rgbconsulting.com\/es\/"},{"@type":"ListItem","position":2,"name":"Shop","item":"https:\/\/wpguerssen-test.odoo.rgbconsulting.com\/shop\/"},{"@type":"ListItem","position":3,"name":"Neon"}]},{"@type":"WebSite","@id":"https:\/\/wpguerssen-test.odoo.rgbconsulting.com\/es\/#website","url":"https:\/\/wpguerssen-test.odoo.rgbconsulting.com\/es\/","name":"Guerssen records","description":"psychedelia - progressive - folk - garage ","publisher":{"@id":"https:\/\/wpguerssen-test.odoo.rgbconsulting.com\/es\/#organization"},"potentialAction":[{"@type":"SearchAction","target":{"@type":"EntryPoint","urlTemplate":"https:\/\/wpguerssen-test.odoo.rgbconsulting.com\/es\/?s={search_term_string}"},"query-input":{"@type":"PropertyValueSpecification","valueRequired":true,"valueName":"search_term_string"}}],"inLanguage":"es"},{"@type":"Organization","@id":"https:\/\/wpguerssen-test.odoo.rgbconsulting.com\/es\/#organization","name":"Guerssen records","url":"https:\/\/wpguerssen-test.odoo.rgbconsulting.com\/es\/","logo":{"@type":"ImageObject","inLanguage":"es","@id":"https:\/\/wpguerssen-test.odoo.rgbconsulting.com\/es\/#\/schema\/logo\/image\/","url":"https:\/\/wpguerssen-test.odoo.rgbconsulting.com\/wp-content\/uploads\/2022\/04\/Logo_Guerssen_trans_100.png","contentUrl":"https:\/\/wpguerssen-test.odoo.rgbconsulting.com\/wp-content\/uploads\/2022\/04\/Logo_Guerssen_trans_100.png","width":122,"height":100,"caption":"Guerssen records"},"image":{"@id":"https:\/\/wpguerssen-test.odoo.rgbconsulting.com\/es\/#\/schema\/logo\/image\/"}}]}},"_links":{"self":[{"href":"https:\/\/wpguerssen-test.odoo.rgbconsulting.com\/es\/wp-json\/wp\/v2\/product\/268858","targetHints":{"allow":["GET"]}}],"collection":[{"href":"https:\/\/wpguerssen-test.odoo.rgbconsulting.com\/es\/wp-json\/wp\/v2\/product"}],"about":[{"href":"https:\/\/wpguerssen-test.odoo.rgbconsulting.com\/es\/wp-json\/wp\/v2\/types\/product"}],"wp:featuredmedia":[{"embeddable":true,"href":"https:\/\/wpguerssen-test.odoo.rgbconsulting.com\/es\/wp-json\/wp\/v2\/media\/268944"}],"wp:attachment":[{"href":"https:\/\/wpguerssen-test.odoo.rgbconsulting.com\/es\/wp-json\/wp\/v2\/media?parent=268858"}],"wp:term":[{"taxonomy":"product_brand","embeddable":true,"href":"https:\/\/wpguerssen-test.odoo.rgbconsulting.com\/es\/wp-json\/wp\/v2\/product_brand?post=268858"},{"taxonomy":"product_cat","embeddable":true,"href":"https:\/\/wpguerssen-test.odoo.rgbconsulting.com\/es\/wp-json\/wp\/v2\/product_cat?post=268858"},{"taxonomy":"product_tag","embeddable":true,"href":"https:\/\/wpguerssen-test.odoo.rgbconsulting.com\/es\/wp-json\/wp\/v2\/product_tag?post=268858"}],"curies":[{"name":"wp","href":"https:\/\/api.w.org\/{rel}","templated":true}]}}