{"id":268863,"date":"2025-01-07T00:00:00","date_gmt":"2025-01-06T23:00:00","guid":{"rendered":"https:\/\/wpguerssen-test.odoo.rgbconsulting.com\/product\/matthew-mark-luke-and-john\/"},"modified":"2025-04-15T13:56:38","modified_gmt":"2025-04-15T11:56:38","slug":"matthew-mark-luke-and-john","status":"publish","type":"product","link":"https:\/\/wpguerssen-test.odoo.rgbconsulting.com\/es\/producto\/matthew-mark-luke-and-john\/","title":{"rendered":"Matthew, Mark, Luke And John"},"content":{"rendered":"<p>El oscuro acto de gospel psicod\u00e9lico Methuselah ten\u00eda sus ra\u00edces en el grupo &#8216;Beat&#8217; de Scunthorpe, The Dimples, que se convirti\u00f3 en Gospel Garden, cuyos \u00fanicos 45 rpm infundieron psicodelia al Northern Soul. Reagrup\u00e1ndose como Methuselah, el grupo firm\u00f3 con Elektra para este \u00fanico LP conceptual de rock religioso, su sonido enga\u00f1osamente americano, con armon\u00edas vocales que evidencian influencias de bluegrass; El guitarrista Les Nicol nunca deja de ser excelente. Algunos miembros formar\u00edan m\u00e1s tarde Amazing Blondel, pero Matthew, Mark, Luke And John tiene un sabor \u00fanico, y nuestra edici\u00f3n incluye dos temas extra poco comunes. \u00a1Hay que o\u00edr para creer este fragmento de oscura psicodelia!<\/p>\n","protected":false},"excerpt":{"rendered":"<p>El oscuro acto de gospel psicod\u00e9lico Methuselah ten\u00eda sus ra\u00edces en el grupo &#8216;Beat&#8217; de Scunthorpe, The Dimples, que se convirti\u00f3 en Gospel Garden,<a class=\"read\" href=\"https:\/\/wpguerssen-test.odoo.rgbconsulting.com\/es\/producto\/matthew-mark-luke-and-john\/\"> (...)<\/a>","protected":false},"featured_media":268954,"template":"","meta":{"_acf_changed":false},"product_brand":[],"product_cat":[21639,23271],"product_tag":[24190],"class_list":{"0":"post-268863","1":"product","2":"type-product","3":"status-publish","4":"has-post-thumbnail","6":"product_cat-psychedelic60s-70s-es","7":"product_cat-folk-60s-70s-es","8":"product_tag-sales-es","9":"pa_artist-methuselah","10":"pa_format-lp-es","11":"pa_gender-psychedelic60s-70s-folk-60s-70s","12":"pa_label-trading-places","13":"pa_location-uk-ireland-es","14":"pa_other-filters-vinyl-only-es","16":"first","17":"instock","18":"taxable","19":"shipping-taxable","20":"purchasable","21":"product-type-simple"},"acf":[],"yoast_head":"<!-- This site is optimized with the Yoast SEO plugin v24.9 - https:\/\/yoast.com\/wordpress\/plugins\/seo\/ -->\n<title>METHUSELAH - Matthew, Mark, Luke And John -  (LP) | Guerssen<\/title>\n<meta name=\"description\" content=\"Obscure psychedelic gospel act Methuselah had its roots in Scunthorpe &#039;Beat&#039; group the Dimples, which became Gospel Garden, whose only 45 infused Northern Soul with psycheleanings. Regrouping as Methuselah, the group signed to Elektra for this sole religious rock concept LP, their sound deceptively American, with vocal harmonies evidencing bluegrass influences; guitarist Les Nicol is never short of excellent. Certain members would later form Amazing Blondel, but Matthew, Mark, Luke And John has a unique flavour, and our edition includes two rare bonus tracks. This slice of obscure psyche must be heard to be believed!\" \/>\n<meta name=\"robots\" content=\"index, follow, max-snippet:-1, max-image-preview:large, max-video-preview:-1\" \/>\n<link rel=\"canonical\" href=\"https:\/\/wpguerssen-test.odoo.rgbconsulting.com\/es\/producto\/matthew-mark-luke-and-john\/\" \/>\n<meta property=\"og:locale\" content=\"es_ES\" \/>\n<meta property=\"og:type\" content=\"article\" \/>\n<meta property=\"og:title\" content=\"METHUSELAH - Matthew, Mark, Luke And John -  (LP) | Guerssen\" \/>\n<meta property=\"og:description\" content=\"Obscure psychedelic gospel act Methuselah had its roots in Scunthorpe &#039;Beat&#039; group the Dimples, which became Gospel Garden, whose only 45 infused Northern Soul with psycheleanings. Regrouping as Methuselah, the group signed to Elektra for this sole religious rock concept LP, their sound deceptively American, with vocal harmonies evidencing bluegrass influences; guitarist Les Nicol is never short of excellent. Certain members would later form Amazing Blondel, but Matthew, Mark, Luke And John has a unique flavour, and our edition includes two rare bonus tracks. This slice of obscure psyche must be heard to be believed!\" \/>\n<meta property=\"og:url\" content=\"https:\/\/wpguerssen-test.odoo.rgbconsulting.com\/es\/producto\/matthew-mark-luke-and-john\/\" \/>\n<meta property=\"og:site_name\" content=\"Guerssen records\" \/>\n<meta property=\"article:modified_time\" content=\"2025-04-15T11:56:38+00:00\" \/>\n<meta property=\"og:image\" content=\"https:\/\/wpguerssen-test.odoo.rgbconsulting.com\/wp-content\/uploads\/2024\/05\/47928.jpg\" \/>\n\t<meta property=\"og:image:width\" content=\"945\" \/>\n\t<meta property=\"og:image:height\" content=\"941\" \/>\n\t<meta property=\"og:image:type\" content=\"image\/jpeg\" \/>\n<meta name=\"twitter:card\" content=\"summary_large_image\" \/>\n<meta name=\"twitter:title\" content=\"METHUSELAH - Matthew, Mark, Luke And John -  (LP) | Guerssen\" \/>\n<meta name=\"twitter:label1\" content=\"Tiempo de lectura\" \/>\n\t<meta name=\"twitter:data1\" content=\"1 minuto\" \/>\n<script type=\"application\/ld+json\" class=\"yoast-schema-graph\">{\"@context\":\"https:\/\/schema.org\",\"@graph\":[{\"@type\":\"WebPage\",\"@id\":\"https:\/\/wpguerssen-test.odoo.rgbconsulting.com\/es\/producto\/matthew-mark-luke-and-john\/\",\"url\":\"https:\/\/wpguerssen-test.odoo.rgbconsulting.com\/es\/producto\/matthew-mark-luke-and-john\/\",\"name\":\"METHUSELAH - Matthew, Mark, Luke And John - (LP) | Guerssen\",\"isPartOf\":{\"@id\":\"https:\/\/wpguerssen-test.odoo.rgbconsulting.com\/es\/#website\"},\"primaryImageOfPage\":{\"@id\":\"https:\/\/wpguerssen-test.odoo.rgbconsulting.com\/es\/producto\/matthew-mark-luke-and-john\/#primaryimage\"},\"image\":{\"@id\":\"https:\/\/wpguerssen-test.odoo.rgbconsulting.com\/es\/producto\/matthew-mark-luke-and-john\/#primaryimage\"},\"thumbnailUrl\":\"https:\/\/wpguerssen-test.odoo.rgbconsulting.com\/wp-content\/uploads\/2024\/05\/47928.jpg\",\"datePublished\":\"2025-01-06T23:00:00+00:00\",\"dateModified\":\"2025-04-15T11:56:38+00:00\",\"description\":\"Obscure psychedelic gospel act Methuselah had its roots in Scunthorpe 'Beat' group the Dimples, which became Gospel Garden, whose only 45 infused Northern Soul with psycheleanings. Regrouping as Methuselah, the group signed to Elektra for this sole religious rock concept LP, their sound deceptively American, with vocal harmonies evidencing bluegrass influences; guitarist Les Nicol is never short of excellent. Certain members would later form Amazing Blondel, but Matthew, Mark, Luke And John has a unique flavour, and our edition includes two rare bonus tracks. This slice of obscure psyche must be heard to be believed!\",\"breadcrumb\":{\"@id\":\"https:\/\/wpguerssen-test.odoo.rgbconsulting.com\/es\/producto\/matthew-mark-luke-and-john\/#breadcrumb\"},\"inLanguage\":\"es\",\"potentialAction\":[{\"@type\":\"ReadAction\",\"target\":[\"https:\/\/wpguerssen-test.odoo.rgbconsulting.com\/es\/producto\/matthew-mark-luke-and-john\/\"]}]},{\"@type\":\"ImageObject\",\"inLanguage\":\"es\",\"@id\":\"https:\/\/wpguerssen-test.odoo.rgbconsulting.com\/es\/producto\/matthew-mark-luke-and-john\/#primaryimage\",\"url\":\"https:\/\/wpguerssen-test.odoo.rgbconsulting.com\/wp-content\/uploads\/2024\/05\/47928.jpg\",\"contentUrl\":\"https:\/\/wpguerssen-test.odoo.rgbconsulting.com\/wp-content\/uploads\/2024\/05\/47928.jpg\",\"width\":945,\"height\":941,\"caption\":\"Mark\"},{\"@type\":\"BreadcrumbList\",\"@id\":\"https:\/\/wpguerssen-test.odoo.rgbconsulting.com\/es\/producto\/matthew-mark-luke-and-john\/#breadcrumb\",\"itemListElement\":[{\"@type\":\"ListItem\",\"position\":1,\"name\":\"Inicio\",\"item\":\"https:\/\/wpguerssen-test.odoo.rgbconsulting.com\/es\/\"},{\"@type\":\"ListItem\",\"position\":2,\"name\":\"Shop\",\"item\":\"https:\/\/wpguerssen-test.odoo.rgbconsulting.com\/shop\/\"},{\"@type\":\"ListItem\",\"position\":3,\"name\":\"Matthew, Mark, Luke And John\"}]},{\"@type\":\"WebSite\",\"@id\":\"https:\/\/wpguerssen-test.odoo.rgbconsulting.com\/es\/#website\",\"url\":\"https:\/\/wpguerssen-test.odoo.rgbconsulting.com\/es\/\",\"name\":\"Guerssen records\",\"description\":\"psychedelia - progressive - folk - garage \",\"publisher\":{\"@id\":\"https:\/\/wpguerssen-test.odoo.rgbconsulting.com\/es\/#organization\"},\"potentialAction\":[{\"@type\":\"SearchAction\",\"target\":{\"@type\":\"EntryPoint\",\"urlTemplate\":\"https:\/\/wpguerssen-test.odoo.rgbconsulting.com\/es\/?s={search_term_string}\"},\"query-input\":{\"@type\":\"PropertyValueSpecification\",\"valueRequired\":true,\"valueName\":\"search_term_string\"}}],\"inLanguage\":\"es\"},{\"@type\":\"Organization\",\"@id\":\"https:\/\/wpguerssen-test.odoo.rgbconsulting.com\/es\/#organization\",\"name\":\"Guerssen records\",\"url\":\"https:\/\/wpguerssen-test.odoo.rgbconsulting.com\/es\/\",\"logo\":{\"@type\":\"ImageObject\",\"inLanguage\":\"es\",\"@id\":\"https:\/\/wpguerssen-test.odoo.rgbconsulting.com\/es\/#\/schema\/logo\/image\/\",\"url\":\"https:\/\/wpguerssen-test.odoo.rgbconsulting.com\/wp-content\/uploads\/2022\/04\/Logo_Guerssen_trans_100.png\",\"contentUrl\":\"https:\/\/wpguerssen-test.odoo.rgbconsulting.com\/wp-content\/uploads\/2022\/04\/Logo_Guerssen_trans_100.png\",\"width\":122,\"height\":100,\"caption\":\"Guerssen records\"},\"image\":{\"@id\":\"https:\/\/wpguerssen-test.odoo.rgbconsulting.com\/es\/#\/schema\/logo\/image\/\"}}]}<\/script>\n<!-- \/ Yoast SEO plugin. -->","yoast_head_json":{"title":"METHUSELAH - Matthew, Mark, Luke And John -  (LP) | Guerssen","description":"Obscure psychedelic gospel act Methuselah had its roots in Scunthorpe 'Beat' group the Dimples, which became Gospel Garden, whose only 45 infused Northern Soul with psycheleanings. Regrouping as Methuselah, the group signed to Elektra for this sole religious rock concept LP, their sound deceptively American, with vocal harmonies evidencing bluegrass influences; guitarist Les Nicol is never short of excellent. Certain members would later form Amazing Blondel, but Matthew, Mark, Luke And John has a unique flavour, and our edition includes two rare bonus tracks. This slice of obscure psyche must be heard to be believed!","robots":{"index":"index","follow":"follow","max-snippet":"max-snippet:-1","max-image-preview":"max-image-preview:large","max-video-preview":"max-video-preview:-1"},"canonical":"https:\/\/wpguerssen-test.odoo.rgbconsulting.com\/es\/producto\/matthew-mark-luke-and-john\/","og_locale":"es_ES","og_type":"article","og_title":"METHUSELAH - Matthew, Mark, Luke And John -  (LP) | Guerssen","og_description":"Obscure psychedelic gospel act Methuselah had its roots in Scunthorpe 'Beat' group the Dimples, which became Gospel Garden, whose only 45 infused Northern Soul with psycheleanings. Regrouping as Methuselah, the group signed to Elektra for this sole religious rock concept LP, their sound deceptively American, with vocal harmonies evidencing bluegrass influences; guitarist Les Nicol is never short of excellent. Certain members would later form Amazing Blondel, but Matthew, Mark, Luke And John has a unique flavour, and our edition includes two rare bonus tracks. This slice of obscure psyche must be heard to be believed!","og_url":"https:\/\/wpguerssen-test.odoo.rgbconsulting.com\/es\/producto\/matthew-mark-luke-and-john\/","og_site_name":"Guerssen records","article_modified_time":"2025-04-15T11:56:38+00:00","og_image":[{"width":945,"height":941,"url":"https:\/\/wpguerssen-test.odoo.rgbconsulting.com\/wp-content\/uploads\/2024\/05\/47928.jpg","type":"image\/jpeg"}],"twitter_card":"summary_large_image","twitter_title":"METHUSELAH - Matthew, Mark, Luke And John -  (LP) | Guerssen","twitter_misc":{"Tiempo de lectura":"1 minuto"},"schema":{"@context":"https:\/\/schema.org","@graph":[{"@type":"WebPage","@id":"https:\/\/wpguerssen-test.odoo.rgbconsulting.com\/es\/producto\/matthew-mark-luke-and-john\/","url":"https:\/\/wpguerssen-test.odoo.rgbconsulting.com\/es\/producto\/matthew-mark-luke-and-john\/","name":"METHUSELAH - Matthew, Mark, Luke And John - (LP) | Guerssen","isPartOf":{"@id":"https:\/\/wpguerssen-test.odoo.rgbconsulting.com\/es\/#website"},"primaryImageOfPage":{"@id":"https:\/\/wpguerssen-test.odoo.rgbconsulting.com\/es\/producto\/matthew-mark-luke-and-john\/#primaryimage"},"image":{"@id":"https:\/\/wpguerssen-test.odoo.rgbconsulting.com\/es\/producto\/matthew-mark-luke-and-john\/#primaryimage"},"thumbnailUrl":"https:\/\/wpguerssen-test.odoo.rgbconsulting.com\/wp-content\/uploads\/2024\/05\/47928.jpg","datePublished":"2025-01-06T23:00:00+00:00","dateModified":"2025-04-15T11:56:38+00:00","description":"Obscure psychedelic gospel act Methuselah had its roots in Scunthorpe 'Beat' group the Dimples, which became Gospel Garden, whose only 45 infused Northern Soul with psycheleanings. Regrouping as Methuselah, the group signed to Elektra for this sole religious rock concept LP, their sound deceptively American, with vocal harmonies evidencing bluegrass influences; guitarist Les Nicol is never short of excellent. Certain members would later form Amazing Blondel, but Matthew, Mark, Luke And John has a unique flavour, and our edition includes two rare bonus tracks. This slice of obscure psyche must be heard to be believed!","breadcrumb":{"@id":"https:\/\/wpguerssen-test.odoo.rgbconsulting.com\/es\/producto\/matthew-mark-luke-and-john\/#breadcrumb"},"inLanguage":"es","potentialAction":[{"@type":"ReadAction","target":["https:\/\/wpguerssen-test.odoo.rgbconsulting.com\/es\/producto\/matthew-mark-luke-and-john\/"]}]},{"@type":"ImageObject","inLanguage":"es","@id":"https:\/\/wpguerssen-test.odoo.rgbconsulting.com\/es\/producto\/matthew-mark-luke-and-john\/#primaryimage","url":"https:\/\/wpguerssen-test.odoo.rgbconsulting.com\/wp-content\/uploads\/2024\/05\/47928.jpg","contentUrl":"https:\/\/wpguerssen-test.odoo.rgbconsulting.com\/wp-content\/uploads\/2024\/05\/47928.jpg","width":945,"height":941,"caption":"Mark"},{"@type":"BreadcrumbList","@id":"https:\/\/wpguerssen-test.odoo.rgbconsulting.com\/es\/producto\/matthew-mark-luke-and-john\/#breadcrumb","itemListElement":[{"@type":"ListItem","position":1,"name":"Inicio","item":"https:\/\/wpguerssen-test.odoo.rgbconsulting.com\/es\/"},{"@type":"ListItem","position":2,"name":"Shop","item":"https:\/\/wpguerssen-test.odoo.rgbconsulting.com\/shop\/"},{"@type":"ListItem","position":3,"name":"Matthew, Mark, Luke And John"}]},{"@type":"WebSite","@id":"https:\/\/wpguerssen-test.odoo.rgbconsulting.com\/es\/#website","url":"https:\/\/wpguerssen-test.odoo.rgbconsulting.com\/es\/","name":"Guerssen records","description":"psychedelia - progressive - folk - garage ","publisher":{"@id":"https:\/\/wpguerssen-test.odoo.rgbconsulting.com\/es\/#organization"},"potentialAction":[{"@type":"SearchAction","target":{"@type":"EntryPoint","urlTemplate":"https:\/\/wpguerssen-test.odoo.rgbconsulting.com\/es\/?s={search_term_string}"},"query-input":{"@type":"PropertyValueSpecification","valueRequired":true,"valueName":"search_term_string"}}],"inLanguage":"es"},{"@type":"Organization","@id":"https:\/\/wpguerssen-test.odoo.rgbconsulting.com\/es\/#organization","name":"Guerssen records","url":"https:\/\/wpguerssen-test.odoo.rgbconsulting.com\/es\/","logo":{"@type":"ImageObject","inLanguage":"es","@id":"https:\/\/wpguerssen-test.odoo.rgbconsulting.com\/es\/#\/schema\/logo\/image\/","url":"https:\/\/wpguerssen-test.odoo.rgbconsulting.com\/wp-content\/uploads\/2022\/04\/Logo_Guerssen_trans_100.png","contentUrl":"https:\/\/wpguerssen-test.odoo.rgbconsulting.com\/wp-content\/uploads\/2022\/04\/Logo_Guerssen_trans_100.png","width":122,"height":100,"caption":"Guerssen records"},"image":{"@id":"https:\/\/wpguerssen-test.odoo.rgbconsulting.com\/es\/#\/schema\/logo\/image\/"}}]}},"_links":{"self":[{"href":"https:\/\/wpguerssen-test.odoo.rgbconsulting.com\/es\/wp-json\/wp\/v2\/product\/268863","targetHints":{"allow":["GET"]}}],"collection":[{"href":"https:\/\/wpguerssen-test.odoo.rgbconsulting.com\/es\/wp-json\/wp\/v2\/product"}],"about":[{"href":"https:\/\/wpguerssen-test.odoo.rgbconsulting.com\/es\/wp-json\/wp\/v2\/types\/product"}],"wp:featuredmedia":[{"embeddable":true,"href":"https:\/\/wpguerssen-test.odoo.rgbconsulting.com\/es\/wp-json\/wp\/v2\/media\/268954"}],"wp:attachment":[{"href":"https:\/\/wpguerssen-test.odoo.rgbconsulting.com\/es\/wp-json\/wp\/v2\/media?parent=268863"}],"wp:term":[{"taxonomy":"product_brand","embeddable":true,"href":"https:\/\/wpguerssen-test.odoo.rgbconsulting.com\/es\/wp-json\/wp\/v2\/product_brand?post=268863"},{"taxonomy":"product_cat","embeddable":true,"href":"https:\/\/wpguerssen-test.odoo.rgbconsulting.com\/es\/wp-json\/wp\/v2\/product_cat?post=268863"},{"taxonomy":"product_tag","embeddable":true,"href":"https:\/\/wpguerssen-test.odoo.rgbconsulting.com\/es\/wp-json\/wp\/v2\/product_tag?post=268863"}],"curies":[{"name":"wp","href":"https:\/\/api.w.org\/{rel}","templated":true}]}}