{"id":268875,"date":"2025-02-25T00:00:00","date_gmt":"2025-02-24T23:00:00","guid":{"rendered":"https:\/\/wpguerssen-test.odoo.rgbconsulting.com\/product\/orgasmo\/"},"modified":"2025-03-24T17:33:11","modified_gmt":"2025-03-24T16:33:11","slug":"orgasmo","status":"publish","type":"product","link":"https:\/\/wpguerssen-test.odoo.rgbconsulting.com\/es\/producto\/orgasmo\/","title":{"rendered":"Orgasmo"},"content":{"rendered":"<p>Four Flies se complace en anunciar una reedici\u00f3n de la banda sonora de Piero Umiliani para el thriller giallo de 1969 \u00abOrgasmo\u00bb (llamado \u00abParanoia\u00bb en los pa\u00edses de habla inglesa), la primera de tres pel\u00edculas con carga er\u00f3tica dirigidas por Umberto Lenzi y protagonizadas por Carroll Baker, una sirena de culto (y nominada al Oscar). En 2020, presentamos el primer lanzamiento de esta ic\u00f3nica banda sonora, cuyas cintas maestras se creyeron perdidas durante d\u00e9cadas. Despu\u00e9s de un serio trabajo de detective en los archivos del compositor, nuestro equipo logr\u00f3 rescatar y restaurar las cintas originales, devolviendo la partitura de Umiliani a la vida para que todos la disfruten. Debido a la demanda popular, esta reedici\u00f3n, a diferencia del estreno de 2020, lleva el t\u00edtulo italiano original de la pel\u00edcula.<br \/>Grabada poco despu\u00e9s de \u00abSweden: Heaven and Hell\u00bb a finales de 1968, Orgasmo es sin duda una de las mejores obras de Umiliani. La partitura captura perfectamente la vibra elegante y s\u00f3rdida de la pel\u00edcula de Lenzi, sus im\u00e1genes empapadas de \u00e1cido y sus temas de juegos mentales psicol\u00f3gicos enfermizos (cortes\u00eda de los tortuosos personajes interpretados por el ni\u00f1o terrible sueco Lou Castel y la belleza francesa Colette Descombes). Podr\u00eda decirse que Umiliani se encontraba aqu\u00ed en su \u00e9poca dorada, en la cima de sus poderes compositivos: elementos como las voces interpretadas por Alessandro Alessandroni y su esposa Giulia, o las partes de Hammond interpretadas por Antonello Vannucchi, parecen presagiar las profundidades atmosf\u00e9ricas de futuras obras, como como banda sonora de Cinco mu\u00f1ecas para una luna de agosto (1970) de Mario Bava. Al mismo tiempo, sin embargo, la partitura irradia una vibra sorprendentemente alegre, gracias a sus influencias brasile\u00f1as y sus animados ritmos de bossa-nova y samba-jazz. Para colmo, la sublime Lydia MacDonald presta su voz a la inquietante \u00abFate Had Planned It So\u00bb, que suena en la secuencia de t\u00edtulos iniciales y prepara as\u00ed el escenario para el enigm\u00e1tico viaje de la pel\u00edcula.<br \/>El LP viene en un lujosa chaqueta de 650 gramos adornada con nuevas ilustraciones. Disponible a partir del 21 de junio de 2024.<\/p>\n","protected":false},"excerpt":{"rendered":"<p>Four Flies se complace en anunciar una reedici\u00f3n de la banda sonora de Piero Umiliani para el thriller giallo de 1969 \u00abOrgasmo\u00bb (llamado \u00abParanoia\u00bb en los pa\u00edses<a class=\"read\" href=\"https:\/\/wpguerssen-test.odoo.rgbconsulting.com\/es\/producto\/orgasmo\/\"> (...)<\/a>","protected":false},"featured_media":268966,"template":"","meta":{"_acf_changed":false},"product_brand":[],"product_cat":[21639,21641],"product_tag":[24185],"class_list":{"0":"post-268875","1":"product","2":"type-product","3":"status-publish","4":"has-post-thumbnail","6":"product_cat-psychedelic60s-70s-es","7":"product_cat-soundtracks-es","8":"product_tag-de-nuevo-en-existencia","9":"pa_artist-umiliani-piero-es-2","10":"pa_format-lp-es","11":"pa_gender-soundtracks-psychedelic60s-70s","12":"pa_label-four-flies","13":"pa_location-europe-es","14":"pa_other-filters-vinyl-only-es","16":"first","17":"instock","18":"taxable","19":"shipping-taxable","20":"purchasable","21":"product-type-simple"},"acf":[],"yoast_head":"<!-- This site is optimized with the Yoast SEO plugin v24.9 - https:\/\/yoast.com\/wordpress\/plugins\/seo\/ -->\n<title>UMILIANI, Piero - Orgasmo -  (LP) | Guerssen<\/title>\n<meta name=\"description\" content=\"Four Flies is thrilled to announce a reissue of Piero Umiliani&#039;s soundtrack to the 1969 giallo thriller &quot;Orgasmo&quot; (called &quot;Paranoia&quot; in English speaking countries), the first of three erotically charged films directed by Umberto Lenzi and starring cult siren (and Oscar nominee) Carroll Baker. Back in 2020, we unveiled the first-ever release of this iconic soundtrack, whose master tapes were thought lost for decades. After some serious detective work in the composer&#039;s archives, our team managed to salvage and restore the original tapes, bringing Umiliani&#039;s score back to life for all to enjoy. Due to popular demand, this reissue, unlike the 2020 release, bears the film&#039;s original Italian title.Recorded shortly after &quot;Sweden: Heaven and Hell&quot; in late 1968, Orgasmo is undoubtedly one of Umiliani&#039;s finest works. The score perfectly captures the stylish and sleazy vibe of Lenzi&#039;s film, its acid-drenched visuals, and its themes of sick psychological mind games (courtesy of the devious characters played by Swedish enfant terrible Lou Castel and French beauty Colette Descombes). Umiliani was arguably in his golden period here, at the peak of his compositional powers - elements like the vocals performed by Alessandro Alessandroni and his wife Giulia, or the Hammond parts played by Antonello Vannucchi, seem to foreshadow the atmospheric depths of future works, such as the soundtrack for Mario Bava&#039;s Five Dolls for an August Moon (1970). At the same time, however, the score exudes a surprisingly cheerful vibe, thanks to its Brazilian influences and lively bossa-nova and samba-jazz rhythms. To top it all off, the sublime Lydia MacDonald lends her voice to the haunting &quot;Fate Had Planned It So,&quot; which plays in the opening titles sequence and thus sets the stage for the film&#039;s enigmatic journey.The LP comes in a lavish 650-gram single tip-on jacket adorned with new artwork. Available starting June 21, 2024.\" \/>\n<meta name=\"robots\" content=\"index, follow, max-snippet:-1, max-image-preview:large, max-video-preview:-1\" \/>\n<link rel=\"canonical\" href=\"https:\/\/wpguerssen-test.odoo.rgbconsulting.com\/es\/producto\/orgasmo\/\" \/>\n<meta property=\"og:locale\" content=\"es_ES\" \/>\n<meta property=\"og:type\" content=\"article\" \/>\n<meta property=\"og:title\" content=\"UMILIANI, Piero - Orgasmo -  (LP) | Guerssen\" \/>\n<meta property=\"og:description\" content=\"Four Flies is thrilled to announce a reissue of Piero Umiliani&#039;s soundtrack to the 1969 giallo thriller &quot;Orgasmo&quot; (called &quot;Paranoia&quot; in English speaking countries), the first of three erotically charged films directed by Umberto Lenzi and starring cult siren (and Oscar nominee) Carroll Baker. Back in 2020, we unveiled the first-ever release of this iconic soundtrack, whose master tapes were thought lost for decades. After some serious detective work in the composer&#039;s archives, our team managed to salvage and restore the original tapes, bringing Umiliani&#039;s score back to life for all to enjoy. Due to popular demand, this reissue, unlike the 2020 release, bears the film&#039;s original Italian title.Recorded shortly after &quot;Sweden: Heaven and Hell&quot; in late 1968, Orgasmo is undoubtedly one of Umiliani&#039;s finest works. The score perfectly captures the stylish and sleazy vibe of Lenzi&#039;s film, its acid-drenched visuals, and its themes of sick psychological mind games (courtesy of the devious characters played by Swedish enfant terrible Lou Castel and French beauty Colette Descombes). Umiliani was arguably in his golden period here, at the peak of his compositional powers - elements like the vocals performed by Alessandro Alessandroni and his wife Giulia, or the Hammond parts played by Antonello Vannucchi, seem to foreshadow the atmospheric depths of future works, such as the soundtrack for Mario Bava&#039;s Five Dolls for an August Moon (1970). At the same time, however, the score exudes a surprisingly cheerful vibe, thanks to its Brazilian influences and lively bossa-nova and samba-jazz rhythms. To top it all off, the sublime Lydia MacDonald lends her voice to the haunting &quot;Fate Had Planned It So,&quot; which plays in the opening titles sequence and thus sets the stage for the film&#039;s enigmatic journey.The LP comes in a lavish 650-gram single tip-on jacket adorned with new artwork. Available starting June 21, 2024.\" \/>\n<meta property=\"og:url\" content=\"https:\/\/wpguerssen-test.odoo.rgbconsulting.com\/es\/producto\/orgasmo\/\" \/>\n<meta property=\"og:site_name\" content=\"Guerssen records\" \/>\n<meta property=\"article:modified_time\" content=\"2025-03-24T16:33:11+00:00\" \/>\n<meta property=\"og:image\" content=\"https:\/\/wpguerssen-test.odoo.rgbconsulting.com\/wp-content\/uploads\/2024\/05\/47935-scaled.jpg\" \/>\n\t<meta property=\"og:image:width\" content=\"2560\" \/>\n\t<meta property=\"og:image:height\" content=\"2560\" \/>\n\t<meta property=\"og:image:type\" content=\"image\/jpeg\" \/>\n<meta name=\"twitter:card\" content=\"summary_large_image\" \/>\n<meta name=\"twitter:title\" content=\"UMILIANI, Piero - Orgasmo -  (LP) | Guerssen\" \/>\n<meta name=\"twitter:label1\" content=\"Tiempo de lectura\" \/>\n\t<meta name=\"twitter:data1\" content=\"2 minutos\" \/>\n<script type=\"application\/ld+json\" class=\"yoast-schema-graph\">{\"@context\":\"https:\/\/schema.org\",\"@graph\":[{\"@type\":\"WebPage\",\"@id\":\"https:\/\/wpguerssen-test.odoo.rgbconsulting.com\/es\/producto\/orgasmo\/\",\"url\":\"https:\/\/wpguerssen-test.odoo.rgbconsulting.com\/es\/producto\/orgasmo\/\",\"name\":\"UMILIANI, Piero - Orgasmo - (LP) | Guerssen\",\"isPartOf\":{\"@id\":\"https:\/\/wpguerssen-test.odoo.rgbconsulting.com\/es\/#website\"},\"primaryImageOfPage\":{\"@id\":\"https:\/\/wpguerssen-test.odoo.rgbconsulting.com\/es\/producto\/orgasmo\/#primaryimage\"},\"image\":{\"@id\":\"https:\/\/wpguerssen-test.odoo.rgbconsulting.com\/es\/producto\/orgasmo\/#primaryimage\"},\"thumbnailUrl\":\"https:\/\/wpguerssen-test.odoo.rgbconsulting.com\/wp-content\/uploads\/2024\/05\/47935-scaled.jpg\",\"datePublished\":\"2025-02-24T23:00:00+00:00\",\"dateModified\":\"2025-03-24T16:33:11+00:00\",\"description\":\"Four Flies is thrilled to announce a reissue of Piero Umiliani's soundtrack to the 1969 giallo thriller \\\"Orgasmo\\\" (called \\\"Paranoia\\\" in English speaking countries), the first of three erotically charged films directed by Umberto Lenzi and starring cult siren (and Oscar nominee) Carroll Baker. Back in 2020, we unveiled the first-ever release of this iconic soundtrack, whose master tapes were thought lost for decades. After some serious detective work in the composer's archives, our team managed to salvage and restore the original tapes, bringing Umiliani's score back to life for all to enjoy. Due to popular demand, this reissue, unlike the 2020 release, bears the film's original Italian title.Recorded shortly after \\\"Sweden: Heaven and Hell\\\" in late 1968, Orgasmo is undoubtedly one of Umiliani's finest works. The score perfectly captures the stylish and sleazy vibe of Lenzi's film, its acid-drenched visuals, and its themes of sick psychological mind games (courtesy of the devious characters played by Swedish enfant terrible Lou Castel and French beauty Colette Descombes). Umiliani was arguably in his golden period here, at the peak of his compositional powers - elements like the vocals performed by Alessandro Alessandroni and his wife Giulia, or the Hammond parts played by Antonello Vannucchi, seem to foreshadow the atmospheric depths of future works, such as the soundtrack for Mario Bava's Five Dolls for an August Moon (1970). At the same time, however, the score exudes a surprisingly cheerful vibe, thanks to its Brazilian influences and lively bossa-nova and samba-jazz rhythms. To top it all off, the sublime Lydia MacDonald lends her voice to the haunting \\\"Fate Had Planned It So,\\\" which plays in the opening titles sequence and thus sets the stage for the film's enigmatic journey.The LP comes in a lavish 650-gram single tip-on jacket adorned with new artwork. Available starting June 21, 2024.\",\"breadcrumb\":{\"@id\":\"https:\/\/wpguerssen-test.odoo.rgbconsulting.com\/es\/producto\/orgasmo\/#breadcrumb\"},\"inLanguage\":\"es\",\"potentialAction\":[{\"@type\":\"ReadAction\",\"target\":[\"https:\/\/wpguerssen-test.odoo.rgbconsulting.com\/es\/producto\/orgasmo\/\"]}]},{\"@type\":\"ImageObject\",\"inLanguage\":\"es\",\"@id\":\"https:\/\/wpguerssen-test.odoo.rgbconsulting.com\/es\/producto\/orgasmo\/#primaryimage\",\"url\":\"https:\/\/wpguerssen-test.odoo.rgbconsulting.com\/wp-content\/uploads\/2024\/05\/47935-scaled.jpg\",\"contentUrl\":\"https:\/\/wpguerssen-test.odoo.rgbconsulting.com\/wp-content\/uploads\/2024\/05\/47935-scaled.jpg\",\"width\":2560,\"height\":2560,\"caption\":\"Piero - Orgasmo - FOUR FLIES (LP) | Guerssen\"},{\"@type\":\"BreadcrumbList\",\"@id\":\"https:\/\/wpguerssen-test.odoo.rgbconsulting.com\/es\/producto\/orgasmo\/#breadcrumb\",\"itemListElement\":[{\"@type\":\"ListItem\",\"position\":1,\"name\":\"Inicio\",\"item\":\"https:\/\/wpguerssen-test.odoo.rgbconsulting.com\/es\/\"},{\"@type\":\"ListItem\",\"position\":2,\"name\":\"Shop\",\"item\":\"https:\/\/wpguerssen-test.odoo.rgbconsulting.com\/shop\/\"},{\"@type\":\"ListItem\",\"position\":3,\"name\":\"Orgasmo\"}]},{\"@type\":\"WebSite\",\"@id\":\"https:\/\/wpguerssen-test.odoo.rgbconsulting.com\/es\/#website\",\"url\":\"https:\/\/wpguerssen-test.odoo.rgbconsulting.com\/es\/\",\"name\":\"Guerssen records\",\"description\":\"psychedelia - progressive - folk - garage \",\"publisher\":{\"@id\":\"https:\/\/wpguerssen-test.odoo.rgbconsulting.com\/es\/#organization\"},\"potentialAction\":[{\"@type\":\"SearchAction\",\"target\":{\"@type\":\"EntryPoint\",\"urlTemplate\":\"https:\/\/wpguerssen-test.odoo.rgbconsulting.com\/es\/?s={search_term_string}\"},\"query-input\":{\"@type\":\"PropertyValueSpecification\",\"valueRequired\":true,\"valueName\":\"search_term_string\"}}],\"inLanguage\":\"es\"},{\"@type\":\"Organization\",\"@id\":\"https:\/\/wpguerssen-test.odoo.rgbconsulting.com\/es\/#organization\",\"name\":\"Guerssen records\",\"url\":\"https:\/\/wpguerssen-test.odoo.rgbconsulting.com\/es\/\",\"logo\":{\"@type\":\"ImageObject\",\"inLanguage\":\"es\",\"@id\":\"https:\/\/wpguerssen-test.odoo.rgbconsulting.com\/es\/#\/schema\/logo\/image\/\",\"url\":\"https:\/\/wpguerssen-test.odoo.rgbconsulting.com\/wp-content\/uploads\/2022\/04\/Logo_Guerssen_trans_100.png\",\"contentUrl\":\"https:\/\/wpguerssen-test.odoo.rgbconsulting.com\/wp-content\/uploads\/2022\/04\/Logo_Guerssen_trans_100.png\",\"width\":122,\"height\":100,\"caption\":\"Guerssen records\"},\"image\":{\"@id\":\"https:\/\/wpguerssen-test.odoo.rgbconsulting.com\/es\/#\/schema\/logo\/image\/\"}}]}<\/script>\n<!-- \/ Yoast SEO plugin. -->","yoast_head_json":{"title":"UMILIANI, Piero - Orgasmo -  (LP) | Guerssen","description":"Four Flies is thrilled to announce a reissue of Piero Umiliani's soundtrack to the 1969 giallo thriller \"Orgasmo\" (called \"Paranoia\" in English speaking countries), the first of three erotically charged films directed by Umberto Lenzi and starring cult siren (and Oscar nominee) Carroll Baker. Back in 2020, we unveiled the first-ever release of this iconic soundtrack, whose master tapes were thought lost for decades. After some serious detective work in the composer's archives, our team managed to salvage and restore the original tapes, bringing Umiliani's score back to life for all to enjoy. Due to popular demand, this reissue, unlike the 2020 release, bears the film's original Italian title.Recorded shortly after \"Sweden: Heaven and Hell\" in late 1968, Orgasmo is undoubtedly one of Umiliani's finest works. The score perfectly captures the stylish and sleazy vibe of Lenzi's film, its acid-drenched visuals, and its themes of sick psychological mind games (courtesy of the devious characters played by Swedish enfant terrible Lou Castel and French beauty Colette Descombes). Umiliani was arguably in his golden period here, at the peak of his compositional powers - elements like the vocals performed by Alessandro Alessandroni and his wife Giulia, or the Hammond parts played by Antonello Vannucchi, seem to foreshadow the atmospheric depths of future works, such as the soundtrack for Mario Bava's Five Dolls for an August Moon (1970). At the same time, however, the score exudes a surprisingly cheerful vibe, thanks to its Brazilian influences and lively bossa-nova and samba-jazz rhythms. To top it all off, the sublime Lydia MacDonald lends her voice to the haunting \"Fate Had Planned It So,\" which plays in the opening titles sequence and thus sets the stage for the film's enigmatic journey.The LP comes in a lavish 650-gram single tip-on jacket adorned with new artwork. Available starting June 21, 2024.","robots":{"index":"index","follow":"follow","max-snippet":"max-snippet:-1","max-image-preview":"max-image-preview:large","max-video-preview":"max-video-preview:-1"},"canonical":"https:\/\/wpguerssen-test.odoo.rgbconsulting.com\/es\/producto\/orgasmo\/","og_locale":"es_ES","og_type":"article","og_title":"UMILIANI, Piero - Orgasmo -  (LP) | Guerssen","og_description":"Four Flies is thrilled to announce a reissue of Piero Umiliani's soundtrack to the 1969 giallo thriller \"Orgasmo\" (called \"Paranoia\" in English speaking countries), the first of three erotically charged films directed by Umberto Lenzi and starring cult siren (and Oscar nominee) Carroll Baker. Back in 2020, we unveiled the first-ever release of this iconic soundtrack, whose master tapes were thought lost for decades. After some serious detective work in the composer's archives, our team managed to salvage and restore the original tapes, bringing Umiliani's score back to life for all to enjoy. Due to popular demand, this reissue, unlike the 2020 release, bears the film's original Italian title.Recorded shortly after \"Sweden: Heaven and Hell\" in late 1968, Orgasmo is undoubtedly one of Umiliani's finest works. The score perfectly captures the stylish and sleazy vibe of Lenzi's film, its acid-drenched visuals, and its themes of sick psychological mind games (courtesy of the devious characters played by Swedish enfant terrible Lou Castel and French beauty Colette Descombes). Umiliani was arguably in his golden period here, at the peak of his compositional powers - elements like the vocals performed by Alessandro Alessandroni and his wife Giulia, or the Hammond parts played by Antonello Vannucchi, seem to foreshadow the atmospheric depths of future works, such as the soundtrack for Mario Bava's Five Dolls for an August Moon (1970). At the same time, however, the score exudes a surprisingly cheerful vibe, thanks to its Brazilian influences and lively bossa-nova and samba-jazz rhythms. To top it all off, the sublime Lydia MacDonald lends her voice to the haunting \"Fate Had Planned It So,\" which plays in the opening titles sequence and thus sets the stage for the film's enigmatic journey.The LP comes in a lavish 650-gram single tip-on jacket adorned with new artwork. Available starting June 21, 2024.","og_url":"https:\/\/wpguerssen-test.odoo.rgbconsulting.com\/es\/producto\/orgasmo\/","og_site_name":"Guerssen records","article_modified_time":"2025-03-24T16:33:11+00:00","og_image":[{"width":2560,"height":2560,"url":"https:\/\/wpguerssen-test.odoo.rgbconsulting.com\/wp-content\/uploads\/2024\/05\/47935-scaled.jpg","type":"image\/jpeg"}],"twitter_card":"summary_large_image","twitter_title":"UMILIANI, Piero - Orgasmo -  (LP) | Guerssen","twitter_misc":{"Tiempo de lectura":"2 minutos"},"schema":{"@context":"https:\/\/schema.org","@graph":[{"@type":"WebPage","@id":"https:\/\/wpguerssen-test.odoo.rgbconsulting.com\/es\/producto\/orgasmo\/","url":"https:\/\/wpguerssen-test.odoo.rgbconsulting.com\/es\/producto\/orgasmo\/","name":"UMILIANI, Piero - Orgasmo - (LP) | Guerssen","isPartOf":{"@id":"https:\/\/wpguerssen-test.odoo.rgbconsulting.com\/es\/#website"},"primaryImageOfPage":{"@id":"https:\/\/wpguerssen-test.odoo.rgbconsulting.com\/es\/producto\/orgasmo\/#primaryimage"},"image":{"@id":"https:\/\/wpguerssen-test.odoo.rgbconsulting.com\/es\/producto\/orgasmo\/#primaryimage"},"thumbnailUrl":"https:\/\/wpguerssen-test.odoo.rgbconsulting.com\/wp-content\/uploads\/2024\/05\/47935-scaled.jpg","datePublished":"2025-02-24T23:00:00+00:00","dateModified":"2025-03-24T16:33:11+00:00","description":"Four Flies is thrilled to announce a reissue of Piero Umiliani's soundtrack to the 1969 giallo thriller \"Orgasmo\" (called \"Paranoia\" in English speaking countries), the first of three erotically charged films directed by Umberto Lenzi and starring cult siren (and Oscar nominee) Carroll Baker. Back in 2020, we unveiled the first-ever release of this iconic soundtrack, whose master tapes were thought lost for decades. After some serious detective work in the composer's archives, our team managed to salvage and restore the original tapes, bringing Umiliani's score back to life for all to enjoy. Due to popular demand, this reissue, unlike the 2020 release, bears the film's original Italian title.Recorded shortly after \"Sweden: Heaven and Hell\" in late 1968, Orgasmo is undoubtedly one of Umiliani's finest works. The score perfectly captures the stylish and sleazy vibe of Lenzi's film, its acid-drenched visuals, and its themes of sick psychological mind games (courtesy of the devious characters played by Swedish enfant terrible Lou Castel and French beauty Colette Descombes). Umiliani was arguably in his golden period here, at the peak of his compositional powers - elements like the vocals performed by Alessandro Alessandroni and his wife Giulia, or the Hammond parts played by Antonello Vannucchi, seem to foreshadow the atmospheric depths of future works, such as the soundtrack for Mario Bava's Five Dolls for an August Moon (1970). At the same time, however, the score exudes a surprisingly cheerful vibe, thanks to its Brazilian influences and lively bossa-nova and samba-jazz rhythms. To top it all off, the sublime Lydia MacDonald lends her voice to the haunting \"Fate Had Planned It So,\" which plays in the opening titles sequence and thus sets the stage for the film's enigmatic journey.The LP comes in a lavish 650-gram single tip-on jacket adorned with new artwork. Available starting June 21, 2024.","breadcrumb":{"@id":"https:\/\/wpguerssen-test.odoo.rgbconsulting.com\/es\/producto\/orgasmo\/#breadcrumb"},"inLanguage":"es","potentialAction":[{"@type":"ReadAction","target":["https:\/\/wpguerssen-test.odoo.rgbconsulting.com\/es\/producto\/orgasmo\/"]}]},{"@type":"ImageObject","inLanguage":"es","@id":"https:\/\/wpguerssen-test.odoo.rgbconsulting.com\/es\/producto\/orgasmo\/#primaryimage","url":"https:\/\/wpguerssen-test.odoo.rgbconsulting.com\/wp-content\/uploads\/2024\/05\/47935-scaled.jpg","contentUrl":"https:\/\/wpguerssen-test.odoo.rgbconsulting.com\/wp-content\/uploads\/2024\/05\/47935-scaled.jpg","width":2560,"height":2560,"caption":"Piero - Orgasmo - FOUR FLIES (LP) | Guerssen"},{"@type":"BreadcrumbList","@id":"https:\/\/wpguerssen-test.odoo.rgbconsulting.com\/es\/producto\/orgasmo\/#breadcrumb","itemListElement":[{"@type":"ListItem","position":1,"name":"Inicio","item":"https:\/\/wpguerssen-test.odoo.rgbconsulting.com\/es\/"},{"@type":"ListItem","position":2,"name":"Shop","item":"https:\/\/wpguerssen-test.odoo.rgbconsulting.com\/shop\/"},{"@type":"ListItem","position":3,"name":"Orgasmo"}]},{"@type":"WebSite","@id":"https:\/\/wpguerssen-test.odoo.rgbconsulting.com\/es\/#website","url":"https:\/\/wpguerssen-test.odoo.rgbconsulting.com\/es\/","name":"Guerssen records","description":"psychedelia - progressive - folk - garage ","publisher":{"@id":"https:\/\/wpguerssen-test.odoo.rgbconsulting.com\/es\/#organization"},"potentialAction":[{"@type":"SearchAction","target":{"@type":"EntryPoint","urlTemplate":"https:\/\/wpguerssen-test.odoo.rgbconsulting.com\/es\/?s={search_term_string}"},"query-input":{"@type":"PropertyValueSpecification","valueRequired":true,"valueName":"search_term_string"}}],"inLanguage":"es"},{"@type":"Organization","@id":"https:\/\/wpguerssen-test.odoo.rgbconsulting.com\/es\/#organization","name":"Guerssen records","url":"https:\/\/wpguerssen-test.odoo.rgbconsulting.com\/es\/","logo":{"@type":"ImageObject","inLanguage":"es","@id":"https:\/\/wpguerssen-test.odoo.rgbconsulting.com\/es\/#\/schema\/logo\/image\/","url":"https:\/\/wpguerssen-test.odoo.rgbconsulting.com\/wp-content\/uploads\/2022\/04\/Logo_Guerssen_trans_100.png","contentUrl":"https:\/\/wpguerssen-test.odoo.rgbconsulting.com\/wp-content\/uploads\/2022\/04\/Logo_Guerssen_trans_100.png","width":122,"height":100,"caption":"Guerssen records"},"image":{"@id":"https:\/\/wpguerssen-test.odoo.rgbconsulting.com\/es\/#\/schema\/logo\/image\/"}}]}},"_links":{"self":[{"href":"https:\/\/wpguerssen-test.odoo.rgbconsulting.com\/es\/wp-json\/wp\/v2\/product\/268875","targetHints":{"allow":["GET"]}}],"collection":[{"href":"https:\/\/wpguerssen-test.odoo.rgbconsulting.com\/es\/wp-json\/wp\/v2\/product"}],"about":[{"href":"https:\/\/wpguerssen-test.odoo.rgbconsulting.com\/es\/wp-json\/wp\/v2\/types\/product"}],"wp:featuredmedia":[{"embeddable":true,"href":"https:\/\/wpguerssen-test.odoo.rgbconsulting.com\/es\/wp-json\/wp\/v2\/media\/268966"}],"wp:attachment":[{"href":"https:\/\/wpguerssen-test.odoo.rgbconsulting.com\/es\/wp-json\/wp\/v2\/media?parent=268875"}],"wp:term":[{"taxonomy":"product_brand","embeddable":true,"href":"https:\/\/wpguerssen-test.odoo.rgbconsulting.com\/es\/wp-json\/wp\/v2\/product_brand?post=268875"},{"taxonomy":"product_cat","embeddable":true,"href":"https:\/\/wpguerssen-test.odoo.rgbconsulting.com\/es\/wp-json\/wp\/v2\/product_cat?post=268875"},{"taxonomy":"product_tag","embeddable":true,"href":"https:\/\/wpguerssen-test.odoo.rgbconsulting.com\/es\/wp-json\/wp\/v2\/product_tag?post=268875"}],"curies":[{"name":"wp","href":"https:\/\/api.w.org\/{rel}","templated":true}]}}