{"id":269023,"date":"2025-03-27T00:00:00","date_gmt":"2025-03-26T23:00:00","guid":{"rendered":"https:\/\/wpguerssen-test.odoo.rgbconsulting.com\/product\/astrolabio-clear-blue\/"},"modified":"2025-03-28T12:40:10","modified_gmt":"2025-03-28T11:40:10","slug":"astrolabio-clear-blue","status":"publish","type":"product","link":"https:\/\/wpguerssen-test.odoo.rgbconsulting.com\/es\/producto\/astrolabio-clear-blue\/","title":{"rendered":"Astrolabio (Clear Blue)"},"content":{"rendered":"<p>Los or\u00edgenes del grupo genov\u00e9s Garybaldi se remontan a 1965, cuando el guitarrista Pier Niccol\u00f2 \u00abBambi\u00bb Fossati, junto con Maurizio Cassinelli (bater\u00eda), Angelo Traverso (bajo) y Marco Zoccheddu (guitarra), fundaron Gleemen y lanzaron un LP hom\u00f3nimo en 1970: un excelente \u00e1lbum, todav\u00eda ligado a los sonidos t\u00edpicos de los a\u00f1os 60, con toques del estilo de guitarra Hendrix de Bambi Fossati.<br \/>En 1971 la banda cambi\u00f3 su nombre a Garybaldi y al a\u00f1o siguiente lanzaron el legendario \u00abNuda\u00bb, un \u00e1lbum en el que los sonidos t\u00edpicos del rock progresivo se mezclaron con el t\u00edpico &#8216;guitarrismo&#8217; de Fossati, dando origen a un trabajo \u00fanico y muy importante en la escena progresiva italiana.<br \/>1973 vio el lanzamiento de \u00abAstrolabio\u00bb, un disco muy particular compuesto por dos piezas largas, una para cada lado, dejando mucho espacio para la improvisaci\u00f3n. Otro trabajo singular que cierra la primera etapa de la historia de la banda, que continuar\u00eda su actividad musical en fases alternas hasta la actualidad.<br \/>Edici\u00f3n en vinilo azul transparente con portada desplegable.<\/p>\n","protected":false},"excerpt":{"rendered":"<p>Los or\u00edgenes del grupo genov\u00e9s Garybaldi se remontan a 1965, cuando el guitarrista Pier Niccol\u00f2 \u00abBambi\u00bb Fossati, junto con Maurizio Cassinelli (bater\u00eda), Angelo<a class=\"read\" href=\"https:\/\/wpguerssen-test.odoo.rgbconsulting.com\/es\/producto\/astrolabio-clear-blue\/\"> (...)<\/a>","protected":false},"featured_media":268989,"template":"","meta":{"_acf_changed":false},"product_brand":[],"product_cat":[23215,23224],"product_tag":[29140,24185],"class_list":{"0":"post-269023","1":"product","2":"type-product","3":"status-publish","4":"has-post-thumbnail","6":"product_cat-progressive60s-70s-es","7":"product_cat-hard-rock-60s-70s-es","8":"product_tag-color-vinyl-es","9":"product_tag-de-nuevo-en-existencia","10":"pa_artist-garybaldi-es","11":"pa_format-lp-es","12":"pa_gender-hard-rock-60s-70s-progressive60s-70s","13":"pa_label-vinyl-magic","14":"pa_location-europe-es","15":"pa_other-filters-vinyl-only-es","17":"first","18":"instock","19":"taxable","20":"shipping-taxable","21":"purchasable","22":"product-type-simple"},"acf":[],"yoast_head":"<!-- This site is optimized with the Yoast SEO plugin v24.9 - https:\/\/yoast.com\/wordpress\/plugins\/seo\/ -->\n<title>GARYBALDI - Astrolabio (Clear Blue) -  (LP) | Guerssen<\/title>\n<meta name=\"description\" content=\"The origins of the Genoese group Garybaldi date back to 1965, when guitarist Pier Niccol\u00f2 &quot;Bambi&quot; Fossati, together with Maurizio Cassinelli (drums), Angelo Traverso (bass) and Marco Zoccheddu (guitar), founded Gleemen, and released an eponymous LP in 1970: an excellent album, still tied to the typical &#039;60s sounds, with hints of Bambi Fossati&#039;s hendrix-esque guitar style.In 1971 the band changed their name to Garybaldi and the following year they released the legendary &quot;Nuda&quot;, an album in which the typical sounds of progressive rock was mixed with Fossati&#039;s typical &#039;guitarism&#039;, giving birth to a unique and very important work in the Italian prog scene.1973 saw the release of &quot;Astrolabio&quot;, a very particular record made up of two long pieces, one for each side, with a lot of space left for improvisation. Another unique work that closes the first phase of the band&#039;s history, who would continue their music activities in alternate phases up to the present day.Clear blue vinyl edition with gatefold cover.\" \/>\n<meta name=\"robots\" content=\"index, follow, max-snippet:-1, max-image-preview:large, max-video-preview:-1\" \/>\n<link rel=\"canonical\" href=\"https:\/\/wpguerssen-test.odoo.rgbconsulting.com\/es\/producto\/astrolabio-clear-blue\/\" \/>\n<meta property=\"og:locale\" content=\"es_ES\" \/>\n<meta property=\"og:type\" content=\"article\" \/>\n<meta property=\"og:title\" content=\"GARYBALDI - Astrolabio (Clear Blue) -  (LP) | Guerssen\" \/>\n<meta property=\"og:description\" content=\"The origins of the Genoese group Garybaldi date back to 1965, when guitarist Pier Niccol\u00f2 &quot;Bambi&quot; Fossati, together with Maurizio Cassinelli (drums), Angelo Traverso (bass) and Marco Zoccheddu (guitar), founded Gleemen, and released an eponymous LP in 1970: an excellent album, still tied to the typical &#039;60s sounds, with hints of Bambi Fossati&#039;s hendrix-esque guitar style.In 1971 the band changed their name to Garybaldi and the following year they released the legendary &quot;Nuda&quot;, an album in which the typical sounds of progressive rock was mixed with Fossati&#039;s typical &#039;guitarism&#039;, giving birth to a unique and very important work in the Italian prog scene.1973 saw the release of &quot;Astrolabio&quot;, a very particular record made up of two long pieces, one for each side, with a lot of space left for improvisation. Another unique work that closes the first phase of the band&#039;s history, who would continue their music activities in alternate phases up to the present day.Clear blue vinyl edition with gatefold cover.\" \/>\n<meta property=\"og:url\" content=\"https:\/\/wpguerssen-test.odoo.rgbconsulting.com\/es\/producto\/astrolabio-clear-blue\/\" \/>\n<meta property=\"og:site_name\" content=\"Guerssen records\" \/>\n<meta property=\"article:modified_time\" content=\"2025-03-28T11:40:10+00:00\" \/>\n<meta property=\"og:image\" content=\"https:\/\/wpguerssen-test.odoo.rgbconsulting.com\/wp-content\/uploads\/2024\/05\/47943.jpg\" \/>\n\t<meta property=\"og:image:width\" content=\"600\" \/>\n\t<meta property=\"og:image:height\" content=\"600\" \/>\n\t<meta property=\"og:image:type\" content=\"image\/jpeg\" \/>\n<meta name=\"twitter:card\" content=\"summary_large_image\" \/>\n<meta name=\"twitter:title\" content=\"GARYBALDI - Astrolabio (Clear Blue) -  (LP) | Guerssen\" \/>\n<meta name=\"twitter:label1\" content=\"Tiempo de lectura\" \/>\n\t<meta name=\"twitter:data1\" content=\"1 minuto\" \/>\n<script type=\"application\/ld+json\" class=\"yoast-schema-graph\">{\"@context\":\"https:\/\/schema.org\",\"@graph\":[{\"@type\":\"WebPage\",\"@id\":\"https:\/\/wpguerssen-test.odoo.rgbconsulting.com\/es\/producto\/astrolabio-clear-blue\/\",\"url\":\"https:\/\/wpguerssen-test.odoo.rgbconsulting.com\/es\/producto\/astrolabio-clear-blue\/\",\"name\":\"GARYBALDI - Astrolabio (Clear Blue) - (LP) | Guerssen\",\"isPartOf\":{\"@id\":\"https:\/\/wpguerssen-test.odoo.rgbconsulting.com\/es\/#website\"},\"primaryImageOfPage\":{\"@id\":\"https:\/\/wpguerssen-test.odoo.rgbconsulting.com\/es\/producto\/astrolabio-clear-blue\/#primaryimage\"},\"image\":{\"@id\":\"https:\/\/wpguerssen-test.odoo.rgbconsulting.com\/es\/producto\/astrolabio-clear-blue\/#primaryimage\"},\"thumbnailUrl\":\"https:\/\/wpguerssen-test.odoo.rgbconsulting.com\/wp-content\/uploads\/2024\/05\/47943.jpg\",\"datePublished\":\"2025-03-26T23:00:00+00:00\",\"dateModified\":\"2025-03-28T11:40:10+00:00\",\"description\":\"The origins of the Genoese group Garybaldi date back to 1965, when guitarist Pier Niccol\u00f2 \\\"Bambi\\\" Fossati, together with Maurizio Cassinelli (drums), Angelo Traverso (bass) and Marco Zoccheddu (guitar), founded Gleemen, and released an eponymous LP in 1970: an excellent album, still tied to the typical '60s sounds, with hints of Bambi Fossati's hendrix-esque guitar style.In 1971 the band changed their name to Garybaldi and the following year they released the legendary \\\"Nuda\\\", an album in which the typical sounds of progressive rock was mixed with Fossati's typical 'guitarism', giving birth to a unique and very important work in the Italian prog scene.1973 saw the release of \\\"Astrolabio\\\", a very particular record made up of two long pieces, one for each side, with a lot of space left for improvisation. Another unique work that closes the first phase of the band's history, who would continue their music activities in alternate phases up to the present day.Clear blue vinyl edition with gatefold cover.\",\"breadcrumb\":{\"@id\":\"https:\/\/wpguerssen-test.odoo.rgbconsulting.com\/es\/producto\/astrolabio-clear-blue\/#breadcrumb\"},\"inLanguage\":\"es\",\"potentialAction\":[{\"@type\":\"ReadAction\",\"target\":[\"https:\/\/wpguerssen-test.odoo.rgbconsulting.com\/es\/producto\/astrolabio-clear-blue\/\"]}]},{\"@type\":\"ImageObject\",\"inLanguage\":\"es\",\"@id\":\"https:\/\/wpguerssen-test.odoo.rgbconsulting.com\/es\/producto\/astrolabio-clear-blue\/#primaryimage\",\"url\":\"https:\/\/wpguerssen-test.odoo.rgbconsulting.com\/wp-content\/uploads\/2024\/05\/47943.jpg\",\"contentUrl\":\"https:\/\/wpguerssen-test.odoo.rgbconsulting.com\/wp-content\/uploads\/2024\/05\/47943.jpg\",\"width\":600,\"height\":600},{\"@type\":\"BreadcrumbList\",\"@id\":\"https:\/\/wpguerssen-test.odoo.rgbconsulting.com\/es\/producto\/astrolabio-clear-blue\/#breadcrumb\",\"itemListElement\":[{\"@type\":\"ListItem\",\"position\":1,\"name\":\"Inicio\",\"item\":\"https:\/\/wpguerssen-test.odoo.rgbconsulting.com\/es\/\"},{\"@type\":\"ListItem\",\"position\":2,\"name\":\"Shop\",\"item\":\"https:\/\/wpguerssen-test.odoo.rgbconsulting.com\/shop\/\"},{\"@type\":\"ListItem\",\"position\":3,\"name\":\"Astrolabio (Clear Blue)\"}]},{\"@type\":\"WebSite\",\"@id\":\"https:\/\/wpguerssen-test.odoo.rgbconsulting.com\/es\/#website\",\"url\":\"https:\/\/wpguerssen-test.odoo.rgbconsulting.com\/es\/\",\"name\":\"Guerssen records\",\"description\":\"psychedelia - progressive - folk - garage \",\"publisher\":{\"@id\":\"https:\/\/wpguerssen-test.odoo.rgbconsulting.com\/es\/#organization\"},\"potentialAction\":[{\"@type\":\"SearchAction\",\"target\":{\"@type\":\"EntryPoint\",\"urlTemplate\":\"https:\/\/wpguerssen-test.odoo.rgbconsulting.com\/es\/?s={search_term_string}\"},\"query-input\":{\"@type\":\"PropertyValueSpecification\",\"valueRequired\":true,\"valueName\":\"search_term_string\"}}],\"inLanguage\":\"es\"},{\"@type\":\"Organization\",\"@id\":\"https:\/\/wpguerssen-test.odoo.rgbconsulting.com\/es\/#organization\",\"name\":\"Guerssen records\",\"url\":\"https:\/\/wpguerssen-test.odoo.rgbconsulting.com\/es\/\",\"logo\":{\"@type\":\"ImageObject\",\"inLanguage\":\"es\",\"@id\":\"https:\/\/wpguerssen-test.odoo.rgbconsulting.com\/es\/#\/schema\/logo\/image\/\",\"url\":\"https:\/\/wpguerssen-test.odoo.rgbconsulting.com\/wp-content\/uploads\/2022\/04\/Logo_Guerssen_trans_100.png\",\"contentUrl\":\"https:\/\/wpguerssen-test.odoo.rgbconsulting.com\/wp-content\/uploads\/2022\/04\/Logo_Guerssen_trans_100.png\",\"width\":122,\"height\":100,\"caption\":\"Guerssen records\"},\"image\":{\"@id\":\"https:\/\/wpguerssen-test.odoo.rgbconsulting.com\/es\/#\/schema\/logo\/image\/\"}}]}<\/script>\n<!-- \/ Yoast SEO plugin. -->","yoast_head_json":{"title":"GARYBALDI - Astrolabio (Clear Blue) -  (LP) | Guerssen","description":"The origins of the Genoese group Garybaldi date back to 1965, when guitarist Pier Niccol\u00f2 \"Bambi\" Fossati, together with Maurizio Cassinelli (drums), Angelo Traverso (bass) and Marco Zoccheddu (guitar), founded Gleemen, and released an eponymous LP in 1970: an excellent album, still tied to the typical '60s sounds, with hints of Bambi Fossati's hendrix-esque guitar style.In 1971 the band changed their name to Garybaldi and the following year they released the legendary \"Nuda\", an album in which the typical sounds of progressive rock was mixed with Fossati's typical 'guitarism', giving birth to a unique and very important work in the Italian prog scene.1973 saw the release of \"Astrolabio\", a very particular record made up of two long pieces, one for each side, with a lot of space left for improvisation. Another unique work that closes the first phase of the band's history, who would continue their music activities in alternate phases up to the present day.Clear blue vinyl edition with gatefold cover.","robots":{"index":"index","follow":"follow","max-snippet":"max-snippet:-1","max-image-preview":"max-image-preview:large","max-video-preview":"max-video-preview:-1"},"canonical":"https:\/\/wpguerssen-test.odoo.rgbconsulting.com\/es\/producto\/astrolabio-clear-blue\/","og_locale":"es_ES","og_type":"article","og_title":"GARYBALDI - Astrolabio (Clear Blue) -  (LP) | Guerssen","og_description":"The origins of the Genoese group Garybaldi date back to 1965, when guitarist Pier Niccol\u00f2 \"Bambi\" Fossati, together with Maurizio Cassinelli (drums), Angelo Traverso (bass) and Marco Zoccheddu (guitar), founded Gleemen, and released an eponymous LP in 1970: an excellent album, still tied to the typical '60s sounds, with hints of Bambi Fossati's hendrix-esque guitar style.In 1971 the band changed their name to Garybaldi and the following year they released the legendary \"Nuda\", an album in which the typical sounds of progressive rock was mixed with Fossati's typical 'guitarism', giving birth to a unique and very important work in the Italian prog scene.1973 saw the release of \"Astrolabio\", a very particular record made up of two long pieces, one for each side, with a lot of space left for improvisation. Another unique work that closes the first phase of the band's history, who would continue their music activities in alternate phases up to the present day.Clear blue vinyl edition with gatefold cover.","og_url":"https:\/\/wpguerssen-test.odoo.rgbconsulting.com\/es\/producto\/astrolabio-clear-blue\/","og_site_name":"Guerssen records","article_modified_time":"2025-03-28T11:40:10+00:00","og_image":[{"width":600,"height":600,"url":"https:\/\/wpguerssen-test.odoo.rgbconsulting.com\/wp-content\/uploads\/2024\/05\/47943.jpg","type":"image\/jpeg"}],"twitter_card":"summary_large_image","twitter_title":"GARYBALDI - Astrolabio (Clear Blue) -  (LP) | Guerssen","twitter_misc":{"Tiempo de lectura":"1 minuto"},"schema":{"@context":"https:\/\/schema.org","@graph":[{"@type":"WebPage","@id":"https:\/\/wpguerssen-test.odoo.rgbconsulting.com\/es\/producto\/astrolabio-clear-blue\/","url":"https:\/\/wpguerssen-test.odoo.rgbconsulting.com\/es\/producto\/astrolabio-clear-blue\/","name":"GARYBALDI - Astrolabio (Clear Blue) - (LP) | Guerssen","isPartOf":{"@id":"https:\/\/wpguerssen-test.odoo.rgbconsulting.com\/es\/#website"},"primaryImageOfPage":{"@id":"https:\/\/wpguerssen-test.odoo.rgbconsulting.com\/es\/producto\/astrolabio-clear-blue\/#primaryimage"},"image":{"@id":"https:\/\/wpguerssen-test.odoo.rgbconsulting.com\/es\/producto\/astrolabio-clear-blue\/#primaryimage"},"thumbnailUrl":"https:\/\/wpguerssen-test.odoo.rgbconsulting.com\/wp-content\/uploads\/2024\/05\/47943.jpg","datePublished":"2025-03-26T23:00:00+00:00","dateModified":"2025-03-28T11:40:10+00:00","description":"The origins of the Genoese group Garybaldi date back to 1965, when guitarist Pier Niccol\u00f2 \"Bambi\" Fossati, together with Maurizio Cassinelli (drums), Angelo Traverso (bass) and Marco Zoccheddu (guitar), founded Gleemen, and released an eponymous LP in 1970: an excellent album, still tied to the typical '60s sounds, with hints of Bambi Fossati's hendrix-esque guitar style.In 1971 the band changed their name to Garybaldi and the following year they released the legendary \"Nuda\", an album in which the typical sounds of progressive rock was mixed with Fossati's typical 'guitarism', giving birth to a unique and very important work in the Italian prog scene.1973 saw the release of \"Astrolabio\", a very particular record made up of two long pieces, one for each side, with a lot of space left for improvisation. Another unique work that closes the first phase of the band's history, who would continue their music activities in alternate phases up to the present day.Clear blue vinyl edition with gatefold cover.","breadcrumb":{"@id":"https:\/\/wpguerssen-test.odoo.rgbconsulting.com\/es\/producto\/astrolabio-clear-blue\/#breadcrumb"},"inLanguage":"es","potentialAction":[{"@type":"ReadAction","target":["https:\/\/wpguerssen-test.odoo.rgbconsulting.com\/es\/producto\/astrolabio-clear-blue\/"]}]},{"@type":"ImageObject","inLanguage":"es","@id":"https:\/\/wpguerssen-test.odoo.rgbconsulting.com\/es\/producto\/astrolabio-clear-blue\/#primaryimage","url":"https:\/\/wpguerssen-test.odoo.rgbconsulting.com\/wp-content\/uploads\/2024\/05\/47943.jpg","contentUrl":"https:\/\/wpguerssen-test.odoo.rgbconsulting.com\/wp-content\/uploads\/2024\/05\/47943.jpg","width":600,"height":600},{"@type":"BreadcrumbList","@id":"https:\/\/wpguerssen-test.odoo.rgbconsulting.com\/es\/producto\/astrolabio-clear-blue\/#breadcrumb","itemListElement":[{"@type":"ListItem","position":1,"name":"Inicio","item":"https:\/\/wpguerssen-test.odoo.rgbconsulting.com\/es\/"},{"@type":"ListItem","position":2,"name":"Shop","item":"https:\/\/wpguerssen-test.odoo.rgbconsulting.com\/shop\/"},{"@type":"ListItem","position":3,"name":"Astrolabio (Clear Blue)"}]},{"@type":"WebSite","@id":"https:\/\/wpguerssen-test.odoo.rgbconsulting.com\/es\/#website","url":"https:\/\/wpguerssen-test.odoo.rgbconsulting.com\/es\/","name":"Guerssen records","description":"psychedelia - progressive - folk - garage ","publisher":{"@id":"https:\/\/wpguerssen-test.odoo.rgbconsulting.com\/es\/#organization"},"potentialAction":[{"@type":"SearchAction","target":{"@type":"EntryPoint","urlTemplate":"https:\/\/wpguerssen-test.odoo.rgbconsulting.com\/es\/?s={search_term_string}"},"query-input":{"@type":"PropertyValueSpecification","valueRequired":true,"valueName":"search_term_string"}}],"inLanguage":"es"},{"@type":"Organization","@id":"https:\/\/wpguerssen-test.odoo.rgbconsulting.com\/es\/#organization","name":"Guerssen records","url":"https:\/\/wpguerssen-test.odoo.rgbconsulting.com\/es\/","logo":{"@type":"ImageObject","inLanguage":"es","@id":"https:\/\/wpguerssen-test.odoo.rgbconsulting.com\/es\/#\/schema\/logo\/image\/","url":"https:\/\/wpguerssen-test.odoo.rgbconsulting.com\/wp-content\/uploads\/2022\/04\/Logo_Guerssen_trans_100.png","contentUrl":"https:\/\/wpguerssen-test.odoo.rgbconsulting.com\/wp-content\/uploads\/2022\/04\/Logo_Guerssen_trans_100.png","width":122,"height":100,"caption":"Guerssen records"},"image":{"@id":"https:\/\/wpguerssen-test.odoo.rgbconsulting.com\/es\/#\/schema\/logo\/image\/"}}]}},"_links":{"self":[{"href":"https:\/\/wpguerssen-test.odoo.rgbconsulting.com\/es\/wp-json\/wp\/v2\/product\/269023","targetHints":{"allow":["GET"]}}],"collection":[{"href":"https:\/\/wpguerssen-test.odoo.rgbconsulting.com\/es\/wp-json\/wp\/v2\/product"}],"about":[{"href":"https:\/\/wpguerssen-test.odoo.rgbconsulting.com\/es\/wp-json\/wp\/v2\/types\/product"}],"wp:featuredmedia":[{"embeddable":true,"href":"https:\/\/wpguerssen-test.odoo.rgbconsulting.com\/es\/wp-json\/wp\/v2\/media\/268989"}],"wp:attachment":[{"href":"https:\/\/wpguerssen-test.odoo.rgbconsulting.com\/es\/wp-json\/wp\/v2\/media?parent=269023"}],"wp:term":[{"taxonomy":"product_brand","embeddable":true,"href":"https:\/\/wpguerssen-test.odoo.rgbconsulting.com\/es\/wp-json\/wp\/v2\/product_brand?post=269023"},{"taxonomy":"product_cat","embeddable":true,"href":"https:\/\/wpguerssen-test.odoo.rgbconsulting.com\/es\/wp-json\/wp\/v2\/product_cat?post=269023"},{"taxonomy":"product_tag","embeddable":true,"href":"https:\/\/wpguerssen-test.odoo.rgbconsulting.com\/es\/wp-json\/wp\/v2\/product_tag?post=269023"}],"curies":[{"name":"wp","href":"https:\/\/api.w.org\/{rel}","templated":true}]}}