{"id":269025,"date":"2024-06-19T00:00:00","date_gmt":"2024-06-18T22:00:00","guid":{"rendered":"https:\/\/wpguerssen-test.odoo.rgbconsulting.com\/product\/thru-the-years\/"},"modified":"2024-10-29T16:55:59","modified_gmt":"2024-10-29T15:55:59","slug":"thru-the-years","status":"publish","type":"product","link":"https:\/\/wpguerssen-test.odoo.rgbconsulting.com\/es\/producto\/thru-the-years\/","title":{"rendered":"Thru The Years"},"content":{"rendered":"<p>\u00abThru The Years\u00bb es un \u00e1lbum recopilatorio de m\u00fasica de John Mayall lanzado en octubre de 1971 por Decca Records en el Reino Unido y London Records en los EE. UU. El \u00e1lbum fue la segunda compilaci\u00f3n publicada por Decca\/London con la bendici\u00f3n de Mayall y presenta una mezcla de canciones no publicadas anteriormente o pistas que no pertenecen al \u00e1lbum y que solo se hab\u00edan lanzado como sencillos. Una colecci\u00f3n de temas raros de los a\u00f1os 60, algunos de los cuales se encuentran entre los mejores de Mayall. Su sencillo debut de 1964, \u00abCrawling Up a Hill\u00bb, es uno de sus mejores originales. Las ocho canciones con Peter Green incluyen material de primer nivel que supera gran parte del \u00fanico \u00e1lbum grabado por la formaci\u00f3n de Green (A Hard Road), en particular los originales de Green \u00abMissing You\u00bb y \u00abOut of Reach\u00bb, una gran cara B con l\u00edneas de guitarra heladas y devastadoras y letras pesimistas que se ubican como uno de los grandes cortes de blues-rock perdidos de los a\u00f1os 60. El set se completa con algunas canciones de la era de Mick Taylor, destacando el cruel instrumental \u00abKnockers Step Forward\u00bb.<\/p>\n","protected":false},"excerpt":{"rendered":"<p>\u00abThru The Years\u00bb es un \u00e1lbum recopilatorio de m\u00fasica de John Mayall lanzado en octubre de 1971 por Decca Records en el Reino Unido y London Records en los EE.<a class=\"read\" href=\"https:\/\/wpguerssen-test.odoo.rgbconsulting.com\/es\/producto\/thru-the-years\/\"> (...)<\/a>","protected":false},"featured_media":268995,"template":"","meta":{"_acf_changed":false},"product_brand":[],"product_cat":[23262],"product_tag":[],"class_list":{"0":"post-269025","1":"product","2":"type-product","3":"status-publish","4":"has-post-thumbnail","6":"product_cat-blues-blues-rock-es","7":"pa_artist-mayall-john","8":"pa_format-lp-es","9":"pa_gender-blues-blues-rock","10":"pa_label-endless-happiness","11":"pa_location-uk-ireland-es","12":"pa_other-filters-vinyl-only-es","14":"first","15":"instock","16":"taxable","17":"shipping-taxable","18":"purchasable","19":"product-type-simple"},"acf":[],"yoast_head":"<!-- This site is optimized with the Yoast SEO plugin v24.9 - https:\/\/yoast.com\/wordpress\/plugins\/seo\/ -->\n<title>MAYALL, John - Thru The Years -  (LP) | Guerssen<\/title>\n<meta name=\"description\" content=\"&quot;Thru The Years&quot; is a compilation album of music by John Mayall released in October 1971 by Decca Records in the U.K. and London Records in the U.S.A. The album was the second compilation to be issued by Decca\/London with Mayall&#039;s blessing and it features a mixture of previously unissued songs or non-album tracks that had only been released as singles. A grab bag of rare tracks from the &#039;60s, some of which stand among Mayall&#039;s finest. His debut 1964 single &quot;Crawling Up a Hill&quot; is one of his best originals. The eight songs featuring Peter Green include some top-notch material that outpaces much of the only album recorded by the Green lineup (A Hard Road), particularly the Green originals &quot;Missing You&quot; and &quot;Out of Reach,&quot; a great B-side with devastating, icy guitar lines and downbeat lyrics that ranks as one of the great lost blues-rock cuts of the &#039;60s. The set is filled out with a few songs from the Mick Taylor era, the highlight being the vicious instrumental &quot;Knockers Step Forward.&quot;\" \/>\n<meta name=\"robots\" content=\"index, follow, max-snippet:-1, max-image-preview:large, max-video-preview:-1\" \/>\n<link rel=\"canonical\" href=\"https:\/\/wpguerssen-test.odoo.rgbconsulting.com\/es\/producto\/thru-the-years\/\" \/>\n<meta property=\"og:locale\" content=\"es_ES\" \/>\n<meta property=\"og:type\" content=\"article\" \/>\n<meta property=\"og:title\" content=\"MAYALL, John - Thru The Years -  (LP) | Guerssen\" \/>\n<meta property=\"og:description\" content=\"&quot;Thru The Years&quot; is a compilation album of music by John Mayall released in October 1971 by Decca Records in the U.K. and London Records in the U.S.A. The album was the second compilation to be issued by Decca\/London with Mayall&#039;s blessing and it features a mixture of previously unissued songs or non-album tracks that had only been released as singles. A grab bag of rare tracks from the &#039;60s, some of which stand among Mayall&#039;s finest. His debut 1964 single &quot;Crawling Up a Hill&quot; is one of his best originals. The eight songs featuring Peter Green include some top-notch material that outpaces much of the only album recorded by the Green lineup (A Hard Road), particularly the Green originals &quot;Missing You&quot; and &quot;Out of Reach,&quot; a great B-side with devastating, icy guitar lines and downbeat lyrics that ranks as one of the great lost blues-rock cuts of the &#039;60s. The set is filled out with a few songs from the Mick Taylor era, the highlight being the vicious instrumental &quot;Knockers Step Forward.&quot;\" \/>\n<meta property=\"og:url\" content=\"https:\/\/wpguerssen-test.odoo.rgbconsulting.com\/es\/producto\/thru-the-years\/\" \/>\n<meta property=\"og:site_name\" content=\"Guerssen records\" \/>\n<meta property=\"article:modified_time\" content=\"2024-10-29T15:55:59+00:00\" \/>\n<meta property=\"og:image\" content=\"https:\/\/wpguerssen-test.odoo.rgbconsulting.com\/wp-content\/uploads\/2024\/05\/47945.jpg\" \/>\n\t<meta property=\"og:image:width\" content=\"945\" \/>\n\t<meta property=\"og:image:height\" content=\"949\" \/>\n\t<meta property=\"og:image:type\" content=\"image\/jpeg\" \/>\n<meta name=\"twitter:card\" content=\"summary_large_image\" \/>\n<meta name=\"twitter:title\" content=\"MAYALL, John - Thru The Years -  (LP) | Guerssen\" \/>\n<meta name=\"twitter:label1\" content=\"Tiempo de lectura\" \/>\n\t<meta name=\"twitter:data1\" content=\"1 minuto\" \/>\n<script type=\"application\/ld+json\" class=\"yoast-schema-graph\">{\"@context\":\"https:\/\/schema.org\",\"@graph\":[{\"@type\":\"WebPage\",\"@id\":\"https:\/\/wpguerssen-test.odoo.rgbconsulting.com\/es\/producto\/thru-the-years\/\",\"url\":\"https:\/\/wpguerssen-test.odoo.rgbconsulting.com\/es\/producto\/thru-the-years\/\",\"name\":\"MAYALL, John - Thru The Years - (LP) | Guerssen\",\"isPartOf\":{\"@id\":\"https:\/\/wpguerssen-test.odoo.rgbconsulting.com\/es\/#website\"},\"primaryImageOfPage\":{\"@id\":\"https:\/\/wpguerssen-test.odoo.rgbconsulting.com\/es\/producto\/thru-the-years\/#primaryimage\"},\"image\":{\"@id\":\"https:\/\/wpguerssen-test.odoo.rgbconsulting.com\/es\/producto\/thru-the-years\/#primaryimage\"},\"thumbnailUrl\":\"https:\/\/wpguerssen-test.odoo.rgbconsulting.com\/wp-content\/uploads\/2024\/05\/47945.jpg\",\"datePublished\":\"2024-06-18T22:00:00+00:00\",\"dateModified\":\"2024-10-29T15:55:59+00:00\",\"description\":\"\\\"Thru The Years\\\" is a compilation album of music by John Mayall released in October 1971 by Decca Records in the U.K. and London Records in the U.S.A. The album was the second compilation to be issued by Decca\/London with Mayall's blessing and it features a mixture of previously unissued songs or non-album tracks that had only been released as singles. A grab bag of rare tracks from the '60s, some of which stand among Mayall's finest. His debut 1964 single \\\"Crawling Up a Hill\\\" is one of his best originals. The eight songs featuring Peter Green include some top-notch material that outpaces much of the only album recorded by the Green lineup (A Hard Road), particularly the Green originals \\\"Missing You\\\" and \\\"Out of Reach,\\\" a great B-side with devastating, icy guitar lines and downbeat lyrics that ranks as one of the great lost blues-rock cuts of the '60s. The set is filled out with a few songs from the Mick Taylor era, the highlight being the vicious instrumental \\\"Knockers Step Forward.\\\"\",\"breadcrumb\":{\"@id\":\"https:\/\/wpguerssen-test.odoo.rgbconsulting.com\/es\/producto\/thru-the-years\/#breadcrumb\"},\"inLanguage\":\"es\",\"potentialAction\":[{\"@type\":\"ReadAction\",\"target\":[\"https:\/\/wpguerssen-test.odoo.rgbconsulting.com\/es\/producto\/thru-the-years\/\"]}]},{\"@type\":\"ImageObject\",\"inLanguage\":\"es\",\"@id\":\"https:\/\/wpguerssen-test.odoo.rgbconsulting.com\/es\/producto\/thru-the-years\/#primaryimage\",\"url\":\"https:\/\/wpguerssen-test.odoo.rgbconsulting.com\/wp-content\/uploads\/2024\/05\/47945.jpg\",\"contentUrl\":\"https:\/\/wpguerssen-test.odoo.rgbconsulting.com\/wp-content\/uploads\/2024\/05\/47945.jpg\",\"width\":945,\"height\":949,\"caption\":\"John - Thru The Years - ENDLESS HAPPINESS (LP) | Guerssen\"},{\"@type\":\"BreadcrumbList\",\"@id\":\"https:\/\/wpguerssen-test.odoo.rgbconsulting.com\/es\/producto\/thru-the-years\/#breadcrumb\",\"itemListElement\":[{\"@type\":\"ListItem\",\"position\":1,\"name\":\"Inicio\",\"item\":\"https:\/\/wpguerssen-test.odoo.rgbconsulting.com\/es\/\"},{\"@type\":\"ListItem\",\"position\":2,\"name\":\"Shop\",\"item\":\"https:\/\/wpguerssen-test.odoo.rgbconsulting.com\/shop\/\"},{\"@type\":\"ListItem\",\"position\":3,\"name\":\"Thru The Years\"}]},{\"@type\":\"WebSite\",\"@id\":\"https:\/\/wpguerssen-test.odoo.rgbconsulting.com\/es\/#website\",\"url\":\"https:\/\/wpguerssen-test.odoo.rgbconsulting.com\/es\/\",\"name\":\"Guerssen records\",\"description\":\"psychedelia - progressive - folk - garage \",\"publisher\":{\"@id\":\"https:\/\/wpguerssen-test.odoo.rgbconsulting.com\/es\/#organization\"},\"potentialAction\":[{\"@type\":\"SearchAction\",\"target\":{\"@type\":\"EntryPoint\",\"urlTemplate\":\"https:\/\/wpguerssen-test.odoo.rgbconsulting.com\/es\/?s={search_term_string}\"},\"query-input\":{\"@type\":\"PropertyValueSpecification\",\"valueRequired\":true,\"valueName\":\"search_term_string\"}}],\"inLanguage\":\"es\"},{\"@type\":\"Organization\",\"@id\":\"https:\/\/wpguerssen-test.odoo.rgbconsulting.com\/es\/#organization\",\"name\":\"Guerssen records\",\"url\":\"https:\/\/wpguerssen-test.odoo.rgbconsulting.com\/es\/\",\"logo\":{\"@type\":\"ImageObject\",\"inLanguage\":\"es\",\"@id\":\"https:\/\/wpguerssen-test.odoo.rgbconsulting.com\/es\/#\/schema\/logo\/image\/\",\"url\":\"https:\/\/wpguerssen-test.odoo.rgbconsulting.com\/wp-content\/uploads\/2022\/04\/Logo_Guerssen_trans_100.png\",\"contentUrl\":\"https:\/\/wpguerssen-test.odoo.rgbconsulting.com\/wp-content\/uploads\/2022\/04\/Logo_Guerssen_trans_100.png\",\"width\":122,\"height\":100,\"caption\":\"Guerssen records\"},\"image\":{\"@id\":\"https:\/\/wpguerssen-test.odoo.rgbconsulting.com\/es\/#\/schema\/logo\/image\/\"}}]}<\/script>\n<!-- \/ Yoast SEO plugin. -->","yoast_head_json":{"title":"MAYALL, John - Thru The Years -  (LP) | Guerssen","description":"\"Thru The Years\" is a compilation album of music by John Mayall released in October 1971 by Decca Records in the U.K. and London Records in the U.S.A. The album was the second compilation to be issued by Decca\/London with Mayall's blessing and it features a mixture of previously unissued songs or non-album tracks that had only been released as singles. A grab bag of rare tracks from the '60s, some of which stand among Mayall's finest. His debut 1964 single \"Crawling Up a Hill\" is one of his best originals. The eight songs featuring Peter Green include some top-notch material that outpaces much of the only album recorded by the Green lineup (A Hard Road), particularly the Green originals \"Missing You\" and \"Out of Reach,\" a great B-side with devastating, icy guitar lines and downbeat lyrics that ranks as one of the great lost blues-rock cuts of the '60s. The set is filled out with a few songs from the Mick Taylor era, the highlight being the vicious instrumental \"Knockers Step Forward.\"","robots":{"index":"index","follow":"follow","max-snippet":"max-snippet:-1","max-image-preview":"max-image-preview:large","max-video-preview":"max-video-preview:-1"},"canonical":"https:\/\/wpguerssen-test.odoo.rgbconsulting.com\/es\/producto\/thru-the-years\/","og_locale":"es_ES","og_type":"article","og_title":"MAYALL, John - Thru The Years -  (LP) | Guerssen","og_description":"\"Thru The Years\" is a compilation album of music by John Mayall released in October 1971 by Decca Records in the U.K. and London Records in the U.S.A. The album was the second compilation to be issued by Decca\/London with Mayall's blessing and it features a mixture of previously unissued songs or non-album tracks that had only been released as singles. A grab bag of rare tracks from the '60s, some of which stand among Mayall's finest. His debut 1964 single \"Crawling Up a Hill\" is one of his best originals. The eight songs featuring Peter Green include some top-notch material that outpaces much of the only album recorded by the Green lineup (A Hard Road), particularly the Green originals \"Missing You\" and \"Out of Reach,\" a great B-side with devastating, icy guitar lines and downbeat lyrics that ranks as one of the great lost blues-rock cuts of the '60s. The set is filled out with a few songs from the Mick Taylor era, the highlight being the vicious instrumental \"Knockers Step Forward.\"","og_url":"https:\/\/wpguerssen-test.odoo.rgbconsulting.com\/es\/producto\/thru-the-years\/","og_site_name":"Guerssen records","article_modified_time":"2024-10-29T15:55:59+00:00","og_image":[{"url":"https:\/\/wpguerssen-test.odoo.rgbconsulting.com\/wp-content\/uploads\/2024\/05\/47945.jpg","width":945,"height":949,"type":"image\/jpeg"}],"twitter_card":"summary_large_image","twitter_title":"MAYALL, John - Thru The Years -  (LP) | Guerssen","twitter_misc":{"Tiempo de lectura":"1 minuto"},"schema":{"@context":"https:\/\/schema.org","@graph":[{"@type":"WebPage","@id":"https:\/\/wpguerssen-test.odoo.rgbconsulting.com\/es\/producto\/thru-the-years\/","url":"https:\/\/wpguerssen-test.odoo.rgbconsulting.com\/es\/producto\/thru-the-years\/","name":"MAYALL, John - Thru The Years - (LP) | Guerssen","isPartOf":{"@id":"https:\/\/wpguerssen-test.odoo.rgbconsulting.com\/es\/#website"},"primaryImageOfPage":{"@id":"https:\/\/wpguerssen-test.odoo.rgbconsulting.com\/es\/producto\/thru-the-years\/#primaryimage"},"image":{"@id":"https:\/\/wpguerssen-test.odoo.rgbconsulting.com\/es\/producto\/thru-the-years\/#primaryimage"},"thumbnailUrl":"https:\/\/wpguerssen-test.odoo.rgbconsulting.com\/wp-content\/uploads\/2024\/05\/47945.jpg","datePublished":"2024-06-18T22:00:00+00:00","dateModified":"2024-10-29T15:55:59+00:00","description":"\"Thru The Years\" is a compilation album of music by John Mayall released in October 1971 by Decca Records in the U.K. and London Records in the U.S.A. The album was the second compilation to be issued by Decca\/London with Mayall's blessing and it features a mixture of previously unissued songs or non-album tracks that had only been released as singles. A grab bag of rare tracks from the '60s, some of which stand among Mayall's finest. His debut 1964 single \"Crawling Up a Hill\" is one of his best originals. The eight songs featuring Peter Green include some top-notch material that outpaces much of the only album recorded by the Green lineup (A Hard Road), particularly the Green originals \"Missing You\" and \"Out of Reach,\" a great B-side with devastating, icy guitar lines and downbeat lyrics that ranks as one of the great lost blues-rock cuts of the '60s. The set is filled out with a few songs from the Mick Taylor era, the highlight being the vicious instrumental \"Knockers Step Forward.\"","breadcrumb":{"@id":"https:\/\/wpguerssen-test.odoo.rgbconsulting.com\/es\/producto\/thru-the-years\/#breadcrumb"},"inLanguage":"es","potentialAction":[{"@type":"ReadAction","target":["https:\/\/wpguerssen-test.odoo.rgbconsulting.com\/es\/producto\/thru-the-years\/"]}]},{"@type":"ImageObject","inLanguage":"es","@id":"https:\/\/wpguerssen-test.odoo.rgbconsulting.com\/es\/producto\/thru-the-years\/#primaryimage","url":"https:\/\/wpguerssen-test.odoo.rgbconsulting.com\/wp-content\/uploads\/2024\/05\/47945.jpg","contentUrl":"https:\/\/wpguerssen-test.odoo.rgbconsulting.com\/wp-content\/uploads\/2024\/05\/47945.jpg","width":945,"height":949,"caption":"John - Thru The Years - ENDLESS HAPPINESS (LP) | Guerssen"},{"@type":"BreadcrumbList","@id":"https:\/\/wpguerssen-test.odoo.rgbconsulting.com\/es\/producto\/thru-the-years\/#breadcrumb","itemListElement":[{"@type":"ListItem","position":1,"name":"Inicio","item":"https:\/\/wpguerssen-test.odoo.rgbconsulting.com\/es\/"},{"@type":"ListItem","position":2,"name":"Shop","item":"https:\/\/wpguerssen-test.odoo.rgbconsulting.com\/shop\/"},{"@type":"ListItem","position":3,"name":"Thru The Years"}]},{"@type":"WebSite","@id":"https:\/\/wpguerssen-test.odoo.rgbconsulting.com\/es\/#website","url":"https:\/\/wpguerssen-test.odoo.rgbconsulting.com\/es\/","name":"Guerssen records","description":"psychedelia - progressive - folk - garage ","publisher":{"@id":"https:\/\/wpguerssen-test.odoo.rgbconsulting.com\/es\/#organization"},"potentialAction":[{"@type":"SearchAction","target":{"@type":"EntryPoint","urlTemplate":"https:\/\/wpguerssen-test.odoo.rgbconsulting.com\/es\/?s={search_term_string}"},"query-input":{"@type":"PropertyValueSpecification","valueRequired":true,"valueName":"search_term_string"}}],"inLanguage":"es"},{"@type":"Organization","@id":"https:\/\/wpguerssen-test.odoo.rgbconsulting.com\/es\/#organization","name":"Guerssen records","url":"https:\/\/wpguerssen-test.odoo.rgbconsulting.com\/es\/","logo":{"@type":"ImageObject","inLanguage":"es","@id":"https:\/\/wpguerssen-test.odoo.rgbconsulting.com\/es\/#\/schema\/logo\/image\/","url":"https:\/\/wpguerssen-test.odoo.rgbconsulting.com\/wp-content\/uploads\/2022\/04\/Logo_Guerssen_trans_100.png","contentUrl":"https:\/\/wpguerssen-test.odoo.rgbconsulting.com\/wp-content\/uploads\/2022\/04\/Logo_Guerssen_trans_100.png","width":122,"height":100,"caption":"Guerssen records"},"image":{"@id":"https:\/\/wpguerssen-test.odoo.rgbconsulting.com\/es\/#\/schema\/logo\/image\/"}}]}},"_links":{"self":[{"href":"https:\/\/wpguerssen-test.odoo.rgbconsulting.com\/es\/wp-json\/wp\/v2\/product\/269025","targetHints":{"allow":["GET"]}}],"collection":[{"href":"https:\/\/wpguerssen-test.odoo.rgbconsulting.com\/es\/wp-json\/wp\/v2\/product"}],"about":[{"href":"https:\/\/wpguerssen-test.odoo.rgbconsulting.com\/es\/wp-json\/wp\/v2\/types\/product"}],"wp:featuredmedia":[{"embeddable":true,"href":"https:\/\/wpguerssen-test.odoo.rgbconsulting.com\/es\/wp-json\/wp\/v2\/media\/268995"}],"wp:attachment":[{"href":"https:\/\/wpguerssen-test.odoo.rgbconsulting.com\/es\/wp-json\/wp\/v2\/media?parent=269025"}],"wp:term":[{"taxonomy":"product_brand","embeddable":true,"href":"https:\/\/wpguerssen-test.odoo.rgbconsulting.com\/es\/wp-json\/wp\/v2\/product_brand?post=269025"},{"taxonomy":"product_cat","embeddable":true,"href":"https:\/\/wpguerssen-test.odoo.rgbconsulting.com\/es\/wp-json\/wp\/v2\/product_cat?post=269025"},{"taxonomy":"product_tag","embeddable":true,"href":"https:\/\/wpguerssen-test.odoo.rgbconsulting.com\/es\/wp-json\/wp\/v2\/product_tag?post=269025"}],"curies":[{"name":"wp","href":"https:\/\/api.w.org\/{rel}","templated":true}]}}