{"id":269119,"date":"2024-08-28T00:00:00","date_gmt":"2024-08-27T22:00:00","guid":{"rendered":"https:\/\/wpguerssen-test.odoo.rgbconsulting.com\/product\/krs-one\/"},"modified":"2025-03-24T17:33:20","modified_gmt":"2025-03-24T16:33:20","slug":"krs-one","status":"publish","type":"product","link":"https:\/\/wpguerssen-test.odoo.rgbconsulting.com\/es\/producto\/krs-one\/","title":{"rendered":"KRS One"},"content":{"rendered":"<p>El pasado agosto se cumpli\u00f3 el 50 aniversario del nacimiento del Hip-Hop y seguimos honrando a los artistas y \u00e1lbumes que tuvieron un impacto significativo en la cultura. En asociaci\u00f3n con CERTIFIED de Sony, estamos dando seguimiento a nuestra reedici\u00f3n RSD de Edutainment de BDP y Return of the Boom Bap de KRS-One con una reedici\u00f3n muy esperada del \u00e1lbum hom\u00f3nimo de 1995 de KRS-One, KRS-One.<br \/>Dos a\u00f1os Despu\u00e9s del lanzamiento de Return of the Boom Bap, KRS-One regres\u00f3 al estudio y detr\u00e1s de los tableros y se alist\u00f3 para producci\u00f3n adicional con DJ Premier, Showbiz, Diamond D, Norty Cotto y Big French Production. En agosto de 1995, KRS-One lanz\u00f3 el sencillo principal producido por Preemo, \u00abMC&#8217;s Act Like They Don&#8217;t Know\u00bb, con \u00abRepresent The Real Hip-Hop\u00bb con Das EFX en la cara B del reproductor de 12 pulgadas, con KRS. -Las habilidades l\u00edricas de uno y el respaldo de su estatus como uno de los mejores int\u00e9rpretes en vivo del juego. KRS-One lo dej\u00f3 fuera del parque en su segundo esfuerzo en solitario con otro sencillo Premier sobre el estado actual del Hip-Hop en \u00abRappers R, N. Dainja\u00bb y el rap directo de Boom Bap en la pista asistida por Fat Joe \u00abDe Autom\u00e1tico.\u00bb Ofrece comentarios pol\u00edticos y sociales sobre \u00abR.E.A.L.I.TY.\u00bb, \u00abHold\u00bb y \u00abFree Mumia\u00bb con Channel Live y contin\u00faa criticando a los MC tontos en \u00abWannabemceez\u00bb con Mad Lion.<br \/>Get On Down se enorgullece de presentar esto. Reedici\u00f3n de lujo empaquetada en una sobrecubierta con una nueva entrevista del autor de Check The Technique, Brian Coleman, completa con una hoja de letras desplegable.<\/p>\n","protected":false},"excerpt":{"rendered":"<p>El pasado agosto se cumpli\u00f3 el 50 aniversario del nacimiento del Hip-Hop y seguimos honrando a los artistas y \u00e1lbumes que tuvieron un impacto significativo en la<a class=\"read\" href=\"https:\/\/wpguerssen-test.odoo.rgbconsulting.com\/es\/producto\/krs-one\/\"> (...)<\/a>","protected":false},"featured_media":269094,"template":"","meta":{"_acf_changed":false},"product_brand":[],"product_cat":[21706],"product_tag":[],"class_list":{"0":"post-269119","1":"product","2":"type-product","3":"status-publish","4":"has-post-thumbnail","6":"product_cat-rap-hip-hop-es","7":"pa_artist-krs-one","8":"pa_format-2lp-es","9":"pa_gender-rap-hip-hop","10":"pa_label-get-on-down","11":"pa_location-north-america-es","12":"pa_other-filters-vinyl-only-es","14":"first","15":"instock","16":"taxable","17":"shipping-taxable","18":"purchasable","19":"product-type-simple"},"acf":[],"yoast_head":"<!-- This site is optimized with the Yoast SEO plugin v24.9 - https:\/\/yoast.com\/wordpress\/plugins\/seo\/ -->\n<title>KRS ONE - KRS One -  (2LP) | Guerssen<\/title>\n<meta name=\"description\" content=\"Last August marked the 50th anniversary of the birth of Hip-Hop and we continue to honor the artists and albums that had a significant impact on the culture. In partnership with Sony&#039;s CERTIFIED, we are following up on our RSD reissue of BDP&#039;s Edutainment and KRS-One&#039;s Return of the Boom Bap with a long overdue reissue of KRS-One&#039;s 1995 self-titled album, KRS-One.Two years after the release of Return of the Boom Bap, KRS-One got back in the studio and behind the boards and enlisted for additional production DJ Premier, Showbiz, Diamond D, Norty Cotto, and Big French Production. In August of &#039;95 KRS-One dropped the Preemo-produced lead single &quot;MC&#039;s Act Like They Don&#039;t Know&quot; with &quot;Represent The Real Hip-Hop&quot; featuring Das EFX on the B-side of the 12-inch, boasting KRS-One&#039;s lyrical skills and backing up his status as one of the best live performers in the game. KRS-One knocked it out of the park on his second solo effort with another Premier single about the current state of Hip-Hop on &quot;Rappers R, N. Dainja&quot; and straight-up Boom Bap rap on the Fat Joe assisted track &quot;De Automatic.&quot; He offers political and social commentary on &quot;R.E.A.L.I.TY.&quot;, &quot;Hold&quot;, and &quot;Free Mumia&quot; with Channel Live and continues to diss sucker MCs on &quot;Wannabemceez&quot; with Mad Lion.Get On Down is proud to present this deluxe reissue packaged in a gatefold jacket with a new interview by Check The Technique author Brian Coleman, complete with a foldout lyrics sheet.\" \/>\n<meta name=\"robots\" content=\"index, follow, max-snippet:-1, max-image-preview:large, max-video-preview:-1\" \/>\n<link rel=\"canonical\" href=\"https:\/\/wpguerssen-test.odoo.rgbconsulting.com\/es\/producto\/krs-one\/\" \/>\n<meta property=\"og:locale\" content=\"es_ES\" \/>\n<meta property=\"og:type\" content=\"article\" \/>\n<meta property=\"og:title\" content=\"KRS ONE - KRS One -  (2LP) | Guerssen\" \/>\n<meta property=\"og:description\" content=\"Last August marked the 50th anniversary of the birth of Hip-Hop and we continue to honor the artists and albums that had a significant impact on the culture. In partnership with Sony&#039;s CERTIFIED, we are following up on our RSD reissue of BDP&#039;s Edutainment and KRS-One&#039;s Return of the Boom Bap with a long overdue reissue of KRS-One&#039;s 1995 self-titled album, KRS-One.Two years after the release of Return of the Boom Bap, KRS-One got back in the studio and behind the boards and enlisted for additional production DJ Premier, Showbiz, Diamond D, Norty Cotto, and Big French Production. In August of &#039;95 KRS-One dropped the Preemo-produced lead single &quot;MC&#039;s Act Like They Don&#039;t Know&quot; with &quot;Represent The Real Hip-Hop&quot; featuring Das EFX on the B-side of the 12-inch, boasting KRS-One&#039;s lyrical skills and backing up his status as one of the best live performers in the game. KRS-One knocked it out of the park on his second solo effort with another Premier single about the current state of Hip-Hop on &quot;Rappers R, N. Dainja&quot; and straight-up Boom Bap rap on the Fat Joe assisted track &quot;De Automatic.&quot; He offers political and social commentary on &quot;R.E.A.L.I.TY.&quot;, &quot;Hold&quot;, and &quot;Free Mumia&quot; with Channel Live and continues to diss sucker MCs on &quot;Wannabemceez&quot; with Mad Lion.Get On Down is proud to present this deluxe reissue packaged in a gatefold jacket with a new interview by Check The Technique author Brian Coleman, complete with a foldout lyrics sheet.\" \/>\n<meta property=\"og:url\" content=\"https:\/\/wpguerssen-test.odoo.rgbconsulting.com\/es\/producto\/krs-one\/\" \/>\n<meta property=\"og:site_name\" content=\"Guerssen records\" \/>\n<meta property=\"article:modified_time\" content=\"2025-03-24T16:33:20+00:00\" \/>\n<meta property=\"og:image\" content=\"https:\/\/wpguerssen-test.odoo.rgbconsulting.com\/wp-content\/uploads\/2024\/05\/47956.jpg\" \/>\n\t<meta property=\"og:image:width\" content=\"476\" \/>\n\t<meta property=\"og:image:height\" content=\"469\" \/>\n\t<meta property=\"og:image:type\" content=\"image\/jpeg\" \/>\n<meta name=\"twitter:card\" content=\"summary_large_image\" \/>\n<meta name=\"twitter:title\" content=\"KRS ONE - KRS One -  (2LP) | Guerssen\" \/>\n<meta name=\"twitter:label1\" content=\"Tiempo de lectura\" \/>\n\t<meta name=\"twitter:data1\" content=\"1 minuto\" \/>\n<script type=\"application\/ld+json\" class=\"yoast-schema-graph\">{\"@context\":\"https:\/\/schema.org\",\"@graph\":[{\"@type\":\"WebPage\",\"@id\":\"https:\/\/wpguerssen-test.odoo.rgbconsulting.com\/es\/producto\/krs-one\/\",\"url\":\"https:\/\/wpguerssen-test.odoo.rgbconsulting.com\/es\/producto\/krs-one\/\",\"name\":\"KRS ONE - KRS One - (2LP) | Guerssen\",\"isPartOf\":{\"@id\":\"https:\/\/wpguerssen-test.odoo.rgbconsulting.com\/es\/#website\"},\"primaryImageOfPage\":{\"@id\":\"https:\/\/wpguerssen-test.odoo.rgbconsulting.com\/es\/producto\/krs-one\/#primaryimage\"},\"image\":{\"@id\":\"https:\/\/wpguerssen-test.odoo.rgbconsulting.com\/es\/producto\/krs-one\/#primaryimage\"},\"thumbnailUrl\":\"https:\/\/wpguerssen-test.odoo.rgbconsulting.com\/wp-content\/uploads\/2024\/05\/47956.jpg\",\"datePublished\":\"2024-08-27T22:00:00+00:00\",\"dateModified\":\"2025-03-24T16:33:20+00:00\",\"description\":\"Last August marked the 50th anniversary of the birth of Hip-Hop and we continue to honor the artists and albums that had a significant impact on the culture. In partnership with Sony's CERTIFIED, we are following up on our RSD reissue of BDP's Edutainment and KRS-One's Return of the Boom Bap with a long overdue reissue of KRS-One's 1995 self-titled album, KRS-One.Two years after the release of Return of the Boom Bap, KRS-One got back in the studio and behind the boards and enlisted for additional production DJ Premier, Showbiz, Diamond D, Norty Cotto, and Big French Production. In August of '95 KRS-One dropped the Preemo-produced lead single \\\"MC's Act Like They Don't Know\\\" with \\\"Represent The Real Hip-Hop\\\" featuring Das EFX on the B-side of the 12-inch, boasting KRS-One's lyrical skills and backing up his status as one of the best live performers in the game. KRS-One knocked it out of the park on his second solo effort with another Premier single about the current state of Hip-Hop on \\\"Rappers R, N. Dainja\\\" and straight-up Boom Bap rap on the Fat Joe assisted track \\\"De Automatic.\\\" He offers political and social commentary on \\\"R.E.A.L.I.TY.\\\", \\\"Hold\\\", and \\\"Free Mumia\\\" with Channel Live and continues to diss sucker MCs on \\\"Wannabemceez\\\" with Mad Lion.Get On Down is proud to present this deluxe reissue packaged in a gatefold jacket with a new interview by Check The Technique author Brian Coleman, complete with a foldout lyrics sheet.\",\"breadcrumb\":{\"@id\":\"https:\/\/wpguerssen-test.odoo.rgbconsulting.com\/es\/producto\/krs-one\/#breadcrumb\"},\"inLanguage\":\"es\",\"potentialAction\":[{\"@type\":\"ReadAction\",\"target\":[\"https:\/\/wpguerssen-test.odoo.rgbconsulting.com\/es\/producto\/krs-one\/\"]}]},{\"@type\":\"ImageObject\",\"inLanguage\":\"es\",\"@id\":\"https:\/\/wpguerssen-test.odoo.rgbconsulting.com\/es\/producto\/krs-one\/#primaryimage\",\"url\":\"https:\/\/wpguerssen-test.odoo.rgbconsulting.com\/wp-content\/uploads\/2024\/05\/47956.jpg\",\"contentUrl\":\"https:\/\/wpguerssen-test.odoo.rgbconsulting.com\/wp-content\/uploads\/2024\/05\/47956.jpg\",\"width\":476,\"height\":469},{\"@type\":\"BreadcrumbList\",\"@id\":\"https:\/\/wpguerssen-test.odoo.rgbconsulting.com\/es\/producto\/krs-one\/#breadcrumb\",\"itemListElement\":[{\"@type\":\"ListItem\",\"position\":1,\"name\":\"Inicio\",\"item\":\"https:\/\/wpguerssen-test.odoo.rgbconsulting.com\/es\/\"},{\"@type\":\"ListItem\",\"position\":2,\"name\":\"Shop\",\"item\":\"https:\/\/wpguerssen-test.odoo.rgbconsulting.com\/shop\/\"},{\"@type\":\"ListItem\",\"position\":3,\"name\":\"KRS One\"}]},{\"@type\":\"WebSite\",\"@id\":\"https:\/\/wpguerssen-test.odoo.rgbconsulting.com\/es\/#website\",\"url\":\"https:\/\/wpguerssen-test.odoo.rgbconsulting.com\/es\/\",\"name\":\"Guerssen records\",\"description\":\"psychedelia - progressive - folk - garage \",\"publisher\":{\"@id\":\"https:\/\/wpguerssen-test.odoo.rgbconsulting.com\/es\/#organization\"},\"potentialAction\":[{\"@type\":\"SearchAction\",\"target\":{\"@type\":\"EntryPoint\",\"urlTemplate\":\"https:\/\/wpguerssen-test.odoo.rgbconsulting.com\/es\/?s={search_term_string}\"},\"query-input\":{\"@type\":\"PropertyValueSpecification\",\"valueRequired\":true,\"valueName\":\"search_term_string\"}}],\"inLanguage\":\"es\"},{\"@type\":\"Organization\",\"@id\":\"https:\/\/wpguerssen-test.odoo.rgbconsulting.com\/es\/#organization\",\"name\":\"Guerssen records\",\"url\":\"https:\/\/wpguerssen-test.odoo.rgbconsulting.com\/es\/\",\"logo\":{\"@type\":\"ImageObject\",\"inLanguage\":\"es\",\"@id\":\"https:\/\/wpguerssen-test.odoo.rgbconsulting.com\/es\/#\/schema\/logo\/image\/\",\"url\":\"https:\/\/wpguerssen-test.odoo.rgbconsulting.com\/wp-content\/uploads\/2022\/04\/Logo_Guerssen_trans_100.png\",\"contentUrl\":\"https:\/\/wpguerssen-test.odoo.rgbconsulting.com\/wp-content\/uploads\/2022\/04\/Logo_Guerssen_trans_100.png\",\"width\":122,\"height\":100,\"caption\":\"Guerssen records\"},\"image\":{\"@id\":\"https:\/\/wpguerssen-test.odoo.rgbconsulting.com\/es\/#\/schema\/logo\/image\/\"}}]}<\/script>\n<!-- \/ Yoast SEO plugin. -->","yoast_head_json":{"title":"KRS ONE - KRS One -  (2LP) | Guerssen","description":"Last August marked the 50th anniversary of the birth of Hip-Hop and we continue to honor the artists and albums that had a significant impact on the culture. In partnership with Sony's CERTIFIED, we are following up on our RSD reissue of BDP's Edutainment and KRS-One's Return of the Boom Bap with a long overdue reissue of KRS-One's 1995 self-titled album, KRS-One.Two years after the release of Return of the Boom Bap, KRS-One got back in the studio and behind the boards and enlisted for additional production DJ Premier, Showbiz, Diamond D, Norty Cotto, and Big French Production. In August of '95 KRS-One dropped the Preemo-produced lead single \"MC's Act Like They Don't Know\" with \"Represent The Real Hip-Hop\" featuring Das EFX on the B-side of the 12-inch, boasting KRS-One's lyrical skills and backing up his status as one of the best live performers in the game. KRS-One knocked it out of the park on his second solo effort with another Premier single about the current state of Hip-Hop on \"Rappers R, N. Dainja\" and straight-up Boom Bap rap on the Fat Joe assisted track \"De Automatic.\" He offers political and social commentary on \"R.E.A.L.I.TY.\", \"Hold\", and \"Free Mumia\" with Channel Live and continues to diss sucker MCs on \"Wannabemceez\" with Mad Lion.Get On Down is proud to present this deluxe reissue packaged in a gatefold jacket with a new interview by Check The Technique author Brian Coleman, complete with a foldout lyrics sheet.","robots":{"index":"index","follow":"follow","max-snippet":"max-snippet:-1","max-image-preview":"max-image-preview:large","max-video-preview":"max-video-preview:-1"},"canonical":"https:\/\/wpguerssen-test.odoo.rgbconsulting.com\/es\/producto\/krs-one\/","og_locale":"es_ES","og_type":"article","og_title":"KRS ONE - KRS One -  (2LP) | Guerssen","og_description":"Last August marked the 50th anniversary of the birth of Hip-Hop and we continue to honor the artists and albums that had a significant impact on the culture. In partnership with Sony's CERTIFIED, we are following up on our RSD reissue of BDP's Edutainment and KRS-One's Return of the Boom Bap with a long overdue reissue of KRS-One's 1995 self-titled album, KRS-One.Two years after the release of Return of the Boom Bap, KRS-One got back in the studio and behind the boards and enlisted for additional production DJ Premier, Showbiz, Diamond D, Norty Cotto, and Big French Production. In August of '95 KRS-One dropped the Preemo-produced lead single \"MC's Act Like They Don't Know\" with \"Represent The Real Hip-Hop\" featuring Das EFX on the B-side of the 12-inch, boasting KRS-One's lyrical skills and backing up his status as one of the best live performers in the game. KRS-One knocked it out of the park on his second solo effort with another Premier single about the current state of Hip-Hop on \"Rappers R, N. Dainja\" and straight-up Boom Bap rap on the Fat Joe assisted track \"De Automatic.\" He offers political and social commentary on \"R.E.A.L.I.TY.\", \"Hold\", and \"Free Mumia\" with Channel Live and continues to diss sucker MCs on \"Wannabemceez\" with Mad Lion.Get On Down is proud to present this deluxe reissue packaged in a gatefold jacket with a new interview by Check The Technique author Brian Coleman, complete with a foldout lyrics sheet.","og_url":"https:\/\/wpguerssen-test.odoo.rgbconsulting.com\/es\/producto\/krs-one\/","og_site_name":"Guerssen records","article_modified_time":"2025-03-24T16:33:20+00:00","og_image":[{"width":476,"height":469,"url":"https:\/\/wpguerssen-test.odoo.rgbconsulting.com\/wp-content\/uploads\/2024\/05\/47956.jpg","type":"image\/jpeg"}],"twitter_card":"summary_large_image","twitter_title":"KRS ONE - KRS One -  (2LP) | Guerssen","twitter_misc":{"Tiempo de lectura":"1 minuto"},"schema":{"@context":"https:\/\/schema.org","@graph":[{"@type":"WebPage","@id":"https:\/\/wpguerssen-test.odoo.rgbconsulting.com\/es\/producto\/krs-one\/","url":"https:\/\/wpguerssen-test.odoo.rgbconsulting.com\/es\/producto\/krs-one\/","name":"KRS ONE - KRS One - (2LP) | Guerssen","isPartOf":{"@id":"https:\/\/wpguerssen-test.odoo.rgbconsulting.com\/es\/#website"},"primaryImageOfPage":{"@id":"https:\/\/wpguerssen-test.odoo.rgbconsulting.com\/es\/producto\/krs-one\/#primaryimage"},"image":{"@id":"https:\/\/wpguerssen-test.odoo.rgbconsulting.com\/es\/producto\/krs-one\/#primaryimage"},"thumbnailUrl":"https:\/\/wpguerssen-test.odoo.rgbconsulting.com\/wp-content\/uploads\/2024\/05\/47956.jpg","datePublished":"2024-08-27T22:00:00+00:00","dateModified":"2025-03-24T16:33:20+00:00","description":"Last August marked the 50th anniversary of the birth of Hip-Hop and we continue to honor the artists and albums that had a significant impact on the culture. In partnership with Sony's CERTIFIED, we are following up on our RSD reissue of BDP's Edutainment and KRS-One's Return of the Boom Bap with a long overdue reissue of KRS-One's 1995 self-titled album, KRS-One.Two years after the release of Return of the Boom Bap, KRS-One got back in the studio and behind the boards and enlisted for additional production DJ Premier, Showbiz, Diamond D, Norty Cotto, and Big French Production. In August of '95 KRS-One dropped the Preemo-produced lead single \"MC's Act Like They Don't Know\" with \"Represent The Real Hip-Hop\" featuring Das EFX on the B-side of the 12-inch, boasting KRS-One's lyrical skills and backing up his status as one of the best live performers in the game. KRS-One knocked it out of the park on his second solo effort with another Premier single about the current state of Hip-Hop on \"Rappers R, N. Dainja\" and straight-up Boom Bap rap on the Fat Joe assisted track \"De Automatic.\" He offers political and social commentary on \"R.E.A.L.I.TY.\", \"Hold\", and \"Free Mumia\" with Channel Live and continues to diss sucker MCs on \"Wannabemceez\" with Mad Lion.Get On Down is proud to present this deluxe reissue packaged in a gatefold jacket with a new interview by Check The Technique author Brian Coleman, complete with a foldout lyrics sheet.","breadcrumb":{"@id":"https:\/\/wpguerssen-test.odoo.rgbconsulting.com\/es\/producto\/krs-one\/#breadcrumb"},"inLanguage":"es","potentialAction":[{"@type":"ReadAction","target":["https:\/\/wpguerssen-test.odoo.rgbconsulting.com\/es\/producto\/krs-one\/"]}]},{"@type":"ImageObject","inLanguage":"es","@id":"https:\/\/wpguerssen-test.odoo.rgbconsulting.com\/es\/producto\/krs-one\/#primaryimage","url":"https:\/\/wpguerssen-test.odoo.rgbconsulting.com\/wp-content\/uploads\/2024\/05\/47956.jpg","contentUrl":"https:\/\/wpguerssen-test.odoo.rgbconsulting.com\/wp-content\/uploads\/2024\/05\/47956.jpg","width":476,"height":469},{"@type":"BreadcrumbList","@id":"https:\/\/wpguerssen-test.odoo.rgbconsulting.com\/es\/producto\/krs-one\/#breadcrumb","itemListElement":[{"@type":"ListItem","position":1,"name":"Inicio","item":"https:\/\/wpguerssen-test.odoo.rgbconsulting.com\/es\/"},{"@type":"ListItem","position":2,"name":"Shop","item":"https:\/\/wpguerssen-test.odoo.rgbconsulting.com\/shop\/"},{"@type":"ListItem","position":3,"name":"KRS One"}]},{"@type":"WebSite","@id":"https:\/\/wpguerssen-test.odoo.rgbconsulting.com\/es\/#website","url":"https:\/\/wpguerssen-test.odoo.rgbconsulting.com\/es\/","name":"Guerssen records","description":"psychedelia - progressive - folk - garage ","publisher":{"@id":"https:\/\/wpguerssen-test.odoo.rgbconsulting.com\/es\/#organization"},"potentialAction":[{"@type":"SearchAction","target":{"@type":"EntryPoint","urlTemplate":"https:\/\/wpguerssen-test.odoo.rgbconsulting.com\/es\/?s={search_term_string}"},"query-input":{"@type":"PropertyValueSpecification","valueRequired":true,"valueName":"search_term_string"}}],"inLanguage":"es"},{"@type":"Organization","@id":"https:\/\/wpguerssen-test.odoo.rgbconsulting.com\/es\/#organization","name":"Guerssen records","url":"https:\/\/wpguerssen-test.odoo.rgbconsulting.com\/es\/","logo":{"@type":"ImageObject","inLanguage":"es","@id":"https:\/\/wpguerssen-test.odoo.rgbconsulting.com\/es\/#\/schema\/logo\/image\/","url":"https:\/\/wpguerssen-test.odoo.rgbconsulting.com\/wp-content\/uploads\/2022\/04\/Logo_Guerssen_trans_100.png","contentUrl":"https:\/\/wpguerssen-test.odoo.rgbconsulting.com\/wp-content\/uploads\/2022\/04\/Logo_Guerssen_trans_100.png","width":122,"height":100,"caption":"Guerssen records"},"image":{"@id":"https:\/\/wpguerssen-test.odoo.rgbconsulting.com\/es\/#\/schema\/logo\/image\/"}}]}},"_links":{"self":[{"href":"https:\/\/wpguerssen-test.odoo.rgbconsulting.com\/es\/wp-json\/wp\/v2\/product\/269119","targetHints":{"allow":["GET"]}}],"collection":[{"href":"https:\/\/wpguerssen-test.odoo.rgbconsulting.com\/es\/wp-json\/wp\/v2\/product"}],"about":[{"href":"https:\/\/wpguerssen-test.odoo.rgbconsulting.com\/es\/wp-json\/wp\/v2\/types\/product"}],"wp:featuredmedia":[{"embeddable":true,"href":"https:\/\/wpguerssen-test.odoo.rgbconsulting.com\/es\/wp-json\/wp\/v2\/media\/269094"}],"wp:attachment":[{"href":"https:\/\/wpguerssen-test.odoo.rgbconsulting.com\/es\/wp-json\/wp\/v2\/media?parent=269119"}],"wp:term":[{"taxonomy":"product_brand","embeddable":true,"href":"https:\/\/wpguerssen-test.odoo.rgbconsulting.com\/es\/wp-json\/wp\/v2\/product_brand?post=269119"},{"taxonomy":"product_cat","embeddable":true,"href":"https:\/\/wpguerssen-test.odoo.rgbconsulting.com\/es\/wp-json\/wp\/v2\/product_cat?post=269119"},{"taxonomy":"product_tag","embeddable":true,"href":"https:\/\/wpguerssen-test.odoo.rgbconsulting.com\/es\/wp-json\/wp\/v2\/product_tag?post=269119"}],"curies":[{"name":"wp","href":"https:\/\/api.w.org\/{rel}","templated":true}]}}