{"id":269120,"date":"2025-01-23T00:00:00","date_gmt":"2025-01-22T23:00:00","guid":{"rendered":"https:\/\/wpguerssen-test.odoo.rgbconsulting.com\/product\/my-own-thing\/"},"modified":"2025-04-14T16:20:12","modified_gmt":"2025-04-14T14:20:12","slug":"my-own-thing","status":"publish","type":"product","link":"https:\/\/wpguerssen-test.odoo.rgbconsulting.com\/es\/producto\/my-own-thing\/","title":{"rendered":"My Own Thing"},"content":{"rendered":"<p>Antolog\u00eda del funky, psych-rock y rock del m\u00fasico de Zamrock Mike Nyoni.Grabaciones folcl\u00f3ricas de los a\u00f1os 70.<br \/>La m\u00fasica del guitarrista y cantante y compositor zambiano Mike Nyoni es Zamrock solo porque alcanz\u00f3 la mayor\u00eda de edad durante la revoluci\u00f3n del rock en el pa\u00eds. Prefer\u00eda el wah-wah a la guitarra fuzz, James Brown a Jimi Hendrix. Sus grabaciones de los a\u00f1os 70, a menudo con carga pol\u00edtica y que van desde el abatimiento hasta la exuberancia, se encuentran entre las m\u00e1s funky del continente africano. Tambi\u00e9n fue uno de los \u00fanicos m\u00fasicos de Zamrock que vio su m\u00fasica editada contempor\u00e1neamente en Europa.<br \/>Esta antolog\u00eda recopila obras de sus tres LP de los a\u00f1os 70: el primero, con la banda Born Free, y sus dos \u00e1lbumes en solitario, Kawalala y I Can&#8217;t Understand You &#8211; y presenta a un singular m\u00fasico zambiano a la par de los c\u00e9lebres artistas Rikki Ililonga, Keith Mlevhu y Paul Ngozi.<\/p>\n","protected":false},"excerpt":{"rendered":"<p>Antolog\u00eda del funky, psych-rock y rock del m\u00fasico de Zamrock Mike Nyoni.Grabaciones folcl\u00f3ricas de los a\u00f1os 70.<br \/>La m\u00fasica del guitarrista y cantante y compositor<a class=\"read\" href=\"https:\/\/wpguerssen-test.odoo.rgbconsulting.com\/es\/producto\/my-own-thing\/\"> (...)<\/a>","protected":false},"featured_media":269097,"template":"","meta":{"_acf_changed":false},"product_brand":[],"product_cat":[21639,23258],"product_tag":[24185],"class_list":{"0":"post-269120","1":"product","2":"type-product","3":"status-publish","4":"has-post-thumbnail","6":"product_cat-psychedelic60s-70s-es","7":"product_cat-afro-funk-afrobeat-es","8":"product_tag-de-nuevo-en-existencia","9":"pa_artist-nyoni-mike-born-free","10":"pa_format-lp-es","11":"pa_gender-psychedelic60s-70s-afro-funk-afrobeat","12":"pa_label-now-again","13":"pa_location-africa-es","14":"pa_other-filters-vinyl-only-es","16":"first","17":"instock","18":"taxable","19":"shipping-taxable","20":"purchasable","21":"product-type-simple"},"acf":[],"yoast_head":"<!-- This site is optimized with the Yoast SEO plugin v24.9 - https:\/\/yoast.com\/wordpress\/plugins\/seo\/ -->\n<title>NYONI, Mike &amp; BORN FREE - My Own Thing -  (LP) | Guerssen<\/title>\n<meta name=\"description\" content=\"Anthology of Zamrock musician Mike Nyoni&#039;s funky, psych-rock andfolkloric 1970s recordings.Zambian guitarist and singer\/songwriter Mike Nyoni&#039;s music is Zamrock only because he came of age during the country\u00eds rock revolution. He preferred wah-wah to fuzz guitar, James Brown to Jimi Hendrix. His 70s recordings - often politically charged, and ranging from despondent to exuberant - are amongst the funkiest on the African continent. He was also one of the only Zamrock musicians to see his music contemporaneously issued in Europe.This anthology collates works from his three 70s LPs - his first, with the Born Free band, and his two solo albums Kawalala and I Can&#039;t Understand You - and presents a singular Zambian musician on par with celebrated artists Rikki Ililonga, Keith Mlevhu and Paul Ngozi.\" \/>\n<meta name=\"robots\" content=\"index, follow, max-snippet:-1, max-image-preview:large, max-video-preview:-1\" \/>\n<link rel=\"canonical\" href=\"https:\/\/wpguerssen-test.odoo.rgbconsulting.com\/es\/producto\/my-own-thing\/\" \/>\n<meta property=\"og:locale\" content=\"es_ES\" \/>\n<meta property=\"og:type\" content=\"article\" \/>\n<meta property=\"og:title\" content=\"NYONI, Mike &amp; BORN FREE - My Own Thing -  (LP) | Guerssen\" \/>\n<meta property=\"og:description\" content=\"Anthology of Zamrock musician Mike Nyoni&#039;s funky, psych-rock andfolkloric 1970s recordings.Zambian guitarist and singer\/songwriter Mike Nyoni&#039;s music is Zamrock only because he came of age during the country\u00eds rock revolution. He preferred wah-wah to fuzz guitar, James Brown to Jimi Hendrix. His 70s recordings - often politically charged, and ranging from despondent to exuberant - are amongst the funkiest on the African continent. He was also one of the only Zamrock musicians to see his music contemporaneously issued in Europe.This anthology collates works from his three 70s LPs - his first, with the Born Free band, and his two solo albums Kawalala and I Can&#039;t Understand You - and presents a singular Zambian musician on par with celebrated artists Rikki Ililonga, Keith Mlevhu and Paul Ngozi.\" \/>\n<meta property=\"og:url\" content=\"https:\/\/wpguerssen-test.odoo.rgbconsulting.com\/es\/producto\/my-own-thing\/\" \/>\n<meta property=\"og:site_name\" content=\"Guerssen records\" \/>\n<meta property=\"article:modified_time\" content=\"2025-04-14T14:20:12+00:00\" \/>\n<meta property=\"og:image\" content=\"https:\/\/wpguerssen-test.odoo.rgbconsulting.com\/wp-content\/uploads\/2024\/05\/47957.jpg\" \/>\n\t<meta property=\"og:image:width\" content=\"401\" \/>\n\t<meta property=\"og:image:height\" content=\"398\" \/>\n\t<meta property=\"og:image:type\" content=\"image\/jpeg\" \/>\n<meta name=\"twitter:card\" content=\"summary_large_image\" \/>\n<meta name=\"twitter:title\" content=\"NYONI, Mike &amp; BORN FREE - My Own Thing -  (LP) | Guerssen\" \/>\n<meta name=\"twitter:label1\" content=\"Tiempo de lectura\" \/>\n\t<meta name=\"twitter:data1\" content=\"1 minuto\" \/>\n<script type=\"application\/ld+json\" class=\"yoast-schema-graph\">{\"@context\":\"https:\/\/schema.org\",\"@graph\":[{\"@type\":\"WebPage\",\"@id\":\"https:\/\/wpguerssen-test.odoo.rgbconsulting.com\/es\/producto\/my-own-thing\/\",\"url\":\"https:\/\/wpguerssen-test.odoo.rgbconsulting.com\/es\/producto\/my-own-thing\/\",\"name\":\"NYONI, Mike & BORN FREE - My Own Thing - (LP) | Guerssen\",\"isPartOf\":{\"@id\":\"https:\/\/wpguerssen-test.odoo.rgbconsulting.com\/es\/#website\"},\"primaryImageOfPage\":{\"@id\":\"https:\/\/wpguerssen-test.odoo.rgbconsulting.com\/es\/producto\/my-own-thing\/#primaryimage\"},\"image\":{\"@id\":\"https:\/\/wpguerssen-test.odoo.rgbconsulting.com\/es\/producto\/my-own-thing\/#primaryimage\"},\"thumbnailUrl\":\"https:\/\/wpguerssen-test.odoo.rgbconsulting.com\/wp-content\/uploads\/2024\/05\/47957.jpg\",\"datePublished\":\"2025-01-22T23:00:00+00:00\",\"dateModified\":\"2025-04-14T14:20:12+00:00\",\"description\":\"Anthology of Zamrock musician Mike Nyoni's funky, psych-rock andfolkloric 1970s recordings.Zambian guitarist and singer\/songwriter Mike Nyoni's music is Zamrock only because he came of age during the country\u00eds rock revolution. He preferred wah-wah to fuzz guitar, James Brown to Jimi Hendrix. His 70s recordings - often politically charged, and ranging from despondent to exuberant - are amongst the funkiest on the African continent. He was also one of the only Zamrock musicians to see his music contemporaneously issued in Europe.This anthology collates works from his three 70s LPs - his first, with the Born Free band, and his two solo albums Kawalala and I Can't Understand You - and presents a singular Zambian musician on par with celebrated artists Rikki Ililonga, Keith Mlevhu and Paul Ngozi.\",\"breadcrumb\":{\"@id\":\"https:\/\/wpguerssen-test.odoo.rgbconsulting.com\/es\/producto\/my-own-thing\/#breadcrumb\"},\"inLanguage\":\"es\",\"potentialAction\":[{\"@type\":\"ReadAction\",\"target\":[\"https:\/\/wpguerssen-test.odoo.rgbconsulting.com\/es\/producto\/my-own-thing\/\"]}]},{\"@type\":\"ImageObject\",\"inLanguage\":\"es\",\"@id\":\"https:\/\/wpguerssen-test.odoo.rgbconsulting.com\/es\/producto\/my-own-thing\/#primaryimage\",\"url\":\"https:\/\/wpguerssen-test.odoo.rgbconsulting.com\/wp-content\/uploads\/2024\/05\/47957.jpg\",\"contentUrl\":\"https:\/\/wpguerssen-test.odoo.rgbconsulting.com\/wp-content\/uploads\/2024\/05\/47957.jpg\",\"width\":401,\"height\":398,\"caption\":\"Mike & BORN FREE - My Own Thing - NOW AGAIN (LP) | Guerssen\"},{\"@type\":\"BreadcrumbList\",\"@id\":\"https:\/\/wpguerssen-test.odoo.rgbconsulting.com\/es\/producto\/my-own-thing\/#breadcrumb\",\"itemListElement\":[{\"@type\":\"ListItem\",\"position\":1,\"name\":\"Inicio\",\"item\":\"https:\/\/wpguerssen-test.odoo.rgbconsulting.com\/es\/\"},{\"@type\":\"ListItem\",\"position\":2,\"name\":\"Shop\",\"item\":\"https:\/\/wpguerssen-test.odoo.rgbconsulting.com\/shop\/\"},{\"@type\":\"ListItem\",\"position\":3,\"name\":\"My Own Thing\"}]},{\"@type\":\"WebSite\",\"@id\":\"https:\/\/wpguerssen-test.odoo.rgbconsulting.com\/es\/#website\",\"url\":\"https:\/\/wpguerssen-test.odoo.rgbconsulting.com\/es\/\",\"name\":\"Guerssen records\",\"description\":\"psychedelia - progressive - folk - garage \",\"publisher\":{\"@id\":\"https:\/\/wpguerssen-test.odoo.rgbconsulting.com\/es\/#organization\"},\"potentialAction\":[{\"@type\":\"SearchAction\",\"target\":{\"@type\":\"EntryPoint\",\"urlTemplate\":\"https:\/\/wpguerssen-test.odoo.rgbconsulting.com\/es\/?s={search_term_string}\"},\"query-input\":{\"@type\":\"PropertyValueSpecification\",\"valueRequired\":true,\"valueName\":\"search_term_string\"}}],\"inLanguage\":\"es\"},{\"@type\":\"Organization\",\"@id\":\"https:\/\/wpguerssen-test.odoo.rgbconsulting.com\/es\/#organization\",\"name\":\"Guerssen records\",\"url\":\"https:\/\/wpguerssen-test.odoo.rgbconsulting.com\/es\/\",\"logo\":{\"@type\":\"ImageObject\",\"inLanguage\":\"es\",\"@id\":\"https:\/\/wpguerssen-test.odoo.rgbconsulting.com\/es\/#\/schema\/logo\/image\/\",\"url\":\"https:\/\/wpguerssen-test.odoo.rgbconsulting.com\/wp-content\/uploads\/2022\/04\/Logo_Guerssen_trans_100.png\",\"contentUrl\":\"https:\/\/wpguerssen-test.odoo.rgbconsulting.com\/wp-content\/uploads\/2022\/04\/Logo_Guerssen_trans_100.png\",\"width\":122,\"height\":100,\"caption\":\"Guerssen records\"},\"image\":{\"@id\":\"https:\/\/wpguerssen-test.odoo.rgbconsulting.com\/es\/#\/schema\/logo\/image\/\"}}]}<\/script>\n<!-- \/ Yoast SEO plugin. -->","yoast_head_json":{"title":"NYONI, Mike & BORN FREE - My Own Thing -  (LP) | Guerssen","description":"Anthology of Zamrock musician Mike Nyoni's funky, psych-rock andfolkloric 1970s recordings.Zambian guitarist and singer\/songwriter Mike Nyoni's music is Zamrock only because he came of age during the country\u00eds rock revolution. He preferred wah-wah to fuzz guitar, James Brown to Jimi Hendrix. His 70s recordings - often politically charged, and ranging from despondent to exuberant - are amongst the funkiest on the African continent. He was also one of the only Zamrock musicians to see his music contemporaneously issued in Europe.This anthology collates works from his three 70s LPs - his first, with the Born Free band, and his two solo albums Kawalala and I Can't Understand You - and presents a singular Zambian musician on par with celebrated artists Rikki Ililonga, Keith Mlevhu and Paul Ngozi.","robots":{"index":"index","follow":"follow","max-snippet":"max-snippet:-1","max-image-preview":"max-image-preview:large","max-video-preview":"max-video-preview:-1"},"canonical":"https:\/\/wpguerssen-test.odoo.rgbconsulting.com\/es\/producto\/my-own-thing\/","og_locale":"es_ES","og_type":"article","og_title":"NYONI, Mike & BORN FREE - My Own Thing -  (LP) | Guerssen","og_description":"Anthology of Zamrock musician Mike Nyoni's funky, psych-rock andfolkloric 1970s recordings.Zambian guitarist and singer\/songwriter Mike Nyoni's music is Zamrock only because he came of age during the country\u00eds rock revolution. He preferred wah-wah to fuzz guitar, James Brown to Jimi Hendrix. His 70s recordings - often politically charged, and ranging from despondent to exuberant - are amongst the funkiest on the African continent. He was also one of the only Zamrock musicians to see his music contemporaneously issued in Europe.This anthology collates works from his three 70s LPs - his first, with the Born Free band, and his two solo albums Kawalala and I Can't Understand You - and presents a singular Zambian musician on par with celebrated artists Rikki Ililonga, Keith Mlevhu and Paul Ngozi.","og_url":"https:\/\/wpguerssen-test.odoo.rgbconsulting.com\/es\/producto\/my-own-thing\/","og_site_name":"Guerssen records","article_modified_time":"2025-04-14T14:20:12+00:00","og_image":[{"width":401,"height":398,"url":"https:\/\/wpguerssen-test.odoo.rgbconsulting.com\/wp-content\/uploads\/2024\/05\/47957.jpg","type":"image\/jpeg"}],"twitter_card":"summary_large_image","twitter_title":"NYONI, Mike & BORN FREE - My Own Thing -  (LP) | Guerssen","twitter_misc":{"Tiempo de lectura":"1 minuto"},"schema":{"@context":"https:\/\/schema.org","@graph":[{"@type":"WebPage","@id":"https:\/\/wpguerssen-test.odoo.rgbconsulting.com\/es\/producto\/my-own-thing\/","url":"https:\/\/wpguerssen-test.odoo.rgbconsulting.com\/es\/producto\/my-own-thing\/","name":"NYONI, Mike & BORN FREE - My Own Thing - (LP) | Guerssen","isPartOf":{"@id":"https:\/\/wpguerssen-test.odoo.rgbconsulting.com\/es\/#website"},"primaryImageOfPage":{"@id":"https:\/\/wpguerssen-test.odoo.rgbconsulting.com\/es\/producto\/my-own-thing\/#primaryimage"},"image":{"@id":"https:\/\/wpguerssen-test.odoo.rgbconsulting.com\/es\/producto\/my-own-thing\/#primaryimage"},"thumbnailUrl":"https:\/\/wpguerssen-test.odoo.rgbconsulting.com\/wp-content\/uploads\/2024\/05\/47957.jpg","datePublished":"2025-01-22T23:00:00+00:00","dateModified":"2025-04-14T14:20:12+00:00","description":"Anthology of Zamrock musician Mike Nyoni's funky, psych-rock andfolkloric 1970s recordings.Zambian guitarist and singer\/songwriter Mike Nyoni's music is Zamrock only because he came of age during the country\u00eds rock revolution. He preferred wah-wah to fuzz guitar, James Brown to Jimi Hendrix. His 70s recordings - often politically charged, and ranging from despondent to exuberant - are amongst the funkiest on the African continent. He was also one of the only Zamrock musicians to see his music contemporaneously issued in Europe.This anthology collates works from his three 70s LPs - his first, with the Born Free band, and his two solo albums Kawalala and I Can't Understand You - and presents a singular Zambian musician on par with celebrated artists Rikki Ililonga, Keith Mlevhu and Paul Ngozi.","breadcrumb":{"@id":"https:\/\/wpguerssen-test.odoo.rgbconsulting.com\/es\/producto\/my-own-thing\/#breadcrumb"},"inLanguage":"es","potentialAction":[{"@type":"ReadAction","target":["https:\/\/wpguerssen-test.odoo.rgbconsulting.com\/es\/producto\/my-own-thing\/"]}]},{"@type":"ImageObject","inLanguage":"es","@id":"https:\/\/wpguerssen-test.odoo.rgbconsulting.com\/es\/producto\/my-own-thing\/#primaryimage","url":"https:\/\/wpguerssen-test.odoo.rgbconsulting.com\/wp-content\/uploads\/2024\/05\/47957.jpg","contentUrl":"https:\/\/wpguerssen-test.odoo.rgbconsulting.com\/wp-content\/uploads\/2024\/05\/47957.jpg","width":401,"height":398,"caption":"Mike & BORN FREE - My Own Thing - NOW AGAIN (LP) | Guerssen"},{"@type":"BreadcrumbList","@id":"https:\/\/wpguerssen-test.odoo.rgbconsulting.com\/es\/producto\/my-own-thing\/#breadcrumb","itemListElement":[{"@type":"ListItem","position":1,"name":"Inicio","item":"https:\/\/wpguerssen-test.odoo.rgbconsulting.com\/es\/"},{"@type":"ListItem","position":2,"name":"Shop","item":"https:\/\/wpguerssen-test.odoo.rgbconsulting.com\/shop\/"},{"@type":"ListItem","position":3,"name":"My Own Thing"}]},{"@type":"WebSite","@id":"https:\/\/wpguerssen-test.odoo.rgbconsulting.com\/es\/#website","url":"https:\/\/wpguerssen-test.odoo.rgbconsulting.com\/es\/","name":"Guerssen records","description":"psychedelia - progressive - folk - garage ","publisher":{"@id":"https:\/\/wpguerssen-test.odoo.rgbconsulting.com\/es\/#organization"},"potentialAction":[{"@type":"SearchAction","target":{"@type":"EntryPoint","urlTemplate":"https:\/\/wpguerssen-test.odoo.rgbconsulting.com\/es\/?s={search_term_string}"},"query-input":{"@type":"PropertyValueSpecification","valueRequired":true,"valueName":"search_term_string"}}],"inLanguage":"es"},{"@type":"Organization","@id":"https:\/\/wpguerssen-test.odoo.rgbconsulting.com\/es\/#organization","name":"Guerssen records","url":"https:\/\/wpguerssen-test.odoo.rgbconsulting.com\/es\/","logo":{"@type":"ImageObject","inLanguage":"es","@id":"https:\/\/wpguerssen-test.odoo.rgbconsulting.com\/es\/#\/schema\/logo\/image\/","url":"https:\/\/wpguerssen-test.odoo.rgbconsulting.com\/wp-content\/uploads\/2022\/04\/Logo_Guerssen_trans_100.png","contentUrl":"https:\/\/wpguerssen-test.odoo.rgbconsulting.com\/wp-content\/uploads\/2022\/04\/Logo_Guerssen_trans_100.png","width":122,"height":100,"caption":"Guerssen records"},"image":{"@id":"https:\/\/wpguerssen-test.odoo.rgbconsulting.com\/es\/#\/schema\/logo\/image\/"}}]}},"_links":{"self":[{"href":"https:\/\/wpguerssen-test.odoo.rgbconsulting.com\/es\/wp-json\/wp\/v2\/product\/269120","targetHints":{"allow":["GET"]}}],"collection":[{"href":"https:\/\/wpguerssen-test.odoo.rgbconsulting.com\/es\/wp-json\/wp\/v2\/product"}],"about":[{"href":"https:\/\/wpguerssen-test.odoo.rgbconsulting.com\/es\/wp-json\/wp\/v2\/types\/product"}],"wp:featuredmedia":[{"embeddable":true,"href":"https:\/\/wpguerssen-test.odoo.rgbconsulting.com\/es\/wp-json\/wp\/v2\/media\/269097"}],"wp:attachment":[{"href":"https:\/\/wpguerssen-test.odoo.rgbconsulting.com\/es\/wp-json\/wp\/v2\/media?parent=269120"}],"wp:term":[{"taxonomy":"product_brand","embeddable":true,"href":"https:\/\/wpguerssen-test.odoo.rgbconsulting.com\/es\/wp-json\/wp\/v2\/product_brand?post=269120"},{"taxonomy":"product_cat","embeddable":true,"href":"https:\/\/wpguerssen-test.odoo.rgbconsulting.com\/es\/wp-json\/wp\/v2\/product_cat?post=269120"},{"taxonomy":"product_tag","embeddable":true,"href":"https:\/\/wpguerssen-test.odoo.rgbconsulting.com\/es\/wp-json\/wp\/v2\/product_tag?post=269120"}],"curies":[{"name":"wp","href":"https:\/\/api.w.org\/{rel}","templated":true}]}}