{"id":269121,"date":"2024-08-28T00:00:00","date_gmt":"2024-08-27T22:00:00","guid":{"rendered":"https:\/\/wpguerssen-test.odoo.rgbconsulting.com\/product\/criminal-minded\/"},"modified":"2024-12-16T18:01:04","modified_gmt":"2024-12-16T17:01:04","slug":"criminal-minded","status":"publish","type":"product","link":"https:\/\/wpguerssen-test.odoo.rgbconsulting.com\/es\/producto\/criminal-minded\/","title":{"rendered":"Criminal Minded"},"content":{"rendered":"<p>Al enumerar los mejores \u00e1lbumes de la historia del hip-hop, un t\u00edtulo nunca parece alejarse de los niveles superiores, sin importar cu\u00e1ntos a\u00f1os pasen: el cl\u00e1sico indiscutible de Boogie Down Productions de 1986, Criminal Minded.<br \/>Lanzado en medio de una batalla entre BDP y MC Shan que redefinir\u00eda el panorama del rap de Nueva York como se conoc\u00eda entonces, el \u00e1lbum, que incluye las canciones \u00abSouth Bronx\u00bb, \u00abCriminal Minded\u00bb y \u00abThe Bridge is Over\u00bb, captura la emoci\u00f3n, la urgencia y el poder puro que encarna la cultura hip-hop tal como la conocemos, con el lirismo agresivo pero inteligente de KRS-One respaldado por los ritmos contundentes y sencillos de Scott La Rock.<br \/>Un verdadero cl\u00e1sico, Criminal Minded ha sido reconocido por la revista Vibe, The Source y Rolling Stone como uno de los \u00e1lbumes m\u00e1s importantes de todos los tiempos.<\/p>\n","protected":false},"excerpt":{"rendered":"<p>Al enumerar los mejores \u00e1lbumes de la historia del hip-hop, un t\u00edtulo nunca parece alejarse de los niveles superiores, sin importar cu\u00e1ntos a\u00f1os pasen: el cl\u00e1sico<a class=\"read\" href=\"https:\/\/wpguerssen-test.odoo.rgbconsulting.com\/es\/producto\/criminal-minded\/\"> (...)<\/a>","protected":false},"featured_media":269100,"template":"","meta":{"_acf_changed":false},"product_brand":[],"product_cat":[21706],"product_tag":[],"class_list":{"0":"post-269121","1":"product","2":"type-product","3":"status-publish","4":"has-post-thumbnail","6":"product_cat-rap-hip-hop-es","7":"pa_artist-boogie-down-productions","8":"pa_format-2lp-es","9":"pa_gender-rap-hip-hop","10":"pa_label-phase-one","11":"pa_location-north-america-es","12":"pa_other-filters-vinyl-only-es","14":"first","15":"instock","16":"taxable","17":"shipping-taxable","18":"purchasable","19":"product-type-simple"},"acf":[],"yoast_head":"<!-- This site is optimized with the Yoast SEO plugin v24.9 - https:\/\/yoast.com\/wordpress\/plugins\/seo\/ -->\n<title>BOOGIE DOWN PRODUCTIONS - Criminal Minded -  (2LP) | Guerssen<\/title>\n<meta name=\"description\" content=\"In listing the greatest albums in hip-hop history, one title never seems to stray from the upper echelons, no matter how many years pass: Boogie Down Productions&#039; undisputed classic from 1986, Criminal Minded.Released amidst a battle between BDP and MC Shan that would redefine the New York rap landscape as it was then known, the album, which features the songs &quot;South Bronx,&quot; &quot;Criminal Minded&quot; and &quot;The Bridge is Over,&quot; captures the excitement, urgency and raw power that embodies hip-hop culture as we know it, with KRS-One&#039;s aggressive yet intelligent lyricism backed by Scott La Rock&#039;s hard-hitting, stripped-down beats.A true classic, Criminal Minded has been recognized by Vibe Magazine, The Source and Rolling Stone as one of the most important albums of all time.\" \/>\n<meta name=\"robots\" content=\"index, follow, max-snippet:-1, max-image-preview:large, max-video-preview:-1\" \/>\n<link rel=\"canonical\" href=\"https:\/\/wpguerssen-test.odoo.rgbconsulting.com\/es\/producto\/criminal-minded\/\" \/>\n<meta property=\"og:locale\" content=\"es_ES\" \/>\n<meta property=\"og:type\" content=\"article\" \/>\n<meta property=\"og:title\" content=\"BOOGIE DOWN PRODUCTIONS - Criminal Minded -  (2LP) | Guerssen\" \/>\n<meta property=\"og:description\" content=\"In listing the greatest albums in hip-hop history, one title never seems to stray from the upper echelons, no matter how many years pass: Boogie Down Productions&#039; undisputed classic from 1986, Criminal Minded.Released amidst a battle between BDP and MC Shan that would redefine the New York rap landscape as it was then known, the album, which features the songs &quot;South Bronx,&quot; &quot;Criminal Minded&quot; and &quot;The Bridge is Over,&quot; captures the excitement, urgency and raw power that embodies hip-hop culture as we know it, with KRS-One&#039;s aggressive yet intelligent lyricism backed by Scott La Rock&#039;s hard-hitting, stripped-down beats.A true classic, Criminal Minded has been recognized by Vibe Magazine, The Source and Rolling Stone as one of the most important albums of all time.\" \/>\n<meta property=\"og:url\" content=\"https:\/\/wpguerssen-test.odoo.rgbconsulting.com\/es\/producto\/criminal-minded\/\" \/>\n<meta property=\"og:site_name\" content=\"Guerssen records\" \/>\n<meta property=\"article:modified_time\" content=\"2024-12-16T17:01:04+00:00\" \/>\n<meta property=\"og:image\" content=\"https:\/\/wpguerssen-test.odoo.rgbconsulting.com\/wp-content\/uploads\/2024\/05\/47958.jpg\" \/>\n\t<meta property=\"og:image:width\" content=\"332\" \/>\n\t<meta property=\"og:image:height\" content=\"334\" \/>\n\t<meta property=\"og:image:type\" content=\"image\/jpeg\" \/>\n<meta name=\"twitter:card\" content=\"summary_large_image\" \/>\n<meta name=\"twitter:title\" content=\"BOOGIE DOWN PRODUCTIONS - Criminal Minded -  (2LP) | Guerssen\" \/>\n<meta name=\"twitter:label1\" content=\"Tiempo de lectura\" \/>\n\t<meta name=\"twitter:data1\" content=\"1 minuto\" \/>\n<script type=\"application\/ld+json\" class=\"yoast-schema-graph\">{\"@context\":\"https:\/\/schema.org\",\"@graph\":[{\"@type\":\"WebPage\",\"@id\":\"https:\/\/wpguerssen-test.odoo.rgbconsulting.com\/es\/producto\/criminal-minded\/\",\"url\":\"https:\/\/wpguerssen-test.odoo.rgbconsulting.com\/es\/producto\/criminal-minded\/\",\"name\":\"BOOGIE DOWN PRODUCTIONS - Criminal Minded - (2LP) | Guerssen\",\"isPartOf\":{\"@id\":\"https:\/\/wpguerssen-test.odoo.rgbconsulting.com\/es\/#website\"},\"primaryImageOfPage\":{\"@id\":\"https:\/\/wpguerssen-test.odoo.rgbconsulting.com\/es\/producto\/criminal-minded\/#primaryimage\"},\"image\":{\"@id\":\"https:\/\/wpguerssen-test.odoo.rgbconsulting.com\/es\/producto\/criminal-minded\/#primaryimage\"},\"thumbnailUrl\":\"https:\/\/wpguerssen-test.odoo.rgbconsulting.com\/wp-content\/uploads\/2024\/05\/47958.jpg\",\"datePublished\":\"2024-08-27T22:00:00+00:00\",\"dateModified\":\"2024-12-16T17:01:04+00:00\",\"description\":\"In listing the greatest albums in hip-hop history, one title never seems to stray from the upper echelons, no matter how many years pass: Boogie Down Productions' undisputed classic from 1986, Criminal Minded.Released amidst a battle between BDP and MC Shan that would redefine the New York rap landscape as it was then known, the album, which features the songs \\\"South Bronx,\\\" \\\"Criminal Minded\\\" and \\\"The Bridge is Over,\\\" captures the excitement, urgency and raw power that embodies hip-hop culture as we know it, with KRS-One's aggressive yet intelligent lyricism backed by Scott La Rock's hard-hitting, stripped-down beats.A true classic, Criminal Minded has been recognized by Vibe Magazine, The Source and Rolling Stone as one of the most important albums of all time.\",\"breadcrumb\":{\"@id\":\"https:\/\/wpguerssen-test.odoo.rgbconsulting.com\/es\/producto\/criminal-minded\/#breadcrumb\"},\"inLanguage\":\"es\",\"potentialAction\":[{\"@type\":\"ReadAction\",\"target\":[\"https:\/\/wpguerssen-test.odoo.rgbconsulting.com\/es\/producto\/criminal-minded\/\"]}]},{\"@type\":\"ImageObject\",\"inLanguage\":\"es\",\"@id\":\"https:\/\/wpguerssen-test.odoo.rgbconsulting.com\/es\/producto\/criminal-minded\/#primaryimage\",\"url\":\"https:\/\/wpguerssen-test.odoo.rgbconsulting.com\/wp-content\/uploads\/2024\/05\/47958.jpg\",\"contentUrl\":\"https:\/\/wpguerssen-test.odoo.rgbconsulting.com\/wp-content\/uploads\/2024\/05\/47958.jpg\",\"width\":332,\"height\":334},{\"@type\":\"BreadcrumbList\",\"@id\":\"https:\/\/wpguerssen-test.odoo.rgbconsulting.com\/es\/producto\/criminal-minded\/#breadcrumb\",\"itemListElement\":[{\"@type\":\"ListItem\",\"position\":1,\"name\":\"Inicio\",\"item\":\"https:\/\/wpguerssen-test.odoo.rgbconsulting.com\/es\/\"},{\"@type\":\"ListItem\",\"position\":2,\"name\":\"Shop\",\"item\":\"https:\/\/wpguerssen-test.odoo.rgbconsulting.com\/shop\/\"},{\"@type\":\"ListItem\",\"position\":3,\"name\":\"Criminal Minded\"}]},{\"@type\":\"WebSite\",\"@id\":\"https:\/\/wpguerssen-test.odoo.rgbconsulting.com\/es\/#website\",\"url\":\"https:\/\/wpguerssen-test.odoo.rgbconsulting.com\/es\/\",\"name\":\"Guerssen records\",\"description\":\"psychedelia - progressive - folk - garage \",\"publisher\":{\"@id\":\"https:\/\/wpguerssen-test.odoo.rgbconsulting.com\/es\/#organization\"},\"potentialAction\":[{\"@type\":\"SearchAction\",\"target\":{\"@type\":\"EntryPoint\",\"urlTemplate\":\"https:\/\/wpguerssen-test.odoo.rgbconsulting.com\/es\/?s={search_term_string}\"},\"query-input\":{\"@type\":\"PropertyValueSpecification\",\"valueRequired\":true,\"valueName\":\"search_term_string\"}}],\"inLanguage\":\"es\"},{\"@type\":\"Organization\",\"@id\":\"https:\/\/wpguerssen-test.odoo.rgbconsulting.com\/es\/#organization\",\"name\":\"Guerssen records\",\"url\":\"https:\/\/wpguerssen-test.odoo.rgbconsulting.com\/es\/\",\"logo\":{\"@type\":\"ImageObject\",\"inLanguage\":\"es\",\"@id\":\"https:\/\/wpguerssen-test.odoo.rgbconsulting.com\/es\/#\/schema\/logo\/image\/\",\"url\":\"https:\/\/wpguerssen-test.odoo.rgbconsulting.com\/wp-content\/uploads\/2022\/04\/Logo_Guerssen_trans_100.png\",\"contentUrl\":\"https:\/\/wpguerssen-test.odoo.rgbconsulting.com\/wp-content\/uploads\/2022\/04\/Logo_Guerssen_trans_100.png\",\"width\":122,\"height\":100,\"caption\":\"Guerssen records\"},\"image\":{\"@id\":\"https:\/\/wpguerssen-test.odoo.rgbconsulting.com\/es\/#\/schema\/logo\/image\/\"}}]}<\/script>\n<!-- \/ Yoast SEO plugin. -->","yoast_head_json":{"title":"BOOGIE DOWN PRODUCTIONS - Criminal Minded -  (2LP) | Guerssen","description":"In listing the greatest albums in hip-hop history, one title never seems to stray from the upper echelons, no matter how many years pass: Boogie Down Productions' undisputed classic from 1986, Criminal Minded.Released amidst a battle between BDP and MC Shan that would redefine the New York rap landscape as it was then known, the album, which features the songs \"South Bronx,\" \"Criminal Minded\" and \"The Bridge is Over,\" captures the excitement, urgency and raw power that embodies hip-hop culture as we know it, with KRS-One's aggressive yet intelligent lyricism backed by Scott La Rock's hard-hitting, stripped-down beats.A true classic, Criminal Minded has been recognized by Vibe Magazine, The Source and Rolling Stone as one of the most important albums of all time.","robots":{"index":"index","follow":"follow","max-snippet":"max-snippet:-1","max-image-preview":"max-image-preview:large","max-video-preview":"max-video-preview:-1"},"canonical":"https:\/\/wpguerssen-test.odoo.rgbconsulting.com\/es\/producto\/criminal-minded\/","og_locale":"es_ES","og_type":"article","og_title":"BOOGIE DOWN PRODUCTIONS - Criminal Minded -  (2LP) | Guerssen","og_description":"In listing the greatest albums in hip-hop history, one title never seems to stray from the upper echelons, no matter how many years pass: Boogie Down Productions' undisputed classic from 1986, Criminal Minded.Released amidst a battle between BDP and MC Shan that would redefine the New York rap landscape as it was then known, the album, which features the songs \"South Bronx,\" \"Criminal Minded\" and \"The Bridge is Over,\" captures the excitement, urgency and raw power that embodies hip-hop culture as we know it, with KRS-One's aggressive yet intelligent lyricism backed by Scott La Rock's hard-hitting, stripped-down beats.A true classic, Criminal Minded has been recognized by Vibe Magazine, The Source and Rolling Stone as one of the most important albums of all time.","og_url":"https:\/\/wpguerssen-test.odoo.rgbconsulting.com\/es\/producto\/criminal-minded\/","og_site_name":"Guerssen records","article_modified_time":"2024-12-16T17:01:04+00:00","og_image":[{"width":332,"height":334,"url":"https:\/\/wpguerssen-test.odoo.rgbconsulting.com\/wp-content\/uploads\/2024\/05\/47958.jpg","type":"image\/jpeg"}],"twitter_card":"summary_large_image","twitter_title":"BOOGIE DOWN PRODUCTIONS - Criminal Minded -  (2LP) | Guerssen","twitter_misc":{"Tiempo de lectura":"1 minuto"},"schema":{"@context":"https:\/\/schema.org","@graph":[{"@type":"WebPage","@id":"https:\/\/wpguerssen-test.odoo.rgbconsulting.com\/es\/producto\/criminal-minded\/","url":"https:\/\/wpguerssen-test.odoo.rgbconsulting.com\/es\/producto\/criminal-minded\/","name":"BOOGIE DOWN PRODUCTIONS - Criminal Minded - (2LP) | Guerssen","isPartOf":{"@id":"https:\/\/wpguerssen-test.odoo.rgbconsulting.com\/es\/#website"},"primaryImageOfPage":{"@id":"https:\/\/wpguerssen-test.odoo.rgbconsulting.com\/es\/producto\/criminal-minded\/#primaryimage"},"image":{"@id":"https:\/\/wpguerssen-test.odoo.rgbconsulting.com\/es\/producto\/criminal-minded\/#primaryimage"},"thumbnailUrl":"https:\/\/wpguerssen-test.odoo.rgbconsulting.com\/wp-content\/uploads\/2024\/05\/47958.jpg","datePublished":"2024-08-27T22:00:00+00:00","dateModified":"2024-12-16T17:01:04+00:00","description":"In listing the greatest albums in hip-hop history, one title never seems to stray from the upper echelons, no matter how many years pass: Boogie Down Productions' undisputed classic from 1986, Criminal Minded.Released amidst a battle between BDP and MC Shan that would redefine the New York rap landscape as it was then known, the album, which features the songs \"South Bronx,\" \"Criminal Minded\" and \"The Bridge is Over,\" captures the excitement, urgency and raw power that embodies hip-hop culture as we know it, with KRS-One's aggressive yet intelligent lyricism backed by Scott La Rock's hard-hitting, stripped-down beats.A true classic, Criminal Minded has been recognized by Vibe Magazine, The Source and Rolling Stone as one of the most important albums of all time.","breadcrumb":{"@id":"https:\/\/wpguerssen-test.odoo.rgbconsulting.com\/es\/producto\/criminal-minded\/#breadcrumb"},"inLanguage":"es","potentialAction":[{"@type":"ReadAction","target":["https:\/\/wpguerssen-test.odoo.rgbconsulting.com\/es\/producto\/criminal-minded\/"]}]},{"@type":"ImageObject","inLanguage":"es","@id":"https:\/\/wpguerssen-test.odoo.rgbconsulting.com\/es\/producto\/criminal-minded\/#primaryimage","url":"https:\/\/wpguerssen-test.odoo.rgbconsulting.com\/wp-content\/uploads\/2024\/05\/47958.jpg","contentUrl":"https:\/\/wpguerssen-test.odoo.rgbconsulting.com\/wp-content\/uploads\/2024\/05\/47958.jpg","width":332,"height":334},{"@type":"BreadcrumbList","@id":"https:\/\/wpguerssen-test.odoo.rgbconsulting.com\/es\/producto\/criminal-minded\/#breadcrumb","itemListElement":[{"@type":"ListItem","position":1,"name":"Inicio","item":"https:\/\/wpguerssen-test.odoo.rgbconsulting.com\/es\/"},{"@type":"ListItem","position":2,"name":"Shop","item":"https:\/\/wpguerssen-test.odoo.rgbconsulting.com\/shop\/"},{"@type":"ListItem","position":3,"name":"Criminal Minded"}]},{"@type":"WebSite","@id":"https:\/\/wpguerssen-test.odoo.rgbconsulting.com\/es\/#website","url":"https:\/\/wpguerssen-test.odoo.rgbconsulting.com\/es\/","name":"Guerssen records","description":"psychedelia - progressive - folk - garage ","publisher":{"@id":"https:\/\/wpguerssen-test.odoo.rgbconsulting.com\/es\/#organization"},"potentialAction":[{"@type":"SearchAction","target":{"@type":"EntryPoint","urlTemplate":"https:\/\/wpguerssen-test.odoo.rgbconsulting.com\/es\/?s={search_term_string}"},"query-input":{"@type":"PropertyValueSpecification","valueRequired":true,"valueName":"search_term_string"}}],"inLanguage":"es"},{"@type":"Organization","@id":"https:\/\/wpguerssen-test.odoo.rgbconsulting.com\/es\/#organization","name":"Guerssen records","url":"https:\/\/wpguerssen-test.odoo.rgbconsulting.com\/es\/","logo":{"@type":"ImageObject","inLanguage":"es","@id":"https:\/\/wpguerssen-test.odoo.rgbconsulting.com\/es\/#\/schema\/logo\/image\/","url":"https:\/\/wpguerssen-test.odoo.rgbconsulting.com\/wp-content\/uploads\/2022\/04\/Logo_Guerssen_trans_100.png","contentUrl":"https:\/\/wpguerssen-test.odoo.rgbconsulting.com\/wp-content\/uploads\/2022\/04\/Logo_Guerssen_trans_100.png","width":122,"height":100,"caption":"Guerssen records"},"image":{"@id":"https:\/\/wpguerssen-test.odoo.rgbconsulting.com\/es\/#\/schema\/logo\/image\/"}}]}},"_links":{"self":[{"href":"https:\/\/wpguerssen-test.odoo.rgbconsulting.com\/es\/wp-json\/wp\/v2\/product\/269121","targetHints":{"allow":["GET"]}}],"collection":[{"href":"https:\/\/wpguerssen-test.odoo.rgbconsulting.com\/es\/wp-json\/wp\/v2\/product"}],"about":[{"href":"https:\/\/wpguerssen-test.odoo.rgbconsulting.com\/es\/wp-json\/wp\/v2\/types\/product"}],"wp:featuredmedia":[{"embeddable":true,"href":"https:\/\/wpguerssen-test.odoo.rgbconsulting.com\/es\/wp-json\/wp\/v2\/media\/269100"}],"wp:attachment":[{"href":"https:\/\/wpguerssen-test.odoo.rgbconsulting.com\/es\/wp-json\/wp\/v2\/media?parent=269121"}],"wp:term":[{"taxonomy":"product_brand","embeddable":true,"href":"https:\/\/wpguerssen-test.odoo.rgbconsulting.com\/es\/wp-json\/wp\/v2\/product_brand?post=269121"},{"taxonomy":"product_cat","embeddable":true,"href":"https:\/\/wpguerssen-test.odoo.rgbconsulting.com\/es\/wp-json\/wp\/v2\/product_cat?post=269121"},{"taxonomy":"product_tag","embeddable":true,"href":"https:\/\/wpguerssen-test.odoo.rgbconsulting.com\/es\/wp-json\/wp\/v2\/product_tag?post=269121"}],"curies":[{"name":"wp","href":"https:\/\/api.w.org\/{rel}","templated":true}]}}