{"id":269125,"date":"2025-04-22T00:00:00","date_gmt":"2025-04-21T22:00:00","guid":{"rendered":"https:\/\/wpguerssen-test.odoo.rgbconsulting.com\/product\/ruff-draft-dillas-mix\/"},"modified":"2025-04-22T16:58:49","modified_gmt":"2025-04-22T14:58:49","slug":"ruff-draft-dillas-mix","status":"publish","type":"product","link":"https:\/\/wpguerssen-test.odoo.rgbconsulting.com\/es\/producto\/ruff-draft-dillas-mix\/","title":{"rendered":"Ruff Draft: Dilla&#8217;s Mix"},"content":{"rendered":"<p>Cuando Ruff Draft vio su lanzamiento inicial en 2003, J Dilla pose\u00eda habilidades de producci\u00f3n a la par de cualquier persona en el hip-hop, t\u00e9cnica y creativamente. Despu\u00e9s de a\u00f1os de construir mientras ced\u00eda modestamente a otros mayor y menor notoriedad, Dilla finalmente complet\u00f3 el primer trabajo en solitario en su propio sello, completamente en sus propios t\u00e9rminos. La importancia de un \u00e9xito tan aut\u00f3nomo a menudo se pasa por alto, y explica en parte por qu\u00e9 Ruff Draft es una de las entradas menos referenciadas en la obra de Dilla. \u00abEs un peque\u00f1o proyecto misterioso\u00bb, dice su madre, Maureen Yancey. \u00abPero de toda su carrera, ese fue el momento m\u00e1s feliz\u00bb. Antes de grabar el EP, Dilla se encontr\u00f3 en una encrucijada. Alejado de su sello, MCA, y separado de la madre de su hija menor, la frustraci\u00f3n abundaba tanto a nivel personal como profesional. Dilla pas\u00f3 parte de 2002 y 2003 trabajando en un \u00e1lbum para MCA que inclu\u00eda su rap sobre contribuciones de otros productores con los que se hab\u00eda conectado y cuya m\u00fasica respetaba. En ese momento, era conocido principalmente por sus ritmos, pero vilipendiado por su actuaci\u00f3n como MC por la mayor\u00eda de las personas que no eran de su ciudad natal de Detroit. El proyecto iba a ser un fen\u00f3meno intencional de la industria. El proyecto impulsar\u00eda su \u00e1lbum colaborativo con Madlib, Jaylib, y primero mostrar\u00eda el modelo que llevar\u00eda a sus mayores alturas con Donuts de 2006. La reedici\u00f3n de Stones Throw de Ruff Draft de 2008 incluy\u00f3 remezclas de las canciones del \u00e1lbum, realizadas sin la participaci\u00f3n de Dilla. Esta versi\u00f3n del \u00e1lbum toma las mezclas del \u00e1lbum de Dilla y restaura su visi\u00f3n del proyecto. \u00abDirectamente del maldito casete\u00bb, como expres\u00f3 el sonido que buscaba en la introducci\u00f3n del EP.<\/p>\n","protected":false},"excerpt":{"rendered":"<p>Cuando Ruff Draft vio su lanzamiento inicial en 2003, J Dilla pose\u00eda habilidades de producci\u00f3n a la par de cualquier persona en el hip-hop, t\u00e9cnica y creativamente.<a class=\"read\" href=\"https:\/\/wpguerssen-test.odoo.rgbconsulting.com\/es\/producto\/ruff-draft-dillas-mix\/\"> (...)<\/a>","protected":false},"featured_media":269112,"template":"","meta":{"_acf_changed":false},"product_brand":[],"product_cat":[21706],"product_tag":[24185],"class_list":{"0":"post-269125","1":"product","2":"type-product","3":"status-publish","4":"has-post-thumbnail","6":"product_cat-rap-hip-hop-es","7":"product_tag-de-nuevo-en-existencia","8":"pa_artist-j-dilla","9":"pa_format-lp-es","10":"pa_gender-rap-hip-hop","11":"pa_label-pay-jay","12":"pa_location-north-america-es","13":"pa_other-filters-vinyl-only-es","15":"first","16":"instock","17":"taxable","18":"shipping-taxable","19":"purchasable","20":"product-type-simple"},"acf":[],"yoast_head":"<!-- This site is optimized with the Yoast SEO plugin v24.9 - https:\/\/yoast.com\/wordpress\/plugins\/seo\/ -->\n<title>J DILLA - Ruff Draft: Dilla&#039;s Mix -  (LP) | Guerssen<\/title>\n<meta name=\"description\" content=\"When Ruff Draft saw its initial release in 2003, J Dilla possessed production skills on par with anyone in hip-hop - technically and creatively. &quot;At the top of his game,&quot; says longtime friend and collaborator, Karriem Riggins. After years of building while modestly deferring to others of both greater and lesser notoriety, Dilla finally completed the first solo endeavor on his own label, entirely on his own terms. The significance of such an autonomous success often gets overlooked, and partly accounts for why Ruff Draft is one of the lesser-referenced entries in Dilla&#039;s oeuvre. &quot;It&#039;s a mysterious little project,&quot; says his mother, Maureen Yancey. &quot;But out of his entire career, that was the happiest time.&quot; Prior to recording the EP, Dilla found himself at a crossroads. Estranged from his label, MCA, and separated from the mother of his youngest daughter, frustration abounded both personally and professionally. Dilla spent parts of 2002 and 2003 working on an album for MCA that featured his rapping over contributions from other producers with whom he had connected and whose music he respected. At the time, he was known primarily for his beats, yet reviled for his MCing by most anyone not from his hometown of Detroit. The project was to be an intentional freak of the industry. The project would go on to spur his collaborative album with Madlib, Jaylib, and would first showcase the template that he would take to his greatest heights with 2006&#039;s Donuts. The Stones Throw reissue of Ruff Draft from 2008 featured remixes of the songs from the album, done without Dilla\u00eds involvement. This version of the album takes Dilla\u00eds mixes of the album and restores his vision for the project. &quot;Straight from the mothafuckin&#039; cassette,&quot; as he phrased the sound he was going for on the EP&#039;s intro.\" \/>\n<meta name=\"robots\" content=\"index, follow, max-snippet:-1, max-image-preview:large, max-video-preview:-1\" \/>\n<link rel=\"canonical\" href=\"https:\/\/wpguerssen-test.odoo.rgbconsulting.com\/es\/producto\/ruff-draft-dillas-mix\/\" \/>\n<meta property=\"og:locale\" content=\"es_ES\" \/>\n<meta property=\"og:type\" content=\"article\" \/>\n<meta property=\"og:title\" content=\"J DILLA - Ruff Draft: Dilla&#039;s Mix -  (LP) | Guerssen\" \/>\n<meta property=\"og:description\" content=\"When Ruff Draft saw its initial release in 2003, J Dilla possessed production skills on par with anyone in hip-hop - technically and creatively. &quot;At the top of his game,&quot; says longtime friend and collaborator, Karriem Riggins. After years of building while modestly deferring to others of both greater and lesser notoriety, Dilla finally completed the first solo endeavor on his own label, entirely on his own terms. The significance of such an autonomous success often gets overlooked, and partly accounts for why Ruff Draft is one of the lesser-referenced entries in Dilla&#039;s oeuvre. &quot;It&#039;s a mysterious little project,&quot; says his mother, Maureen Yancey. &quot;But out of his entire career, that was the happiest time.&quot; Prior to recording the EP, Dilla found himself at a crossroads. Estranged from his label, MCA, and separated from the mother of his youngest daughter, frustration abounded both personally and professionally. Dilla spent parts of 2002 and 2003 working on an album for MCA that featured his rapping over contributions from other producers with whom he had connected and whose music he respected. At the time, he was known primarily for his beats, yet reviled for his MCing by most anyone not from his hometown of Detroit. The project was to be an intentional freak of the industry. The project would go on to spur his collaborative album with Madlib, Jaylib, and would first showcase the template that he would take to his greatest heights with 2006&#039;s Donuts. The Stones Throw reissue of Ruff Draft from 2008 featured remixes of the songs from the album, done without Dilla\u00eds involvement. This version of the album takes Dilla\u00eds mixes of the album and restores his vision for the project. &quot;Straight from the mothafuckin&#039; cassette,&quot; as he phrased the sound he was going for on the EP&#039;s intro.\" \/>\n<meta property=\"og:url\" content=\"https:\/\/wpguerssen-test.odoo.rgbconsulting.com\/es\/producto\/ruff-draft-dillas-mix\/\" \/>\n<meta property=\"og:site_name\" content=\"Guerssen records\" \/>\n<meta property=\"article:modified_time\" content=\"2025-04-22T14:58:49+00:00\" \/>\n<meta property=\"og:image\" content=\"https:\/\/wpguerssen-test.odoo.rgbconsulting.com\/wp-content\/uploads\/2024\/05\/47962.jpg\" \/>\n\t<meta property=\"og:image:width\" content=\"385\" \/>\n\t<meta property=\"og:image:height\" content=\"388\" \/>\n\t<meta property=\"og:image:type\" content=\"image\/jpeg\" \/>\n<meta name=\"twitter:card\" content=\"summary_large_image\" \/>\n<meta name=\"twitter:title\" content=\"J DILLA - Ruff Draft: Dilla&#039;s Mix -  (LP) | Guerssen\" \/>\n<meta name=\"twitter:label1\" content=\"Tiempo de lectura\" \/>\n\t<meta name=\"twitter:data1\" content=\"2 minutos\" \/>\n<script type=\"application\/ld+json\" class=\"yoast-schema-graph\">{\"@context\":\"https:\/\/schema.org\",\"@graph\":[{\"@type\":\"WebPage\",\"@id\":\"https:\/\/wpguerssen-test.odoo.rgbconsulting.com\/es\/producto\/ruff-draft-dillas-mix\/\",\"url\":\"https:\/\/wpguerssen-test.odoo.rgbconsulting.com\/es\/producto\/ruff-draft-dillas-mix\/\",\"name\":\"J DILLA - Ruff Draft: Dilla's Mix - (LP) | Guerssen\",\"isPartOf\":{\"@id\":\"https:\/\/wpguerssen-test.odoo.rgbconsulting.com\/es\/#website\"},\"primaryImageOfPage\":{\"@id\":\"https:\/\/wpguerssen-test.odoo.rgbconsulting.com\/es\/producto\/ruff-draft-dillas-mix\/#primaryimage\"},\"image\":{\"@id\":\"https:\/\/wpguerssen-test.odoo.rgbconsulting.com\/es\/producto\/ruff-draft-dillas-mix\/#primaryimage\"},\"thumbnailUrl\":\"https:\/\/wpguerssen-test.odoo.rgbconsulting.com\/wp-content\/uploads\/2024\/05\/47962.jpg\",\"datePublished\":\"2025-04-21T22:00:00+00:00\",\"dateModified\":\"2025-04-22T14:58:49+00:00\",\"description\":\"When Ruff Draft saw its initial release in 2003, J Dilla possessed production skills on par with anyone in hip-hop - technically and creatively. \\\"At the top of his game,\\\" says longtime friend and collaborator, Karriem Riggins. After years of building while modestly deferring to others of both greater and lesser notoriety, Dilla finally completed the first solo endeavor on his own label, entirely on his own terms. The significance of such an autonomous success often gets overlooked, and partly accounts for why Ruff Draft is one of the lesser-referenced entries in Dilla's oeuvre. \\\"It's a mysterious little project,\\\" says his mother, Maureen Yancey. \\\"But out of his entire career, that was the happiest time.\\\" Prior to recording the EP, Dilla found himself at a crossroads. Estranged from his label, MCA, and separated from the mother of his youngest daughter, frustration abounded both personally and professionally. Dilla spent parts of 2002 and 2003 working on an album for MCA that featured his rapping over contributions from other producers with whom he had connected and whose music he respected. At the time, he was known primarily for his beats, yet reviled for his MCing by most anyone not from his hometown of Detroit. The project was to be an intentional freak of the industry. The project would go on to spur his collaborative album with Madlib, Jaylib, and would first showcase the template that he would take to his greatest heights with 2006's Donuts. The Stones Throw reissue of Ruff Draft from 2008 featured remixes of the songs from the album, done without Dilla\u00eds involvement. This version of the album takes Dilla\u00eds mixes of the album and restores his vision for the project. \\\"Straight from the mothafuckin' cassette,\\\" as he phrased the sound he was going for on the EP's intro.\",\"breadcrumb\":{\"@id\":\"https:\/\/wpguerssen-test.odoo.rgbconsulting.com\/es\/producto\/ruff-draft-dillas-mix\/#breadcrumb\"},\"inLanguage\":\"es\",\"potentialAction\":[{\"@type\":\"ReadAction\",\"target\":[\"https:\/\/wpguerssen-test.odoo.rgbconsulting.com\/es\/producto\/ruff-draft-dillas-mix\/\"]}]},{\"@type\":\"ImageObject\",\"inLanguage\":\"es\",\"@id\":\"https:\/\/wpguerssen-test.odoo.rgbconsulting.com\/es\/producto\/ruff-draft-dillas-mix\/#primaryimage\",\"url\":\"https:\/\/wpguerssen-test.odoo.rgbconsulting.com\/wp-content\/uploads\/2024\/05\/47962.jpg\",\"contentUrl\":\"https:\/\/wpguerssen-test.odoo.rgbconsulting.com\/wp-content\/uploads\/2024\/05\/47962.jpg\",\"width\":385,\"height\":388},{\"@type\":\"BreadcrumbList\",\"@id\":\"https:\/\/wpguerssen-test.odoo.rgbconsulting.com\/es\/producto\/ruff-draft-dillas-mix\/#breadcrumb\",\"itemListElement\":[{\"@type\":\"ListItem\",\"position\":1,\"name\":\"Inicio\",\"item\":\"https:\/\/wpguerssen-test.odoo.rgbconsulting.com\/es\/\"},{\"@type\":\"ListItem\",\"position\":2,\"name\":\"Shop\",\"item\":\"https:\/\/wpguerssen-test.odoo.rgbconsulting.com\/shop\/\"},{\"@type\":\"ListItem\",\"position\":3,\"name\":\"Ruff Draft: Dilla&#8217;s Mix\"}]},{\"@type\":\"WebSite\",\"@id\":\"https:\/\/wpguerssen-test.odoo.rgbconsulting.com\/es\/#website\",\"url\":\"https:\/\/wpguerssen-test.odoo.rgbconsulting.com\/es\/\",\"name\":\"Guerssen records\",\"description\":\"psychedelia - progressive - folk - garage \",\"publisher\":{\"@id\":\"https:\/\/wpguerssen-test.odoo.rgbconsulting.com\/es\/#organization\"},\"potentialAction\":[{\"@type\":\"SearchAction\",\"target\":{\"@type\":\"EntryPoint\",\"urlTemplate\":\"https:\/\/wpguerssen-test.odoo.rgbconsulting.com\/es\/?s={search_term_string}\"},\"query-input\":{\"@type\":\"PropertyValueSpecification\",\"valueRequired\":true,\"valueName\":\"search_term_string\"}}],\"inLanguage\":\"es\"},{\"@type\":\"Organization\",\"@id\":\"https:\/\/wpguerssen-test.odoo.rgbconsulting.com\/es\/#organization\",\"name\":\"Guerssen records\",\"url\":\"https:\/\/wpguerssen-test.odoo.rgbconsulting.com\/es\/\",\"logo\":{\"@type\":\"ImageObject\",\"inLanguage\":\"es\",\"@id\":\"https:\/\/wpguerssen-test.odoo.rgbconsulting.com\/es\/#\/schema\/logo\/image\/\",\"url\":\"https:\/\/wpguerssen-test.odoo.rgbconsulting.com\/wp-content\/uploads\/2022\/04\/Logo_Guerssen_trans_100.png\",\"contentUrl\":\"https:\/\/wpguerssen-test.odoo.rgbconsulting.com\/wp-content\/uploads\/2022\/04\/Logo_Guerssen_trans_100.png\",\"width\":122,\"height\":100,\"caption\":\"Guerssen records\"},\"image\":{\"@id\":\"https:\/\/wpguerssen-test.odoo.rgbconsulting.com\/es\/#\/schema\/logo\/image\/\"}}]}<\/script>\n<!-- \/ Yoast SEO plugin. -->","yoast_head_json":{"title":"J DILLA - Ruff Draft: Dilla's Mix -  (LP) | Guerssen","description":"When Ruff Draft saw its initial release in 2003, J Dilla possessed production skills on par with anyone in hip-hop - technically and creatively. \"At the top of his game,\" says longtime friend and collaborator, Karriem Riggins. After years of building while modestly deferring to others of both greater and lesser notoriety, Dilla finally completed the first solo endeavor on his own label, entirely on his own terms. The significance of such an autonomous success often gets overlooked, and partly accounts for why Ruff Draft is one of the lesser-referenced entries in Dilla's oeuvre. \"It's a mysterious little project,\" says his mother, Maureen Yancey. \"But out of his entire career, that was the happiest time.\" Prior to recording the EP, Dilla found himself at a crossroads. Estranged from his label, MCA, and separated from the mother of his youngest daughter, frustration abounded both personally and professionally. Dilla spent parts of 2002 and 2003 working on an album for MCA that featured his rapping over contributions from other producers with whom he had connected and whose music he respected. At the time, he was known primarily for his beats, yet reviled for his MCing by most anyone not from his hometown of Detroit. The project was to be an intentional freak of the industry. The project would go on to spur his collaborative album with Madlib, Jaylib, and would first showcase the template that he would take to his greatest heights with 2006's Donuts. The Stones Throw reissue of Ruff Draft from 2008 featured remixes of the songs from the album, done without Dilla\u00eds involvement. This version of the album takes Dilla\u00eds mixes of the album and restores his vision for the project. \"Straight from the mothafuckin' cassette,\" as he phrased the sound he was going for on the EP's intro.","robots":{"index":"index","follow":"follow","max-snippet":"max-snippet:-1","max-image-preview":"max-image-preview:large","max-video-preview":"max-video-preview:-1"},"canonical":"https:\/\/wpguerssen-test.odoo.rgbconsulting.com\/es\/producto\/ruff-draft-dillas-mix\/","og_locale":"es_ES","og_type":"article","og_title":"J DILLA - Ruff Draft: Dilla's Mix -  (LP) | Guerssen","og_description":"When Ruff Draft saw its initial release in 2003, J Dilla possessed production skills on par with anyone in hip-hop - technically and creatively. \"At the top of his game,\" says longtime friend and collaborator, Karriem Riggins. After years of building while modestly deferring to others of both greater and lesser notoriety, Dilla finally completed the first solo endeavor on his own label, entirely on his own terms. The significance of such an autonomous success often gets overlooked, and partly accounts for why Ruff Draft is one of the lesser-referenced entries in Dilla's oeuvre. \"It's a mysterious little project,\" says his mother, Maureen Yancey. \"But out of his entire career, that was the happiest time.\" Prior to recording the EP, Dilla found himself at a crossroads. Estranged from his label, MCA, and separated from the mother of his youngest daughter, frustration abounded both personally and professionally. Dilla spent parts of 2002 and 2003 working on an album for MCA that featured his rapping over contributions from other producers with whom he had connected and whose music he respected. At the time, he was known primarily for his beats, yet reviled for his MCing by most anyone not from his hometown of Detroit. The project was to be an intentional freak of the industry. The project would go on to spur his collaborative album with Madlib, Jaylib, and would first showcase the template that he would take to his greatest heights with 2006's Donuts. The Stones Throw reissue of Ruff Draft from 2008 featured remixes of the songs from the album, done without Dilla\u00eds involvement. This version of the album takes Dilla\u00eds mixes of the album and restores his vision for the project. \"Straight from the mothafuckin' cassette,\" as he phrased the sound he was going for on the EP's intro.","og_url":"https:\/\/wpguerssen-test.odoo.rgbconsulting.com\/es\/producto\/ruff-draft-dillas-mix\/","og_site_name":"Guerssen records","article_modified_time":"2025-04-22T14:58:49+00:00","og_image":[{"width":385,"height":388,"url":"https:\/\/wpguerssen-test.odoo.rgbconsulting.com\/wp-content\/uploads\/2024\/05\/47962.jpg","type":"image\/jpeg"}],"twitter_card":"summary_large_image","twitter_title":"J DILLA - Ruff Draft: Dilla's Mix -  (LP) | Guerssen","twitter_misc":{"Tiempo de lectura":"2 minutos"},"schema":{"@context":"https:\/\/schema.org","@graph":[{"@type":"WebPage","@id":"https:\/\/wpguerssen-test.odoo.rgbconsulting.com\/es\/producto\/ruff-draft-dillas-mix\/","url":"https:\/\/wpguerssen-test.odoo.rgbconsulting.com\/es\/producto\/ruff-draft-dillas-mix\/","name":"J DILLA - Ruff Draft: Dilla's Mix - (LP) | Guerssen","isPartOf":{"@id":"https:\/\/wpguerssen-test.odoo.rgbconsulting.com\/es\/#website"},"primaryImageOfPage":{"@id":"https:\/\/wpguerssen-test.odoo.rgbconsulting.com\/es\/producto\/ruff-draft-dillas-mix\/#primaryimage"},"image":{"@id":"https:\/\/wpguerssen-test.odoo.rgbconsulting.com\/es\/producto\/ruff-draft-dillas-mix\/#primaryimage"},"thumbnailUrl":"https:\/\/wpguerssen-test.odoo.rgbconsulting.com\/wp-content\/uploads\/2024\/05\/47962.jpg","datePublished":"2025-04-21T22:00:00+00:00","dateModified":"2025-04-22T14:58:49+00:00","description":"When Ruff Draft saw its initial release in 2003, J Dilla possessed production skills on par with anyone in hip-hop - technically and creatively. \"At the top of his game,\" says longtime friend and collaborator, Karriem Riggins. After years of building while modestly deferring to others of both greater and lesser notoriety, Dilla finally completed the first solo endeavor on his own label, entirely on his own terms. The significance of such an autonomous success often gets overlooked, and partly accounts for why Ruff Draft is one of the lesser-referenced entries in Dilla's oeuvre. \"It's a mysterious little project,\" says his mother, Maureen Yancey. \"But out of his entire career, that was the happiest time.\" Prior to recording the EP, Dilla found himself at a crossroads. Estranged from his label, MCA, and separated from the mother of his youngest daughter, frustration abounded both personally and professionally. Dilla spent parts of 2002 and 2003 working on an album for MCA that featured his rapping over contributions from other producers with whom he had connected and whose music he respected. At the time, he was known primarily for his beats, yet reviled for his MCing by most anyone not from his hometown of Detroit. The project was to be an intentional freak of the industry. The project would go on to spur his collaborative album with Madlib, Jaylib, and would first showcase the template that he would take to his greatest heights with 2006's Donuts. The Stones Throw reissue of Ruff Draft from 2008 featured remixes of the songs from the album, done without Dilla\u00eds involvement. This version of the album takes Dilla\u00eds mixes of the album and restores his vision for the project. \"Straight from the mothafuckin' cassette,\" as he phrased the sound he was going for on the EP's intro.","breadcrumb":{"@id":"https:\/\/wpguerssen-test.odoo.rgbconsulting.com\/es\/producto\/ruff-draft-dillas-mix\/#breadcrumb"},"inLanguage":"es","potentialAction":[{"@type":"ReadAction","target":["https:\/\/wpguerssen-test.odoo.rgbconsulting.com\/es\/producto\/ruff-draft-dillas-mix\/"]}]},{"@type":"ImageObject","inLanguage":"es","@id":"https:\/\/wpguerssen-test.odoo.rgbconsulting.com\/es\/producto\/ruff-draft-dillas-mix\/#primaryimage","url":"https:\/\/wpguerssen-test.odoo.rgbconsulting.com\/wp-content\/uploads\/2024\/05\/47962.jpg","contentUrl":"https:\/\/wpguerssen-test.odoo.rgbconsulting.com\/wp-content\/uploads\/2024\/05\/47962.jpg","width":385,"height":388},{"@type":"BreadcrumbList","@id":"https:\/\/wpguerssen-test.odoo.rgbconsulting.com\/es\/producto\/ruff-draft-dillas-mix\/#breadcrumb","itemListElement":[{"@type":"ListItem","position":1,"name":"Inicio","item":"https:\/\/wpguerssen-test.odoo.rgbconsulting.com\/es\/"},{"@type":"ListItem","position":2,"name":"Shop","item":"https:\/\/wpguerssen-test.odoo.rgbconsulting.com\/shop\/"},{"@type":"ListItem","position":3,"name":"Ruff Draft: Dilla&#8217;s Mix"}]},{"@type":"WebSite","@id":"https:\/\/wpguerssen-test.odoo.rgbconsulting.com\/es\/#website","url":"https:\/\/wpguerssen-test.odoo.rgbconsulting.com\/es\/","name":"Guerssen records","description":"psychedelia - progressive - folk - garage ","publisher":{"@id":"https:\/\/wpguerssen-test.odoo.rgbconsulting.com\/es\/#organization"},"potentialAction":[{"@type":"SearchAction","target":{"@type":"EntryPoint","urlTemplate":"https:\/\/wpguerssen-test.odoo.rgbconsulting.com\/es\/?s={search_term_string}"},"query-input":{"@type":"PropertyValueSpecification","valueRequired":true,"valueName":"search_term_string"}}],"inLanguage":"es"},{"@type":"Organization","@id":"https:\/\/wpguerssen-test.odoo.rgbconsulting.com\/es\/#organization","name":"Guerssen records","url":"https:\/\/wpguerssen-test.odoo.rgbconsulting.com\/es\/","logo":{"@type":"ImageObject","inLanguage":"es","@id":"https:\/\/wpguerssen-test.odoo.rgbconsulting.com\/es\/#\/schema\/logo\/image\/","url":"https:\/\/wpguerssen-test.odoo.rgbconsulting.com\/wp-content\/uploads\/2022\/04\/Logo_Guerssen_trans_100.png","contentUrl":"https:\/\/wpguerssen-test.odoo.rgbconsulting.com\/wp-content\/uploads\/2022\/04\/Logo_Guerssen_trans_100.png","width":122,"height":100,"caption":"Guerssen records"},"image":{"@id":"https:\/\/wpguerssen-test.odoo.rgbconsulting.com\/es\/#\/schema\/logo\/image\/"}}]}},"_links":{"self":[{"href":"https:\/\/wpguerssen-test.odoo.rgbconsulting.com\/es\/wp-json\/wp\/v2\/product\/269125","targetHints":{"allow":["GET"]}}],"collection":[{"href":"https:\/\/wpguerssen-test.odoo.rgbconsulting.com\/es\/wp-json\/wp\/v2\/product"}],"about":[{"href":"https:\/\/wpguerssen-test.odoo.rgbconsulting.com\/es\/wp-json\/wp\/v2\/types\/product"}],"wp:featuredmedia":[{"embeddable":true,"href":"https:\/\/wpguerssen-test.odoo.rgbconsulting.com\/es\/wp-json\/wp\/v2\/media\/269112"}],"wp:attachment":[{"href":"https:\/\/wpguerssen-test.odoo.rgbconsulting.com\/es\/wp-json\/wp\/v2\/media?parent=269125"}],"wp:term":[{"taxonomy":"product_brand","embeddable":true,"href":"https:\/\/wpguerssen-test.odoo.rgbconsulting.com\/es\/wp-json\/wp\/v2\/product_brand?post=269125"},{"taxonomy":"product_cat","embeddable":true,"href":"https:\/\/wpguerssen-test.odoo.rgbconsulting.com\/es\/wp-json\/wp\/v2\/product_cat?post=269125"},{"taxonomy":"product_tag","embeddable":true,"href":"https:\/\/wpguerssen-test.odoo.rgbconsulting.com\/es\/wp-json\/wp\/v2\/product_tag?post=269125"}],"curies":[{"name":"wp","href":"https:\/\/api.w.org\/{rel}","templated":true}]}}