{"id":269741,"date":"2024-07-09T00:00:00","date_gmt":"2024-07-08T22:00:00","guid":{"rendered":"https:\/\/wpguerssen-test.odoo.rgbconsulting.com\/product\/soul-jeronimo-the-mediators-thing\/"},"modified":"2025-03-03T16:06:55","modified_gmt":"2025-03-03T15:06:55","slug":"soul-jeronimo-the-mediators-thing","status":"publish","type":"product","link":"https:\/\/wpguerssen-test.odoo.rgbconsulting.com\/es\/producto\/soul-jeronimo-the-mediators-thing\/","title":{"rendered":"Soul Jeronimo \/ The Mediators Thing"},"content":{"rendered":"<p>Finalmente, el segundo lanzamiento de nuestra serie de Panam\u00e1 se centra en el rock latino psicod\u00e9lico, dos nuevos sencillos con cuatro grupos oscuros de principios de los 70 en Panam\u00e1, \u00a1Los Misticos, The Meditators, The Scepters y Conjunto Raza!<br \/>Discodelic y Groovie Records presentan dos sencillos incre\u00edbles; sorprendentes hallazgos de arqueolog\u00eda musical. Cuatro grabaciones realizadas en Panam\u00e1 en los a\u00f1os 70 y perdidas en el tiempo, finalmente logramos licenciar estas joyas de Latin Psych Funk a trav\u00e9s de Tamayo Records en una edici\u00f3n limitada de lujo. Estos cuatro grupos Conjunto Raza, The Meditators, The Scepters y Los Misticos, fueron grupos que apenas grabaron un sencillo, los cuales solo fueron usados \u00bf\u00bfpara estaciones de radio y olvidados en almacenes, \u00a1representan el Panam\u00e1 m\u00e1s underground y olvidado!<br \/>\u00abGracias \u00a1Por apoyar la serie \u00abWalk On\u00bb de Discodelic! Esta es la segunda serie de lanzamientos, que presenta cuatro oscuridades m\u00e1s de cuatro h\u00e9roes an\u00f3nimos no celebrados de la escena del rock latino psicod\u00e9lico paname\u00f1o de las d\u00e9cadas de 1960 y 1970.<\/p>\n","protected":false},"excerpt":{"rendered":"<p>Finalmente, el segundo lanzamiento de nuestra serie de Panam\u00e1 se centra en el rock latino psicod\u00e9lico, dos nuevos sencillos con cuatro grupos oscuros de principios<a class=\"read\" href=\"https:\/\/wpguerssen-test.odoo.rgbconsulting.com\/es\/producto\/soul-jeronimo-the-mediators-thing\/\"> (...)<\/a>","protected":false},"featured_media":269731,"template":"","meta":{"_acf_changed":false},"product_brand":[],"product_cat":[23219,23231],"product_tag":[],"class_list":{"0":"post-269741","1":"product","2":"type-product","3":"status-publish","4":"has-post-thumbnail","6":"product_cat-funk-es","7":"product_cat-latin-brazilian-es","8":"pa_artist-misticos-mediators","9":"pa_format-7-es","10":"pa_gender-latin-brazilian-funk","11":"pa_label-discodelic","12":"pa_location-south-america-caribbean-es","13":"pa_other-filters-vinyl-only-es","15":"first","16":"instock","17":"taxable","18":"shipping-taxable","19":"purchasable","20":"product-type-simple"},"acf":[],"yoast_head":"<!-- This site is optimized with the Yoast SEO plugin v24.9 - https:\/\/yoast.com\/wordpress\/plugins\/seo\/ -->\n<title>MISTICOS \/ MEDIATORS - Soul Jeronimo \/ The Mediators Thing -  (7&quot;) | Guerssen<\/title>\n<meta name=\"description\" content=\"Finally the second drop of our Panama series focus on Psychedelic Latin Rock, two new singles with four obscure groups from early 70s in Panama, Los Misticos, The Meditators, The Scepters y Conjunto Raza!Discodelic and Groovie Records present two incredible singles \/ amazing finds of musical archeology. Four recordings made in Panama in the 70s and lost in time, we finally managed to license these Latin Psych Funk gems through Tamayo Records in a deluxe limited edition. These four groups Conjunto Raza, The Meditators, The Scepters and Los Misticos, were groups that barely recorded a single, which were only used for radio stations and forgotten in warehouses, they represent the most underground and forgotten Panama!&quot;Thank you for supporting Discodelic&#039;s &quot;Walk On&quot; series! This is the second sprint of releases, featuring four more obscurities from four more uncelebrated unsung heroes of the Panamanian psychedelic latin rock scene of the 1960s and &#039;70s.\" \/>\n<meta name=\"robots\" content=\"index, follow, max-snippet:-1, max-image-preview:large, max-video-preview:-1\" \/>\n<link rel=\"canonical\" href=\"https:\/\/wpguerssen-test.odoo.rgbconsulting.com\/es\/producto\/soul-jeronimo-the-mediators-thing\/\" \/>\n<meta property=\"og:locale\" content=\"es_ES\" \/>\n<meta property=\"og:type\" content=\"article\" \/>\n<meta property=\"og:title\" content=\"MISTICOS \/ MEDIATORS - Soul Jeronimo \/ The Mediators Thing -  (7&quot;) | Guerssen\" \/>\n<meta property=\"og:description\" content=\"Finally the second drop of our Panama series focus on Psychedelic Latin Rock, two new singles with four obscure groups from early 70s in Panama, Los Misticos, The Meditators, The Scepters y Conjunto Raza!Discodelic and Groovie Records present two incredible singles \/ amazing finds of musical archeology. Four recordings made in Panama in the 70s and lost in time, we finally managed to license these Latin Psych Funk gems through Tamayo Records in a deluxe limited edition. These four groups Conjunto Raza, The Meditators, The Scepters and Los Misticos, were groups that barely recorded a single, which were only used for radio stations and forgotten in warehouses, they represent the most underground and forgotten Panama!&quot;Thank you for supporting Discodelic&#039;s &quot;Walk On&quot; series! This is the second sprint of releases, featuring four more obscurities from four more uncelebrated unsung heroes of the Panamanian psychedelic latin rock scene of the 1960s and &#039;70s.\" \/>\n<meta property=\"og:url\" content=\"https:\/\/wpguerssen-test.odoo.rgbconsulting.com\/es\/producto\/soul-jeronimo-the-mediators-thing\/\" \/>\n<meta property=\"og:site_name\" content=\"Guerssen records\" \/>\n<meta property=\"article:modified_time\" content=\"2025-03-03T15:06:55+00:00\" \/>\n<meta property=\"og:image\" content=\"https:\/\/wpguerssen-test.odoo.rgbconsulting.com\/wp-content\/uploads\/2024\/06\/48078.jpg\" \/>\n\t<meta property=\"og:image:width\" content=\"1200\" \/>\n\t<meta property=\"og:image:height\" content=\"1200\" \/>\n\t<meta property=\"og:image:type\" content=\"image\/jpeg\" \/>\n<meta name=\"twitter:card\" content=\"summary_large_image\" \/>\n<meta name=\"twitter:title\" content=\"MISTICOS \/ MEDIATORS - Soul Jeronimo \/ The Mediators Thing -  (7&quot;) | Guerssen\" \/>\n<meta name=\"twitter:label1\" content=\"Tiempo de lectura\" \/>\n\t<meta name=\"twitter:data1\" content=\"1 minuto\" \/>\n<script type=\"application\/ld+json\" class=\"yoast-schema-graph\">{\"@context\":\"https:\/\/schema.org\",\"@graph\":[{\"@type\":\"WebPage\",\"@id\":\"https:\/\/wpguerssen-test.odoo.rgbconsulting.com\/es\/producto\/soul-jeronimo-the-mediators-thing\/\",\"url\":\"https:\/\/wpguerssen-test.odoo.rgbconsulting.com\/es\/producto\/soul-jeronimo-the-mediators-thing\/\",\"name\":\"MISTICOS \/ MEDIATORS - Soul Jeronimo \/ The Mediators Thing - (7\\\") | Guerssen\",\"isPartOf\":{\"@id\":\"https:\/\/wpguerssen-test.odoo.rgbconsulting.com\/es\/#website\"},\"primaryImageOfPage\":{\"@id\":\"https:\/\/wpguerssen-test.odoo.rgbconsulting.com\/es\/producto\/soul-jeronimo-the-mediators-thing\/#primaryimage\"},\"image\":{\"@id\":\"https:\/\/wpguerssen-test.odoo.rgbconsulting.com\/es\/producto\/soul-jeronimo-the-mediators-thing\/#primaryimage\"},\"thumbnailUrl\":\"https:\/\/wpguerssen-test.odoo.rgbconsulting.com\/wp-content\/uploads\/2024\/06\/48078.jpg\",\"datePublished\":\"2024-07-08T22:00:00+00:00\",\"dateModified\":\"2025-03-03T15:06:55+00:00\",\"description\":\"Finally the second drop of our Panama series focus on Psychedelic Latin Rock, two new singles with four obscure groups from early 70s in Panama, Los Misticos, The Meditators, The Scepters y Conjunto Raza!Discodelic and Groovie Records present two incredible singles \/ amazing finds of musical archeology. Four recordings made in Panama in the 70s and lost in time, we finally managed to license these Latin Psych Funk gems through Tamayo Records in a deluxe limited edition. These four groups Conjunto Raza, The Meditators, The Scepters and Los Misticos, were groups that barely recorded a single, which were only used for radio stations and forgotten in warehouses, they represent the most underground and forgotten Panama!\\\"Thank you for supporting Discodelic's \\\"Walk On\\\" series! This is the second sprint of releases, featuring four more obscurities from four more uncelebrated unsung heroes of the Panamanian psychedelic latin rock scene of the 1960s and '70s.\",\"breadcrumb\":{\"@id\":\"https:\/\/wpguerssen-test.odoo.rgbconsulting.com\/es\/producto\/soul-jeronimo-the-mediators-thing\/#breadcrumb\"},\"inLanguage\":\"es\",\"potentialAction\":[{\"@type\":\"ReadAction\",\"target\":[\"https:\/\/wpguerssen-test.odoo.rgbconsulting.com\/es\/producto\/soul-jeronimo-the-mediators-thing\/\"]}]},{\"@type\":\"ImageObject\",\"inLanguage\":\"es\",\"@id\":\"https:\/\/wpguerssen-test.odoo.rgbconsulting.com\/es\/producto\/soul-jeronimo-the-mediators-thing\/#primaryimage\",\"url\":\"https:\/\/wpguerssen-test.odoo.rgbconsulting.com\/wp-content\/uploads\/2024\/06\/48078.jpg\",\"contentUrl\":\"https:\/\/wpguerssen-test.odoo.rgbconsulting.com\/wp-content\/uploads\/2024\/06\/48078.jpg\",\"width\":1200,\"height\":1200},{\"@type\":\"BreadcrumbList\",\"@id\":\"https:\/\/wpguerssen-test.odoo.rgbconsulting.com\/es\/producto\/soul-jeronimo-the-mediators-thing\/#breadcrumb\",\"itemListElement\":[{\"@type\":\"ListItem\",\"position\":1,\"name\":\"Inicio\",\"item\":\"https:\/\/wpguerssen-test.odoo.rgbconsulting.com\/es\/\"},{\"@type\":\"ListItem\",\"position\":2,\"name\":\"Shop\",\"item\":\"https:\/\/wpguerssen-test.odoo.rgbconsulting.com\/shop\/\"},{\"@type\":\"ListItem\",\"position\":3,\"name\":\"Soul Jeronimo \/ The Mediators Thing\"}]},{\"@type\":\"WebSite\",\"@id\":\"https:\/\/wpguerssen-test.odoo.rgbconsulting.com\/es\/#website\",\"url\":\"https:\/\/wpguerssen-test.odoo.rgbconsulting.com\/es\/\",\"name\":\"Guerssen records\",\"description\":\"psychedelia - progressive - folk - garage \",\"publisher\":{\"@id\":\"https:\/\/wpguerssen-test.odoo.rgbconsulting.com\/es\/#organization\"},\"potentialAction\":[{\"@type\":\"SearchAction\",\"target\":{\"@type\":\"EntryPoint\",\"urlTemplate\":\"https:\/\/wpguerssen-test.odoo.rgbconsulting.com\/es\/?s={search_term_string}\"},\"query-input\":{\"@type\":\"PropertyValueSpecification\",\"valueRequired\":true,\"valueName\":\"search_term_string\"}}],\"inLanguage\":\"es\"},{\"@type\":\"Organization\",\"@id\":\"https:\/\/wpguerssen-test.odoo.rgbconsulting.com\/es\/#organization\",\"name\":\"Guerssen records\",\"url\":\"https:\/\/wpguerssen-test.odoo.rgbconsulting.com\/es\/\",\"logo\":{\"@type\":\"ImageObject\",\"inLanguage\":\"es\",\"@id\":\"https:\/\/wpguerssen-test.odoo.rgbconsulting.com\/es\/#\/schema\/logo\/image\/\",\"url\":\"https:\/\/wpguerssen-test.odoo.rgbconsulting.com\/wp-content\/uploads\/2022\/04\/Logo_Guerssen_trans_100.png\",\"contentUrl\":\"https:\/\/wpguerssen-test.odoo.rgbconsulting.com\/wp-content\/uploads\/2022\/04\/Logo_Guerssen_trans_100.png\",\"width\":122,\"height\":100,\"caption\":\"Guerssen records\"},\"image\":{\"@id\":\"https:\/\/wpguerssen-test.odoo.rgbconsulting.com\/es\/#\/schema\/logo\/image\/\"}}]}<\/script>\n<!-- \/ Yoast SEO plugin. -->","yoast_head_json":{"title":"MISTICOS \/ MEDIATORS - Soul Jeronimo \/ The Mediators Thing -  (7\") | Guerssen","description":"Finally the second drop of our Panama series focus on Psychedelic Latin Rock, two new singles with four obscure groups from early 70s in Panama, Los Misticos, The Meditators, The Scepters y Conjunto Raza!Discodelic and Groovie Records present two incredible singles \/ amazing finds of musical archeology. Four recordings made in Panama in the 70s and lost in time, we finally managed to license these Latin Psych Funk gems through Tamayo Records in a deluxe limited edition. These four groups Conjunto Raza, The Meditators, The Scepters and Los Misticos, were groups that barely recorded a single, which were only used for radio stations and forgotten in warehouses, they represent the most underground and forgotten Panama!\"Thank you for supporting Discodelic's \"Walk On\" series! This is the second sprint of releases, featuring four more obscurities from four more uncelebrated unsung heroes of the Panamanian psychedelic latin rock scene of the 1960s and '70s.","robots":{"index":"index","follow":"follow","max-snippet":"max-snippet:-1","max-image-preview":"max-image-preview:large","max-video-preview":"max-video-preview:-1"},"canonical":"https:\/\/wpguerssen-test.odoo.rgbconsulting.com\/es\/producto\/soul-jeronimo-the-mediators-thing\/","og_locale":"es_ES","og_type":"article","og_title":"MISTICOS \/ MEDIATORS - Soul Jeronimo \/ The Mediators Thing -  (7\") | Guerssen","og_description":"Finally the second drop of our Panama series focus on Psychedelic Latin Rock, two new singles with four obscure groups from early 70s in Panama, Los Misticos, The Meditators, The Scepters y Conjunto Raza!Discodelic and Groovie Records present two incredible singles \/ amazing finds of musical archeology. Four recordings made in Panama in the 70s and lost in time, we finally managed to license these Latin Psych Funk gems through Tamayo Records in a deluxe limited edition. These four groups Conjunto Raza, The Meditators, The Scepters and Los Misticos, were groups that barely recorded a single, which were only used for radio stations and forgotten in warehouses, they represent the most underground and forgotten Panama!\"Thank you for supporting Discodelic's \"Walk On\" series! This is the second sprint of releases, featuring four more obscurities from four more uncelebrated unsung heroes of the Panamanian psychedelic latin rock scene of the 1960s and '70s.","og_url":"https:\/\/wpguerssen-test.odoo.rgbconsulting.com\/es\/producto\/soul-jeronimo-the-mediators-thing\/","og_site_name":"Guerssen records","article_modified_time":"2025-03-03T15:06:55+00:00","og_image":[{"width":1200,"height":1200,"url":"https:\/\/wpguerssen-test.odoo.rgbconsulting.com\/wp-content\/uploads\/2024\/06\/48078.jpg","type":"image\/jpeg"}],"twitter_card":"summary_large_image","twitter_title":"MISTICOS \/ MEDIATORS - Soul Jeronimo \/ The Mediators Thing -  (7\") | Guerssen","twitter_misc":{"Tiempo de lectura":"1 minuto"},"schema":{"@context":"https:\/\/schema.org","@graph":[{"@type":"WebPage","@id":"https:\/\/wpguerssen-test.odoo.rgbconsulting.com\/es\/producto\/soul-jeronimo-the-mediators-thing\/","url":"https:\/\/wpguerssen-test.odoo.rgbconsulting.com\/es\/producto\/soul-jeronimo-the-mediators-thing\/","name":"MISTICOS \/ MEDIATORS - Soul Jeronimo \/ The Mediators Thing - (7\") | Guerssen","isPartOf":{"@id":"https:\/\/wpguerssen-test.odoo.rgbconsulting.com\/es\/#website"},"primaryImageOfPage":{"@id":"https:\/\/wpguerssen-test.odoo.rgbconsulting.com\/es\/producto\/soul-jeronimo-the-mediators-thing\/#primaryimage"},"image":{"@id":"https:\/\/wpguerssen-test.odoo.rgbconsulting.com\/es\/producto\/soul-jeronimo-the-mediators-thing\/#primaryimage"},"thumbnailUrl":"https:\/\/wpguerssen-test.odoo.rgbconsulting.com\/wp-content\/uploads\/2024\/06\/48078.jpg","datePublished":"2024-07-08T22:00:00+00:00","dateModified":"2025-03-03T15:06:55+00:00","description":"Finally the second drop of our Panama series focus on Psychedelic Latin Rock, two new singles with four obscure groups from early 70s in Panama, Los Misticos, The Meditators, The Scepters y Conjunto Raza!Discodelic and Groovie Records present two incredible singles \/ amazing finds of musical archeology. Four recordings made in Panama in the 70s and lost in time, we finally managed to license these Latin Psych Funk gems through Tamayo Records in a deluxe limited edition. These four groups Conjunto Raza, The Meditators, The Scepters and Los Misticos, were groups that barely recorded a single, which were only used for radio stations and forgotten in warehouses, they represent the most underground and forgotten Panama!\"Thank you for supporting Discodelic's \"Walk On\" series! This is the second sprint of releases, featuring four more obscurities from four more uncelebrated unsung heroes of the Panamanian psychedelic latin rock scene of the 1960s and '70s.","breadcrumb":{"@id":"https:\/\/wpguerssen-test.odoo.rgbconsulting.com\/es\/producto\/soul-jeronimo-the-mediators-thing\/#breadcrumb"},"inLanguage":"es","potentialAction":[{"@type":"ReadAction","target":["https:\/\/wpguerssen-test.odoo.rgbconsulting.com\/es\/producto\/soul-jeronimo-the-mediators-thing\/"]}]},{"@type":"ImageObject","inLanguage":"es","@id":"https:\/\/wpguerssen-test.odoo.rgbconsulting.com\/es\/producto\/soul-jeronimo-the-mediators-thing\/#primaryimage","url":"https:\/\/wpguerssen-test.odoo.rgbconsulting.com\/wp-content\/uploads\/2024\/06\/48078.jpg","contentUrl":"https:\/\/wpguerssen-test.odoo.rgbconsulting.com\/wp-content\/uploads\/2024\/06\/48078.jpg","width":1200,"height":1200},{"@type":"BreadcrumbList","@id":"https:\/\/wpguerssen-test.odoo.rgbconsulting.com\/es\/producto\/soul-jeronimo-the-mediators-thing\/#breadcrumb","itemListElement":[{"@type":"ListItem","position":1,"name":"Inicio","item":"https:\/\/wpguerssen-test.odoo.rgbconsulting.com\/es\/"},{"@type":"ListItem","position":2,"name":"Shop","item":"https:\/\/wpguerssen-test.odoo.rgbconsulting.com\/shop\/"},{"@type":"ListItem","position":3,"name":"Soul Jeronimo \/ The Mediators Thing"}]},{"@type":"WebSite","@id":"https:\/\/wpguerssen-test.odoo.rgbconsulting.com\/es\/#website","url":"https:\/\/wpguerssen-test.odoo.rgbconsulting.com\/es\/","name":"Guerssen records","description":"psychedelia - progressive - folk - garage ","publisher":{"@id":"https:\/\/wpguerssen-test.odoo.rgbconsulting.com\/es\/#organization"},"potentialAction":[{"@type":"SearchAction","target":{"@type":"EntryPoint","urlTemplate":"https:\/\/wpguerssen-test.odoo.rgbconsulting.com\/es\/?s={search_term_string}"},"query-input":{"@type":"PropertyValueSpecification","valueRequired":true,"valueName":"search_term_string"}}],"inLanguage":"es"},{"@type":"Organization","@id":"https:\/\/wpguerssen-test.odoo.rgbconsulting.com\/es\/#organization","name":"Guerssen records","url":"https:\/\/wpguerssen-test.odoo.rgbconsulting.com\/es\/","logo":{"@type":"ImageObject","inLanguage":"es","@id":"https:\/\/wpguerssen-test.odoo.rgbconsulting.com\/es\/#\/schema\/logo\/image\/","url":"https:\/\/wpguerssen-test.odoo.rgbconsulting.com\/wp-content\/uploads\/2022\/04\/Logo_Guerssen_trans_100.png","contentUrl":"https:\/\/wpguerssen-test.odoo.rgbconsulting.com\/wp-content\/uploads\/2022\/04\/Logo_Guerssen_trans_100.png","width":122,"height":100,"caption":"Guerssen records"},"image":{"@id":"https:\/\/wpguerssen-test.odoo.rgbconsulting.com\/es\/#\/schema\/logo\/image\/"}}]}},"_links":{"self":[{"href":"https:\/\/wpguerssen-test.odoo.rgbconsulting.com\/es\/wp-json\/wp\/v2\/product\/269741","targetHints":{"allow":["GET"]}}],"collection":[{"href":"https:\/\/wpguerssen-test.odoo.rgbconsulting.com\/es\/wp-json\/wp\/v2\/product"}],"about":[{"href":"https:\/\/wpguerssen-test.odoo.rgbconsulting.com\/es\/wp-json\/wp\/v2\/types\/product"}],"wp:featuredmedia":[{"embeddable":true,"href":"https:\/\/wpguerssen-test.odoo.rgbconsulting.com\/es\/wp-json\/wp\/v2\/media\/269731"}],"wp:attachment":[{"href":"https:\/\/wpguerssen-test.odoo.rgbconsulting.com\/es\/wp-json\/wp\/v2\/media?parent=269741"}],"wp:term":[{"taxonomy":"product_brand","embeddable":true,"href":"https:\/\/wpguerssen-test.odoo.rgbconsulting.com\/es\/wp-json\/wp\/v2\/product_brand?post=269741"},{"taxonomy":"product_cat","embeddable":true,"href":"https:\/\/wpguerssen-test.odoo.rgbconsulting.com\/es\/wp-json\/wp\/v2\/product_cat?post=269741"},{"taxonomy":"product_tag","embeddable":true,"href":"https:\/\/wpguerssen-test.odoo.rgbconsulting.com\/es\/wp-json\/wp\/v2\/product_tag?post=269741"}],"curies":[{"name":"wp","href":"https:\/\/api.w.org\/{rel}","templated":true}]}}