{"id":269743,"date":"2019-07-11T00:00:00","date_gmt":"2019-07-10T22:00:00","guid":{"rendered":"https:\/\/wpguerssen-test.odoo.rgbconsulting.com\/product\/disco-e-cultura-vol-2-orange-lp\/"},"modified":"2025-04-15T13:57:08","modified_gmt":"2025-04-15T11:57:08","slug":"disco-e-cultura-vol-2-orange-lp","status":"publish","type":"product","link":"https:\/\/wpguerssen-test.odoo.rgbconsulting.com\/es\/producto\/disco-e-cultura-vol-2-orange-lp\/","title":{"rendered":"Disco \u00c9 Cultura, vol. 2 (Orange LP)"},"content":{"rendered":"<p>EDICI\u00d3N EN VINILO NARANJA. LIMITADA A 200 COPIAS.<BR><br \/>FUNDA DELUXE DE CART\u00d3N DURO + VINILO 180g + OBI <\/p>\n<p> Un homenaje a una \u00e9poca gloriosa y sofisticada de la m\u00fasica brasile\u00f1a.<br \/>\u00abDisco \u00e9 Cultura, vol. 2\u00bb trae 15 temas de la m\u00fasica brasile\u00f1a m\u00e1s funky de los a\u00f1os 70 y 80.<br \/>El soul y el funk estaban arrasando en el mundo en la d\u00e9cada de 1970.<br \/>Los brasile\u00f1os desarrollaron su propio sonido combinando influencias de la m\u00fasica Funk y Soul del extranjero para crear algo exclusivamente brasile\u00f1o. <\/p>\n<p> Tracklist:80&#8217;s side: 1. JORGE BEN &#8211; Solit\u00e1rio Surfista &#8211; 2. ALMIR RICARDI &#8211; Sao Paulo (High Society) &#8211; 3. GUILHERME ARANTES &#8211; Fio Da Navalha &#8211; 4. MARCOS VALLE &#8211; Bicicleta &#8211; 5. SANDRA S\u00c1 &#8211; Pela Cidade &#8211; 6. TONY BIZARRO &#8211; Apenas Uma Vez &#8211; 7. VIVA VOZ &#8211; Fugitivos de Azul70&#8217;s side: 1. HANNA &#8211; Deixa Rodar &#8211; 2. MARILIA BARBOSA &#8211; Manifesto &#8211; 3. TONY BIZARRO &#8211; O Que Se Faz Da Vida &#8211; 4. CORAL SOM LIVRE &#8211; Fogo Sobre Terra &#8211; 5. ANA MARIA E MAURICIO &#8211; Figa de Guin\u00e9 &#8211; 6. DJALMA DIAS &#8211; Nada Sei de Preconceito &#8211; 7. INEMA TRIO &#8211; Aru\u00e9 Pam &#8211; 8. JEREMIAS &#8211; A Vida \u00c9 Um Buraco<\/p>\n","protected":false},"excerpt":{"rendered":"<p>EDICI\u00d3N EN VINILO NARANJA. LIMITADA A 200 COPIAS.<BR><br \/>FUNDA DELUXE DE CART\u00d3N DURO + VINILO 180g + OBI <\/p>\n<p>\u00a0<\/p>\n<p> Un homenaje a una \u00e9poca gloriosa y<a class=\"read\" href=\"https:\/\/wpguerssen-test.odoo.rgbconsulting.com\/es\/producto\/disco-e-cultura-vol-2-orange-lp\/\"> (...)<\/a>","protected":false},"featured_media":269745,"template":"","meta":{"_acf_changed":false},"product_brand":[],"product_cat":[21649,23219],"product_tag":[29140],"class_list":{"0":"post-269743","1":"product","2":"type-product","3":"status-publish","4":"has-post-thumbnail","6":"product_cat-soul-rnb-es","7":"product_cat-funk-es","8":"product_tag-color-vinyl-es","9":"pa_artist-various-artists-es","10":"pa_format-lp-es","11":"pa_gender-soul-rnb-funk","12":"pa_label-mad-about-records-es","13":"pa_location-south-america-caribbean-es","14":"pa_other-filters-vinyl-only-es","16":"first","17":"instock","18":"taxable","19":"shipping-taxable","20":"purchasable","21":"product-type-simple"},"acf":[],"yoast_head":"<!-- This site is optimized with the Yoast SEO plugin v24.9 - https:\/\/yoast.com\/wordpress\/plugins\/seo\/ -->\n<title>VARIOUS ARTISTS - Disco \u00c9 Cultura, vol. 2 (Orange LP) -  (LP) | Guerssen<\/title>\n<meta name=\"description\" content=\"ORANGE VINYL. LIMITED TO 200 COPIES.A tribute to a glorious and sophisticated era in Brazil music.&quot;Disco \u00e9 Cultura, vol. 2&quot; brings 15 tracks of the funkiest Brazilian music from the 70s and 80s. #nl# Soul and Funk were taking the world by storm in the 1970s. Brazilians developed their own sound by combining influences from Funk and Soul music from abroad to create something uniquely Brazilian. #nl# Tracklist:80&#039;s side: 1. JORGE BEN - Solit\u00e1rio Surfista - 2. ALMIR RICARDI - Sao Paulo (High Society) - 3. GUILHERME ARANTES - Fio Da Navalha - 4. MARCOS VALLE - Bicicleta - 5. SANDRA S\u00c1 - Pela Cidade - 6. TONY BIZARRO - Apenas Uma Vez - 7. VIVA VOZ - Fugitivos de Azul70&#039;s side: 1. HANNA - Deixa Rodar - 2. MARILIA BARBOSA - Manifesto - 3. TONY BIZARRO - O Que Se Faz Da Vida - 4. CORAL SOM LIVRE - Fogo Sobre Terra - 5. ANA MARIA E MAURICIO - Figa de Guin\u00e9 - 6. DJALMA DIAS - Nada Sei de Preconceito - 7. INEMA TRIO - Aru\u00e9 Pam - 8. JEREMIAS - A Vida \u00c9 Um Buraco\" \/>\n<meta name=\"robots\" content=\"index, follow, max-snippet:-1, max-image-preview:large, max-video-preview:-1\" \/>\n<link rel=\"canonical\" href=\"https:\/\/wpguerssen-test.odoo.rgbconsulting.com\/es\/producto\/disco-e-cultura-vol-2-orange-lp\/\" \/>\n<meta property=\"og:locale\" content=\"es_ES\" \/>\n<meta property=\"og:type\" content=\"article\" \/>\n<meta property=\"og:title\" content=\"VARIOUS ARTISTS - Disco \u00c9 Cultura, vol. 2 (Orange LP) -  (LP) | Guerssen\" \/>\n<meta property=\"og:description\" content=\"ORANGE VINYL. LIMITED TO 200 COPIES.A tribute to a glorious and sophisticated era in Brazil music.&quot;Disco \u00e9 Cultura, vol. 2&quot; brings 15 tracks of the funkiest Brazilian music from the 70s and 80s. #nl# Soul and Funk were taking the world by storm in the 1970s. Brazilians developed their own sound by combining influences from Funk and Soul music from abroad to create something uniquely Brazilian. #nl# Tracklist:80&#039;s side: 1. JORGE BEN - Solit\u00e1rio Surfista - 2. ALMIR RICARDI - Sao Paulo (High Society) - 3. GUILHERME ARANTES - Fio Da Navalha - 4. MARCOS VALLE - Bicicleta - 5. SANDRA S\u00c1 - Pela Cidade - 6. TONY BIZARRO - Apenas Uma Vez - 7. VIVA VOZ - Fugitivos de Azul70&#039;s side: 1. HANNA - Deixa Rodar - 2. MARILIA BARBOSA - Manifesto - 3. TONY BIZARRO - O Que Se Faz Da Vida - 4. CORAL SOM LIVRE - Fogo Sobre Terra - 5. ANA MARIA E MAURICIO - Figa de Guin\u00e9 - 6. DJALMA DIAS - Nada Sei de Preconceito - 7. INEMA TRIO - Aru\u00e9 Pam - 8. JEREMIAS - A Vida \u00c9 Um Buraco\" \/>\n<meta property=\"og:url\" content=\"https:\/\/wpguerssen-test.odoo.rgbconsulting.com\/es\/producto\/disco-e-cultura-vol-2-orange-lp\/\" \/>\n<meta property=\"og:site_name\" content=\"Guerssen records\" \/>\n<meta property=\"article:modified_time\" content=\"2025-04-15T11:57:08+00:00\" \/>\n<meta property=\"og:image\" content=\"https:\/\/wpguerssen-test.odoo.rgbconsulting.com\/wp-content\/uploads\/2024\/06\/48080.jpg\" \/>\n\t<meta property=\"og:image:width\" content=\"1200\" \/>\n\t<meta property=\"og:image:height\" content=\"1200\" \/>\n\t<meta property=\"og:image:type\" content=\"image\/jpeg\" \/>\n<meta name=\"twitter:card\" content=\"summary_large_image\" \/>\n<meta name=\"twitter:title\" content=\"VARIOUS ARTISTS - Disco \u00c9 Cultura, vol. 2 (Orange LP) -  (LP) | Guerssen\" \/>\n<meta name=\"twitter:label1\" content=\"Tiempo de lectura\" \/>\n\t<meta name=\"twitter:data1\" content=\"1 minuto\" \/>\n<script type=\"application\/ld+json\" class=\"yoast-schema-graph\">{\"@context\":\"https:\/\/schema.org\",\"@graph\":[{\"@type\":\"WebPage\",\"@id\":\"https:\/\/wpguerssen-test.odoo.rgbconsulting.com\/es\/producto\/disco-e-cultura-vol-2-orange-lp\/\",\"url\":\"https:\/\/wpguerssen-test.odoo.rgbconsulting.com\/es\/producto\/disco-e-cultura-vol-2-orange-lp\/\",\"name\":\"VARIOUS ARTISTS - Disco \u00c9 Cultura, vol. 2 (Orange LP) - (LP) | Guerssen\",\"isPartOf\":{\"@id\":\"https:\/\/wpguerssen-test.odoo.rgbconsulting.com\/es\/#website\"},\"primaryImageOfPage\":{\"@id\":\"https:\/\/wpguerssen-test.odoo.rgbconsulting.com\/es\/producto\/disco-e-cultura-vol-2-orange-lp\/#primaryimage\"},\"image\":{\"@id\":\"https:\/\/wpguerssen-test.odoo.rgbconsulting.com\/es\/producto\/disco-e-cultura-vol-2-orange-lp\/#primaryimage\"},\"thumbnailUrl\":\"https:\/\/wpguerssen-test.odoo.rgbconsulting.com\/wp-content\/uploads\/2024\/06\/48080.jpg\",\"datePublished\":\"2019-07-10T22:00:00+00:00\",\"dateModified\":\"2025-04-15T11:57:08+00:00\",\"description\":\"ORANGE VINYL. LIMITED TO 200 COPIES.A tribute to a glorious and sophisticated era in Brazil music.\\\"Disco \u00e9 Cultura, vol. 2\\\" brings 15 tracks of the funkiest Brazilian music from the 70s and 80s. #nl# Soul and Funk were taking the world by storm in the 1970s. Brazilians developed their own sound by combining influences from Funk and Soul music from abroad to create something uniquely Brazilian. #nl# Tracklist:80's side: 1. JORGE BEN - Solit\u00e1rio Surfista - 2. ALMIR RICARDI - Sao Paulo (High Society) - 3. GUILHERME ARANTES - Fio Da Navalha - 4. MARCOS VALLE - Bicicleta - 5. SANDRA S\u00c1 - Pela Cidade - 6. TONY BIZARRO - Apenas Uma Vez - 7. VIVA VOZ - Fugitivos de Azul70's side: 1. HANNA - Deixa Rodar - 2. MARILIA BARBOSA - Manifesto - 3. TONY BIZARRO - O Que Se Faz Da Vida - 4. CORAL SOM LIVRE - Fogo Sobre Terra - 5. ANA MARIA E MAURICIO - Figa de Guin\u00e9 - 6. DJALMA DIAS - Nada Sei de Preconceito - 7. INEMA TRIO - Aru\u00e9 Pam - 8. JEREMIAS - A Vida \u00c9 Um Buraco\",\"breadcrumb\":{\"@id\":\"https:\/\/wpguerssen-test.odoo.rgbconsulting.com\/es\/producto\/disco-e-cultura-vol-2-orange-lp\/#breadcrumb\"},\"inLanguage\":\"es\",\"potentialAction\":[{\"@type\":\"ReadAction\",\"target\":[\"https:\/\/wpguerssen-test.odoo.rgbconsulting.com\/es\/producto\/disco-e-cultura-vol-2-orange-lp\/\"]}]},{\"@type\":\"ImageObject\",\"inLanguage\":\"es\",\"@id\":\"https:\/\/wpguerssen-test.odoo.rgbconsulting.com\/es\/producto\/disco-e-cultura-vol-2-orange-lp\/#primaryimage\",\"url\":\"https:\/\/wpguerssen-test.odoo.rgbconsulting.com\/wp-content\/uploads\/2024\/06\/48080.jpg\",\"contentUrl\":\"https:\/\/wpguerssen-test.odoo.rgbconsulting.com\/wp-content\/uploads\/2024\/06\/48080.jpg\",\"width\":1200,\"height\":1200,\"caption\":\"vol. 2 (Orange LP) - MAD ABOUT RECORDS (LP) | Guerssen\"},{\"@type\":\"BreadcrumbList\",\"@id\":\"https:\/\/wpguerssen-test.odoo.rgbconsulting.com\/es\/producto\/disco-e-cultura-vol-2-orange-lp\/#breadcrumb\",\"itemListElement\":[{\"@type\":\"ListItem\",\"position\":1,\"name\":\"Inicio\",\"item\":\"https:\/\/wpguerssen-test.odoo.rgbconsulting.com\/es\/\"},{\"@type\":\"ListItem\",\"position\":2,\"name\":\"Shop\",\"item\":\"https:\/\/wpguerssen-test.odoo.rgbconsulting.com\/shop\/\"},{\"@type\":\"ListItem\",\"position\":3,\"name\":\"Disco \u00c9 Cultura, vol. 2 (Orange LP)\"}]},{\"@type\":\"WebSite\",\"@id\":\"https:\/\/wpguerssen-test.odoo.rgbconsulting.com\/es\/#website\",\"url\":\"https:\/\/wpguerssen-test.odoo.rgbconsulting.com\/es\/\",\"name\":\"Guerssen records\",\"description\":\"psychedelia - progressive - folk - garage \",\"publisher\":{\"@id\":\"https:\/\/wpguerssen-test.odoo.rgbconsulting.com\/es\/#organization\"},\"potentialAction\":[{\"@type\":\"SearchAction\",\"target\":{\"@type\":\"EntryPoint\",\"urlTemplate\":\"https:\/\/wpguerssen-test.odoo.rgbconsulting.com\/es\/?s={search_term_string}\"},\"query-input\":{\"@type\":\"PropertyValueSpecification\",\"valueRequired\":true,\"valueName\":\"search_term_string\"}}],\"inLanguage\":\"es\"},{\"@type\":\"Organization\",\"@id\":\"https:\/\/wpguerssen-test.odoo.rgbconsulting.com\/es\/#organization\",\"name\":\"Guerssen records\",\"url\":\"https:\/\/wpguerssen-test.odoo.rgbconsulting.com\/es\/\",\"logo\":{\"@type\":\"ImageObject\",\"inLanguage\":\"es\",\"@id\":\"https:\/\/wpguerssen-test.odoo.rgbconsulting.com\/es\/#\/schema\/logo\/image\/\",\"url\":\"https:\/\/wpguerssen-test.odoo.rgbconsulting.com\/wp-content\/uploads\/2022\/04\/Logo_Guerssen_trans_100.png\",\"contentUrl\":\"https:\/\/wpguerssen-test.odoo.rgbconsulting.com\/wp-content\/uploads\/2022\/04\/Logo_Guerssen_trans_100.png\",\"width\":122,\"height\":100,\"caption\":\"Guerssen records\"},\"image\":{\"@id\":\"https:\/\/wpguerssen-test.odoo.rgbconsulting.com\/es\/#\/schema\/logo\/image\/\"}}]}<\/script>\n<!-- \/ Yoast SEO plugin. -->","yoast_head_json":{"title":"VARIOUS ARTISTS - Disco \u00c9 Cultura, vol. 2 (Orange LP) -  (LP) | Guerssen","description":"ORANGE VINYL. LIMITED TO 200 COPIES.A tribute to a glorious and sophisticated era in Brazil music.\"Disco \u00e9 Cultura, vol. 2\" brings 15 tracks of the funkiest Brazilian music from the 70s and 80s. #nl# Soul and Funk were taking the world by storm in the 1970s. Brazilians developed their own sound by combining influences from Funk and Soul music from abroad to create something uniquely Brazilian. #nl# Tracklist:80's side: 1. JORGE BEN - Solit\u00e1rio Surfista - 2. ALMIR RICARDI - Sao Paulo (High Society) - 3. GUILHERME ARANTES - Fio Da Navalha - 4. MARCOS VALLE - Bicicleta - 5. SANDRA S\u00c1 - Pela Cidade - 6. TONY BIZARRO - Apenas Uma Vez - 7. VIVA VOZ - Fugitivos de Azul70's side: 1. HANNA - Deixa Rodar - 2. MARILIA BARBOSA - Manifesto - 3. TONY BIZARRO - O Que Se Faz Da Vida - 4. CORAL SOM LIVRE - Fogo Sobre Terra - 5. ANA MARIA E MAURICIO - Figa de Guin\u00e9 - 6. DJALMA DIAS - Nada Sei de Preconceito - 7. INEMA TRIO - Aru\u00e9 Pam - 8. JEREMIAS - A Vida \u00c9 Um Buraco","robots":{"index":"index","follow":"follow","max-snippet":"max-snippet:-1","max-image-preview":"max-image-preview:large","max-video-preview":"max-video-preview:-1"},"canonical":"https:\/\/wpguerssen-test.odoo.rgbconsulting.com\/es\/producto\/disco-e-cultura-vol-2-orange-lp\/","og_locale":"es_ES","og_type":"article","og_title":"VARIOUS ARTISTS - Disco \u00c9 Cultura, vol. 2 (Orange LP) -  (LP) | Guerssen","og_description":"ORANGE VINYL. LIMITED TO 200 COPIES.A tribute to a glorious and sophisticated era in Brazil music.\"Disco \u00e9 Cultura, vol. 2\" brings 15 tracks of the funkiest Brazilian music from the 70s and 80s. #nl# Soul and Funk were taking the world by storm in the 1970s. Brazilians developed their own sound by combining influences from Funk and Soul music from abroad to create something uniquely Brazilian. #nl# Tracklist:80's side: 1. JORGE BEN - Solit\u00e1rio Surfista - 2. ALMIR RICARDI - Sao Paulo (High Society) - 3. GUILHERME ARANTES - Fio Da Navalha - 4. MARCOS VALLE - Bicicleta - 5. SANDRA S\u00c1 - Pela Cidade - 6. TONY BIZARRO - Apenas Uma Vez - 7. VIVA VOZ - Fugitivos de Azul70's side: 1. HANNA - Deixa Rodar - 2. MARILIA BARBOSA - Manifesto - 3. TONY BIZARRO - O Que Se Faz Da Vida - 4. CORAL SOM LIVRE - Fogo Sobre Terra - 5. ANA MARIA E MAURICIO - Figa de Guin\u00e9 - 6. DJALMA DIAS - Nada Sei de Preconceito - 7. INEMA TRIO - Aru\u00e9 Pam - 8. JEREMIAS - A Vida \u00c9 Um Buraco","og_url":"https:\/\/wpguerssen-test.odoo.rgbconsulting.com\/es\/producto\/disco-e-cultura-vol-2-orange-lp\/","og_site_name":"Guerssen records","article_modified_time":"2025-04-15T11:57:08+00:00","og_image":[{"width":1200,"height":1200,"url":"https:\/\/wpguerssen-test.odoo.rgbconsulting.com\/wp-content\/uploads\/2024\/06\/48080.jpg","type":"image\/jpeg"}],"twitter_card":"summary_large_image","twitter_title":"VARIOUS ARTISTS - Disco \u00c9 Cultura, vol. 2 (Orange LP) -  (LP) | Guerssen","twitter_misc":{"Tiempo de lectura":"1 minuto"},"schema":{"@context":"https:\/\/schema.org","@graph":[{"@type":"WebPage","@id":"https:\/\/wpguerssen-test.odoo.rgbconsulting.com\/es\/producto\/disco-e-cultura-vol-2-orange-lp\/","url":"https:\/\/wpguerssen-test.odoo.rgbconsulting.com\/es\/producto\/disco-e-cultura-vol-2-orange-lp\/","name":"VARIOUS ARTISTS - Disco \u00c9 Cultura, vol. 2 (Orange LP) - (LP) | Guerssen","isPartOf":{"@id":"https:\/\/wpguerssen-test.odoo.rgbconsulting.com\/es\/#website"},"primaryImageOfPage":{"@id":"https:\/\/wpguerssen-test.odoo.rgbconsulting.com\/es\/producto\/disco-e-cultura-vol-2-orange-lp\/#primaryimage"},"image":{"@id":"https:\/\/wpguerssen-test.odoo.rgbconsulting.com\/es\/producto\/disco-e-cultura-vol-2-orange-lp\/#primaryimage"},"thumbnailUrl":"https:\/\/wpguerssen-test.odoo.rgbconsulting.com\/wp-content\/uploads\/2024\/06\/48080.jpg","datePublished":"2019-07-10T22:00:00+00:00","dateModified":"2025-04-15T11:57:08+00:00","description":"ORANGE VINYL. LIMITED TO 200 COPIES.A tribute to a glorious and sophisticated era in Brazil music.\"Disco \u00e9 Cultura, vol. 2\" brings 15 tracks of the funkiest Brazilian music from the 70s and 80s. #nl# Soul and Funk were taking the world by storm in the 1970s. Brazilians developed their own sound by combining influences from Funk and Soul music from abroad to create something uniquely Brazilian. #nl# Tracklist:80's side: 1. JORGE BEN - Solit\u00e1rio Surfista - 2. ALMIR RICARDI - Sao Paulo (High Society) - 3. GUILHERME ARANTES - Fio Da Navalha - 4. MARCOS VALLE - Bicicleta - 5. SANDRA S\u00c1 - Pela Cidade - 6. TONY BIZARRO - Apenas Uma Vez - 7. VIVA VOZ - Fugitivos de Azul70's side: 1. HANNA - Deixa Rodar - 2. MARILIA BARBOSA - Manifesto - 3. TONY BIZARRO - O Que Se Faz Da Vida - 4. CORAL SOM LIVRE - Fogo Sobre Terra - 5. ANA MARIA E MAURICIO - Figa de Guin\u00e9 - 6. DJALMA DIAS - Nada Sei de Preconceito - 7. INEMA TRIO - Aru\u00e9 Pam - 8. JEREMIAS - A Vida \u00c9 Um Buraco","breadcrumb":{"@id":"https:\/\/wpguerssen-test.odoo.rgbconsulting.com\/es\/producto\/disco-e-cultura-vol-2-orange-lp\/#breadcrumb"},"inLanguage":"es","potentialAction":[{"@type":"ReadAction","target":["https:\/\/wpguerssen-test.odoo.rgbconsulting.com\/es\/producto\/disco-e-cultura-vol-2-orange-lp\/"]}]},{"@type":"ImageObject","inLanguage":"es","@id":"https:\/\/wpguerssen-test.odoo.rgbconsulting.com\/es\/producto\/disco-e-cultura-vol-2-orange-lp\/#primaryimage","url":"https:\/\/wpguerssen-test.odoo.rgbconsulting.com\/wp-content\/uploads\/2024\/06\/48080.jpg","contentUrl":"https:\/\/wpguerssen-test.odoo.rgbconsulting.com\/wp-content\/uploads\/2024\/06\/48080.jpg","width":1200,"height":1200,"caption":"vol. 2 (Orange LP) - MAD ABOUT RECORDS (LP) | Guerssen"},{"@type":"BreadcrumbList","@id":"https:\/\/wpguerssen-test.odoo.rgbconsulting.com\/es\/producto\/disco-e-cultura-vol-2-orange-lp\/#breadcrumb","itemListElement":[{"@type":"ListItem","position":1,"name":"Inicio","item":"https:\/\/wpguerssen-test.odoo.rgbconsulting.com\/es\/"},{"@type":"ListItem","position":2,"name":"Shop","item":"https:\/\/wpguerssen-test.odoo.rgbconsulting.com\/shop\/"},{"@type":"ListItem","position":3,"name":"Disco \u00c9 Cultura, vol. 2 (Orange LP)"}]},{"@type":"WebSite","@id":"https:\/\/wpguerssen-test.odoo.rgbconsulting.com\/es\/#website","url":"https:\/\/wpguerssen-test.odoo.rgbconsulting.com\/es\/","name":"Guerssen records","description":"psychedelia - progressive - folk - garage ","publisher":{"@id":"https:\/\/wpguerssen-test.odoo.rgbconsulting.com\/es\/#organization"},"potentialAction":[{"@type":"SearchAction","target":{"@type":"EntryPoint","urlTemplate":"https:\/\/wpguerssen-test.odoo.rgbconsulting.com\/es\/?s={search_term_string}"},"query-input":{"@type":"PropertyValueSpecification","valueRequired":true,"valueName":"search_term_string"}}],"inLanguage":"es"},{"@type":"Organization","@id":"https:\/\/wpguerssen-test.odoo.rgbconsulting.com\/es\/#organization","name":"Guerssen records","url":"https:\/\/wpguerssen-test.odoo.rgbconsulting.com\/es\/","logo":{"@type":"ImageObject","inLanguage":"es","@id":"https:\/\/wpguerssen-test.odoo.rgbconsulting.com\/es\/#\/schema\/logo\/image\/","url":"https:\/\/wpguerssen-test.odoo.rgbconsulting.com\/wp-content\/uploads\/2022\/04\/Logo_Guerssen_trans_100.png","contentUrl":"https:\/\/wpguerssen-test.odoo.rgbconsulting.com\/wp-content\/uploads\/2022\/04\/Logo_Guerssen_trans_100.png","width":122,"height":100,"caption":"Guerssen records"},"image":{"@id":"https:\/\/wpguerssen-test.odoo.rgbconsulting.com\/es\/#\/schema\/logo\/image\/"}}]}},"_links":{"self":[{"href":"https:\/\/wpguerssen-test.odoo.rgbconsulting.com\/es\/wp-json\/wp\/v2\/product\/269743","targetHints":{"allow":["GET"]}}],"collection":[{"href":"https:\/\/wpguerssen-test.odoo.rgbconsulting.com\/es\/wp-json\/wp\/v2\/product"}],"about":[{"href":"https:\/\/wpguerssen-test.odoo.rgbconsulting.com\/es\/wp-json\/wp\/v2\/types\/product"}],"wp:featuredmedia":[{"embeddable":true,"href":"https:\/\/wpguerssen-test.odoo.rgbconsulting.com\/es\/wp-json\/wp\/v2\/media\/269745"}],"wp:attachment":[{"href":"https:\/\/wpguerssen-test.odoo.rgbconsulting.com\/es\/wp-json\/wp\/v2\/media?parent=269743"}],"wp:term":[{"taxonomy":"product_brand","embeddable":true,"href":"https:\/\/wpguerssen-test.odoo.rgbconsulting.com\/es\/wp-json\/wp\/v2\/product_brand?post=269743"},{"taxonomy":"product_cat","embeddable":true,"href":"https:\/\/wpguerssen-test.odoo.rgbconsulting.com\/es\/wp-json\/wp\/v2\/product_cat?post=269743"},{"taxonomy":"product_tag","embeddable":true,"href":"https:\/\/wpguerssen-test.odoo.rgbconsulting.com\/es\/wp-json\/wp\/v2\/product_tag?post=269743"}],"curies":[{"name":"wp","href":"https:\/\/api.w.org\/{rel}","templated":true}]}}