{"id":270318,"date":"2022-07-20T00:00:00","date_gmt":"2022-07-19T22:00:00","guid":{"rendered":"https:\/\/wpguerssen-test.odoo.rgbconsulting.com\/product\/wave-on\/"},"modified":"2024-09-05T13:16:36","modified_gmt":"2024-09-05T11:16:36","slug":"wave-on","status":"publish","type":"product","link":"https:\/\/wpguerssen-test.odoo.rgbconsulting.com\/es\/producto\/wave-on\/","title":{"rendered":"Wave On"},"content":{"rendered":"<p>Por primera vez reeditado este imposible de encontrar disco franc\u00e9s acid-folk de 1972, con conexiones a Long Orme y publicado originalmente como prensaje privado en el sello Kiosque d&#8217;Orph\u00e9e. Grabado en un estudio casero por el m\u00fasico franc\u00e9s Dominique Droin (antes de ser m\u00fasico de acompa\u00f1amiento de los Gipsy Kings!) con la ayuda de varios amigos, el disco tiene una atm\u00f3sfera fr\u00e1gil y melanc\u00f3lica, con un sonido muy influenciado por el folk brit\u00e1nico de los 70 (piensa en Donovan, John Renbourn, Nick Drake, Bert Jansch&#8230;)<br \/>Buenas canciones en ingl\u00e9s con guitarras ac\u00fasticas, flauta, chelo e incluso acompa\u00f1amiento de banda el\u00e9ctrica en el alucinante tema psicod\u00e9lico de 8 minutos que da t\u00edtulo al disco. <\/p>\n<p> *Portada de cart\u00f3n duro + OBI.<br \/>*Insert con detalladas notas y fotos<br \/>*Cup\u00f3n de descarga incluyendo dos bonus tracks<br \/>*Limitado a 300 copias numeradas a mano. <\/p>\n<p> Tracklist:<br \/>SIDE A:<br \/>A1. Your Tears &#8211; A2. My Only Love &#8211; A3. Farewell &#8211; A4. The Capricorn And The Libra &#8211; A5. Wave On<br \/>SIDE B:<br \/>B1. Little Mary &#8211; B2. Caterpillar &#8211; B3. Three Aces of Heart &#8211; B4. Tonight Will Be Fine &#8211; B5. Hommage To Renbourn &#8211; B6. Wanna Lay You Down <\/p>\n<p> Tracklist:<br \/>SIDE A:<br \/>A1. Your Tears &#8211; A2. My Only Love &#8211; A3. Farewell &#8211; A4. The Capricorn And The Libra &#8211; A5. Wave On<br \/>SIDE B:<br \/>B1. Little Mary &#8211; B2. Caterpillar &#8211; B3. Three Aces of Heart &#8211; B4. Tonight Will Be Fine &#8211; B5. Hommage To Renbourn &#8211; B6. Wanna Lay You Down <\/p>\n<p> * CD bonus track: The Capricorn and The Libra (2021 version)<br \/>* Digital bonus track: Blackbird<\/p>\n","protected":false},"excerpt":{"rendered":"<p>Por primera vez reeditado este imposible de encontrar disco franc\u00e9s acid-folk de 1972, con conexiones a Long Orme y publicado originalmente como prensaje privado<a class=\"read\" href=\"https:\/\/wpguerssen-test.odoo.rgbconsulting.com\/es\/producto\/wave-on\/\"> (...)<\/a>","protected":false},"featured_media":216211,"template":"","meta":{"_acf_changed":false},"product_brand":[],"product_cat":[21639,23274],"product_tag":[],"class_list":{"0":"post-270318","1":"product","2":"type-product","3":"status-publish","4":"has-post-thumbnail","6":"product_cat-psychedelic60s-70s-es","7":"product_cat-folk-rock-60s-70s-es","8":"pa_artist-droin-dominique","9":"pa_format-lp-es","10":"pa_gender-folk-rock-60s-70s-psychedelic60s-70s","11":"pa_label-sommor-es","12":"pa_location-europe-es","13":"pa_other-filters-vinyl-only-es","15":"first","16":"instock","17":"taxable","18":"shipping-taxable","19":"purchasable","20":"product-type-simple"},"acf":[],"yoast_head":"<!-- This site is optimized with the Yoast SEO plugin v24.9 - https:\/\/yoast.com\/wordpress\/plugins\/seo\/ -->\n<title>DROIN, Dominique - Wave On -  (LP) | Guerssen<\/title>\n<meta name=\"description\" content=\"First ever reissue of this impossible to find private acid-folk album from France, 1972, related to Long Orme and originally released as a tiny pressing on cult Kiosque d&#039;Orph\u00e9e label (the French Deroy). Recorded by French musician Dominique Droin (later a Gipsy Kings backing musician!) and some friends\/musicians at a basement studio, the album has a charming homemade vibe and melancholic atmosphere with a strong UK folk influence (think Donovan, John Renbourn, Bert Jansch or Nick Drake). Beautiful songs in English with acoustic guitars, flute, cello and even full electric backing on the monster 8-minute psychedelic title track. #nl# *Hard cardboard sleeve + OBI*Insert with rare photos and detailed liner notes.*Download card for the full album plus two bonus tracks.*Limited to 300 hand-numbered copies #nl# Tracklist:SIDE A:A1. Your Tears - A2. My Only Love - A3. Farewell - A4. The Capricorn And The Libra - A5. Wave OnSIDE B:B1. Little Mary - B2. Caterpillar - B3. Three Aces of Heart - B4. Tonight Will Be Fine - B5. Hommage To Renbourn - B6. Wanna Lay You Down #nl# * CD bonus track: The Capricorn and The Libra (2021 version)* Digital bonus track: Blackbird\" \/>\n<meta name=\"robots\" content=\"index, follow, max-snippet:-1, max-image-preview:large, max-video-preview:-1\" \/>\n<link rel=\"canonical\" href=\"https:\/\/wpguerssen-test.odoo.rgbconsulting.com\/es\/producto\/wave-on\/\" \/>\n<meta property=\"og:locale\" content=\"es_ES\" \/>\n<meta property=\"og:type\" content=\"article\" \/>\n<meta property=\"og:title\" content=\"DROIN, Dominique - Wave On -  (LP) | Guerssen\" \/>\n<meta property=\"og:description\" content=\"First ever reissue of this impossible to find private acid-folk album from France, 1972, related to Long Orme and originally released as a tiny pressing on cult Kiosque d&#039;Orph\u00e9e label (the French Deroy). Recorded by French musician Dominique Droin (later a Gipsy Kings backing musician!) and some friends\/musicians at a basement studio, the album has a charming homemade vibe and melancholic atmosphere with a strong UK folk influence (think Donovan, John Renbourn, Bert Jansch or Nick Drake). Beautiful songs in English with acoustic guitars, flute, cello and even full electric backing on the monster 8-minute psychedelic title track. #nl# *Hard cardboard sleeve + OBI*Insert with rare photos and detailed liner notes.*Download card for the full album plus two bonus tracks.*Limited to 300 hand-numbered copies #nl# Tracklist:SIDE A:A1. Your Tears - A2. My Only Love - A3. Farewell - A4. The Capricorn And The Libra - A5. Wave OnSIDE B:B1. Little Mary - B2. Caterpillar - B3. Three Aces of Heart - B4. Tonight Will Be Fine - B5. Hommage To Renbourn - B6. Wanna Lay You Down #nl# * CD bonus track: The Capricorn and The Libra (2021 version)* Digital bonus track: Blackbird\" \/>\n<meta property=\"og:url\" content=\"https:\/\/wpguerssen-test.odoo.rgbconsulting.com\/es\/producto\/wave-on\/\" \/>\n<meta property=\"og:site_name\" content=\"Guerssen records\" \/>\n<meta property=\"article:modified_time\" content=\"2024-09-05T11:16:36+00:00\" \/>\n<meta property=\"og:image\" content=\"https:\/\/wpguerssen-test.odoo.rgbconsulting.com\/wp-content\/uploads\/2022\/07\/39209.jpg\" \/>\n\t<meta property=\"og:image:width\" content=\"1400\" \/>\n\t<meta property=\"og:image:height\" content=\"1400\" \/>\n\t<meta property=\"og:image:type\" content=\"image\/jpeg\" \/>\n<meta name=\"twitter:card\" content=\"summary_large_image\" \/>\n<meta name=\"twitter:title\" content=\"DROIN, Dominique - Wave On -  (LP) | Guerssen\" \/>\n<meta name=\"twitter:label1\" content=\"Tiempo de lectura\" \/>\n\t<meta name=\"twitter:data1\" content=\"1 minuto\" \/>\n<script type=\"application\/ld+json\" class=\"yoast-schema-graph\">{\"@context\":\"https:\/\/schema.org\",\"@graph\":[{\"@type\":\"WebPage\",\"@id\":\"https:\/\/wpguerssen-test.odoo.rgbconsulting.com\/es\/producto\/wave-on\/\",\"url\":\"https:\/\/wpguerssen-test.odoo.rgbconsulting.com\/es\/producto\/wave-on\/\",\"name\":\"DROIN, Dominique - Wave On - (LP) | Guerssen\",\"isPartOf\":{\"@id\":\"https:\/\/wpguerssen-test.odoo.rgbconsulting.com\/es\/#website\"},\"primaryImageOfPage\":{\"@id\":\"https:\/\/wpguerssen-test.odoo.rgbconsulting.com\/es\/producto\/wave-on\/#primaryimage\"},\"image\":{\"@id\":\"https:\/\/wpguerssen-test.odoo.rgbconsulting.com\/es\/producto\/wave-on\/#primaryimage\"},\"thumbnailUrl\":\"https:\/\/wpguerssen-test.odoo.rgbconsulting.com\/wp-content\/uploads\/2022\/07\/39209.jpg\",\"datePublished\":\"2022-07-19T22:00:00+00:00\",\"dateModified\":\"2024-09-05T11:16:36+00:00\",\"description\":\"First ever reissue of this impossible to find private acid-folk album from France, 1972, related to Long Orme and originally released as a tiny pressing on cult Kiosque d'Orph\u00e9e label (the French Deroy). Recorded by French musician Dominique Droin (later a Gipsy Kings backing musician!) and some friends\/musicians at a basement studio, the album has a charming homemade vibe and melancholic atmosphere with a strong UK folk influence (think Donovan, John Renbourn, Bert Jansch or Nick Drake). Beautiful songs in English with acoustic guitars, flute, cello and even full electric backing on the monster 8-minute psychedelic title track. #nl# *Hard cardboard sleeve + OBI*Insert with rare photos and detailed liner notes.*Download card for the full album plus two bonus tracks.*Limited to 300 hand-numbered copies #nl# Tracklist:SIDE A:A1. Your Tears - A2. My Only Love - A3. Farewell - A4. The Capricorn And The Libra - A5. Wave OnSIDE B:B1. Little Mary - B2. Caterpillar - B3. Three Aces of Heart - B4. Tonight Will Be Fine - B5. Hommage To Renbourn - B6. Wanna Lay You Down #nl# * CD bonus track: The Capricorn and The Libra (2021 version)* Digital bonus track: Blackbird\",\"breadcrumb\":{\"@id\":\"https:\/\/wpguerssen-test.odoo.rgbconsulting.com\/es\/producto\/wave-on\/#breadcrumb\"},\"inLanguage\":\"es\",\"potentialAction\":[{\"@type\":\"ReadAction\",\"target\":[\"https:\/\/wpguerssen-test.odoo.rgbconsulting.com\/es\/producto\/wave-on\/\"]}]},{\"@type\":\"ImageObject\",\"inLanguage\":\"es\",\"@id\":\"https:\/\/wpguerssen-test.odoo.rgbconsulting.com\/es\/producto\/wave-on\/#primaryimage\",\"url\":\"https:\/\/wpguerssen-test.odoo.rgbconsulting.com\/wp-content\/uploads\/2022\/07\/39209.jpg\",\"contentUrl\":\"https:\/\/wpguerssen-test.odoo.rgbconsulting.com\/wp-content\/uploads\/2022\/07\/39209.jpg\",\"width\":1400,\"height\":1400,\"caption\":\"Dominique - Wave On - SOMMOR (LP) | Guerssen\"},{\"@type\":\"BreadcrumbList\",\"@id\":\"https:\/\/wpguerssen-test.odoo.rgbconsulting.com\/es\/producto\/wave-on\/#breadcrumb\",\"itemListElement\":[{\"@type\":\"ListItem\",\"position\":1,\"name\":\"Inicio\",\"item\":\"https:\/\/wpguerssen-test.odoo.rgbconsulting.com\/es\/\"},{\"@type\":\"ListItem\",\"position\":2,\"name\":\"Shop\",\"item\":\"https:\/\/wpguerssen-test.odoo.rgbconsulting.com\/shop\/\"},{\"@type\":\"ListItem\",\"position\":3,\"name\":\"Wave On\"}]},{\"@type\":\"WebSite\",\"@id\":\"https:\/\/wpguerssen-test.odoo.rgbconsulting.com\/es\/#website\",\"url\":\"https:\/\/wpguerssen-test.odoo.rgbconsulting.com\/es\/\",\"name\":\"Guerssen records\",\"description\":\"psychedelia - progressive - folk - garage \",\"publisher\":{\"@id\":\"https:\/\/wpguerssen-test.odoo.rgbconsulting.com\/es\/#organization\"},\"potentialAction\":[{\"@type\":\"SearchAction\",\"target\":{\"@type\":\"EntryPoint\",\"urlTemplate\":\"https:\/\/wpguerssen-test.odoo.rgbconsulting.com\/es\/?s={search_term_string}\"},\"query-input\":{\"@type\":\"PropertyValueSpecification\",\"valueRequired\":true,\"valueName\":\"search_term_string\"}}],\"inLanguage\":\"es\"},{\"@type\":\"Organization\",\"@id\":\"https:\/\/wpguerssen-test.odoo.rgbconsulting.com\/es\/#organization\",\"name\":\"Guerssen records\",\"url\":\"https:\/\/wpguerssen-test.odoo.rgbconsulting.com\/es\/\",\"logo\":{\"@type\":\"ImageObject\",\"inLanguage\":\"es\",\"@id\":\"https:\/\/wpguerssen-test.odoo.rgbconsulting.com\/es\/#\/schema\/logo\/image\/\",\"url\":\"https:\/\/wpguerssen-test.odoo.rgbconsulting.com\/wp-content\/uploads\/2022\/04\/Logo_Guerssen_trans_100.png\",\"contentUrl\":\"https:\/\/wpguerssen-test.odoo.rgbconsulting.com\/wp-content\/uploads\/2022\/04\/Logo_Guerssen_trans_100.png\",\"width\":122,\"height\":100,\"caption\":\"Guerssen records\"},\"image\":{\"@id\":\"https:\/\/wpguerssen-test.odoo.rgbconsulting.com\/es\/#\/schema\/logo\/image\/\"}}]}<\/script>\n<!-- \/ Yoast SEO plugin. -->","yoast_head_json":{"title":"DROIN, Dominique - Wave On -  (LP) | Guerssen","description":"First ever reissue of this impossible to find private acid-folk album from France, 1972, related to Long Orme and originally released as a tiny pressing on cult Kiosque d'Orph\u00e9e label (the French Deroy). Recorded by French musician Dominique Droin (later a Gipsy Kings backing musician!) and some friends\/musicians at a basement studio, the album has a charming homemade vibe and melancholic atmosphere with a strong UK folk influence (think Donovan, John Renbourn, Bert Jansch or Nick Drake). Beautiful songs in English with acoustic guitars, flute, cello and even full electric backing on the monster 8-minute psychedelic title track. #nl# *Hard cardboard sleeve + OBI*Insert with rare photos and detailed liner notes.*Download card for the full album plus two bonus tracks.*Limited to 300 hand-numbered copies #nl# Tracklist:SIDE A:A1. Your Tears - A2. My Only Love - A3. Farewell - A4. The Capricorn And The Libra - A5. Wave OnSIDE B:B1. Little Mary - B2. Caterpillar - B3. Three Aces of Heart - B4. Tonight Will Be Fine - B5. Hommage To Renbourn - B6. Wanna Lay You Down #nl# * CD bonus track: The Capricorn and The Libra (2021 version)* Digital bonus track: Blackbird","robots":{"index":"index","follow":"follow","max-snippet":"max-snippet:-1","max-image-preview":"max-image-preview:large","max-video-preview":"max-video-preview:-1"},"canonical":"https:\/\/wpguerssen-test.odoo.rgbconsulting.com\/es\/producto\/wave-on\/","og_locale":"es_ES","og_type":"article","og_title":"DROIN, Dominique - Wave On -  (LP) | Guerssen","og_description":"First ever reissue of this impossible to find private acid-folk album from France, 1972, related to Long Orme and originally released as a tiny pressing on cult Kiosque d'Orph\u00e9e label (the French Deroy). Recorded by French musician Dominique Droin (later a Gipsy Kings backing musician!) and some friends\/musicians at a basement studio, the album has a charming homemade vibe and melancholic atmosphere with a strong UK folk influence (think Donovan, John Renbourn, Bert Jansch or Nick Drake). Beautiful songs in English with acoustic guitars, flute, cello and even full electric backing on the monster 8-minute psychedelic title track. #nl# *Hard cardboard sleeve + OBI*Insert with rare photos and detailed liner notes.*Download card for the full album plus two bonus tracks.*Limited to 300 hand-numbered copies #nl# Tracklist:SIDE A:A1. Your Tears - A2. My Only Love - A3. Farewell - A4. The Capricorn And The Libra - A5. Wave OnSIDE B:B1. Little Mary - B2. Caterpillar - B3. Three Aces of Heart - B4. Tonight Will Be Fine - B5. Hommage To Renbourn - B6. Wanna Lay You Down #nl# * CD bonus track: The Capricorn and The Libra (2021 version)* Digital bonus track: Blackbird","og_url":"https:\/\/wpguerssen-test.odoo.rgbconsulting.com\/es\/producto\/wave-on\/","og_site_name":"Guerssen records","article_modified_time":"2024-09-05T11:16:36+00:00","og_image":[{"width":1400,"height":1400,"url":"https:\/\/wpguerssen-test.odoo.rgbconsulting.com\/wp-content\/uploads\/2022\/07\/39209.jpg","type":"image\/jpeg"}],"twitter_card":"summary_large_image","twitter_title":"DROIN, Dominique - Wave On -  (LP) | Guerssen","twitter_misc":{"Tiempo de lectura":"1 minuto"},"schema":{"@context":"https:\/\/schema.org","@graph":[{"@type":"WebPage","@id":"https:\/\/wpguerssen-test.odoo.rgbconsulting.com\/es\/producto\/wave-on\/","url":"https:\/\/wpguerssen-test.odoo.rgbconsulting.com\/es\/producto\/wave-on\/","name":"DROIN, Dominique - Wave On - (LP) | Guerssen","isPartOf":{"@id":"https:\/\/wpguerssen-test.odoo.rgbconsulting.com\/es\/#website"},"primaryImageOfPage":{"@id":"https:\/\/wpguerssen-test.odoo.rgbconsulting.com\/es\/producto\/wave-on\/#primaryimage"},"image":{"@id":"https:\/\/wpguerssen-test.odoo.rgbconsulting.com\/es\/producto\/wave-on\/#primaryimage"},"thumbnailUrl":"https:\/\/wpguerssen-test.odoo.rgbconsulting.com\/wp-content\/uploads\/2022\/07\/39209.jpg","datePublished":"2022-07-19T22:00:00+00:00","dateModified":"2024-09-05T11:16:36+00:00","description":"First ever reissue of this impossible to find private acid-folk album from France, 1972, related to Long Orme and originally released as a tiny pressing on cult Kiosque d'Orph\u00e9e label (the French Deroy). Recorded by French musician Dominique Droin (later a Gipsy Kings backing musician!) and some friends\/musicians at a basement studio, the album has a charming homemade vibe and melancholic atmosphere with a strong UK folk influence (think Donovan, John Renbourn, Bert Jansch or Nick Drake). Beautiful songs in English with acoustic guitars, flute, cello and even full electric backing on the monster 8-minute psychedelic title track. #nl# *Hard cardboard sleeve + OBI*Insert with rare photos and detailed liner notes.*Download card for the full album plus two bonus tracks.*Limited to 300 hand-numbered copies #nl# Tracklist:SIDE A:A1. Your Tears - A2. My Only Love - A3. Farewell - A4. The Capricorn And The Libra - A5. Wave OnSIDE B:B1. Little Mary - B2. Caterpillar - B3. Three Aces of Heart - B4. Tonight Will Be Fine - B5. Hommage To Renbourn - B6. Wanna Lay You Down #nl# * CD bonus track: The Capricorn and The Libra (2021 version)* Digital bonus track: Blackbird","breadcrumb":{"@id":"https:\/\/wpguerssen-test.odoo.rgbconsulting.com\/es\/producto\/wave-on\/#breadcrumb"},"inLanguage":"es","potentialAction":[{"@type":"ReadAction","target":["https:\/\/wpguerssen-test.odoo.rgbconsulting.com\/es\/producto\/wave-on\/"]}]},{"@type":"ImageObject","inLanguage":"es","@id":"https:\/\/wpguerssen-test.odoo.rgbconsulting.com\/es\/producto\/wave-on\/#primaryimage","url":"https:\/\/wpguerssen-test.odoo.rgbconsulting.com\/wp-content\/uploads\/2022\/07\/39209.jpg","contentUrl":"https:\/\/wpguerssen-test.odoo.rgbconsulting.com\/wp-content\/uploads\/2022\/07\/39209.jpg","width":1400,"height":1400,"caption":"Dominique - Wave On - SOMMOR (LP) | Guerssen"},{"@type":"BreadcrumbList","@id":"https:\/\/wpguerssen-test.odoo.rgbconsulting.com\/es\/producto\/wave-on\/#breadcrumb","itemListElement":[{"@type":"ListItem","position":1,"name":"Inicio","item":"https:\/\/wpguerssen-test.odoo.rgbconsulting.com\/es\/"},{"@type":"ListItem","position":2,"name":"Shop","item":"https:\/\/wpguerssen-test.odoo.rgbconsulting.com\/shop\/"},{"@type":"ListItem","position":3,"name":"Wave On"}]},{"@type":"WebSite","@id":"https:\/\/wpguerssen-test.odoo.rgbconsulting.com\/es\/#website","url":"https:\/\/wpguerssen-test.odoo.rgbconsulting.com\/es\/","name":"Guerssen records","description":"psychedelia - progressive - folk - garage ","publisher":{"@id":"https:\/\/wpguerssen-test.odoo.rgbconsulting.com\/es\/#organization"},"potentialAction":[{"@type":"SearchAction","target":{"@type":"EntryPoint","urlTemplate":"https:\/\/wpguerssen-test.odoo.rgbconsulting.com\/es\/?s={search_term_string}"},"query-input":{"@type":"PropertyValueSpecification","valueRequired":true,"valueName":"search_term_string"}}],"inLanguage":"es"},{"@type":"Organization","@id":"https:\/\/wpguerssen-test.odoo.rgbconsulting.com\/es\/#organization","name":"Guerssen records","url":"https:\/\/wpguerssen-test.odoo.rgbconsulting.com\/es\/","logo":{"@type":"ImageObject","inLanguage":"es","@id":"https:\/\/wpguerssen-test.odoo.rgbconsulting.com\/es\/#\/schema\/logo\/image\/","url":"https:\/\/wpguerssen-test.odoo.rgbconsulting.com\/wp-content\/uploads\/2022\/04\/Logo_Guerssen_trans_100.png","contentUrl":"https:\/\/wpguerssen-test.odoo.rgbconsulting.com\/wp-content\/uploads\/2022\/04\/Logo_Guerssen_trans_100.png","width":122,"height":100,"caption":"Guerssen records"},"image":{"@id":"https:\/\/wpguerssen-test.odoo.rgbconsulting.com\/es\/#\/schema\/logo\/image\/"}}]}},"_links":{"self":[{"href":"https:\/\/wpguerssen-test.odoo.rgbconsulting.com\/es\/wp-json\/wp\/v2\/product\/270318","targetHints":{"allow":["GET"]}}],"collection":[{"href":"https:\/\/wpguerssen-test.odoo.rgbconsulting.com\/es\/wp-json\/wp\/v2\/product"}],"about":[{"href":"https:\/\/wpguerssen-test.odoo.rgbconsulting.com\/es\/wp-json\/wp\/v2\/types\/product"}],"wp:featuredmedia":[{"embeddable":true,"href":"https:\/\/wpguerssen-test.odoo.rgbconsulting.com\/es\/wp-json\/wp\/v2\/media\/216211"}],"wp:attachment":[{"href":"https:\/\/wpguerssen-test.odoo.rgbconsulting.com\/es\/wp-json\/wp\/v2\/media?parent=270318"}],"wp:term":[{"taxonomy":"product_brand","embeddable":true,"href":"https:\/\/wpguerssen-test.odoo.rgbconsulting.com\/es\/wp-json\/wp\/v2\/product_brand?post=270318"},{"taxonomy":"product_cat","embeddable":true,"href":"https:\/\/wpguerssen-test.odoo.rgbconsulting.com\/es\/wp-json\/wp\/v2\/product_cat?post=270318"},{"taxonomy":"product_tag","embeddable":true,"href":"https:\/\/wpguerssen-test.odoo.rgbconsulting.com\/es\/wp-json\/wp\/v2\/product_tag?post=270318"}],"curies":[{"name":"wp","href":"https:\/\/api.w.org\/{rel}","templated":true}]}}