{"id":270327,"date":"2024-06-27T00:00:00","date_gmt":"2024-06-26T22:00:00","guid":{"rendered":"https:\/\/wpguerssen-test.odoo.rgbconsulting.com\/product\/live-lullabies-and-other-bedtime-stories-yellow\/"},"modified":"2025-02-20T18:37:53","modified_gmt":"2025-02-20T17:37:53","slug":"live-lullabies-and-other-bedtime-stories-yellow","status":"publish","type":"product","link":"https:\/\/wpguerssen-test.odoo.rgbconsulting.com\/es\/producto\/live-lullabies-and-other-bedtime-stories-yellow\/","title":{"rendered":"Live Lullabies And Other Bedtime Stories (Yellow)"},"content":{"rendered":"<p>El legendario grupo The Cure ha actuado en todo el mundo a lo largo de su condecorada carrera, pero en 1996, cuando se dirigieron a Brasil, era la primera vez que estaban en el pa\u00eds desde 1988. Estuvieron all\u00ed para la edici\u00f3n de 1996 de Hollywood Festival de Rock que encabezaron de manera magn\u00edfica y cautivaron a sus fan\u00e1ticos latinoamericanos. Live Lullabies &#038; Other Bedtime Stories es una grabaci\u00f3n especial de esa noche que viene en un bonito vinilo amarillo y presenta himnos caracter\u00edsticos como &#8216;Boys Don&#8217;t Cry&#8217;, &#8216;Friday I&#8217;m In Love&#8217;, &#8216;Just Like Heaven&#8217; y mucho mas.<\/p>\n","protected":false},"excerpt":{"rendered":"<p>El legendario grupo The Cure ha actuado en todo el mundo a lo largo de su condecorada carrera, pero en 1996, cuando se dirigieron a Brasil, era la primera vez que<a class=\"read\" href=\"https:\/\/wpguerssen-test.odoo.rgbconsulting.com\/es\/producto\/live-lullabies-and-other-bedtime-stories-yellow\/\"> (...)<\/a>","protected":false},"featured_media":270427,"template":"","meta":{"_acf_changed":false},"product_brand":[],"product_cat":[23234],"product_tag":[29140],"class_list":{"0":"post-270327","1":"product","2":"type-product","3":"status-publish","4":"has-post-thumbnail","6":"product_cat-pop-rock-es","7":"product_tag-color-vinyl-es","8":"pa_artist-cure-the-es","9":"pa_format-lp-es","10":"pa_gender-pop-rock","11":"pa_label-yellow-vin","12":"pa_location-uk-ireland-es","13":"pa_other-filters-vinyl-only-es","15":"first","16":"instock","17":"taxable","18":"shipping-taxable","19":"purchasable","20":"product-type-simple"},"acf":[],"yoast_head":"<!-- This site is optimized with the Yoast SEO plugin v24.9 - https:\/\/yoast.com\/wordpress\/plugins\/seo\/ -->\n<title>CURE, The - Live Lullabies And Other Bedtime Stories (Yellow) -  (LP) | Guerssen<\/title>\n<meta name=\"description\" content=\"Legendary emo indie outfit The Cure have played all over the world in their decorated careers but back in 1996 when they headed to Brazil, it was the first time they had been to the country since 1988. They were there for the 1996 edition of the Hollywood Rock Festival which they headlined in superb fashion and wowed their Latin American fans. Live Lullabies &amp; Other Bedtime Stories is a special recording of that night that comes on nice yellow vinyl and features the likes of signature anthems like &#039;Boys Don&#039;t Cry,&#039; &#039;Friday I&#039;m In Love,&#039; &#039;Just Like Heaven&#039; and many more.TRACKLISt: Side 1 1 Fascination Street 4:44 2 A Night Like This 4:42 3 Pictures Of You 7:22 4 Lullaby 4:10 Side 2 1 Just Like Heaven 3:24 2 The Walk 3:22 3 Let&#039;s Go To Bed 3:17 4 Friday I&#039;m In Love 3:45 5 In Between Days 2:54 6 Boy&#039;s Don&#039;t Cry 3:08\" \/>\n<meta name=\"robots\" content=\"index, follow, max-snippet:-1, max-image-preview:large, max-video-preview:-1\" \/>\n<link rel=\"canonical\" href=\"https:\/\/wpguerssen-test.odoo.rgbconsulting.com\/es\/producto\/live-lullabies-and-other-bedtime-stories-yellow\/\" \/>\n<meta property=\"og:locale\" content=\"es_ES\" \/>\n<meta property=\"og:type\" content=\"article\" \/>\n<meta property=\"og:title\" content=\"CURE, The - Live Lullabies And Other Bedtime Stories (Yellow) -  (LP) | Guerssen\" \/>\n<meta property=\"og:description\" content=\"Legendary emo indie outfit The Cure have played all over the world in their decorated careers but back in 1996 when they headed to Brazil, it was the first time they had been to the country since 1988. They were there for the 1996 edition of the Hollywood Rock Festival which they headlined in superb fashion and wowed their Latin American fans. Live Lullabies &amp; Other Bedtime Stories is a special recording of that night that comes on nice yellow vinyl and features the likes of signature anthems like &#039;Boys Don&#039;t Cry,&#039; &#039;Friday I&#039;m In Love,&#039; &#039;Just Like Heaven&#039; and many more.TRACKLISt: Side 1 1 Fascination Street 4:44 2 A Night Like This 4:42 3 Pictures Of You 7:22 4 Lullaby 4:10 Side 2 1 Just Like Heaven 3:24 2 The Walk 3:22 3 Let&#039;s Go To Bed 3:17 4 Friday I&#039;m In Love 3:45 5 In Between Days 2:54 6 Boy&#039;s Don&#039;t Cry 3:08\" \/>\n<meta property=\"og:url\" content=\"https:\/\/wpguerssen-test.odoo.rgbconsulting.com\/es\/producto\/live-lullabies-and-other-bedtime-stories-yellow\/\" \/>\n<meta property=\"og:site_name\" content=\"Guerssen records\" \/>\n<meta property=\"article:modified_time\" content=\"2025-02-20T17:37:53+00:00\" \/>\n<meta property=\"og:image\" content=\"https:\/\/wpguerssen-test.odoo.rgbconsulting.com\/wp-content\/uploads\/2024\/06\/48085.jpg\" \/>\n\t<meta property=\"og:image:width\" content=\"1200\" \/>\n\t<meta property=\"og:image:height\" content=\"1200\" \/>\n\t<meta property=\"og:image:type\" content=\"image\/jpeg\" \/>\n<meta name=\"twitter:card\" content=\"summary_large_image\" \/>\n<meta name=\"twitter:title\" content=\"CURE, The - Live Lullabies And Other Bedtime Stories (Yellow) -  (LP) | Guerssen\" \/>\n<meta name=\"twitter:label1\" content=\"Tiempo de lectura\" \/>\n\t<meta name=\"twitter:data1\" content=\"1 minuto\" \/>\n<script type=\"application\/ld+json\" class=\"yoast-schema-graph\">{\"@context\":\"https:\/\/schema.org\",\"@graph\":[{\"@type\":\"WebPage\",\"@id\":\"https:\/\/wpguerssen-test.odoo.rgbconsulting.com\/es\/producto\/live-lullabies-and-other-bedtime-stories-yellow\/\",\"url\":\"https:\/\/wpguerssen-test.odoo.rgbconsulting.com\/es\/producto\/live-lullabies-and-other-bedtime-stories-yellow\/\",\"name\":\"CURE, The - Live Lullabies And Other Bedtime Stories (Yellow) - (LP) | Guerssen\",\"isPartOf\":{\"@id\":\"https:\/\/wpguerssen-test.odoo.rgbconsulting.com\/es\/#website\"},\"primaryImageOfPage\":{\"@id\":\"https:\/\/wpguerssen-test.odoo.rgbconsulting.com\/es\/producto\/live-lullabies-and-other-bedtime-stories-yellow\/#primaryimage\"},\"image\":{\"@id\":\"https:\/\/wpguerssen-test.odoo.rgbconsulting.com\/es\/producto\/live-lullabies-and-other-bedtime-stories-yellow\/#primaryimage\"},\"thumbnailUrl\":\"https:\/\/wpguerssen-test.odoo.rgbconsulting.com\/wp-content\/uploads\/2024\/06\/48085.jpg\",\"datePublished\":\"2024-06-26T22:00:00+00:00\",\"dateModified\":\"2025-02-20T17:37:53+00:00\",\"description\":\"Legendary emo indie outfit The Cure have played all over the world in their decorated careers but back in 1996 when they headed to Brazil, it was the first time they had been to the country since 1988. They were there for the 1996 edition of the Hollywood Rock Festival which they headlined in superb fashion and wowed their Latin American fans. Live Lullabies & Other Bedtime Stories is a special recording of that night that comes on nice yellow vinyl and features the likes of signature anthems like 'Boys Don't Cry,' 'Friday I'm In Love,' 'Just Like Heaven' and many more.TRACKLISt: Side 1 1 Fascination Street 4:44 2 A Night Like This 4:42 3 Pictures Of You 7:22 4 Lullaby 4:10 Side 2 1 Just Like Heaven 3:24 2 The Walk 3:22 3 Let's Go To Bed 3:17 4 Friday I'm In Love 3:45 5 In Between Days 2:54 6 Boy's Don't Cry 3:08\",\"breadcrumb\":{\"@id\":\"https:\/\/wpguerssen-test.odoo.rgbconsulting.com\/es\/producto\/live-lullabies-and-other-bedtime-stories-yellow\/#breadcrumb\"},\"inLanguage\":\"es\",\"potentialAction\":[{\"@type\":\"ReadAction\",\"target\":[\"https:\/\/wpguerssen-test.odoo.rgbconsulting.com\/es\/producto\/live-lullabies-and-other-bedtime-stories-yellow\/\"]}]},{\"@type\":\"ImageObject\",\"inLanguage\":\"es\",\"@id\":\"https:\/\/wpguerssen-test.odoo.rgbconsulting.com\/es\/producto\/live-lullabies-and-other-bedtime-stories-yellow\/#primaryimage\",\"url\":\"https:\/\/wpguerssen-test.odoo.rgbconsulting.com\/wp-content\/uploads\/2024\/06\/48085.jpg\",\"contentUrl\":\"https:\/\/wpguerssen-test.odoo.rgbconsulting.com\/wp-content\/uploads\/2024\/06\/48085.jpg\",\"width\":1200,\"height\":1200,\"caption\":\"The - Live Lullabies And Other Bedtime Stories (Yellow) - YELLOW VIN (LP) | Guerssen\"},{\"@type\":\"BreadcrumbList\",\"@id\":\"https:\/\/wpguerssen-test.odoo.rgbconsulting.com\/es\/producto\/live-lullabies-and-other-bedtime-stories-yellow\/#breadcrumb\",\"itemListElement\":[{\"@type\":\"ListItem\",\"position\":1,\"name\":\"Inicio\",\"item\":\"https:\/\/wpguerssen-test.odoo.rgbconsulting.com\/es\/\"},{\"@type\":\"ListItem\",\"position\":2,\"name\":\"Shop\",\"item\":\"https:\/\/wpguerssen-test.odoo.rgbconsulting.com\/shop\/\"},{\"@type\":\"ListItem\",\"position\":3,\"name\":\"Live Lullabies And Other Bedtime Stories (Yellow)\"}]},{\"@type\":\"WebSite\",\"@id\":\"https:\/\/wpguerssen-test.odoo.rgbconsulting.com\/es\/#website\",\"url\":\"https:\/\/wpguerssen-test.odoo.rgbconsulting.com\/es\/\",\"name\":\"Guerssen records\",\"description\":\"psychedelia - progressive - folk - garage \",\"publisher\":{\"@id\":\"https:\/\/wpguerssen-test.odoo.rgbconsulting.com\/es\/#organization\"},\"potentialAction\":[{\"@type\":\"SearchAction\",\"target\":{\"@type\":\"EntryPoint\",\"urlTemplate\":\"https:\/\/wpguerssen-test.odoo.rgbconsulting.com\/es\/?s={search_term_string}\"},\"query-input\":{\"@type\":\"PropertyValueSpecification\",\"valueRequired\":true,\"valueName\":\"search_term_string\"}}],\"inLanguage\":\"es\"},{\"@type\":\"Organization\",\"@id\":\"https:\/\/wpguerssen-test.odoo.rgbconsulting.com\/es\/#organization\",\"name\":\"Guerssen records\",\"url\":\"https:\/\/wpguerssen-test.odoo.rgbconsulting.com\/es\/\",\"logo\":{\"@type\":\"ImageObject\",\"inLanguage\":\"es\",\"@id\":\"https:\/\/wpguerssen-test.odoo.rgbconsulting.com\/es\/#\/schema\/logo\/image\/\",\"url\":\"https:\/\/wpguerssen-test.odoo.rgbconsulting.com\/wp-content\/uploads\/2022\/04\/Logo_Guerssen_trans_100.png\",\"contentUrl\":\"https:\/\/wpguerssen-test.odoo.rgbconsulting.com\/wp-content\/uploads\/2022\/04\/Logo_Guerssen_trans_100.png\",\"width\":122,\"height\":100,\"caption\":\"Guerssen records\"},\"image\":{\"@id\":\"https:\/\/wpguerssen-test.odoo.rgbconsulting.com\/es\/#\/schema\/logo\/image\/\"}}]}<\/script>\n<!-- \/ Yoast SEO plugin. -->","yoast_head_json":{"title":"CURE, The - Live Lullabies And Other Bedtime Stories (Yellow) -  (LP) | Guerssen","description":"Legendary emo indie outfit The Cure have played all over the world in their decorated careers but back in 1996 when they headed to Brazil, it was the first time they had been to the country since 1988. They were there for the 1996 edition of the Hollywood Rock Festival which they headlined in superb fashion and wowed their Latin American fans. Live Lullabies & Other Bedtime Stories is a special recording of that night that comes on nice yellow vinyl and features the likes of signature anthems like 'Boys Don't Cry,' 'Friday I'm In Love,' 'Just Like Heaven' and many more.TRACKLISt: Side 1 1 Fascination Street 4:44 2 A Night Like This 4:42 3 Pictures Of You 7:22 4 Lullaby 4:10 Side 2 1 Just Like Heaven 3:24 2 The Walk 3:22 3 Let's Go To Bed 3:17 4 Friday I'm In Love 3:45 5 In Between Days 2:54 6 Boy's Don't Cry 3:08","robots":{"index":"index","follow":"follow","max-snippet":"max-snippet:-1","max-image-preview":"max-image-preview:large","max-video-preview":"max-video-preview:-1"},"canonical":"https:\/\/wpguerssen-test.odoo.rgbconsulting.com\/es\/producto\/live-lullabies-and-other-bedtime-stories-yellow\/","og_locale":"es_ES","og_type":"article","og_title":"CURE, The - Live Lullabies And Other Bedtime Stories (Yellow) -  (LP) | Guerssen","og_description":"Legendary emo indie outfit The Cure have played all over the world in their decorated careers but back in 1996 when they headed to Brazil, it was the first time they had been to the country since 1988. They were there for the 1996 edition of the Hollywood Rock Festival which they headlined in superb fashion and wowed their Latin American fans. Live Lullabies & Other Bedtime Stories is a special recording of that night that comes on nice yellow vinyl and features the likes of signature anthems like 'Boys Don't Cry,' 'Friday I'm In Love,' 'Just Like Heaven' and many more.TRACKLISt: Side 1 1 Fascination Street 4:44 2 A Night Like This 4:42 3 Pictures Of You 7:22 4 Lullaby 4:10 Side 2 1 Just Like Heaven 3:24 2 The Walk 3:22 3 Let's Go To Bed 3:17 4 Friday I'm In Love 3:45 5 In Between Days 2:54 6 Boy's Don't Cry 3:08","og_url":"https:\/\/wpguerssen-test.odoo.rgbconsulting.com\/es\/producto\/live-lullabies-and-other-bedtime-stories-yellow\/","og_site_name":"Guerssen records","article_modified_time":"2025-02-20T17:37:53+00:00","og_image":[{"width":1200,"height":1200,"url":"https:\/\/wpguerssen-test.odoo.rgbconsulting.com\/wp-content\/uploads\/2024\/06\/48085.jpg","type":"image\/jpeg"}],"twitter_card":"summary_large_image","twitter_title":"CURE, The - Live Lullabies And Other Bedtime Stories (Yellow) -  (LP) | Guerssen","twitter_misc":{"Tiempo de lectura":"1 minuto"},"schema":{"@context":"https:\/\/schema.org","@graph":[{"@type":"WebPage","@id":"https:\/\/wpguerssen-test.odoo.rgbconsulting.com\/es\/producto\/live-lullabies-and-other-bedtime-stories-yellow\/","url":"https:\/\/wpguerssen-test.odoo.rgbconsulting.com\/es\/producto\/live-lullabies-and-other-bedtime-stories-yellow\/","name":"CURE, The - Live Lullabies And Other Bedtime Stories (Yellow) - (LP) | Guerssen","isPartOf":{"@id":"https:\/\/wpguerssen-test.odoo.rgbconsulting.com\/es\/#website"},"primaryImageOfPage":{"@id":"https:\/\/wpguerssen-test.odoo.rgbconsulting.com\/es\/producto\/live-lullabies-and-other-bedtime-stories-yellow\/#primaryimage"},"image":{"@id":"https:\/\/wpguerssen-test.odoo.rgbconsulting.com\/es\/producto\/live-lullabies-and-other-bedtime-stories-yellow\/#primaryimage"},"thumbnailUrl":"https:\/\/wpguerssen-test.odoo.rgbconsulting.com\/wp-content\/uploads\/2024\/06\/48085.jpg","datePublished":"2024-06-26T22:00:00+00:00","dateModified":"2025-02-20T17:37:53+00:00","description":"Legendary emo indie outfit The Cure have played all over the world in their decorated careers but back in 1996 when they headed to Brazil, it was the first time they had been to the country since 1988. They were there for the 1996 edition of the Hollywood Rock Festival which they headlined in superb fashion and wowed their Latin American fans. Live Lullabies & Other Bedtime Stories is a special recording of that night that comes on nice yellow vinyl and features the likes of signature anthems like 'Boys Don't Cry,' 'Friday I'm In Love,' 'Just Like Heaven' and many more.TRACKLISt: Side 1 1 Fascination Street 4:44 2 A Night Like This 4:42 3 Pictures Of You 7:22 4 Lullaby 4:10 Side 2 1 Just Like Heaven 3:24 2 The Walk 3:22 3 Let's Go To Bed 3:17 4 Friday I'm In Love 3:45 5 In Between Days 2:54 6 Boy's Don't Cry 3:08","breadcrumb":{"@id":"https:\/\/wpguerssen-test.odoo.rgbconsulting.com\/es\/producto\/live-lullabies-and-other-bedtime-stories-yellow\/#breadcrumb"},"inLanguage":"es","potentialAction":[{"@type":"ReadAction","target":["https:\/\/wpguerssen-test.odoo.rgbconsulting.com\/es\/producto\/live-lullabies-and-other-bedtime-stories-yellow\/"]}]},{"@type":"ImageObject","inLanguage":"es","@id":"https:\/\/wpguerssen-test.odoo.rgbconsulting.com\/es\/producto\/live-lullabies-and-other-bedtime-stories-yellow\/#primaryimage","url":"https:\/\/wpguerssen-test.odoo.rgbconsulting.com\/wp-content\/uploads\/2024\/06\/48085.jpg","contentUrl":"https:\/\/wpguerssen-test.odoo.rgbconsulting.com\/wp-content\/uploads\/2024\/06\/48085.jpg","width":1200,"height":1200,"caption":"The - Live Lullabies And Other Bedtime Stories (Yellow) - YELLOW VIN (LP) | Guerssen"},{"@type":"BreadcrumbList","@id":"https:\/\/wpguerssen-test.odoo.rgbconsulting.com\/es\/producto\/live-lullabies-and-other-bedtime-stories-yellow\/#breadcrumb","itemListElement":[{"@type":"ListItem","position":1,"name":"Inicio","item":"https:\/\/wpguerssen-test.odoo.rgbconsulting.com\/es\/"},{"@type":"ListItem","position":2,"name":"Shop","item":"https:\/\/wpguerssen-test.odoo.rgbconsulting.com\/shop\/"},{"@type":"ListItem","position":3,"name":"Live Lullabies And Other Bedtime Stories (Yellow)"}]},{"@type":"WebSite","@id":"https:\/\/wpguerssen-test.odoo.rgbconsulting.com\/es\/#website","url":"https:\/\/wpguerssen-test.odoo.rgbconsulting.com\/es\/","name":"Guerssen records","description":"psychedelia - progressive - folk - garage ","publisher":{"@id":"https:\/\/wpguerssen-test.odoo.rgbconsulting.com\/es\/#organization"},"potentialAction":[{"@type":"SearchAction","target":{"@type":"EntryPoint","urlTemplate":"https:\/\/wpguerssen-test.odoo.rgbconsulting.com\/es\/?s={search_term_string}"},"query-input":{"@type":"PropertyValueSpecification","valueRequired":true,"valueName":"search_term_string"}}],"inLanguage":"es"},{"@type":"Organization","@id":"https:\/\/wpguerssen-test.odoo.rgbconsulting.com\/es\/#organization","name":"Guerssen records","url":"https:\/\/wpguerssen-test.odoo.rgbconsulting.com\/es\/","logo":{"@type":"ImageObject","inLanguage":"es","@id":"https:\/\/wpguerssen-test.odoo.rgbconsulting.com\/es\/#\/schema\/logo\/image\/","url":"https:\/\/wpguerssen-test.odoo.rgbconsulting.com\/wp-content\/uploads\/2022\/04\/Logo_Guerssen_trans_100.png","contentUrl":"https:\/\/wpguerssen-test.odoo.rgbconsulting.com\/wp-content\/uploads\/2022\/04\/Logo_Guerssen_trans_100.png","width":122,"height":100,"caption":"Guerssen records"},"image":{"@id":"https:\/\/wpguerssen-test.odoo.rgbconsulting.com\/es\/#\/schema\/logo\/image\/"}}]}},"_links":{"self":[{"href":"https:\/\/wpguerssen-test.odoo.rgbconsulting.com\/es\/wp-json\/wp\/v2\/product\/270327","targetHints":{"allow":["GET"]}}],"collection":[{"href":"https:\/\/wpguerssen-test.odoo.rgbconsulting.com\/es\/wp-json\/wp\/v2\/product"}],"about":[{"href":"https:\/\/wpguerssen-test.odoo.rgbconsulting.com\/es\/wp-json\/wp\/v2\/types\/product"}],"wp:featuredmedia":[{"embeddable":true,"href":"https:\/\/wpguerssen-test.odoo.rgbconsulting.com\/es\/wp-json\/wp\/v2\/media\/270427"}],"wp:attachment":[{"href":"https:\/\/wpguerssen-test.odoo.rgbconsulting.com\/es\/wp-json\/wp\/v2\/media?parent=270327"}],"wp:term":[{"taxonomy":"product_brand","embeddable":true,"href":"https:\/\/wpguerssen-test.odoo.rgbconsulting.com\/es\/wp-json\/wp\/v2\/product_brand?post=270327"},{"taxonomy":"product_cat","embeddable":true,"href":"https:\/\/wpguerssen-test.odoo.rgbconsulting.com\/es\/wp-json\/wp\/v2\/product_cat?post=270327"},{"taxonomy":"product_tag","embeddable":true,"href":"https:\/\/wpguerssen-test.odoo.rgbconsulting.com\/es\/wp-json\/wp\/v2\/product_tag?post=270327"}],"curies":[{"name":"wp","href":"https:\/\/api.w.org\/{rel}","templated":true}]}}