{"id":270330,"date":"2024-06-27T00:00:00","date_gmt":"2024-06-26T22:00:00","guid":{"rendered":"https:\/\/wpguerssen-test.odoo.rgbconsulting.com\/product\/live-in-new-york-yellow\/"},"modified":"2025-02-20T18:37:57","modified_gmt":"2025-02-20T17:37:57","slug":"live-in-new-york-yellow","status":"publish","type":"product","link":"https:\/\/wpguerssen-test.odoo.rgbconsulting.com\/es\/producto\/live-in-new-york-yellow\/","title":{"rendered":"Live In New York (Yellow)"},"content":{"rendered":"<p>Iron Maiden lleg\u00f3 al Palladium de la ciudad de Nueva York para hacer una parada en su gira \u00abBeast On The Road\u00bb. Bruce Dickinson tuvo que pedirle a la multitud que se calmara o no tocar\u00edan, ya que el lugar estaba abarrotado de fan\u00e1ticos que entraban por las salidas de emergencia. Iron Maiden es una de las bandas de heavy metal m\u00e1s ic\u00f3nicas e influyentes de todos los tiempos. Como pioneros de la nueva ola del heavy metal brit\u00e1nico, alcanzaron un gran \u00e9xito a principios de los a\u00f1os 80. A pesar de la falta de difusi\u00f3n en la radio convencional, Iron Maiden se ha mantenido constantemente popular, agotando entradas en estadios hasta el d\u00eda de hoy.<br \/>TRACKLIST: Side 1 1 Murders In The Rue Morgue 4:09 2 Wrathchild 3:08 3 Run To The Hills 4:01 4 Children Of Damned 4:34 5 The Number Of The Beast 5:08 Side 2 1 The Prisoner 5:43 2 Hallowed Be Thy Name 7:07 3 The Phantom Of The Opera 6:51 4 Iron Maiden 4:09<\/p>\n","protected":false},"excerpt":{"rendered":"<p>Iron Maiden lleg\u00f3 al Palladium de la ciudad de Nueva York para hacer una parada en su gira \u00abBeast On The Road\u00bb. Bruce Dickinson tuvo que pedirle a la multitud que<a class=\"read\" href=\"https:\/\/wpguerssen-test.odoo.rgbconsulting.com\/es\/producto\/live-in-new-york-yellow\/\"> (...)<\/a>","protected":false},"featured_media":270377,"template":"","meta":{"_acf_changed":false},"product_brand":[],"product_cat":[23233],"product_tag":[29140],"class_list":{"0":"post-270330","1":"product","2":"type-product","3":"status-publish","4":"has-post-thumbnail","6":"product_cat-metal-es","7":"product_tag-color-vinyl-es","8":"pa_artist-iron-maiden-es","9":"pa_format-lp-es","10":"pa_gender-metal","11":"pa_label-yellow-vin","12":"pa_location-uk-ireland-es","13":"pa_other-filters-vinyl-only-es","15":"first","16":"instock","17":"taxable","18":"shipping-taxable","19":"purchasable","20":"product-type-simple"},"acf":[],"yoast_head":"<!-- This site is optimized with the Yoast SEO plugin v24.9 - https:\/\/yoast.com\/wordpress\/plugins\/seo\/ -->\n<title>IRON MAIDEN - Live In New York (Yellow) -  (LP) | Guerssen<\/title>\n<meta name=\"description\" content=\"Iron Maiden hit the Palladium in New York City for a stop on their &quot;Beast On The Road&quot; tour. Bruce Dickinson had to ask the crowd to calm down or they wouldn&#039;t play, seeing as the place was overpacked with fans pouring in through the fire exits. Iron Maiden is one of the most iconic and influential heavy metal bands of all time. As pioneers of the new wave of British heavy metal, they became hugely successful in the early 80&#039;s. Despite a lack of mainstream radio airplay Iron Maiden have remained consistently popular, selling out stadiums to this day.TRACKLIST: Side 1 1 Murders In The Rue Morgue 4:09 2 Wrathchild 3:08 3 Run To The Hills 4:01 4 Children Of Damned 4:34 5 The Number Of The Beast 5:08 Side 2 1 The Prisoner 5:43 2 Hallowed Be Thy Name 7:07 3 The Phantom Of The Opera 6:51 4 Iron Maiden 4:09\" \/>\n<meta name=\"robots\" content=\"index, follow, max-snippet:-1, max-image-preview:large, max-video-preview:-1\" \/>\n<link rel=\"canonical\" href=\"https:\/\/wpguerssen-test.odoo.rgbconsulting.com\/es\/producto\/live-in-new-york-yellow\/\" \/>\n<meta property=\"og:locale\" content=\"es_ES\" \/>\n<meta property=\"og:type\" content=\"article\" \/>\n<meta property=\"og:title\" content=\"IRON MAIDEN - Live In New York (Yellow) -  (LP) | Guerssen\" \/>\n<meta property=\"og:description\" content=\"Iron Maiden hit the Palladium in New York City for a stop on their &quot;Beast On The Road&quot; tour. Bruce Dickinson had to ask the crowd to calm down or they wouldn&#039;t play, seeing as the place was overpacked with fans pouring in through the fire exits. Iron Maiden is one of the most iconic and influential heavy metal bands of all time. As pioneers of the new wave of British heavy metal, they became hugely successful in the early 80&#039;s. Despite a lack of mainstream radio airplay Iron Maiden have remained consistently popular, selling out stadiums to this day.TRACKLIST: Side 1 1 Murders In The Rue Morgue 4:09 2 Wrathchild 3:08 3 Run To The Hills 4:01 4 Children Of Damned 4:34 5 The Number Of The Beast 5:08 Side 2 1 The Prisoner 5:43 2 Hallowed Be Thy Name 7:07 3 The Phantom Of The Opera 6:51 4 Iron Maiden 4:09\" \/>\n<meta property=\"og:url\" content=\"https:\/\/wpguerssen-test.odoo.rgbconsulting.com\/es\/producto\/live-in-new-york-yellow\/\" \/>\n<meta property=\"og:site_name\" content=\"Guerssen records\" \/>\n<meta property=\"article:modified_time\" content=\"2025-02-20T17:37:57+00:00\" \/>\n<meta property=\"og:image\" content=\"https:\/\/wpguerssen-test.odoo.rgbconsulting.com\/wp-content\/uploads\/2024\/06\/48089.jpg\" \/>\n\t<meta property=\"og:image:width\" content=\"1200\" \/>\n\t<meta property=\"og:image:height\" content=\"899\" \/>\n\t<meta property=\"og:image:type\" content=\"image\/png\" \/>\n<meta name=\"twitter:card\" content=\"summary_large_image\" \/>\n<meta name=\"twitter:title\" content=\"IRON MAIDEN - Live In New York (Yellow) -  (LP) | Guerssen\" \/>\n<meta name=\"twitter:label1\" content=\"Tiempo de lectura\" \/>\n\t<meta name=\"twitter:data1\" content=\"1 minuto\" \/>\n<script type=\"application\/ld+json\" class=\"yoast-schema-graph\">{\"@context\":\"https:\/\/schema.org\",\"@graph\":[{\"@type\":\"WebPage\",\"@id\":\"https:\/\/wpguerssen-test.odoo.rgbconsulting.com\/es\/producto\/live-in-new-york-yellow\/\",\"url\":\"https:\/\/wpguerssen-test.odoo.rgbconsulting.com\/es\/producto\/live-in-new-york-yellow\/\",\"name\":\"IRON MAIDEN - Live In New York (Yellow) - (LP) | Guerssen\",\"isPartOf\":{\"@id\":\"https:\/\/wpguerssen-test.odoo.rgbconsulting.com\/es\/#website\"},\"primaryImageOfPage\":{\"@id\":\"https:\/\/wpguerssen-test.odoo.rgbconsulting.com\/es\/producto\/live-in-new-york-yellow\/#primaryimage\"},\"image\":{\"@id\":\"https:\/\/wpguerssen-test.odoo.rgbconsulting.com\/es\/producto\/live-in-new-york-yellow\/#primaryimage\"},\"thumbnailUrl\":\"https:\/\/wpguerssen-test.odoo.rgbconsulting.com\/wp-content\/uploads\/2024\/06\/48089.jpg\",\"datePublished\":\"2024-06-26T22:00:00+00:00\",\"dateModified\":\"2025-02-20T17:37:57+00:00\",\"description\":\"Iron Maiden hit the Palladium in New York City for a stop on their \\\"Beast On The Road\\\" tour. Bruce Dickinson had to ask the crowd to calm down or they wouldn't play, seeing as the place was overpacked with fans pouring in through the fire exits. Iron Maiden is one of the most iconic and influential heavy metal bands of all time. As pioneers of the new wave of British heavy metal, they became hugely successful in the early 80's. Despite a lack of mainstream radio airplay Iron Maiden have remained consistently popular, selling out stadiums to this day.TRACKLIST: Side 1 1 Murders In The Rue Morgue 4:09 2 Wrathchild 3:08 3 Run To The Hills 4:01 4 Children Of Damned 4:34 5 The Number Of The Beast 5:08 Side 2 1 The Prisoner 5:43 2 Hallowed Be Thy Name 7:07 3 The Phantom Of The Opera 6:51 4 Iron Maiden 4:09\",\"breadcrumb\":{\"@id\":\"https:\/\/wpguerssen-test.odoo.rgbconsulting.com\/es\/producto\/live-in-new-york-yellow\/#breadcrumb\"},\"inLanguage\":\"es\",\"potentialAction\":[{\"@type\":\"ReadAction\",\"target\":[\"https:\/\/wpguerssen-test.odoo.rgbconsulting.com\/es\/producto\/live-in-new-york-yellow\/\"]}]},{\"@type\":\"ImageObject\",\"inLanguage\":\"es\",\"@id\":\"https:\/\/wpguerssen-test.odoo.rgbconsulting.com\/es\/producto\/live-in-new-york-yellow\/#primaryimage\",\"url\":\"https:\/\/wpguerssen-test.odoo.rgbconsulting.com\/wp-content\/uploads\/2024\/06\/48089.jpg\",\"contentUrl\":\"https:\/\/wpguerssen-test.odoo.rgbconsulting.com\/wp-content\/uploads\/2024\/06\/48089.jpg\",\"width\":1200,\"height\":899},{\"@type\":\"BreadcrumbList\",\"@id\":\"https:\/\/wpguerssen-test.odoo.rgbconsulting.com\/es\/producto\/live-in-new-york-yellow\/#breadcrumb\",\"itemListElement\":[{\"@type\":\"ListItem\",\"position\":1,\"name\":\"Inicio\",\"item\":\"https:\/\/wpguerssen-test.odoo.rgbconsulting.com\/es\/\"},{\"@type\":\"ListItem\",\"position\":2,\"name\":\"Shop\",\"item\":\"https:\/\/wpguerssen-test.odoo.rgbconsulting.com\/shop\/\"},{\"@type\":\"ListItem\",\"position\":3,\"name\":\"Live In New York (Yellow)\"}]},{\"@type\":\"WebSite\",\"@id\":\"https:\/\/wpguerssen-test.odoo.rgbconsulting.com\/es\/#website\",\"url\":\"https:\/\/wpguerssen-test.odoo.rgbconsulting.com\/es\/\",\"name\":\"Guerssen records\",\"description\":\"psychedelia - progressive - folk - garage \",\"publisher\":{\"@id\":\"https:\/\/wpguerssen-test.odoo.rgbconsulting.com\/es\/#organization\"},\"potentialAction\":[{\"@type\":\"SearchAction\",\"target\":{\"@type\":\"EntryPoint\",\"urlTemplate\":\"https:\/\/wpguerssen-test.odoo.rgbconsulting.com\/es\/?s={search_term_string}\"},\"query-input\":{\"@type\":\"PropertyValueSpecification\",\"valueRequired\":true,\"valueName\":\"search_term_string\"}}],\"inLanguage\":\"es\"},{\"@type\":\"Organization\",\"@id\":\"https:\/\/wpguerssen-test.odoo.rgbconsulting.com\/es\/#organization\",\"name\":\"Guerssen records\",\"url\":\"https:\/\/wpguerssen-test.odoo.rgbconsulting.com\/es\/\",\"logo\":{\"@type\":\"ImageObject\",\"inLanguage\":\"es\",\"@id\":\"https:\/\/wpguerssen-test.odoo.rgbconsulting.com\/es\/#\/schema\/logo\/image\/\",\"url\":\"https:\/\/wpguerssen-test.odoo.rgbconsulting.com\/wp-content\/uploads\/2022\/04\/Logo_Guerssen_trans_100.png\",\"contentUrl\":\"https:\/\/wpguerssen-test.odoo.rgbconsulting.com\/wp-content\/uploads\/2022\/04\/Logo_Guerssen_trans_100.png\",\"width\":122,\"height\":100,\"caption\":\"Guerssen records\"},\"image\":{\"@id\":\"https:\/\/wpguerssen-test.odoo.rgbconsulting.com\/es\/#\/schema\/logo\/image\/\"}}]}<\/script>\n<!-- \/ Yoast SEO plugin. -->","yoast_head_json":{"title":"IRON MAIDEN - Live In New York (Yellow) -  (LP) | Guerssen","description":"Iron Maiden hit the Palladium in New York City for a stop on their \"Beast On The Road\" tour. Bruce Dickinson had to ask the crowd to calm down or they wouldn't play, seeing as the place was overpacked with fans pouring in through the fire exits. Iron Maiden is one of the most iconic and influential heavy metal bands of all time. As pioneers of the new wave of British heavy metal, they became hugely successful in the early 80's. Despite a lack of mainstream radio airplay Iron Maiden have remained consistently popular, selling out stadiums to this day.TRACKLIST: Side 1 1 Murders In The Rue Morgue 4:09 2 Wrathchild 3:08 3 Run To The Hills 4:01 4 Children Of Damned 4:34 5 The Number Of The Beast 5:08 Side 2 1 The Prisoner 5:43 2 Hallowed Be Thy Name 7:07 3 The Phantom Of The Opera 6:51 4 Iron Maiden 4:09","robots":{"index":"index","follow":"follow","max-snippet":"max-snippet:-1","max-image-preview":"max-image-preview:large","max-video-preview":"max-video-preview:-1"},"canonical":"https:\/\/wpguerssen-test.odoo.rgbconsulting.com\/es\/producto\/live-in-new-york-yellow\/","og_locale":"es_ES","og_type":"article","og_title":"IRON MAIDEN - Live In New York (Yellow) -  (LP) | Guerssen","og_description":"Iron Maiden hit the Palladium in New York City for a stop on their \"Beast On The Road\" tour. Bruce Dickinson had to ask the crowd to calm down or they wouldn't play, seeing as the place was overpacked with fans pouring in through the fire exits. Iron Maiden is one of the most iconic and influential heavy metal bands of all time. As pioneers of the new wave of British heavy metal, they became hugely successful in the early 80's. Despite a lack of mainstream radio airplay Iron Maiden have remained consistently popular, selling out stadiums to this day.TRACKLIST: Side 1 1 Murders In The Rue Morgue 4:09 2 Wrathchild 3:08 3 Run To The Hills 4:01 4 Children Of Damned 4:34 5 The Number Of The Beast 5:08 Side 2 1 The Prisoner 5:43 2 Hallowed Be Thy Name 7:07 3 The Phantom Of The Opera 6:51 4 Iron Maiden 4:09","og_url":"https:\/\/wpguerssen-test.odoo.rgbconsulting.com\/es\/producto\/live-in-new-york-yellow\/","og_site_name":"Guerssen records","article_modified_time":"2025-02-20T17:37:57+00:00","og_image":[{"width":1200,"height":899,"url":"https:\/\/wpguerssen-test.odoo.rgbconsulting.com\/wp-content\/uploads\/2024\/06\/48089.jpg","type":"image\/png"}],"twitter_card":"summary_large_image","twitter_title":"IRON MAIDEN - Live In New York (Yellow) -  (LP) | Guerssen","twitter_misc":{"Tiempo de lectura":"1 minuto"},"schema":{"@context":"https:\/\/schema.org","@graph":[{"@type":"WebPage","@id":"https:\/\/wpguerssen-test.odoo.rgbconsulting.com\/es\/producto\/live-in-new-york-yellow\/","url":"https:\/\/wpguerssen-test.odoo.rgbconsulting.com\/es\/producto\/live-in-new-york-yellow\/","name":"IRON MAIDEN - Live In New York (Yellow) - (LP) | Guerssen","isPartOf":{"@id":"https:\/\/wpguerssen-test.odoo.rgbconsulting.com\/es\/#website"},"primaryImageOfPage":{"@id":"https:\/\/wpguerssen-test.odoo.rgbconsulting.com\/es\/producto\/live-in-new-york-yellow\/#primaryimage"},"image":{"@id":"https:\/\/wpguerssen-test.odoo.rgbconsulting.com\/es\/producto\/live-in-new-york-yellow\/#primaryimage"},"thumbnailUrl":"https:\/\/wpguerssen-test.odoo.rgbconsulting.com\/wp-content\/uploads\/2024\/06\/48089.jpg","datePublished":"2024-06-26T22:00:00+00:00","dateModified":"2025-02-20T17:37:57+00:00","description":"Iron Maiden hit the Palladium in New York City for a stop on their \"Beast On The Road\" tour. Bruce Dickinson had to ask the crowd to calm down or they wouldn't play, seeing as the place was overpacked with fans pouring in through the fire exits. Iron Maiden is one of the most iconic and influential heavy metal bands of all time. As pioneers of the new wave of British heavy metal, they became hugely successful in the early 80's. Despite a lack of mainstream radio airplay Iron Maiden have remained consistently popular, selling out stadiums to this day.TRACKLIST: Side 1 1 Murders In The Rue Morgue 4:09 2 Wrathchild 3:08 3 Run To The Hills 4:01 4 Children Of Damned 4:34 5 The Number Of The Beast 5:08 Side 2 1 The Prisoner 5:43 2 Hallowed Be Thy Name 7:07 3 The Phantom Of The Opera 6:51 4 Iron Maiden 4:09","breadcrumb":{"@id":"https:\/\/wpguerssen-test.odoo.rgbconsulting.com\/es\/producto\/live-in-new-york-yellow\/#breadcrumb"},"inLanguage":"es","potentialAction":[{"@type":"ReadAction","target":["https:\/\/wpguerssen-test.odoo.rgbconsulting.com\/es\/producto\/live-in-new-york-yellow\/"]}]},{"@type":"ImageObject","inLanguage":"es","@id":"https:\/\/wpguerssen-test.odoo.rgbconsulting.com\/es\/producto\/live-in-new-york-yellow\/#primaryimage","url":"https:\/\/wpguerssen-test.odoo.rgbconsulting.com\/wp-content\/uploads\/2024\/06\/48089.jpg","contentUrl":"https:\/\/wpguerssen-test.odoo.rgbconsulting.com\/wp-content\/uploads\/2024\/06\/48089.jpg","width":1200,"height":899},{"@type":"BreadcrumbList","@id":"https:\/\/wpguerssen-test.odoo.rgbconsulting.com\/es\/producto\/live-in-new-york-yellow\/#breadcrumb","itemListElement":[{"@type":"ListItem","position":1,"name":"Inicio","item":"https:\/\/wpguerssen-test.odoo.rgbconsulting.com\/es\/"},{"@type":"ListItem","position":2,"name":"Shop","item":"https:\/\/wpguerssen-test.odoo.rgbconsulting.com\/shop\/"},{"@type":"ListItem","position":3,"name":"Live In New York (Yellow)"}]},{"@type":"WebSite","@id":"https:\/\/wpguerssen-test.odoo.rgbconsulting.com\/es\/#website","url":"https:\/\/wpguerssen-test.odoo.rgbconsulting.com\/es\/","name":"Guerssen records","description":"psychedelia - progressive - folk - garage ","publisher":{"@id":"https:\/\/wpguerssen-test.odoo.rgbconsulting.com\/es\/#organization"},"potentialAction":[{"@type":"SearchAction","target":{"@type":"EntryPoint","urlTemplate":"https:\/\/wpguerssen-test.odoo.rgbconsulting.com\/es\/?s={search_term_string}"},"query-input":{"@type":"PropertyValueSpecification","valueRequired":true,"valueName":"search_term_string"}}],"inLanguage":"es"},{"@type":"Organization","@id":"https:\/\/wpguerssen-test.odoo.rgbconsulting.com\/es\/#organization","name":"Guerssen records","url":"https:\/\/wpguerssen-test.odoo.rgbconsulting.com\/es\/","logo":{"@type":"ImageObject","inLanguage":"es","@id":"https:\/\/wpguerssen-test.odoo.rgbconsulting.com\/es\/#\/schema\/logo\/image\/","url":"https:\/\/wpguerssen-test.odoo.rgbconsulting.com\/wp-content\/uploads\/2022\/04\/Logo_Guerssen_trans_100.png","contentUrl":"https:\/\/wpguerssen-test.odoo.rgbconsulting.com\/wp-content\/uploads\/2022\/04\/Logo_Guerssen_trans_100.png","width":122,"height":100,"caption":"Guerssen records"},"image":{"@id":"https:\/\/wpguerssen-test.odoo.rgbconsulting.com\/es\/#\/schema\/logo\/image\/"}}]}},"_links":{"self":[{"href":"https:\/\/wpguerssen-test.odoo.rgbconsulting.com\/es\/wp-json\/wp\/v2\/product\/270330","targetHints":{"allow":["GET"]}}],"collection":[{"href":"https:\/\/wpguerssen-test.odoo.rgbconsulting.com\/es\/wp-json\/wp\/v2\/product"}],"about":[{"href":"https:\/\/wpguerssen-test.odoo.rgbconsulting.com\/es\/wp-json\/wp\/v2\/types\/product"}],"wp:featuredmedia":[{"embeddable":true,"href":"https:\/\/wpguerssen-test.odoo.rgbconsulting.com\/es\/wp-json\/wp\/v2\/media\/270377"}],"wp:attachment":[{"href":"https:\/\/wpguerssen-test.odoo.rgbconsulting.com\/es\/wp-json\/wp\/v2\/media?parent=270330"}],"wp:term":[{"taxonomy":"product_brand","embeddable":true,"href":"https:\/\/wpguerssen-test.odoo.rgbconsulting.com\/es\/wp-json\/wp\/v2\/product_brand?post=270330"},{"taxonomy":"product_cat","embeddable":true,"href":"https:\/\/wpguerssen-test.odoo.rgbconsulting.com\/es\/wp-json\/wp\/v2\/product_cat?post=270330"},{"taxonomy":"product_tag","embeddable":true,"href":"https:\/\/wpguerssen-test.odoo.rgbconsulting.com\/es\/wp-json\/wp\/v2\/product_tag?post=270330"}],"curies":[{"name":"wp","href":"https:\/\/api.w.org\/{rel}","templated":true}]}}