{"id":270331,"date":"2024-06-27T00:00:00","date_gmt":"2024-06-26T22:00:00","guid":{"rendered":"https:\/\/wpguerssen-test.odoo.rgbconsulting.com\/product\/for-the-people\/"},"modified":"2024-10-29T16:59:06","modified_gmt":"2024-10-29T15:59:06","slug":"for-the-people","status":"publish","type":"product","link":"https:\/\/wpguerssen-test.odoo.rgbconsulting.com\/es\/producto\/for-the-people\/","title":{"rendered":"For the people"},"content":{"rendered":"<p>For The People, un lanzamiento clave de funk de 1971, fue el segundo \u00e1lbum de una banda de soul-rock interracial dirigida por el vocalista Milt Matthews. Desde Wilson, Carolina del Norte, Milton Ray Matthews fue un compositor inspirado en la l\u00ednea del maestro Curtis Mayfield y su seguidor Lou Bond. Con una serie de excelentes versiones: BB King &#8216;The Thrill Is Gone&#8217;, The Beatles &#8216;A Hard Days&#8217; Night&#8217; (estil\u00edsticamente relacionada con el acid r&#038;b que Stax Records estaba a cargo en ese momento) y Blind Faith &#8216;Presence Of The Lord&#8217;. El disco est\u00e1 lleno de toques de blues \u00e1cido y n\u00fameros sensuales. Llenando el vac\u00edo entre la psicodelia moderna y la conciencia afroamericana, &#8216;For The People&#8217; asciende literalmente al t\u00edtulo de \u00f3pera rock con tintes negros.<\/p>\n","protected":false},"excerpt":{"rendered":"<p>For The People, un lanzamiento clave de funk de 1971, fue el segundo \u00e1lbum de una banda de soul-rock interracial dirigida por el vocalista Milt Matthews. Desde Wilson,<a class=\"read\" href=\"https:\/\/wpguerssen-test.odoo.rgbconsulting.com\/es\/producto\/for-the-people\/\"> (...)<\/a>","protected":false},"featured_media":270433,"template":"","meta":{"_acf_changed":false},"product_brand":[],"product_cat":[21649,23219],"product_tag":[],"class_list":{"0":"post-270331","1":"product","2":"type-product","3":"status-publish","4":"has-post-thumbnail","6":"product_cat-soul-rnb-es","7":"product_cat-funk-es","8":"pa_artist-milt-matthews-inc","9":"pa_format-lp-es","10":"pa_gender-funk-soul-rnb","11":"pa_label-soulgramma-es","12":"pa_location-north-america-es","13":"pa_other-filters-vinyl-only-es","15":"first","16":"instock","17":"taxable","18":"shipping-taxable","19":"purchasable","20":"product-type-simple"},"acf":[],"yoast_head":"<!-- This site is optimized with the Yoast SEO plugin v24.9 - https:\/\/yoast.com\/wordpress\/plugins\/seo\/ -->\n<title>MILT MATTHEWS INC. - For the people -  (LP) | Guerssen<\/title>\n<meta name=\"description\" content=\"A key funk release from 1971, For The People was the 2nd album by interracial soul-rock band led by vocalist Milt Matthews. All the way from Wilson, North Carolina, Milton Ray Matthews was an inspired songwriter in the vein of master Curtis Mayfield and follower Lou Bond. With a series of excellent cover version - BB King &#039;The Thrill Is Gone&#039;, The Beatles &#039;A Hard Days&#039; Night&#039; (stylistically related to the acid r&amp;b Stax records was in charge at the time) and Blind Faith &#039;Presence Of The Lord&#039; - the record is full of acid-blues chops and sensuous numbers. Filling the gap between modern psychedelia and afro-american consciousness, &#039;For The People&#039; literally ascend to the title of black tinged rock opera.\" \/>\n<meta name=\"robots\" content=\"index, follow, max-snippet:-1, max-image-preview:large, max-video-preview:-1\" \/>\n<link rel=\"canonical\" href=\"https:\/\/wpguerssen-test.odoo.rgbconsulting.com\/es\/producto\/for-the-people\/\" \/>\n<meta property=\"og:locale\" content=\"es_ES\" \/>\n<meta property=\"og:type\" content=\"article\" \/>\n<meta property=\"og:title\" content=\"MILT MATTHEWS INC. - For the people -  (LP) | Guerssen\" \/>\n<meta property=\"og:description\" content=\"A key funk release from 1971, For The People was the 2nd album by interracial soul-rock band led by vocalist Milt Matthews. All the way from Wilson, North Carolina, Milton Ray Matthews was an inspired songwriter in the vein of master Curtis Mayfield and follower Lou Bond. With a series of excellent cover version - BB King &#039;The Thrill Is Gone&#039;, The Beatles &#039;A Hard Days&#039; Night&#039; (stylistically related to the acid r&amp;b Stax records was in charge at the time) and Blind Faith &#039;Presence Of The Lord&#039; - the record is full of acid-blues chops and sensuous numbers. Filling the gap between modern psychedelia and afro-american consciousness, &#039;For The People&#039; literally ascend to the title of black tinged rock opera.\" \/>\n<meta property=\"og:url\" content=\"https:\/\/wpguerssen-test.odoo.rgbconsulting.com\/es\/producto\/for-the-people\/\" \/>\n<meta property=\"og:site_name\" content=\"Guerssen records\" \/>\n<meta property=\"article:modified_time\" content=\"2024-10-29T15:59:06+00:00\" \/>\n<meta property=\"og:image\" content=\"https:\/\/wpguerssen-test.odoo.rgbconsulting.com\/wp-content\/uploads\/2024\/06\/48090.jpg\" \/>\n\t<meta property=\"og:image:width\" content=\"1181\" \/>\n\t<meta property=\"og:image:height\" content=\"1181\" \/>\n\t<meta property=\"og:image:type\" content=\"image\/jpeg\" \/>\n<meta name=\"twitter:card\" content=\"summary_large_image\" \/>\n<meta name=\"twitter:title\" content=\"MILT MATTHEWS INC. - For the people -  (LP) | Guerssen\" \/>\n<meta name=\"twitter:label1\" content=\"Tiempo de lectura\" \/>\n\t<meta name=\"twitter:data1\" content=\"1 minuto\" \/>\n<script type=\"application\/ld+json\" class=\"yoast-schema-graph\">{\"@context\":\"https:\/\/schema.org\",\"@graph\":[{\"@type\":\"WebPage\",\"@id\":\"https:\/\/wpguerssen-test.odoo.rgbconsulting.com\/es\/producto\/for-the-people\/\",\"url\":\"https:\/\/wpguerssen-test.odoo.rgbconsulting.com\/es\/producto\/for-the-people\/\",\"name\":\"MILT MATTHEWS INC. - For the people - (LP) | Guerssen\",\"isPartOf\":{\"@id\":\"https:\/\/wpguerssen-test.odoo.rgbconsulting.com\/es\/#website\"},\"primaryImageOfPage\":{\"@id\":\"https:\/\/wpguerssen-test.odoo.rgbconsulting.com\/es\/producto\/for-the-people\/#primaryimage\"},\"image\":{\"@id\":\"https:\/\/wpguerssen-test.odoo.rgbconsulting.com\/es\/producto\/for-the-people\/#primaryimage\"},\"thumbnailUrl\":\"https:\/\/wpguerssen-test.odoo.rgbconsulting.com\/wp-content\/uploads\/2024\/06\/48090.jpg\",\"datePublished\":\"2024-06-26T22:00:00+00:00\",\"dateModified\":\"2024-10-29T15:59:06+00:00\",\"description\":\"A key funk release from 1971, For The People was the 2nd album by interracial soul-rock band led by vocalist Milt Matthews. All the way from Wilson, North Carolina, Milton Ray Matthews was an inspired songwriter in the vein of master Curtis Mayfield and follower Lou Bond. With a series of excellent cover version - BB King 'The Thrill Is Gone', The Beatles 'A Hard Days' Night' (stylistically related to the acid r&b Stax records was in charge at the time) and Blind Faith 'Presence Of The Lord' - the record is full of acid-blues chops and sensuous numbers. Filling the gap between modern psychedelia and afro-american consciousness, 'For The People' literally ascend to the title of black tinged rock opera.\",\"breadcrumb\":{\"@id\":\"https:\/\/wpguerssen-test.odoo.rgbconsulting.com\/es\/producto\/for-the-people\/#breadcrumb\"},\"inLanguage\":\"es\",\"potentialAction\":[{\"@type\":\"ReadAction\",\"target\":[\"https:\/\/wpguerssen-test.odoo.rgbconsulting.com\/es\/producto\/for-the-people\/\"]}]},{\"@type\":\"ImageObject\",\"inLanguage\":\"es\",\"@id\":\"https:\/\/wpguerssen-test.odoo.rgbconsulting.com\/es\/producto\/for-the-people\/#primaryimage\",\"url\":\"https:\/\/wpguerssen-test.odoo.rgbconsulting.com\/wp-content\/uploads\/2024\/06\/48090.jpg\",\"contentUrl\":\"https:\/\/wpguerssen-test.odoo.rgbconsulting.com\/wp-content\/uploads\/2024\/06\/48090.jpg\",\"width\":1181,\"height\":1181},{\"@type\":\"BreadcrumbList\",\"@id\":\"https:\/\/wpguerssen-test.odoo.rgbconsulting.com\/es\/producto\/for-the-people\/#breadcrumb\",\"itemListElement\":[{\"@type\":\"ListItem\",\"position\":1,\"name\":\"Inicio\",\"item\":\"https:\/\/wpguerssen-test.odoo.rgbconsulting.com\/es\/\"},{\"@type\":\"ListItem\",\"position\":2,\"name\":\"Shop\",\"item\":\"https:\/\/wpguerssen-test.odoo.rgbconsulting.com\/shop\/\"},{\"@type\":\"ListItem\",\"position\":3,\"name\":\"For the people\"}]},{\"@type\":\"WebSite\",\"@id\":\"https:\/\/wpguerssen-test.odoo.rgbconsulting.com\/es\/#website\",\"url\":\"https:\/\/wpguerssen-test.odoo.rgbconsulting.com\/es\/\",\"name\":\"Guerssen records\",\"description\":\"psychedelia - progressive - folk - garage \",\"publisher\":{\"@id\":\"https:\/\/wpguerssen-test.odoo.rgbconsulting.com\/es\/#organization\"},\"potentialAction\":[{\"@type\":\"SearchAction\",\"target\":{\"@type\":\"EntryPoint\",\"urlTemplate\":\"https:\/\/wpguerssen-test.odoo.rgbconsulting.com\/es\/?s={search_term_string}\"},\"query-input\":{\"@type\":\"PropertyValueSpecification\",\"valueRequired\":true,\"valueName\":\"search_term_string\"}}],\"inLanguage\":\"es\"},{\"@type\":\"Organization\",\"@id\":\"https:\/\/wpguerssen-test.odoo.rgbconsulting.com\/es\/#organization\",\"name\":\"Guerssen records\",\"url\":\"https:\/\/wpguerssen-test.odoo.rgbconsulting.com\/es\/\",\"logo\":{\"@type\":\"ImageObject\",\"inLanguage\":\"es\",\"@id\":\"https:\/\/wpguerssen-test.odoo.rgbconsulting.com\/es\/#\/schema\/logo\/image\/\",\"url\":\"https:\/\/wpguerssen-test.odoo.rgbconsulting.com\/wp-content\/uploads\/2022\/04\/Logo_Guerssen_trans_100.png\",\"contentUrl\":\"https:\/\/wpguerssen-test.odoo.rgbconsulting.com\/wp-content\/uploads\/2022\/04\/Logo_Guerssen_trans_100.png\",\"width\":122,\"height\":100,\"caption\":\"Guerssen records\"},\"image\":{\"@id\":\"https:\/\/wpguerssen-test.odoo.rgbconsulting.com\/es\/#\/schema\/logo\/image\/\"}}]}<\/script>\n<!-- \/ Yoast SEO plugin. -->","yoast_head_json":{"title":"MILT MATTHEWS INC. - For the people -  (LP) | Guerssen","description":"A key funk release from 1971, For The People was the 2nd album by interracial soul-rock band led by vocalist Milt Matthews. All the way from Wilson, North Carolina, Milton Ray Matthews was an inspired songwriter in the vein of master Curtis Mayfield and follower Lou Bond. With a series of excellent cover version - BB King 'The Thrill Is Gone', The Beatles 'A Hard Days' Night' (stylistically related to the acid r&b Stax records was in charge at the time) and Blind Faith 'Presence Of The Lord' - the record is full of acid-blues chops and sensuous numbers. Filling the gap between modern psychedelia and afro-american consciousness, 'For The People' literally ascend to the title of black tinged rock opera.","robots":{"index":"index","follow":"follow","max-snippet":"max-snippet:-1","max-image-preview":"max-image-preview:large","max-video-preview":"max-video-preview:-1"},"canonical":"https:\/\/wpguerssen-test.odoo.rgbconsulting.com\/es\/producto\/for-the-people\/","og_locale":"es_ES","og_type":"article","og_title":"MILT MATTHEWS INC. - For the people -  (LP) | Guerssen","og_description":"A key funk release from 1971, For The People was the 2nd album by interracial soul-rock band led by vocalist Milt Matthews. All the way from Wilson, North Carolina, Milton Ray Matthews was an inspired songwriter in the vein of master Curtis Mayfield and follower Lou Bond. With a series of excellent cover version - BB King 'The Thrill Is Gone', The Beatles 'A Hard Days' Night' (stylistically related to the acid r&b Stax records was in charge at the time) and Blind Faith 'Presence Of The Lord' - the record is full of acid-blues chops and sensuous numbers. Filling the gap between modern psychedelia and afro-american consciousness, 'For The People' literally ascend to the title of black tinged rock opera.","og_url":"https:\/\/wpguerssen-test.odoo.rgbconsulting.com\/es\/producto\/for-the-people\/","og_site_name":"Guerssen records","article_modified_time":"2024-10-29T15:59:06+00:00","og_image":[{"width":1181,"height":1181,"url":"https:\/\/wpguerssen-test.odoo.rgbconsulting.com\/wp-content\/uploads\/2024\/06\/48090.jpg","type":"image\/jpeg"}],"twitter_card":"summary_large_image","twitter_title":"MILT MATTHEWS INC. - For the people -  (LP) | Guerssen","twitter_misc":{"Tiempo de lectura":"1 minuto"},"schema":{"@context":"https:\/\/schema.org","@graph":[{"@type":"WebPage","@id":"https:\/\/wpguerssen-test.odoo.rgbconsulting.com\/es\/producto\/for-the-people\/","url":"https:\/\/wpguerssen-test.odoo.rgbconsulting.com\/es\/producto\/for-the-people\/","name":"MILT MATTHEWS INC. - For the people - (LP) | Guerssen","isPartOf":{"@id":"https:\/\/wpguerssen-test.odoo.rgbconsulting.com\/es\/#website"},"primaryImageOfPage":{"@id":"https:\/\/wpguerssen-test.odoo.rgbconsulting.com\/es\/producto\/for-the-people\/#primaryimage"},"image":{"@id":"https:\/\/wpguerssen-test.odoo.rgbconsulting.com\/es\/producto\/for-the-people\/#primaryimage"},"thumbnailUrl":"https:\/\/wpguerssen-test.odoo.rgbconsulting.com\/wp-content\/uploads\/2024\/06\/48090.jpg","datePublished":"2024-06-26T22:00:00+00:00","dateModified":"2024-10-29T15:59:06+00:00","description":"A key funk release from 1971, For The People was the 2nd album by interracial soul-rock band led by vocalist Milt Matthews. All the way from Wilson, North Carolina, Milton Ray Matthews was an inspired songwriter in the vein of master Curtis Mayfield and follower Lou Bond. With a series of excellent cover version - BB King 'The Thrill Is Gone', The Beatles 'A Hard Days' Night' (stylistically related to the acid r&b Stax records was in charge at the time) and Blind Faith 'Presence Of The Lord' - the record is full of acid-blues chops and sensuous numbers. Filling the gap between modern psychedelia and afro-american consciousness, 'For The People' literally ascend to the title of black tinged rock opera.","breadcrumb":{"@id":"https:\/\/wpguerssen-test.odoo.rgbconsulting.com\/es\/producto\/for-the-people\/#breadcrumb"},"inLanguage":"es","potentialAction":[{"@type":"ReadAction","target":["https:\/\/wpguerssen-test.odoo.rgbconsulting.com\/es\/producto\/for-the-people\/"]}]},{"@type":"ImageObject","inLanguage":"es","@id":"https:\/\/wpguerssen-test.odoo.rgbconsulting.com\/es\/producto\/for-the-people\/#primaryimage","url":"https:\/\/wpguerssen-test.odoo.rgbconsulting.com\/wp-content\/uploads\/2024\/06\/48090.jpg","contentUrl":"https:\/\/wpguerssen-test.odoo.rgbconsulting.com\/wp-content\/uploads\/2024\/06\/48090.jpg","width":1181,"height":1181},{"@type":"BreadcrumbList","@id":"https:\/\/wpguerssen-test.odoo.rgbconsulting.com\/es\/producto\/for-the-people\/#breadcrumb","itemListElement":[{"@type":"ListItem","position":1,"name":"Inicio","item":"https:\/\/wpguerssen-test.odoo.rgbconsulting.com\/es\/"},{"@type":"ListItem","position":2,"name":"Shop","item":"https:\/\/wpguerssen-test.odoo.rgbconsulting.com\/shop\/"},{"@type":"ListItem","position":3,"name":"For the people"}]},{"@type":"WebSite","@id":"https:\/\/wpguerssen-test.odoo.rgbconsulting.com\/es\/#website","url":"https:\/\/wpguerssen-test.odoo.rgbconsulting.com\/es\/","name":"Guerssen records","description":"psychedelia - progressive - folk - garage ","publisher":{"@id":"https:\/\/wpguerssen-test.odoo.rgbconsulting.com\/es\/#organization"},"potentialAction":[{"@type":"SearchAction","target":{"@type":"EntryPoint","urlTemplate":"https:\/\/wpguerssen-test.odoo.rgbconsulting.com\/es\/?s={search_term_string}"},"query-input":{"@type":"PropertyValueSpecification","valueRequired":true,"valueName":"search_term_string"}}],"inLanguage":"es"},{"@type":"Organization","@id":"https:\/\/wpguerssen-test.odoo.rgbconsulting.com\/es\/#organization","name":"Guerssen records","url":"https:\/\/wpguerssen-test.odoo.rgbconsulting.com\/es\/","logo":{"@type":"ImageObject","inLanguage":"es","@id":"https:\/\/wpguerssen-test.odoo.rgbconsulting.com\/es\/#\/schema\/logo\/image\/","url":"https:\/\/wpguerssen-test.odoo.rgbconsulting.com\/wp-content\/uploads\/2022\/04\/Logo_Guerssen_trans_100.png","contentUrl":"https:\/\/wpguerssen-test.odoo.rgbconsulting.com\/wp-content\/uploads\/2022\/04\/Logo_Guerssen_trans_100.png","width":122,"height":100,"caption":"Guerssen records"},"image":{"@id":"https:\/\/wpguerssen-test.odoo.rgbconsulting.com\/es\/#\/schema\/logo\/image\/"}}]}},"_links":{"self":[{"href":"https:\/\/wpguerssen-test.odoo.rgbconsulting.com\/es\/wp-json\/wp\/v2\/product\/270331","targetHints":{"allow":["GET"]}}],"collection":[{"href":"https:\/\/wpguerssen-test.odoo.rgbconsulting.com\/es\/wp-json\/wp\/v2\/product"}],"about":[{"href":"https:\/\/wpguerssen-test.odoo.rgbconsulting.com\/es\/wp-json\/wp\/v2\/types\/product"}],"wp:featuredmedia":[{"embeddable":true,"href":"https:\/\/wpguerssen-test.odoo.rgbconsulting.com\/es\/wp-json\/wp\/v2\/media\/270433"}],"wp:attachment":[{"href":"https:\/\/wpguerssen-test.odoo.rgbconsulting.com\/es\/wp-json\/wp\/v2\/media?parent=270331"}],"wp:term":[{"taxonomy":"product_brand","embeddable":true,"href":"https:\/\/wpguerssen-test.odoo.rgbconsulting.com\/es\/wp-json\/wp\/v2\/product_brand?post=270331"},{"taxonomy":"product_cat","embeddable":true,"href":"https:\/\/wpguerssen-test.odoo.rgbconsulting.com\/es\/wp-json\/wp\/v2\/product_cat?post=270331"},{"taxonomy":"product_tag","embeddable":true,"href":"https:\/\/wpguerssen-test.odoo.rgbconsulting.com\/es\/wp-json\/wp\/v2\/product_tag?post=270331"}],"curies":[{"name":"wp","href":"https:\/\/api.w.org\/{rel}","templated":true}]}}