{"id":270370,"date":"2024-06-27T00:00:00","date_gmt":"2024-06-26T22:00:00","guid":{"rendered":"https:\/\/wpguerssen-test.odoo.rgbconsulting.com\/product\/dance-the-ska\/"},"modified":"2025-04-09T14:08:14","modified_gmt":"2025-04-09T12:08:14","slug":"dance-the-ska","status":"publish","type":"product","link":"https:\/\/wpguerssen-test.odoo.rgbconsulting.com\/es\/producto\/dance-the-ska\/","title":{"rendered":"Dance The Ska"},"content":{"rendered":"<p>Reedici\u00f3n esperada de este raro disco de ska jamaicano, lanzado originalmente en 1964. En 1961, Byron Lee And The Dragonaries se tomaron un gran descanso cuando formaron parte de la primera pel\u00edcula de James Bond, Dr. No, como la banda del hotel.  En 1964, la banda tambi\u00e9n apareci\u00f3 en una transmisi\u00f3n llamada \u00ab\u00a1Esto es Ska!\u00bb junto a Jimmy Cliff, Prince Buster y Toots and the Maytals. Incre\u00edbles ilustraciones de la contraportada: \u00a1c\u00f3mo aprender el baile ska cl\u00e1sico en 12 sencillos pasos!<\/p>\n","protected":false},"excerpt":{"rendered":"<p>Reedici\u00f3n esperada de este raro disco de ska jamaicano, lanzado originalmente en 1964. En 1961, Byron Lee And The Dragonaries se tomaron un gran descanso cuando formaron<a class=\"read\" href=\"https:\/\/wpguerssen-test.odoo.rgbconsulting.com\/es\/producto\/dance-the-ska\/\"> (...)<\/a>","protected":false},"featured_media":271110,"template":"","meta":{"_acf_changed":false},"product_brand":[],"product_cat":[21666],"product_tag":[],"class_list":{"0":"post-270370","1":"product","2":"type-product","3":"status-publish","4":"has-post-thumbnail","6":"product_cat-reggae-ska-dub-es","7":"pa_artist-lee-byron-the-dragonaires","8":"pa_format-lp-es","9":"pa_gender-reggae-ska-dub","10":"pa_label-kids-of-yesterday","11":"pa_location-south-america-caribbean-es","12":"pa_other-filters-vinyl-only-es","14":"first","15":"instock","16":"taxable","17":"shipping-taxable","18":"purchasable","19":"product-type-simple"},"acf":[],"yoast_head":"<!-- This site is optimized with the Yoast SEO plugin v24.9 - https:\/\/yoast.com\/wordpress\/plugins\/seo\/ -->\n<title>LEE, Byron &amp; THE DRAGONAIRES - Dance The Ska -  (LP) | Guerssen<\/title>\n<meta name=\"description\" content=\"Long-awaited reissue of this rare Jamaican ska record, originally released in 1964. In 1961 Byron Lee And The Dragonaries took a huge break when they were part of the first James Bond film - Dr. No - as the hotel band . In 1964, the band was also featured in a broadcast called &quot;This is Ska!&quot; alongside Jimmy Cliff, Prince Buster, and Toots and the Maytals. Amazing back cover illustrations: how to learn classic ska dance in 12 easy steps !Tracklist: Fat Back \/ Watermelon Man \/ Oil In My Lamp \/ I Won&#039;t Let You Go \/ Wings Of A Dove \/ Dumplins \/ Ska De Wah \/ You&#039;re The One \/ Behold \/ Frankenstein \/ Rough And Tough \/ Joy Ride.\" \/>\n<meta name=\"robots\" content=\"index, follow, max-snippet:-1, max-image-preview:large, max-video-preview:-1\" \/>\n<link rel=\"canonical\" href=\"https:\/\/wpguerssen-test.odoo.rgbconsulting.com\/es\/producto\/dance-the-ska\/\" \/>\n<meta property=\"og:locale\" content=\"es_ES\" \/>\n<meta property=\"og:type\" content=\"article\" \/>\n<meta property=\"og:title\" content=\"LEE, Byron &amp; THE DRAGONAIRES - Dance The Ska -  (LP) | Guerssen\" \/>\n<meta property=\"og:description\" content=\"Long-awaited reissue of this rare Jamaican ska record, originally released in 1964. In 1961 Byron Lee And The Dragonaries took a huge break when they were part of the first James Bond film - Dr. No - as the hotel band . In 1964, the band was also featured in a broadcast called &quot;This is Ska!&quot; alongside Jimmy Cliff, Prince Buster, and Toots and the Maytals. Amazing back cover illustrations: how to learn classic ska dance in 12 easy steps !Tracklist: Fat Back \/ Watermelon Man \/ Oil In My Lamp \/ I Won&#039;t Let You Go \/ Wings Of A Dove \/ Dumplins \/ Ska De Wah \/ You&#039;re The One \/ Behold \/ Frankenstein \/ Rough And Tough \/ Joy Ride.\" \/>\n<meta property=\"og:url\" content=\"https:\/\/wpguerssen-test.odoo.rgbconsulting.com\/es\/producto\/dance-the-ska\/\" \/>\n<meta property=\"og:site_name\" content=\"Guerssen records\" \/>\n<meta property=\"article:modified_time\" content=\"2025-04-09T12:08:14+00:00\" \/>\n<meta property=\"og:image\" content=\"https:\/\/wpguerssen-test.odoo.rgbconsulting.com\/wp-content\/uploads\/2024\/06\/48105.jpg\" \/>\n\t<meta property=\"og:image:width\" content=\"243\" \/>\n\t<meta property=\"og:image:height\" content=\"243\" \/>\n\t<meta property=\"og:image:type\" content=\"image\/jpeg\" \/>\n<meta name=\"twitter:card\" content=\"summary_large_image\" \/>\n<meta name=\"twitter:title\" content=\"LEE, Byron &amp; THE DRAGONAIRES - Dance The Ska -  (LP) | Guerssen\" \/>\n<script type=\"application\/ld+json\" class=\"yoast-schema-graph\">{\"@context\":\"https:\/\/schema.org\",\"@graph\":[{\"@type\":\"WebPage\",\"@id\":\"https:\/\/wpguerssen-test.odoo.rgbconsulting.com\/es\/producto\/dance-the-ska\/\",\"url\":\"https:\/\/wpguerssen-test.odoo.rgbconsulting.com\/es\/producto\/dance-the-ska\/\",\"name\":\"LEE, Byron & THE DRAGONAIRES - Dance The Ska - (LP) | Guerssen\",\"isPartOf\":{\"@id\":\"https:\/\/wpguerssen-test.odoo.rgbconsulting.com\/es\/#website\"},\"primaryImageOfPage\":{\"@id\":\"https:\/\/wpguerssen-test.odoo.rgbconsulting.com\/es\/producto\/dance-the-ska\/#primaryimage\"},\"image\":{\"@id\":\"https:\/\/wpguerssen-test.odoo.rgbconsulting.com\/es\/producto\/dance-the-ska\/#primaryimage\"},\"thumbnailUrl\":\"https:\/\/wpguerssen-test.odoo.rgbconsulting.com\/wp-content\/uploads\/2024\/06\/48105.jpg\",\"datePublished\":\"2024-06-26T22:00:00+00:00\",\"dateModified\":\"2025-04-09T12:08:14+00:00\",\"description\":\"Long-awaited reissue of this rare Jamaican ska record, originally released in 1964. In 1961 Byron Lee And The Dragonaries took a huge break when they were part of the first James Bond film - Dr. No - as the hotel band . In 1964, the band was also featured in a broadcast called \\\"This is Ska!\\\" alongside Jimmy Cliff, Prince Buster, and Toots and the Maytals. Amazing back cover illustrations: how to learn classic ska dance in 12 easy steps !Tracklist: Fat Back \/ Watermelon Man \/ Oil In My Lamp \/ I Won't Let You Go \/ Wings Of A Dove \/ Dumplins \/ Ska De Wah \/ You're The One \/ Behold \/ Frankenstein \/ Rough And Tough \/ Joy Ride.\",\"breadcrumb\":{\"@id\":\"https:\/\/wpguerssen-test.odoo.rgbconsulting.com\/es\/producto\/dance-the-ska\/#breadcrumb\"},\"inLanguage\":\"es\",\"potentialAction\":[{\"@type\":\"ReadAction\",\"target\":[\"https:\/\/wpguerssen-test.odoo.rgbconsulting.com\/es\/producto\/dance-the-ska\/\"]}]},{\"@type\":\"ImageObject\",\"inLanguage\":\"es\",\"@id\":\"https:\/\/wpguerssen-test.odoo.rgbconsulting.com\/es\/producto\/dance-the-ska\/#primaryimage\",\"url\":\"https:\/\/wpguerssen-test.odoo.rgbconsulting.com\/wp-content\/uploads\/2024\/06\/48105.jpg\",\"contentUrl\":\"https:\/\/wpguerssen-test.odoo.rgbconsulting.com\/wp-content\/uploads\/2024\/06\/48105.jpg\",\"width\":243,\"height\":243,\"caption\":\"Byron & THE DRAGONAIRES - Dance The Ska - KIDS OF YESTERDAY (LP) | Guerssen\"},{\"@type\":\"BreadcrumbList\",\"@id\":\"https:\/\/wpguerssen-test.odoo.rgbconsulting.com\/es\/producto\/dance-the-ska\/#breadcrumb\",\"itemListElement\":[{\"@type\":\"ListItem\",\"position\":1,\"name\":\"Inicio\",\"item\":\"https:\/\/wpguerssen-test.odoo.rgbconsulting.com\/es\/\"},{\"@type\":\"ListItem\",\"position\":2,\"name\":\"Shop\",\"item\":\"https:\/\/wpguerssen-test.odoo.rgbconsulting.com\/shop\/\"},{\"@type\":\"ListItem\",\"position\":3,\"name\":\"Dance The Ska\"}]},{\"@type\":\"WebSite\",\"@id\":\"https:\/\/wpguerssen-test.odoo.rgbconsulting.com\/es\/#website\",\"url\":\"https:\/\/wpguerssen-test.odoo.rgbconsulting.com\/es\/\",\"name\":\"Guerssen records\",\"description\":\"psychedelia - progressive - folk - garage \",\"publisher\":{\"@id\":\"https:\/\/wpguerssen-test.odoo.rgbconsulting.com\/es\/#organization\"},\"potentialAction\":[{\"@type\":\"SearchAction\",\"target\":{\"@type\":\"EntryPoint\",\"urlTemplate\":\"https:\/\/wpguerssen-test.odoo.rgbconsulting.com\/es\/?s={search_term_string}\"},\"query-input\":{\"@type\":\"PropertyValueSpecification\",\"valueRequired\":true,\"valueName\":\"search_term_string\"}}],\"inLanguage\":\"es\"},{\"@type\":\"Organization\",\"@id\":\"https:\/\/wpguerssen-test.odoo.rgbconsulting.com\/es\/#organization\",\"name\":\"Guerssen records\",\"url\":\"https:\/\/wpguerssen-test.odoo.rgbconsulting.com\/es\/\",\"logo\":{\"@type\":\"ImageObject\",\"inLanguage\":\"es\",\"@id\":\"https:\/\/wpguerssen-test.odoo.rgbconsulting.com\/es\/#\/schema\/logo\/image\/\",\"url\":\"https:\/\/wpguerssen-test.odoo.rgbconsulting.com\/wp-content\/uploads\/2022\/04\/Logo_Guerssen_trans_100.png\",\"contentUrl\":\"https:\/\/wpguerssen-test.odoo.rgbconsulting.com\/wp-content\/uploads\/2022\/04\/Logo_Guerssen_trans_100.png\",\"width\":122,\"height\":100,\"caption\":\"Guerssen records\"},\"image\":{\"@id\":\"https:\/\/wpguerssen-test.odoo.rgbconsulting.com\/es\/#\/schema\/logo\/image\/\"}}]}<\/script>\n<!-- \/ Yoast SEO plugin. -->","yoast_head_json":{"title":"LEE, Byron & THE DRAGONAIRES - Dance The Ska -  (LP) | Guerssen","description":"Long-awaited reissue of this rare Jamaican ska record, originally released in 1964. In 1961 Byron Lee And The Dragonaries took a huge break when they were part of the first James Bond film - Dr. No - as the hotel band . In 1964, the band was also featured in a broadcast called \"This is Ska!\" alongside Jimmy Cliff, Prince Buster, and Toots and the Maytals. Amazing back cover illustrations: how to learn classic ska dance in 12 easy steps !Tracklist: Fat Back \/ Watermelon Man \/ Oil In My Lamp \/ I Won't Let You Go \/ Wings Of A Dove \/ Dumplins \/ Ska De Wah \/ You're The One \/ Behold \/ Frankenstein \/ Rough And Tough \/ Joy Ride.","robots":{"index":"index","follow":"follow","max-snippet":"max-snippet:-1","max-image-preview":"max-image-preview:large","max-video-preview":"max-video-preview:-1"},"canonical":"https:\/\/wpguerssen-test.odoo.rgbconsulting.com\/es\/producto\/dance-the-ska\/","og_locale":"es_ES","og_type":"article","og_title":"LEE, Byron & THE DRAGONAIRES - Dance The Ska -  (LP) | Guerssen","og_description":"Long-awaited reissue of this rare Jamaican ska record, originally released in 1964. In 1961 Byron Lee And The Dragonaries took a huge break when they were part of the first James Bond film - Dr. No - as the hotel band . In 1964, the band was also featured in a broadcast called \"This is Ska!\" alongside Jimmy Cliff, Prince Buster, and Toots and the Maytals. Amazing back cover illustrations: how to learn classic ska dance in 12 easy steps !Tracklist: Fat Back \/ Watermelon Man \/ Oil In My Lamp \/ I Won't Let You Go \/ Wings Of A Dove \/ Dumplins \/ Ska De Wah \/ You're The One \/ Behold \/ Frankenstein \/ Rough And Tough \/ Joy Ride.","og_url":"https:\/\/wpguerssen-test.odoo.rgbconsulting.com\/es\/producto\/dance-the-ska\/","og_site_name":"Guerssen records","article_modified_time":"2025-04-09T12:08:14+00:00","og_image":[{"width":243,"height":243,"url":"https:\/\/wpguerssen-test.odoo.rgbconsulting.com\/wp-content\/uploads\/2024\/06\/48105.jpg","type":"image\/jpeg"}],"twitter_card":"summary_large_image","twitter_title":"LEE, Byron & THE DRAGONAIRES - Dance The Ska -  (LP) | Guerssen","schema":{"@context":"https:\/\/schema.org","@graph":[{"@type":"WebPage","@id":"https:\/\/wpguerssen-test.odoo.rgbconsulting.com\/es\/producto\/dance-the-ska\/","url":"https:\/\/wpguerssen-test.odoo.rgbconsulting.com\/es\/producto\/dance-the-ska\/","name":"LEE, Byron & THE DRAGONAIRES - Dance The Ska - (LP) | Guerssen","isPartOf":{"@id":"https:\/\/wpguerssen-test.odoo.rgbconsulting.com\/es\/#website"},"primaryImageOfPage":{"@id":"https:\/\/wpguerssen-test.odoo.rgbconsulting.com\/es\/producto\/dance-the-ska\/#primaryimage"},"image":{"@id":"https:\/\/wpguerssen-test.odoo.rgbconsulting.com\/es\/producto\/dance-the-ska\/#primaryimage"},"thumbnailUrl":"https:\/\/wpguerssen-test.odoo.rgbconsulting.com\/wp-content\/uploads\/2024\/06\/48105.jpg","datePublished":"2024-06-26T22:00:00+00:00","dateModified":"2025-04-09T12:08:14+00:00","description":"Long-awaited reissue of this rare Jamaican ska record, originally released in 1964. In 1961 Byron Lee And The Dragonaries took a huge break when they were part of the first James Bond film - Dr. No - as the hotel band . In 1964, the band was also featured in a broadcast called \"This is Ska!\" alongside Jimmy Cliff, Prince Buster, and Toots and the Maytals. Amazing back cover illustrations: how to learn classic ska dance in 12 easy steps !Tracklist: Fat Back \/ Watermelon Man \/ Oil In My Lamp \/ I Won't Let You Go \/ Wings Of A Dove \/ Dumplins \/ Ska De Wah \/ You're The One \/ Behold \/ Frankenstein \/ Rough And Tough \/ Joy Ride.","breadcrumb":{"@id":"https:\/\/wpguerssen-test.odoo.rgbconsulting.com\/es\/producto\/dance-the-ska\/#breadcrumb"},"inLanguage":"es","potentialAction":[{"@type":"ReadAction","target":["https:\/\/wpguerssen-test.odoo.rgbconsulting.com\/es\/producto\/dance-the-ska\/"]}]},{"@type":"ImageObject","inLanguage":"es","@id":"https:\/\/wpguerssen-test.odoo.rgbconsulting.com\/es\/producto\/dance-the-ska\/#primaryimage","url":"https:\/\/wpguerssen-test.odoo.rgbconsulting.com\/wp-content\/uploads\/2024\/06\/48105.jpg","contentUrl":"https:\/\/wpguerssen-test.odoo.rgbconsulting.com\/wp-content\/uploads\/2024\/06\/48105.jpg","width":243,"height":243,"caption":"Byron & THE DRAGONAIRES - Dance The Ska - KIDS OF YESTERDAY (LP) | Guerssen"},{"@type":"BreadcrumbList","@id":"https:\/\/wpguerssen-test.odoo.rgbconsulting.com\/es\/producto\/dance-the-ska\/#breadcrumb","itemListElement":[{"@type":"ListItem","position":1,"name":"Inicio","item":"https:\/\/wpguerssen-test.odoo.rgbconsulting.com\/es\/"},{"@type":"ListItem","position":2,"name":"Shop","item":"https:\/\/wpguerssen-test.odoo.rgbconsulting.com\/shop\/"},{"@type":"ListItem","position":3,"name":"Dance The Ska"}]},{"@type":"WebSite","@id":"https:\/\/wpguerssen-test.odoo.rgbconsulting.com\/es\/#website","url":"https:\/\/wpguerssen-test.odoo.rgbconsulting.com\/es\/","name":"Guerssen records","description":"psychedelia - progressive - folk - garage ","publisher":{"@id":"https:\/\/wpguerssen-test.odoo.rgbconsulting.com\/es\/#organization"},"potentialAction":[{"@type":"SearchAction","target":{"@type":"EntryPoint","urlTemplate":"https:\/\/wpguerssen-test.odoo.rgbconsulting.com\/es\/?s={search_term_string}"},"query-input":{"@type":"PropertyValueSpecification","valueRequired":true,"valueName":"search_term_string"}}],"inLanguage":"es"},{"@type":"Organization","@id":"https:\/\/wpguerssen-test.odoo.rgbconsulting.com\/es\/#organization","name":"Guerssen records","url":"https:\/\/wpguerssen-test.odoo.rgbconsulting.com\/es\/","logo":{"@type":"ImageObject","inLanguage":"es","@id":"https:\/\/wpguerssen-test.odoo.rgbconsulting.com\/es\/#\/schema\/logo\/image\/","url":"https:\/\/wpguerssen-test.odoo.rgbconsulting.com\/wp-content\/uploads\/2022\/04\/Logo_Guerssen_trans_100.png","contentUrl":"https:\/\/wpguerssen-test.odoo.rgbconsulting.com\/wp-content\/uploads\/2022\/04\/Logo_Guerssen_trans_100.png","width":122,"height":100,"caption":"Guerssen records"},"image":{"@id":"https:\/\/wpguerssen-test.odoo.rgbconsulting.com\/es\/#\/schema\/logo\/image\/"}}]}},"_links":{"self":[{"href":"https:\/\/wpguerssen-test.odoo.rgbconsulting.com\/es\/wp-json\/wp\/v2\/product\/270370","targetHints":{"allow":["GET"]}}],"collection":[{"href":"https:\/\/wpguerssen-test.odoo.rgbconsulting.com\/es\/wp-json\/wp\/v2\/product"}],"about":[{"href":"https:\/\/wpguerssen-test.odoo.rgbconsulting.com\/es\/wp-json\/wp\/v2\/types\/product"}],"wp:featuredmedia":[{"embeddable":true,"href":"https:\/\/wpguerssen-test.odoo.rgbconsulting.com\/es\/wp-json\/wp\/v2\/media\/271110"}],"wp:attachment":[{"href":"https:\/\/wpguerssen-test.odoo.rgbconsulting.com\/es\/wp-json\/wp\/v2\/media?parent=270370"}],"wp:term":[{"taxonomy":"product_brand","embeddable":true,"href":"https:\/\/wpguerssen-test.odoo.rgbconsulting.com\/es\/wp-json\/wp\/v2\/product_brand?post=270370"},{"taxonomy":"product_cat","embeddable":true,"href":"https:\/\/wpguerssen-test.odoo.rgbconsulting.com\/es\/wp-json\/wp\/v2\/product_cat?post=270370"},{"taxonomy":"product_tag","embeddable":true,"href":"https:\/\/wpguerssen-test.odoo.rgbconsulting.com\/es\/wp-json\/wp\/v2\/product_tag?post=270370"}],"curies":[{"name":"wp","href":"https:\/\/api.w.org\/{rel}","templated":true}]}}