{"id":270373,"date":"2024-06-26T00:00:00","date_gmt":"2024-06-25T22:00:00","guid":{"rendered":"https:\/\/wpguerssen-test.odoo.rgbconsulting.com\/product\/the-hate-rise-up-in-me-live-at-dynamo-open-air-fe\/"},"modified":"2025-04-10T16:42:13","modified_gmt":"2025-04-10T14:42:13","slug":"the-hate-rise-up-in-me-live-at-dynamo-open-air-fe","status":"publish","type":"product","link":"https:\/\/wpguerssen-test.odoo.rgbconsulting.com\/es\/producto\/the-hate-rise-up-in-me-live-at-dynamo-open-air-fe\/","title":{"rendered":"The Hate Rise Up In Me. Live At Dynamo Open Air Fe"},"content":{"rendered":"<p>En un frenes\u00ed de adrenalina y agresi\u00f3n, Slipknot desat\u00f3 su ataque sonoro en el festival Dynamo Open Air en Nijmegen, Holanda, el 3 de junio de 2000. Con una energ\u00eda feroz, dejaron una marca indeleble en el paisaje del metal, encendiendo mosh pits y emocionando a los fan\u00e1ticos con su cruda intensidad.<\/p>\n","protected":false},"excerpt":{"rendered":"<p>En un frenes\u00ed de adrenalina y agresi\u00f3n, Slipknot desat\u00f3 su ataque sonoro en el festival Dynamo Open Air en Nijmegen, Holanda, el 3 de junio de 2000. Con una energ\u00eda<a class=\"read\" href=\"https:\/\/wpguerssen-test.odoo.rgbconsulting.com\/es\/producto\/the-hate-rise-up-in-me-live-at-dynamo-open-air-fe\/\"> (...)<\/a>","protected":false},"featured_media":271116,"template":"","meta":{"_acf_changed":false},"product_brand":[],"product_cat":[23233],"product_tag":[],"class_list":{"0":"post-270373","1":"product","2":"type-product","3":"status-publish","4":"has-post-thumbnail","6":"product_cat-metal-es","7":"pa_artist-slipknot-es","8":"pa_format-lp-es","9":"pa_gender-metal","10":"pa_label-mind-control","11":"pa_location-north-america-es","12":"pa_other-filters-vinyl-only-es","14":"first","15":"instock","16":"taxable","17":"shipping-taxable","18":"purchasable","19":"product-type-simple"},"acf":[],"yoast_head":"<!-- This site is optimized with the Yoast SEO plugin v24.9 - https:\/\/yoast.com\/wordpress\/plugins\/seo\/ -->\n<title>SLIPKNOT - The Hate Rise Up In Me. Live At Dynamo Open Air Fe -  (LP) | Guerssen<\/title>\n<meta name=\"description\" content=\"In a frenzy of adrenaline and aggression, Slipknot unleashed their sonic onslaught upon the Dynamo Open Air Festival in Nijmegen, Holland, on June 3rd, 2000. Ferocious energy, they left an indelible mark on the metal landscape, igniting mosh pits and exhilarating fans with their raw intensity.\" \/>\n<meta name=\"robots\" content=\"index, follow, max-snippet:-1, max-image-preview:large, max-video-preview:-1\" \/>\n<link rel=\"canonical\" href=\"https:\/\/wpguerssen-test.odoo.rgbconsulting.com\/es\/producto\/the-hate-rise-up-in-me-live-at-dynamo-open-air-fe\/\" \/>\n<meta property=\"og:locale\" content=\"es_ES\" \/>\n<meta property=\"og:type\" content=\"article\" \/>\n<meta property=\"og:title\" content=\"SLIPKNOT - The Hate Rise Up In Me. Live At Dynamo Open Air Fe -  (LP) | Guerssen\" \/>\n<meta property=\"og:description\" content=\"In a frenzy of adrenaline and aggression, Slipknot unleashed their sonic onslaught upon the Dynamo Open Air Festival in Nijmegen, Holland, on June 3rd, 2000. Ferocious energy, they left an indelible mark on the metal landscape, igniting mosh pits and exhilarating fans with their raw intensity.\" \/>\n<meta property=\"og:url\" content=\"https:\/\/wpguerssen-test.odoo.rgbconsulting.com\/es\/producto\/the-hate-rise-up-in-me-live-at-dynamo-open-air-fe\/\" \/>\n<meta property=\"og:site_name\" content=\"Guerssen records\" \/>\n<meta property=\"article:modified_time\" content=\"2025-04-10T14:42:13+00:00\" \/>\n<meta property=\"og:image\" content=\"https:\/\/wpguerssen-test.odoo.rgbconsulting.com\/wp-content\/uploads\/2024\/06\/48108.jpg\" \/>\n\t<meta property=\"og:image:width\" content=\"243\" \/>\n\t<meta property=\"og:image:height\" content=\"240\" \/>\n\t<meta property=\"og:image:type\" content=\"image\/jpeg\" \/>\n<meta name=\"twitter:card\" content=\"summary_large_image\" \/>\n<meta name=\"twitter:title\" content=\"SLIPKNOT - The Hate Rise Up In Me. Live At Dynamo Open Air Fe -  (LP) | Guerssen\" \/>\n<script type=\"application\/ld+json\" class=\"yoast-schema-graph\">{\"@context\":\"https:\/\/schema.org\",\"@graph\":[{\"@type\":\"WebPage\",\"@id\":\"https:\/\/wpguerssen-test.odoo.rgbconsulting.com\/es\/producto\/the-hate-rise-up-in-me-live-at-dynamo-open-air-fe\/\",\"url\":\"https:\/\/wpguerssen-test.odoo.rgbconsulting.com\/es\/producto\/the-hate-rise-up-in-me-live-at-dynamo-open-air-fe\/\",\"name\":\"SLIPKNOT - The Hate Rise Up In Me. Live At Dynamo Open Air Fe - (LP) | Guerssen\",\"isPartOf\":{\"@id\":\"https:\/\/wpguerssen-test.odoo.rgbconsulting.com\/es\/#website\"},\"primaryImageOfPage\":{\"@id\":\"https:\/\/wpguerssen-test.odoo.rgbconsulting.com\/es\/producto\/the-hate-rise-up-in-me-live-at-dynamo-open-air-fe\/#primaryimage\"},\"image\":{\"@id\":\"https:\/\/wpguerssen-test.odoo.rgbconsulting.com\/es\/producto\/the-hate-rise-up-in-me-live-at-dynamo-open-air-fe\/#primaryimage\"},\"thumbnailUrl\":\"https:\/\/wpguerssen-test.odoo.rgbconsulting.com\/wp-content\/uploads\/2024\/06\/48108.jpg\",\"datePublished\":\"2024-06-25T22:00:00+00:00\",\"dateModified\":\"2025-04-10T14:42:13+00:00\",\"description\":\"In a frenzy of adrenaline and aggression, Slipknot unleashed their sonic onslaught upon the Dynamo Open Air Festival in Nijmegen, Holland, on June 3rd, 2000. Ferocious energy, they left an indelible mark on the metal landscape, igniting mosh pits and exhilarating fans with their raw intensity.\",\"breadcrumb\":{\"@id\":\"https:\/\/wpguerssen-test.odoo.rgbconsulting.com\/es\/producto\/the-hate-rise-up-in-me-live-at-dynamo-open-air-fe\/#breadcrumb\"},\"inLanguage\":\"es\",\"potentialAction\":[{\"@type\":\"ReadAction\",\"target\":[\"https:\/\/wpguerssen-test.odoo.rgbconsulting.com\/es\/producto\/the-hate-rise-up-in-me-live-at-dynamo-open-air-fe\/\"]}]},{\"@type\":\"ImageObject\",\"inLanguage\":\"es\",\"@id\":\"https:\/\/wpguerssen-test.odoo.rgbconsulting.com\/es\/producto\/the-hate-rise-up-in-me-live-at-dynamo-open-air-fe\/#primaryimage\",\"url\":\"https:\/\/wpguerssen-test.odoo.rgbconsulting.com\/wp-content\/uploads\/2024\/06\/48108.jpg\",\"contentUrl\":\"https:\/\/wpguerssen-test.odoo.rgbconsulting.com\/wp-content\/uploads\/2024\/06\/48108.jpg\",\"width\":243,\"height\":240},{\"@type\":\"BreadcrumbList\",\"@id\":\"https:\/\/wpguerssen-test.odoo.rgbconsulting.com\/es\/producto\/the-hate-rise-up-in-me-live-at-dynamo-open-air-fe\/#breadcrumb\",\"itemListElement\":[{\"@type\":\"ListItem\",\"position\":1,\"name\":\"Inicio\",\"item\":\"https:\/\/wpguerssen-test.odoo.rgbconsulting.com\/es\/\"},{\"@type\":\"ListItem\",\"position\":2,\"name\":\"Shop\",\"item\":\"https:\/\/wpguerssen-test.odoo.rgbconsulting.com\/shop\/\"},{\"@type\":\"ListItem\",\"position\":3,\"name\":\"The Hate Rise Up In Me. Live At Dynamo Open Air Fe\"}]},{\"@type\":\"WebSite\",\"@id\":\"https:\/\/wpguerssen-test.odoo.rgbconsulting.com\/es\/#website\",\"url\":\"https:\/\/wpguerssen-test.odoo.rgbconsulting.com\/es\/\",\"name\":\"Guerssen records\",\"description\":\"psychedelia - progressive - folk - garage \",\"publisher\":{\"@id\":\"https:\/\/wpguerssen-test.odoo.rgbconsulting.com\/es\/#organization\"},\"potentialAction\":[{\"@type\":\"SearchAction\",\"target\":{\"@type\":\"EntryPoint\",\"urlTemplate\":\"https:\/\/wpguerssen-test.odoo.rgbconsulting.com\/es\/?s={search_term_string}\"},\"query-input\":{\"@type\":\"PropertyValueSpecification\",\"valueRequired\":true,\"valueName\":\"search_term_string\"}}],\"inLanguage\":\"es\"},{\"@type\":\"Organization\",\"@id\":\"https:\/\/wpguerssen-test.odoo.rgbconsulting.com\/es\/#organization\",\"name\":\"Guerssen records\",\"url\":\"https:\/\/wpguerssen-test.odoo.rgbconsulting.com\/es\/\",\"logo\":{\"@type\":\"ImageObject\",\"inLanguage\":\"es\",\"@id\":\"https:\/\/wpguerssen-test.odoo.rgbconsulting.com\/es\/#\/schema\/logo\/image\/\",\"url\":\"https:\/\/wpguerssen-test.odoo.rgbconsulting.com\/wp-content\/uploads\/2022\/04\/Logo_Guerssen_trans_100.png\",\"contentUrl\":\"https:\/\/wpguerssen-test.odoo.rgbconsulting.com\/wp-content\/uploads\/2022\/04\/Logo_Guerssen_trans_100.png\",\"width\":122,\"height\":100,\"caption\":\"Guerssen records\"},\"image\":{\"@id\":\"https:\/\/wpguerssen-test.odoo.rgbconsulting.com\/es\/#\/schema\/logo\/image\/\"}}]}<\/script>\n<!-- \/ Yoast SEO plugin. -->","yoast_head_json":{"title":"SLIPKNOT - The Hate Rise Up In Me. Live At Dynamo Open Air Fe -  (LP) | Guerssen","description":"In a frenzy of adrenaline and aggression, Slipknot unleashed their sonic onslaught upon the Dynamo Open Air Festival in Nijmegen, Holland, on June 3rd, 2000. Ferocious energy, they left an indelible mark on the metal landscape, igniting mosh pits and exhilarating fans with their raw intensity.","robots":{"index":"index","follow":"follow","max-snippet":"max-snippet:-1","max-image-preview":"max-image-preview:large","max-video-preview":"max-video-preview:-1"},"canonical":"https:\/\/wpguerssen-test.odoo.rgbconsulting.com\/es\/producto\/the-hate-rise-up-in-me-live-at-dynamo-open-air-fe\/","og_locale":"es_ES","og_type":"article","og_title":"SLIPKNOT - The Hate Rise Up In Me. Live At Dynamo Open Air Fe -  (LP) | Guerssen","og_description":"In a frenzy of adrenaline and aggression, Slipknot unleashed their sonic onslaught upon the Dynamo Open Air Festival in Nijmegen, Holland, on June 3rd, 2000. Ferocious energy, they left an indelible mark on the metal landscape, igniting mosh pits and exhilarating fans with their raw intensity.","og_url":"https:\/\/wpguerssen-test.odoo.rgbconsulting.com\/es\/producto\/the-hate-rise-up-in-me-live-at-dynamo-open-air-fe\/","og_site_name":"Guerssen records","article_modified_time":"2025-04-10T14:42:13+00:00","og_image":[{"width":243,"height":240,"url":"https:\/\/wpguerssen-test.odoo.rgbconsulting.com\/wp-content\/uploads\/2024\/06\/48108.jpg","type":"image\/jpeg"}],"twitter_card":"summary_large_image","twitter_title":"SLIPKNOT - The Hate Rise Up In Me. Live At Dynamo Open Air Fe -  (LP) | Guerssen","schema":{"@context":"https:\/\/schema.org","@graph":[{"@type":"WebPage","@id":"https:\/\/wpguerssen-test.odoo.rgbconsulting.com\/es\/producto\/the-hate-rise-up-in-me-live-at-dynamo-open-air-fe\/","url":"https:\/\/wpguerssen-test.odoo.rgbconsulting.com\/es\/producto\/the-hate-rise-up-in-me-live-at-dynamo-open-air-fe\/","name":"SLIPKNOT - The Hate Rise Up In Me. Live At Dynamo Open Air Fe - (LP) | Guerssen","isPartOf":{"@id":"https:\/\/wpguerssen-test.odoo.rgbconsulting.com\/es\/#website"},"primaryImageOfPage":{"@id":"https:\/\/wpguerssen-test.odoo.rgbconsulting.com\/es\/producto\/the-hate-rise-up-in-me-live-at-dynamo-open-air-fe\/#primaryimage"},"image":{"@id":"https:\/\/wpguerssen-test.odoo.rgbconsulting.com\/es\/producto\/the-hate-rise-up-in-me-live-at-dynamo-open-air-fe\/#primaryimage"},"thumbnailUrl":"https:\/\/wpguerssen-test.odoo.rgbconsulting.com\/wp-content\/uploads\/2024\/06\/48108.jpg","datePublished":"2024-06-25T22:00:00+00:00","dateModified":"2025-04-10T14:42:13+00:00","description":"In a frenzy of adrenaline and aggression, Slipknot unleashed their sonic onslaught upon the Dynamo Open Air Festival in Nijmegen, Holland, on June 3rd, 2000. Ferocious energy, they left an indelible mark on the metal landscape, igniting mosh pits and exhilarating fans with their raw intensity.","breadcrumb":{"@id":"https:\/\/wpguerssen-test.odoo.rgbconsulting.com\/es\/producto\/the-hate-rise-up-in-me-live-at-dynamo-open-air-fe\/#breadcrumb"},"inLanguage":"es","potentialAction":[{"@type":"ReadAction","target":["https:\/\/wpguerssen-test.odoo.rgbconsulting.com\/es\/producto\/the-hate-rise-up-in-me-live-at-dynamo-open-air-fe\/"]}]},{"@type":"ImageObject","inLanguage":"es","@id":"https:\/\/wpguerssen-test.odoo.rgbconsulting.com\/es\/producto\/the-hate-rise-up-in-me-live-at-dynamo-open-air-fe\/#primaryimage","url":"https:\/\/wpguerssen-test.odoo.rgbconsulting.com\/wp-content\/uploads\/2024\/06\/48108.jpg","contentUrl":"https:\/\/wpguerssen-test.odoo.rgbconsulting.com\/wp-content\/uploads\/2024\/06\/48108.jpg","width":243,"height":240},{"@type":"BreadcrumbList","@id":"https:\/\/wpguerssen-test.odoo.rgbconsulting.com\/es\/producto\/the-hate-rise-up-in-me-live-at-dynamo-open-air-fe\/#breadcrumb","itemListElement":[{"@type":"ListItem","position":1,"name":"Inicio","item":"https:\/\/wpguerssen-test.odoo.rgbconsulting.com\/es\/"},{"@type":"ListItem","position":2,"name":"Shop","item":"https:\/\/wpguerssen-test.odoo.rgbconsulting.com\/shop\/"},{"@type":"ListItem","position":3,"name":"The Hate Rise Up In Me. Live At Dynamo Open Air Fe"}]},{"@type":"WebSite","@id":"https:\/\/wpguerssen-test.odoo.rgbconsulting.com\/es\/#website","url":"https:\/\/wpguerssen-test.odoo.rgbconsulting.com\/es\/","name":"Guerssen records","description":"psychedelia - progressive - folk - garage ","publisher":{"@id":"https:\/\/wpguerssen-test.odoo.rgbconsulting.com\/es\/#organization"},"potentialAction":[{"@type":"SearchAction","target":{"@type":"EntryPoint","urlTemplate":"https:\/\/wpguerssen-test.odoo.rgbconsulting.com\/es\/?s={search_term_string}"},"query-input":{"@type":"PropertyValueSpecification","valueRequired":true,"valueName":"search_term_string"}}],"inLanguage":"es"},{"@type":"Organization","@id":"https:\/\/wpguerssen-test.odoo.rgbconsulting.com\/es\/#organization","name":"Guerssen records","url":"https:\/\/wpguerssen-test.odoo.rgbconsulting.com\/es\/","logo":{"@type":"ImageObject","inLanguage":"es","@id":"https:\/\/wpguerssen-test.odoo.rgbconsulting.com\/es\/#\/schema\/logo\/image\/","url":"https:\/\/wpguerssen-test.odoo.rgbconsulting.com\/wp-content\/uploads\/2022\/04\/Logo_Guerssen_trans_100.png","contentUrl":"https:\/\/wpguerssen-test.odoo.rgbconsulting.com\/wp-content\/uploads\/2022\/04\/Logo_Guerssen_trans_100.png","width":122,"height":100,"caption":"Guerssen records"},"image":{"@id":"https:\/\/wpguerssen-test.odoo.rgbconsulting.com\/es\/#\/schema\/logo\/image\/"}}]}},"_links":{"self":[{"href":"https:\/\/wpguerssen-test.odoo.rgbconsulting.com\/es\/wp-json\/wp\/v2\/product\/270373","targetHints":{"allow":["GET"]}}],"collection":[{"href":"https:\/\/wpguerssen-test.odoo.rgbconsulting.com\/es\/wp-json\/wp\/v2\/product"}],"about":[{"href":"https:\/\/wpguerssen-test.odoo.rgbconsulting.com\/es\/wp-json\/wp\/v2\/types\/product"}],"wp:featuredmedia":[{"embeddable":true,"href":"https:\/\/wpguerssen-test.odoo.rgbconsulting.com\/es\/wp-json\/wp\/v2\/media\/271116"}],"wp:attachment":[{"href":"https:\/\/wpguerssen-test.odoo.rgbconsulting.com\/es\/wp-json\/wp\/v2\/media?parent=270373"}],"wp:term":[{"taxonomy":"product_brand","embeddable":true,"href":"https:\/\/wpguerssen-test.odoo.rgbconsulting.com\/es\/wp-json\/wp\/v2\/product_brand?post=270373"},{"taxonomy":"product_cat","embeddable":true,"href":"https:\/\/wpguerssen-test.odoo.rgbconsulting.com\/es\/wp-json\/wp\/v2\/product_cat?post=270373"},{"taxonomy":"product_tag","embeddable":true,"href":"https:\/\/wpguerssen-test.odoo.rgbconsulting.com\/es\/wp-json\/wp\/v2\/product_tag?post=270373"}],"curies":[{"name":"wp","href":"https:\/\/api.w.org\/{rel}","templated":true}]}}