{"id":270376,"date":"2023-10-06T00:00:00","date_gmt":"2023-10-05T22:00:00","guid":{"rendered":"https:\/\/wpguerssen-test.odoo.rgbconsulting.com\/product\/live-in-canada-1987-part-2\/"},"modified":"2025-04-23T17:31:37","modified_gmt":"2025-04-23T15:31:37","slug":"live-in-canada-1987-part-2","status":"publish","type":"product","link":"https:\/\/wpguerssen-test.odoo.rgbconsulting.com\/es\/producto\/live-in-canada-1987-part-2\/","title":{"rendered":"Live In Canada 1987 Part 2"},"content":{"rendered":"<p>El 7 de noviembre de 1987, Radio K.A.O.S. La gira de Roger Waters aterriz\u00f3 en el Colis\u00e9e de Qu\u00e9bec, Canad\u00e1, y ese concierto fue transmitido por una estaci\u00f3n de radio local. Ahora puedes escuchar 2 vinilos nuevos con siete canciones en cada setlist, dos de las cuales solo fueron extra\u00eddas del segundo \u00e1lbum solista de Roger Waters, mientras que el resto est\u00e1 compuesto \u00edntegramente por el repertorio de Pink Floyd. A Roger Waters (voz, bajo y guitarra ac\u00fastica) se le une la Bleeding Heart Band compuesta por Andy Fairweather-Low (guitarra r\u00edtmica, bajo y coros), Jay Stapley (guitarra principal y coros), Paul Carrack (teclados y voz) , Graham Broad (bater\u00eda y percusi\u00f3n), Mel Collins (saxof\u00f3n), Doreen Chanter (coros) y Katie Kissoon (coros).<br \/>Tracklist: Side A 1 Mother 2 Get Your Filthy Hands Off My Desert\/Southampton Dock 3 If 4 The Powers That Be Side B 1 Breathe 2 Brain Damage\/Eclipse 3 Another Brick In The Wall (part1)\/The Happiest Days Of Your Lives\/Another Brick In The Wall (part2)<\/p>\n","protected":false},"excerpt":{"rendered":"<p>El 7 de noviembre de 1987, Radio K.A.O.S. La gira de Roger Waters aterriz\u00f3 en el Colis\u00e9e de Qu\u00e9bec, Canad\u00e1, y ese concierto fue transmitido por una estaci\u00f3n de<a class=\"read\" href=\"https:\/\/wpguerssen-test.odoo.rgbconsulting.com\/es\/producto\/live-in-canada-1987-part-2\/\"> (...)<\/a>","protected":false},"featured_media":271122,"template":"","meta":{"_acf_changed":false},"product_brand":[],"product_cat":[21659,23214],"product_tag":[],"class_list":{"0":"post-270376","1":"product","2":"type-product","3":"status-publish","4":"has-post-thumbnail","6":"product_cat-psychedelic00s-now-es","7":"product_cat-progressive00s-now-es","8":"pa_artist-waters-roger-es-2","9":"pa_format-lp-es","10":"pa_gender-psychedelic00s-now-progressive00s-now","11":"pa_label-waters","12":"pa_location-uk-ireland-es","13":"pa_other-filters-vinyl-only-es","15":"first","16":"instock","17":"taxable","18":"shipping-taxable","19":"purchasable","20":"product-type-simple"},"acf":[],"yoast_head":"<!-- This site is optimized with the Yoast SEO plugin v24.9 - https:\/\/yoast.com\/wordpress\/plugins\/seo\/ -->\n<title>WATERS, Roger - Live In Canada 1987 Part 2 -  (LP) | Guerssen<\/title>\n<meta name=\"description\" content=\"On November 7, 1987, Radio K.A.O.S. Roger Waters&#039; tour landed at the Colis\u00e9e de Qu\u00e9bec, Canada, and that concert was broadcasted on a local radio station. Now you can listen to 2 brand new vinyl with seven songs in each setlist, two of which were only taken from Roger Waters&#039; second solo album, while the rest is composed entirely of Pink Floyd repertoire. Roger Waters (vocals, bass and acoustic guitar) is joined by the Bleeding Heart Band composed of Andy Fairweather-Low (rhythm guitar, bass and backing vocals), Jay Stapley (lead guitar and backing vocals), Paul Carrack (keyboards and vocals), Graham Broad (drums and percussion), Mel Collins (saxophone), Doreen Chanter (backing vocals) and Katie Kissoon (backing vocals).Tracklist: Side A 1 Mother 2 Get Your Filthy Hands Off My Desert\/Southampton Dock 3 If 4 The Powers That Be Side B 1 Breathe 2 Brain Damage\/Eclipse 3 Another Brick In The Wall (part1)\/The Happiest Days Of Your Lives\/Another Brick In The Wall (part2)\" \/>\n<meta name=\"robots\" content=\"index, follow, max-snippet:-1, max-image-preview:large, max-video-preview:-1\" \/>\n<link rel=\"canonical\" href=\"https:\/\/wpguerssen-test.odoo.rgbconsulting.com\/es\/producto\/live-in-canada-1987-part-2\/\" \/>\n<meta property=\"og:locale\" content=\"es_ES\" \/>\n<meta property=\"og:type\" content=\"article\" \/>\n<meta property=\"og:title\" content=\"WATERS, Roger - Live In Canada 1987 Part 2 -  (LP) | Guerssen\" \/>\n<meta property=\"og:description\" content=\"On November 7, 1987, Radio K.A.O.S. Roger Waters&#039; tour landed at the Colis\u00e9e de Qu\u00e9bec, Canada, and that concert was broadcasted on a local radio station. Now you can listen to 2 brand new vinyl with seven songs in each setlist, two of which were only taken from Roger Waters&#039; second solo album, while the rest is composed entirely of Pink Floyd repertoire. Roger Waters (vocals, bass and acoustic guitar) is joined by the Bleeding Heart Band composed of Andy Fairweather-Low (rhythm guitar, bass and backing vocals), Jay Stapley (lead guitar and backing vocals), Paul Carrack (keyboards and vocals), Graham Broad (drums and percussion), Mel Collins (saxophone), Doreen Chanter (backing vocals) and Katie Kissoon (backing vocals).Tracklist: Side A 1 Mother 2 Get Your Filthy Hands Off My Desert\/Southampton Dock 3 If 4 The Powers That Be Side B 1 Breathe 2 Brain Damage\/Eclipse 3 Another Brick In The Wall (part1)\/The Happiest Days Of Your Lives\/Another Brick In The Wall (part2)\" \/>\n<meta property=\"og:url\" content=\"https:\/\/wpguerssen-test.odoo.rgbconsulting.com\/es\/producto\/live-in-canada-1987-part-2\/\" \/>\n<meta property=\"og:site_name\" content=\"Guerssen records\" \/>\n<meta property=\"article:modified_time\" content=\"2025-04-23T15:31:37+00:00\" \/>\n<meta property=\"og:image\" content=\"https:\/\/wpguerssen-test.odoo.rgbconsulting.com\/wp-content\/uploads\/2024\/06\/48111.jpg\" \/>\n\t<meta property=\"og:image:width\" content=\"243\" \/>\n\t<meta property=\"og:image:height\" content=\"243\" \/>\n\t<meta property=\"og:image:type\" content=\"image\/jpeg\" \/>\n<meta name=\"twitter:card\" content=\"summary_large_image\" \/>\n<meta name=\"twitter:title\" content=\"WATERS, Roger - Live In Canada 1987 Part 2 -  (LP) | Guerssen\" \/>\n<meta name=\"twitter:label1\" content=\"Tiempo de lectura\" \/>\n\t<meta name=\"twitter:data1\" content=\"1 minuto\" \/>\n<script type=\"application\/ld+json\" class=\"yoast-schema-graph\">{\"@context\":\"https:\/\/schema.org\",\"@graph\":[{\"@type\":\"WebPage\",\"@id\":\"https:\/\/wpguerssen-test.odoo.rgbconsulting.com\/es\/producto\/live-in-canada-1987-part-2\/\",\"url\":\"https:\/\/wpguerssen-test.odoo.rgbconsulting.com\/es\/producto\/live-in-canada-1987-part-2\/\",\"name\":\"WATERS, Roger - Live In Canada 1987 Part 2 - (LP) | Guerssen\",\"isPartOf\":{\"@id\":\"https:\/\/wpguerssen-test.odoo.rgbconsulting.com\/es\/#website\"},\"primaryImageOfPage\":{\"@id\":\"https:\/\/wpguerssen-test.odoo.rgbconsulting.com\/es\/producto\/live-in-canada-1987-part-2\/#primaryimage\"},\"image\":{\"@id\":\"https:\/\/wpguerssen-test.odoo.rgbconsulting.com\/es\/producto\/live-in-canada-1987-part-2\/#primaryimage\"},\"thumbnailUrl\":\"https:\/\/wpguerssen-test.odoo.rgbconsulting.com\/wp-content\/uploads\/2024\/06\/48111.jpg\",\"datePublished\":\"2023-10-05T22:00:00+00:00\",\"dateModified\":\"2025-04-23T15:31:37+00:00\",\"description\":\"On November 7, 1987, Radio K.A.O.S. Roger Waters' tour landed at the Colis\u00e9e de Qu\u00e9bec, Canada, and that concert was broadcasted on a local radio station. Now you can listen to 2 brand new vinyl with seven songs in each setlist, two of which were only taken from Roger Waters' second solo album, while the rest is composed entirely of Pink Floyd repertoire. Roger Waters (vocals, bass and acoustic guitar) is joined by the Bleeding Heart Band composed of Andy Fairweather-Low (rhythm guitar, bass and backing vocals), Jay Stapley (lead guitar and backing vocals), Paul Carrack (keyboards and vocals), Graham Broad (drums and percussion), Mel Collins (saxophone), Doreen Chanter (backing vocals) and Katie Kissoon (backing vocals).Tracklist: Side A 1 Mother 2 Get Your Filthy Hands Off My Desert\/Southampton Dock 3 If 4 The Powers That Be Side B 1 Breathe 2 Brain Damage\/Eclipse 3 Another Brick In The Wall (part1)\/The Happiest Days Of Your Lives\/Another Brick In The Wall (part2)\",\"breadcrumb\":{\"@id\":\"https:\/\/wpguerssen-test.odoo.rgbconsulting.com\/es\/producto\/live-in-canada-1987-part-2\/#breadcrumb\"},\"inLanguage\":\"es\",\"potentialAction\":[{\"@type\":\"ReadAction\",\"target\":[\"https:\/\/wpguerssen-test.odoo.rgbconsulting.com\/es\/producto\/live-in-canada-1987-part-2\/\"]}]},{\"@type\":\"ImageObject\",\"inLanguage\":\"es\",\"@id\":\"https:\/\/wpguerssen-test.odoo.rgbconsulting.com\/es\/producto\/live-in-canada-1987-part-2\/#primaryimage\",\"url\":\"https:\/\/wpguerssen-test.odoo.rgbconsulting.com\/wp-content\/uploads\/2024\/06\/48111.jpg\",\"contentUrl\":\"https:\/\/wpguerssen-test.odoo.rgbconsulting.com\/wp-content\/uploads\/2024\/06\/48111.jpg\",\"width\":243,\"height\":243,\"caption\":\"Roger - Live In Canada 1987 Part 2 - WATERS (LP) | Guerssen\"},{\"@type\":\"BreadcrumbList\",\"@id\":\"https:\/\/wpguerssen-test.odoo.rgbconsulting.com\/es\/producto\/live-in-canada-1987-part-2\/#breadcrumb\",\"itemListElement\":[{\"@type\":\"ListItem\",\"position\":1,\"name\":\"Inicio\",\"item\":\"https:\/\/wpguerssen-test.odoo.rgbconsulting.com\/es\/\"},{\"@type\":\"ListItem\",\"position\":2,\"name\":\"Shop\",\"item\":\"https:\/\/wpguerssen-test.odoo.rgbconsulting.com\/shop\/\"},{\"@type\":\"ListItem\",\"position\":3,\"name\":\"Live In Canada 1987 Part 2\"}]},{\"@type\":\"WebSite\",\"@id\":\"https:\/\/wpguerssen-test.odoo.rgbconsulting.com\/es\/#website\",\"url\":\"https:\/\/wpguerssen-test.odoo.rgbconsulting.com\/es\/\",\"name\":\"Guerssen records\",\"description\":\"psychedelia - progressive - folk - garage \",\"publisher\":{\"@id\":\"https:\/\/wpguerssen-test.odoo.rgbconsulting.com\/es\/#organization\"},\"potentialAction\":[{\"@type\":\"SearchAction\",\"target\":{\"@type\":\"EntryPoint\",\"urlTemplate\":\"https:\/\/wpguerssen-test.odoo.rgbconsulting.com\/es\/?s={search_term_string}\"},\"query-input\":{\"@type\":\"PropertyValueSpecification\",\"valueRequired\":true,\"valueName\":\"search_term_string\"}}],\"inLanguage\":\"es\"},{\"@type\":\"Organization\",\"@id\":\"https:\/\/wpguerssen-test.odoo.rgbconsulting.com\/es\/#organization\",\"name\":\"Guerssen records\",\"url\":\"https:\/\/wpguerssen-test.odoo.rgbconsulting.com\/es\/\",\"logo\":{\"@type\":\"ImageObject\",\"inLanguage\":\"es\",\"@id\":\"https:\/\/wpguerssen-test.odoo.rgbconsulting.com\/es\/#\/schema\/logo\/image\/\",\"url\":\"https:\/\/wpguerssen-test.odoo.rgbconsulting.com\/wp-content\/uploads\/2022\/04\/Logo_Guerssen_trans_100.png\",\"contentUrl\":\"https:\/\/wpguerssen-test.odoo.rgbconsulting.com\/wp-content\/uploads\/2022\/04\/Logo_Guerssen_trans_100.png\",\"width\":122,\"height\":100,\"caption\":\"Guerssen records\"},\"image\":{\"@id\":\"https:\/\/wpguerssen-test.odoo.rgbconsulting.com\/es\/#\/schema\/logo\/image\/\"}}]}<\/script>\n<!-- \/ Yoast SEO plugin. -->","yoast_head_json":{"title":"WATERS, Roger - Live In Canada 1987 Part 2 -  (LP) | Guerssen","description":"On November 7, 1987, Radio K.A.O.S. Roger Waters' tour landed at the Colis\u00e9e de Qu\u00e9bec, Canada, and that concert was broadcasted on a local radio station. Now you can listen to 2 brand new vinyl with seven songs in each setlist, two of which were only taken from Roger Waters' second solo album, while the rest is composed entirely of Pink Floyd repertoire. Roger Waters (vocals, bass and acoustic guitar) is joined by the Bleeding Heart Band composed of Andy Fairweather-Low (rhythm guitar, bass and backing vocals), Jay Stapley (lead guitar and backing vocals), Paul Carrack (keyboards and vocals), Graham Broad (drums and percussion), Mel Collins (saxophone), Doreen Chanter (backing vocals) and Katie Kissoon (backing vocals).Tracklist: Side A 1 Mother 2 Get Your Filthy Hands Off My Desert\/Southampton Dock 3 If 4 The Powers That Be Side B 1 Breathe 2 Brain Damage\/Eclipse 3 Another Brick In The Wall (part1)\/The Happiest Days Of Your Lives\/Another Brick In The Wall (part2)","robots":{"index":"index","follow":"follow","max-snippet":"max-snippet:-1","max-image-preview":"max-image-preview:large","max-video-preview":"max-video-preview:-1"},"canonical":"https:\/\/wpguerssen-test.odoo.rgbconsulting.com\/es\/producto\/live-in-canada-1987-part-2\/","og_locale":"es_ES","og_type":"article","og_title":"WATERS, Roger - Live In Canada 1987 Part 2 -  (LP) | Guerssen","og_description":"On November 7, 1987, Radio K.A.O.S. Roger Waters' tour landed at the Colis\u00e9e de Qu\u00e9bec, Canada, and that concert was broadcasted on a local radio station. Now you can listen to 2 brand new vinyl with seven songs in each setlist, two of which were only taken from Roger Waters' second solo album, while the rest is composed entirely of Pink Floyd repertoire. Roger Waters (vocals, bass and acoustic guitar) is joined by the Bleeding Heart Band composed of Andy Fairweather-Low (rhythm guitar, bass and backing vocals), Jay Stapley (lead guitar and backing vocals), Paul Carrack (keyboards and vocals), Graham Broad (drums and percussion), Mel Collins (saxophone), Doreen Chanter (backing vocals) and Katie Kissoon (backing vocals).Tracklist: Side A 1 Mother 2 Get Your Filthy Hands Off My Desert\/Southampton Dock 3 If 4 The Powers That Be Side B 1 Breathe 2 Brain Damage\/Eclipse 3 Another Brick In The Wall (part1)\/The Happiest Days Of Your Lives\/Another Brick In The Wall (part2)","og_url":"https:\/\/wpguerssen-test.odoo.rgbconsulting.com\/es\/producto\/live-in-canada-1987-part-2\/","og_site_name":"Guerssen records","article_modified_time":"2025-04-23T15:31:37+00:00","og_image":[{"width":243,"height":243,"url":"https:\/\/wpguerssen-test.odoo.rgbconsulting.com\/wp-content\/uploads\/2024\/06\/48111.jpg","type":"image\/jpeg"}],"twitter_card":"summary_large_image","twitter_title":"WATERS, Roger - Live In Canada 1987 Part 2 -  (LP) | Guerssen","twitter_misc":{"Tiempo de lectura":"1 minuto"},"schema":{"@context":"https:\/\/schema.org","@graph":[{"@type":"WebPage","@id":"https:\/\/wpguerssen-test.odoo.rgbconsulting.com\/es\/producto\/live-in-canada-1987-part-2\/","url":"https:\/\/wpguerssen-test.odoo.rgbconsulting.com\/es\/producto\/live-in-canada-1987-part-2\/","name":"WATERS, Roger - Live In Canada 1987 Part 2 - (LP) | Guerssen","isPartOf":{"@id":"https:\/\/wpguerssen-test.odoo.rgbconsulting.com\/es\/#website"},"primaryImageOfPage":{"@id":"https:\/\/wpguerssen-test.odoo.rgbconsulting.com\/es\/producto\/live-in-canada-1987-part-2\/#primaryimage"},"image":{"@id":"https:\/\/wpguerssen-test.odoo.rgbconsulting.com\/es\/producto\/live-in-canada-1987-part-2\/#primaryimage"},"thumbnailUrl":"https:\/\/wpguerssen-test.odoo.rgbconsulting.com\/wp-content\/uploads\/2024\/06\/48111.jpg","datePublished":"2023-10-05T22:00:00+00:00","dateModified":"2025-04-23T15:31:37+00:00","description":"On November 7, 1987, Radio K.A.O.S. Roger Waters' tour landed at the Colis\u00e9e de Qu\u00e9bec, Canada, and that concert was broadcasted on a local radio station. Now you can listen to 2 brand new vinyl with seven songs in each setlist, two of which were only taken from Roger Waters' second solo album, while the rest is composed entirely of Pink Floyd repertoire. Roger Waters (vocals, bass and acoustic guitar) is joined by the Bleeding Heart Band composed of Andy Fairweather-Low (rhythm guitar, bass and backing vocals), Jay Stapley (lead guitar and backing vocals), Paul Carrack (keyboards and vocals), Graham Broad (drums and percussion), Mel Collins (saxophone), Doreen Chanter (backing vocals) and Katie Kissoon (backing vocals).Tracklist: Side A 1 Mother 2 Get Your Filthy Hands Off My Desert\/Southampton Dock 3 If 4 The Powers That Be Side B 1 Breathe 2 Brain Damage\/Eclipse 3 Another Brick In The Wall (part1)\/The Happiest Days Of Your Lives\/Another Brick In The Wall (part2)","breadcrumb":{"@id":"https:\/\/wpguerssen-test.odoo.rgbconsulting.com\/es\/producto\/live-in-canada-1987-part-2\/#breadcrumb"},"inLanguage":"es","potentialAction":[{"@type":"ReadAction","target":["https:\/\/wpguerssen-test.odoo.rgbconsulting.com\/es\/producto\/live-in-canada-1987-part-2\/"]}]},{"@type":"ImageObject","inLanguage":"es","@id":"https:\/\/wpguerssen-test.odoo.rgbconsulting.com\/es\/producto\/live-in-canada-1987-part-2\/#primaryimage","url":"https:\/\/wpguerssen-test.odoo.rgbconsulting.com\/wp-content\/uploads\/2024\/06\/48111.jpg","contentUrl":"https:\/\/wpguerssen-test.odoo.rgbconsulting.com\/wp-content\/uploads\/2024\/06\/48111.jpg","width":243,"height":243,"caption":"Roger - Live In Canada 1987 Part 2 - WATERS (LP) | Guerssen"},{"@type":"BreadcrumbList","@id":"https:\/\/wpguerssen-test.odoo.rgbconsulting.com\/es\/producto\/live-in-canada-1987-part-2\/#breadcrumb","itemListElement":[{"@type":"ListItem","position":1,"name":"Inicio","item":"https:\/\/wpguerssen-test.odoo.rgbconsulting.com\/es\/"},{"@type":"ListItem","position":2,"name":"Shop","item":"https:\/\/wpguerssen-test.odoo.rgbconsulting.com\/shop\/"},{"@type":"ListItem","position":3,"name":"Live In Canada 1987 Part 2"}]},{"@type":"WebSite","@id":"https:\/\/wpguerssen-test.odoo.rgbconsulting.com\/es\/#website","url":"https:\/\/wpguerssen-test.odoo.rgbconsulting.com\/es\/","name":"Guerssen records","description":"psychedelia - progressive - folk - garage ","publisher":{"@id":"https:\/\/wpguerssen-test.odoo.rgbconsulting.com\/es\/#organization"},"potentialAction":[{"@type":"SearchAction","target":{"@type":"EntryPoint","urlTemplate":"https:\/\/wpguerssen-test.odoo.rgbconsulting.com\/es\/?s={search_term_string}"},"query-input":{"@type":"PropertyValueSpecification","valueRequired":true,"valueName":"search_term_string"}}],"inLanguage":"es"},{"@type":"Organization","@id":"https:\/\/wpguerssen-test.odoo.rgbconsulting.com\/es\/#organization","name":"Guerssen records","url":"https:\/\/wpguerssen-test.odoo.rgbconsulting.com\/es\/","logo":{"@type":"ImageObject","inLanguage":"es","@id":"https:\/\/wpguerssen-test.odoo.rgbconsulting.com\/es\/#\/schema\/logo\/image\/","url":"https:\/\/wpguerssen-test.odoo.rgbconsulting.com\/wp-content\/uploads\/2022\/04\/Logo_Guerssen_trans_100.png","contentUrl":"https:\/\/wpguerssen-test.odoo.rgbconsulting.com\/wp-content\/uploads\/2022\/04\/Logo_Guerssen_trans_100.png","width":122,"height":100,"caption":"Guerssen records"},"image":{"@id":"https:\/\/wpguerssen-test.odoo.rgbconsulting.com\/es\/#\/schema\/logo\/image\/"}}]}},"_links":{"self":[{"href":"https:\/\/wpguerssen-test.odoo.rgbconsulting.com\/es\/wp-json\/wp\/v2\/product\/270376","targetHints":{"allow":["GET"]}}],"collection":[{"href":"https:\/\/wpguerssen-test.odoo.rgbconsulting.com\/es\/wp-json\/wp\/v2\/product"}],"about":[{"href":"https:\/\/wpguerssen-test.odoo.rgbconsulting.com\/es\/wp-json\/wp\/v2\/types\/product"}],"wp:featuredmedia":[{"embeddable":true,"href":"https:\/\/wpguerssen-test.odoo.rgbconsulting.com\/es\/wp-json\/wp\/v2\/media\/271122"}],"wp:attachment":[{"href":"https:\/\/wpguerssen-test.odoo.rgbconsulting.com\/es\/wp-json\/wp\/v2\/media?parent=270376"}],"wp:term":[{"taxonomy":"product_brand","embeddable":true,"href":"https:\/\/wpguerssen-test.odoo.rgbconsulting.com\/es\/wp-json\/wp\/v2\/product_brand?post=270376"},{"taxonomy":"product_cat","embeddable":true,"href":"https:\/\/wpguerssen-test.odoo.rgbconsulting.com\/es\/wp-json\/wp\/v2\/product_cat?post=270376"},{"taxonomy":"product_tag","embeddable":true,"href":"https:\/\/wpguerssen-test.odoo.rgbconsulting.com\/es\/wp-json\/wp\/v2\/product_tag?post=270376"}],"curies":[{"name":"wp","href":"https:\/\/api.w.org\/{rel}","templated":true}]}}