{"id":270395,"date":"2024-06-26T00:00:00","date_gmt":"2024-06-25T22:00:00","guid":{"rendered":"https:\/\/wpguerssen-test.odoo.rgbconsulting.com\/?post_type=product&#038;p=270395"},"modified":"2025-04-29T13:35:39","modified_gmt":"2025-04-29T11:35:39","slug":"dreaming-with-alice-purple-lp","status":"publish","type":"product","link":"https:\/\/wpguerssen-test.odoo.rgbconsulting.com\/es\/producto\/dreaming-with-alice-purple-lp\/","title":{"rendered":"Dreaming With Alice (Purple LP)"},"content":{"rendered":"<p>VINILO P\u00daRPURA, S\u00d3LO 200 COPIAS!!! <\/p>\n<p> \u00abDreaming With Alice\u00bb fue grabado por el m\u00fasico\/artista brit\u00e1nico Mark Fry cuando este ten\u00eda apenas 19 a\u00f1os y editado sin apenas promoci\u00f3n solo en Italia en 1972.Imposible de encontrar en edici\u00f3n original, es sin duda uno de los discos m\u00e1s deseados por coleccionistas de acid-folk y folk psicod\u00e9lico. <\/p>\n<p> Grabado por Mark en un peque\u00f1o estudio italiano con la ayuda de m\u00fasicos escoceses (muy probablemente relacionados Middle Of The Road), el disco contiene una serie de fant\u00e1sticas canciones compuestas por Mark, algunas ya cl\u00e1sicos del g\u00e9nero como \u00abThe Witch\u00bb o \u00abMandolin Man\u00bb. Muy recomendado si te gustan gente como Donovan, Nick Drake, Incredible String Band, Dr. Strangely Strange, Comus&#8230; <\/p>\n<p> *Artwork original en portada de cart\u00f3n duro<br \/>*Sonido extra\u00eddo de los m\u00e1ster originales<br \/>*Insert con notas por Mark Fry y fotos <\/p>\n<p> \u00abEsencial para cualquier aficionado al folk \u00e1cido\u00bb<br \/>&#8211; Ptolemaic Terrascope <\/p>\n<p> Tracklist:<br \/>Side 1: 1. Dreaming with Alice (verse 1) &#8211; 2. The Witch &#8211; 3. Dreaming with Alice (verse 2) &#8211; 4. Song for Wilde &#8211; 5. Dreaming with Alice (verse 3) &#8211; 6. Roses for Columbus &#8211; 7. A Norman Soldier &#8211; 8. Dreaming with Alice (verse 4)<br \/>Side 2: 1. Dreaming with Alice (verse 5) &#8211; 2. Lute and Flute &#8211; 3. Dreaming with Alice (verse 6) &#8211; 4. Down Narrow Streets &#8211; 5. Dreaming with Alice (verse 7) &#8211; 6. Mandollin Man &#8211; 7. Dreaming with Alice (verse 8) &#8211; 8. Rehtorb Ym No Hcram<\/p>\n","protected":false},"excerpt":{"rendered":"<p>VINILO P\u00daRPURA, S\u00d3LO 200 COPIAS!!! <\/p>\n<p>\u00a0<\/p>\n<p> \u00abDreaming With Alice\u00bb fue grabado por el m\u00fasico\/artista brit\u00e1nico Mark Fry cuando este ten\u00eda apenas 19<a class=\"read\" href=\"https:\/\/wpguerssen-test.odoo.rgbconsulting.com\/es\/producto\/dreaming-with-alice-purple-lp\/\"> (...)<\/a>","protected":false},"featured_media":270388,"template":"","meta":{"_acf_changed":false},"product_brand":[],"product_cat":[21639,23274],"product_tag":[29140],"class_list":{"0":"post-270395","1":"product","2":"type-product","3":"status-publish","4":"has-post-thumbnail","6":"product_cat-psychedelic60s-70s-es","7":"product_cat-folk-rock-60s-70s-es","8":"product_tag-color-vinyl-es","9":"pa_artist-fry-mark-es","10":"pa_format-lp-es","11":"pa_gender-folk-rock-60s-70s-psychedelic60s-70s","12":"pa_label-guerssen-es","13":"pa_location-europe-es","14":"pa_other-filters-vinyl-only-es","16":"first","17":"instock","18":"taxable","19":"shipping-taxable","20":"purchasable","21":"product-type-simple"},"acf":[],"yoast_head":"<!-- This site is optimized with the Yoast SEO plugin v24.9 - https:\/\/yoast.com\/wordpress\/plugins\/seo\/ -->\n<title>FRY, Mark - Dreaming With Alice (Purple LP) -  (LP) | Guerssen<\/title>\n<meta name=\"description\" content=\"PURPLE VINYL, 200 COPIES ONLY! #nl# Recorded when he was just nineteen, &quot;Dreaming With Alice&quot; by British folk musician\/artist MARK FRY was (barely) released only in Italy in 1972, making it one of the rarest and most desirable acid-folk \/ psychedelic albums ever. Tracks like &quot;The Witch&quot; or &quot;Mandolin Man&quot; are considered nowadays classics of the genre. #nl# *Original artwork in hard cardboard sleeve*Sourced from the original master tapes*Insert with liner notes by Mark Fry and photos #nl# RIYL: Donovan, Nick Drake, Incredible String Band, Dr. Strangely Strange, Comus... #nl# &quot;An essential purchase for fans of acid\/folk&quot;- Ptolemaic Terrascope #nl# Tracklist:Side 1: 1. Dreaming with Alice (verse 1) - 2. The Witch - 3. Dreaming with Alice (verse 2) - 4. Song for Wilde - 5. Dreaming with Alice (verse 3) - 6. Roses for Columbus - 7. A Norman Soldier - 8. Dreaming with Alice (verse 4)Side 2: 1. Dreaming with Alice (verse 5) - 2. Lute and Flute - 3. Dreaming with Alice (verse 6) - 4. Down Narrow Streets - 5. Dreaming with Alice (verse 7) - 6. Mandollin Man - 7. Dreaming with Alice (verse 8) - 8. Rehtorb Ym No Hcram\" \/>\n<meta name=\"robots\" content=\"index, follow, max-snippet:-1, max-image-preview:large, max-video-preview:-1\" \/>\n<link rel=\"canonical\" href=\"https:\/\/wpguerssen-test.odoo.rgbconsulting.com\/es\/producto\/dreaming-with-alice-purple-lp\/\" \/>\n<meta property=\"og:locale\" content=\"es_ES\" \/>\n<meta property=\"og:type\" content=\"article\" \/>\n<meta property=\"og:title\" content=\"FRY, Mark - Dreaming With Alice (Purple LP) -  (LP) | Guerssen\" \/>\n<meta property=\"og:description\" content=\"PURPLE VINYL, 200 COPIES ONLY! #nl# Recorded when he was just nineteen, &quot;Dreaming With Alice&quot; by British folk musician\/artist MARK FRY was (barely) released only in Italy in 1972, making it one of the rarest and most desirable acid-folk \/ psychedelic albums ever. Tracks like &quot;The Witch&quot; or &quot;Mandolin Man&quot; are considered nowadays classics of the genre. #nl# *Original artwork in hard cardboard sleeve*Sourced from the original master tapes*Insert with liner notes by Mark Fry and photos #nl# RIYL: Donovan, Nick Drake, Incredible String Band, Dr. Strangely Strange, Comus... #nl# &quot;An essential purchase for fans of acid\/folk&quot;- Ptolemaic Terrascope #nl# Tracklist:Side 1: 1. Dreaming with Alice (verse 1) - 2. The Witch - 3. Dreaming with Alice (verse 2) - 4. Song for Wilde - 5. Dreaming with Alice (verse 3) - 6. Roses for Columbus - 7. A Norman Soldier - 8. Dreaming with Alice (verse 4)Side 2: 1. Dreaming with Alice (verse 5) - 2. Lute and Flute - 3. Dreaming with Alice (verse 6) - 4. Down Narrow Streets - 5. Dreaming with Alice (verse 7) - 6. Mandollin Man - 7. Dreaming with Alice (verse 8) - 8. Rehtorb Ym No Hcram\" \/>\n<meta property=\"og:url\" content=\"https:\/\/wpguerssen-test.odoo.rgbconsulting.com\/es\/producto\/dreaming-with-alice-purple-lp\/\" \/>\n<meta property=\"og:site_name\" content=\"Guerssen records\" \/>\n<meta property=\"article:modified_time\" content=\"2025-04-29T11:35:39+00:00\" \/>\n<meta property=\"og:image\" content=\"https:\/\/wpguerssen-test.odoo.rgbconsulting.com\/wp-content\/uploads\/2024\/06\/48100.jpg\" \/>\n\t<meta property=\"og:image:width\" content=\"1400\" \/>\n\t<meta property=\"og:image:height\" content=\"1400\" \/>\n\t<meta property=\"og:image:type\" content=\"image\/jpeg\" \/>\n<meta name=\"twitter:card\" content=\"summary_large_image\" \/>\n<meta name=\"twitter:title\" content=\"FRY, Mark - Dreaming With Alice (Purple LP) -  (LP) | Guerssen\" \/>\n<meta name=\"twitter:label1\" content=\"Tiempo de lectura\" \/>\n\t<meta name=\"twitter:data1\" content=\"1 minuto\" \/>\n<script type=\"application\/ld+json\" class=\"yoast-schema-graph\">{\"@context\":\"https:\/\/schema.org\",\"@graph\":[{\"@type\":\"WebPage\",\"@id\":\"https:\/\/wpguerssen-test.odoo.rgbconsulting.com\/es\/producto\/dreaming-with-alice-purple-lp\/\",\"url\":\"https:\/\/wpguerssen-test.odoo.rgbconsulting.com\/es\/producto\/dreaming-with-alice-purple-lp\/\",\"name\":\"FRY, Mark - Dreaming With Alice (Purple LP) - (LP) | Guerssen\",\"isPartOf\":{\"@id\":\"https:\/\/wpguerssen-test.odoo.rgbconsulting.com\/es\/#website\"},\"primaryImageOfPage\":{\"@id\":\"https:\/\/wpguerssen-test.odoo.rgbconsulting.com\/es\/producto\/dreaming-with-alice-purple-lp\/#primaryimage\"},\"image\":{\"@id\":\"https:\/\/wpguerssen-test.odoo.rgbconsulting.com\/es\/producto\/dreaming-with-alice-purple-lp\/#primaryimage\"},\"thumbnailUrl\":\"https:\/\/wpguerssen-test.odoo.rgbconsulting.com\/wp-content\/uploads\/2024\/06\/48100.jpg\",\"datePublished\":\"2024-06-25T22:00:00+00:00\",\"dateModified\":\"2025-04-29T11:35:39+00:00\",\"description\":\"PURPLE VINYL, 200 COPIES ONLY! #nl# Recorded when he was just nineteen, \\\"Dreaming With Alice\\\" by British folk musician\/artist MARK FRY was (barely) released only in Italy in 1972, making it one of the rarest and most desirable acid-folk \/ psychedelic albums ever. Tracks like \\\"The Witch\\\" or \\\"Mandolin Man\\\" are considered nowadays classics of the genre. #nl# *Original artwork in hard cardboard sleeve*Sourced from the original master tapes*Insert with liner notes by Mark Fry and photos #nl# RIYL: Donovan, Nick Drake, Incredible String Band, Dr. Strangely Strange, Comus... #nl# \\\"An essential purchase for fans of acid\/folk\\\"- Ptolemaic Terrascope #nl# Tracklist:Side 1: 1. Dreaming with Alice (verse 1) - 2. The Witch - 3. Dreaming with Alice (verse 2) - 4. Song for Wilde - 5. Dreaming with Alice (verse 3) - 6. Roses for Columbus - 7. A Norman Soldier - 8. Dreaming with Alice (verse 4)Side 2: 1. Dreaming with Alice (verse 5) - 2. Lute and Flute - 3. Dreaming with Alice (verse 6) - 4. Down Narrow Streets - 5. Dreaming with Alice (verse 7) - 6. Mandollin Man - 7. Dreaming with Alice (verse 8) - 8. Rehtorb Ym No Hcram\",\"breadcrumb\":{\"@id\":\"https:\/\/wpguerssen-test.odoo.rgbconsulting.com\/es\/producto\/dreaming-with-alice-purple-lp\/#breadcrumb\"},\"inLanguage\":\"es\",\"potentialAction\":[{\"@type\":\"ReadAction\",\"target\":[\"https:\/\/wpguerssen-test.odoo.rgbconsulting.com\/es\/producto\/dreaming-with-alice-purple-lp\/\"]}]},{\"@type\":\"ImageObject\",\"inLanguage\":\"es\",\"@id\":\"https:\/\/wpguerssen-test.odoo.rgbconsulting.com\/es\/producto\/dreaming-with-alice-purple-lp\/#primaryimage\",\"url\":\"https:\/\/wpguerssen-test.odoo.rgbconsulting.com\/wp-content\/uploads\/2024\/06\/48100.jpg\",\"contentUrl\":\"https:\/\/wpguerssen-test.odoo.rgbconsulting.com\/wp-content\/uploads\/2024\/06\/48100.jpg\",\"width\":1400,\"height\":1400,\"caption\":\"Mark - Dreaming With Alice (Purple LP) - GUERSSEN (LP) | Guerssen\"},{\"@type\":\"BreadcrumbList\",\"@id\":\"https:\/\/wpguerssen-test.odoo.rgbconsulting.com\/es\/producto\/dreaming-with-alice-purple-lp\/#breadcrumb\",\"itemListElement\":[{\"@type\":\"ListItem\",\"position\":1,\"name\":\"Inicio\",\"item\":\"https:\/\/wpguerssen-test.odoo.rgbconsulting.com\/es\/\"},{\"@type\":\"ListItem\",\"position\":2,\"name\":\"Shop\",\"item\":\"https:\/\/wpguerssen-test.odoo.rgbconsulting.com\/shop\/\"},{\"@type\":\"ListItem\",\"position\":3,\"name\":\"Dreaming With Alice (Purple LP)\"}]},{\"@type\":\"WebSite\",\"@id\":\"https:\/\/wpguerssen-test.odoo.rgbconsulting.com\/es\/#website\",\"url\":\"https:\/\/wpguerssen-test.odoo.rgbconsulting.com\/es\/\",\"name\":\"Guerssen records\",\"description\":\"psychedelia - progressive - folk - garage \",\"publisher\":{\"@id\":\"https:\/\/wpguerssen-test.odoo.rgbconsulting.com\/es\/#organization\"},\"potentialAction\":[{\"@type\":\"SearchAction\",\"target\":{\"@type\":\"EntryPoint\",\"urlTemplate\":\"https:\/\/wpguerssen-test.odoo.rgbconsulting.com\/es\/?s={search_term_string}\"},\"query-input\":{\"@type\":\"PropertyValueSpecification\",\"valueRequired\":true,\"valueName\":\"search_term_string\"}}],\"inLanguage\":\"es\"},{\"@type\":\"Organization\",\"@id\":\"https:\/\/wpguerssen-test.odoo.rgbconsulting.com\/es\/#organization\",\"name\":\"Guerssen records\",\"url\":\"https:\/\/wpguerssen-test.odoo.rgbconsulting.com\/es\/\",\"logo\":{\"@type\":\"ImageObject\",\"inLanguage\":\"es\",\"@id\":\"https:\/\/wpguerssen-test.odoo.rgbconsulting.com\/es\/#\/schema\/logo\/image\/\",\"url\":\"https:\/\/wpguerssen-test.odoo.rgbconsulting.com\/wp-content\/uploads\/2022\/04\/Logo_Guerssen_trans_100.png\",\"contentUrl\":\"https:\/\/wpguerssen-test.odoo.rgbconsulting.com\/wp-content\/uploads\/2022\/04\/Logo_Guerssen_trans_100.png\",\"width\":122,\"height\":100,\"caption\":\"Guerssen records\"},\"image\":{\"@id\":\"https:\/\/wpguerssen-test.odoo.rgbconsulting.com\/es\/#\/schema\/logo\/image\/\"}}]}<\/script>\n<!-- \/ Yoast SEO plugin. -->","yoast_head_json":{"title":"FRY, Mark - Dreaming With Alice (Purple LP) -  (LP) | Guerssen","description":"PURPLE VINYL, 200 COPIES ONLY! #nl# Recorded when he was just nineteen, \"Dreaming With Alice\" by British folk musician\/artist MARK FRY was (barely) released only in Italy in 1972, making it one of the rarest and most desirable acid-folk \/ psychedelic albums ever. Tracks like \"The Witch\" or \"Mandolin Man\" are considered nowadays classics of the genre. #nl# *Original artwork in hard cardboard sleeve*Sourced from the original master tapes*Insert with liner notes by Mark Fry and photos #nl# RIYL: Donovan, Nick Drake, Incredible String Band, Dr. Strangely Strange, Comus... #nl# \"An essential purchase for fans of acid\/folk\"- Ptolemaic Terrascope #nl# Tracklist:Side 1: 1. Dreaming with Alice (verse 1) - 2. The Witch - 3. Dreaming with Alice (verse 2) - 4. Song for Wilde - 5. Dreaming with Alice (verse 3) - 6. Roses for Columbus - 7. A Norman Soldier - 8. Dreaming with Alice (verse 4)Side 2: 1. Dreaming with Alice (verse 5) - 2. Lute and Flute - 3. Dreaming with Alice (verse 6) - 4. Down Narrow Streets - 5. Dreaming with Alice (verse 7) - 6. Mandollin Man - 7. Dreaming with Alice (verse 8) - 8. Rehtorb Ym No Hcram","robots":{"index":"index","follow":"follow","max-snippet":"max-snippet:-1","max-image-preview":"max-image-preview:large","max-video-preview":"max-video-preview:-1"},"canonical":"https:\/\/wpguerssen-test.odoo.rgbconsulting.com\/es\/producto\/dreaming-with-alice-purple-lp\/","og_locale":"es_ES","og_type":"article","og_title":"FRY, Mark - Dreaming With Alice (Purple LP) -  (LP) | Guerssen","og_description":"PURPLE VINYL, 200 COPIES ONLY! #nl# Recorded when he was just nineteen, \"Dreaming With Alice\" by British folk musician\/artist MARK FRY was (barely) released only in Italy in 1972, making it one of the rarest and most desirable acid-folk \/ psychedelic albums ever. Tracks like \"The Witch\" or \"Mandolin Man\" are considered nowadays classics of the genre. #nl# *Original artwork in hard cardboard sleeve*Sourced from the original master tapes*Insert with liner notes by Mark Fry and photos #nl# RIYL: Donovan, Nick Drake, Incredible String Band, Dr. Strangely Strange, Comus... #nl# \"An essential purchase for fans of acid\/folk\"- Ptolemaic Terrascope #nl# Tracklist:Side 1: 1. Dreaming with Alice (verse 1) - 2. The Witch - 3. Dreaming with Alice (verse 2) - 4. Song for Wilde - 5. Dreaming with Alice (verse 3) - 6. Roses for Columbus - 7. A Norman Soldier - 8. Dreaming with Alice (verse 4)Side 2: 1. Dreaming with Alice (verse 5) - 2. Lute and Flute - 3. Dreaming with Alice (verse 6) - 4. Down Narrow Streets - 5. Dreaming with Alice (verse 7) - 6. Mandollin Man - 7. Dreaming with Alice (verse 8) - 8. Rehtorb Ym No Hcram","og_url":"https:\/\/wpguerssen-test.odoo.rgbconsulting.com\/es\/producto\/dreaming-with-alice-purple-lp\/","og_site_name":"Guerssen records","article_modified_time":"2025-04-29T11:35:39+00:00","og_image":[{"width":1400,"height":1400,"url":"https:\/\/wpguerssen-test.odoo.rgbconsulting.com\/wp-content\/uploads\/2024\/06\/48100.jpg","type":"image\/jpeg"}],"twitter_card":"summary_large_image","twitter_title":"FRY, Mark - Dreaming With Alice (Purple LP) -  (LP) | Guerssen","twitter_misc":{"Tiempo de lectura":"1 minuto"},"schema":{"@context":"https:\/\/schema.org","@graph":[{"@type":"WebPage","@id":"https:\/\/wpguerssen-test.odoo.rgbconsulting.com\/es\/producto\/dreaming-with-alice-purple-lp\/","url":"https:\/\/wpguerssen-test.odoo.rgbconsulting.com\/es\/producto\/dreaming-with-alice-purple-lp\/","name":"FRY, Mark - Dreaming With Alice (Purple LP) - (LP) | Guerssen","isPartOf":{"@id":"https:\/\/wpguerssen-test.odoo.rgbconsulting.com\/es\/#website"},"primaryImageOfPage":{"@id":"https:\/\/wpguerssen-test.odoo.rgbconsulting.com\/es\/producto\/dreaming-with-alice-purple-lp\/#primaryimage"},"image":{"@id":"https:\/\/wpguerssen-test.odoo.rgbconsulting.com\/es\/producto\/dreaming-with-alice-purple-lp\/#primaryimage"},"thumbnailUrl":"https:\/\/wpguerssen-test.odoo.rgbconsulting.com\/wp-content\/uploads\/2024\/06\/48100.jpg","datePublished":"2024-06-25T22:00:00+00:00","dateModified":"2025-04-29T11:35:39+00:00","description":"PURPLE VINYL, 200 COPIES ONLY! #nl# Recorded when he was just nineteen, \"Dreaming With Alice\" by British folk musician\/artist MARK FRY was (barely) released only in Italy in 1972, making it one of the rarest and most desirable acid-folk \/ psychedelic albums ever. Tracks like \"The Witch\" or \"Mandolin Man\" are considered nowadays classics of the genre. #nl# *Original artwork in hard cardboard sleeve*Sourced from the original master tapes*Insert with liner notes by Mark Fry and photos #nl# RIYL: Donovan, Nick Drake, Incredible String Band, Dr. Strangely Strange, Comus... #nl# \"An essential purchase for fans of acid\/folk\"- Ptolemaic Terrascope #nl# Tracklist:Side 1: 1. Dreaming with Alice (verse 1) - 2. The Witch - 3. Dreaming with Alice (verse 2) - 4. Song for Wilde - 5. Dreaming with Alice (verse 3) - 6. Roses for Columbus - 7. A Norman Soldier - 8. Dreaming with Alice (verse 4)Side 2: 1. Dreaming with Alice (verse 5) - 2. Lute and Flute - 3. Dreaming with Alice (verse 6) - 4. Down Narrow Streets - 5. Dreaming with Alice (verse 7) - 6. Mandollin Man - 7. Dreaming with Alice (verse 8) - 8. Rehtorb Ym No Hcram","breadcrumb":{"@id":"https:\/\/wpguerssen-test.odoo.rgbconsulting.com\/es\/producto\/dreaming-with-alice-purple-lp\/#breadcrumb"},"inLanguage":"es","potentialAction":[{"@type":"ReadAction","target":["https:\/\/wpguerssen-test.odoo.rgbconsulting.com\/es\/producto\/dreaming-with-alice-purple-lp\/"]}]},{"@type":"ImageObject","inLanguage":"es","@id":"https:\/\/wpguerssen-test.odoo.rgbconsulting.com\/es\/producto\/dreaming-with-alice-purple-lp\/#primaryimage","url":"https:\/\/wpguerssen-test.odoo.rgbconsulting.com\/wp-content\/uploads\/2024\/06\/48100.jpg","contentUrl":"https:\/\/wpguerssen-test.odoo.rgbconsulting.com\/wp-content\/uploads\/2024\/06\/48100.jpg","width":1400,"height":1400,"caption":"Mark - Dreaming With Alice (Purple LP) - GUERSSEN (LP) | Guerssen"},{"@type":"BreadcrumbList","@id":"https:\/\/wpguerssen-test.odoo.rgbconsulting.com\/es\/producto\/dreaming-with-alice-purple-lp\/#breadcrumb","itemListElement":[{"@type":"ListItem","position":1,"name":"Inicio","item":"https:\/\/wpguerssen-test.odoo.rgbconsulting.com\/es\/"},{"@type":"ListItem","position":2,"name":"Shop","item":"https:\/\/wpguerssen-test.odoo.rgbconsulting.com\/shop\/"},{"@type":"ListItem","position":3,"name":"Dreaming With Alice (Purple LP)"}]},{"@type":"WebSite","@id":"https:\/\/wpguerssen-test.odoo.rgbconsulting.com\/es\/#website","url":"https:\/\/wpguerssen-test.odoo.rgbconsulting.com\/es\/","name":"Guerssen records","description":"psychedelia - progressive - folk - garage ","publisher":{"@id":"https:\/\/wpguerssen-test.odoo.rgbconsulting.com\/es\/#organization"},"potentialAction":[{"@type":"SearchAction","target":{"@type":"EntryPoint","urlTemplate":"https:\/\/wpguerssen-test.odoo.rgbconsulting.com\/es\/?s={search_term_string}"},"query-input":{"@type":"PropertyValueSpecification","valueRequired":true,"valueName":"search_term_string"}}],"inLanguage":"es"},{"@type":"Organization","@id":"https:\/\/wpguerssen-test.odoo.rgbconsulting.com\/es\/#organization","name":"Guerssen records","url":"https:\/\/wpguerssen-test.odoo.rgbconsulting.com\/es\/","logo":{"@type":"ImageObject","inLanguage":"es","@id":"https:\/\/wpguerssen-test.odoo.rgbconsulting.com\/es\/#\/schema\/logo\/image\/","url":"https:\/\/wpguerssen-test.odoo.rgbconsulting.com\/wp-content\/uploads\/2022\/04\/Logo_Guerssen_trans_100.png","contentUrl":"https:\/\/wpguerssen-test.odoo.rgbconsulting.com\/wp-content\/uploads\/2022\/04\/Logo_Guerssen_trans_100.png","width":122,"height":100,"caption":"Guerssen records"},"image":{"@id":"https:\/\/wpguerssen-test.odoo.rgbconsulting.com\/es\/#\/schema\/logo\/image\/"}}]}},"_links":{"self":[{"href":"https:\/\/wpguerssen-test.odoo.rgbconsulting.com\/es\/wp-json\/wp\/v2\/product\/270395","targetHints":{"allow":["GET"]}}],"collection":[{"href":"https:\/\/wpguerssen-test.odoo.rgbconsulting.com\/es\/wp-json\/wp\/v2\/product"}],"about":[{"href":"https:\/\/wpguerssen-test.odoo.rgbconsulting.com\/es\/wp-json\/wp\/v2\/types\/product"}],"wp:featuredmedia":[{"embeddable":true,"href":"https:\/\/wpguerssen-test.odoo.rgbconsulting.com\/es\/wp-json\/wp\/v2\/media\/270388"}],"wp:attachment":[{"href":"https:\/\/wpguerssen-test.odoo.rgbconsulting.com\/es\/wp-json\/wp\/v2\/media?parent=270395"}],"wp:term":[{"taxonomy":"product_brand","embeddable":true,"href":"https:\/\/wpguerssen-test.odoo.rgbconsulting.com\/es\/wp-json\/wp\/v2\/product_brand?post=270395"},{"taxonomy":"product_cat","embeddable":true,"href":"https:\/\/wpguerssen-test.odoo.rgbconsulting.com\/es\/wp-json\/wp\/v2\/product_cat?post=270395"},{"taxonomy":"product_tag","embeddable":true,"href":"https:\/\/wpguerssen-test.odoo.rgbconsulting.com\/es\/wp-json\/wp\/v2\/product_tag?post=270395"}],"curies":[{"name":"wp","href":"https:\/\/api.w.org\/{rel}","templated":true}]}}