{"id":270513,"date":"2024-08-28T00:00:00","date_gmt":"2024-08-27T22:00:00","guid":{"rendered":"https:\/\/wpguerssen-test.odoo.rgbconsulting.com\/product\/layin-da-smack-down\/"},"modified":"2025-01-22T18:37:01","modified_gmt":"2025-01-22T17:37:01","slug":"layin-da-smack-down","status":"publish","type":"product","link":"https:\/\/wpguerssen-test.odoo.rgbconsulting.com\/es\/producto\/layin-da-smack-down\/","title":{"rendered":"Layin&#8217; Da Smack Down"},"content":{"rendered":"<p>La leyenda del rap de Memphis, Project Pat, lanz\u00f3 su tercer \u00e1lbum de estudio Layin&#8217; Da Smack Down en 2002 en CD y casete a trav\u00e9s de Loud\/Columbia\/Hypnotize Minds. Siguiendo a Mista Don&#8217;t Play, Project Pat escupe historias callejeras del sucio sur; desde canciones ruidosas de clubes hasta historias m\u00e1s suaves de proxenetas e historias reales de estar encarcelados, Project Pat ofrece otro cl\u00e1sico de Hypnotize Minds North Memphis. El \u00e1lbum tambi\u00e9n contiene el sencillo \u00abChoose U\u00bb, que ser\u00eda reelaborado en 2007 para \u00abInternational Players Anthem\u00bb de UGK. <br \/>Get On Down en asociaci\u00f3n con CERTIFIED de Sony Music se enorgullece de presentar Layin&#8217; Da Smack Down por primera vez en vinilo. Prensado sobre vinilo de color empaquetado en una sobrecubierta con un encarte impreso y OBI numerado, limitado a 1000 copias.<\/p>\n","protected":false},"excerpt":{"rendered":"<p>La leyenda del rap de Memphis, Project Pat, lanz\u00f3 su tercer \u00e1lbum de estudio Layin&#8217; Da Smack Down en 2002 en CD y casete a trav\u00e9s de Loud\/Columbia\/Hypnotize<a class=\"read\" href=\"https:\/\/wpguerssen-test.odoo.rgbconsulting.com\/es\/producto\/layin-da-smack-down\/\"> (...)<\/a>","protected":false},"featured_media":270499,"template":"","meta":{"_acf_changed":false},"product_brand":[],"product_cat":[21706],"product_tag":[],"class_list":{"0":"post-270513","1":"product","2":"type-product","3":"status-publish","4":"has-post-thumbnail","6":"product_cat-rap-hip-hop-es","7":"pa_artist-project-pat","8":"pa_format-2lp-es","9":"pa_gender-rap-hip-hop","10":"pa_label-get-on-down","11":"pa_location-north-america-es","12":"pa_other-filters-vinyl-only-es","14":"first","15":"instock","16":"taxable","17":"shipping-taxable","18":"purchasable","19":"product-type-simple"},"acf":[],"yoast_head":"<!-- This site is optimized with the Yoast SEO plugin v24.9 - https:\/\/yoast.com\/wordpress\/plugins\/seo\/ -->\n<title>PROJECT PAT - Layin&#039; Da Smack Down -  (2LP) | Guerssen<\/title>\n<meta name=\"description\" content=\"Memphis Rap legend Project Pat released his third studio album Layin&#039; Da Smack Down in 2002 on CD and Cassette via Loud\/Columbia\/Hypnotize Minds. Following up Mista Don&#039;t Play, Project Pat spits rapid-fire street tales of the dirty south over DJ Paul and Juicy J&#039;s signature Three 6Mafia bangin&#039; 808 beats. From rowdy club tracks to smoother pimp tales and true-to-life stories of being incarcerated, Project Pat delivers another Hypnotize Minds North Memphis classic. The album also contains the single &quot;Choose U&quot; which would be reworked in 2007 for UGK&#039;s &quot;International Players Anthem.&quot;Get On Down in partnership with Sony Music&#039;s CERTIFIED is proud to present Layin&#039; Da Smack Down for the first time on vinyl. Pressed on colored vinyl packaged in a gatefold jacket with a printed insert and numbered OBI limited to 1000 copies.\" \/>\n<meta name=\"robots\" content=\"index, follow, max-snippet:-1, max-image-preview:large, max-video-preview:-1\" \/>\n<link rel=\"canonical\" href=\"https:\/\/wpguerssen-test.odoo.rgbconsulting.com\/es\/producto\/layin-da-smack-down\/\" \/>\n<meta property=\"og:locale\" content=\"es_ES\" \/>\n<meta property=\"og:type\" content=\"article\" \/>\n<meta property=\"og:title\" content=\"PROJECT PAT - Layin&#039; Da Smack Down -  (2LP) | Guerssen\" \/>\n<meta property=\"og:description\" content=\"Memphis Rap legend Project Pat released his third studio album Layin&#039; Da Smack Down in 2002 on CD and Cassette via Loud\/Columbia\/Hypnotize Minds. Following up Mista Don&#039;t Play, Project Pat spits rapid-fire street tales of the dirty south over DJ Paul and Juicy J&#039;s signature Three 6Mafia bangin&#039; 808 beats. From rowdy club tracks to smoother pimp tales and true-to-life stories of being incarcerated, Project Pat delivers another Hypnotize Minds North Memphis classic. The album also contains the single &quot;Choose U&quot; which would be reworked in 2007 for UGK&#039;s &quot;International Players Anthem.&quot;Get On Down in partnership with Sony Music&#039;s CERTIFIED is proud to present Layin&#039; Da Smack Down for the first time on vinyl. Pressed on colored vinyl packaged in a gatefold jacket with a printed insert and numbered OBI limited to 1000 copies.\" \/>\n<meta property=\"og:url\" content=\"https:\/\/wpguerssen-test.odoo.rgbconsulting.com\/es\/producto\/layin-da-smack-down\/\" \/>\n<meta property=\"og:site_name\" content=\"Guerssen records\" \/>\n<meta property=\"article:modified_time\" content=\"2025-01-22T17:37:01+00:00\" \/>\n<meta property=\"og:image\" content=\"https:\/\/wpguerssen-test.odoo.rgbconsulting.com\/wp-content\/uploads\/2024\/06\/48114.jpg\" \/>\n\t<meta property=\"og:image:width\" content=\"470\" \/>\n\t<meta property=\"og:image:height\" content=\"323\" \/>\n\t<meta property=\"og:image:type\" content=\"image\/jpeg\" \/>\n<meta name=\"twitter:card\" content=\"summary_large_image\" \/>\n<meta name=\"twitter:title\" content=\"PROJECT PAT - Layin&#039; Da Smack Down -  (2LP) | Guerssen\" \/>\n<meta name=\"twitter:label1\" content=\"Tiempo de lectura\" \/>\n\t<meta name=\"twitter:data1\" content=\"1 minuto\" \/>\n<script type=\"application\/ld+json\" class=\"yoast-schema-graph\">{\"@context\":\"https:\/\/schema.org\",\"@graph\":[{\"@type\":\"WebPage\",\"@id\":\"https:\/\/wpguerssen-test.odoo.rgbconsulting.com\/es\/producto\/layin-da-smack-down\/\",\"url\":\"https:\/\/wpguerssen-test.odoo.rgbconsulting.com\/es\/producto\/layin-da-smack-down\/\",\"name\":\"PROJECT PAT - Layin' Da Smack Down - (2LP) | Guerssen\",\"isPartOf\":{\"@id\":\"https:\/\/wpguerssen-test.odoo.rgbconsulting.com\/es\/#website\"},\"primaryImageOfPage\":{\"@id\":\"https:\/\/wpguerssen-test.odoo.rgbconsulting.com\/es\/producto\/layin-da-smack-down\/#primaryimage\"},\"image\":{\"@id\":\"https:\/\/wpguerssen-test.odoo.rgbconsulting.com\/es\/producto\/layin-da-smack-down\/#primaryimage\"},\"thumbnailUrl\":\"https:\/\/wpguerssen-test.odoo.rgbconsulting.com\/wp-content\/uploads\/2024\/06\/48114.jpg\",\"datePublished\":\"2024-08-27T22:00:00+00:00\",\"dateModified\":\"2025-01-22T17:37:01+00:00\",\"description\":\"Memphis Rap legend Project Pat released his third studio album Layin' Da Smack Down in 2002 on CD and Cassette via Loud\/Columbia\/Hypnotize Minds. Following up Mista Don't Play, Project Pat spits rapid-fire street tales of the dirty south over DJ Paul and Juicy J's signature Three 6Mafia bangin' 808 beats. From rowdy club tracks to smoother pimp tales and true-to-life stories of being incarcerated, Project Pat delivers another Hypnotize Minds North Memphis classic. The album also contains the single \\\"Choose U\\\" which would be reworked in 2007 for UGK's \\\"International Players Anthem.\\\"Get On Down in partnership with Sony Music's CERTIFIED is proud to present Layin' Da Smack Down for the first time on vinyl. Pressed on colored vinyl packaged in a gatefold jacket with a printed insert and numbered OBI limited to 1000 copies.\",\"breadcrumb\":{\"@id\":\"https:\/\/wpguerssen-test.odoo.rgbconsulting.com\/es\/producto\/layin-da-smack-down\/#breadcrumb\"},\"inLanguage\":\"es\",\"potentialAction\":[{\"@type\":\"ReadAction\",\"target\":[\"https:\/\/wpguerssen-test.odoo.rgbconsulting.com\/es\/producto\/layin-da-smack-down\/\"]}]},{\"@type\":\"ImageObject\",\"inLanguage\":\"es\",\"@id\":\"https:\/\/wpguerssen-test.odoo.rgbconsulting.com\/es\/producto\/layin-da-smack-down\/#primaryimage\",\"url\":\"https:\/\/wpguerssen-test.odoo.rgbconsulting.com\/wp-content\/uploads\/2024\/06\/48114.jpg\",\"contentUrl\":\"https:\/\/wpguerssen-test.odoo.rgbconsulting.com\/wp-content\/uploads\/2024\/06\/48114.jpg\",\"width\":470,\"height\":323},{\"@type\":\"BreadcrumbList\",\"@id\":\"https:\/\/wpguerssen-test.odoo.rgbconsulting.com\/es\/producto\/layin-da-smack-down\/#breadcrumb\",\"itemListElement\":[{\"@type\":\"ListItem\",\"position\":1,\"name\":\"Inicio\",\"item\":\"https:\/\/wpguerssen-test.odoo.rgbconsulting.com\/es\/\"},{\"@type\":\"ListItem\",\"position\":2,\"name\":\"Shop\",\"item\":\"https:\/\/wpguerssen-test.odoo.rgbconsulting.com\/shop\/\"},{\"@type\":\"ListItem\",\"position\":3,\"name\":\"Layin&#8217; Da Smack Down\"}]},{\"@type\":\"WebSite\",\"@id\":\"https:\/\/wpguerssen-test.odoo.rgbconsulting.com\/es\/#website\",\"url\":\"https:\/\/wpguerssen-test.odoo.rgbconsulting.com\/es\/\",\"name\":\"Guerssen records\",\"description\":\"psychedelia - progressive - folk - garage \",\"publisher\":{\"@id\":\"https:\/\/wpguerssen-test.odoo.rgbconsulting.com\/es\/#organization\"},\"potentialAction\":[{\"@type\":\"SearchAction\",\"target\":{\"@type\":\"EntryPoint\",\"urlTemplate\":\"https:\/\/wpguerssen-test.odoo.rgbconsulting.com\/es\/?s={search_term_string}\"},\"query-input\":{\"@type\":\"PropertyValueSpecification\",\"valueRequired\":true,\"valueName\":\"search_term_string\"}}],\"inLanguage\":\"es\"},{\"@type\":\"Organization\",\"@id\":\"https:\/\/wpguerssen-test.odoo.rgbconsulting.com\/es\/#organization\",\"name\":\"Guerssen records\",\"url\":\"https:\/\/wpguerssen-test.odoo.rgbconsulting.com\/es\/\",\"logo\":{\"@type\":\"ImageObject\",\"inLanguage\":\"es\",\"@id\":\"https:\/\/wpguerssen-test.odoo.rgbconsulting.com\/es\/#\/schema\/logo\/image\/\",\"url\":\"https:\/\/wpguerssen-test.odoo.rgbconsulting.com\/wp-content\/uploads\/2022\/04\/Logo_Guerssen_trans_100.png\",\"contentUrl\":\"https:\/\/wpguerssen-test.odoo.rgbconsulting.com\/wp-content\/uploads\/2022\/04\/Logo_Guerssen_trans_100.png\",\"width\":122,\"height\":100,\"caption\":\"Guerssen records\"},\"image\":{\"@id\":\"https:\/\/wpguerssen-test.odoo.rgbconsulting.com\/es\/#\/schema\/logo\/image\/\"}}]}<\/script>\n<!-- \/ Yoast SEO plugin. -->","yoast_head_json":{"title":"PROJECT PAT - Layin' Da Smack Down -  (2LP) | Guerssen","description":"Memphis Rap legend Project Pat released his third studio album Layin' Da Smack Down in 2002 on CD and Cassette via Loud\/Columbia\/Hypnotize Minds. Following up Mista Don't Play, Project Pat spits rapid-fire street tales of the dirty south over DJ Paul and Juicy J's signature Three 6Mafia bangin' 808 beats. From rowdy club tracks to smoother pimp tales and true-to-life stories of being incarcerated, Project Pat delivers another Hypnotize Minds North Memphis classic. The album also contains the single \"Choose U\" which would be reworked in 2007 for UGK's \"International Players Anthem.\"Get On Down in partnership with Sony Music's CERTIFIED is proud to present Layin' Da Smack Down for the first time on vinyl. Pressed on colored vinyl packaged in a gatefold jacket with a printed insert and numbered OBI limited to 1000 copies.","robots":{"index":"index","follow":"follow","max-snippet":"max-snippet:-1","max-image-preview":"max-image-preview:large","max-video-preview":"max-video-preview:-1"},"canonical":"https:\/\/wpguerssen-test.odoo.rgbconsulting.com\/es\/producto\/layin-da-smack-down\/","og_locale":"es_ES","og_type":"article","og_title":"PROJECT PAT - Layin' Da Smack Down -  (2LP) | Guerssen","og_description":"Memphis Rap legend Project Pat released his third studio album Layin' Da Smack Down in 2002 on CD and Cassette via Loud\/Columbia\/Hypnotize Minds. Following up Mista Don't Play, Project Pat spits rapid-fire street tales of the dirty south over DJ Paul and Juicy J's signature Three 6Mafia bangin' 808 beats. From rowdy club tracks to smoother pimp tales and true-to-life stories of being incarcerated, Project Pat delivers another Hypnotize Minds North Memphis classic. The album also contains the single \"Choose U\" which would be reworked in 2007 for UGK's \"International Players Anthem.\"Get On Down in partnership with Sony Music's CERTIFIED is proud to present Layin' Da Smack Down for the first time on vinyl. Pressed on colored vinyl packaged in a gatefold jacket with a printed insert and numbered OBI limited to 1000 copies.","og_url":"https:\/\/wpguerssen-test.odoo.rgbconsulting.com\/es\/producto\/layin-da-smack-down\/","og_site_name":"Guerssen records","article_modified_time":"2025-01-22T17:37:01+00:00","og_image":[{"width":470,"height":323,"url":"https:\/\/wpguerssen-test.odoo.rgbconsulting.com\/wp-content\/uploads\/2024\/06\/48114.jpg","type":"image\/jpeg"}],"twitter_card":"summary_large_image","twitter_title":"PROJECT PAT - Layin' Da Smack Down -  (2LP) | Guerssen","twitter_misc":{"Tiempo de lectura":"1 minuto"},"schema":{"@context":"https:\/\/schema.org","@graph":[{"@type":"WebPage","@id":"https:\/\/wpguerssen-test.odoo.rgbconsulting.com\/es\/producto\/layin-da-smack-down\/","url":"https:\/\/wpguerssen-test.odoo.rgbconsulting.com\/es\/producto\/layin-da-smack-down\/","name":"PROJECT PAT - Layin' Da Smack Down - (2LP) | Guerssen","isPartOf":{"@id":"https:\/\/wpguerssen-test.odoo.rgbconsulting.com\/es\/#website"},"primaryImageOfPage":{"@id":"https:\/\/wpguerssen-test.odoo.rgbconsulting.com\/es\/producto\/layin-da-smack-down\/#primaryimage"},"image":{"@id":"https:\/\/wpguerssen-test.odoo.rgbconsulting.com\/es\/producto\/layin-da-smack-down\/#primaryimage"},"thumbnailUrl":"https:\/\/wpguerssen-test.odoo.rgbconsulting.com\/wp-content\/uploads\/2024\/06\/48114.jpg","datePublished":"2024-08-27T22:00:00+00:00","dateModified":"2025-01-22T17:37:01+00:00","description":"Memphis Rap legend Project Pat released his third studio album Layin' Da Smack Down in 2002 on CD and Cassette via Loud\/Columbia\/Hypnotize Minds. Following up Mista Don't Play, Project Pat spits rapid-fire street tales of the dirty south over DJ Paul and Juicy J's signature Three 6Mafia bangin' 808 beats. From rowdy club tracks to smoother pimp tales and true-to-life stories of being incarcerated, Project Pat delivers another Hypnotize Minds North Memphis classic. The album also contains the single \"Choose U\" which would be reworked in 2007 for UGK's \"International Players Anthem.\"Get On Down in partnership with Sony Music's CERTIFIED is proud to present Layin' Da Smack Down for the first time on vinyl. Pressed on colored vinyl packaged in a gatefold jacket with a printed insert and numbered OBI limited to 1000 copies.","breadcrumb":{"@id":"https:\/\/wpguerssen-test.odoo.rgbconsulting.com\/es\/producto\/layin-da-smack-down\/#breadcrumb"},"inLanguage":"es","potentialAction":[{"@type":"ReadAction","target":["https:\/\/wpguerssen-test.odoo.rgbconsulting.com\/es\/producto\/layin-da-smack-down\/"]}]},{"@type":"ImageObject","inLanguage":"es","@id":"https:\/\/wpguerssen-test.odoo.rgbconsulting.com\/es\/producto\/layin-da-smack-down\/#primaryimage","url":"https:\/\/wpguerssen-test.odoo.rgbconsulting.com\/wp-content\/uploads\/2024\/06\/48114.jpg","contentUrl":"https:\/\/wpguerssen-test.odoo.rgbconsulting.com\/wp-content\/uploads\/2024\/06\/48114.jpg","width":470,"height":323},{"@type":"BreadcrumbList","@id":"https:\/\/wpguerssen-test.odoo.rgbconsulting.com\/es\/producto\/layin-da-smack-down\/#breadcrumb","itemListElement":[{"@type":"ListItem","position":1,"name":"Inicio","item":"https:\/\/wpguerssen-test.odoo.rgbconsulting.com\/es\/"},{"@type":"ListItem","position":2,"name":"Shop","item":"https:\/\/wpguerssen-test.odoo.rgbconsulting.com\/shop\/"},{"@type":"ListItem","position":3,"name":"Layin&#8217; Da Smack Down"}]},{"@type":"WebSite","@id":"https:\/\/wpguerssen-test.odoo.rgbconsulting.com\/es\/#website","url":"https:\/\/wpguerssen-test.odoo.rgbconsulting.com\/es\/","name":"Guerssen records","description":"psychedelia - progressive - folk - garage ","publisher":{"@id":"https:\/\/wpguerssen-test.odoo.rgbconsulting.com\/es\/#organization"},"potentialAction":[{"@type":"SearchAction","target":{"@type":"EntryPoint","urlTemplate":"https:\/\/wpguerssen-test.odoo.rgbconsulting.com\/es\/?s={search_term_string}"},"query-input":{"@type":"PropertyValueSpecification","valueRequired":true,"valueName":"search_term_string"}}],"inLanguage":"es"},{"@type":"Organization","@id":"https:\/\/wpguerssen-test.odoo.rgbconsulting.com\/es\/#organization","name":"Guerssen records","url":"https:\/\/wpguerssen-test.odoo.rgbconsulting.com\/es\/","logo":{"@type":"ImageObject","inLanguage":"es","@id":"https:\/\/wpguerssen-test.odoo.rgbconsulting.com\/es\/#\/schema\/logo\/image\/","url":"https:\/\/wpguerssen-test.odoo.rgbconsulting.com\/wp-content\/uploads\/2022\/04\/Logo_Guerssen_trans_100.png","contentUrl":"https:\/\/wpguerssen-test.odoo.rgbconsulting.com\/wp-content\/uploads\/2022\/04\/Logo_Guerssen_trans_100.png","width":122,"height":100,"caption":"Guerssen records"},"image":{"@id":"https:\/\/wpguerssen-test.odoo.rgbconsulting.com\/es\/#\/schema\/logo\/image\/"}}]}},"_links":{"self":[{"href":"https:\/\/wpguerssen-test.odoo.rgbconsulting.com\/es\/wp-json\/wp\/v2\/product\/270513","targetHints":{"allow":["GET"]}}],"collection":[{"href":"https:\/\/wpguerssen-test.odoo.rgbconsulting.com\/es\/wp-json\/wp\/v2\/product"}],"about":[{"href":"https:\/\/wpguerssen-test.odoo.rgbconsulting.com\/es\/wp-json\/wp\/v2\/types\/product"}],"wp:featuredmedia":[{"embeddable":true,"href":"https:\/\/wpguerssen-test.odoo.rgbconsulting.com\/es\/wp-json\/wp\/v2\/media\/270499"}],"wp:attachment":[{"href":"https:\/\/wpguerssen-test.odoo.rgbconsulting.com\/es\/wp-json\/wp\/v2\/media?parent=270513"}],"wp:term":[{"taxonomy":"product_brand","embeddable":true,"href":"https:\/\/wpguerssen-test.odoo.rgbconsulting.com\/es\/wp-json\/wp\/v2\/product_brand?post=270513"},{"taxonomy":"product_cat","embeddable":true,"href":"https:\/\/wpguerssen-test.odoo.rgbconsulting.com\/es\/wp-json\/wp\/v2\/product_cat?post=270513"},{"taxonomy":"product_tag","embeddable":true,"href":"https:\/\/wpguerssen-test.odoo.rgbconsulting.com\/es\/wp-json\/wp\/v2\/product_tag?post=270513"}],"curies":[{"name":"wp","href":"https:\/\/api.w.org\/{rel}","templated":true}]}}