{"id":270515,"date":"2024-08-28T00:00:00","date_gmt":"2024-08-27T22:00:00","guid":{"rendered":"https:\/\/wpguerssen-test.odoo.rgbconsulting.com\/product\/butcher-on-steroids\/"},"modified":"2024-12-16T18:02:47","modified_gmt":"2024-12-16T17:02:47","slug":"butcher-on-steroids","status":"publish","type":"product","link":"https:\/\/wpguerssen-test.odoo.rgbconsulting.com\/es\/producto\/butcher-on-steroids\/","title":{"rendered":"Butcher On Steroids"},"content":{"rendered":"<p>El colectivo underground de hip-hop Griselda se ha establecido desde hace tiempo como una fuente de referencia para el cl\u00e1sico sonido hardcore de artistas de hip-hop de los 90 como Mobb Deep y Raekwon, y la implacable producci\u00f3n de boom-bap, y Benny The Butcher es uno de los los contribuyentes m\u00e1s competentes del grupo. Ahora firmado con Def Jam, Benny comenz\u00f3 a dejar su huella en el underground ya en 2004 y ha dado a conocer su presencia incomparable y conocedora de la calle en temas de la talla de Ghostface Killah, Paul Wall, Jim Jones y muchos otros. raperos de primer nivel. Su mixtape de 2017, Butcher On Steroids, es solo un ejemplo del poder puro y la destreza l\u00edrica de Benny. A lo largo de 12 temas, The Butcher ofrece el tipo de flujo callejero aut\u00e9ntico que ha llegado a definir la escena del rap de Buffalo, Nueva York, respaldado por apariciones especiales de sus hermanos Griselda, ElCamino y Conway, sobre una cama de ritmos austeros e intensos, cortes\u00eda de productores invitados como DJ Green Lantern, Daringer, IceRocks y m\u00e1s.<\/p>\n","protected":false},"excerpt":{"rendered":"<p>El colectivo underground de hip-hop Griselda se ha establecido desde hace tiempo como una fuente de referencia para el cl\u00e1sico sonido hardcore de artistas de hip-hop<a class=\"read\" href=\"https:\/\/wpguerssen-test.odoo.rgbconsulting.com\/es\/producto\/butcher-on-steroids\/\"> (...)<\/a>","protected":false},"featured_media":270505,"template":"","meta":{"_acf_changed":false},"product_brand":[],"product_cat":[21706],"product_tag":[],"class_list":{"0":"post-270515","1":"product","2":"type-product","3":"status-publish","4":"has-post-thumbnail","6":"product_cat-rap-hip-hop-es","7":"pa_artist-benny-the-butcher","8":"pa_format-lp-es","9":"pa_gender-rap-hip-hop","10":"pa_label-next-records","11":"pa_location-north-america-es","12":"pa_other-filters-vinyl-only-es","14":"first","15":"instock","16":"taxable","17":"shipping-taxable","18":"purchasable","19":"product-type-simple"},"acf":[],"yoast_head":"<!-- This site is optimized with the Yoast SEO plugin v24.9 - https:\/\/yoast.com\/wordpress\/plugins\/seo\/ -->\n<title>BENNY THE BUTCHER - Butcher On Steroids -  (LP) | Guerssen<\/title>\n<meta name=\"description\" content=\"The underground hip-hop collective Griselda has long established itself as a go-to source for the classic hardcore sound of 90s hip-hop artists like Mobb Deep and Raekwon, and unrelentingly gritty boom-bap production, and Benny The Butcher is one of the group&#039;s most proficient contributors. Now signed to Def Jam, Benny began leaving his mark on the underground as far back as 2004 and has made his incomparable, street-savvy presence known on tracks by the likes of Ghostface Killah, Paul Wall, Jim Jones, and a slew of other top-tier rappers. His 2017 mixtape Butcher On Steroids is just one example of Benny&#039;s raw power and lyrical deftness. Across 12 tracks, the Butcher delivers the kind of authentic street flow that has come to define the Buffalo, NY rap scene, backed up by guest appearances from his Griselda brethren ElCamino and Conway, atop a bed of stark and intense beats courtesy of guest producers DJ Green Lantern, Daringer, IceRocks, and more.\" \/>\n<meta name=\"robots\" content=\"index, follow, max-snippet:-1, max-image-preview:large, max-video-preview:-1\" \/>\n<link rel=\"canonical\" href=\"https:\/\/wpguerssen-test.odoo.rgbconsulting.com\/es\/producto\/butcher-on-steroids\/\" \/>\n<meta property=\"og:locale\" content=\"es_ES\" \/>\n<meta property=\"og:type\" content=\"article\" \/>\n<meta property=\"og:title\" content=\"BENNY THE BUTCHER - Butcher On Steroids -  (LP) | Guerssen\" \/>\n<meta property=\"og:description\" content=\"The underground hip-hop collective Griselda has long established itself as a go-to source for the classic hardcore sound of 90s hip-hop artists like Mobb Deep and Raekwon, and unrelentingly gritty boom-bap production, and Benny The Butcher is one of the group&#039;s most proficient contributors. Now signed to Def Jam, Benny began leaving his mark on the underground as far back as 2004 and has made his incomparable, street-savvy presence known on tracks by the likes of Ghostface Killah, Paul Wall, Jim Jones, and a slew of other top-tier rappers. His 2017 mixtape Butcher On Steroids is just one example of Benny&#039;s raw power and lyrical deftness. Across 12 tracks, the Butcher delivers the kind of authentic street flow that has come to define the Buffalo, NY rap scene, backed up by guest appearances from his Griselda brethren ElCamino and Conway, atop a bed of stark and intense beats courtesy of guest producers DJ Green Lantern, Daringer, IceRocks, and more.\" \/>\n<meta property=\"og:url\" content=\"https:\/\/wpguerssen-test.odoo.rgbconsulting.com\/es\/producto\/butcher-on-steroids\/\" \/>\n<meta property=\"og:site_name\" content=\"Guerssen records\" \/>\n<meta property=\"article:modified_time\" content=\"2024-12-16T17:02:47+00:00\" \/>\n<meta property=\"og:image\" content=\"https:\/\/wpguerssen-test.odoo.rgbconsulting.com\/wp-content\/uploads\/2024\/06\/48116.jpg\" \/>\n\t<meta property=\"og:image:width\" content=\"421\" \/>\n\t<meta property=\"og:image:height\" content=\"418\" \/>\n\t<meta property=\"og:image:type\" content=\"image\/jpeg\" \/>\n<meta name=\"twitter:card\" content=\"summary_large_image\" \/>\n<meta name=\"twitter:title\" content=\"BENNY THE BUTCHER - Butcher On Steroids -  (LP) | Guerssen\" \/>\n<meta name=\"twitter:label1\" content=\"Tiempo de lectura\" \/>\n\t<meta name=\"twitter:data1\" content=\"1 minuto\" \/>\n<script type=\"application\/ld+json\" class=\"yoast-schema-graph\">{\"@context\":\"https:\/\/schema.org\",\"@graph\":[{\"@type\":\"WebPage\",\"@id\":\"https:\/\/wpguerssen-test.odoo.rgbconsulting.com\/es\/producto\/butcher-on-steroids\/\",\"url\":\"https:\/\/wpguerssen-test.odoo.rgbconsulting.com\/es\/producto\/butcher-on-steroids\/\",\"name\":\"BENNY THE BUTCHER - Butcher On Steroids - (LP) | Guerssen\",\"isPartOf\":{\"@id\":\"https:\/\/wpguerssen-test.odoo.rgbconsulting.com\/es\/#website\"},\"primaryImageOfPage\":{\"@id\":\"https:\/\/wpguerssen-test.odoo.rgbconsulting.com\/es\/producto\/butcher-on-steroids\/#primaryimage\"},\"image\":{\"@id\":\"https:\/\/wpguerssen-test.odoo.rgbconsulting.com\/es\/producto\/butcher-on-steroids\/#primaryimage\"},\"thumbnailUrl\":\"https:\/\/wpguerssen-test.odoo.rgbconsulting.com\/wp-content\/uploads\/2024\/06\/48116.jpg\",\"datePublished\":\"2024-08-27T22:00:00+00:00\",\"dateModified\":\"2024-12-16T17:02:47+00:00\",\"description\":\"The underground hip-hop collective Griselda has long established itself as a go-to source for the classic hardcore sound of 90s hip-hop artists like Mobb Deep and Raekwon, and unrelentingly gritty boom-bap production, and Benny The Butcher is one of the group's most proficient contributors. Now signed to Def Jam, Benny began leaving his mark on the underground as far back as 2004 and has made his incomparable, street-savvy presence known on tracks by the likes of Ghostface Killah, Paul Wall, Jim Jones, and a slew of other top-tier rappers. His 2017 mixtape Butcher On Steroids is just one example of Benny's raw power and lyrical deftness. Across 12 tracks, the Butcher delivers the kind of authentic street flow that has come to define the Buffalo, NY rap scene, backed up by guest appearances from his Griselda brethren ElCamino and Conway, atop a bed of stark and intense beats courtesy of guest producers DJ Green Lantern, Daringer, IceRocks, and more.\",\"breadcrumb\":{\"@id\":\"https:\/\/wpguerssen-test.odoo.rgbconsulting.com\/es\/producto\/butcher-on-steroids\/#breadcrumb\"},\"inLanguage\":\"es\",\"potentialAction\":[{\"@type\":\"ReadAction\",\"target\":[\"https:\/\/wpguerssen-test.odoo.rgbconsulting.com\/es\/producto\/butcher-on-steroids\/\"]}]},{\"@type\":\"ImageObject\",\"inLanguage\":\"es\",\"@id\":\"https:\/\/wpguerssen-test.odoo.rgbconsulting.com\/es\/producto\/butcher-on-steroids\/#primaryimage\",\"url\":\"https:\/\/wpguerssen-test.odoo.rgbconsulting.com\/wp-content\/uploads\/2024\/06\/48116.jpg\",\"contentUrl\":\"https:\/\/wpguerssen-test.odoo.rgbconsulting.com\/wp-content\/uploads\/2024\/06\/48116.jpg\",\"width\":421,\"height\":418},{\"@type\":\"BreadcrumbList\",\"@id\":\"https:\/\/wpguerssen-test.odoo.rgbconsulting.com\/es\/producto\/butcher-on-steroids\/#breadcrumb\",\"itemListElement\":[{\"@type\":\"ListItem\",\"position\":1,\"name\":\"Inicio\",\"item\":\"https:\/\/wpguerssen-test.odoo.rgbconsulting.com\/es\/\"},{\"@type\":\"ListItem\",\"position\":2,\"name\":\"Shop\",\"item\":\"https:\/\/wpguerssen-test.odoo.rgbconsulting.com\/shop\/\"},{\"@type\":\"ListItem\",\"position\":3,\"name\":\"Butcher On Steroids\"}]},{\"@type\":\"WebSite\",\"@id\":\"https:\/\/wpguerssen-test.odoo.rgbconsulting.com\/es\/#website\",\"url\":\"https:\/\/wpguerssen-test.odoo.rgbconsulting.com\/es\/\",\"name\":\"Guerssen records\",\"description\":\"psychedelia - progressive - folk - garage \",\"publisher\":{\"@id\":\"https:\/\/wpguerssen-test.odoo.rgbconsulting.com\/es\/#organization\"},\"potentialAction\":[{\"@type\":\"SearchAction\",\"target\":{\"@type\":\"EntryPoint\",\"urlTemplate\":\"https:\/\/wpguerssen-test.odoo.rgbconsulting.com\/es\/?s={search_term_string}\"},\"query-input\":{\"@type\":\"PropertyValueSpecification\",\"valueRequired\":true,\"valueName\":\"search_term_string\"}}],\"inLanguage\":\"es\"},{\"@type\":\"Organization\",\"@id\":\"https:\/\/wpguerssen-test.odoo.rgbconsulting.com\/es\/#organization\",\"name\":\"Guerssen records\",\"url\":\"https:\/\/wpguerssen-test.odoo.rgbconsulting.com\/es\/\",\"logo\":{\"@type\":\"ImageObject\",\"inLanguage\":\"es\",\"@id\":\"https:\/\/wpguerssen-test.odoo.rgbconsulting.com\/es\/#\/schema\/logo\/image\/\",\"url\":\"https:\/\/wpguerssen-test.odoo.rgbconsulting.com\/wp-content\/uploads\/2022\/04\/Logo_Guerssen_trans_100.png\",\"contentUrl\":\"https:\/\/wpguerssen-test.odoo.rgbconsulting.com\/wp-content\/uploads\/2022\/04\/Logo_Guerssen_trans_100.png\",\"width\":122,\"height\":100,\"caption\":\"Guerssen records\"},\"image\":{\"@id\":\"https:\/\/wpguerssen-test.odoo.rgbconsulting.com\/es\/#\/schema\/logo\/image\/\"}}]}<\/script>\n<!-- \/ Yoast SEO plugin. -->","yoast_head_json":{"title":"BENNY THE BUTCHER - Butcher On Steroids -  (LP) | Guerssen","description":"The underground hip-hop collective Griselda has long established itself as a go-to source for the classic hardcore sound of 90s hip-hop artists like Mobb Deep and Raekwon, and unrelentingly gritty boom-bap production, and Benny The Butcher is one of the group's most proficient contributors. Now signed to Def Jam, Benny began leaving his mark on the underground as far back as 2004 and has made his incomparable, street-savvy presence known on tracks by the likes of Ghostface Killah, Paul Wall, Jim Jones, and a slew of other top-tier rappers. His 2017 mixtape Butcher On Steroids is just one example of Benny's raw power and lyrical deftness. Across 12 tracks, the Butcher delivers the kind of authentic street flow that has come to define the Buffalo, NY rap scene, backed up by guest appearances from his Griselda brethren ElCamino and Conway, atop a bed of stark and intense beats courtesy of guest producers DJ Green Lantern, Daringer, IceRocks, and more.","robots":{"index":"index","follow":"follow","max-snippet":"max-snippet:-1","max-image-preview":"max-image-preview:large","max-video-preview":"max-video-preview:-1"},"canonical":"https:\/\/wpguerssen-test.odoo.rgbconsulting.com\/es\/producto\/butcher-on-steroids\/","og_locale":"es_ES","og_type":"article","og_title":"BENNY THE BUTCHER - Butcher On Steroids -  (LP) | Guerssen","og_description":"The underground hip-hop collective Griselda has long established itself as a go-to source for the classic hardcore sound of 90s hip-hop artists like Mobb Deep and Raekwon, and unrelentingly gritty boom-bap production, and Benny The Butcher is one of the group's most proficient contributors. Now signed to Def Jam, Benny began leaving his mark on the underground as far back as 2004 and has made his incomparable, street-savvy presence known on tracks by the likes of Ghostface Killah, Paul Wall, Jim Jones, and a slew of other top-tier rappers. His 2017 mixtape Butcher On Steroids is just one example of Benny's raw power and lyrical deftness. Across 12 tracks, the Butcher delivers the kind of authentic street flow that has come to define the Buffalo, NY rap scene, backed up by guest appearances from his Griselda brethren ElCamino and Conway, atop a bed of stark and intense beats courtesy of guest producers DJ Green Lantern, Daringer, IceRocks, and more.","og_url":"https:\/\/wpguerssen-test.odoo.rgbconsulting.com\/es\/producto\/butcher-on-steroids\/","og_site_name":"Guerssen records","article_modified_time":"2024-12-16T17:02:47+00:00","og_image":[{"width":421,"height":418,"url":"https:\/\/wpguerssen-test.odoo.rgbconsulting.com\/wp-content\/uploads\/2024\/06\/48116.jpg","type":"image\/jpeg"}],"twitter_card":"summary_large_image","twitter_title":"BENNY THE BUTCHER - Butcher On Steroids -  (LP) | Guerssen","twitter_misc":{"Tiempo de lectura":"1 minuto"},"schema":{"@context":"https:\/\/schema.org","@graph":[{"@type":"WebPage","@id":"https:\/\/wpguerssen-test.odoo.rgbconsulting.com\/es\/producto\/butcher-on-steroids\/","url":"https:\/\/wpguerssen-test.odoo.rgbconsulting.com\/es\/producto\/butcher-on-steroids\/","name":"BENNY THE BUTCHER - Butcher On Steroids - (LP) | Guerssen","isPartOf":{"@id":"https:\/\/wpguerssen-test.odoo.rgbconsulting.com\/es\/#website"},"primaryImageOfPage":{"@id":"https:\/\/wpguerssen-test.odoo.rgbconsulting.com\/es\/producto\/butcher-on-steroids\/#primaryimage"},"image":{"@id":"https:\/\/wpguerssen-test.odoo.rgbconsulting.com\/es\/producto\/butcher-on-steroids\/#primaryimage"},"thumbnailUrl":"https:\/\/wpguerssen-test.odoo.rgbconsulting.com\/wp-content\/uploads\/2024\/06\/48116.jpg","datePublished":"2024-08-27T22:00:00+00:00","dateModified":"2024-12-16T17:02:47+00:00","description":"The underground hip-hop collective Griselda has long established itself as a go-to source for the classic hardcore sound of 90s hip-hop artists like Mobb Deep and Raekwon, and unrelentingly gritty boom-bap production, and Benny The Butcher is one of the group's most proficient contributors. Now signed to Def Jam, Benny began leaving his mark on the underground as far back as 2004 and has made his incomparable, street-savvy presence known on tracks by the likes of Ghostface Killah, Paul Wall, Jim Jones, and a slew of other top-tier rappers. His 2017 mixtape Butcher On Steroids is just one example of Benny's raw power and lyrical deftness. Across 12 tracks, the Butcher delivers the kind of authentic street flow that has come to define the Buffalo, NY rap scene, backed up by guest appearances from his Griselda brethren ElCamino and Conway, atop a bed of stark and intense beats courtesy of guest producers DJ Green Lantern, Daringer, IceRocks, and more.","breadcrumb":{"@id":"https:\/\/wpguerssen-test.odoo.rgbconsulting.com\/es\/producto\/butcher-on-steroids\/#breadcrumb"},"inLanguage":"es","potentialAction":[{"@type":"ReadAction","target":["https:\/\/wpguerssen-test.odoo.rgbconsulting.com\/es\/producto\/butcher-on-steroids\/"]}]},{"@type":"ImageObject","inLanguage":"es","@id":"https:\/\/wpguerssen-test.odoo.rgbconsulting.com\/es\/producto\/butcher-on-steroids\/#primaryimage","url":"https:\/\/wpguerssen-test.odoo.rgbconsulting.com\/wp-content\/uploads\/2024\/06\/48116.jpg","contentUrl":"https:\/\/wpguerssen-test.odoo.rgbconsulting.com\/wp-content\/uploads\/2024\/06\/48116.jpg","width":421,"height":418},{"@type":"BreadcrumbList","@id":"https:\/\/wpguerssen-test.odoo.rgbconsulting.com\/es\/producto\/butcher-on-steroids\/#breadcrumb","itemListElement":[{"@type":"ListItem","position":1,"name":"Inicio","item":"https:\/\/wpguerssen-test.odoo.rgbconsulting.com\/es\/"},{"@type":"ListItem","position":2,"name":"Shop","item":"https:\/\/wpguerssen-test.odoo.rgbconsulting.com\/shop\/"},{"@type":"ListItem","position":3,"name":"Butcher On Steroids"}]},{"@type":"WebSite","@id":"https:\/\/wpguerssen-test.odoo.rgbconsulting.com\/es\/#website","url":"https:\/\/wpguerssen-test.odoo.rgbconsulting.com\/es\/","name":"Guerssen records","description":"psychedelia - progressive - folk - garage ","publisher":{"@id":"https:\/\/wpguerssen-test.odoo.rgbconsulting.com\/es\/#organization"},"potentialAction":[{"@type":"SearchAction","target":{"@type":"EntryPoint","urlTemplate":"https:\/\/wpguerssen-test.odoo.rgbconsulting.com\/es\/?s={search_term_string}"},"query-input":{"@type":"PropertyValueSpecification","valueRequired":true,"valueName":"search_term_string"}}],"inLanguage":"es"},{"@type":"Organization","@id":"https:\/\/wpguerssen-test.odoo.rgbconsulting.com\/es\/#organization","name":"Guerssen records","url":"https:\/\/wpguerssen-test.odoo.rgbconsulting.com\/es\/","logo":{"@type":"ImageObject","inLanguage":"es","@id":"https:\/\/wpguerssen-test.odoo.rgbconsulting.com\/es\/#\/schema\/logo\/image\/","url":"https:\/\/wpguerssen-test.odoo.rgbconsulting.com\/wp-content\/uploads\/2022\/04\/Logo_Guerssen_trans_100.png","contentUrl":"https:\/\/wpguerssen-test.odoo.rgbconsulting.com\/wp-content\/uploads\/2022\/04\/Logo_Guerssen_trans_100.png","width":122,"height":100,"caption":"Guerssen records"},"image":{"@id":"https:\/\/wpguerssen-test.odoo.rgbconsulting.com\/es\/#\/schema\/logo\/image\/"}}]}},"_links":{"self":[{"href":"https:\/\/wpguerssen-test.odoo.rgbconsulting.com\/es\/wp-json\/wp\/v2\/product\/270515","targetHints":{"allow":["GET"]}}],"collection":[{"href":"https:\/\/wpguerssen-test.odoo.rgbconsulting.com\/es\/wp-json\/wp\/v2\/product"}],"about":[{"href":"https:\/\/wpguerssen-test.odoo.rgbconsulting.com\/es\/wp-json\/wp\/v2\/types\/product"}],"wp:featuredmedia":[{"embeddable":true,"href":"https:\/\/wpguerssen-test.odoo.rgbconsulting.com\/es\/wp-json\/wp\/v2\/media\/270505"}],"wp:attachment":[{"href":"https:\/\/wpguerssen-test.odoo.rgbconsulting.com\/es\/wp-json\/wp\/v2\/media?parent=270515"}],"wp:term":[{"taxonomy":"product_brand","embeddable":true,"href":"https:\/\/wpguerssen-test.odoo.rgbconsulting.com\/es\/wp-json\/wp\/v2\/product_brand?post=270515"},{"taxonomy":"product_cat","embeddable":true,"href":"https:\/\/wpguerssen-test.odoo.rgbconsulting.com\/es\/wp-json\/wp\/v2\/product_cat?post=270515"},{"taxonomy":"product_tag","embeddable":true,"href":"https:\/\/wpguerssen-test.odoo.rgbconsulting.com\/es\/wp-json\/wp\/v2\/product_tag?post=270515"}],"curies":[{"name":"wp","href":"https:\/\/api.w.org\/{rel}","templated":true}]}}