{"id":270791,"date":"2025-02-07T00:00:00","date_gmt":"2025-02-06T23:00:00","guid":{"rendered":"https:\/\/wpguerssen-test.odoo.rgbconsulting.com\/product\/ghana-special-2-3lp\/"},"modified":"2025-02-21T14:05:21","modified_gmt":"2025-02-21T13:05:21","slug":"ghana-special-2-3lp","status":"publish","type":"product","link":"https:\/\/wpguerssen-test.odoo.rgbconsulting.com\/es\/producto\/ghana-special-2-3lp\/","title":{"rendered":"Ghana Special 2 (3LP)"},"content":{"rendered":"<p>Soundway presenta una colecci\u00f3n de 18 temas de afrobeat electr\u00f3nico y reggae, destacando una \u00e9poca en la que la floreciente di\u00e1spora ghanesa en Europa y Am\u00e9rica del Norte utilizaba nuevas tecnolog\u00edas musicales y t\u00e9cnicas de grabaci\u00f3n. Un per\u00edodo de movimiento, emigraci\u00f3n e innovaci\u00f3n.<br \/>En los albores de los a\u00f1os 80 se produjo un aumento de la emigraci\u00f3n tras un per\u00edodo de agitaci\u00f3n pol\u00edtica en el pa\u00eds, y muchos ghaneses se trasladaron a Europa, especialmente a Alemania, en busca de trabajo. Los m\u00fasicos que grababan tanto en casa como en el extranjero comenzaron a combinar el highlife con influencias externas, inspir\u00e1ndose en el disco y el boogie estadounidenses, la nueva ola europea y el zouk y la soca caribe\u00f1os, reflejando nuevos entornos y consolidando las conexiones musicales forjadas en Londres, Hamburgo, Toronto y Nueva York. <br \/>Ghana Special celebra este per\u00edodo clave de innovaci\u00f3n musical e intercambio cultural que redefini\u00f3 los par\u00e1metros de la m\u00fasica ghanesa y aceler\u00f3 el intercambio cultural entre \u00c1frica Occidental y Europa. Presenta rarezas de leyendas como Pat Thomas, Rex Gyamfi y Gyedu-Blay Ambolley y cortes profundos de artistas menos conocidos como Abdul Raheem, Starlite y The Godfathers.<br \/>Incluye notas ampliadas, portadas originales y fotograf\u00edas nunca antes vistas.<\/p>\n","protected":false},"excerpt":{"rendered":"<p>Soundway presenta una colecci\u00f3n de 18 temas de afrobeat electr\u00f3nico y reggae, destacando una \u00e9poca en la que la floreciente di\u00e1spora ghanesa en Europa y Am\u00e9rica<a class=\"read\" href=\"https:\/\/wpguerssen-test.odoo.rgbconsulting.com\/es\/producto\/ghana-special-2-3lp\/\"> (...)<\/a>","protected":false},"featured_media":270652,"template":"","meta":{"_acf_changed":false},"product_brand":[],"product_cat":[23219,23258],"product_tag":[24185],"class_list":{"0":"post-270791","1":"product","2":"type-product","3":"status-publish","4":"has-post-thumbnail","6":"product_cat-funk-es","7":"product_cat-afro-funk-afrobeat-es","8":"product_tag-de-nuevo-en-existencia","9":"pa_artist-various-artists-es","10":"pa_format-3lp-es","11":"pa_gender-afro-funk-afrobeat-funk","12":"pa_label-soundway","13":"pa_location-africa-es","14":"pa_other-filters-vinyl-only-es","16":"first","17":"instock","18":"taxable","19":"shipping-taxable","20":"purchasable","21":"product-type-simple"},"acf":[],"yoast_head":"<!-- This site is optimized with the Yoast SEO plugin v24.9 - https:\/\/yoast.com\/wordpress\/plugins\/seo\/ -->\n<title>VARIOUS ARTISTS - Ghana Special 2 (3LP) -  (3LP) | Guerssen<\/title>\n<meta name=\"description\" content=\"Soundway presents a collection of 18 burger highlife, electronic afrobeat and reggae tracks, highlighting a time when the burgeoning Ghanaian diaspora across Europe and North America was utilising new music technology and recording techniques. A period of movement, emigration and innovation.The dawn of the 80s saw an increase in emigration following a period of political upheaval at home, with many Ghanaians moving to Europe - especially Germany - to find work. Musicians recording both at home and abroad began to blend highlife with outside influences, taking inspiration from US disco and boogie, European new wave and Caribbean zouk and soca, reflecting new surroundings and cementing musical connections forged in London, Hamburg, Toronto and New York.Ghana Special celebrates this key period of musical innovation and cultural exchange that redefined the parameters of Ghanaian music and accelerated the cultural exchange between West Africa and Europe. Features rarities from legends including Pat Thomas, Rex Gyamfi and Gyedu-Blay Ambolley and deep cuts from lesser known artists like Abdul Raheem, Starlite and The Godfathers.Includes extended liner notes, original covers and never-before-seen photos.\" \/>\n<meta name=\"robots\" content=\"index, follow, max-snippet:-1, max-image-preview:large, max-video-preview:-1\" \/>\n<link rel=\"canonical\" href=\"https:\/\/wpguerssen-test.odoo.rgbconsulting.com\/es\/producto\/ghana-special-2-3lp\/\" \/>\n<meta property=\"og:locale\" content=\"es_ES\" \/>\n<meta property=\"og:type\" content=\"article\" \/>\n<meta property=\"og:title\" content=\"VARIOUS ARTISTS - Ghana Special 2 (3LP) -  (3LP) | Guerssen\" \/>\n<meta property=\"og:description\" content=\"Soundway presents a collection of 18 burger highlife, electronic afrobeat and reggae tracks, highlighting a time when the burgeoning Ghanaian diaspora across Europe and North America was utilising new music technology and recording techniques. A period of movement, emigration and innovation.The dawn of the 80s saw an increase in emigration following a period of political upheaval at home, with many Ghanaians moving to Europe - especially Germany - to find work. Musicians recording both at home and abroad began to blend highlife with outside influences, taking inspiration from US disco and boogie, European new wave and Caribbean zouk and soca, reflecting new surroundings and cementing musical connections forged in London, Hamburg, Toronto and New York.Ghana Special celebrates this key period of musical innovation and cultural exchange that redefined the parameters of Ghanaian music and accelerated the cultural exchange between West Africa and Europe. Features rarities from legends including Pat Thomas, Rex Gyamfi and Gyedu-Blay Ambolley and deep cuts from lesser known artists like Abdul Raheem, Starlite and The Godfathers.Includes extended liner notes, original covers and never-before-seen photos.\" \/>\n<meta property=\"og:url\" content=\"https:\/\/wpguerssen-test.odoo.rgbconsulting.com\/es\/producto\/ghana-special-2-3lp\/\" \/>\n<meta property=\"og:site_name\" content=\"Guerssen records\" \/>\n<meta property=\"article:modified_time\" content=\"2025-02-21T13:05:21+00:00\" \/>\n<meta property=\"og:image\" content=\"https:\/\/wpguerssen-test.odoo.rgbconsulting.com\/wp-content\/uploads\/2024\/06\/48135.jpg\" \/>\n\t<meta property=\"og:image:width\" content=\"500\" \/>\n\t<meta property=\"og:image:height\" content=\"500\" \/>\n\t<meta property=\"og:image:type\" content=\"image\/jpeg\" \/>\n<meta name=\"twitter:card\" content=\"summary_large_image\" \/>\n<meta name=\"twitter:title\" content=\"VARIOUS ARTISTS - Ghana Special 2 (3LP) -  (3LP) | Guerssen\" \/>\n<meta name=\"twitter:label1\" content=\"Tiempo de lectura\" \/>\n\t<meta name=\"twitter:data1\" content=\"1 minuto\" \/>\n<script type=\"application\/ld+json\" class=\"yoast-schema-graph\">{\"@context\":\"https:\/\/schema.org\",\"@graph\":[{\"@type\":\"WebPage\",\"@id\":\"https:\/\/wpguerssen-test.odoo.rgbconsulting.com\/es\/producto\/ghana-special-2-3lp\/\",\"url\":\"https:\/\/wpguerssen-test.odoo.rgbconsulting.com\/es\/producto\/ghana-special-2-3lp\/\",\"name\":\"VARIOUS ARTISTS - Ghana Special 2 (3LP) - (3LP) | Guerssen\",\"isPartOf\":{\"@id\":\"https:\/\/wpguerssen-test.odoo.rgbconsulting.com\/es\/#website\"},\"primaryImageOfPage\":{\"@id\":\"https:\/\/wpguerssen-test.odoo.rgbconsulting.com\/es\/producto\/ghana-special-2-3lp\/#primaryimage\"},\"image\":{\"@id\":\"https:\/\/wpguerssen-test.odoo.rgbconsulting.com\/es\/producto\/ghana-special-2-3lp\/#primaryimage\"},\"thumbnailUrl\":\"https:\/\/wpguerssen-test.odoo.rgbconsulting.com\/wp-content\/uploads\/2024\/06\/48135.jpg\",\"datePublished\":\"2025-02-06T23:00:00+00:00\",\"dateModified\":\"2025-02-21T13:05:21+00:00\",\"description\":\"Soundway presents a collection of 18 burger highlife, electronic afrobeat and reggae tracks, highlighting a time when the burgeoning Ghanaian diaspora across Europe and North America was utilising new music technology and recording techniques. A period of movement, emigration and innovation.The dawn of the 80s saw an increase in emigration following a period of political upheaval at home, with many Ghanaians moving to Europe - especially Germany - to find work. Musicians recording both at home and abroad began to blend highlife with outside influences, taking inspiration from US disco and boogie, European new wave and Caribbean zouk and soca, reflecting new surroundings and cementing musical connections forged in London, Hamburg, Toronto and New York.Ghana Special celebrates this key period of musical innovation and cultural exchange that redefined the parameters of Ghanaian music and accelerated the cultural exchange between West Africa and Europe. Features rarities from legends including Pat Thomas, Rex Gyamfi and Gyedu-Blay Ambolley and deep cuts from lesser known artists like Abdul Raheem, Starlite and The Godfathers.Includes extended liner notes, original covers and never-before-seen photos.\",\"breadcrumb\":{\"@id\":\"https:\/\/wpguerssen-test.odoo.rgbconsulting.com\/es\/producto\/ghana-special-2-3lp\/#breadcrumb\"},\"inLanguage\":\"es\",\"potentialAction\":[{\"@type\":\"ReadAction\",\"target\":[\"https:\/\/wpguerssen-test.odoo.rgbconsulting.com\/es\/producto\/ghana-special-2-3lp\/\"]}]},{\"@type\":\"ImageObject\",\"inLanguage\":\"es\",\"@id\":\"https:\/\/wpguerssen-test.odoo.rgbconsulting.com\/es\/producto\/ghana-special-2-3lp\/#primaryimage\",\"url\":\"https:\/\/wpguerssen-test.odoo.rgbconsulting.com\/wp-content\/uploads\/2024\/06\/48135.jpg\",\"contentUrl\":\"https:\/\/wpguerssen-test.odoo.rgbconsulting.com\/wp-content\/uploads\/2024\/06\/48135.jpg\",\"width\":500,\"height\":500},{\"@type\":\"BreadcrumbList\",\"@id\":\"https:\/\/wpguerssen-test.odoo.rgbconsulting.com\/es\/producto\/ghana-special-2-3lp\/#breadcrumb\",\"itemListElement\":[{\"@type\":\"ListItem\",\"position\":1,\"name\":\"Inicio\",\"item\":\"https:\/\/wpguerssen-test.odoo.rgbconsulting.com\/es\/\"},{\"@type\":\"ListItem\",\"position\":2,\"name\":\"Shop\",\"item\":\"https:\/\/wpguerssen-test.odoo.rgbconsulting.com\/shop\/\"},{\"@type\":\"ListItem\",\"position\":3,\"name\":\"Ghana Special 2 (3LP)\"}]},{\"@type\":\"WebSite\",\"@id\":\"https:\/\/wpguerssen-test.odoo.rgbconsulting.com\/es\/#website\",\"url\":\"https:\/\/wpguerssen-test.odoo.rgbconsulting.com\/es\/\",\"name\":\"Guerssen records\",\"description\":\"psychedelia - progressive - folk - garage \",\"publisher\":{\"@id\":\"https:\/\/wpguerssen-test.odoo.rgbconsulting.com\/es\/#organization\"},\"potentialAction\":[{\"@type\":\"SearchAction\",\"target\":{\"@type\":\"EntryPoint\",\"urlTemplate\":\"https:\/\/wpguerssen-test.odoo.rgbconsulting.com\/es\/?s={search_term_string}\"},\"query-input\":{\"@type\":\"PropertyValueSpecification\",\"valueRequired\":true,\"valueName\":\"search_term_string\"}}],\"inLanguage\":\"es\"},{\"@type\":\"Organization\",\"@id\":\"https:\/\/wpguerssen-test.odoo.rgbconsulting.com\/es\/#organization\",\"name\":\"Guerssen records\",\"url\":\"https:\/\/wpguerssen-test.odoo.rgbconsulting.com\/es\/\",\"logo\":{\"@type\":\"ImageObject\",\"inLanguage\":\"es\",\"@id\":\"https:\/\/wpguerssen-test.odoo.rgbconsulting.com\/es\/#\/schema\/logo\/image\/\",\"url\":\"https:\/\/wpguerssen-test.odoo.rgbconsulting.com\/wp-content\/uploads\/2022\/04\/Logo_Guerssen_trans_100.png\",\"contentUrl\":\"https:\/\/wpguerssen-test.odoo.rgbconsulting.com\/wp-content\/uploads\/2022\/04\/Logo_Guerssen_trans_100.png\",\"width\":122,\"height\":100,\"caption\":\"Guerssen records\"},\"image\":{\"@id\":\"https:\/\/wpguerssen-test.odoo.rgbconsulting.com\/es\/#\/schema\/logo\/image\/\"}}]}<\/script>\n<!-- \/ Yoast SEO plugin. -->","yoast_head_json":{"title":"VARIOUS ARTISTS - Ghana Special 2 (3LP) -  (3LP) | Guerssen","description":"Soundway presents a collection of 18 burger highlife, electronic afrobeat and reggae tracks, highlighting a time when the burgeoning Ghanaian diaspora across Europe and North America was utilising new music technology and recording techniques. A period of movement, emigration and innovation.The dawn of the 80s saw an increase in emigration following a period of political upheaval at home, with many Ghanaians moving to Europe - especially Germany - to find work. Musicians recording both at home and abroad began to blend highlife with outside influences, taking inspiration from US disco and boogie, European new wave and Caribbean zouk and soca, reflecting new surroundings and cementing musical connections forged in London, Hamburg, Toronto and New York.Ghana Special celebrates this key period of musical innovation and cultural exchange that redefined the parameters of Ghanaian music and accelerated the cultural exchange between West Africa and Europe. Features rarities from legends including Pat Thomas, Rex Gyamfi and Gyedu-Blay Ambolley and deep cuts from lesser known artists like Abdul Raheem, Starlite and The Godfathers.Includes extended liner notes, original covers and never-before-seen photos.","robots":{"index":"index","follow":"follow","max-snippet":"max-snippet:-1","max-image-preview":"max-image-preview:large","max-video-preview":"max-video-preview:-1"},"canonical":"https:\/\/wpguerssen-test.odoo.rgbconsulting.com\/es\/producto\/ghana-special-2-3lp\/","og_locale":"es_ES","og_type":"article","og_title":"VARIOUS ARTISTS - Ghana Special 2 (3LP) -  (3LP) | Guerssen","og_description":"Soundway presents a collection of 18 burger highlife, electronic afrobeat and reggae tracks, highlighting a time when the burgeoning Ghanaian diaspora across Europe and North America was utilising new music technology and recording techniques. A period of movement, emigration and innovation.The dawn of the 80s saw an increase in emigration following a period of political upheaval at home, with many Ghanaians moving to Europe - especially Germany - to find work. Musicians recording both at home and abroad began to blend highlife with outside influences, taking inspiration from US disco and boogie, European new wave and Caribbean zouk and soca, reflecting new surroundings and cementing musical connections forged in London, Hamburg, Toronto and New York.Ghana Special celebrates this key period of musical innovation and cultural exchange that redefined the parameters of Ghanaian music and accelerated the cultural exchange between West Africa and Europe. Features rarities from legends including Pat Thomas, Rex Gyamfi and Gyedu-Blay Ambolley and deep cuts from lesser known artists like Abdul Raheem, Starlite and The Godfathers.Includes extended liner notes, original covers and never-before-seen photos.","og_url":"https:\/\/wpguerssen-test.odoo.rgbconsulting.com\/es\/producto\/ghana-special-2-3lp\/","og_site_name":"Guerssen records","article_modified_time":"2025-02-21T13:05:21+00:00","og_image":[{"width":500,"height":500,"url":"https:\/\/wpguerssen-test.odoo.rgbconsulting.com\/wp-content\/uploads\/2024\/06\/48135.jpg","type":"image\/jpeg"}],"twitter_card":"summary_large_image","twitter_title":"VARIOUS ARTISTS - Ghana Special 2 (3LP) -  (3LP) | Guerssen","twitter_misc":{"Tiempo de lectura":"1 minuto"},"schema":{"@context":"https:\/\/schema.org","@graph":[{"@type":"WebPage","@id":"https:\/\/wpguerssen-test.odoo.rgbconsulting.com\/es\/producto\/ghana-special-2-3lp\/","url":"https:\/\/wpguerssen-test.odoo.rgbconsulting.com\/es\/producto\/ghana-special-2-3lp\/","name":"VARIOUS ARTISTS - Ghana Special 2 (3LP) - (3LP) | Guerssen","isPartOf":{"@id":"https:\/\/wpguerssen-test.odoo.rgbconsulting.com\/es\/#website"},"primaryImageOfPage":{"@id":"https:\/\/wpguerssen-test.odoo.rgbconsulting.com\/es\/producto\/ghana-special-2-3lp\/#primaryimage"},"image":{"@id":"https:\/\/wpguerssen-test.odoo.rgbconsulting.com\/es\/producto\/ghana-special-2-3lp\/#primaryimage"},"thumbnailUrl":"https:\/\/wpguerssen-test.odoo.rgbconsulting.com\/wp-content\/uploads\/2024\/06\/48135.jpg","datePublished":"2025-02-06T23:00:00+00:00","dateModified":"2025-02-21T13:05:21+00:00","description":"Soundway presents a collection of 18 burger highlife, electronic afrobeat and reggae tracks, highlighting a time when the burgeoning Ghanaian diaspora across Europe and North America was utilising new music technology and recording techniques. A period of movement, emigration and innovation.The dawn of the 80s saw an increase in emigration following a period of political upheaval at home, with many Ghanaians moving to Europe - especially Germany - to find work. Musicians recording both at home and abroad began to blend highlife with outside influences, taking inspiration from US disco and boogie, European new wave and Caribbean zouk and soca, reflecting new surroundings and cementing musical connections forged in London, Hamburg, Toronto and New York.Ghana Special celebrates this key period of musical innovation and cultural exchange that redefined the parameters of Ghanaian music and accelerated the cultural exchange between West Africa and Europe. Features rarities from legends including Pat Thomas, Rex Gyamfi and Gyedu-Blay Ambolley and deep cuts from lesser known artists like Abdul Raheem, Starlite and The Godfathers.Includes extended liner notes, original covers and never-before-seen photos.","breadcrumb":{"@id":"https:\/\/wpguerssen-test.odoo.rgbconsulting.com\/es\/producto\/ghana-special-2-3lp\/#breadcrumb"},"inLanguage":"es","potentialAction":[{"@type":"ReadAction","target":["https:\/\/wpguerssen-test.odoo.rgbconsulting.com\/es\/producto\/ghana-special-2-3lp\/"]}]},{"@type":"ImageObject","inLanguage":"es","@id":"https:\/\/wpguerssen-test.odoo.rgbconsulting.com\/es\/producto\/ghana-special-2-3lp\/#primaryimage","url":"https:\/\/wpguerssen-test.odoo.rgbconsulting.com\/wp-content\/uploads\/2024\/06\/48135.jpg","contentUrl":"https:\/\/wpguerssen-test.odoo.rgbconsulting.com\/wp-content\/uploads\/2024\/06\/48135.jpg","width":500,"height":500},{"@type":"BreadcrumbList","@id":"https:\/\/wpguerssen-test.odoo.rgbconsulting.com\/es\/producto\/ghana-special-2-3lp\/#breadcrumb","itemListElement":[{"@type":"ListItem","position":1,"name":"Inicio","item":"https:\/\/wpguerssen-test.odoo.rgbconsulting.com\/es\/"},{"@type":"ListItem","position":2,"name":"Shop","item":"https:\/\/wpguerssen-test.odoo.rgbconsulting.com\/shop\/"},{"@type":"ListItem","position":3,"name":"Ghana Special 2 (3LP)"}]},{"@type":"WebSite","@id":"https:\/\/wpguerssen-test.odoo.rgbconsulting.com\/es\/#website","url":"https:\/\/wpguerssen-test.odoo.rgbconsulting.com\/es\/","name":"Guerssen records","description":"psychedelia - progressive - folk - garage ","publisher":{"@id":"https:\/\/wpguerssen-test.odoo.rgbconsulting.com\/es\/#organization"},"potentialAction":[{"@type":"SearchAction","target":{"@type":"EntryPoint","urlTemplate":"https:\/\/wpguerssen-test.odoo.rgbconsulting.com\/es\/?s={search_term_string}"},"query-input":{"@type":"PropertyValueSpecification","valueRequired":true,"valueName":"search_term_string"}}],"inLanguage":"es"},{"@type":"Organization","@id":"https:\/\/wpguerssen-test.odoo.rgbconsulting.com\/es\/#organization","name":"Guerssen records","url":"https:\/\/wpguerssen-test.odoo.rgbconsulting.com\/es\/","logo":{"@type":"ImageObject","inLanguage":"es","@id":"https:\/\/wpguerssen-test.odoo.rgbconsulting.com\/es\/#\/schema\/logo\/image\/","url":"https:\/\/wpguerssen-test.odoo.rgbconsulting.com\/wp-content\/uploads\/2022\/04\/Logo_Guerssen_trans_100.png","contentUrl":"https:\/\/wpguerssen-test.odoo.rgbconsulting.com\/wp-content\/uploads\/2022\/04\/Logo_Guerssen_trans_100.png","width":122,"height":100,"caption":"Guerssen records"},"image":{"@id":"https:\/\/wpguerssen-test.odoo.rgbconsulting.com\/es\/#\/schema\/logo\/image\/"}}]}},"_links":{"self":[{"href":"https:\/\/wpguerssen-test.odoo.rgbconsulting.com\/es\/wp-json\/wp\/v2\/product\/270791","targetHints":{"allow":["GET"]}}],"collection":[{"href":"https:\/\/wpguerssen-test.odoo.rgbconsulting.com\/es\/wp-json\/wp\/v2\/product"}],"about":[{"href":"https:\/\/wpguerssen-test.odoo.rgbconsulting.com\/es\/wp-json\/wp\/v2\/types\/product"}],"wp:featuredmedia":[{"embeddable":true,"href":"https:\/\/wpguerssen-test.odoo.rgbconsulting.com\/es\/wp-json\/wp\/v2\/media\/270652"}],"wp:attachment":[{"href":"https:\/\/wpguerssen-test.odoo.rgbconsulting.com\/es\/wp-json\/wp\/v2\/media?parent=270791"}],"wp:term":[{"taxonomy":"product_brand","embeddable":true,"href":"https:\/\/wpguerssen-test.odoo.rgbconsulting.com\/es\/wp-json\/wp\/v2\/product_brand?post=270791"},{"taxonomy":"product_cat","embeddable":true,"href":"https:\/\/wpguerssen-test.odoo.rgbconsulting.com\/es\/wp-json\/wp\/v2\/product_cat?post=270791"},{"taxonomy":"product_tag","embeddable":true,"href":"https:\/\/wpguerssen-test.odoo.rgbconsulting.com\/es\/wp-json\/wp\/v2\/product_tag?post=270791"}],"curies":[{"name":"wp","href":"https:\/\/api.w.org\/{rel}","templated":true}]}}