{"id":270795,"date":"2024-06-27T00:00:00","date_gmt":"2024-06-26T22:00:00","guid":{"rendered":"https:\/\/wpguerssen-test.odoo.rgbconsulting.com\/product\/ifetayo\/"},"modified":"2024-11-26T17:19:55","modified_gmt":"2024-11-26T16:19:55","slug":"ifetayo","status":"publish","type":"product","link":"https:\/\/wpguerssen-test.odoo.rgbconsulting.com\/es\/producto\/ifetayo\/","title":{"rendered":"Ifetayo"},"content":{"rendered":"<p>Soundway presenta una esperada remasterizaci\u00f3n y reedici\u00f3n del \u00e1lbum de 1976 &#8216;Ifetayo&#8217; de Black Truth Rhythm Band, un cap\u00edtulo importante y pasado por alto en la rica historia musical de Trinidad que combina influencias de \u00c1frica occidental con jazz, funk y la critica social del calipso. Liderado por el carism\u00e1tico Oluko Imo, el grupo se bas\u00f3 en las fuertes conexiones con la cultura yoruba y las tradiciones Orisa en Trinidad, buscando inspiraci\u00f3n en \u00c1frica y reflejando el floreciente movimiento Black Power de la \u00e9poca.<br \/>Grabado en los estudios KH en Puerto Espa\u00f1a , Ifetayo (&#8216;El amor sobresale a todos&#8217; en yoruba) fue el \u00fanico lanzamiento del grupo. Imo contribuy\u00f3 con la voz principal y toc\u00f3 el bajo, kalimba, conga, flauta y percusi\u00f3n, canalizando m\u00fasica de ambos lados del Atl\u00e1ntico en una porci\u00f3n distintiva y \u00fanica de la expresi\u00f3n afrotrinitense.<br \/>Incluye la pista extra \u00abImo\u00bb no incluida en el LP original.<\/p>\n","protected":false},"excerpt":{"rendered":"<p>Soundway presenta una esperada remasterizaci\u00f3n y reedici\u00f3n del \u00e1lbum de 1976 &#8216;Ifetayo&#8217; de Black Truth Rhythm Band, un cap\u00edtulo importante y pasado<a class=\"read\" href=\"https:\/\/wpguerssen-test.odoo.rgbconsulting.com\/es\/producto\/ifetayo\/\"> (...)<\/a>","protected":false},"featured_media":270664,"template":"","meta":{"_acf_changed":false},"product_brand":[],"product_cat":[23258],"product_tag":[],"class_list":{"0":"post-270795","1":"product","2":"type-product","3":"status-publish","4":"has-post-thumbnail","6":"product_cat-afro-funk-afrobeat-es","7":"pa_artist-black-truth-rhythm-band","8":"pa_format-lp-es","9":"pa_gender-afro-funk-afrobeat","10":"pa_label-soundway","11":"pa_location-south-america-caribbean-es","12":"pa_other-filters-vinyl-only-es","14":"first","15":"instock","16":"taxable","17":"shipping-taxable","18":"purchasable","19":"product-type-simple"},"acf":[],"yoast_head":"<!-- This site is optimized with the Yoast SEO plugin v24.9 - https:\/\/yoast.com\/wordpress\/plugins\/seo\/ -->\n<title>BLACK TRUTH RHYTHM BAND - Ifetayo -  (LP) | Guerssen<\/title>\n<meta name=\"description\" content=\"Soundway presents a long-awaited remaster and re-cut of the 1976 album &#039;Ifetayo&#039; by Black Truth Rhythm Band, an important and overlooked chapter in Trinidad&#039;s rich musical history that blends West African influences with jazz, funk and the social commentary of the calypso tradition. Led by the charismatic Oluko Imo, the group drew on the strong connections to Yoruba culture and Orisa traditions in Trinidad, looking to Africa for inspiration and reflecting the burgeoning Black Power movement of the time.Recorded at KH studios in Port of Spain, Ifetayo (Yoruba for &#039;Love excels all&#039;) was the group&#039;s sole album release. Imo contributed lead vocals and played bass, kalimba, conga, flute and percussion, channelling music from both sides of the Atlantic into a distinctive and unique slice of Afro Trinidadian expression.Includes bonus track &quot;Imo&quot; not included on the original LP.\" \/>\n<meta name=\"robots\" content=\"index, follow, max-snippet:-1, max-image-preview:large, max-video-preview:-1\" \/>\n<link rel=\"canonical\" href=\"https:\/\/wpguerssen-test.odoo.rgbconsulting.com\/es\/producto\/ifetayo\/\" \/>\n<meta property=\"og:locale\" content=\"es_ES\" \/>\n<meta property=\"og:type\" content=\"article\" \/>\n<meta property=\"og:title\" content=\"BLACK TRUTH RHYTHM BAND - Ifetayo -  (LP) | Guerssen\" \/>\n<meta property=\"og:description\" content=\"Soundway presents a long-awaited remaster and re-cut of the 1976 album &#039;Ifetayo&#039; by Black Truth Rhythm Band, an important and overlooked chapter in Trinidad&#039;s rich musical history that blends West African influences with jazz, funk and the social commentary of the calypso tradition. Led by the charismatic Oluko Imo, the group drew on the strong connections to Yoruba culture and Orisa traditions in Trinidad, looking to Africa for inspiration and reflecting the burgeoning Black Power movement of the time.Recorded at KH studios in Port of Spain, Ifetayo (Yoruba for &#039;Love excels all&#039;) was the group&#039;s sole album release. Imo contributed lead vocals and played bass, kalimba, conga, flute and percussion, channelling music from both sides of the Atlantic into a distinctive and unique slice of Afro Trinidadian expression.Includes bonus track &quot;Imo&quot; not included on the original LP.\" \/>\n<meta property=\"og:url\" content=\"https:\/\/wpguerssen-test.odoo.rgbconsulting.com\/es\/producto\/ifetayo\/\" \/>\n<meta property=\"og:site_name\" content=\"Guerssen records\" \/>\n<meta property=\"article:modified_time\" content=\"2024-11-26T16:19:55+00:00\" \/>\n<meta property=\"og:image\" content=\"https:\/\/wpguerssen-test.odoo.rgbconsulting.com\/wp-content\/uploads\/2024\/06\/48139.jpg\" \/>\n\t<meta property=\"og:image:width\" content=\"225\" \/>\n\t<meta property=\"og:image:height\" content=\"225\" \/>\n\t<meta property=\"og:image:type\" content=\"image\/jpeg\" \/>\n<meta name=\"twitter:card\" content=\"summary_large_image\" \/>\n<meta name=\"twitter:title\" content=\"BLACK TRUTH RHYTHM BAND - Ifetayo -  (LP) | Guerssen\" \/>\n<meta name=\"twitter:label1\" content=\"Tiempo de lectura\" \/>\n\t<meta name=\"twitter:data1\" content=\"1 minuto\" \/>\n<script type=\"application\/ld+json\" class=\"yoast-schema-graph\">{\"@context\":\"https:\/\/schema.org\",\"@graph\":[{\"@type\":\"WebPage\",\"@id\":\"https:\/\/wpguerssen-test.odoo.rgbconsulting.com\/es\/producto\/ifetayo\/\",\"url\":\"https:\/\/wpguerssen-test.odoo.rgbconsulting.com\/es\/producto\/ifetayo\/\",\"name\":\"BLACK TRUTH RHYTHM BAND - Ifetayo - (LP) | Guerssen\",\"isPartOf\":{\"@id\":\"https:\/\/wpguerssen-test.odoo.rgbconsulting.com\/es\/#website\"},\"primaryImageOfPage\":{\"@id\":\"https:\/\/wpguerssen-test.odoo.rgbconsulting.com\/es\/producto\/ifetayo\/#primaryimage\"},\"image\":{\"@id\":\"https:\/\/wpguerssen-test.odoo.rgbconsulting.com\/es\/producto\/ifetayo\/#primaryimage\"},\"thumbnailUrl\":\"https:\/\/wpguerssen-test.odoo.rgbconsulting.com\/wp-content\/uploads\/2024\/06\/48139.jpg\",\"datePublished\":\"2024-06-26T22:00:00+00:00\",\"dateModified\":\"2024-11-26T16:19:55+00:00\",\"description\":\"Soundway presents a long-awaited remaster and re-cut of the 1976 album 'Ifetayo' by Black Truth Rhythm Band, an important and overlooked chapter in Trinidad's rich musical history that blends West African influences with jazz, funk and the social commentary of the calypso tradition. Led by the charismatic Oluko Imo, the group drew on the strong connections to Yoruba culture and Orisa traditions in Trinidad, looking to Africa for inspiration and reflecting the burgeoning Black Power movement of the time.Recorded at KH studios in Port of Spain, Ifetayo (Yoruba for 'Love excels all') was the group's sole album release. Imo contributed lead vocals and played bass, kalimba, conga, flute and percussion, channelling music from both sides of the Atlantic into a distinctive and unique slice of Afro Trinidadian expression.Includes bonus track \\\"Imo\\\" not included on the original LP.\",\"breadcrumb\":{\"@id\":\"https:\/\/wpguerssen-test.odoo.rgbconsulting.com\/es\/producto\/ifetayo\/#breadcrumb\"},\"inLanguage\":\"es\",\"potentialAction\":[{\"@type\":\"ReadAction\",\"target\":[\"https:\/\/wpguerssen-test.odoo.rgbconsulting.com\/es\/producto\/ifetayo\/\"]}]},{\"@type\":\"ImageObject\",\"inLanguage\":\"es\",\"@id\":\"https:\/\/wpguerssen-test.odoo.rgbconsulting.com\/es\/producto\/ifetayo\/#primaryimage\",\"url\":\"https:\/\/wpguerssen-test.odoo.rgbconsulting.com\/wp-content\/uploads\/2024\/06\/48139.jpg\",\"contentUrl\":\"https:\/\/wpguerssen-test.odoo.rgbconsulting.com\/wp-content\/uploads\/2024\/06\/48139.jpg\",\"width\":225,\"height\":225},{\"@type\":\"BreadcrumbList\",\"@id\":\"https:\/\/wpguerssen-test.odoo.rgbconsulting.com\/es\/producto\/ifetayo\/#breadcrumb\",\"itemListElement\":[{\"@type\":\"ListItem\",\"position\":1,\"name\":\"Inicio\",\"item\":\"https:\/\/wpguerssen-test.odoo.rgbconsulting.com\/es\/\"},{\"@type\":\"ListItem\",\"position\":2,\"name\":\"Shop\",\"item\":\"https:\/\/wpguerssen-test.odoo.rgbconsulting.com\/shop\/\"},{\"@type\":\"ListItem\",\"position\":3,\"name\":\"Ifetayo\"}]},{\"@type\":\"WebSite\",\"@id\":\"https:\/\/wpguerssen-test.odoo.rgbconsulting.com\/es\/#website\",\"url\":\"https:\/\/wpguerssen-test.odoo.rgbconsulting.com\/es\/\",\"name\":\"Guerssen records\",\"description\":\"psychedelia - progressive - folk - garage \",\"publisher\":{\"@id\":\"https:\/\/wpguerssen-test.odoo.rgbconsulting.com\/es\/#organization\"},\"potentialAction\":[{\"@type\":\"SearchAction\",\"target\":{\"@type\":\"EntryPoint\",\"urlTemplate\":\"https:\/\/wpguerssen-test.odoo.rgbconsulting.com\/es\/?s={search_term_string}\"},\"query-input\":{\"@type\":\"PropertyValueSpecification\",\"valueRequired\":true,\"valueName\":\"search_term_string\"}}],\"inLanguage\":\"es\"},{\"@type\":\"Organization\",\"@id\":\"https:\/\/wpguerssen-test.odoo.rgbconsulting.com\/es\/#organization\",\"name\":\"Guerssen records\",\"url\":\"https:\/\/wpguerssen-test.odoo.rgbconsulting.com\/es\/\",\"logo\":{\"@type\":\"ImageObject\",\"inLanguage\":\"es\",\"@id\":\"https:\/\/wpguerssen-test.odoo.rgbconsulting.com\/es\/#\/schema\/logo\/image\/\",\"url\":\"https:\/\/wpguerssen-test.odoo.rgbconsulting.com\/wp-content\/uploads\/2022\/04\/Logo_Guerssen_trans_100.png\",\"contentUrl\":\"https:\/\/wpguerssen-test.odoo.rgbconsulting.com\/wp-content\/uploads\/2022\/04\/Logo_Guerssen_trans_100.png\",\"width\":122,\"height\":100,\"caption\":\"Guerssen records\"},\"image\":{\"@id\":\"https:\/\/wpguerssen-test.odoo.rgbconsulting.com\/es\/#\/schema\/logo\/image\/\"}}]}<\/script>\n<!-- \/ Yoast SEO plugin. -->","yoast_head_json":{"title":"BLACK TRUTH RHYTHM BAND - Ifetayo -  (LP) | Guerssen","description":"Soundway presents a long-awaited remaster and re-cut of the 1976 album 'Ifetayo' by Black Truth Rhythm Band, an important and overlooked chapter in Trinidad's rich musical history that blends West African influences with jazz, funk and the social commentary of the calypso tradition. Led by the charismatic Oluko Imo, the group drew on the strong connections to Yoruba culture and Orisa traditions in Trinidad, looking to Africa for inspiration and reflecting the burgeoning Black Power movement of the time.Recorded at KH studios in Port of Spain, Ifetayo (Yoruba for 'Love excels all') was the group's sole album release. Imo contributed lead vocals and played bass, kalimba, conga, flute and percussion, channelling music from both sides of the Atlantic into a distinctive and unique slice of Afro Trinidadian expression.Includes bonus track \"Imo\" not included on the original LP.","robots":{"index":"index","follow":"follow","max-snippet":"max-snippet:-1","max-image-preview":"max-image-preview:large","max-video-preview":"max-video-preview:-1"},"canonical":"https:\/\/wpguerssen-test.odoo.rgbconsulting.com\/es\/producto\/ifetayo\/","og_locale":"es_ES","og_type":"article","og_title":"BLACK TRUTH RHYTHM BAND - Ifetayo -  (LP) | Guerssen","og_description":"Soundway presents a long-awaited remaster and re-cut of the 1976 album 'Ifetayo' by Black Truth Rhythm Band, an important and overlooked chapter in Trinidad's rich musical history that blends West African influences with jazz, funk and the social commentary of the calypso tradition. Led by the charismatic Oluko Imo, the group drew on the strong connections to Yoruba culture and Orisa traditions in Trinidad, looking to Africa for inspiration and reflecting the burgeoning Black Power movement of the time.Recorded at KH studios in Port of Spain, Ifetayo (Yoruba for 'Love excels all') was the group's sole album release. Imo contributed lead vocals and played bass, kalimba, conga, flute and percussion, channelling music from both sides of the Atlantic into a distinctive and unique slice of Afro Trinidadian expression.Includes bonus track \"Imo\" not included on the original LP.","og_url":"https:\/\/wpguerssen-test.odoo.rgbconsulting.com\/es\/producto\/ifetayo\/","og_site_name":"Guerssen records","article_modified_time":"2024-11-26T16:19:55+00:00","og_image":[{"width":225,"height":225,"url":"https:\/\/wpguerssen-test.odoo.rgbconsulting.com\/wp-content\/uploads\/2024\/06\/48139.jpg","type":"image\/jpeg"}],"twitter_card":"summary_large_image","twitter_title":"BLACK TRUTH RHYTHM BAND - Ifetayo -  (LP) | Guerssen","twitter_misc":{"Tiempo de lectura":"1 minuto"},"schema":{"@context":"https:\/\/schema.org","@graph":[{"@type":"WebPage","@id":"https:\/\/wpguerssen-test.odoo.rgbconsulting.com\/es\/producto\/ifetayo\/","url":"https:\/\/wpguerssen-test.odoo.rgbconsulting.com\/es\/producto\/ifetayo\/","name":"BLACK TRUTH RHYTHM BAND - Ifetayo - (LP) | Guerssen","isPartOf":{"@id":"https:\/\/wpguerssen-test.odoo.rgbconsulting.com\/es\/#website"},"primaryImageOfPage":{"@id":"https:\/\/wpguerssen-test.odoo.rgbconsulting.com\/es\/producto\/ifetayo\/#primaryimage"},"image":{"@id":"https:\/\/wpguerssen-test.odoo.rgbconsulting.com\/es\/producto\/ifetayo\/#primaryimage"},"thumbnailUrl":"https:\/\/wpguerssen-test.odoo.rgbconsulting.com\/wp-content\/uploads\/2024\/06\/48139.jpg","datePublished":"2024-06-26T22:00:00+00:00","dateModified":"2024-11-26T16:19:55+00:00","description":"Soundway presents a long-awaited remaster and re-cut of the 1976 album 'Ifetayo' by Black Truth Rhythm Band, an important and overlooked chapter in Trinidad's rich musical history that blends West African influences with jazz, funk and the social commentary of the calypso tradition. Led by the charismatic Oluko Imo, the group drew on the strong connections to Yoruba culture and Orisa traditions in Trinidad, looking to Africa for inspiration and reflecting the burgeoning Black Power movement of the time.Recorded at KH studios in Port of Spain, Ifetayo (Yoruba for 'Love excels all') was the group's sole album release. Imo contributed lead vocals and played bass, kalimba, conga, flute and percussion, channelling music from both sides of the Atlantic into a distinctive and unique slice of Afro Trinidadian expression.Includes bonus track \"Imo\" not included on the original LP.","breadcrumb":{"@id":"https:\/\/wpguerssen-test.odoo.rgbconsulting.com\/es\/producto\/ifetayo\/#breadcrumb"},"inLanguage":"es","potentialAction":[{"@type":"ReadAction","target":["https:\/\/wpguerssen-test.odoo.rgbconsulting.com\/es\/producto\/ifetayo\/"]}]},{"@type":"ImageObject","inLanguage":"es","@id":"https:\/\/wpguerssen-test.odoo.rgbconsulting.com\/es\/producto\/ifetayo\/#primaryimage","url":"https:\/\/wpguerssen-test.odoo.rgbconsulting.com\/wp-content\/uploads\/2024\/06\/48139.jpg","contentUrl":"https:\/\/wpguerssen-test.odoo.rgbconsulting.com\/wp-content\/uploads\/2024\/06\/48139.jpg","width":225,"height":225},{"@type":"BreadcrumbList","@id":"https:\/\/wpguerssen-test.odoo.rgbconsulting.com\/es\/producto\/ifetayo\/#breadcrumb","itemListElement":[{"@type":"ListItem","position":1,"name":"Inicio","item":"https:\/\/wpguerssen-test.odoo.rgbconsulting.com\/es\/"},{"@type":"ListItem","position":2,"name":"Shop","item":"https:\/\/wpguerssen-test.odoo.rgbconsulting.com\/shop\/"},{"@type":"ListItem","position":3,"name":"Ifetayo"}]},{"@type":"WebSite","@id":"https:\/\/wpguerssen-test.odoo.rgbconsulting.com\/es\/#website","url":"https:\/\/wpguerssen-test.odoo.rgbconsulting.com\/es\/","name":"Guerssen records","description":"psychedelia - progressive - folk - garage ","publisher":{"@id":"https:\/\/wpguerssen-test.odoo.rgbconsulting.com\/es\/#organization"},"potentialAction":[{"@type":"SearchAction","target":{"@type":"EntryPoint","urlTemplate":"https:\/\/wpguerssen-test.odoo.rgbconsulting.com\/es\/?s={search_term_string}"},"query-input":{"@type":"PropertyValueSpecification","valueRequired":true,"valueName":"search_term_string"}}],"inLanguage":"es"},{"@type":"Organization","@id":"https:\/\/wpguerssen-test.odoo.rgbconsulting.com\/es\/#organization","name":"Guerssen records","url":"https:\/\/wpguerssen-test.odoo.rgbconsulting.com\/es\/","logo":{"@type":"ImageObject","inLanguage":"es","@id":"https:\/\/wpguerssen-test.odoo.rgbconsulting.com\/es\/#\/schema\/logo\/image\/","url":"https:\/\/wpguerssen-test.odoo.rgbconsulting.com\/wp-content\/uploads\/2022\/04\/Logo_Guerssen_trans_100.png","contentUrl":"https:\/\/wpguerssen-test.odoo.rgbconsulting.com\/wp-content\/uploads\/2022\/04\/Logo_Guerssen_trans_100.png","width":122,"height":100,"caption":"Guerssen records"},"image":{"@id":"https:\/\/wpguerssen-test.odoo.rgbconsulting.com\/es\/#\/schema\/logo\/image\/"}}]}},"_links":{"self":[{"href":"https:\/\/wpguerssen-test.odoo.rgbconsulting.com\/es\/wp-json\/wp\/v2\/product\/270795","targetHints":{"allow":["GET"]}}],"collection":[{"href":"https:\/\/wpguerssen-test.odoo.rgbconsulting.com\/es\/wp-json\/wp\/v2\/product"}],"about":[{"href":"https:\/\/wpguerssen-test.odoo.rgbconsulting.com\/es\/wp-json\/wp\/v2\/types\/product"}],"wp:featuredmedia":[{"embeddable":true,"href":"https:\/\/wpguerssen-test.odoo.rgbconsulting.com\/es\/wp-json\/wp\/v2\/media\/270664"}],"wp:attachment":[{"href":"https:\/\/wpguerssen-test.odoo.rgbconsulting.com\/es\/wp-json\/wp\/v2\/media?parent=270795"}],"wp:term":[{"taxonomy":"product_brand","embeddable":true,"href":"https:\/\/wpguerssen-test.odoo.rgbconsulting.com\/es\/wp-json\/wp\/v2\/product_brand?post=270795"},{"taxonomy":"product_cat","embeddable":true,"href":"https:\/\/wpguerssen-test.odoo.rgbconsulting.com\/es\/wp-json\/wp\/v2\/product_cat?post=270795"},{"taxonomy":"product_tag","embeddable":true,"href":"https:\/\/wpguerssen-test.odoo.rgbconsulting.com\/es\/wp-json\/wp\/v2\/product_tag?post=270795"}],"curies":[{"name":"wp","href":"https:\/\/api.w.org\/{rel}","templated":true}]}}