{"id":270819,"date":"2025-03-07T00:00:00","date_gmt":"2025-03-06T23:00:00","guid":{"rendered":"https:\/\/wpguerssen-test.odoo.rgbconsulting.com\/product\/love-vibration\/"},"modified":"2025-03-13T17:21:39","modified_gmt":"2025-03-13T16:21:39","slug":"love-vibration","status":"publish","type":"product","link":"https:\/\/wpguerssen-test.odoo.rgbconsulting.com\/es\/producto\/love-vibration\/","title":{"rendered":"Love Vibration"},"content":{"rendered":"<p>Nkono Teles, que ya apareci\u00f3 en la compilaci\u00f3n m\u00e1s vendida de Soundway, &#8216;Doing It In Lagos&#8217;, es conocido principalmente por interpretar, producir o hacer arreglos para m\u00e1s de 100 artistas en Nigeria y sus alrededores en los a\u00f1os 80 (incluso como teclista en la banda solista de Tony Allen, justo despu\u00e9s de separarse de Fela Kuti) finalmente est\u00e1 obteniendo el reconocimiento internacional que se merece con la mini-compilaci\u00f3n retrospectiva de Soundway &#8216;Love Vibration&#8217;. Lleno de ritmos funky-boogie, su uso vanguardista de cajas de ritmos, mezclado con guitarras y sintetizadores asequibles, ayud\u00f3 a definir la m\u00fasica nigeriana de los a\u00f1os 80. Para fans de William Onyeabor, Letta Mbulu y Steve Monite.<\/p>\n","protected":false},"excerpt":{"rendered":"<p>Nkono Teles, que ya apareci\u00f3 en la compilaci\u00f3n m\u00e1s vendida de Soundway, &#8216;Doing It In Lagos&#8217;, es conocido principalmente por interpretar, producir o<a class=\"read\" href=\"https:\/\/wpguerssen-test.odoo.rgbconsulting.com\/es\/producto\/love-vibration\/\"> (...)<\/a>","protected":false},"featured_media":270736,"template":"","meta":{"_acf_changed":false},"product_brand":[],"product_cat":[23219,23265],"product_tag":[],"class_list":{"0":"post-270819","1":"product","2":"type-product","3":"status-publish","4":"has-post-thumbnail","6":"product_cat-funk-es","7":"product_cat-disco-cosmic-italo-es","8":"pa_artist-nkono-teles","9":"pa_format-lp-es","10":"pa_gender-funk-disco-cosmic-italo","11":"pa_label-soundway","12":"pa_location-africa-es","13":"pa_other-filters-vinyl-only-es","15":"first","16":"instock","17":"taxable","18":"shipping-taxable","19":"purchasable","20":"product-type-simple"},"acf":[],"yoast_head":"<!-- This site is optimized with the Yoast SEO plugin v24.9 - https:\/\/yoast.com\/wordpress\/plugins\/seo\/ -->\n<title>NKONO TELES - Love Vibration -  (LP) | Guerssen<\/title>\n<meta name=\"description\" content=\"Having already appeared on Soundway&#039;s best-selling compilation &#039;Doing It In Lagos&#039; Nkono Teles, known primarily for featuring on, producing or arranging for over 100 other artists in and around Nigeria in the 80s (including as a keyboard player in Tony Allen&#039;s solo band, right after splitting with Fela Kuti) is finally getting the international recognition he rightly deserves with Soundway&#039;s retrospective mini-compilation &#039;Love Vibration&#039;. Full of funky-boogie rhythms, his forward thinking use of drum machines, mixed with guitars and affordable synthesisers helped to define the Nigerian music of the 80s. For fans of William Onyeabor, Letta Mbulu and Steve Monite.\" \/>\n<meta name=\"robots\" content=\"index, follow, max-snippet:-1, max-image-preview:large, max-video-preview:-1\" \/>\n<link rel=\"canonical\" href=\"https:\/\/wpguerssen-test.odoo.rgbconsulting.com\/es\/producto\/love-vibration\/\" \/>\n<meta property=\"og:locale\" content=\"es_ES\" \/>\n<meta property=\"og:type\" content=\"article\" \/>\n<meta property=\"og:title\" content=\"NKONO TELES - Love Vibration -  (LP) | Guerssen\" \/>\n<meta property=\"og:description\" content=\"Having already appeared on Soundway&#039;s best-selling compilation &#039;Doing It In Lagos&#039; Nkono Teles, known primarily for featuring on, producing or arranging for over 100 other artists in and around Nigeria in the 80s (including as a keyboard player in Tony Allen&#039;s solo band, right after splitting with Fela Kuti) is finally getting the international recognition he rightly deserves with Soundway&#039;s retrospective mini-compilation &#039;Love Vibration&#039;. Full of funky-boogie rhythms, his forward thinking use of drum machines, mixed with guitars and affordable synthesisers helped to define the Nigerian music of the 80s. For fans of William Onyeabor, Letta Mbulu and Steve Monite.\" \/>\n<meta property=\"og:url\" content=\"https:\/\/wpguerssen-test.odoo.rgbconsulting.com\/es\/producto\/love-vibration\/\" \/>\n<meta property=\"og:site_name\" content=\"Guerssen records\" \/>\n<meta property=\"article:modified_time\" content=\"2025-03-13T16:21:39+00:00\" \/>\n<meta property=\"og:image\" content=\"https:\/\/wpguerssen-test.odoo.rgbconsulting.com\/wp-content\/uploads\/2024\/06\/48163.jpg\" \/>\n\t<meta property=\"og:image:width\" content=\"600\" \/>\n\t<meta property=\"og:image:height\" content=\"600\" \/>\n\t<meta property=\"og:image:type\" content=\"image\/jpeg\" \/>\n<meta name=\"twitter:card\" content=\"summary_large_image\" \/>\n<meta name=\"twitter:title\" content=\"NKONO TELES - Love Vibration -  (LP) | Guerssen\" \/>\n<meta name=\"twitter:label1\" content=\"Tiempo de lectura\" \/>\n\t<meta name=\"twitter:data1\" content=\"1 minuto\" \/>\n<script type=\"application\/ld+json\" class=\"yoast-schema-graph\">{\"@context\":\"https:\/\/schema.org\",\"@graph\":[{\"@type\":\"WebPage\",\"@id\":\"https:\/\/wpguerssen-test.odoo.rgbconsulting.com\/es\/producto\/love-vibration\/\",\"url\":\"https:\/\/wpguerssen-test.odoo.rgbconsulting.com\/es\/producto\/love-vibration\/\",\"name\":\"NKONO TELES - Love Vibration - (LP) | Guerssen\",\"isPartOf\":{\"@id\":\"https:\/\/wpguerssen-test.odoo.rgbconsulting.com\/es\/#website\"},\"primaryImageOfPage\":{\"@id\":\"https:\/\/wpguerssen-test.odoo.rgbconsulting.com\/es\/producto\/love-vibration\/#primaryimage\"},\"image\":{\"@id\":\"https:\/\/wpguerssen-test.odoo.rgbconsulting.com\/es\/producto\/love-vibration\/#primaryimage\"},\"thumbnailUrl\":\"https:\/\/wpguerssen-test.odoo.rgbconsulting.com\/wp-content\/uploads\/2024\/06\/48163.jpg\",\"datePublished\":\"2025-03-06T23:00:00+00:00\",\"dateModified\":\"2025-03-13T16:21:39+00:00\",\"description\":\"Having already appeared on Soundway's best-selling compilation 'Doing It In Lagos' Nkono Teles, known primarily for featuring on, producing or arranging for over 100 other artists in and around Nigeria in the 80s (including as a keyboard player in Tony Allen's solo band, right after splitting with Fela Kuti) is finally getting the international recognition he rightly deserves with Soundway's retrospective mini-compilation 'Love Vibration'. Full of funky-boogie rhythms, his forward thinking use of drum machines, mixed with guitars and affordable synthesisers helped to define the Nigerian music of the 80s. For fans of William Onyeabor, Letta Mbulu and Steve Monite.\",\"breadcrumb\":{\"@id\":\"https:\/\/wpguerssen-test.odoo.rgbconsulting.com\/es\/producto\/love-vibration\/#breadcrumb\"},\"inLanguage\":\"es\",\"potentialAction\":[{\"@type\":\"ReadAction\",\"target\":[\"https:\/\/wpguerssen-test.odoo.rgbconsulting.com\/es\/producto\/love-vibration\/\"]}]},{\"@type\":\"ImageObject\",\"inLanguage\":\"es\",\"@id\":\"https:\/\/wpguerssen-test.odoo.rgbconsulting.com\/es\/producto\/love-vibration\/#primaryimage\",\"url\":\"https:\/\/wpguerssen-test.odoo.rgbconsulting.com\/wp-content\/uploads\/2024\/06\/48163.jpg\",\"contentUrl\":\"https:\/\/wpguerssen-test.odoo.rgbconsulting.com\/wp-content\/uploads\/2024\/06\/48163.jpg\",\"width\":600,\"height\":600},{\"@type\":\"BreadcrumbList\",\"@id\":\"https:\/\/wpguerssen-test.odoo.rgbconsulting.com\/es\/producto\/love-vibration\/#breadcrumb\",\"itemListElement\":[{\"@type\":\"ListItem\",\"position\":1,\"name\":\"Inicio\",\"item\":\"https:\/\/wpguerssen-test.odoo.rgbconsulting.com\/es\/\"},{\"@type\":\"ListItem\",\"position\":2,\"name\":\"Shop\",\"item\":\"https:\/\/wpguerssen-test.odoo.rgbconsulting.com\/shop\/\"},{\"@type\":\"ListItem\",\"position\":3,\"name\":\"Love Vibration\"}]},{\"@type\":\"WebSite\",\"@id\":\"https:\/\/wpguerssen-test.odoo.rgbconsulting.com\/es\/#website\",\"url\":\"https:\/\/wpguerssen-test.odoo.rgbconsulting.com\/es\/\",\"name\":\"Guerssen records\",\"description\":\"psychedelia - progressive - folk - garage \",\"publisher\":{\"@id\":\"https:\/\/wpguerssen-test.odoo.rgbconsulting.com\/es\/#organization\"},\"potentialAction\":[{\"@type\":\"SearchAction\",\"target\":{\"@type\":\"EntryPoint\",\"urlTemplate\":\"https:\/\/wpguerssen-test.odoo.rgbconsulting.com\/es\/?s={search_term_string}\"},\"query-input\":{\"@type\":\"PropertyValueSpecification\",\"valueRequired\":true,\"valueName\":\"search_term_string\"}}],\"inLanguage\":\"es\"},{\"@type\":\"Organization\",\"@id\":\"https:\/\/wpguerssen-test.odoo.rgbconsulting.com\/es\/#organization\",\"name\":\"Guerssen records\",\"url\":\"https:\/\/wpguerssen-test.odoo.rgbconsulting.com\/es\/\",\"logo\":{\"@type\":\"ImageObject\",\"inLanguage\":\"es\",\"@id\":\"https:\/\/wpguerssen-test.odoo.rgbconsulting.com\/es\/#\/schema\/logo\/image\/\",\"url\":\"https:\/\/wpguerssen-test.odoo.rgbconsulting.com\/wp-content\/uploads\/2022\/04\/Logo_Guerssen_trans_100.png\",\"contentUrl\":\"https:\/\/wpguerssen-test.odoo.rgbconsulting.com\/wp-content\/uploads\/2022\/04\/Logo_Guerssen_trans_100.png\",\"width\":122,\"height\":100,\"caption\":\"Guerssen records\"},\"image\":{\"@id\":\"https:\/\/wpguerssen-test.odoo.rgbconsulting.com\/es\/#\/schema\/logo\/image\/\"}}]}<\/script>\n<!-- \/ Yoast SEO plugin. -->","yoast_head_json":{"title":"NKONO TELES - Love Vibration -  (LP) | Guerssen","description":"Having already appeared on Soundway's best-selling compilation 'Doing It In Lagos' Nkono Teles, known primarily for featuring on, producing or arranging for over 100 other artists in and around Nigeria in the 80s (including as a keyboard player in Tony Allen's solo band, right after splitting with Fela Kuti) is finally getting the international recognition he rightly deserves with Soundway's retrospective mini-compilation 'Love Vibration'. Full of funky-boogie rhythms, his forward thinking use of drum machines, mixed with guitars and affordable synthesisers helped to define the Nigerian music of the 80s. For fans of William Onyeabor, Letta Mbulu and Steve Monite.","robots":{"index":"index","follow":"follow","max-snippet":"max-snippet:-1","max-image-preview":"max-image-preview:large","max-video-preview":"max-video-preview:-1"},"canonical":"https:\/\/wpguerssen-test.odoo.rgbconsulting.com\/es\/producto\/love-vibration\/","og_locale":"es_ES","og_type":"article","og_title":"NKONO TELES - Love Vibration -  (LP) | Guerssen","og_description":"Having already appeared on Soundway's best-selling compilation 'Doing It In Lagos' Nkono Teles, known primarily for featuring on, producing or arranging for over 100 other artists in and around Nigeria in the 80s (including as a keyboard player in Tony Allen's solo band, right after splitting with Fela Kuti) is finally getting the international recognition he rightly deserves with Soundway's retrospective mini-compilation 'Love Vibration'. Full of funky-boogie rhythms, his forward thinking use of drum machines, mixed with guitars and affordable synthesisers helped to define the Nigerian music of the 80s. For fans of William Onyeabor, Letta Mbulu and Steve Monite.","og_url":"https:\/\/wpguerssen-test.odoo.rgbconsulting.com\/es\/producto\/love-vibration\/","og_site_name":"Guerssen records","article_modified_time":"2025-03-13T16:21:39+00:00","og_image":[{"width":600,"height":600,"url":"https:\/\/wpguerssen-test.odoo.rgbconsulting.com\/wp-content\/uploads\/2024\/06\/48163.jpg","type":"image\/jpeg"}],"twitter_card":"summary_large_image","twitter_title":"NKONO TELES - Love Vibration -  (LP) | Guerssen","twitter_misc":{"Tiempo de lectura":"1 minuto"},"schema":{"@context":"https:\/\/schema.org","@graph":[{"@type":"WebPage","@id":"https:\/\/wpguerssen-test.odoo.rgbconsulting.com\/es\/producto\/love-vibration\/","url":"https:\/\/wpguerssen-test.odoo.rgbconsulting.com\/es\/producto\/love-vibration\/","name":"NKONO TELES - Love Vibration - (LP) | Guerssen","isPartOf":{"@id":"https:\/\/wpguerssen-test.odoo.rgbconsulting.com\/es\/#website"},"primaryImageOfPage":{"@id":"https:\/\/wpguerssen-test.odoo.rgbconsulting.com\/es\/producto\/love-vibration\/#primaryimage"},"image":{"@id":"https:\/\/wpguerssen-test.odoo.rgbconsulting.com\/es\/producto\/love-vibration\/#primaryimage"},"thumbnailUrl":"https:\/\/wpguerssen-test.odoo.rgbconsulting.com\/wp-content\/uploads\/2024\/06\/48163.jpg","datePublished":"2025-03-06T23:00:00+00:00","dateModified":"2025-03-13T16:21:39+00:00","description":"Having already appeared on Soundway's best-selling compilation 'Doing It In Lagos' Nkono Teles, known primarily for featuring on, producing or arranging for over 100 other artists in and around Nigeria in the 80s (including as a keyboard player in Tony Allen's solo band, right after splitting with Fela Kuti) is finally getting the international recognition he rightly deserves with Soundway's retrospective mini-compilation 'Love Vibration'. Full of funky-boogie rhythms, his forward thinking use of drum machines, mixed with guitars and affordable synthesisers helped to define the Nigerian music of the 80s. For fans of William Onyeabor, Letta Mbulu and Steve Monite.","breadcrumb":{"@id":"https:\/\/wpguerssen-test.odoo.rgbconsulting.com\/es\/producto\/love-vibration\/#breadcrumb"},"inLanguage":"es","potentialAction":[{"@type":"ReadAction","target":["https:\/\/wpguerssen-test.odoo.rgbconsulting.com\/es\/producto\/love-vibration\/"]}]},{"@type":"ImageObject","inLanguage":"es","@id":"https:\/\/wpguerssen-test.odoo.rgbconsulting.com\/es\/producto\/love-vibration\/#primaryimage","url":"https:\/\/wpguerssen-test.odoo.rgbconsulting.com\/wp-content\/uploads\/2024\/06\/48163.jpg","contentUrl":"https:\/\/wpguerssen-test.odoo.rgbconsulting.com\/wp-content\/uploads\/2024\/06\/48163.jpg","width":600,"height":600},{"@type":"BreadcrumbList","@id":"https:\/\/wpguerssen-test.odoo.rgbconsulting.com\/es\/producto\/love-vibration\/#breadcrumb","itemListElement":[{"@type":"ListItem","position":1,"name":"Inicio","item":"https:\/\/wpguerssen-test.odoo.rgbconsulting.com\/es\/"},{"@type":"ListItem","position":2,"name":"Shop","item":"https:\/\/wpguerssen-test.odoo.rgbconsulting.com\/shop\/"},{"@type":"ListItem","position":3,"name":"Love Vibration"}]},{"@type":"WebSite","@id":"https:\/\/wpguerssen-test.odoo.rgbconsulting.com\/es\/#website","url":"https:\/\/wpguerssen-test.odoo.rgbconsulting.com\/es\/","name":"Guerssen records","description":"psychedelia - progressive - folk - garage ","publisher":{"@id":"https:\/\/wpguerssen-test.odoo.rgbconsulting.com\/es\/#organization"},"potentialAction":[{"@type":"SearchAction","target":{"@type":"EntryPoint","urlTemplate":"https:\/\/wpguerssen-test.odoo.rgbconsulting.com\/es\/?s={search_term_string}"},"query-input":{"@type":"PropertyValueSpecification","valueRequired":true,"valueName":"search_term_string"}}],"inLanguage":"es"},{"@type":"Organization","@id":"https:\/\/wpguerssen-test.odoo.rgbconsulting.com\/es\/#organization","name":"Guerssen records","url":"https:\/\/wpguerssen-test.odoo.rgbconsulting.com\/es\/","logo":{"@type":"ImageObject","inLanguage":"es","@id":"https:\/\/wpguerssen-test.odoo.rgbconsulting.com\/es\/#\/schema\/logo\/image\/","url":"https:\/\/wpguerssen-test.odoo.rgbconsulting.com\/wp-content\/uploads\/2022\/04\/Logo_Guerssen_trans_100.png","contentUrl":"https:\/\/wpguerssen-test.odoo.rgbconsulting.com\/wp-content\/uploads\/2022\/04\/Logo_Guerssen_trans_100.png","width":122,"height":100,"caption":"Guerssen records"},"image":{"@id":"https:\/\/wpguerssen-test.odoo.rgbconsulting.com\/es\/#\/schema\/logo\/image\/"}}]}},"_links":{"self":[{"href":"https:\/\/wpguerssen-test.odoo.rgbconsulting.com\/es\/wp-json\/wp\/v2\/product\/270819","targetHints":{"allow":["GET"]}}],"collection":[{"href":"https:\/\/wpguerssen-test.odoo.rgbconsulting.com\/es\/wp-json\/wp\/v2\/product"}],"about":[{"href":"https:\/\/wpguerssen-test.odoo.rgbconsulting.com\/es\/wp-json\/wp\/v2\/types\/product"}],"wp:featuredmedia":[{"embeddable":true,"href":"https:\/\/wpguerssen-test.odoo.rgbconsulting.com\/es\/wp-json\/wp\/v2\/media\/270736"}],"wp:attachment":[{"href":"https:\/\/wpguerssen-test.odoo.rgbconsulting.com\/es\/wp-json\/wp\/v2\/media?parent=270819"}],"wp:term":[{"taxonomy":"product_brand","embeddable":true,"href":"https:\/\/wpguerssen-test.odoo.rgbconsulting.com\/es\/wp-json\/wp\/v2\/product_brand?post=270819"},{"taxonomy":"product_cat","embeddable":true,"href":"https:\/\/wpguerssen-test.odoo.rgbconsulting.com\/es\/wp-json\/wp\/v2\/product_cat?post=270819"},{"taxonomy":"product_tag","embeddable":true,"href":"https:\/\/wpguerssen-test.odoo.rgbconsulting.com\/es\/wp-json\/wp\/v2\/product_tag?post=270819"}],"curies":[{"name":"wp","href":"https:\/\/api.w.org\/{rel}","templated":true}]}}