{"id":271362,"date":"2024-07-03T00:00:00","date_gmt":"2024-07-02T22:00:00","guid":{"rendered":"https:\/\/wpguerssen-test.odoo.rgbconsulting.com\/product\/and-friends\/"},"modified":"2024-11-26T17:20:21","modified_gmt":"2024-11-26T16:20:21","slug":"and-friends","status":"publish","type":"product","link":"https:\/\/wpguerssen-test.odoo.rgbconsulting.com\/es\/producto\/and-friends\/","title":{"rendered":"And Friends"},"content":{"rendered":"<p>No exportable a Jap\u00f3n. Desde que Roy Ellis regres\u00f3 a la m\u00fasica Ska y Reggae en 2003, ha viajado por todo el mundo y ha conocido a muchas bandas diferentes con las que ha tocado. Algunas de estas bandas grabaron algunos temas con \u00e9l que ahora est\u00e1n recopilados en este \u00e1lbum.<br \/>TRACKLIST<br \/>Roy Ellis &#038; Transilvanians &#8211; Mr. Rudy Roy Ellis &#038; Smoke &#038; Mirrors Sound System &#8211; More That Unites Roy Ellis &#038; Kalles Kaviar &#8211; Must Catch A Train Roy Ellis &#038; 65 Mines Street &#8211; Orchestration Reggae Roy Ellis &#038; Shots In The Dark &#8211; I&#8217;m Outnumbered Roy Ellis &#038; Magic Touch &#8211; Fly Away Roy Ellis &#038; Cosmic Shuffling &#8211; Shine Your Light On Me Roy Ellis &#038; Neil Anderson &#8211; A Love Song Gone Wrong Roy Ellis &#038; The Teenagers &#8211; Let Me Take You Higher Roy Ellis &#038; Selector Boldrick &#8211; A Date Tonight Roy Ellis &#038; Thee Hurricanes &#8211; Can You Feel It Roy Ellis &#038; King Teddy &#8211; King Of Keys Roy Ellis &#038; Torvic Drum &#8211; Oh What A Morning Roy Ellis &#038; Mattias Hillebrand &#8211; Reborn In Your Eyes.<\/p>\n","protected":false},"excerpt":{"rendered":"<p>No exportable a Jap\u00f3n. Desde que Roy Ellis regres\u00f3 a la m\u00fasica Ska y Reggae en 2003, ha viajado por todo el mundo y ha conocido a muchas bandas diferentes con las<a class=\"read\" href=\"https:\/\/wpguerssen-test.odoo.rgbconsulting.com\/es\/producto\/and-friends\/\"> (...)<\/a>","protected":false},"featured_media":271315,"template":"","meta":{"_acf_changed":false},"product_brand":[],"product_cat":[21666],"product_tag":[],"class_list":{"0":"post-271362","1":"product","2":"type-product","3":"status-publish","4":"has-post-thumbnail","6":"product_cat-reggae-ska-dub-es","7":"pa_artist-ellis-roy-es","8":"pa_format-lp-es","9":"pa_gender-reggae-ska-dub","10":"pa_label-liquidator","11":"pa_location-south-america-caribbean-es","12":"pa_other-filters-vinyl-only-es","14":"first","15":"instock","16":"taxable","17":"shipping-taxable","18":"purchasable","19":"product-type-simple"},"acf":[],"yoast_head":"<!-- This site is optimized with the Yoast SEO plugin v24.9 - https:\/\/yoast.com\/wordpress\/plugins\/seo\/ -->\n<title>ELLIS, Roy - And Friends -  (LP) | Guerssen<\/title>\n<meta name=\"description\" content=\"NOT EXPORTABLE TO JAPAN. Since Roy Ellis came back to the Ska and Reggae music in 2003, he has been traveling all around the globe and met many different bands with which he has been playing with. Some of these bands recorded some tracks with him that now are compiled is this album.TRACKLISTRoy Ellis &amp; Transilvanians - Mr. Rudy Roy Ellis &amp; Smoke &amp; Mirrors Sound System - More That Unites Roy Ellis &amp; Kalles Kaviar - Must Catch A Train Roy Ellis &amp; 65 Mines Street - Orchestration Reggae Roy Ellis &amp; Shots In The Dark - I&#039;m Outnumbered Roy Ellis &amp; Magic Touch - Fly Away Roy Ellis &amp; Cosmic Shuffling - Shine Your Light On Me Roy Ellis &amp; Neil Anderson - A Love Song Gone Wrong Roy Ellis &amp; The Teenagers - Let Me Take You Higher Roy Ellis &amp; Selector Boldrick - A Date Tonight Roy Ellis &amp; Thee Hurricanes - Can You Feel It Roy Ellis &amp; King Teddy - King Of Keys Roy Ellis &amp; Torvic Drum - Oh What A Morning Roy Ellis &amp; Mattias Hillebrand - Reborn In Your Eyes.\" \/>\n<meta name=\"robots\" content=\"index, follow, max-snippet:-1, max-image-preview:large, max-video-preview:-1\" \/>\n<link rel=\"canonical\" href=\"https:\/\/wpguerssen-test.odoo.rgbconsulting.com\/es\/producto\/and-friends\/\" \/>\n<meta property=\"og:locale\" content=\"es_ES\" \/>\n<meta property=\"og:type\" content=\"article\" \/>\n<meta property=\"og:title\" content=\"ELLIS, Roy - And Friends -  (LP) | Guerssen\" \/>\n<meta property=\"og:description\" content=\"NOT EXPORTABLE TO JAPAN. Since Roy Ellis came back to the Ska and Reggae music in 2003, he has been traveling all around the globe and met many different bands with which he has been playing with. Some of these bands recorded some tracks with him that now are compiled is this album.TRACKLISTRoy Ellis &amp; Transilvanians - Mr. Rudy Roy Ellis &amp; Smoke &amp; Mirrors Sound System - More That Unites Roy Ellis &amp; Kalles Kaviar - Must Catch A Train Roy Ellis &amp; 65 Mines Street - Orchestration Reggae Roy Ellis &amp; Shots In The Dark - I&#039;m Outnumbered Roy Ellis &amp; Magic Touch - Fly Away Roy Ellis &amp; Cosmic Shuffling - Shine Your Light On Me Roy Ellis &amp; Neil Anderson - A Love Song Gone Wrong Roy Ellis &amp; The Teenagers - Let Me Take You Higher Roy Ellis &amp; Selector Boldrick - A Date Tonight Roy Ellis &amp; Thee Hurricanes - Can You Feel It Roy Ellis &amp; King Teddy - King Of Keys Roy Ellis &amp; Torvic Drum - Oh What A Morning Roy Ellis &amp; Mattias Hillebrand - Reborn In Your Eyes.\" \/>\n<meta property=\"og:url\" content=\"https:\/\/wpguerssen-test.odoo.rgbconsulting.com\/es\/producto\/and-friends\/\" \/>\n<meta property=\"og:site_name\" content=\"Guerssen records\" \/>\n<meta property=\"article:modified_time\" content=\"2024-11-26T16:20:21+00:00\" \/>\n<meta property=\"og:image\" content=\"https:\/\/wpguerssen-test.odoo.rgbconsulting.com\/wp-content\/uploads\/2024\/06\/48204.jpg\" \/>\n\t<meta property=\"og:image:width\" content=\"850\" \/>\n\t<meta property=\"og:image:height\" content=\"850\" \/>\n\t<meta property=\"og:image:type\" content=\"image\/jpeg\" \/>\n<meta name=\"twitter:card\" content=\"summary_large_image\" \/>\n<meta name=\"twitter:title\" content=\"ELLIS, Roy - And Friends -  (LP) | Guerssen\" \/>\n<meta name=\"twitter:label1\" content=\"Tiempo de lectura\" \/>\n\t<meta name=\"twitter:data1\" content=\"1 minuto\" \/>\n<script type=\"application\/ld+json\" class=\"yoast-schema-graph\">{\"@context\":\"https:\/\/schema.org\",\"@graph\":[{\"@type\":\"WebPage\",\"@id\":\"https:\/\/wpguerssen-test.odoo.rgbconsulting.com\/es\/producto\/and-friends\/\",\"url\":\"https:\/\/wpguerssen-test.odoo.rgbconsulting.com\/es\/producto\/and-friends\/\",\"name\":\"ELLIS, Roy - And Friends - (LP) | Guerssen\",\"isPartOf\":{\"@id\":\"https:\/\/wpguerssen-test.odoo.rgbconsulting.com\/es\/#website\"},\"primaryImageOfPage\":{\"@id\":\"https:\/\/wpguerssen-test.odoo.rgbconsulting.com\/es\/producto\/and-friends\/#primaryimage\"},\"image\":{\"@id\":\"https:\/\/wpguerssen-test.odoo.rgbconsulting.com\/es\/producto\/and-friends\/#primaryimage\"},\"thumbnailUrl\":\"https:\/\/wpguerssen-test.odoo.rgbconsulting.com\/wp-content\/uploads\/2024\/06\/48204.jpg\",\"datePublished\":\"2024-07-02T22:00:00+00:00\",\"dateModified\":\"2024-11-26T16:20:21+00:00\",\"description\":\"NOT EXPORTABLE TO JAPAN. Since Roy Ellis came back to the Ska and Reggae music in 2003, he has been traveling all around the globe and met many different bands with which he has been playing with. Some of these bands recorded some tracks with him that now are compiled is this album.TRACKLISTRoy Ellis & Transilvanians - Mr. Rudy Roy Ellis & Smoke & Mirrors Sound System - More That Unites Roy Ellis & Kalles Kaviar - Must Catch A Train Roy Ellis & 65 Mines Street - Orchestration Reggae Roy Ellis & Shots In The Dark - I'm Outnumbered Roy Ellis & Magic Touch - Fly Away Roy Ellis & Cosmic Shuffling - Shine Your Light On Me Roy Ellis & Neil Anderson - A Love Song Gone Wrong Roy Ellis & The Teenagers - Let Me Take You Higher Roy Ellis & Selector Boldrick - A Date Tonight Roy Ellis & Thee Hurricanes - Can You Feel It Roy Ellis & King Teddy - King Of Keys Roy Ellis & Torvic Drum - Oh What A Morning Roy Ellis & Mattias Hillebrand - Reborn In Your Eyes.\",\"breadcrumb\":{\"@id\":\"https:\/\/wpguerssen-test.odoo.rgbconsulting.com\/es\/producto\/and-friends\/#breadcrumb\"},\"inLanguage\":\"es\",\"potentialAction\":[{\"@type\":\"ReadAction\",\"target\":[\"https:\/\/wpguerssen-test.odoo.rgbconsulting.com\/es\/producto\/and-friends\/\"]}]},{\"@type\":\"ImageObject\",\"inLanguage\":\"es\",\"@id\":\"https:\/\/wpguerssen-test.odoo.rgbconsulting.com\/es\/producto\/and-friends\/#primaryimage\",\"url\":\"https:\/\/wpguerssen-test.odoo.rgbconsulting.com\/wp-content\/uploads\/2024\/06\/48204.jpg\",\"contentUrl\":\"https:\/\/wpguerssen-test.odoo.rgbconsulting.com\/wp-content\/uploads\/2024\/06\/48204.jpg\",\"width\":850,\"height\":850,\"caption\":\"Roy - And Friends - LIQUIDATOR (LP) | Guerssen\"},{\"@type\":\"BreadcrumbList\",\"@id\":\"https:\/\/wpguerssen-test.odoo.rgbconsulting.com\/es\/producto\/and-friends\/#breadcrumb\",\"itemListElement\":[{\"@type\":\"ListItem\",\"position\":1,\"name\":\"Inicio\",\"item\":\"https:\/\/wpguerssen-test.odoo.rgbconsulting.com\/es\/\"},{\"@type\":\"ListItem\",\"position\":2,\"name\":\"Shop\",\"item\":\"https:\/\/wpguerssen-test.odoo.rgbconsulting.com\/shop\/\"},{\"@type\":\"ListItem\",\"position\":3,\"name\":\"And Friends\"}]},{\"@type\":\"WebSite\",\"@id\":\"https:\/\/wpguerssen-test.odoo.rgbconsulting.com\/es\/#website\",\"url\":\"https:\/\/wpguerssen-test.odoo.rgbconsulting.com\/es\/\",\"name\":\"Guerssen records\",\"description\":\"psychedelia - progressive - folk - garage \",\"publisher\":{\"@id\":\"https:\/\/wpguerssen-test.odoo.rgbconsulting.com\/es\/#organization\"},\"potentialAction\":[{\"@type\":\"SearchAction\",\"target\":{\"@type\":\"EntryPoint\",\"urlTemplate\":\"https:\/\/wpguerssen-test.odoo.rgbconsulting.com\/es\/?s={search_term_string}\"},\"query-input\":{\"@type\":\"PropertyValueSpecification\",\"valueRequired\":true,\"valueName\":\"search_term_string\"}}],\"inLanguage\":\"es\"},{\"@type\":\"Organization\",\"@id\":\"https:\/\/wpguerssen-test.odoo.rgbconsulting.com\/es\/#organization\",\"name\":\"Guerssen records\",\"url\":\"https:\/\/wpguerssen-test.odoo.rgbconsulting.com\/es\/\",\"logo\":{\"@type\":\"ImageObject\",\"inLanguage\":\"es\",\"@id\":\"https:\/\/wpguerssen-test.odoo.rgbconsulting.com\/es\/#\/schema\/logo\/image\/\",\"url\":\"https:\/\/wpguerssen-test.odoo.rgbconsulting.com\/wp-content\/uploads\/2022\/04\/Logo_Guerssen_trans_100.png\",\"contentUrl\":\"https:\/\/wpguerssen-test.odoo.rgbconsulting.com\/wp-content\/uploads\/2022\/04\/Logo_Guerssen_trans_100.png\",\"width\":122,\"height\":100,\"caption\":\"Guerssen records\"},\"image\":{\"@id\":\"https:\/\/wpguerssen-test.odoo.rgbconsulting.com\/es\/#\/schema\/logo\/image\/\"}}]}<\/script>\n<!-- \/ Yoast SEO plugin. -->","yoast_head_json":{"title":"ELLIS, Roy - And Friends -  (LP) | Guerssen","description":"NOT EXPORTABLE TO JAPAN. Since Roy Ellis came back to the Ska and Reggae music in 2003, he has been traveling all around the globe and met many different bands with which he has been playing with. Some of these bands recorded some tracks with him that now are compiled is this album.TRACKLISTRoy Ellis & Transilvanians - Mr. Rudy Roy Ellis & Smoke & Mirrors Sound System - More That Unites Roy Ellis & Kalles Kaviar - Must Catch A Train Roy Ellis & 65 Mines Street - Orchestration Reggae Roy Ellis & Shots In The Dark - I'm Outnumbered Roy Ellis & Magic Touch - Fly Away Roy Ellis & Cosmic Shuffling - Shine Your Light On Me Roy Ellis & Neil Anderson - A Love Song Gone Wrong Roy Ellis & The Teenagers - Let Me Take You Higher Roy Ellis & Selector Boldrick - A Date Tonight Roy Ellis & Thee Hurricanes - Can You Feel It Roy Ellis & King Teddy - King Of Keys Roy Ellis & Torvic Drum - Oh What A Morning Roy Ellis & Mattias Hillebrand - Reborn In Your Eyes.","robots":{"index":"index","follow":"follow","max-snippet":"max-snippet:-1","max-image-preview":"max-image-preview:large","max-video-preview":"max-video-preview:-1"},"canonical":"https:\/\/wpguerssen-test.odoo.rgbconsulting.com\/es\/producto\/and-friends\/","og_locale":"es_ES","og_type":"article","og_title":"ELLIS, Roy - And Friends -  (LP) | Guerssen","og_description":"NOT EXPORTABLE TO JAPAN. Since Roy Ellis came back to the Ska and Reggae music in 2003, he has been traveling all around the globe and met many different bands with which he has been playing with. Some of these bands recorded some tracks with him that now are compiled is this album.TRACKLISTRoy Ellis & Transilvanians - Mr. Rudy Roy Ellis & Smoke & Mirrors Sound System - More That Unites Roy Ellis & Kalles Kaviar - Must Catch A Train Roy Ellis & 65 Mines Street - Orchestration Reggae Roy Ellis & Shots In The Dark - I'm Outnumbered Roy Ellis & Magic Touch - Fly Away Roy Ellis & Cosmic Shuffling - Shine Your Light On Me Roy Ellis & Neil Anderson - A Love Song Gone Wrong Roy Ellis & The Teenagers - Let Me Take You Higher Roy Ellis & Selector Boldrick - A Date Tonight Roy Ellis & Thee Hurricanes - Can You Feel It Roy Ellis & King Teddy - King Of Keys Roy Ellis & Torvic Drum - Oh What A Morning Roy Ellis & Mattias Hillebrand - Reborn In Your Eyes.","og_url":"https:\/\/wpguerssen-test.odoo.rgbconsulting.com\/es\/producto\/and-friends\/","og_site_name":"Guerssen records","article_modified_time":"2024-11-26T16:20:21+00:00","og_image":[{"width":850,"height":850,"url":"https:\/\/wpguerssen-test.odoo.rgbconsulting.com\/wp-content\/uploads\/2024\/06\/48204.jpg","type":"image\/jpeg"}],"twitter_card":"summary_large_image","twitter_title":"ELLIS, Roy - And Friends -  (LP) | Guerssen","twitter_misc":{"Tiempo de lectura":"1 minuto"},"schema":{"@context":"https:\/\/schema.org","@graph":[{"@type":"WebPage","@id":"https:\/\/wpguerssen-test.odoo.rgbconsulting.com\/es\/producto\/and-friends\/","url":"https:\/\/wpguerssen-test.odoo.rgbconsulting.com\/es\/producto\/and-friends\/","name":"ELLIS, Roy - And Friends - (LP) | Guerssen","isPartOf":{"@id":"https:\/\/wpguerssen-test.odoo.rgbconsulting.com\/es\/#website"},"primaryImageOfPage":{"@id":"https:\/\/wpguerssen-test.odoo.rgbconsulting.com\/es\/producto\/and-friends\/#primaryimage"},"image":{"@id":"https:\/\/wpguerssen-test.odoo.rgbconsulting.com\/es\/producto\/and-friends\/#primaryimage"},"thumbnailUrl":"https:\/\/wpguerssen-test.odoo.rgbconsulting.com\/wp-content\/uploads\/2024\/06\/48204.jpg","datePublished":"2024-07-02T22:00:00+00:00","dateModified":"2024-11-26T16:20:21+00:00","description":"NOT EXPORTABLE TO JAPAN. Since Roy Ellis came back to the Ska and Reggae music in 2003, he has been traveling all around the globe and met many different bands with which he has been playing with. Some of these bands recorded some tracks with him that now are compiled is this album.TRACKLISTRoy Ellis & Transilvanians - Mr. Rudy Roy Ellis & Smoke & Mirrors Sound System - More That Unites Roy Ellis & Kalles Kaviar - Must Catch A Train Roy Ellis & 65 Mines Street - Orchestration Reggae Roy Ellis & Shots In The Dark - I'm Outnumbered Roy Ellis & Magic Touch - Fly Away Roy Ellis & Cosmic Shuffling - Shine Your Light On Me Roy Ellis & Neil Anderson - A Love Song Gone Wrong Roy Ellis & The Teenagers - Let Me Take You Higher Roy Ellis & Selector Boldrick - A Date Tonight Roy Ellis & Thee Hurricanes - Can You Feel It Roy Ellis & King Teddy - King Of Keys Roy Ellis & Torvic Drum - Oh What A Morning Roy Ellis & Mattias Hillebrand - Reborn In Your Eyes.","breadcrumb":{"@id":"https:\/\/wpguerssen-test.odoo.rgbconsulting.com\/es\/producto\/and-friends\/#breadcrumb"},"inLanguage":"es","potentialAction":[{"@type":"ReadAction","target":["https:\/\/wpguerssen-test.odoo.rgbconsulting.com\/es\/producto\/and-friends\/"]}]},{"@type":"ImageObject","inLanguage":"es","@id":"https:\/\/wpguerssen-test.odoo.rgbconsulting.com\/es\/producto\/and-friends\/#primaryimage","url":"https:\/\/wpguerssen-test.odoo.rgbconsulting.com\/wp-content\/uploads\/2024\/06\/48204.jpg","contentUrl":"https:\/\/wpguerssen-test.odoo.rgbconsulting.com\/wp-content\/uploads\/2024\/06\/48204.jpg","width":850,"height":850,"caption":"Roy - And Friends - LIQUIDATOR (LP) | Guerssen"},{"@type":"BreadcrumbList","@id":"https:\/\/wpguerssen-test.odoo.rgbconsulting.com\/es\/producto\/and-friends\/#breadcrumb","itemListElement":[{"@type":"ListItem","position":1,"name":"Inicio","item":"https:\/\/wpguerssen-test.odoo.rgbconsulting.com\/es\/"},{"@type":"ListItem","position":2,"name":"Shop","item":"https:\/\/wpguerssen-test.odoo.rgbconsulting.com\/shop\/"},{"@type":"ListItem","position":3,"name":"And Friends"}]},{"@type":"WebSite","@id":"https:\/\/wpguerssen-test.odoo.rgbconsulting.com\/es\/#website","url":"https:\/\/wpguerssen-test.odoo.rgbconsulting.com\/es\/","name":"Guerssen records","description":"psychedelia - progressive - folk - garage ","publisher":{"@id":"https:\/\/wpguerssen-test.odoo.rgbconsulting.com\/es\/#organization"},"potentialAction":[{"@type":"SearchAction","target":{"@type":"EntryPoint","urlTemplate":"https:\/\/wpguerssen-test.odoo.rgbconsulting.com\/es\/?s={search_term_string}"},"query-input":{"@type":"PropertyValueSpecification","valueRequired":true,"valueName":"search_term_string"}}],"inLanguage":"es"},{"@type":"Organization","@id":"https:\/\/wpguerssen-test.odoo.rgbconsulting.com\/es\/#organization","name":"Guerssen records","url":"https:\/\/wpguerssen-test.odoo.rgbconsulting.com\/es\/","logo":{"@type":"ImageObject","inLanguage":"es","@id":"https:\/\/wpguerssen-test.odoo.rgbconsulting.com\/es\/#\/schema\/logo\/image\/","url":"https:\/\/wpguerssen-test.odoo.rgbconsulting.com\/wp-content\/uploads\/2022\/04\/Logo_Guerssen_trans_100.png","contentUrl":"https:\/\/wpguerssen-test.odoo.rgbconsulting.com\/wp-content\/uploads\/2022\/04\/Logo_Guerssen_trans_100.png","width":122,"height":100,"caption":"Guerssen records"},"image":{"@id":"https:\/\/wpguerssen-test.odoo.rgbconsulting.com\/es\/#\/schema\/logo\/image\/"}}]}},"_links":{"self":[{"href":"https:\/\/wpguerssen-test.odoo.rgbconsulting.com\/es\/wp-json\/wp\/v2\/product\/271362","targetHints":{"allow":["GET"]}}],"collection":[{"href":"https:\/\/wpguerssen-test.odoo.rgbconsulting.com\/es\/wp-json\/wp\/v2\/product"}],"about":[{"href":"https:\/\/wpguerssen-test.odoo.rgbconsulting.com\/es\/wp-json\/wp\/v2\/types\/product"}],"wp:featuredmedia":[{"embeddable":true,"href":"https:\/\/wpguerssen-test.odoo.rgbconsulting.com\/es\/wp-json\/wp\/v2\/media\/271315"}],"wp:attachment":[{"href":"https:\/\/wpguerssen-test.odoo.rgbconsulting.com\/es\/wp-json\/wp\/v2\/media?parent=271362"}],"wp:term":[{"taxonomy":"product_brand","embeddable":true,"href":"https:\/\/wpguerssen-test.odoo.rgbconsulting.com\/es\/wp-json\/wp\/v2\/product_brand?post=271362"},{"taxonomy":"product_cat","embeddable":true,"href":"https:\/\/wpguerssen-test.odoo.rgbconsulting.com\/es\/wp-json\/wp\/v2\/product_cat?post=271362"},{"taxonomy":"product_tag","embeddable":true,"href":"https:\/\/wpguerssen-test.odoo.rgbconsulting.com\/es\/wp-json\/wp\/v2\/product_tag?post=271362"}],"curies":[{"name":"wp","href":"https:\/\/api.w.org\/{rel}","templated":true}]}}