{"id":271363,"date":"2025-02-11T00:00:00","date_gmt":"2025-02-10T23:00:00","guid":{"rendered":"https:\/\/wpguerssen-test.odoo.rgbconsulting.com\/product\/suspiria-blue-iris-vinyl\/"},"modified":"2025-04-22T15:55:40","modified_gmt":"2025-04-22T13:55:40","slug":"suspiria-blue-iris-vinyl","status":"publish","type":"product","link":"https:\/\/wpguerssen-test.odoo.rgbconsulting.com\/es\/producto\/suspiria-blue-iris-vinyl\/","title":{"rendered":"Suspiria (Blue Iris vinyl)"},"content":{"rendered":"<p>\u00a1EDICI\u00d3N ESPECIAL DE LA OBRA MAESTRA DE GOBLIN, AQU\u00cd PUBLICADA EN VINILO DE COLOR AZUL IRIS CON INSERTO DE 30&#215;30 cm Y NUEVAS NOTAS!<br \/>Despu\u00e9s del incre\u00edble debut de \u00abProfondo Rosso\u00bb, la banda sonora de la pel\u00edcula hom\u00f3nima de 1975 dirigida por Dario Argento, nadie podr\u00eda imaginar que poco despu\u00e9s Goblin ser\u00eda capaz no s\u00f3lo de alcanzar sus alturas sino tambi\u00e9n de refinar a\u00fan m\u00e1s lo que la banda ya entreg\u00f3 en su primer disco.<br \/>Mientras que \u00abProfondo Rosso\u00bb hab\u00eda sido compuesto en parte por Giorgio Gaslini, \u00abSuspiria \u00bb es un \u00e1lbum 100% Goblin, el resultado de un trabajo coral en el que cada m\u00fasico se inspir\u00f3 al m\u00e1s alto nivel.<br \/>Aqu\u00ed la banda pudo experimentar m\u00e1s con combinaciones atrevidas e impredecibles de instrumentos musicales como el bouzouki y la celesta, la percusi\u00f3n tribal, todo tipo de efectos sonoros en la voz y en los instrumentos musicales, todo ello perfectamente combinado con el t\u00edpico sello Goblin progresivo y jazz-rock de mediados de los 70.<br \/>Junto a \u00abProfondo Rosso\u00bb y \u00abRoller\u00bb (un no (\u00e1lbum instrumental con banda sonora lanzado en 1976), \u00abSuspiria\u00bb fue el tercer \u00e9xito de Goblin en s\u00f3lo tres a\u00f1os, un LP que todav\u00eda hoy suena incre\u00edblemente innovador y&#8230; \u00a1aterrador! \u00a1Otra obra maestra, imprescindible para cualquier amante de la m\u00fasica, nada menos!<br \/>Edici\u00f3n especial en vinilo azul iris, que incluye un inserto con notas escritas por Fabio Capuzzo.<\/p>\n","protected":false},"excerpt":{"rendered":"<p>\u00a1EDICI\u00d3N ESPECIAL DE LA OBRA MAESTRA DE GOBLIN, AQU\u00cd PUBLICADA EN VINILO DE COLOR AZUL IRIS CON INSERTO DE 30&#215;30 cm Y NUEVAS NOTAS!<br \/>Despu\u00e9s del incre\u00edble<a class=\"read\" href=\"https:\/\/wpguerssen-test.odoo.rgbconsulting.com\/es\/producto\/suspiria-blue-iris-vinyl\/\"> (...)<\/a>","protected":false},"featured_media":271318,"template":"","meta":{"_acf_changed":false},"product_brand":[],"product_cat":[21641],"product_tag":[29140],"class_list":{"0":"post-271363","1":"product","2":"type-product","3":"status-publish","4":"has-post-thumbnail","6":"product_cat-soundtracks-es","7":"product_tag-color-vinyl-es","8":"pa_artist-goblin-es","9":"pa_format-lp-es","10":"pa_gender-soundtracks","11":"pa_label-ams","12":"pa_location-europe-es","13":"pa_other-filters-vinyl-only-es","15":"first","16":"instock","17":"taxable","18":"shipping-taxable","19":"purchasable","20":"product-type-simple"},"acf":[],"yoast_head":"<!-- This site is optimized with the Yoast SEO plugin v24.9 - https:\/\/yoast.com\/wordpress\/plugins\/seo\/ -->\n<title>GOBLIN - Suspiria (Blue Iris vinyl) -  (LP) | Guerssen<\/title>\n<meta name=\"description\" content=\"SPECIAL EDITION OF GOBLIN&#039;S MASTERPIECE, HERE RELEASED ON BLUE IRIS COLOURED VINYL WITH 30x30cm INSERT AND NEW LINER NOTES!After the incredible debut of &quot;Profondo Rosso&quot; (Deep Red), the soundtrack of the eponymous 1975 film directed by Dario Argento, no one could ever imagine that shortly afterwards Goblin would be able not only to reach its heights but even further refine what the band already delivered in their first record.While &quot;Profondo Rosso&quot; had been partly composed by Giorgio Gaslini, &quot;Suspiria&quot; is a 100% Goblin album, the result of a choral work in which every single musician was inspired at the highest levels.The band were here able to experiment more with daring and unpredictable combinations of musical instruments such as bouzouki and celesta, tribal percussion, all kinds of sound effects on the voice and on musical instruments, all perfectly combined with the typical mid-70s progressive and jazz-rock Goblin trademark.Together with &quot;Profondo Rosso&quot; and &quot;Roller&quot; (a non-soundtrack instrumental album released in 1976), &quot;Suspiria&quot; was Goblin&#039;s third hit in just three years, an LP that still today sounds incredibly innovative and ... scary! Another masterpiece, a must have for any music lover, nothing less!Special edition on blue iris vinyl, including insert with liner notes written by Fabio Capuzzo.\" \/>\n<meta name=\"robots\" content=\"index, follow, max-snippet:-1, max-image-preview:large, max-video-preview:-1\" \/>\n<link rel=\"canonical\" href=\"https:\/\/wpguerssen-test.odoo.rgbconsulting.com\/es\/producto\/suspiria-blue-iris-vinyl\/\" \/>\n<meta property=\"og:locale\" content=\"es_ES\" \/>\n<meta property=\"og:type\" content=\"article\" \/>\n<meta property=\"og:title\" content=\"GOBLIN - Suspiria (Blue Iris vinyl) -  (LP) | Guerssen\" \/>\n<meta property=\"og:description\" content=\"SPECIAL EDITION OF GOBLIN&#039;S MASTERPIECE, HERE RELEASED ON BLUE IRIS COLOURED VINYL WITH 30x30cm INSERT AND NEW LINER NOTES!After the incredible debut of &quot;Profondo Rosso&quot; (Deep Red), the soundtrack of the eponymous 1975 film directed by Dario Argento, no one could ever imagine that shortly afterwards Goblin would be able not only to reach its heights but even further refine what the band already delivered in their first record.While &quot;Profondo Rosso&quot; had been partly composed by Giorgio Gaslini, &quot;Suspiria&quot; is a 100% Goblin album, the result of a choral work in which every single musician was inspired at the highest levels.The band were here able to experiment more with daring and unpredictable combinations of musical instruments such as bouzouki and celesta, tribal percussion, all kinds of sound effects on the voice and on musical instruments, all perfectly combined with the typical mid-70s progressive and jazz-rock Goblin trademark.Together with &quot;Profondo Rosso&quot; and &quot;Roller&quot; (a non-soundtrack instrumental album released in 1976), &quot;Suspiria&quot; was Goblin&#039;s third hit in just three years, an LP that still today sounds incredibly innovative and ... scary! Another masterpiece, a must have for any music lover, nothing less!Special edition on blue iris vinyl, including insert with liner notes written by Fabio Capuzzo.\" \/>\n<meta property=\"og:url\" content=\"https:\/\/wpguerssen-test.odoo.rgbconsulting.com\/es\/producto\/suspiria-blue-iris-vinyl\/\" \/>\n<meta property=\"og:site_name\" content=\"Guerssen records\" \/>\n<meta property=\"article:modified_time\" content=\"2025-04-22T13:55:40+00:00\" \/>\n<meta property=\"og:image\" content=\"https:\/\/wpguerssen-test.odoo.rgbconsulting.com\/wp-content\/uploads\/2024\/06\/48205.jpg\" \/>\n\t<meta property=\"og:image:width\" content=\"300\" \/>\n\t<meta property=\"og:image:height\" content=\"300\" \/>\n\t<meta property=\"og:image:type\" content=\"image\/jpeg\" \/>\n<meta name=\"twitter:card\" content=\"summary_large_image\" \/>\n<meta name=\"twitter:title\" content=\"GOBLIN - Suspiria (Blue Iris vinyl) -  (LP) | Guerssen\" \/>\n<meta name=\"twitter:label1\" content=\"Tiempo de lectura\" \/>\n\t<meta name=\"twitter:data1\" content=\"1 minuto\" \/>\n<script type=\"application\/ld+json\" class=\"yoast-schema-graph\">{\"@context\":\"https:\/\/schema.org\",\"@graph\":[{\"@type\":\"WebPage\",\"@id\":\"https:\/\/wpguerssen-test.odoo.rgbconsulting.com\/es\/producto\/suspiria-blue-iris-vinyl\/\",\"url\":\"https:\/\/wpguerssen-test.odoo.rgbconsulting.com\/es\/producto\/suspiria-blue-iris-vinyl\/\",\"name\":\"GOBLIN - Suspiria (Blue Iris vinyl) - (LP) | Guerssen\",\"isPartOf\":{\"@id\":\"https:\/\/wpguerssen-test.odoo.rgbconsulting.com\/es\/#website\"},\"primaryImageOfPage\":{\"@id\":\"https:\/\/wpguerssen-test.odoo.rgbconsulting.com\/es\/producto\/suspiria-blue-iris-vinyl\/#primaryimage\"},\"image\":{\"@id\":\"https:\/\/wpguerssen-test.odoo.rgbconsulting.com\/es\/producto\/suspiria-blue-iris-vinyl\/#primaryimage\"},\"thumbnailUrl\":\"https:\/\/wpguerssen-test.odoo.rgbconsulting.com\/wp-content\/uploads\/2024\/06\/48205.jpg\",\"datePublished\":\"2025-02-10T23:00:00+00:00\",\"dateModified\":\"2025-04-22T13:55:40+00:00\",\"description\":\"SPECIAL EDITION OF GOBLIN'S MASTERPIECE, HERE RELEASED ON BLUE IRIS COLOURED VINYL WITH 30x30cm INSERT AND NEW LINER NOTES!After the incredible debut of \\\"Profondo Rosso\\\" (Deep Red), the soundtrack of the eponymous 1975 film directed by Dario Argento, no one could ever imagine that shortly afterwards Goblin would be able not only to reach its heights but even further refine what the band already delivered in their first record.While \\\"Profondo Rosso\\\" had been partly composed by Giorgio Gaslini, \\\"Suspiria\\\" is a 100% Goblin album, the result of a choral work in which every single musician was inspired at the highest levels.The band were here able to experiment more with daring and unpredictable combinations of musical instruments such as bouzouki and celesta, tribal percussion, all kinds of sound effects on the voice and on musical instruments, all perfectly combined with the typical mid-70s progressive and jazz-rock Goblin trademark.Together with \\\"Profondo Rosso\\\" and \\\"Roller\\\" (a non-soundtrack instrumental album released in 1976), \\\"Suspiria\\\" was Goblin's third hit in just three years, an LP that still today sounds incredibly innovative and ... scary! Another masterpiece, a must have for any music lover, nothing less!Special edition on blue iris vinyl, including insert with liner notes written by Fabio Capuzzo.\",\"breadcrumb\":{\"@id\":\"https:\/\/wpguerssen-test.odoo.rgbconsulting.com\/es\/producto\/suspiria-blue-iris-vinyl\/#breadcrumb\"},\"inLanguage\":\"es\",\"potentialAction\":[{\"@type\":\"ReadAction\",\"target\":[\"https:\/\/wpguerssen-test.odoo.rgbconsulting.com\/es\/producto\/suspiria-blue-iris-vinyl\/\"]}]},{\"@type\":\"ImageObject\",\"inLanguage\":\"es\",\"@id\":\"https:\/\/wpguerssen-test.odoo.rgbconsulting.com\/es\/producto\/suspiria-blue-iris-vinyl\/#primaryimage\",\"url\":\"https:\/\/wpguerssen-test.odoo.rgbconsulting.com\/wp-content\/uploads\/2024\/06\/48205.jpg\",\"contentUrl\":\"https:\/\/wpguerssen-test.odoo.rgbconsulting.com\/wp-content\/uploads\/2024\/06\/48205.jpg\",\"width\":300,\"height\":300},{\"@type\":\"BreadcrumbList\",\"@id\":\"https:\/\/wpguerssen-test.odoo.rgbconsulting.com\/es\/producto\/suspiria-blue-iris-vinyl\/#breadcrumb\",\"itemListElement\":[{\"@type\":\"ListItem\",\"position\":1,\"name\":\"Inicio\",\"item\":\"https:\/\/wpguerssen-test.odoo.rgbconsulting.com\/es\/\"},{\"@type\":\"ListItem\",\"position\":2,\"name\":\"Shop\",\"item\":\"https:\/\/wpguerssen-test.odoo.rgbconsulting.com\/shop\/\"},{\"@type\":\"ListItem\",\"position\":3,\"name\":\"Suspiria (Blue Iris vinyl)\"}]},{\"@type\":\"WebSite\",\"@id\":\"https:\/\/wpguerssen-test.odoo.rgbconsulting.com\/es\/#website\",\"url\":\"https:\/\/wpguerssen-test.odoo.rgbconsulting.com\/es\/\",\"name\":\"Guerssen records\",\"description\":\"psychedelia - progressive - folk - garage \",\"publisher\":{\"@id\":\"https:\/\/wpguerssen-test.odoo.rgbconsulting.com\/es\/#organization\"},\"potentialAction\":[{\"@type\":\"SearchAction\",\"target\":{\"@type\":\"EntryPoint\",\"urlTemplate\":\"https:\/\/wpguerssen-test.odoo.rgbconsulting.com\/es\/?s={search_term_string}\"},\"query-input\":{\"@type\":\"PropertyValueSpecification\",\"valueRequired\":true,\"valueName\":\"search_term_string\"}}],\"inLanguage\":\"es\"},{\"@type\":\"Organization\",\"@id\":\"https:\/\/wpguerssen-test.odoo.rgbconsulting.com\/es\/#organization\",\"name\":\"Guerssen records\",\"url\":\"https:\/\/wpguerssen-test.odoo.rgbconsulting.com\/es\/\",\"logo\":{\"@type\":\"ImageObject\",\"inLanguage\":\"es\",\"@id\":\"https:\/\/wpguerssen-test.odoo.rgbconsulting.com\/es\/#\/schema\/logo\/image\/\",\"url\":\"https:\/\/wpguerssen-test.odoo.rgbconsulting.com\/wp-content\/uploads\/2022\/04\/Logo_Guerssen_trans_100.png\",\"contentUrl\":\"https:\/\/wpguerssen-test.odoo.rgbconsulting.com\/wp-content\/uploads\/2022\/04\/Logo_Guerssen_trans_100.png\",\"width\":122,\"height\":100,\"caption\":\"Guerssen records\"},\"image\":{\"@id\":\"https:\/\/wpguerssen-test.odoo.rgbconsulting.com\/es\/#\/schema\/logo\/image\/\"}}]}<\/script>\n<!-- \/ Yoast SEO plugin. -->","yoast_head_json":{"title":"GOBLIN - Suspiria (Blue Iris vinyl) -  (LP) | Guerssen","description":"SPECIAL EDITION OF GOBLIN'S MASTERPIECE, HERE RELEASED ON BLUE IRIS COLOURED VINYL WITH 30x30cm INSERT AND NEW LINER NOTES!After the incredible debut of \"Profondo Rosso\" (Deep Red), the soundtrack of the eponymous 1975 film directed by Dario Argento, no one could ever imagine that shortly afterwards Goblin would be able not only to reach its heights but even further refine what the band already delivered in their first record.While \"Profondo Rosso\" had been partly composed by Giorgio Gaslini, \"Suspiria\" is a 100% Goblin album, the result of a choral work in which every single musician was inspired at the highest levels.The band were here able to experiment more with daring and unpredictable combinations of musical instruments such as bouzouki and celesta, tribal percussion, all kinds of sound effects on the voice and on musical instruments, all perfectly combined with the typical mid-70s progressive and jazz-rock Goblin trademark.Together with \"Profondo Rosso\" and \"Roller\" (a non-soundtrack instrumental album released in 1976), \"Suspiria\" was Goblin's third hit in just three years, an LP that still today sounds incredibly innovative and ... scary! Another masterpiece, a must have for any music lover, nothing less!Special edition on blue iris vinyl, including insert with liner notes written by Fabio Capuzzo.","robots":{"index":"index","follow":"follow","max-snippet":"max-snippet:-1","max-image-preview":"max-image-preview:large","max-video-preview":"max-video-preview:-1"},"canonical":"https:\/\/wpguerssen-test.odoo.rgbconsulting.com\/es\/producto\/suspiria-blue-iris-vinyl\/","og_locale":"es_ES","og_type":"article","og_title":"GOBLIN - Suspiria (Blue Iris vinyl) -  (LP) | Guerssen","og_description":"SPECIAL EDITION OF GOBLIN'S MASTERPIECE, HERE RELEASED ON BLUE IRIS COLOURED VINYL WITH 30x30cm INSERT AND NEW LINER NOTES!After the incredible debut of \"Profondo Rosso\" (Deep Red), the soundtrack of the eponymous 1975 film directed by Dario Argento, no one could ever imagine that shortly afterwards Goblin would be able not only to reach its heights but even further refine what the band already delivered in their first record.While \"Profondo Rosso\" had been partly composed by Giorgio Gaslini, \"Suspiria\" is a 100% Goblin album, the result of a choral work in which every single musician was inspired at the highest levels.The band were here able to experiment more with daring and unpredictable combinations of musical instruments such as bouzouki and celesta, tribal percussion, all kinds of sound effects on the voice and on musical instruments, all perfectly combined with the typical mid-70s progressive and jazz-rock Goblin trademark.Together with \"Profondo Rosso\" and \"Roller\" (a non-soundtrack instrumental album released in 1976), \"Suspiria\" was Goblin's third hit in just three years, an LP that still today sounds incredibly innovative and ... scary! Another masterpiece, a must have for any music lover, nothing less!Special edition on blue iris vinyl, including insert with liner notes written by Fabio Capuzzo.","og_url":"https:\/\/wpguerssen-test.odoo.rgbconsulting.com\/es\/producto\/suspiria-blue-iris-vinyl\/","og_site_name":"Guerssen records","article_modified_time":"2025-04-22T13:55:40+00:00","og_image":[{"width":300,"height":300,"url":"https:\/\/wpguerssen-test.odoo.rgbconsulting.com\/wp-content\/uploads\/2024\/06\/48205.jpg","type":"image\/jpeg"}],"twitter_card":"summary_large_image","twitter_title":"GOBLIN - Suspiria (Blue Iris vinyl) -  (LP) | Guerssen","twitter_misc":{"Tiempo de lectura":"1 minuto"},"schema":{"@context":"https:\/\/schema.org","@graph":[{"@type":"WebPage","@id":"https:\/\/wpguerssen-test.odoo.rgbconsulting.com\/es\/producto\/suspiria-blue-iris-vinyl\/","url":"https:\/\/wpguerssen-test.odoo.rgbconsulting.com\/es\/producto\/suspiria-blue-iris-vinyl\/","name":"GOBLIN - Suspiria (Blue Iris vinyl) - (LP) | Guerssen","isPartOf":{"@id":"https:\/\/wpguerssen-test.odoo.rgbconsulting.com\/es\/#website"},"primaryImageOfPage":{"@id":"https:\/\/wpguerssen-test.odoo.rgbconsulting.com\/es\/producto\/suspiria-blue-iris-vinyl\/#primaryimage"},"image":{"@id":"https:\/\/wpguerssen-test.odoo.rgbconsulting.com\/es\/producto\/suspiria-blue-iris-vinyl\/#primaryimage"},"thumbnailUrl":"https:\/\/wpguerssen-test.odoo.rgbconsulting.com\/wp-content\/uploads\/2024\/06\/48205.jpg","datePublished":"2025-02-10T23:00:00+00:00","dateModified":"2025-04-22T13:55:40+00:00","description":"SPECIAL EDITION OF GOBLIN'S MASTERPIECE, HERE RELEASED ON BLUE IRIS COLOURED VINYL WITH 30x30cm INSERT AND NEW LINER NOTES!After the incredible debut of \"Profondo Rosso\" (Deep Red), the soundtrack of the eponymous 1975 film directed by Dario Argento, no one could ever imagine that shortly afterwards Goblin would be able not only to reach its heights but even further refine what the band already delivered in their first record.While \"Profondo Rosso\" had been partly composed by Giorgio Gaslini, \"Suspiria\" is a 100% Goblin album, the result of a choral work in which every single musician was inspired at the highest levels.The band were here able to experiment more with daring and unpredictable combinations of musical instruments such as bouzouki and celesta, tribal percussion, all kinds of sound effects on the voice and on musical instruments, all perfectly combined with the typical mid-70s progressive and jazz-rock Goblin trademark.Together with \"Profondo Rosso\" and \"Roller\" (a non-soundtrack instrumental album released in 1976), \"Suspiria\" was Goblin's third hit in just three years, an LP that still today sounds incredibly innovative and ... scary! Another masterpiece, a must have for any music lover, nothing less!Special edition on blue iris vinyl, including insert with liner notes written by Fabio Capuzzo.","breadcrumb":{"@id":"https:\/\/wpguerssen-test.odoo.rgbconsulting.com\/es\/producto\/suspiria-blue-iris-vinyl\/#breadcrumb"},"inLanguage":"es","potentialAction":[{"@type":"ReadAction","target":["https:\/\/wpguerssen-test.odoo.rgbconsulting.com\/es\/producto\/suspiria-blue-iris-vinyl\/"]}]},{"@type":"ImageObject","inLanguage":"es","@id":"https:\/\/wpguerssen-test.odoo.rgbconsulting.com\/es\/producto\/suspiria-blue-iris-vinyl\/#primaryimage","url":"https:\/\/wpguerssen-test.odoo.rgbconsulting.com\/wp-content\/uploads\/2024\/06\/48205.jpg","contentUrl":"https:\/\/wpguerssen-test.odoo.rgbconsulting.com\/wp-content\/uploads\/2024\/06\/48205.jpg","width":300,"height":300},{"@type":"BreadcrumbList","@id":"https:\/\/wpguerssen-test.odoo.rgbconsulting.com\/es\/producto\/suspiria-blue-iris-vinyl\/#breadcrumb","itemListElement":[{"@type":"ListItem","position":1,"name":"Inicio","item":"https:\/\/wpguerssen-test.odoo.rgbconsulting.com\/es\/"},{"@type":"ListItem","position":2,"name":"Shop","item":"https:\/\/wpguerssen-test.odoo.rgbconsulting.com\/shop\/"},{"@type":"ListItem","position":3,"name":"Suspiria (Blue Iris vinyl)"}]},{"@type":"WebSite","@id":"https:\/\/wpguerssen-test.odoo.rgbconsulting.com\/es\/#website","url":"https:\/\/wpguerssen-test.odoo.rgbconsulting.com\/es\/","name":"Guerssen records","description":"psychedelia - progressive - folk - garage ","publisher":{"@id":"https:\/\/wpguerssen-test.odoo.rgbconsulting.com\/es\/#organization"},"potentialAction":[{"@type":"SearchAction","target":{"@type":"EntryPoint","urlTemplate":"https:\/\/wpguerssen-test.odoo.rgbconsulting.com\/es\/?s={search_term_string}"},"query-input":{"@type":"PropertyValueSpecification","valueRequired":true,"valueName":"search_term_string"}}],"inLanguage":"es"},{"@type":"Organization","@id":"https:\/\/wpguerssen-test.odoo.rgbconsulting.com\/es\/#organization","name":"Guerssen records","url":"https:\/\/wpguerssen-test.odoo.rgbconsulting.com\/es\/","logo":{"@type":"ImageObject","inLanguage":"es","@id":"https:\/\/wpguerssen-test.odoo.rgbconsulting.com\/es\/#\/schema\/logo\/image\/","url":"https:\/\/wpguerssen-test.odoo.rgbconsulting.com\/wp-content\/uploads\/2022\/04\/Logo_Guerssen_trans_100.png","contentUrl":"https:\/\/wpguerssen-test.odoo.rgbconsulting.com\/wp-content\/uploads\/2022\/04\/Logo_Guerssen_trans_100.png","width":122,"height":100,"caption":"Guerssen records"},"image":{"@id":"https:\/\/wpguerssen-test.odoo.rgbconsulting.com\/es\/#\/schema\/logo\/image\/"}}]}},"_links":{"self":[{"href":"https:\/\/wpguerssen-test.odoo.rgbconsulting.com\/es\/wp-json\/wp\/v2\/product\/271363","targetHints":{"allow":["GET"]}}],"collection":[{"href":"https:\/\/wpguerssen-test.odoo.rgbconsulting.com\/es\/wp-json\/wp\/v2\/product"}],"about":[{"href":"https:\/\/wpguerssen-test.odoo.rgbconsulting.com\/es\/wp-json\/wp\/v2\/types\/product"}],"wp:featuredmedia":[{"embeddable":true,"href":"https:\/\/wpguerssen-test.odoo.rgbconsulting.com\/es\/wp-json\/wp\/v2\/media\/271318"}],"wp:attachment":[{"href":"https:\/\/wpguerssen-test.odoo.rgbconsulting.com\/es\/wp-json\/wp\/v2\/media?parent=271363"}],"wp:term":[{"taxonomy":"product_brand","embeddable":true,"href":"https:\/\/wpguerssen-test.odoo.rgbconsulting.com\/es\/wp-json\/wp\/v2\/product_brand?post=271363"},{"taxonomy":"product_cat","embeddable":true,"href":"https:\/\/wpguerssen-test.odoo.rgbconsulting.com\/es\/wp-json\/wp\/v2\/product_cat?post=271363"},{"taxonomy":"product_tag","embeddable":true,"href":"https:\/\/wpguerssen-test.odoo.rgbconsulting.com\/es\/wp-json\/wp\/v2\/product_tag?post=271363"}],"curies":[{"name":"wp","href":"https:\/\/api.w.org\/{rel}","templated":true}]}}