{"id":271364,"date":"2024-07-21T00:00:00","date_gmt":"2024-07-20T22:00:00","guid":{"rendered":"https:\/\/wpguerssen-test.odoo.rgbconsulting.com\/product\/aux-champs-elysees-paris-feb-3rd-98-fm\/"},"modified":"2025-04-10T16:42:19","modified_gmt":"2025-04-10T14:42:19","slug":"aux-champs-elysees-paris-feb-3rd-98-fm","status":"publish","type":"product","link":"https:\/\/wpguerssen-test.odoo.rgbconsulting.com\/es\/producto\/aux-champs-elysees-paris-feb-3rd-98-fm\/","title":{"rendered":"Aux Champs Elysees: Paris Feb. 3rd 98 FM"},"content":{"rendered":"<p>En el coraz\u00f3n de Par\u00eds, Green Day electriz\u00f3 el El\u00edseo-Montmartre el 3 de febrero de 1998, y su energ\u00eda contagiosa palpit\u00f3 a trav\u00e9s de las ondas. Con melod\u00edas de himnos y esp\u00edritu punk, encendieron un frenes\u00ed entre los fan\u00e1ticos, dejando una huella inolvidable en la Ciudad de la Luz.<br \/>TRACKLIST SIDE A Welcome to Paradise \/ Geek Stink BreatH \/ Nice Guys Finish Last \/ Hitchin&#8217; a Ride \/ The Grouch \/ 2000 Light Years AwaY \/ Brain Stew \/ Jaded \/ SIDE B Knowledge \/ Basket Case \/ She \/ F.O.D. (Fuck Off And Die) \/ Paper Lanterns \/ Good Riddance  \/ Time of Your Life<\/p>\n","protected":false},"excerpt":{"rendered":"<p>En el coraz\u00f3n de Par\u00eds, Green Day electriz\u00f3 el El\u00edseo-Montmartre el 3 de febrero de 1998, y su energ\u00eda contagiosa palpit\u00f3 a trav\u00e9s de las ondas. Con melod\u00edas<a class=\"read\" href=\"https:\/\/wpguerssen-test.odoo.rgbconsulting.com\/es\/producto\/aux-champs-elysees-paris-feb-3rd-98-fm\/\"> (...)<\/a>","protected":false},"featured_media":271322,"template":"","meta":{"_acf_changed":false},"product_brand":[],"product_cat":[21650,23234],"product_tag":[],"class_list":{"0":"post-271364","1":"product","2":"type-product","3":"status-publish","4":"has-post-thumbnail","6":"product_cat-punk-es","7":"product_cat-pop-rock-es","8":"pa_artist-green-day-es","9":"pa_format-lp-es","10":"pa_gender-pop-rock-punk","11":"pa_label-mind-control","12":"pa_location-north-america-es","13":"pa_other-filters-vinyl-only-es","15":"first","16":"instock","17":"taxable","18":"shipping-taxable","19":"purchasable","20":"product-type-simple"},"acf":[],"yoast_head":"<!-- This site is optimized with the Yoast SEO plugin v24.9 - https:\/\/yoast.com\/wordpress\/plugins\/seo\/ -->\n<title>GREEN DAY - Aux Champs Elysees: Paris Feb. 3rd 98 FM -  (LP) | Guerssen<\/title>\n<meta name=\"description\" content=\"In the heart of Paris, Green Day electrified the Elys\u00e9e-Montmartre on February 3rd, 1998, their infectious energy pulsating through the airwaves. With anthemic melodies and punk spirit, they ignited a frenzy among fans, leaving an unforgettable mark on the City of Light.TRACKLIST SIDE A Welcome to Paradise \/ Geek Stink BreatH \/ Nice Guys Finish Last \/ Hitchin&#039; a Ride \/ The Grouch \/ 2000 Light Years AwaY \/ Brain Stew \/ Jaded \/ SIDE B Knowledge \/ Basket Case \/ She \/ F.O.D. (Fuck Off And Die) \/ Paper Lanterns \/ Good Riddance \/ Time of Your Life\" \/>\n<meta name=\"robots\" content=\"index, follow, max-snippet:-1, max-image-preview:large, max-video-preview:-1\" \/>\n<link rel=\"canonical\" href=\"https:\/\/wpguerssen-test.odoo.rgbconsulting.com\/es\/producto\/aux-champs-elysees-paris-feb-3rd-98-fm\/\" \/>\n<meta property=\"og:locale\" content=\"es_ES\" \/>\n<meta property=\"og:type\" content=\"article\" \/>\n<meta property=\"og:title\" content=\"GREEN DAY - Aux Champs Elysees: Paris Feb. 3rd 98 FM -  (LP) | Guerssen\" \/>\n<meta property=\"og:description\" content=\"In the heart of Paris, Green Day electrified the Elys\u00e9e-Montmartre on February 3rd, 1998, their infectious energy pulsating through the airwaves. With anthemic melodies and punk spirit, they ignited a frenzy among fans, leaving an unforgettable mark on the City of Light.TRACKLIST SIDE A Welcome to Paradise \/ Geek Stink BreatH \/ Nice Guys Finish Last \/ Hitchin&#039; a Ride \/ The Grouch \/ 2000 Light Years AwaY \/ Brain Stew \/ Jaded \/ SIDE B Knowledge \/ Basket Case \/ She \/ F.O.D. (Fuck Off And Die) \/ Paper Lanterns \/ Good Riddance \/ Time of Your Life\" \/>\n<meta property=\"og:url\" content=\"https:\/\/wpguerssen-test.odoo.rgbconsulting.com\/es\/producto\/aux-champs-elysees-paris-feb-3rd-98-fm\/\" \/>\n<meta property=\"og:site_name\" content=\"Guerssen records\" \/>\n<meta property=\"article:modified_time\" content=\"2025-04-10T14:42:19+00:00\" \/>\n<meta property=\"og:image\" content=\"https:\/\/wpguerssen-test.odoo.rgbconsulting.com\/wp-content\/uploads\/2024\/06\/48206.jpg\" \/>\n\t<meta property=\"og:image:width\" content=\"595\" \/>\n\t<meta property=\"og:image:height\" content=\"592\" \/>\n\t<meta property=\"og:image:type\" content=\"image\/jpeg\" \/>\n<meta name=\"twitter:card\" content=\"summary_large_image\" \/>\n<meta name=\"twitter:title\" content=\"GREEN DAY - Aux Champs Elysees: Paris Feb. 3rd 98 FM -  (LP) | Guerssen\" \/>\n<meta name=\"twitter:label1\" content=\"Tiempo de lectura\" \/>\n\t<meta name=\"twitter:data1\" content=\"1 minuto\" \/>\n<script type=\"application\/ld+json\" class=\"yoast-schema-graph\">{\"@context\":\"https:\/\/schema.org\",\"@graph\":[{\"@type\":\"WebPage\",\"@id\":\"https:\/\/wpguerssen-test.odoo.rgbconsulting.com\/es\/producto\/aux-champs-elysees-paris-feb-3rd-98-fm\/\",\"url\":\"https:\/\/wpguerssen-test.odoo.rgbconsulting.com\/es\/producto\/aux-champs-elysees-paris-feb-3rd-98-fm\/\",\"name\":\"GREEN DAY - Aux Champs Elysees: Paris Feb. 3rd 98 FM - (LP) | Guerssen\",\"isPartOf\":{\"@id\":\"https:\/\/wpguerssen-test.odoo.rgbconsulting.com\/es\/#website\"},\"primaryImageOfPage\":{\"@id\":\"https:\/\/wpguerssen-test.odoo.rgbconsulting.com\/es\/producto\/aux-champs-elysees-paris-feb-3rd-98-fm\/#primaryimage\"},\"image\":{\"@id\":\"https:\/\/wpguerssen-test.odoo.rgbconsulting.com\/es\/producto\/aux-champs-elysees-paris-feb-3rd-98-fm\/#primaryimage\"},\"thumbnailUrl\":\"https:\/\/wpguerssen-test.odoo.rgbconsulting.com\/wp-content\/uploads\/2024\/06\/48206.jpg\",\"datePublished\":\"2024-07-20T22:00:00+00:00\",\"dateModified\":\"2025-04-10T14:42:19+00:00\",\"description\":\"In the heart of Paris, Green Day electrified the Elys\u00e9e-Montmartre on February 3rd, 1998, their infectious energy pulsating through the airwaves. With anthemic melodies and punk spirit, they ignited a frenzy among fans, leaving an unforgettable mark on the City of Light.TRACKLIST SIDE A Welcome to Paradise \/ Geek Stink BreatH \/ Nice Guys Finish Last \/ Hitchin' a Ride \/ The Grouch \/ 2000 Light Years AwaY \/ Brain Stew \/ Jaded \/ SIDE B Knowledge \/ Basket Case \/ She \/ F.O.D. (Fuck Off And Die) \/ Paper Lanterns \/ Good Riddance \/ Time of Your Life\",\"breadcrumb\":{\"@id\":\"https:\/\/wpguerssen-test.odoo.rgbconsulting.com\/es\/producto\/aux-champs-elysees-paris-feb-3rd-98-fm\/#breadcrumb\"},\"inLanguage\":\"es\",\"potentialAction\":[{\"@type\":\"ReadAction\",\"target\":[\"https:\/\/wpguerssen-test.odoo.rgbconsulting.com\/es\/producto\/aux-champs-elysees-paris-feb-3rd-98-fm\/\"]}]},{\"@type\":\"ImageObject\",\"inLanguage\":\"es\",\"@id\":\"https:\/\/wpguerssen-test.odoo.rgbconsulting.com\/es\/producto\/aux-champs-elysees-paris-feb-3rd-98-fm\/#primaryimage\",\"url\":\"https:\/\/wpguerssen-test.odoo.rgbconsulting.com\/wp-content\/uploads\/2024\/06\/48206.jpg\",\"contentUrl\":\"https:\/\/wpguerssen-test.odoo.rgbconsulting.com\/wp-content\/uploads\/2024\/06\/48206.jpg\",\"width\":595,\"height\":592},{\"@type\":\"BreadcrumbList\",\"@id\":\"https:\/\/wpguerssen-test.odoo.rgbconsulting.com\/es\/producto\/aux-champs-elysees-paris-feb-3rd-98-fm\/#breadcrumb\",\"itemListElement\":[{\"@type\":\"ListItem\",\"position\":1,\"name\":\"Inicio\",\"item\":\"https:\/\/wpguerssen-test.odoo.rgbconsulting.com\/es\/\"},{\"@type\":\"ListItem\",\"position\":2,\"name\":\"Shop\",\"item\":\"https:\/\/wpguerssen-test.odoo.rgbconsulting.com\/shop\/\"},{\"@type\":\"ListItem\",\"position\":3,\"name\":\"Aux Champs Elysees: Paris Feb. 3rd 98 FM\"}]},{\"@type\":\"WebSite\",\"@id\":\"https:\/\/wpguerssen-test.odoo.rgbconsulting.com\/es\/#website\",\"url\":\"https:\/\/wpguerssen-test.odoo.rgbconsulting.com\/es\/\",\"name\":\"Guerssen records\",\"description\":\"psychedelia - progressive - folk - garage \",\"publisher\":{\"@id\":\"https:\/\/wpguerssen-test.odoo.rgbconsulting.com\/es\/#organization\"},\"potentialAction\":[{\"@type\":\"SearchAction\",\"target\":{\"@type\":\"EntryPoint\",\"urlTemplate\":\"https:\/\/wpguerssen-test.odoo.rgbconsulting.com\/es\/?s={search_term_string}\"},\"query-input\":{\"@type\":\"PropertyValueSpecification\",\"valueRequired\":true,\"valueName\":\"search_term_string\"}}],\"inLanguage\":\"es\"},{\"@type\":\"Organization\",\"@id\":\"https:\/\/wpguerssen-test.odoo.rgbconsulting.com\/es\/#organization\",\"name\":\"Guerssen records\",\"url\":\"https:\/\/wpguerssen-test.odoo.rgbconsulting.com\/es\/\",\"logo\":{\"@type\":\"ImageObject\",\"inLanguage\":\"es\",\"@id\":\"https:\/\/wpguerssen-test.odoo.rgbconsulting.com\/es\/#\/schema\/logo\/image\/\",\"url\":\"https:\/\/wpguerssen-test.odoo.rgbconsulting.com\/wp-content\/uploads\/2022\/04\/Logo_Guerssen_trans_100.png\",\"contentUrl\":\"https:\/\/wpguerssen-test.odoo.rgbconsulting.com\/wp-content\/uploads\/2022\/04\/Logo_Guerssen_trans_100.png\",\"width\":122,\"height\":100,\"caption\":\"Guerssen records\"},\"image\":{\"@id\":\"https:\/\/wpguerssen-test.odoo.rgbconsulting.com\/es\/#\/schema\/logo\/image\/\"}}]}<\/script>\n<!-- \/ Yoast SEO plugin. -->","yoast_head_json":{"title":"GREEN DAY - Aux Champs Elysees: Paris Feb. 3rd 98 FM -  (LP) | Guerssen","description":"In the heart of Paris, Green Day electrified the Elys\u00e9e-Montmartre on February 3rd, 1998, their infectious energy pulsating through the airwaves. With anthemic melodies and punk spirit, they ignited a frenzy among fans, leaving an unforgettable mark on the City of Light.TRACKLIST SIDE A Welcome to Paradise \/ Geek Stink BreatH \/ Nice Guys Finish Last \/ Hitchin' a Ride \/ The Grouch \/ 2000 Light Years AwaY \/ Brain Stew \/ Jaded \/ SIDE B Knowledge \/ Basket Case \/ She \/ F.O.D. (Fuck Off And Die) \/ Paper Lanterns \/ Good Riddance \/ Time of Your Life","robots":{"index":"index","follow":"follow","max-snippet":"max-snippet:-1","max-image-preview":"max-image-preview:large","max-video-preview":"max-video-preview:-1"},"canonical":"https:\/\/wpguerssen-test.odoo.rgbconsulting.com\/es\/producto\/aux-champs-elysees-paris-feb-3rd-98-fm\/","og_locale":"es_ES","og_type":"article","og_title":"GREEN DAY - Aux Champs Elysees: Paris Feb. 3rd 98 FM -  (LP) | Guerssen","og_description":"In the heart of Paris, Green Day electrified the Elys\u00e9e-Montmartre on February 3rd, 1998, their infectious energy pulsating through the airwaves. With anthemic melodies and punk spirit, they ignited a frenzy among fans, leaving an unforgettable mark on the City of Light.TRACKLIST SIDE A Welcome to Paradise \/ Geek Stink BreatH \/ Nice Guys Finish Last \/ Hitchin' a Ride \/ The Grouch \/ 2000 Light Years AwaY \/ Brain Stew \/ Jaded \/ SIDE B Knowledge \/ Basket Case \/ She \/ F.O.D. (Fuck Off And Die) \/ Paper Lanterns \/ Good Riddance \/ Time of Your Life","og_url":"https:\/\/wpguerssen-test.odoo.rgbconsulting.com\/es\/producto\/aux-champs-elysees-paris-feb-3rd-98-fm\/","og_site_name":"Guerssen records","article_modified_time":"2025-04-10T14:42:19+00:00","og_image":[{"width":595,"height":592,"url":"https:\/\/wpguerssen-test.odoo.rgbconsulting.com\/wp-content\/uploads\/2024\/06\/48206.jpg","type":"image\/jpeg"}],"twitter_card":"summary_large_image","twitter_title":"GREEN DAY - Aux Champs Elysees: Paris Feb. 3rd 98 FM -  (LP) | Guerssen","twitter_misc":{"Tiempo de lectura":"1 minuto"},"schema":{"@context":"https:\/\/schema.org","@graph":[{"@type":"WebPage","@id":"https:\/\/wpguerssen-test.odoo.rgbconsulting.com\/es\/producto\/aux-champs-elysees-paris-feb-3rd-98-fm\/","url":"https:\/\/wpguerssen-test.odoo.rgbconsulting.com\/es\/producto\/aux-champs-elysees-paris-feb-3rd-98-fm\/","name":"GREEN DAY - Aux Champs Elysees: Paris Feb. 3rd 98 FM - (LP) | Guerssen","isPartOf":{"@id":"https:\/\/wpguerssen-test.odoo.rgbconsulting.com\/es\/#website"},"primaryImageOfPage":{"@id":"https:\/\/wpguerssen-test.odoo.rgbconsulting.com\/es\/producto\/aux-champs-elysees-paris-feb-3rd-98-fm\/#primaryimage"},"image":{"@id":"https:\/\/wpguerssen-test.odoo.rgbconsulting.com\/es\/producto\/aux-champs-elysees-paris-feb-3rd-98-fm\/#primaryimage"},"thumbnailUrl":"https:\/\/wpguerssen-test.odoo.rgbconsulting.com\/wp-content\/uploads\/2024\/06\/48206.jpg","datePublished":"2024-07-20T22:00:00+00:00","dateModified":"2025-04-10T14:42:19+00:00","description":"In the heart of Paris, Green Day electrified the Elys\u00e9e-Montmartre on February 3rd, 1998, their infectious energy pulsating through the airwaves. With anthemic melodies and punk spirit, they ignited a frenzy among fans, leaving an unforgettable mark on the City of Light.TRACKLIST SIDE A Welcome to Paradise \/ Geek Stink BreatH \/ Nice Guys Finish Last \/ Hitchin' a Ride \/ The Grouch \/ 2000 Light Years AwaY \/ Brain Stew \/ Jaded \/ SIDE B Knowledge \/ Basket Case \/ She \/ F.O.D. (Fuck Off And Die) \/ Paper Lanterns \/ Good Riddance \/ Time of Your Life","breadcrumb":{"@id":"https:\/\/wpguerssen-test.odoo.rgbconsulting.com\/es\/producto\/aux-champs-elysees-paris-feb-3rd-98-fm\/#breadcrumb"},"inLanguage":"es","potentialAction":[{"@type":"ReadAction","target":["https:\/\/wpguerssen-test.odoo.rgbconsulting.com\/es\/producto\/aux-champs-elysees-paris-feb-3rd-98-fm\/"]}]},{"@type":"ImageObject","inLanguage":"es","@id":"https:\/\/wpguerssen-test.odoo.rgbconsulting.com\/es\/producto\/aux-champs-elysees-paris-feb-3rd-98-fm\/#primaryimage","url":"https:\/\/wpguerssen-test.odoo.rgbconsulting.com\/wp-content\/uploads\/2024\/06\/48206.jpg","contentUrl":"https:\/\/wpguerssen-test.odoo.rgbconsulting.com\/wp-content\/uploads\/2024\/06\/48206.jpg","width":595,"height":592},{"@type":"BreadcrumbList","@id":"https:\/\/wpguerssen-test.odoo.rgbconsulting.com\/es\/producto\/aux-champs-elysees-paris-feb-3rd-98-fm\/#breadcrumb","itemListElement":[{"@type":"ListItem","position":1,"name":"Inicio","item":"https:\/\/wpguerssen-test.odoo.rgbconsulting.com\/es\/"},{"@type":"ListItem","position":2,"name":"Shop","item":"https:\/\/wpguerssen-test.odoo.rgbconsulting.com\/shop\/"},{"@type":"ListItem","position":3,"name":"Aux Champs Elysees: Paris Feb. 3rd 98 FM"}]},{"@type":"WebSite","@id":"https:\/\/wpguerssen-test.odoo.rgbconsulting.com\/es\/#website","url":"https:\/\/wpguerssen-test.odoo.rgbconsulting.com\/es\/","name":"Guerssen records","description":"psychedelia - progressive - folk - garage ","publisher":{"@id":"https:\/\/wpguerssen-test.odoo.rgbconsulting.com\/es\/#organization"},"potentialAction":[{"@type":"SearchAction","target":{"@type":"EntryPoint","urlTemplate":"https:\/\/wpguerssen-test.odoo.rgbconsulting.com\/es\/?s={search_term_string}"},"query-input":{"@type":"PropertyValueSpecification","valueRequired":true,"valueName":"search_term_string"}}],"inLanguage":"es"},{"@type":"Organization","@id":"https:\/\/wpguerssen-test.odoo.rgbconsulting.com\/es\/#organization","name":"Guerssen records","url":"https:\/\/wpguerssen-test.odoo.rgbconsulting.com\/es\/","logo":{"@type":"ImageObject","inLanguage":"es","@id":"https:\/\/wpguerssen-test.odoo.rgbconsulting.com\/es\/#\/schema\/logo\/image\/","url":"https:\/\/wpguerssen-test.odoo.rgbconsulting.com\/wp-content\/uploads\/2022\/04\/Logo_Guerssen_trans_100.png","contentUrl":"https:\/\/wpguerssen-test.odoo.rgbconsulting.com\/wp-content\/uploads\/2022\/04\/Logo_Guerssen_trans_100.png","width":122,"height":100,"caption":"Guerssen records"},"image":{"@id":"https:\/\/wpguerssen-test.odoo.rgbconsulting.com\/es\/#\/schema\/logo\/image\/"}}]}},"_links":{"self":[{"href":"https:\/\/wpguerssen-test.odoo.rgbconsulting.com\/es\/wp-json\/wp\/v2\/product\/271364","targetHints":{"allow":["GET"]}}],"collection":[{"href":"https:\/\/wpguerssen-test.odoo.rgbconsulting.com\/es\/wp-json\/wp\/v2\/product"}],"about":[{"href":"https:\/\/wpguerssen-test.odoo.rgbconsulting.com\/es\/wp-json\/wp\/v2\/types\/product"}],"wp:featuredmedia":[{"embeddable":true,"href":"https:\/\/wpguerssen-test.odoo.rgbconsulting.com\/es\/wp-json\/wp\/v2\/media\/271322"}],"wp:attachment":[{"href":"https:\/\/wpguerssen-test.odoo.rgbconsulting.com\/es\/wp-json\/wp\/v2\/media?parent=271364"}],"wp:term":[{"taxonomy":"product_brand","embeddable":true,"href":"https:\/\/wpguerssen-test.odoo.rgbconsulting.com\/es\/wp-json\/wp\/v2\/product_brand?post=271364"},{"taxonomy":"product_cat","embeddable":true,"href":"https:\/\/wpguerssen-test.odoo.rgbconsulting.com\/es\/wp-json\/wp\/v2\/product_cat?post=271364"},{"taxonomy":"product_tag","embeddable":true,"href":"https:\/\/wpguerssen-test.odoo.rgbconsulting.com\/es\/wp-json\/wp\/v2\/product_tag?post=271364"}],"curies":[{"name":"wp","href":"https:\/\/api.w.org\/{rel}","templated":true}]}}