{"id":271367,"date":"2025-04-25T00:00:00","date_gmt":"2025-04-24T22:00:00","guid":{"rendered":"https:\/\/wpguerssen-test.odoo.rgbconsulting.com\/product\/strickly-ranking-the-blackbeard-years-1977\/"},"modified":"2025-04-29T13:35:43","modified_gmt":"2025-04-29T11:35:43","slug":"strickly-ranking-the-blackbeard-years-1977","status":"publish","type":"product","link":"https:\/\/wpguerssen-test.odoo.rgbconsulting.com\/es\/producto\/strickly-ranking-the-blackbeard-years-1977\/","title":{"rendered":"Strickly Ranking. The Blackbeard Years 1977"},"content":{"rendered":"<p>Horace Andy es uno de los nombres m\u00e1s conocidos del reggae. Su larga colaboraci\u00f3n con el grupo brit\u00e1nico de trip-hop Massive Attack ha dado reconocimiento internacional a la voz en falsete de este artista jamaicano. Colabor\u00f3 \u00bf\u00bfcon productores como Bunny Lee, Tappa Zukie y Rodguel Blackbeard Sinclair a lo largo de los a\u00f1os, y Strictly Ranking analiza esas fruct\u00edferas colaboraciones. Una aut\u00e9ntica \u00e9poca dorada del root reggae, donde Barbanegra estuvo rodeado de m\u00fasicos de renombre, como Robbie Shakespear al bajo o Santa Davis a la bater\u00eda, adem\u00e1s de la asistencia de King Tubby. Las 12 pistas que aparecen aqu\u00ed son raras y\/o in\u00e9ditas.<\/p>\n","protected":false},"excerpt":{"rendered":"<p>Horace Andy es uno de los nombres m\u00e1s conocidos del reggae. Su larga colaboraci\u00f3n con el grupo brit\u00e1nico de trip-hop Massive Attack ha dado reconocimiento internacional<a class=\"read\" href=\"https:\/\/wpguerssen-test.odoo.rgbconsulting.com\/es\/producto\/strickly-ranking-the-blackbeard-years-1977\/\"> (...)<\/a>","protected":false},"featured_media":271331,"template":"","meta":{"_acf_changed":false},"product_brand":[],"product_cat":[24508,21666],"product_tag":[24189],"class_list":{"0":"post-271367","1":"product","2":"type-product","3":"status-publish","4":"has-post-thumbnail","6":"product_cat-uncategorized","7":"product_cat-reggae-ska-dub-es","8":"product_tag-recien-llegadas","9":"pa_artist-andy-horace","10":"pa_format-lp-es","11":"pa_gender-reggae-ska-dub","12":"pa_label-patate","13":"pa_location-south-america-caribbean-es","14":"pa_other-filters-vinyl-only-es","16":"first","17":"instock","18":"taxable","19":"shipping-taxable","20":"purchasable","21":"product-type-simple"},"acf":[],"yoast_head":"<!-- This site is optimized with the Yoast SEO plugin v24.9 - https:\/\/yoast.com\/wordpress\/plugins\/seo\/ -->\n<title>ANDY, Horace - Strickly Ranking. The Blackbeard Years 1977 -  (LP) | Guerssen<\/title>\n<meta name=\"description\" content=\"Horace Andy is one of the best known names in reggae. His long collaboration with British trip-hop outfit Massive Attack has given international recognition to the falsetto voice of this Jamaican artist. He collaborated with producers such as Bunny Lee, Tappa Zukie and Rodguel Blackbeard Sinclair over the years, and Strictly Ranking retraces those fruitful collaborations. A truly golden age of roots reggae, where Blackbeard was surrounded by renowned musicians, such as Robbie Shakespear on the bass or Santa Davis on the drums, plus the assistance of King Tubby - on one of his best achievements. The 12 tracks featured on here are rare and\/or unreleased.\" \/>\n<meta name=\"robots\" content=\"index, follow, max-snippet:-1, max-image-preview:large, max-video-preview:-1\" \/>\n<link rel=\"canonical\" href=\"https:\/\/wpguerssen-test.odoo.rgbconsulting.com\/es\/producto\/strickly-ranking-the-blackbeard-years-1977\/\" \/>\n<meta property=\"og:locale\" content=\"es_ES\" \/>\n<meta property=\"og:type\" content=\"article\" \/>\n<meta property=\"og:title\" content=\"ANDY, Horace - Strickly Ranking. The Blackbeard Years 1977 -  (LP) | Guerssen\" \/>\n<meta property=\"og:description\" content=\"Horace Andy is one of the best known names in reggae. His long collaboration with British trip-hop outfit Massive Attack has given international recognition to the falsetto voice of this Jamaican artist. He collaborated with producers such as Bunny Lee, Tappa Zukie and Rodguel Blackbeard Sinclair over the years, and Strictly Ranking retraces those fruitful collaborations. A truly golden age of roots reggae, where Blackbeard was surrounded by renowned musicians, such as Robbie Shakespear on the bass or Santa Davis on the drums, plus the assistance of King Tubby - on one of his best achievements. The 12 tracks featured on here are rare and\/or unreleased.\" \/>\n<meta property=\"og:url\" content=\"https:\/\/wpguerssen-test.odoo.rgbconsulting.com\/es\/producto\/strickly-ranking-the-blackbeard-years-1977\/\" \/>\n<meta property=\"og:site_name\" content=\"Guerssen records\" \/>\n<meta property=\"article:modified_time\" content=\"2025-04-29T11:35:43+00:00\" \/>\n<meta property=\"og:image\" content=\"https:\/\/wpguerssen-test.odoo.rgbconsulting.com\/wp-content\/uploads\/2024\/06\/48209.jpg\" \/>\n\t<meta property=\"og:image:width\" content=\"1200\" \/>\n\t<meta property=\"og:image:height\" content=\"1200\" \/>\n\t<meta property=\"og:image:type\" content=\"image\/jpeg\" \/>\n<meta name=\"twitter:card\" content=\"summary_large_image\" \/>\n<meta name=\"twitter:title\" content=\"ANDY, Horace - Strickly Ranking. The Blackbeard Years 1977 -  (LP) | Guerssen\" \/>\n<meta name=\"twitter:label1\" content=\"Tiempo de lectura\" \/>\n\t<meta name=\"twitter:data1\" content=\"1 minuto\" \/>\n<script type=\"application\/ld+json\" class=\"yoast-schema-graph\">{\"@context\":\"https:\/\/schema.org\",\"@graph\":[{\"@type\":\"WebPage\",\"@id\":\"https:\/\/wpguerssen-test.odoo.rgbconsulting.com\/es\/producto\/strickly-ranking-the-blackbeard-years-1977\/\",\"url\":\"https:\/\/wpguerssen-test.odoo.rgbconsulting.com\/es\/producto\/strickly-ranking-the-blackbeard-years-1977\/\",\"name\":\"ANDY, Horace - Strickly Ranking. The Blackbeard Years 1977 - (LP) | Guerssen\",\"isPartOf\":{\"@id\":\"https:\/\/wpguerssen-test.odoo.rgbconsulting.com\/es\/#website\"},\"primaryImageOfPage\":{\"@id\":\"https:\/\/wpguerssen-test.odoo.rgbconsulting.com\/es\/producto\/strickly-ranking-the-blackbeard-years-1977\/#primaryimage\"},\"image\":{\"@id\":\"https:\/\/wpguerssen-test.odoo.rgbconsulting.com\/es\/producto\/strickly-ranking-the-blackbeard-years-1977\/#primaryimage\"},\"thumbnailUrl\":\"https:\/\/wpguerssen-test.odoo.rgbconsulting.com\/wp-content\/uploads\/2024\/06\/48209.jpg\",\"datePublished\":\"2025-04-24T22:00:00+00:00\",\"dateModified\":\"2025-04-29T11:35:43+00:00\",\"description\":\"Horace Andy is one of the best known names in reggae. His long collaboration with British trip-hop outfit Massive Attack has given international recognition to the falsetto voice of this Jamaican artist. He collaborated with producers such as Bunny Lee, Tappa Zukie and Rodguel Blackbeard Sinclair over the years, and Strictly Ranking retraces those fruitful collaborations. A truly golden age of roots reggae, where Blackbeard was surrounded by renowned musicians, such as Robbie Shakespear on the bass or Santa Davis on the drums, plus the assistance of King Tubby - on one of his best achievements. The 12 tracks featured on here are rare and\/or unreleased.\",\"breadcrumb\":{\"@id\":\"https:\/\/wpguerssen-test.odoo.rgbconsulting.com\/es\/producto\/strickly-ranking-the-blackbeard-years-1977\/#breadcrumb\"},\"inLanguage\":\"es\",\"potentialAction\":[{\"@type\":\"ReadAction\",\"target\":[\"https:\/\/wpguerssen-test.odoo.rgbconsulting.com\/es\/producto\/strickly-ranking-the-blackbeard-years-1977\/\"]}]},{\"@type\":\"ImageObject\",\"inLanguage\":\"es\",\"@id\":\"https:\/\/wpguerssen-test.odoo.rgbconsulting.com\/es\/producto\/strickly-ranking-the-blackbeard-years-1977\/#primaryimage\",\"url\":\"https:\/\/wpguerssen-test.odoo.rgbconsulting.com\/wp-content\/uploads\/2024\/06\/48209.jpg\",\"contentUrl\":\"https:\/\/wpguerssen-test.odoo.rgbconsulting.com\/wp-content\/uploads\/2024\/06\/48209.jpg\",\"width\":1200,\"height\":1200,\"caption\":\"Horace - Strickly Ranking. The Blackbeard Years 1977 - PATATE (LP) | Guerssen\"},{\"@type\":\"BreadcrumbList\",\"@id\":\"https:\/\/wpguerssen-test.odoo.rgbconsulting.com\/es\/producto\/strickly-ranking-the-blackbeard-years-1977\/#breadcrumb\",\"itemListElement\":[{\"@type\":\"ListItem\",\"position\":1,\"name\":\"Inicio\",\"item\":\"https:\/\/wpguerssen-test.odoo.rgbconsulting.com\/es\/\"},{\"@type\":\"ListItem\",\"position\":2,\"name\":\"Shop\",\"item\":\"https:\/\/wpguerssen-test.odoo.rgbconsulting.com\/shop\/\"},{\"@type\":\"ListItem\",\"position\":3,\"name\":\"Strickly Ranking. The Blackbeard Years 1977\"}]},{\"@type\":\"WebSite\",\"@id\":\"https:\/\/wpguerssen-test.odoo.rgbconsulting.com\/es\/#website\",\"url\":\"https:\/\/wpguerssen-test.odoo.rgbconsulting.com\/es\/\",\"name\":\"Guerssen records\",\"description\":\"psychedelia - progressive - folk - garage \",\"publisher\":{\"@id\":\"https:\/\/wpguerssen-test.odoo.rgbconsulting.com\/es\/#organization\"},\"potentialAction\":[{\"@type\":\"SearchAction\",\"target\":{\"@type\":\"EntryPoint\",\"urlTemplate\":\"https:\/\/wpguerssen-test.odoo.rgbconsulting.com\/es\/?s={search_term_string}\"},\"query-input\":{\"@type\":\"PropertyValueSpecification\",\"valueRequired\":true,\"valueName\":\"search_term_string\"}}],\"inLanguage\":\"es\"},{\"@type\":\"Organization\",\"@id\":\"https:\/\/wpguerssen-test.odoo.rgbconsulting.com\/es\/#organization\",\"name\":\"Guerssen records\",\"url\":\"https:\/\/wpguerssen-test.odoo.rgbconsulting.com\/es\/\",\"logo\":{\"@type\":\"ImageObject\",\"inLanguage\":\"es\",\"@id\":\"https:\/\/wpguerssen-test.odoo.rgbconsulting.com\/es\/#\/schema\/logo\/image\/\",\"url\":\"https:\/\/wpguerssen-test.odoo.rgbconsulting.com\/wp-content\/uploads\/2022\/04\/Logo_Guerssen_trans_100.png\",\"contentUrl\":\"https:\/\/wpguerssen-test.odoo.rgbconsulting.com\/wp-content\/uploads\/2022\/04\/Logo_Guerssen_trans_100.png\",\"width\":122,\"height\":100,\"caption\":\"Guerssen records\"},\"image\":{\"@id\":\"https:\/\/wpguerssen-test.odoo.rgbconsulting.com\/es\/#\/schema\/logo\/image\/\"}}]}<\/script>\n<!-- \/ Yoast SEO plugin. -->","yoast_head_json":{"title":"ANDY, Horace - Strickly Ranking. The Blackbeard Years 1977 -  (LP) | Guerssen","description":"Horace Andy is one of the best known names in reggae. His long collaboration with British trip-hop outfit Massive Attack has given international recognition to the falsetto voice of this Jamaican artist. He collaborated with producers such as Bunny Lee, Tappa Zukie and Rodguel Blackbeard Sinclair over the years, and Strictly Ranking retraces those fruitful collaborations. A truly golden age of roots reggae, where Blackbeard was surrounded by renowned musicians, such as Robbie Shakespear on the bass or Santa Davis on the drums, plus the assistance of King Tubby - on one of his best achievements. The 12 tracks featured on here are rare and\/or unreleased.","robots":{"index":"index","follow":"follow","max-snippet":"max-snippet:-1","max-image-preview":"max-image-preview:large","max-video-preview":"max-video-preview:-1"},"canonical":"https:\/\/wpguerssen-test.odoo.rgbconsulting.com\/es\/producto\/strickly-ranking-the-blackbeard-years-1977\/","og_locale":"es_ES","og_type":"article","og_title":"ANDY, Horace - Strickly Ranking. The Blackbeard Years 1977 -  (LP) | Guerssen","og_description":"Horace Andy is one of the best known names in reggae. His long collaboration with British trip-hop outfit Massive Attack has given international recognition to the falsetto voice of this Jamaican artist. He collaborated with producers such as Bunny Lee, Tappa Zukie and Rodguel Blackbeard Sinclair over the years, and Strictly Ranking retraces those fruitful collaborations. A truly golden age of roots reggae, where Blackbeard was surrounded by renowned musicians, such as Robbie Shakespear on the bass or Santa Davis on the drums, plus the assistance of King Tubby - on one of his best achievements. The 12 tracks featured on here are rare and\/or unreleased.","og_url":"https:\/\/wpguerssen-test.odoo.rgbconsulting.com\/es\/producto\/strickly-ranking-the-blackbeard-years-1977\/","og_site_name":"Guerssen records","article_modified_time":"2025-04-29T11:35:43+00:00","og_image":[{"width":1200,"height":1200,"url":"https:\/\/wpguerssen-test.odoo.rgbconsulting.com\/wp-content\/uploads\/2024\/06\/48209.jpg","type":"image\/jpeg"}],"twitter_card":"summary_large_image","twitter_title":"ANDY, Horace - Strickly Ranking. The Blackbeard Years 1977 -  (LP) | Guerssen","twitter_misc":{"Tiempo de lectura":"1 minuto"},"schema":{"@context":"https:\/\/schema.org","@graph":[{"@type":"WebPage","@id":"https:\/\/wpguerssen-test.odoo.rgbconsulting.com\/es\/producto\/strickly-ranking-the-blackbeard-years-1977\/","url":"https:\/\/wpguerssen-test.odoo.rgbconsulting.com\/es\/producto\/strickly-ranking-the-blackbeard-years-1977\/","name":"ANDY, Horace - Strickly Ranking. The Blackbeard Years 1977 - (LP) | Guerssen","isPartOf":{"@id":"https:\/\/wpguerssen-test.odoo.rgbconsulting.com\/es\/#website"},"primaryImageOfPage":{"@id":"https:\/\/wpguerssen-test.odoo.rgbconsulting.com\/es\/producto\/strickly-ranking-the-blackbeard-years-1977\/#primaryimage"},"image":{"@id":"https:\/\/wpguerssen-test.odoo.rgbconsulting.com\/es\/producto\/strickly-ranking-the-blackbeard-years-1977\/#primaryimage"},"thumbnailUrl":"https:\/\/wpguerssen-test.odoo.rgbconsulting.com\/wp-content\/uploads\/2024\/06\/48209.jpg","datePublished":"2025-04-24T22:00:00+00:00","dateModified":"2025-04-29T11:35:43+00:00","description":"Horace Andy is one of the best known names in reggae. His long collaboration with British trip-hop outfit Massive Attack has given international recognition to the falsetto voice of this Jamaican artist. He collaborated with producers such as Bunny Lee, Tappa Zukie and Rodguel Blackbeard Sinclair over the years, and Strictly Ranking retraces those fruitful collaborations. A truly golden age of roots reggae, where Blackbeard was surrounded by renowned musicians, such as Robbie Shakespear on the bass or Santa Davis on the drums, plus the assistance of King Tubby - on one of his best achievements. The 12 tracks featured on here are rare and\/or unreleased.","breadcrumb":{"@id":"https:\/\/wpguerssen-test.odoo.rgbconsulting.com\/es\/producto\/strickly-ranking-the-blackbeard-years-1977\/#breadcrumb"},"inLanguage":"es","potentialAction":[{"@type":"ReadAction","target":["https:\/\/wpguerssen-test.odoo.rgbconsulting.com\/es\/producto\/strickly-ranking-the-blackbeard-years-1977\/"]}]},{"@type":"ImageObject","inLanguage":"es","@id":"https:\/\/wpguerssen-test.odoo.rgbconsulting.com\/es\/producto\/strickly-ranking-the-blackbeard-years-1977\/#primaryimage","url":"https:\/\/wpguerssen-test.odoo.rgbconsulting.com\/wp-content\/uploads\/2024\/06\/48209.jpg","contentUrl":"https:\/\/wpguerssen-test.odoo.rgbconsulting.com\/wp-content\/uploads\/2024\/06\/48209.jpg","width":1200,"height":1200,"caption":"Horace - Strickly Ranking. The Blackbeard Years 1977 - PATATE (LP) | Guerssen"},{"@type":"BreadcrumbList","@id":"https:\/\/wpguerssen-test.odoo.rgbconsulting.com\/es\/producto\/strickly-ranking-the-blackbeard-years-1977\/#breadcrumb","itemListElement":[{"@type":"ListItem","position":1,"name":"Inicio","item":"https:\/\/wpguerssen-test.odoo.rgbconsulting.com\/es\/"},{"@type":"ListItem","position":2,"name":"Shop","item":"https:\/\/wpguerssen-test.odoo.rgbconsulting.com\/shop\/"},{"@type":"ListItem","position":3,"name":"Strickly Ranking. The Blackbeard Years 1977"}]},{"@type":"WebSite","@id":"https:\/\/wpguerssen-test.odoo.rgbconsulting.com\/es\/#website","url":"https:\/\/wpguerssen-test.odoo.rgbconsulting.com\/es\/","name":"Guerssen records","description":"psychedelia - progressive - folk - garage ","publisher":{"@id":"https:\/\/wpguerssen-test.odoo.rgbconsulting.com\/es\/#organization"},"potentialAction":[{"@type":"SearchAction","target":{"@type":"EntryPoint","urlTemplate":"https:\/\/wpguerssen-test.odoo.rgbconsulting.com\/es\/?s={search_term_string}"},"query-input":{"@type":"PropertyValueSpecification","valueRequired":true,"valueName":"search_term_string"}}],"inLanguage":"es"},{"@type":"Organization","@id":"https:\/\/wpguerssen-test.odoo.rgbconsulting.com\/es\/#organization","name":"Guerssen records","url":"https:\/\/wpguerssen-test.odoo.rgbconsulting.com\/es\/","logo":{"@type":"ImageObject","inLanguage":"es","@id":"https:\/\/wpguerssen-test.odoo.rgbconsulting.com\/es\/#\/schema\/logo\/image\/","url":"https:\/\/wpguerssen-test.odoo.rgbconsulting.com\/wp-content\/uploads\/2022\/04\/Logo_Guerssen_trans_100.png","contentUrl":"https:\/\/wpguerssen-test.odoo.rgbconsulting.com\/wp-content\/uploads\/2022\/04\/Logo_Guerssen_trans_100.png","width":122,"height":100,"caption":"Guerssen records"},"image":{"@id":"https:\/\/wpguerssen-test.odoo.rgbconsulting.com\/es\/#\/schema\/logo\/image\/"}}]}},"_links":{"self":[{"href":"https:\/\/wpguerssen-test.odoo.rgbconsulting.com\/es\/wp-json\/wp\/v2\/product\/271367","targetHints":{"allow":["GET"]}}],"collection":[{"href":"https:\/\/wpguerssen-test.odoo.rgbconsulting.com\/es\/wp-json\/wp\/v2\/product"}],"about":[{"href":"https:\/\/wpguerssen-test.odoo.rgbconsulting.com\/es\/wp-json\/wp\/v2\/types\/product"}],"wp:featuredmedia":[{"embeddable":true,"href":"https:\/\/wpguerssen-test.odoo.rgbconsulting.com\/es\/wp-json\/wp\/v2\/media\/271331"}],"wp:attachment":[{"href":"https:\/\/wpguerssen-test.odoo.rgbconsulting.com\/es\/wp-json\/wp\/v2\/media?parent=271367"}],"wp:term":[{"taxonomy":"product_brand","embeddable":true,"href":"https:\/\/wpguerssen-test.odoo.rgbconsulting.com\/es\/wp-json\/wp\/v2\/product_brand?post=271367"},{"taxonomy":"product_cat","embeddable":true,"href":"https:\/\/wpguerssen-test.odoo.rgbconsulting.com\/es\/wp-json\/wp\/v2\/product_cat?post=271367"},{"taxonomy":"product_tag","embeddable":true,"href":"https:\/\/wpguerssen-test.odoo.rgbconsulting.com\/es\/wp-json\/wp\/v2\/product_tag?post=271367"}],"curies":[{"name":"wp","href":"https:\/\/api.w.org\/{rel}","templated":true}]}}