{"id":271512,"date":"2025-03-24T00:00:00","date_gmt":"2025-03-23T23:00:00","guid":{"rendered":"https:\/\/wpguerssen-test.odoo.rgbconsulting.com\/product\/dedicated-to-the-bird-we-love\/"},"modified":"2025-04-09T14:08:23","modified_gmt":"2025-04-09T12:08:23","slug":"dedicated-to-the-bird-we-love","status":"publish","type":"product","link":"https:\/\/wpguerssen-test.odoo.rgbconsulting.com\/es\/producto\/dedicated-to-the-bird-we-love\/","title":{"rendered":"Dedicated To The Bird We Love"},"content":{"rendered":"<p>Una rara selecci\u00f3n psicod\u00e9lica del d\u00fao noruego formado por Nina Johansen en voz y guitarra, y Runa Walle en sitar, guitarra y voz, con el apoyo de su amigo indio Satnam Singh en flauta y tablas, adem\u00e1s de algunos m\u00fasicos locales de jazz y rock que completan la secci\u00f3n r\u00edtmica. Lanzado originalmente en 1970 s\u00f3lo en Noruega y vendi\u00e9ndose en cantidades rid\u00edculamente peque\u00f1as, este ha sido un corte legendario para los amantes de todo lo psicod\u00e9lico, que simplemente esperan el momento adecuado para un relanzamiento.<\/p>\n","protected":false},"excerpt":{"rendered":"<p>Una rara selecci\u00f3n psicod\u00e9lica del d\u00fao noruego formado por Nina Johansen en voz y guitarra, y Runa Walle en sitar, guitarra y voz, con el apoyo de su amigo indio<a class=\"read\" href=\"https:\/\/wpguerssen-test.odoo.rgbconsulting.com\/es\/producto\/dedicated-to-the-bird-we-love\/\"> (...)<\/a>","protected":false},"featured_media":271461,"template":"","meta":{"_acf_changed":false},"product_brand":[],"product_cat":[21639,23271],"product_tag":[24185],"class_list":{"0":"post-271512","1":"product","2":"type-product","3":"status-publish","4":"has-post-thumbnail","6":"product_cat-psychedelic60s-70s-es","7":"product_cat-folk-60s-70s-es","8":"product_tag-de-nuevo-en-existencia","9":"pa_artist-oriental-sunshine","10":"pa_format-lp-es","11":"pa_gender-psychedelic60s-70s-folk-60s-70s","12":"pa_label-life-goes-on-records","13":"pa_location-eastern-es","14":"pa_other-filters-vinyl-only-es","16":"first","17":"instock","18":"taxable","19":"shipping-taxable","20":"purchasable","21":"product-type-simple"},"acf":[],"yoast_head":"<!-- This site is optimized with the Yoast SEO plugin v24.9 - https:\/\/yoast.com\/wordpress\/plugins\/seo\/ -->\n<title>ORIENTAL SUNSHINE - Dedicated To The Bird We Love -  (LP) | Guerssen<\/title>\n<meta name=\"description\" content=\"A rare psychedelic selection from the Norwegian duo of Nina Johansen on vocals and guitar, and Runa Walle on sitar, guitar and vocals, with support from their Indian friend Satnam Singh on flute and tablas plus some local jazz and rock musicians rounding out the rhythm section. Originally released in 1970 in Norway only, and selling in ridiculously small numbers, this has been something of a legendary cut for lovers of all things psychedelic, just waiting for the right time for a re-release.\" \/>\n<meta name=\"robots\" content=\"index, follow, max-snippet:-1, max-image-preview:large, max-video-preview:-1\" \/>\n<link rel=\"canonical\" href=\"https:\/\/wpguerssen-test.odoo.rgbconsulting.com\/es\/producto\/dedicated-to-the-bird-we-love\/\" \/>\n<meta property=\"og:locale\" content=\"es_ES\" \/>\n<meta property=\"og:type\" content=\"article\" \/>\n<meta property=\"og:title\" content=\"ORIENTAL SUNSHINE - Dedicated To The Bird We Love -  (LP) | Guerssen\" \/>\n<meta property=\"og:description\" content=\"A rare psychedelic selection from the Norwegian duo of Nina Johansen on vocals and guitar, and Runa Walle on sitar, guitar and vocals, with support from their Indian friend Satnam Singh on flute and tablas plus some local jazz and rock musicians rounding out the rhythm section. Originally released in 1970 in Norway only, and selling in ridiculously small numbers, this has been something of a legendary cut for lovers of all things psychedelic, just waiting for the right time for a re-release.\" \/>\n<meta property=\"og:url\" content=\"https:\/\/wpguerssen-test.odoo.rgbconsulting.com\/es\/producto\/dedicated-to-the-bird-we-love\/\" \/>\n<meta property=\"og:site_name\" content=\"Guerssen records\" \/>\n<meta property=\"article:modified_time\" content=\"2025-04-09T12:08:23+00:00\" \/>\n<meta property=\"og:image\" content=\"https:\/\/wpguerssen-test.odoo.rgbconsulting.com\/wp-content\/uploads\/2024\/06\/48218.jpg\" \/>\n\t<meta property=\"og:image:width\" content=\"1450\" \/>\n\t<meta property=\"og:image:height\" content=\"1440\" \/>\n\t<meta property=\"og:image:type\" content=\"image\/jpeg\" \/>\n<meta name=\"twitter:card\" content=\"summary_large_image\" \/>\n<meta name=\"twitter:title\" content=\"ORIENTAL SUNSHINE - Dedicated To The Bird We Love -  (LP) | Guerssen\" \/>\n<script type=\"application\/ld+json\" class=\"yoast-schema-graph\">{\"@context\":\"https:\/\/schema.org\",\"@graph\":[{\"@type\":\"WebPage\",\"@id\":\"https:\/\/wpguerssen-test.odoo.rgbconsulting.com\/es\/producto\/dedicated-to-the-bird-we-love\/\",\"url\":\"https:\/\/wpguerssen-test.odoo.rgbconsulting.com\/es\/producto\/dedicated-to-the-bird-we-love\/\",\"name\":\"ORIENTAL SUNSHINE - Dedicated To The Bird We Love - (LP) | Guerssen\",\"isPartOf\":{\"@id\":\"https:\/\/wpguerssen-test.odoo.rgbconsulting.com\/es\/#website\"},\"primaryImageOfPage\":{\"@id\":\"https:\/\/wpguerssen-test.odoo.rgbconsulting.com\/es\/producto\/dedicated-to-the-bird-we-love\/#primaryimage\"},\"image\":{\"@id\":\"https:\/\/wpguerssen-test.odoo.rgbconsulting.com\/es\/producto\/dedicated-to-the-bird-we-love\/#primaryimage\"},\"thumbnailUrl\":\"https:\/\/wpguerssen-test.odoo.rgbconsulting.com\/wp-content\/uploads\/2024\/06\/48218.jpg\",\"datePublished\":\"2025-03-23T23:00:00+00:00\",\"dateModified\":\"2025-04-09T12:08:23+00:00\",\"description\":\"A rare psychedelic selection from the Norwegian duo of Nina Johansen on vocals and guitar, and Runa Walle on sitar, guitar and vocals, with support from their Indian friend Satnam Singh on flute and tablas plus some local jazz and rock musicians rounding out the rhythm section. Originally released in 1970 in Norway only, and selling in ridiculously small numbers, this has been something of a legendary cut for lovers of all things psychedelic, just waiting for the right time for a re-release.\",\"breadcrumb\":{\"@id\":\"https:\/\/wpguerssen-test.odoo.rgbconsulting.com\/es\/producto\/dedicated-to-the-bird-we-love\/#breadcrumb\"},\"inLanguage\":\"es\",\"potentialAction\":[{\"@type\":\"ReadAction\",\"target\":[\"https:\/\/wpguerssen-test.odoo.rgbconsulting.com\/es\/producto\/dedicated-to-the-bird-we-love\/\"]}]},{\"@type\":\"ImageObject\",\"inLanguage\":\"es\",\"@id\":\"https:\/\/wpguerssen-test.odoo.rgbconsulting.com\/es\/producto\/dedicated-to-the-bird-we-love\/#primaryimage\",\"url\":\"https:\/\/wpguerssen-test.odoo.rgbconsulting.com\/wp-content\/uploads\/2024\/06\/48218.jpg\",\"contentUrl\":\"https:\/\/wpguerssen-test.odoo.rgbconsulting.com\/wp-content\/uploads\/2024\/06\/48218.jpg\",\"width\":1450,\"height\":1440},{\"@type\":\"BreadcrumbList\",\"@id\":\"https:\/\/wpguerssen-test.odoo.rgbconsulting.com\/es\/producto\/dedicated-to-the-bird-we-love\/#breadcrumb\",\"itemListElement\":[{\"@type\":\"ListItem\",\"position\":1,\"name\":\"Inicio\",\"item\":\"https:\/\/wpguerssen-test.odoo.rgbconsulting.com\/es\/\"},{\"@type\":\"ListItem\",\"position\":2,\"name\":\"Shop\",\"item\":\"https:\/\/wpguerssen-test.odoo.rgbconsulting.com\/shop\/\"},{\"@type\":\"ListItem\",\"position\":3,\"name\":\"Dedicated To The Bird We Love\"}]},{\"@type\":\"WebSite\",\"@id\":\"https:\/\/wpguerssen-test.odoo.rgbconsulting.com\/es\/#website\",\"url\":\"https:\/\/wpguerssen-test.odoo.rgbconsulting.com\/es\/\",\"name\":\"Guerssen records\",\"description\":\"psychedelia - progressive - folk - garage \",\"publisher\":{\"@id\":\"https:\/\/wpguerssen-test.odoo.rgbconsulting.com\/es\/#organization\"},\"potentialAction\":[{\"@type\":\"SearchAction\",\"target\":{\"@type\":\"EntryPoint\",\"urlTemplate\":\"https:\/\/wpguerssen-test.odoo.rgbconsulting.com\/es\/?s={search_term_string}\"},\"query-input\":{\"@type\":\"PropertyValueSpecification\",\"valueRequired\":true,\"valueName\":\"search_term_string\"}}],\"inLanguage\":\"es\"},{\"@type\":\"Organization\",\"@id\":\"https:\/\/wpguerssen-test.odoo.rgbconsulting.com\/es\/#organization\",\"name\":\"Guerssen records\",\"url\":\"https:\/\/wpguerssen-test.odoo.rgbconsulting.com\/es\/\",\"logo\":{\"@type\":\"ImageObject\",\"inLanguage\":\"es\",\"@id\":\"https:\/\/wpguerssen-test.odoo.rgbconsulting.com\/es\/#\/schema\/logo\/image\/\",\"url\":\"https:\/\/wpguerssen-test.odoo.rgbconsulting.com\/wp-content\/uploads\/2022\/04\/Logo_Guerssen_trans_100.png\",\"contentUrl\":\"https:\/\/wpguerssen-test.odoo.rgbconsulting.com\/wp-content\/uploads\/2022\/04\/Logo_Guerssen_trans_100.png\",\"width\":122,\"height\":100,\"caption\":\"Guerssen records\"},\"image\":{\"@id\":\"https:\/\/wpguerssen-test.odoo.rgbconsulting.com\/es\/#\/schema\/logo\/image\/\"}}]}<\/script>\n<!-- \/ Yoast SEO plugin. -->","yoast_head_json":{"title":"ORIENTAL SUNSHINE - Dedicated To The Bird We Love -  (LP) | Guerssen","description":"A rare psychedelic selection from the Norwegian duo of Nina Johansen on vocals and guitar, and Runa Walle on sitar, guitar and vocals, with support from their Indian friend Satnam Singh on flute and tablas plus some local jazz and rock musicians rounding out the rhythm section. Originally released in 1970 in Norway only, and selling in ridiculously small numbers, this has been something of a legendary cut for lovers of all things psychedelic, just waiting for the right time for a re-release.","robots":{"index":"index","follow":"follow","max-snippet":"max-snippet:-1","max-image-preview":"max-image-preview:large","max-video-preview":"max-video-preview:-1"},"canonical":"https:\/\/wpguerssen-test.odoo.rgbconsulting.com\/es\/producto\/dedicated-to-the-bird-we-love\/","og_locale":"es_ES","og_type":"article","og_title":"ORIENTAL SUNSHINE - Dedicated To The Bird We Love -  (LP) | Guerssen","og_description":"A rare psychedelic selection from the Norwegian duo of Nina Johansen on vocals and guitar, and Runa Walle on sitar, guitar and vocals, with support from their Indian friend Satnam Singh on flute and tablas plus some local jazz and rock musicians rounding out the rhythm section. Originally released in 1970 in Norway only, and selling in ridiculously small numbers, this has been something of a legendary cut for lovers of all things psychedelic, just waiting for the right time for a re-release.","og_url":"https:\/\/wpguerssen-test.odoo.rgbconsulting.com\/es\/producto\/dedicated-to-the-bird-we-love\/","og_site_name":"Guerssen records","article_modified_time":"2025-04-09T12:08:23+00:00","og_image":[{"width":1450,"height":1440,"url":"https:\/\/wpguerssen-test.odoo.rgbconsulting.com\/wp-content\/uploads\/2024\/06\/48218.jpg","type":"image\/jpeg"}],"twitter_card":"summary_large_image","twitter_title":"ORIENTAL SUNSHINE - Dedicated To The Bird We Love -  (LP) | Guerssen","schema":{"@context":"https:\/\/schema.org","@graph":[{"@type":"WebPage","@id":"https:\/\/wpguerssen-test.odoo.rgbconsulting.com\/es\/producto\/dedicated-to-the-bird-we-love\/","url":"https:\/\/wpguerssen-test.odoo.rgbconsulting.com\/es\/producto\/dedicated-to-the-bird-we-love\/","name":"ORIENTAL SUNSHINE - Dedicated To The Bird We Love - (LP) | Guerssen","isPartOf":{"@id":"https:\/\/wpguerssen-test.odoo.rgbconsulting.com\/es\/#website"},"primaryImageOfPage":{"@id":"https:\/\/wpguerssen-test.odoo.rgbconsulting.com\/es\/producto\/dedicated-to-the-bird-we-love\/#primaryimage"},"image":{"@id":"https:\/\/wpguerssen-test.odoo.rgbconsulting.com\/es\/producto\/dedicated-to-the-bird-we-love\/#primaryimage"},"thumbnailUrl":"https:\/\/wpguerssen-test.odoo.rgbconsulting.com\/wp-content\/uploads\/2024\/06\/48218.jpg","datePublished":"2025-03-23T23:00:00+00:00","dateModified":"2025-04-09T12:08:23+00:00","description":"A rare psychedelic selection from the Norwegian duo of Nina Johansen on vocals and guitar, and Runa Walle on sitar, guitar and vocals, with support from their Indian friend Satnam Singh on flute and tablas plus some local jazz and rock musicians rounding out the rhythm section. Originally released in 1970 in Norway only, and selling in ridiculously small numbers, this has been something of a legendary cut for lovers of all things psychedelic, just waiting for the right time for a re-release.","breadcrumb":{"@id":"https:\/\/wpguerssen-test.odoo.rgbconsulting.com\/es\/producto\/dedicated-to-the-bird-we-love\/#breadcrumb"},"inLanguage":"es","potentialAction":[{"@type":"ReadAction","target":["https:\/\/wpguerssen-test.odoo.rgbconsulting.com\/es\/producto\/dedicated-to-the-bird-we-love\/"]}]},{"@type":"ImageObject","inLanguage":"es","@id":"https:\/\/wpguerssen-test.odoo.rgbconsulting.com\/es\/producto\/dedicated-to-the-bird-we-love\/#primaryimage","url":"https:\/\/wpguerssen-test.odoo.rgbconsulting.com\/wp-content\/uploads\/2024\/06\/48218.jpg","contentUrl":"https:\/\/wpguerssen-test.odoo.rgbconsulting.com\/wp-content\/uploads\/2024\/06\/48218.jpg","width":1450,"height":1440},{"@type":"BreadcrumbList","@id":"https:\/\/wpguerssen-test.odoo.rgbconsulting.com\/es\/producto\/dedicated-to-the-bird-we-love\/#breadcrumb","itemListElement":[{"@type":"ListItem","position":1,"name":"Inicio","item":"https:\/\/wpguerssen-test.odoo.rgbconsulting.com\/es\/"},{"@type":"ListItem","position":2,"name":"Shop","item":"https:\/\/wpguerssen-test.odoo.rgbconsulting.com\/shop\/"},{"@type":"ListItem","position":3,"name":"Dedicated To The Bird We Love"}]},{"@type":"WebSite","@id":"https:\/\/wpguerssen-test.odoo.rgbconsulting.com\/es\/#website","url":"https:\/\/wpguerssen-test.odoo.rgbconsulting.com\/es\/","name":"Guerssen records","description":"psychedelia - progressive - folk - garage ","publisher":{"@id":"https:\/\/wpguerssen-test.odoo.rgbconsulting.com\/es\/#organization"},"potentialAction":[{"@type":"SearchAction","target":{"@type":"EntryPoint","urlTemplate":"https:\/\/wpguerssen-test.odoo.rgbconsulting.com\/es\/?s={search_term_string}"},"query-input":{"@type":"PropertyValueSpecification","valueRequired":true,"valueName":"search_term_string"}}],"inLanguage":"es"},{"@type":"Organization","@id":"https:\/\/wpguerssen-test.odoo.rgbconsulting.com\/es\/#organization","name":"Guerssen records","url":"https:\/\/wpguerssen-test.odoo.rgbconsulting.com\/es\/","logo":{"@type":"ImageObject","inLanguage":"es","@id":"https:\/\/wpguerssen-test.odoo.rgbconsulting.com\/es\/#\/schema\/logo\/image\/","url":"https:\/\/wpguerssen-test.odoo.rgbconsulting.com\/wp-content\/uploads\/2022\/04\/Logo_Guerssen_trans_100.png","contentUrl":"https:\/\/wpguerssen-test.odoo.rgbconsulting.com\/wp-content\/uploads\/2022\/04\/Logo_Guerssen_trans_100.png","width":122,"height":100,"caption":"Guerssen records"},"image":{"@id":"https:\/\/wpguerssen-test.odoo.rgbconsulting.com\/es\/#\/schema\/logo\/image\/"}}]}},"_links":{"self":[{"href":"https:\/\/wpguerssen-test.odoo.rgbconsulting.com\/es\/wp-json\/wp\/v2\/product\/271512","targetHints":{"allow":["GET"]}}],"collection":[{"href":"https:\/\/wpguerssen-test.odoo.rgbconsulting.com\/es\/wp-json\/wp\/v2\/product"}],"about":[{"href":"https:\/\/wpguerssen-test.odoo.rgbconsulting.com\/es\/wp-json\/wp\/v2\/types\/product"}],"wp:featuredmedia":[{"embeddable":true,"href":"https:\/\/wpguerssen-test.odoo.rgbconsulting.com\/es\/wp-json\/wp\/v2\/media\/271461"}],"wp:attachment":[{"href":"https:\/\/wpguerssen-test.odoo.rgbconsulting.com\/es\/wp-json\/wp\/v2\/media?parent=271512"}],"wp:term":[{"taxonomy":"product_brand","embeddable":true,"href":"https:\/\/wpguerssen-test.odoo.rgbconsulting.com\/es\/wp-json\/wp\/v2\/product_brand?post=271512"},{"taxonomy":"product_cat","embeddable":true,"href":"https:\/\/wpguerssen-test.odoo.rgbconsulting.com\/es\/wp-json\/wp\/v2\/product_cat?post=271512"},{"taxonomy":"product_tag","embeddable":true,"href":"https:\/\/wpguerssen-test.odoo.rgbconsulting.com\/es\/wp-json\/wp\/v2\/product_tag?post=271512"}],"curies":[{"name":"wp","href":"https:\/\/api.w.org\/{rel}","templated":true}]}}