{"id":271514,"date":"2024-09-25T00:00:00","date_gmt":"2024-09-24T22:00:00","guid":{"rendered":"https:\/\/wpguerssen-test.odoo.rgbconsulting.com\/product\/nattag-marbled\/"},"modified":"2025-03-03T16:07:32","modified_gmt":"2025-03-03T15:07:32","slug":"nattag-marbled","status":"publish","type":"product","link":"https:\/\/wpguerssen-test.odoo.rgbconsulting.com\/es\/producto\/nattag-marbled\/","title":{"rendered":"Nattag (Marbled)"},"content":{"rendered":"<p>La reedici\u00f3n de los dos \u00e1lbumes psicod\u00e9licos\/progresivos de SAN MICHAEL, el hom\u00f3nimo (1971) y Natt\u00e5g (1972), no coincide en absoluto con la aparici\u00f3n del decimoquinto \u00e1lbum de estudio de Kaipa, Sommargryningsljus, como el fabuloso universo de este \u00faltimo gira en torno al renacimiento contrafactual, es decir, (renacer) a medida que uno se hace mayor. Estos dos \u00e1lbumes imperecederos, esenciales para los coleccionistas expertos de psicodelia y progresivo escandinavo, muestran la suave progresi\u00f3n hacia el multiverso sonoro de Kaipa, bordeando la porosa l\u00ednea divisoria entre la psicodelia (con un pedigr\u00ed Made-in-Suecia) y el progresivo europeo, e impulsados \u00bf\u00bfpor Hans El feroz toque de \u00f3rgano de Lundin que alterna entre una psicodelia arremolinada y ultra-groovy e imponentes segmentos kraut-ish. Ambos \u00e1lbumes, producidos por Leif Mases, han sido remasterizados por el maestro de sonido Martin Igelstr\u00f6m para su m\u00e1ximo placer de audio, y vienen en ediciones ultralimitadas de 200 copias numeradas + un inserto de 2 p\u00e1ginas con biograf\u00eda y raras fotograf\u00edas de estudio y en vivo, tipo splatter (en el primero) y vinilo de m\u00e1rmol (Nattag).<br \/>Archivo cercano: Blakulla, Blue Sun, Dice, Kaipa, Made in Suecia, Mecki Mark Men, Panta Rei, Trettio\u00e5riga Kriget.<br \/>Vinilo 180 gr., edici\u00f3n estrictamente limitada de 200 copias numeradas.<br \/>NB: No confundir con St. Mikael or Cosmic Michael.<\/p>\n","protected":false},"excerpt":{"rendered":"<p>La reedici\u00f3n de los dos \u00e1lbumes psicod\u00e9licos\/progresivos de SAN MICHAEL, el hom\u00f3nimo (1971) y Natt\u00e5g (1972), no coincide en absoluto con la aparici\u00f3n del decimoquinto<a class=\"read\" href=\"https:\/\/wpguerssen-test.odoo.rgbconsulting.com\/es\/producto\/nattag-marbled\/\"> (...)<\/a>","protected":false},"featured_media":271467,"template":"","meta":{"_acf_changed":false},"product_brand":[],"product_cat":[21639,23215],"product_tag":[29140],"class_list":{"0":"post-271514","1":"product","2":"type-product","3":"status-publish","4":"has-post-thumbnail","6":"product_cat-psychedelic60s-70s-es","7":"product_cat-progressive60s-70s-es","8":"product_tag-color-vinyl-es","9":"pa_artist-san-michaels","10":"pa_format-lp-es","11":"pa_gender-psychedelic60s-70s-progressive60s-70s","12":"pa_label-disques-plusquereel","13":"pa_location-europe-es","14":"pa_other-filters-vinyl-only-es","16":"first","17":"instock","18":"taxable","19":"shipping-taxable","20":"purchasable","21":"product-type-simple"},"acf":[],"yoast_head":"<!-- This site is optimized with the Yoast SEO plugin v24.9 - https:\/\/yoast.com\/wordpress\/plugins\/seo\/ -->\n<title>SAN MICHAEL&#039;S - Nattag (Marbled) -  (LP) | Guerssen<\/title>\n<meta name=\"description\" content=\"The re-release of the 2 seminal psych\/prog albums by SAN MICHAEL&#039;s, the self-titled (1971) one and Natt\u00e5g (1972), overlaps not at all coincidentally with the appearance of Kaipa&#039;s 15th studio album Sommargryningsljus, as the fabular universe of the latter revolves around counterfactual rebirth, that is, becoming (re)born as one is getting older. These 2 evergreen albums, essential for savvy collectors of Scandinavian psych\/prog, showcase the smooth progression towards Kaipa&#039;s sonic multiverse, bordering on the porous dividing line between psychedelia (with a Made-in- Sweden pedigree) and European progressive, and driven by Hans Lundin&#039;s ferocious organplaying that alternates between swirling ultra-groovy psychedelia and imposing kraut-ish segments. Both albums, produced by Leif Mases, have been remastered by sound meister Martin Igelstr\u00f6m for your maximum audio pleasure, and come in ultra-limited pressings of 200 numbered copies + 2-page insert with bio and rare studio and live photos, in splatter (1st ) and marble (Nattag) vinyl.File nearby: Blakulla, Blue Sun, Dice, Kaipa, Made in Sweden, Mecki Mark Men, Panta Rei, Trettio\u00e5riga Kriget.Vinyl 180 gr., strictly limited pressing of 200 numbered copies.NB: Not to be confused with St. Mikael or Cosmic Michael.\" \/>\n<meta name=\"robots\" content=\"index, follow, max-snippet:-1, max-image-preview:large, max-video-preview:-1\" \/>\n<link rel=\"canonical\" href=\"https:\/\/wpguerssen-test.odoo.rgbconsulting.com\/es\/producto\/nattag-marbled\/\" \/>\n<meta property=\"og:locale\" content=\"es_ES\" \/>\n<meta property=\"og:type\" content=\"article\" \/>\n<meta property=\"og:title\" content=\"SAN MICHAEL&#039;S - Nattag (Marbled) -  (LP) | Guerssen\" \/>\n<meta property=\"og:description\" content=\"The re-release of the 2 seminal psych\/prog albums by SAN MICHAEL&#039;s, the self-titled (1971) one and Natt\u00e5g (1972), overlaps not at all coincidentally with the appearance of Kaipa&#039;s 15th studio album Sommargryningsljus, as the fabular universe of the latter revolves around counterfactual rebirth, that is, becoming (re)born as one is getting older. These 2 evergreen albums, essential for savvy collectors of Scandinavian psych\/prog, showcase the smooth progression towards Kaipa&#039;s sonic multiverse, bordering on the porous dividing line between psychedelia (with a Made-in- Sweden pedigree) and European progressive, and driven by Hans Lundin&#039;s ferocious organplaying that alternates between swirling ultra-groovy psychedelia and imposing kraut-ish segments. Both albums, produced by Leif Mases, have been remastered by sound meister Martin Igelstr\u00f6m for your maximum audio pleasure, and come in ultra-limited pressings of 200 numbered copies + 2-page insert with bio and rare studio and live photos, in splatter (1st ) and marble (Nattag) vinyl.File nearby: Blakulla, Blue Sun, Dice, Kaipa, Made in Sweden, Mecki Mark Men, Panta Rei, Trettio\u00e5riga Kriget.Vinyl 180 gr., strictly limited pressing of 200 numbered copies.NB: Not to be confused with St. Mikael or Cosmic Michael.\" \/>\n<meta property=\"og:url\" content=\"https:\/\/wpguerssen-test.odoo.rgbconsulting.com\/es\/producto\/nattag-marbled\/\" \/>\n<meta property=\"og:site_name\" content=\"Guerssen records\" \/>\n<meta property=\"article:modified_time\" content=\"2025-03-03T15:07:32+00:00\" \/>\n<meta property=\"og:image\" content=\"https:\/\/wpguerssen-test.odoo.rgbconsulting.com\/wp-content\/uploads\/2024\/06\/48220.jpg\" \/>\n\t<meta property=\"og:image:width\" content=\"584\" \/>\n\t<meta property=\"og:image:height\" content=\"601\" \/>\n\t<meta property=\"og:image:type\" content=\"image\/jpeg\" \/>\n<meta name=\"twitter:card\" content=\"summary_large_image\" \/>\n<meta name=\"twitter:title\" content=\"SAN MICHAEL&#039;S - Nattag (Marbled) -  (LP) | Guerssen\" \/>\n<meta name=\"twitter:label1\" content=\"Tiempo de lectura\" \/>\n\t<meta name=\"twitter:data1\" content=\"1 minuto\" \/>\n<script type=\"application\/ld+json\" class=\"yoast-schema-graph\">{\"@context\":\"https:\/\/schema.org\",\"@graph\":[{\"@type\":\"WebPage\",\"@id\":\"https:\/\/wpguerssen-test.odoo.rgbconsulting.com\/es\/producto\/nattag-marbled\/\",\"url\":\"https:\/\/wpguerssen-test.odoo.rgbconsulting.com\/es\/producto\/nattag-marbled\/\",\"name\":\"SAN MICHAEL'S - Nattag (Marbled) - (LP) | Guerssen\",\"isPartOf\":{\"@id\":\"https:\/\/wpguerssen-test.odoo.rgbconsulting.com\/es\/#website\"},\"primaryImageOfPage\":{\"@id\":\"https:\/\/wpguerssen-test.odoo.rgbconsulting.com\/es\/producto\/nattag-marbled\/#primaryimage\"},\"image\":{\"@id\":\"https:\/\/wpguerssen-test.odoo.rgbconsulting.com\/es\/producto\/nattag-marbled\/#primaryimage\"},\"thumbnailUrl\":\"https:\/\/wpguerssen-test.odoo.rgbconsulting.com\/wp-content\/uploads\/2024\/06\/48220.jpg\",\"datePublished\":\"2024-09-24T22:00:00+00:00\",\"dateModified\":\"2025-03-03T15:07:32+00:00\",\"description\":\"The re-release of the 2 seminal psych\/prog albums by SAN MICHAEL's, the self-titled (1971) one and Natt\u00e5g (1972), overlaps not at all coincidentally with the appearance of Kaipa's 15th studio album Sommargryningsljus, as the fabular universe of the latter revolves around counterfactual rebirth, that is, becoming (re)born as one is getting older. These 2 evergreen albums, essential for savvy collectors of Scandinavian psych\/prog, showcase the smooth progression towards Kaipa's sonic multiverse, bordering on the porous dividing line between psychedelia (with a Made-in- Sweden pedigree) and European progressive, and driven by Hans Lundin's ferocious organplaying that alternates between swirling ultra-groovy psychedelia and imposing kraut-ish segments. Both albums, produced by Leif Mases, have been remastered by sound meister Martin Igelstr\u00f6m for your maximum audio pleasure, and come in ultra-limited pressings of 200 numbered copies + 2-page insert with bio and rare studio and live photos, in splatter (1st ) and marble (Nattag) vinyl.File nearby: Blakulla, Blue Sun, Dice, Kaipa, Made in Sweden, Mecki Mark Men, Panta Rei, Trettio\u00e5riga Kriget.Vinyl 180 gr., strictly limited pressing of 200 numbered copies.NB: Not to be confused with St. Mikael or Cosmic Michael.\",\"breadcrumb\":{\"@id\":\"https:\/\/wpguerssen-test.odoo.rgbconsulting.com\/es\/producto\/nattag-marbled\/#breadcrumb\"},\"inLanguage\":\"es\",\"potentialAction\":[{\"@type\":\"ReadAction\",\"target\":[\"https:\/\/wpguerssen-test.odoo.rgbconsulting.com\/es\/producto\/nattag-marbled\/\"]}]},{\"@type\":\"ImageObject\",\"inLanguage\":\"es\",\"@id\":\"https:\/\/wpguerssen-test.odoo.rgbconsulting.com\/es\/producto\/nattag-marbled\/#primaryimage\",\"url\":\"https:\/\/wpguerssen-test.odoo.rgbconsulting.com\/wp-content\/uploads\/2024\/06\/48220.jpg\",\"contentUrl\":\"https:\/\/wpguerssen-test.odoo.rgbconsulting.com\/wp-content\/uploads\/2024\/06\/48220.jpg\",\"width\":584,\"height\":601},{\"@type\":\"BreadcrumbList\",\"@id\":\"https:\/\/wpguerssen-test.odoo.rgbconsulting.com\/es\/producto\/nattag-marbled\/#breadcrumb\",\"itemListElement\":[{\"@type\":\"ListItem\",\"position\":1,\"name\":\"Inicio\",\"item\":\"https:\/\/wpguerssen-test.odoo.rgbconsulting.com\/es\/\"},{\"@type\":\"ListItem\",\"position\":2,\"name\":\"Shop\",\"item\":\"https:\/\/wpguerssen-test.odoo.rgbconsulting.com\/shop\/\"},{\"@type\":\"ListItem\",\"position\":3,\"name\":\"Nattag (Marbled)\"}]},{\"@type\":\"WebSite\",\"@id\":\"https:\/\/wpguerssen-test.odoo.rgbconsulting.com\/es\/#website\",\"url\":\"https:\/\/wpguerssen-test.odoo.rgbconsulting.com\/es\/\",\"name\":\"Guerssen records\",\"description\":\"psychedelia - progressive - folk - garage \",\"publisher\":{\"@id\":\"https:\/\/wpguerssen-test.odoo.rgbconsulting.com\/es\/#organization\"},\"potentialAction\":[{\"@type\":\"SearchAction\",\"target\":{\"@type\":\"EntryPoint\",\"urlTemplate\":\"https:\/\/wpguerssen-test.odoo.rgbconsulting.com\/es\/?s={search_term_string}\"},\"query-input\":{\"@type\":\"PropertyValueSpecification\",\"valueRequired\":true,\"valueName\":\"search_term_string\"}}],\"inLanguage\":\"es\"},{\"@type\":\"Organization\",\"@id\":\"https:\/\/wpguerssen-test.odoo.rgbconsulting.com\/es\/#organization\",\"name\":\"Guerssen records\",\"url\":\"https:\/\/wpguerssen-test.odoo.rgbconsulting.com\/es\/\",\"logo\":{\"@type\":\"ImageObject\",\"inLanguage\":\"es\",\"@id\":\"https:\/\/wpguerssen-test.odoo.rgbconsulting.com\/es\/#\/schema\/logo\/image\/\",\"url\":\"https:\/\/wpguerssen-test.odoo.rgbconsulting.com\/wp-content\/uploads\/2022\/04\/Logo_Guerssen_trans_100.png\",\"contentUrl\":\"https:\/\/wpguerssen-test.odoo.rgbconsulting.com\/wp-content\/uploads\/2022\/04\/Logo_Guerssen_trans_100.png\",\"width\":122,\"height\":100,\"caption\":\"Guerssen records\"},\"image\":{\"@id\":\"https:\/\/wpguerssen-test.odoo.rgbconsulting.com\/es\/#\/schema\/logo\/image\/\"}}]}<\/script>\n<!-- \/ Yoast SEO plugin. -->","yoast_head_json":{"title":"SAN MICHAEL'S - Nattag (Marbled) -  (LP) | Guerssen","description":"The re-release of the 2 seminal psych\/prog albums by SAN MICHAEL's, the self-titled (1971) one and Natt\u00e5g (1972), overlaps not at all coincidentally with the appearance of Kaipa's 15th studio album Sommargryningsljus, as the fabular universe of the latter revolves around counterfactual rebirth, that is, becoming (re)born as one is getting older. These 2 evergreen albums, essential for savvy collectors of Scandinavian psych\/prog, showcase the smooth progression towards Kaipa's sonic multiverse, bordering on the porous dividing line between psychedelia (with a Made-in- Sweden pedigree) and European progressive, and driven by Hans Lundin's ferocious organplaying that alternates between swirling ultra-groovy psychedelia and imposing kraut-ish segments. Both albums, produced by Leif Mases, have been remastered by sound meister Martin Igelstr\u00f6m for your maximum audio pleasure, and come in ultra-limited pressings of 200 numbered copies + 2-page insert with bio and rare studio and live photos, in splatter (1st ) and marble (Nattag) vinyl.File nearby: Blakulla, Blue Sun, Dice, Kaipa, Made in Sweden, Mecki Mark Men, Panta Rei, Trettio\u00e5riga Kriget.Vinyl 180 gr., strictly limited pressing of 200 numbered copies.NB: Not to be confused with St. Mikael or Cosmic Michael.","robots":{"index":"index","follow":"follow","max-snippet":"max-snippet:-1","max-image-preview":"max-image-preview:large","max-video-preview":"max-video-preview:-1"},"canonical":"https:\/\/wpguerssen-test.odoo.rgbconsulting.com\/es\/producto\/nattag-marbled\/","og_locale":"es_ES","og_type":"article","og_title":"SAN MICHAEL'S - Nattag (Marbled) -  (LP) | Guerssen","og_description":"The re-release of the 2 seminal psych\/prog albums by SAN MICHAEL's, the self-titled (1971) one and Natt\u00e5g (1972), overlaps not at all coincidentally with the appearance of Kaipa's 15th studio album Sommargryningsljus, as the fabular universe of the latter revolves around counterfactual rebirth, that is, becoming (re)born as one is getting older. These 2 evergreen albums, essential for savvy collectors of Scandinavian psych\/prog, showcase the smooth progression towards Kaipa's sonic multiverse, bordering on the porous dividing line between psychedelia (with a Made-in- Sweden pedigree) and European progressive, and driven by Hans Lundin's ferocious organplaying that alternates between swirling ultra-groovy psychedelia and imposing kraut-ish segments. Both albums, produced by Leif Mases, have been remastered by sound meister Martin Igelstr\u00f6m for your maximum audio pleasure, and come in ultra-limited pressings of 200 numbered copies + 2-page insert with bio and rare studio and live photos, in splatter (1st ) and marble (Nattag) vinyl.File nearby: Blakulla, Blue Sun, Dice, Kaipa, Made in Sweden, Mecki Mark Men, Panta Rei, Trettio\u00e5riga Kriget.Vinyl 180 gr., strictly limited pressing of 200 numbered copies.NB: Not to be confused with St. Mikael or Cosmic Michael.","og_url":"https:\/\/wpguerssen-test.odoo.rgbconsulting.com\/es\/producto\/nattag-marbled\/","og_site_name":"Guerssen records","article_modified_time":"2025-03-03T15:07:32+00:00","og_image":[{"width":584,"height":601,"url":"https:\/\/wpguerssen-test.odoo.rgbconsulting.com\/wp-content\/uploads\/2024\/06\/48220.jpg","type":"image\/jpeg"}],"twitter_card":"summary_large_image","twitter_title":"SAN MICHAEL'S - Nattag (Marbled) -  (LP) | Guerssen","twitter_misc":{"Tiempo de lectura":"1 minuto"},"schema":{"@context":"https:\/\/schema.org","@graph":[{"@type":"WebPage","@id":"https:\/\/wpguerssen-test.odoo.rgbconsulting.com\/es\/producto\/nattag-marbled\/","url":"https:\/\/wpguerssen-test.odoo.rgbconsulting.com\/es\/producto\/nattag-marbled\/","name":"SAN MICHAEL'S - Nattag (Marbled) - (LP) | Guerssen","isPartOf":{"@id":"https:\/\/wpguerssen-test.odoo.rgbconsulting.com\/es\/#website"},"primaryImageOfPage":{"@id":"https:\/\/wpguerssen-test.odoo.rgbconsulting.com\/es\/producto\/nattag-marbled\/#primaryimage"},"image":{"@id":"https:\/\/wpguerssen-test.odoo.rgbconsulting.com\/es\/producto\/nattag-marbled\/#primaryimage"},"thumbnailUrl":"https:\/\/wpguerssen-test.odoo.rgbconsulting.com\/wp-content\/uploads\/2024\/06\/48220.jpg","datePublished":"2024-09-24T22:00:00+00:00","dateModified":"2025-03-03T15:07:32+00:00","description":"The re-release of the 2 seminal psych\/prog albums by SAN MICHAEL's, the self-titled (1971) one and Natt\u00e5g (1972), overlaps not at all coincidentally with the appearance of Kaipa's 15th studio album Sommargryningsljus, as the fabular universe of the latter revolves around counterfactual rebirth, that is, becoming (re)born as one is getting older. These 2 evergreen albums, essential for savvy collectors of Scandinavian psych\/prog, showcase the smooth progression towards Kaipa's sonic multiverse, bordering on the porous dividing line between psychedelia (with a Made-in- Sweden pedigree) and European progressive, and driven by Hans Lundin's ferocious organplaying that alternates between swirling ultra-groovy psychedelia and imposing kraut-ish segments. Both albums, produced by Leif Mases, have been remastered by sound meister Martin Igelstr\u00f6m for your maximum audio pleasure, and come in ultra-limited pressings of 200 numbered copies + 2-page insert with bio and rare studio and live photos, in splatter (1st ) and marble (Nattag) vinyl.File nearby: Blakulla, Blue Sun, Dice, Kaipa, Made in Sweden, Mecki Mark Men, Panta Rei, Trettio\u00e5riga Kriget.Vinyl 180 gr., strictly limited pressing of 200 numbered copies.NB: Not to be confused with St. Mikael or Cosmic Michael.","breadcrumb":{"@id":"https:\/\/wpguerssen-test.odoo.rgbconsulting.com\/es\/producto\/nattag-marbled\/#breadcrumb"},"inLanguage":"es","potentialAction":[{"@type":"ReadAction","target":["https:\/\/wpguerssen-test.odoo.rgbconsulting.com\/es\/producto\/nattag-marbled\/"]}]},{"@type":"ImageObject","inLanguage":"es","@id":"https:\/\/wpguerssen-test.odoo.rgbconsulting.com\/es\/producto\/nattag-marbled\/#primaryimage","url":"https:\/\/wpguerssen-test.odoo.rgbconsulting.com\/wp-content\/uploads\/2024\/06\/48220.jpg","contentUrl":"https:\/\/wpguerssen-test.odoo.rgbconsulting.com\/wp-content\/uploads\/2024\/06\/48220.jpg","width":584,"height":601},{"@type":"BreadcrumbList","@id":"https:\/\/wpguerssen-test.odoo.rgbconsulting.com\/es\/producto\/nattag-marbled\/#breadcrumb","itemListElement":[{"@type":"ListItem","position":1,"name":"Inicio","item":"https:\/\/wpguerssen-test.odoo.rgbconsulting.com\/es\/"},{"@type":"ListItem","position":2,"name":"Shop","item":"https:\/\/wpguerssen-test.odoo.rgbconsulting.com\/shop\/"},{"@type":"ListItem","position":3,"name":"Nattag (Marbled)"}]},{"@type":"WebSite","@id":"https:\/\/wpguerssen-test.odoo.rgbconsulting.com\/es\/#website","url":"https:\/\/wpguerssen-test.odoo.rgbconsulting.com\/es\/","name":"Guerssen records","description":"psychedelia - progressive - folk - garage ","publisher":{"@id":"https:\/\/wpguerssen-test.odoo.rgbconsulting.com\/es\/#organization"},"potentialAction":[{"@type":"SearchAction","target":{"@type":"EntryPoint","urlTemplate":"https:\/\/wpguerssen-test.odoo.rgbconsulting.com\/es\/?s={search_term_string}"},"query-input":{"@type":"PropertyValueSpecification","valueRequired":true,"valueName":"search_term_string"}}],"inLanguage":"es"},{"@type":"Organization","@id":"https:\/\/wpguerssen-test.odoo.rgbconsulting.com\/es\/#organization","name":"Guerssen records","url":"https:\/\/wpguerssen-test.odoo.rgbconsulting.com\/es\/","logo":{"@type":"ImageObject","inLanguage":"es","@id":"https:\/\/wpguerssen-test.odoo.rgbconsulting.com\/es\/#\/schema\/logo\/image\/","url":"https:\/\/wpguerssen-test.odoo.rgbconsulting.com\/wp-content\/uploads\/2022\/04\/Logo_Guerssen_trans_100.png","contentUrl":"https:\/\/wpguerssen-test.odoo.rgbconsulting.com\/wp-content\/uploads\/2022\/04\/Logo_Guerssen_trans_100.png","width":122,"height":100,"caption":"Guerssen records"},"image":{"@id":"https:\/\/wpguerssen-test.odoo.rgbconsulting.com\/es\/#\/schema\/logo\/image\/"}}]}},"_links":{"self":[{"href":"https:\/\/wpguerssen-test.odoo.rgbconsulting.com\/es\/wp-json\/wp\/v2\/product\/271514","targetHints":{"allow":["GET"]}}],"collection":[{"href":"https:\/\/wpguerssen-test.odoo.rgbconsulting.com\/es\/wp-json\/wp\/v2\/product"}],"about":[{"href":"https:\/\/wpguerssen-test.odoo.rgbconsulting.com\/es\/wp-json\/wp\/v2\/types\/product"}],"wp:featuredmedia":[{"embeddable":true,"href":"https:\/\/wpguerssen-test.odoo.rgbconsulting.com\/es\/wp-json\/wp\/v2\/media\/271467"}],"wp:attachment":[{"href":"https:\/\/wpguerssen-test.odoo.rgbconsulting.com\/es\/wp-json\/wp\/v2\/media?parent=271514"}],"wp:term":[{"taxonomy":"product_brand","embeddable":true,"href":"https:\/\/wpguerssen-test.odoo.rgbconsulting.com\/es\/wp-json\/wp\/v2\/product_brand?post=271514"},{"taxonomy":"product_cat","embeddable":true,"href":"https:\/\/wpguerssen-test.odoo.rgbconsulting.com\/es\/wp-json\/wp\/v2\/product_cat?post=271514"},{"taxonomy":"product_tag","embeddable":true,"href":"https:\/\/wpguerssen-test.odoo.rgbconsulting.com\/es\/wp-json\/wp\/v2\/product_tag?post=271514"}],"curies":[{"name":"wp","href":"https:\/\/api.w.org\/{rel}","templated":true}]}}