{"id":271527,"date":"2024-07-23T00:00:00","date_gmt":"2024-07-22T22:00:00","guid":{"rendered":"https:\/\/wpguerssen-test.odoo.rgbconsulting.com\/product\/vivir-sin-civilizar\/"},"modified":"2025-03-26T16:58:10","modified_gmt":"2025-03-26T15:58:10","slug":"vivir-sin-civilizar","status":"publish","type":"product","link":"https:\/\/wpguerssen-test.odoo.rgbconsulting.com\/es\/producto\/vivir-sin-civilizar\/","title":{"rendered":"Vivir Sin Civilizar"},"content":{"rendered":"<p>No es necesario buscar mucho para encontrar una banda consistentemente sorprendente dentro del g\u00e9nero garage rock. Mire a Espa\u00f1a, espec\u00edficamente a la ciudad costera asturiana de Gij\u00f3n. All\u00ed, uno de los nombres legendarios de la notoriamente estridente escena garage espa\u00f1ola contin\u00faa construyendo sobre su legado constantemente labrado que abarca ocho \u00e1lbumes, casi dos docenas de sencillos y excursiones a trav\u00e9s de las zonas horarias del Viejo Mundo y las Am\u00e9ricas. Esta banda es Doctor Explosion, y su trayectoria internacional se deriva de su larga reputaci\u00f3n como una de las m\u00e1quinas de rock&#8217;n&#8217;roll m\u00e1s din\u00e1micas de Espa\u00f1a, instigando experiencias en vivo que provocan reacciones como la locura, la euforia y el todopoderoso cerebro de reptil.<br \/>Desde su asociaci\u00f3n transatl\u00e1ntica con Slovenly Recordings para su \u00faltimo disco, Superioridad Moral, Doctor Explosion ha mantenido el impulso con varios lanzamientos de sencillos nuevos en su sello Discos Circo Perrotti. Pero su \u00faltima raz\u00f3n de ser es volver a visitar el lugar donde comenz\u00f3 su misi\u00f3n de ritmo salvaje con la reedici\u00f3n de su disco debut, Vivir Sin Civilizar. Con la producci\u00f3n reelaborada y la remezcla supervisada por el miembro fundador Jorge Mu\u00f1oz-Cobo en su renombrado estudio Estudios Circo Perrotti, su afirmaci\u00f3n a continuaci\u00f3n valida que esta versi\u00f3n del disco es la representaci\u00f3n definitiva del sonido Doctor Explosion que inicialmente busc\u00f3 durante esas sesiones de grabaci\u00f3n hace 32 a\u00f1os.<\/p>\n","protected":false},"excerpt":{"rendered":"<p>No es necesario buscar mucho para encontrar una banda consistentemente sorprendente dentro del g\u00e9nero garage rock. Mire a Espa\u00f1a, espec\u00edficamente a la ciudad costera<a class=\"read\" href=\"https:\/\/wpguerssen-test.odoo.rgbconsulting.com\/es\/producto\/vivir-sin-civilizar\/\"> (...)<\/a>","protected":false},"featured_media":271572,"template":"","meta":{"_acf_changed":false},"product_brand":[],"product_cat":[23283],"product_tag":[],"class_list":{"0":"post-271527","1":"product","2":"type-product","3":"status-publish","4":"has-post-thumbnail","6":"product_cat-garagebeatrnb80-90-es","7":"pa_artist-doctor-explosion","8":"pa_format-lp-es","9":"pa_gender-garage-beat-rnb80-90-garagebeatrnb80-90","10":"pa_label-perrotti","11":"pa_location-spain-es","12":"pa_other-filters-vinyl-only-es","14":"first","15":"instock","16":"taxable","17":"shipping-taxable","18":"purchasable","19":"product-type-simple"},"acf":[],"yoast_head":"<!-- This site is optimized with the Yoast SEO plugin v24.9 - https:\/\/yoast.com\/wordpress\/plugins\/seo\/ -->\n<title>DOCTOR EXPLOSI\u00d3N - Vivir Sin Civilizar -  (LP) | Guerssen<\/title>\n<meta name=\"description\" content=\"You don&#039;t have to look hard to find a consistently astonishing band within the garage rock genre; look to Spain, specifically the Asturian seaside city of Gij\u00f3n. Over there, one of the legendary names of the notoriously raucous Spanish garage scene continues to build upon their steadily carved-out legacy that&#039;s crossed eight albums, nearly two dozen singles, and excursions across the time zones of the Old World and the Americas. This band is Doctor Explosion, and their international trajectory stems from their long-kept reputation as one of Spain&#039;s more dynamic rock n&#039; roll machines, instigating live experiences that spark such reactions as madness, exhilaration, and the almighty, reptilian-brain&#039;d get-down feeling one conjures from the loins upward!Since their trans-Atlantic partnership with Slovenly Recordings for their latest record, Superioridad Moral, Doctor Explosion has maintained momentum with several new single releases on their Discos Circo Perrotti label. But their latest raison d&#039;etre is revisiting where their wild-beat mission began with the reissue of their debut record, Vivir Sin Civilizar. With the reworked production and remixing overseen by founding member Jorge Munoz-Cobo at his renowned studio Estudios Circo Perrotti, his below claim validates that this version of the record is the definitive representation of the Doctor Explosion sound he initially sought during those recording sessions 32 years prior.\" \/>\n<meta name=\"robots\" content=\"index, follow, max-snippet:-1, max-image-preview:large, max-video-preview:-1\" \/>\n<link rel=\"canonical\" href=\"https:\/\/wpguerssen-test.odoo.rgbconsulting.com\/es\/producto\/vivir-sin-civilizar\/\" \/>\n<meta property=\"og:locale\" content=\"es_ES\" \/>\n<meta property=\"og:type\" content=\"article\" \/>\n<meta property=\"og:title\" content=\"DOCTOR EXPLOSI\u00d3N - Vivir Sin Civilizar -  (LP) | Guerssen\" \/>\n<meta property=\"og:description\" content=\"You don&#039;t have to look hard to find a consistently astonishing band within the garage rock genre; look to Spain, specifically the Asturian seaside city of Gij\u00f3n. Over there, one of the legendary names of the notoriously raucous Spanish garage scene continues to build upon their steadily carved-out legacy that&#039;s crossed eight albums, nearly two dozen singles, and excursions across the time zones of the Old World and the Americas. This band is Doctor Explosion, and their international trajectory stems from their long-kept reputation as one of Spain&#039;s more dynamic rock n&#039; roll machines, instigating live experiences that spark such reactions as madness, exhilaration, and the almighty, reptilian-brain&#039;d get-down feeling one conjures from the loins upward!Since their trans-Atlantic partnership with Slovenly Recordings for their latest record, Superioridad Moral, Doctor Explosion has maintained momentum with several new single releases on their Discos Circo Perrotti label. But their latest raison d&#039;etre is revisiting where their wild-beat mission began with the reissue of their debut record, Vivir Sin Civilizar. With the reworked production and remixing overseen by founding member Jorge Munoz-Cobo at his renowned studio Estudios Circo Perrotti, his below claim validates that this version of the record is the definitive representation of the Doctor Explosion sound he initially sought during those recording sessions 32 years prior.\" \/>\n<meta property=\"og:url\" content=\"https:\/\/wpguerssen-test.odoo.rgbconsulting.com\/es\/producto\/vivir-sin-civilizar\/\" \/>\n<meta property=\"og:site_name\" content=\"Guerssen records\" \/>\n<meta property=\"article:modified_time\" content=\"2025-03-26T15:58:10+00:00\" \/>\n<meta property=\"og:image\" content=\"https:\/\/wpguerssen-test.odoo.rgbconsulting.com\/wp-content\/uploads\/2024\/06\/48234.png\" \/>\n\t<meta property=\"og:image:width\" content=\"320\" \/>\n\t<meta property=\"og:image:height\" content=\"320\" \/>\n\t<meta property=\"og:image:type\" content=\"image\/png\" \/>\n<meta name=\"twitter:card\" content=\"summary_large_image\" \/>\n<meta name=\"twitter:title\" content=\"DOCTOR EXPLOSI\u00d3N - Vivir Sin Civilizar -  (LP) | Guerssen\" \/>\n<meta name=\"twitter:label1\" content=\"Tiempo de lectura\" \/>\n\t<meta name=\"twitter:data1\" content=\"1 minuto\" \/>\n<script type=\"application\/ld+json\" class=\"yoast-schema-graph\">{\"@context\":\"https:\/\/schema.org\",\"@graph\":[{\"@type\":\"WebPage\",\"@id\":\"https:\/\/wpguerssen-test.odoo.rgbconsulting.com\/es\/producto\/vivir-sin-civilizar\/\",\"url\":\"https:\/\/wpguerssen-test.odoo.rgbconsulting.com\/es\/producto\/vivir-sin-civilizar\/\",\"name\":\"DOCTOR EXPLOSI\u00d3N - Vivir Sin Civilizar - (LP) | Guerssen\",\"isPartOf\":{\"@id\":\"https:\/\/wpguerssen-test.odoo.rgbconsulting.com\/es\/#website\"},\"primaryImageOfPage\":{\"@id\":\"https:\/\/wpguerssen-test.odoo.rgbconsulting.com\/es\/producto\/vivir-sin-civilizar\/#primaryimage\"},\"image\":{\"@id\":\"https:\/\/wpguerssen-test.odoo.rgbconsulting.com\/es\/producto\/vivir-sin-civilizar\/#primaryimage\"},\"thumbnailUrl\":\"https:\/\/wpguerssen-test.odoo.rgbconsulting.com\/wp-content\/uploads\/2024\/06\/48234.png\",\"datePublished\":\"2024-07-22T22:00:00+00:00\",\"dateModified\":\"2025-03-26T15:58:10+00:00\",\"description\":\"You don't have to look hard to find a consistently astonishing band within the garage rock genre; look to Spain, specifically the Asturian seaside city of Gij\u00f3n. Over there, one of the legendary names of the notoriously raucous Spanish garage scene continues to build upon their steadily carved-out legacy that's crossed eight albums, nearly two dozen singles, and excursions across the time zones of the Old World and the Americas. This band is Doctor Explosion, and their international trajectory stems from their long-kept reputation as one of Spain's more dynamic rock n' roll machines, instigating live experiences that spark such reactions as madness, exhilaration, and the almighty, reptilian-brain'd get-down feeling one conjures from the loins upward!Since their trans-Atlantic partnership with Slovenly Recordings for their latest record, Superioridad Moral, Doctor Explosion has maintained momentum with several new single releases on their Discos Circo Perrotti label. But their latest raison d'etre is revisiting where their wild-beat mission began with the reissue of their debut record, Vivir Sin Civilizar. With the reworked production and remixing overseen by founding member Jorge Munoz-Cobo at his renowned studio Estudios Circo Perrotti, his below claim validates that this version of the record is the definitive representation of the Doctor Explosion sound he initially sought during those recording sessions 32 years prior.\",\"breadcrumb\":{\"@id\":\"https:\/\/wpguerssen-test.odoo.rgbconsulting.com\/es\/producto\/vivir-sin-civilizar\/#breadcrumb\"},\"inLanguage\":\"es\",\"potentialAction\":[{\"@type\":\"ReadAction\",\"target\":[\"https:\/\/wpguerssen-test.odoo.rgbconsulting.com\/es\/producto\/vivir-sin-civilizar\/\"]}]},{\"@type\":\"ImageObject\",\"inLanguage\":\"es\",\"@id\":\"https:\/\/wpguerssen-test.odoo.rgbconsulting.com\/es\/producto\/vivir-sin-civilizar\/#primaryimage\",\"url\":\"https:\/\/wpguerssen-test.odoo.rgbconsulting.com\/wp-content\/uploads\/2024\/06\/48234.png\",\"contentUrl\":\"https:\/\/wpguerssen-test.odoo.rgbconsulting.com\/wp-content\/uploads\/2024\/06\/48234.png\",\"width\":320,\"height\":320,\"caption\":\"DOCTOR EXPLOSI\u00d3N - Vivir Sin Civilizar - PERROTTI (LP) | Guerssen\"},{\"@type\":\"BreadcrumbList\",\"@id\":\"https:\/\/wpguerssen-test.odoo.rgbconsulting.com\/es\/producto\/vivir-sin-civilizar\/#breadcrumb\",\"itemListElement\":[{\"@type\":\"ListItem\",\"position\":1,\"name\":\"Inicio\",\"item\":\"https:\/\/wpguerssen-test.odoo.rgbconsulting.com\/es\/\"},{\"@type\":\"ListItem\",\"position\":2,\"name\":\"Shop\",\"item\":\"https:\/\/wpguerssen-test.odoo.rgbconsulting.com\/shop\/\"},{\"@type\":\"ListItem\",\"position\":3,\"name\":\"Vivir Sin Civilizar\"}]},{\"@type\":\"WebSite\",\"@id\":\"https:\/\/wpguerssen-test.odoo.rgbconsulting.com\/es\/#website\",\"url\":\"https:\/\/wpguerssen-test.odoo.rgbconsulting.com\/es\/\",\"name\":\"Guerssen records\",\"description\":\"psychedelia - progressive - folk - garage \",\"publisher\":{\"@id\":\"https:\/\/wpguerssen-test.odoo.rgbconsulting.com\/es\/#organization\"},\"potentialAction\":[{\"@type\":\"SearchAction\",\"target\":{\"@type\":\"EntryPoint\",\"urlTemplate\":\"https:\/\/wpguerssen-test.odoo.rgbconsulting.com\/es\/?s={search_term_string}\"},\"query-input\":{\"@type\":\"PropertyValueSpecification\",\"valueRequired\":true,\"valueName\":\"search_term_string\"}}],\"inLanguage\":\"es\"},{\"@type\":\"Organization\",\"@id\":\"https:\/\/wpguerssen-test.odoo.rgbconsulting.com\/es\/#organization\",\"name\":\"Guerssen records\",\"url\":\"https:\/\/wpguerssen-test.odoo.rgbconsulting.com\/es\/\",\"logo\":{\"@type\":\"ImageObject\",\"inLanguage\":\"es\",\"@id\":\"https:\/\/wpguerssen-test.odoo.rgbconsulting.com\/es\/#\/schema\/logo\/image\/\",\"url\":\"https:\/\/wpguerssen-test.odoo.rgbconsulting.com\/wp-content\/uploads\/2022\/04\/Logo_Guerssen_trans_100.png\",\"contentUrl\":\"https:\/\/wpguerssen-test.odoo.rgbconsulting.com\/wp-content\/uploads\/2022\/04\/Logo_Guerssen_trans_100.png\",\"width\":122,\"height\":100,\"caption\":\"Guerssen records\"},\"image\":{\"@id\":\"https:\/\/wpguerssen-test.odoo.rgbconsulting.com\/es\/#\/schema\/logo\/image\/\"}}]}<\/script>\n<!-- \/ Yoast SEO plugin. -->","yoast_head_json":{"title":"DOCTOR EXPLOSI\u00d3N - Vivir Sin Civilizar -  (LP) | Guerssen","description":"You don't have to look hard to find a consistently astonishing band within the garage rock genre; look to Spain, specifically the Asturian seaside city of Gij\u00f3n. Over there, one of the legendary names of the notoriously raucous Spanish garage scene continues to build upon their steadily carved-out legacy that's crossed eight albums, nearly two dozen singles, and excursions across the time zones of the Old World and the Americas. This band is Doctor Explosion, and their international trajectory stems from their long-kept reputation as one of Spain's more dynamic rock n' roll machines, instigating live experiences that spark such reactions as madness, exhilaration, and the almighty, reptilian-brain'd get-down feeling one conjures from the loins upward!Since their trans-Atlantic partnership with Slovenly Recordings for their latest record, Superioridad Moral, Doctor Explosion has maintained momentum with several new single releases on their Discos Circo Perrotti label. But their latest raison d'etre is revisiting where their wild-beat mission began with the reissue of their debut record, Vivir Sin Civilizar. With the reworked production and remixing overseen by founding member Jorge Munoz-Cobo at his renowned studio Estudios Circo Perrotti, his below claim validates that this version of the record is the definitive representation of the Doctor Explosion sound he initially sought during those recording sessions 32 years prior.","robots":{"index":"index","follow":"follow","max-snippet":"max-snippet:-1","max-image-preview":"max-image-preview:large","max-video-preview":"max-video-preview:-1"},"canonical":"https:\/\/wpguerssen-test.odoo.rgbconsulting.com\/es\/producto\/vivir-sin-civilizar\/","og_locale":"es_ES","og_type":"article","og_title":"DOCTOR EXPLOSI\u00d3N - Vivir Sin Civilizar -  (LP) | Guerssen","og_description":"You don't have to look hard to find a consistently astonishing band within the garage rock genre; look to Spain, specifically the Asturian seaside city of Gij\u00f3n. Over there, one of the legendary names of the notoriously raucous Spanish garage scene continues to build upon their steadily carved-out legacy that's crossed eight albums, nearly two dozen singles, and excursions across the time zones of the Old World and the Americas. This band is Doctor Explosion, and their international trajectory stems from their long-kept reputation as one of Spain's more dynamic rock n' roll machines, instigating live experiences that spark such reactions as madness, exhilaration, and the almighty, reptilian-brain'd get-down feeling one conjures from the loins upward!Since their trans-Atlantic partnership with Slovenly Recordings for their latest record, Superioridad Moral, Doctor Explosion has maintained momentum with several new single releases on their Discos Circo Perrotti label. But their latest raison d'etre is revisiting where their wild-beat mission began with the reissue of their debut record, Vivir Sin Civilizar. With the reworked production and remixing overseen by founding member Jorge Munoz-Cobo at his renowned studio Estudios Circo Perrotti, his below claim validates that this version of the record is the definitive representation of the Doctor Explosion sound he initially sought during those recording sessions 32 years prior.","og_url":"https:\/\/wpguerssen-test.odoo.rgbconsulting.com\/es\/producto\/vivir-sin-civilizar\/","og_site_name":"Guerssen records","article_modified_time":"2025-03-26T15:58:10+00:00","og_image":[{"width":320,"height":320,"url":"https:\/\/wpguerssen-test.odoo.rgbconsulting.com\/wp-content\/uploads\/2024\/06\/48234.png","type":"image\/png"}],"twitter_card":"summary_large_image","twitter_title":"DOCTOR EXPLOSI\u00d3N - Vivir Sin Civilizar -  (LP) | Guerssen","twitter_misc":{"Tiempo de lectura":"1 minuto"},"schema":{"@context":"https:\/\/schema.org","@graph":[{"@type":"WebPage","@id":"https:\/\/wpguerssen-test.odoo.rgbconsulting.com\/es\/producto\/vivir-sin-civilizar\/","url":"https:\/\/wpguerssen-test.odoo.rgbconsulting.com\/es\/producto\/vivir-sin-civilizar\/","name":"DOCTOR EXPLOSI\u00d3N - Vivir Sin Civilizar - (LP) | Guerssen","isPartOf":{"@id":"https:\/\/wpguerssen-test.odoo.rgbconsulting.com\/es\/#website"},"primaryImageOfPage":{"@id":"https:\/\/wpguerssen-test.odoo.rgbconsulting.com\/es\/producto\/vivir-sin-civilizar\/#primaryimage"},"image":{"@id":"https:\/\/wpguerssen-test.odoo.rgbconsulting.com\/es\/producto\/vivir-sin-civilizar\/#primaryimage"},"thumbnailUrl":"https:\/\/wpguerssen-test.odoo.rgbconsulting.com\/wp-content\/uploads\/2024\/06\/48234.png","datePublished":"2024-07-22T22:00:00+00:00","dateModified":"2025-03-26T15:58:10+00:00","description":"You don't have to look hard to find a consistently astonishing band within the garage rock genre; look to Spain, specifically the Asturian seaside city of Gij\u00f3n. Over there, one of the legendary names of the notoriously raucous Spanish garage scene continues to build upon their steadily carved-out legacy that's crossed eight albums, nearly two dozen singles, and excursions across the time zones of the Old World and the Americas. This band is Doctor Explosion, and their international trajectory stems from their long-kept reputation as one of Spain's more dynamic rock n' roll machines, instigating live experiences that spark such reactions as madness, exhilaration, and the almighty, reptilian-brain'd get-down feeling one conjures from the loins upward!Since their trans-Atlantic partnership with Slovenly Recordings for their latest record, Superioridad Moral, Doctor Explosion has maintained momentum with several new single releases on their Discos Circo Perrotti label. But their latest raison d'etre is revisiting where their wild-beat mission began with the reissue of their debut record, Vivir Sin Civilizar. With the reworked production and remixing overseen by founding member Jorge Munoz-Cobo at his renowned studio Estudios Circo Perrotti, his below claim validates that this version of the record is the definitive representation of the Doctor Explosion sound he initially sought during those recording sessions 32 years prior.","breadcrumb":{"@id":"https:\/\/wpguerssen-test.odoo.rgbconsulting.com\/es\/producto\/vivir-sin-civilizar\/#breadcrumb"},"inLanguage":"es","potentialAction":[{"@type":"ReadAction","target":["https:\/\/wpguerssen-test.odoo.rgbconsulting.com\/es\/producto\/vivir-sin-civilizar\/"]}]},{"@type":"ImageObject","inLanguage":"es","@id":"https:\/\/wpguerssen-test.odoo.rgbconsulting.com\/es\/producto\/vivir-sin-civilizar\/#primaryimage","url":"https:\/\/wpguerssen-test.odoo.rgbconsulting.com\/wp-content\/uploads\/2024\/06\/48234.png","contentUrl":"https:\/\/wpguerssen-test.odoo.rgbconsulting.com\/wp-content\/uploads\/2024\/06\/48234.png","width":320,"height":320,"caption":"DOCTOR EXPLOSI\u00d3N - Vivir Sin Civilizar - PERROTTI (LP) | Guerssen"},{"@type":"BreadcrumbList","@id":"https:\/\/wpguerssen-test.odoo.rgbconsulting.com\/es\/producto\/vivir-sin-civilizar\/#breadcrumb","itemListElement":[{"@type":"ListItem","position":1,"name":"Inicio","item":"https:\/\/wpguerssen-test.odoo.rgbconsulting.com\/es\/"},{"@type":"ListItem","position":2,"name":"Shop","item":"https:\/\/wpguerssen-test.odoo.rgbconsulting.com\/shop\/"},{"@type":"ListItem","position":3,"name":"Vivir Sin Civilizar"}]},{"@type":"WebSite","@id":"https:\/\/wpguerssen-test.odoo.rgbconsulting.com\/es\/#website","url":"https:\/\/wpguerssen-test.odoo.rgbconsulting.com\/es\/","name":"Guerssen records","description":"psychedelia - progressive - folk - garage ","publisher":{"@id":"https:\/\/wpguerssen-test.odoo.rgbconsulting.com\/es\/#organization"},"potentialAction":[{"@type":"SearchAction","target":{"@type":"EntryPoint","urlTemplate":"https:\/\/wpguerssen-test.odoo.rgbconsulting.com\/es\/?s={search_term_string}"},"query-input":{"@type":"PropertyValueSpecification","valueRequired":true,"valueName":"search_term_string"}}],"inLanguage":"es"},{"@type":"Organization","@id":"https:\/\/wpguerssen-test.odoo.rgbconsulting.com\/es\/#organization","name":"Guerssen records","url":"https:\/\/wpguerssen-test.odoo.rgbconsulting.com\/es\/","logo":{"@type":"ImageObject","inLanguage":"es","@id":"https:\/\/wpguerssen-test.odoo.rgbconsulting.com\/es\/#\/schema\/logo\/image\/","url":"https:\/\/wpguerssen-test.odoo.rgbconsulting.com\/wp-content\/uploads\/2022\/04\/Logo_Guerssen_trans_100.png","contentUrl":"https:\/\/wpguerssen-test.odoo.rgbconsulting.com\/wp-content\/uploads\/2022\/04\/Logo_Guerssen_trans_100.png","width":122,"height":100,"caption":"Guerssen records"},"image":{"@id":"https:\/\/wpguerssen-test.odoo.rgbconsulting.com\/es\/#\/schema\/logo\/image\/"}}]}},"_links":{"self":[{"href":"https:\/\/wpguerssen-test.odoo.rgbconsulting.com\/es\/wp-json\/wp\/v2\/product\/271527","targetHints":{"allow":["GET"]}}],"collection":[{"href":"https:\/\/wpguerssen-test.odoo.rgbconsulting.com\/es\/wp-json\/wp\/v2\/product"}],"about":[{"href":"https:\/\/wpguerssen-test.odoo.rgbconsulting.com\/es\/wp-json\/wp\/v2\/types\/product"}],"wp:featuredmedia":[{"embeddable":true,"href":"https:\/\/wpguerssen-test.odoo.rgbconsulting.com\/es\/wp-json\/wp\/v2\/media\/271572"}],"wp:attachment":[{"href":"https:\/\/wpguerssen-test.odoo.rgbconsulting.com\/es\/wp-json\/wp\/v2\/media?parent=271527"}],"wp:term":[{"taxonomy":"product_brand","embeddable":true,"href":"https:\/\/wpguerssen-test.odoo.rgbconsulting.com\/es\/wp-json\/wp\/v2\/product_brand?post=271527"},{"taxonomy":"product_cat","embeddable":true,"href":"https:\/\/wpguerssen-test.odoo.rgbconsulting.com\/es\/wp-json\/wp\/v2\/product_cat?post=271527"},{"taxonomy":"product_tag","embeddable":true,"href":"https:\/\/wpguerssen-test.odoo.rgbconsulting.com\/es\/wp-json\/wp\/v2\/product_tag?post=271527"}],"curies":[{"name":"wp","href":"https:\/\/api.w.org\/{rel}","templated":true}]}}