{"id":271607,"date":"2022-10-05T00:00:00","date_gmt":"2022-10-04T22:00:00","guid":{"rendered":"https:\/\/wpguerssen-test.odoo.rgbconsulting.com\/product\/jazz-mood\/"},"modified":"2024-11-26T16:59:15","modified_gmt":"2024-11-26T15:59:15","slug":"jazz-mood","status":"publish","type":"product","link":"https:\/\/wpguerssen-test.odoo.rgbconsulting.com\/es\/producto\/jazz-mood\/","title":{"rendered":"Jazz Mood"},"content":{"rendered":"<p>Un multiinstrumentista que reconfigur\u00f3 el jazz muchas veces durante su larga carrera, Yusef Lateef salt\u00f3 a la fama a fines de la d\u00e9cada de 1950, despu\u00e9s de haber estado de gira con Dizzy Gillespie. Jazz Mood data de 1957, cuando su quinteto ten\u00eda algunos de los mejores de Detroit, incluido el hermano de Alice Coltrane, Ernest Farrow, en el bajo y el futuro mensajero del jazz, Curtis Fuller, en el tromb\u00f3n. El uso de un argol en &#8216;Metaphor&#8217; y un rabat y platillos de dedo en &#8216;Morning&#8217; apuntan a la base isl\u00e1mica de Lateef y su creencia de que la m\u00fasica tiene un prop\u00f3sito superior; esta edici\u00f3n tiene el bonus track &#8216;Passion&#8217;, del igualmente excelente Before Dawn. Rico, profundo y variado, esta m\u00fasica es obligatoria para todos los amantes del jazz.<\/p>\n","protected":false},"excerpt":{"rendered":"<p>Un multiinstrumentista que reconfigur\u00f3 el jazz muchas veces durante su larga carrera, Yusef Lateef salt\u00f3 a la fama a fines de la d\u00e9cada de 1950, despu\u00e9s de haber<a class=\"read\" href=\"https:\/\/wpguerssen-test.odoo.rgbconsulting.com\/es\/producto\/jazz-mood\/\"> (...)<\/a>","protected":false},"featured_media":218440,"template":"","meta":{"_acf_changed":false},"product_brand":[],"product_cat":[23227],"product_tag":[],"class_list":{"0":"post-271607","1":"product","2":"type-product","3":"status-publish","4":"has-post-thumbnail","6":"product_cat-jazz-es","7":"pa_artist-lateef-yusef","8":"pa_format-lp-es","9":"pa_gender-jazz","10":"pa_label-survival-research","11":"pa_location-north-america-es","12":"pa_other-filters-vinyl-only-es","14":"first","15":"instock","16":"taxable","17":"shipping-taxable","18":"purchasable","19":"product-type-simple"},"acf":[],"yoast_head":"<!-- This site is optimized with the Yoast SEO plugin v24.9 - https:\/\/yoast.com\/wordpress\/plugins\/seo\/ -->\n<title>LATEEF, Yusef - Jazz Mood -  (LP) | Guerssen<\/title>\n<meta name=\"description\" content=\"A multi-instrumentalist who reconfigured jazz many times during his long career, Yusef Lateef came to prominence in the late 1950s, after having toured with Dizzy Gillespie. Jazz Mood dates from 1957, when his Quintet had some of Detroit&#039;s finest, including Alice Coltrane&#039;s brother Ernest Farrow on bass and future Jazz Messenger Curtis Fuller on trombone. The use of an argol on &#039;Metaphor&#039; and a rabat and finger cymbals on &#039;Morning&#039; point to Lateef&#039;s Islamic grounding and his belief that music serves a higher purpose; this edition has bonus track &#039;Passion,&#039; from the equally excellent Before Dawn. Rich, deep, and varied, this is required listening for all serious jazz heads.\" \/>\n<meta name=\"robots\" content=\"index, follow, max-snippet:-1, max-image-preview:large, max-video-preview:-1\" \/>\n<link rel=\"canonical\" href=\"https:\/\/wpguerssen-test.odoo.rgbconsulting.com\/es\/producto\/jazz-mood\/\" \/>\n<meta property=\"og:locale\" content=\"es_ES\" \/>\n<meta property=\"og:type\" content=\"article\" \/>\n<meta property=\"og:title\" content=\"LATEEF, Yusef - Jazz Mood -  (LP) | Guerssen\" \/>\n<meta property=\"og:description\" content=\"A multi-instrumentalist who reconfigured jazz many times during his long career, Yusef Lateef came to prominence in the late 1950s, after having toured with Dizzy Gillespie. Jazz Mood dates from 1957, when his Quintet had some of Detroit&#039;s finest, including Alice Coltrane&#039;s brother Ernest Farrow on bass and future Jazz Messenger Curtis Fuller on trombone. The use of an argol on &#039;Metaphor&#039; and a rabat and finger cymbals on &#039;Morning&#039; point to Lateef&#039;s Islamic grounding and his belief that music serves a higher purpose; this edition has bonus track &#039;Passion,&#039; from the equally excellent Before Dawn. Rich, deep, and varied, this is required listening for all serious jazz heads.\" \/>\n<meta property=\"og:url\" content=\"https:\/\/wpguerssen-test.odoo.rgbconsulting.com\/es\/producto\/jazz-mood\/\" \/>\n<meta property=\"og:site_name\" content=\"Guerssen records\" \/>\n<meta property=\"article:modified_time\" content=\"2024-11-26T15:59:15+00:00\" \/>\n<meta property=\"og:image\" content=\"https:\/\/wpguerssen-test.odoo.rgbconsulting.com\/wp-content\/uploads\/2022\/09\/41925.jpg\" \/>\n\t<meta property=\"og:image:width\" content=\"660\" \/>\n\t<meta property=\"og:image:height\" content=\"660\" \/>\n\t<meta property=\"og:image:type\" content=\"image\/jpeg\" \/>\n<meta name=\"twitter:card\" content=\"summary_large_image\" \/>\n<meta name=\"twitter:title\" content=\"LATEEF, Yusef - Jazz Mood -  (LP) | Guerssen\" \/>\n<meta name=\"twitter:label1\" content=\"Tiempo de lectura\" \/>\n\t<meta name=\"twitter:data1\" content=\"1 minuto\" \/>\n<script type=\"application\/ld+json\" class=\"yoast-schema-graph\">{\"@context\":\"https:\/\/schema.org\",\"@graph\":[{\"@type\":\"WebPage\",\"@id\":\"https:\/\/wpguerssen-test.odoo.rgbconsulting.com\/es\/producto\/jazz-mood\/\",\"url\":\"https:\/\/wpguerssen-test.odoo.rgbconsulting.com\/es\/producto\/jazz-mood\/\",\"name\":\"LATEEF, Yusef - Jazz Mood - (LP) | Guerssen\",\"isPartOf\":{\"@id\":\"https:\/\/wpguerssen-test.odoo.rgbconsulting.com\/es\/#website\"},\"primaryImageOfPage\":{\"@id\":\"https:\/\/wpguerssen-test.odoo.rgbconsulting.com\/es\/producto\/jazz-mood\/#primaryimage\"},\"image\":{\"@id\":\"https:\/\/wpguerssen-test.odoo.rgbconsulting.com\/es\/producto\/jazz-mood\/#primaryimage\"},\"thumbnailUrl\":\"https:\/\/wpguerssen-test.odoo.rgbconsulting.com\/wp-content\/uploads\/2022\/09\/41925.jpg\",\"datePublished\":\"2022-10-04T22:00:00+00:00\",\"dateModified\":\"2024-11-26T15:59:15+00:00\",\"description\":\"A multi-instrumentalist who reconfigured jazz many times during his long career, Yusef Lateef came to prominence in the late 1950s, after having toured with Dizzy Gillespie. Jazz Mood dates from 1957, when his Quintet had some of Detroit's finest, including Alice Coltrane's brother Ernest Farrow on bass and future Jazz Messenger Curtis Fuller on trombone. The use of an argol on 'Metaphor' and a rabat and finger cymbals on 'Morning' point to Lateef's Islamic grounding and his belief that music serves a higher purpose; this edition has bonus track 'Passion,' from the equally excellent Before Dawn. Rich, deep, and varied, this is required listening for all serious jazz heads.\",\"breadcrumb\":{\"@id\":\"https:\/\/wpguerssen-test.odoo.rgbconsulting.com\/es\/producto\/jazz-mood\/#breadcrumb\"},\"inLanguage\":\"es\",\"potentialAction\":[{\"@type\":\"ReadAction\",\"target\":[\"https:\/\/wpguerssen-test.odoo.rgbconsulting.com\/es\/producto\/jazz-mood\/\"]}]},{\"@type\":\"ImageObject\",\"inLanguage\":\"es\",\"@id\":\"https:\/\/wpguerssen-test.odoo.rgbconsulting.com\/es\/producto\/jazz-mood\/#primaryimage\",\"url\":\"https:\/\/wpguerssen-test.odoo.rgbconsulting.com\/wp-content\/uploads\/2022\/09\/41925.jpg\",\"contentUrl\":\"https:\/\/wpguerssen-test.odoo.rgbconsulting.com\/wp-content\/uploads\/2022\/09\/41925.jpg\",\"width\":660,\"height\":660,\"caption\":\"Yusef - Jazz Mood - SURVIVAL RESEARCH (LP) | Guerssen\"},{\"@type\":\"BreadcrumbList\",\"@id\":\"https:\/\/wpguerssen-test.odoo.rgbconsulting.com\/es\/producto\/jazz-mood\/#breadcrumb\",\"itemListElement\":[{\"@type\":\"ListItem\",\"position\":1,\"name\":\"Inicio\",\"item\":\"https:\/\/wpguerssen-test.odoo.rgbconsulting.com\/es\/\"},{\"@type\":\"ListItem\",\"position\":2,\"name\":\"Shop\",\"item\":\"https:\/\/wpguerssen-test.odoo.rgbconsulting.com\/shop\/\"},{\"@type\":\"ListItem\",\"position\":3,\"name\":\"Jazz Mood\"}]},{\"@type\":\"WebSite\",\"@id\":\"https:\/\/wpguerssen-test.odoo.rgbconsulting.com\/es\/#website\",\"url\":\"https:\/\/wpguerssen-test.odoo.rgbconsulting.com\/es\/\",\"name\":\"Guerssen records\",\"description\":\"psychedelia - progressive - folk - garage \",\"publisher\":{\"@id\":\"https:\/\/wpguerssen-test.odoo.rgbconsulting.com\/es\/#organization\"},\"potentialAction\":[{\"@type\":\"SearchAction\",\"target\":{\"@type\":\"EntryPoint\",\"urlTemplate\":\"https:\/\/wpguerssen-test.odoo.rgbconsulting.com\/es\/?s={search_term_string}\"},\"query-input\":{\"@type\":\"PropertyValueSpecification\",\"valueRequired\":true,\"valueName\":\"search_term_string\"}}],\"inLanguage\":\"es\"},{\"@type\":\"Organization\",\"@id\":\"https:\/\/wpguerssen-test.odoo.rgbconsulting.com\/es\/#organization\",\"name\":\"Guerssen records\",\"url\":\"https:\/\/wpguerssen-test.odoo.rgbconsulting.com\/es\/\",\"logo\":{\"@type\":\"ImageObject\",\"inLanguage\":\"es\",\"@id\":\"https:\/\/wpguerssen-test.odoo.rgbconsulting.com\/es\/#\/schema\/logo\/image\/\",\"url\":\"https:\/\/wpguerssen-test.odoo.rgbconsulting.com\/wp-content\/uploads\/2022\/04\/Logo_Guerssen_trans_100.png\",\"contentUrl\":\"https:\/\/wpguerssen-test.odoo.rgbconsulting.com\/wp-content\/uploads\/2022\/04\/Logo_Guerssen_trans_100.png\",\"width\":122,\"height\":100,\"caption\":\"Guerssen records\"},\"image\":{\"@id\":\"https:\/\/wpguerssen-test.odoo.rgbconsulting.com\/es\/#\/schema\/logo\/image\/\"}}]}<\/script>\n<!-- \/ Yoast SEO plugin. -->","yoast_head_json":{"title":"LATEEF, Yusef - Jazz Mood -  (LP) | Guerssen","description":"A multi-instrumentalist who reconfigured jazz many times during his long career, Yusef Lateef came to prominence in the late 1950s, after having toured with Dizzy Gillespie. Jazz Mood dates from 1957, when his Quintet had some of Detroit's finest, including Alice Coltrane's brother Ernest Farrow on bass and future Jazz Messenger Curtis Fuller on trombone. The use of an argol on 'Metaphor' and a rabat and finger cymbals on 'Morning' point to Lateef's Islamic grounding and his belief that music serves a higher purpose; this edition has bonus track 'Passion,' from the equally excellent Before Dawn. Rich, deep, and varied, this is required listening for all serious jazz heads.","robots":{"index":"index","follow":"follow","max-snippet":"max-snippet:-1","max-image-preview":"max-image-preview:large","max-video-preview":"max-video-preview:-1"},"canonical":"https:\/\/wpguerssen-test.odoo.rgbconsulting.com\/es\/producto\/jazz-mood\/","og_locale":"es_ES","og_type":"article","og_title":"LATEEF, Yusef - Jazz Mood -  (LP) | Guerssen","og_description":"A multi-instrumentalist who reconfigured jazz many times during his long career, Yusef Lateef came to prominence in the late 1950s, after having toured with Dizzy Gillespie. Jazz Mood dates from 1957, when his Quintet had some of Detroit's finest, including Alice Coltrane's brother Ernest Farrow on bass and future Jazz Messenger Curtis Fuller on trombone. The use of an argol on 'Metaphor' and a rabat and finger cymbals on 'Morning' point to Lateef's Islamic grounding and his belief that music serves a higher purpose; this edition has bonus track 'Passion,' from the equally excellent Before Dawn. Rich, deep, and varied, this is required listening for all serious jazz heads.","og_url":"https:\/\/wpguerssen-test.odoo.rgbconsulting.com\/es\/producto\/jazz-mood\/","og_site_name":"Guerssen records","article_modified_time":"2024-11-26T15:59:15+00:00","og_image":[{"width":660,"height":660,"url":"https:\/\/wpguerssen-test.odoo.rgbconsulting.com\/wp-content\/uploads\/2022\/09\/41925.jpg","type":"image\/jpeg"}],"twitter_card":"summary_large_image","twitter_title":"LATEEF, Yusef - Jazz Mood -  (LP) | Guerssen","twitter_misc":{"Tiempo de lectura":"1 minuto"},"schema":{"@context":"https:\/\/schema.org","@graph":[{"@type":"WebPage","@id":"https:\/\/wpguerssen-test.odoo.rgbconsulting.com\/es\/producto\/jazz-mood\/","url":"https:\/\/wpguerssen-test.odoo.rgbconsulting.com\/es\/producto\/jazz-mood\/","name":"LATEEF, Yusef - Jazz Mood - (LP) | Guerssen","isPartOf":{"@id":"https:\/\/wpguerssen-test.odoo.rgbconsulting.com\/es\/#website"},"primaryImageOfPage":{"@id":"https:\/\/wpguerssen-test.odoo.rgbconsulting.com\/es\/producto\/jazz-mood\/#primaryimage"},"image":{"@id":"https:\/\/wpguerssen-test.odoo.rgbconsulting.com\/es\/producto\/jazz-mood\/#primaryimage"},"thumbnailUrl":"https:\/\/wpguerssen-test.odoo.rgbconsulting.com\/wp-content\/uploads\/2022\/09\/41925.jpg","datePublished":"2022-10-04T22:00:00+00:00","dateModified":"2024-11-26T15:59:15+00:00","description":"A multi-instrumentalist who reconfigured jazz many times during his long career, Yusef Lateef came to prominence in the late 1950s, after having toured with Dizzy Gillespie. Jazz Mood dates from 1957, when his Quintet had some of Detroit's finest, including Alice Coltrane's brother Ernest Farrow on bass and future Jazz Messenger Curtis Fuller on trombone. The use of an argol on 'Metaphor' and a rabat and finger cymbals on 'Morning' point to Lateef's Islamic grounding and his belief that music serves a higher purpose; this edition has bonus track 'Passion,' from the equally excellent Before Dawn. Rich, deep, and varied, this is required listening for all serious jazz heads.","breadcrumb":{"@id":"https:\/\/wpguerssen-test.odoo.rgbconsulting.com\/es\/producto\/jazz-mood\/#breadcrumb"},"inLanguage":"es","potentialAction":[{"@type":"ReadAction","target":["https:\/\/wpguerssen-test.odoo.rgbconsulting.com\/es\/producto\/jazz-mood\/"]}]},{"@type":"ImageObject","inLanguage":"es","@id":"https:\/\/wpguerssen-test.odoo.rgbconsulting.com\/es\/producto\/jazz-mood\/#primaryimage","url":"https:\/\/wpguerssen-test.odoo.rgbconsulting.com\/wp-content\/uploads\/2022\/09\/41925.jpg","contentUrl":"https:\/\/wpguerssen-test.odoo.rgbconsulting.com\/wp-content\/uploads\/2022\/09\/41925.jpg","width":660,"height":660,"caption":"Yusef - Jazz Mood - SURVIVAL RESEARCH (LP) | Guerssen"},{"@type":"BreadcrumbList","@id":"https:\/\/wpguerssen-test.odoo.rgbconsulting.com\/es\/producto\/jazz-mood\/#breadcrumb","itemListElement":[{"@type":"ListItem","position":1,"name":"Inicio","item":"https:\/\/wpguerssen-test.odoo.rgbconsulting.com\/es\/"},{"@type":"ListItem","position":2,"name":"Shop","item":"https:\/\/wpguerssen-test.odoo.rgbconsulting.com\/shop\/"},{"@type":"ListItem","position":3,"name":"Jazz Mood"}]},{"@type":"WebSite","@id":"https:\/\/wpguerssen-test.odoo.rgbconsulting.com\/es\/#website","url":"https:\/\/wpguerssen-test.odoo.rgbconsulting.com\/es\/","name":"Guerssen records","description":"psychedelia - progressive - folk - garage ","publisher":{"@id":"https:\/\/wpguerssen-test.odoo.rgbconsulting.com\/es\/#organization"},"potentialAction":[{"@type":"SearchAction","target":{"@type":"EntryPoint","urlTemplate":"https:\/\/wpguerssen-test.odoo.rgbconsulting.com\/es\/?s={search_term_string}"},"query-input":{"@type":"PropertyValueSpecification","valueRequired":true,"valueName":"search_term_string"}}],"inLanguage":"es"},{"@type":"Organization","@id":"https:\/\/wpguerssen-test.odoo.rgbconsulting.com\/es\/#organization","name":"Guerssen records","url":"https:\/\/wpguerssen-test.odoo.rgbconsulting.com\/es\/","logo":{"@type":"ImageObject","inLanguage":"es","@id":"https:\/\/wpguerssen-test.odoo.rgbconsulting.com\/es\/#\/schema\/logo\/image\/","url":"https:\/\/wpguerssen-test.odoo.rgbconsulting.com\/wp-content\/uploads\/2022\/04\/Logo_Guerssen_trans_100.png","contentUrl":"https:\/\/wpguerssen-test.odoo.rgbconsulting.com\/wp-content\/uploads\/2022\/04\/Logo_Guerssen_trans_100.png","width":122,"height":100,"caption":"Guerssen records"},"image":{"@id":"https:\/\/wpguerssen-test.odoo.rgbconsulting.com\/es\/#\/schema\/logo\/image\/"}}]}},"_links":{"self":[{"href":"https:\/\/wpguerssen-test.odoo.rgbconsulting.com\/es\/wp-json\/wp\/v2\/product\/271607","targetHints":{"allow":["GET"]}}],"collection":[{"href":"https:\/\/wpguerssen-test.odoo.rgbconsulting.com\/es\/wp-json\/wp\/v2\/product"}],"about":[{"href":"https:\/\/wpguerssen-test.odoo.rgbconsulting.com\/es\/wp-json\/wp\/v2\/types\/product"}],"wp:featuredmedia":[{"embeddable":true,"href":"https:\/\/wpguerssen-test.odoo.rgbconsulting.com\/es\/wp-json\/wp\/v2\/media\/218440"}],"wp:attachment":[{"href":"https:\/\/wpguerssen-test.odoo.rgbconsulting.com\/es\/wp-json\/wp\/v2\/media?parent=271607"}],"wp:term":[{"taxonomy":"product_brand","embeddable":true,"href":"https:\/\/wpguerssen-test.odoo.rgbconsulting.com\/es\/wp-json\/wp\/v2\/product_brand?post=271607"},{"taxonomy":"product_cat","embeddable":true,"href":"https:\/\/wpguerssen-test.odoo.rgbconsulting.com\/es\/wp-json\/wp\/v2\/product_cat?post=271607"},{"taxonomy":"product_tag","embeddable":true,"href":"https:\/\/wpguerssen-test.odoo.rgbconsulting.com\/es\/wp-json\/wp\/v2\/product_tag?post=271607"}],"curies":[{"name":"wp","href":"https:\/\/api.w.org\/{rel}","templated":true}]}}