{"id":271609,"date":"2024-07-21T00:00:00","date_gmt":"2024-07-20T22:00:00","guid":{"rendered":"https:\/\/wpguerssen-test.odoo.rgbconsulting.com\/product\/woodstock-1994-2\/"},"modified":"2025-02-20T18:38:12","modified_gmt":"2025-02-20T17:38:12","slug":"woodstock-1994-2","status":"publish","type":"product","link":"https:\/\/wpguerssen-test.odoo.rgbconsulting.com\/es\/producto\/woodstock-1994-2\/","title":{"rendered":"Woodstock 1994"},"content":{"rendered":"<p>Este vinilo contiene el set completo de Cypress Hill en vivo en Woodstock en 1994, el concierto que oficialmente convirti\u00f3 al percusionista Eric Bobo en miembro del grupo y el a\u00f1o en que los cr\u00edticos y lectores de la revista Rolling Stone los nombraron Mejor Grupo de Rap. La sensaci\u00f3n pionera del hip-hop dej\u00f3 una huella indeleble en los asistentes al festival en la reposici\u00f3n del ic\u00f3nico encuentro de 1969. La multitud de la generaci\u00f3n X estaba entusiasmada con la poes\u00eda callejera de B-Real y Sen Dog mientras el aire se llenaba de humo de una mano gigante que sosten\u00eda un porro plantado en el medio del escenario. Un momento inolvidable en la m\u00fasica ahora en vinilo.<\/p>\n","protected":false},"excerpt":{"rendered":"<p>Este vinilo contiene el set completo de Cypress Hill en vivo en Woodstock en 1994, el concierto que oficialmente convirti\u00f3 al percusionista Eric Bobo en miembro del<a class=\"read\" href=\"https:\/\/wpguerssen-test.odoo.rgbconsulting.com\/es\/producto\/woodstock-1994-2\/\"> (...)<\/a>","protected":false},"featured_media":271581,"template":"","meta":{"_acf_changed":false},"product_brand":[],"product_cat":[21706],"product_tag":[],"class_list":{"0":"post-271609","1":"product","2":"type-product","3":"status-publish","4":"has-post-thumbnail","6":"product_cat-rap-hip-hop-es","7":"pa_artist-cypress-hill-es","8":"pa_format-lp-es","9":"pa_gender-rap-hip-hop","10":"pa_label-cult-legends","11":"pa_location-north-america-es","12":"pa_other-filters-vinyl-only-es","14":"first","15":"instock","16":"taxable","17":"shipping-taxable","18":"purchasable","19":"product-type-simple"},"acf":[],"yoast_head":"<!-- This site is optimized with the Yoast SEO plugin v24.9 - https:\/\/yoast.com\/wordpress\/plugins\/seo\/ -->\n<title>CYPRESS HILL - Woodstock 1994 -  (LP) | Guerssen<\/title>\n<meta name=\"description\" content=\"This vinyl contains the full set of Cypress Hill live at Woodstock in 1994, the gig that officially made percussionist Eric Bobo a member of the group and the year critics and readers of Rolling Stone Magazine named them Best Rap Group. The pioneering hip-hop sensation left an indelible mark on the festival goers at the revival of the iconic 1969 gathering. The gen X crowd was hyped up by the street poetry of B-Real and Sen Dog as the air filled with smoke from a giant prop hand holding a blunt planted in the middle of the stage. An unforgettable moment in music now on vinyl.\" \/>\n<meta name=\"robots\" content=\"index, follow, max-snippet:-1, max-image-preview:large, max-video-preview:-1\" \/>\n<link rel=\"canonical\" href=\"https:\/\/wpguerssen-test.odoo.rgbconsulting.com\/es\/producto\/woodstock-1994-2\/\" \/>\n<meta property=\"og:locale\" content=\"es_ES\" \/>\n<meta property=\"og:type\" content=\"article\" \/>\n<meta property=\"og:title\" content=\"CYPRESS HILL - Woodstock 1994 -  (LP) | Guerssen\" \/>\n<meta property=\"og:description\" content=\"This vinyl contains the full set of Cypress Hill live at Woodstock in 1994, the gig that officially made percussionist Eric Bobo a member of the group and the year critics and readers of Rolling Stone Magazine named them Best Rap Group. The pioneering hip-hop sensation left an indelible mark on the festival goers at the revival of the iconic 1969 gathering. The gen X crowd was hyped up by the street poetry of B-Real and Sen Dog as the air filled with smoke from a giant prop hand holding a blunt planted in the middle of the stage. An unforgettable moment in music now on vinyl.\" \/>\n<meta property=\"og:url\" content=\"https:\/\/wpguerssen-test.odoo.rgbconsulting.com\/es\/producto\/woodstock-1994-2\/\" \/>\n<meta property=\"og:site_name\" content=\"Guerssen records\" \/>\n<meta property=\"article:modified_time\" content=\"2025-02-20T17:38:12+00:00\" \/>\n<meta property=\"og:image\" content=\"https:\/\/wpguerssen-test.odoo.rgbconsulting.com\/wp-content\/uploads\/2024\/06\/48238.jpg\" \/>\n\t<meta property=\"og:image:width\" content=\"300\" \/>\n\t<meta property=\"og:image:height\" content=\"300\" \/>\n\t<meta property=\"og:image:type\" content=\"image\/jpeg\" \/>\n<meta name=\"twitter:card\" content=\"summary_large_image\" \/>\n<meta name=\"twitter:title\" content=\"CYPRESS HILL - Woodstock 1994 -  (LP) | Guerssen\" \/>\n<meta name=\"twitter:label1\" content=\"Tiempo de lectura\" \/>\n\t<meta name=\"twitter:data1\" content=\"1 minuto\" \/>\n<script type=\"application\/ld+json\" class=\"yoast-schema-graph\">{\"@context\":\"https:\/\/schema.org\",\"@graph\":[{\"@type\":\"WebPage\",\"@id\":\"https:\/\/wpguerssen-test.odoo.rgbconsulting.com\/es\/producto\/woodstock-1994-2\/\",\"url\":\"https:\/\/wpguerssen-test.odoo.rgbconsulting.com\/es\/producto\/woodstock-1994-2\/\",\"name\":\"CYPRESS HILL - Woodstock 1994 - (LP) | Guerssen\",\"isPartOf\":{\"@id\":\"https:\/\/wpguerssen-test.odoo.rgbconsulting.com\/es\/#website\"},\"primaryImageOfPage\":{\"@id\":\"https:\/\/wpguerssen-test.odoo.rgbconsulting.com\/es\/producto\/woodstock-1994-2\/#primaryimage\"},\"image\":{\"@id\":\"https:\/\/wpguerssen-test.odoo.rgbconsulting.com\/es\/producto\/woodstock-1994-2\/#primaryimage\"},\"thumbnailUrl\":\"https:\/\/wpguerssen-test.odoo.rgbconsulting.com\/wp-content\/uploads\/2024\/06\/48238.jpg\",\"datePublished\":\"2024-07-20T22:00:00+00:00\",\"dateModified\":\"2025-02-20T17:38:12+00:00\",\"description\":\"This vinyl contains the full set of Cypress Hill live at Woodstock in 1994, the gig that officially made percussionist Eric Bobo a member of the group and the year critics and readers of Rolling Stone Magazine named them Best Rap Group. The pioneering hip-hop sensation left an indelible mark on the festival goers at the revival of the iconic 1969 gathering. The gen X crowd was hyped up by the street poetry of B-Real and Sen Dog as the air filled with smoke from a giant prop hand holding a blunt planted in the middle of the stage. An unforgettable moment in music now on vinyl.\",\"breadcrumb\":{\"@id\":\"https:\/\/wpguerssen-test.odoo.rgbconsulting.com\/es\/producto\/woodstock-1994-2\/#breadcrumb\"},\"inLanguage\":\"es\",\"potentialAction\":[{\"@type\":\"ReadAction\",\"target\":[\"https:\/\/wpguerssen-test.odoo.rgbconsulting.com\/es\/producto\/woodstock-1994-2\/\"]}]},{\"@type\":\"ImageObject\",\"inLanguage\":\"es\",\"@id\":\"https:\/\/wpguerssen-test.odoo.rgbconsulting.com\/es\/producto\/woodstock-1994-2\/#primaryimage\",\"url\":\"https:\/\/wpguerssen-test.odoo.rgbconsulting.com\/wp-content\/uploads\/2024\/06\/48238.jpg\",\"contentUrl\":\"https:\/\/wpguerssen-test.odoo.rgbconsulting.com\/wp-content\/uploads\/2024\/06\/48238.jpg\",\"width\":300,\"height\":300},{\"@type\":\"BreadcrumbList\",\"@id\":\"https:\/\/wpguerssen-test.odoo.rgbconsulting.com\/es\/producto\/woodstock-1994-2\/#breadcrumb\",\"itemListElement\":[{\"@type\":\"ListItem\",\"position\":1,\"name\":\"Inicio\",\"item\":\"https:\/\/wpguerssen-test.odoo.rgbconsulting.com\/es\/\"},{\"@type\":\"ListItem\",\"position\":2,\"name\":\"Shop\",\"item\":\"https:\/\/wpguerssen-test.odoo.rgbconsulting.com\/shop\/\"},{\"@type\":\"ListItem\",\"position\":3,\"name\":\"Woodstock 1994\"}]},{\"@type\":\"WebSite\",\"@id\":\"https:\/\/wpguerssen-test.odoo.rgbconsulting.com\/es\/#website\",\"url\":\"https:\/\/wpguerssen-test.odoo.rgbconsulting.com\/es\/\",\"name\":\"Guerssen records\",\"description\":\"psychedelia - progressive - folk - garage \",\"publisher\":{\"@id\":\"https:\/\/wpguerssen-test.odoo.rgbconsulting.com\/es\/#organization\"},\"potentialAction\":[{\"@type\":\"SearchAction\",\"target\":{\"@type\":\"EntryPoint\",\"urlTemplate\":\"https:\/\/wpguerssen-test.odoo.rgbconsulting.com\/es\/?s={search_term_string}\"},\"query-input\":{\"@type\":\"PropertyValueSpecification\",\"valueRequired\":true,\"valueName\":\"search_term_string\"}}],\"inLanguage\":\"es\"},{\"@type\":\"Organization\",\"@id\":\"https:\/\/wpguerssen-test.odoo.rgbconsulting.com\/es\/#organization\",\"name\":\"Guerssen records\",\"url\":\"https:\/\/wpguerssen-test.odoo.rgbconsulting.com\/es\/\",\"logo\":{\"@type\":\"ImageObject\",\"inLanguage\":\"es\",\"@id\":\"https:\/\/wpguerssen-test.odoo.rgbconsulting.com\/es\/#\/schema\/logo\/image\/\",\"url\":\"https:\/\/wpguerssen-test.odoo.rgbconsulting.com\/wp-content\/uploads\/2022\/04\/Logo_Guerssen_trans_100.png\",\"contentUrl\":\"https:\/\/wpguerssen-test.odoo.rgbconsulting.com\/wp-content\/uploads\/2022\/04\/Logo_Guerssen_trans_100.png\",\"width\":122,\"height\":100,\"caption\":\"Guerssen records\"},\"image\":{\"@id\":\"https:\/\/wpguerssen-test.odoo.rgbconsulting.com\/es\/#\/schema\/logo\/image\/\"}}]}<\/script>\n<!-- \/ Yoast SEO plugin. -->","yoast_head_json":{"title":"CYPRESS HILL - Woodstock 1994 -  (LP) | Guerssen","description":"This vinyl contains the full set of Cypress Hill live at Woodstock in 1994, the gig that officially made percussionist Eric Bobo a member of the group and the year critics and readers of Rolling Stone Magazine named them Best Rap Group. The pioneering hip-hop sensation left an indelible mark on the festival goers at the revival of the iconic 1969 gathering. The gen X crowd was hyped up by the street poetry of B-Real and Sen Dog as the air filled with smoke from a giant prop hand holding a blunt planted in the middle of the stage. An unforgettable moment in music now on vinyl.","robots":{"index":"index","follow":"follow","max-snippet":"max-snippet:-1","max-image-preview":"max-image-preview:large","max-video-preview":"max-video-preview:-1"},"canonical":"https:\/\/wpguerssen-test.odoo.rgbconsulting.com\/es\/producto\/woodstock-1994-2\/","og_locale":"es_ES","og_type":"article","og_title":"CYPRESS HILL - Woodstock 1994 -  (LP) | Guerssen","og_description":"This vinyl contains the full set of Cypress Hill live at Woodstock in 1994, the gig that officially made percussionist Eric Bobo a member of the group and the year critics and readers of Rolling Stone Magazine named them Best Rap Group. The pioneering hip-hop sensation left an indelible mark on the festival goers at the revival of the iconic 1969 gathering. The gen X crowd was hyped up by the street poetry of B-Real and Sen Dog as the air filled with smoke from a giant prop hand holding a blunt planted in the middle of the stage. An unforgettable moment in music now on vinyl.","og_url":"https:\/\/wpguerssen-test.odoo.rgbconsulting.com\/es\/producto\/woodstock-1994-2\/","og_site_name":"Guerssen records","article_modified_time":"2025-02-20T17:38:12+00:00","og_image":[{"width":300,"height":300,"url":"https:\/\/wpguerssen-test.odoo.rgbconsulting.com\/wp-content\/uploads\/2024\/06\/48238.jpg","type":"image\/jpeg"}],"twitter_card":"summary_large_image","twitter_title":"CYPRESS HILL - Woodstock 1994 -  (LP) | Guerssen","twitter_misc":{"Tiempo de lectura":"1 minuto"},"schema":{"@context":"https:\/\/schema.org","@graph":[{"@type":"WebPage","@id":"https:\/\/wpguerssen-test.odoo.rgbconsulting.com\/es\/producto\/woodstock-1994-2\/","url":"https:\/\/wpguerssen-test.odoo.rgbconsulting.com\/es\/producto\/woodstock-1994-2\/","name":"CYPRESS HILL - Woodstock 1994 - (LP) | Guerssen","isPartOf":{"@id":"https:\/\/wpguerssen-test.odoo.rgbconsulting.com\/es\/#website"},"primaryImageOfPage":{"@id":"https:\/\/wpguerssen-test.odoo.rgbconsulting.com\/es\/producto\/woodstock-1994-2\/#primaryimage"},"image":{"@id":"https:\/\/wpguerssen-test.odoo.rgbconsulting.com\/es\/producto\/woodstock-1994-2\/#primaryimage"},"thumbnailUrl":"https:\/\/wpguerssen-test.odoo.rgbconsulting.com\/wp-content\/uploads\/2024\/06\/48238.jpg","datePublished":"2024-07-20T22:00:00+00:00","dateModified":"2025-02-20T17:38:12+00:00","description":"This vinyl contains the full set of Cypress Hill live at Woodstock in 1994, the gig that officially made percussionist Eric Bobo a member of the group and the year critics and readers of Rolling Stone Magazine named them Best Rap Group. The pioneering hip-hop sensation left an indelible mark on the festival goers at the revival of the iconic 1969 gathering. The gen X crowd was hyped up by the street poetry of B-Real and Sen Dog as the air filled with smoke from a giant prop hand holding a blunt planted in the middle of the stage. An unforgettable moment in music now on vinyl.","breadcrumb":{"@id":"https:\/\/wpguerssen-test.odoo.rgbconsulting.com\/es\/producto\/woodstock-1994-2\/#breadcrumb"},"inLanguage":"es","potentialAction":[{"@type":"ReadAction","target":["https:\/\/wpguerssen-test.odoo.rgbconsulting.com\/es\/producto\/woodstock-1994-2\/"]}]},{"@type":"ImageObject","inLanguage":"es","@id":"https:\/\/wpguerssen-test.odoo.rgbconsulting.com\/es\/producto\/woodstock-1994-2\/#primaryimage","url":"https:\/\/wpguerssen-test.odoo.rgbconsulting.com\/wp-content\/uploads\/2024\/06\/48238.jpg","contentUrl":"https:\/\/wpguerssen-test.odoo.rgbconsulting.com\/wp-content\/uploads\/2024\/06\/48238.jpg","width":300,"height":300},{"@type":"BreadcrumbList","@id":"https:\/\/wpguerssen-test.odoo.rgbconsulting.com\/es\/producto\/woodstock-1994-2\/#breadcrumb","itemListElement":[{"@type":"ListItem","position":1,"name":"Inicio","item":"https:\/\/wpguerssen-test.odoo.rgbconsulting.com\/es\/"},{"@type":"ListItem","position":2,"name":"Shop","item":"https:\/\/wpguerssen-test.odoo.rgbconsulting.com\/shop\/"},{"@type":"ListItem","position":3,"name":"Woodstock 1994"}]},{"@type":"WebSite","@id":"https:\/\/wpguerssen-test.odoo.rgbconsulting.com\/es\/#website","url":"https:\/\/wpguerssen-test.odoo.rgbconsulting.com\/es\/","name":"Guerssen records","description":"psychedelia - progressive - folk - garage ","publisher":{"@id":"https:\/\/wpguerssen-test.odoo.rgbconsulting.com\/es\/#organization"},"potentialAction":[{"@type":"SearchAction","target":{"@type":"EntryPoint","urlTemplate":"https:\/\/wpguerssen-test.odoo.rgbconsulting.com\/es\/?s={search_term_string}"},"query-input":{"@type":"PropertyValueSpecification","valueRequired":true,"valueName":"search_term_string"}}],"inLanguage":"es"},{"@type":"Organization","@id":"https:\/\/wpguerssen-test.odoo.rgbconsulting.com\/es\/#organization","name":"Guerssen records","url":"https:\/\/wpguerssen-test.odoo.rgbconsulting.com\/es\/","logo":{"@type":"ImageObject","inLanguage":"es","@id":"https:\/\/wpguerssen-test.odoo.rgbconsulting.com\/es\/#\/schema\/logo\/image\/","url":"https:\/\/wpguerssen-test.odoo.rgbconsulting.com\/wp-content\/uploads\/2022\/04\/Logo_Guerssen_trans_100.png","contentUrl":"https:\/\/wpguerssen-test.odoo.rgbconsulting.com\/wp-content\/uploads\/2022\/04\/Logo_Guerssen_trans_100.png","width":122,"height":100,"caption":"Guerssen records"},"image":{"@id":"https:\/\/wpguerssen-test.odoo.rgbconsulting.com\/es\/#\/schema\/logo\/image\/"}}]}},"_links":{"self":[{"href":"https:\/\/wpguerssen-test.odoo.rgbconsulting.com\/es\/wp-json\/wp\/v2\/product\/271609","targetHints":{"allow":["GET"]}}],"collection":[{"href":"https:\/\/wpguerssen-test.odoo.rgbconsulting.com\/es\/wp-json\/wp\/v2\/product"}],"about":[{"href":"https:\/\/wpguerssen-test.odoo.rgbconsulting.com\/es\/wp-json\/wp\/v2\/types\/product"}],"wp:featuredmedia":[{"embeddable":true,"href":"https:\/\/wpguerssen-test.odoo.rgbconsulting.com\/es\/wp-json\/wp\/v2\/media\/271581"}],"wp:attachment":[{"href":"https:\/\/wpguerssen-test.odoo.rgbconsulting.com\/es\/wp-json\/wp\/v2\/media?parent=271609"}],"wp:term":[{"taxonomy":"product_brand","embeddable":true,"href":"https:\/\/wpguerssen-test.odoo.rgbconsulting.com\/es\/wp-json\/wp\/v2\/product_brand?post=271609"},{"taxonomy":"product_cat","embeddable":true,"href":"https:\/\/wpguerssen-test.odoo.rgbconsulting.com\/es\/wp-json\/wp\/v2\/product_cat?post=271609"},{"taxonomy":"product_tag","embeddable":true,"href":"https:\/\/wpguerssen-test.odoo.rgbconsulting.com\/es\/wp-json\/wp\/v2\/product_tag?post=271609"}],"curies":[{"name":"wp","href":"https:\/\/api.w.org\/{rel}","templated":true}]}}