{"id":271617,"date":"2024-07-25T00:00:00","date_gmt":"2024-07-24T22:00:00","guid":{"rendered":"https:\/\/wpguerssen-test.odoo.rgbconsulting.com\/product\/donato-eletrico\/"},"modified":"2025-02-12T14:52:06","modified_gmt":"2025-02-12T13:52:06","slug":"donato-eletrico","status":"publish","type":"product","link":"https:\/\/wpguerssen-test.odoo.rgbconsulting.com\/es\/producto\/donato-eletrico\/","title":{"rendered":"Donato El\u00e9trico"},"content":{"rendered":"<p>Jo\u00e3o Donato no necesita presentaci\u00f3n, es uno de los maestros del groove tropical de todas las \u00e9pocas. \u00c1lbumes como A Bad Donato, Quem \u00e9 Quem o Lugar Comum de sus obras de los a\u00f1os 70 son legendarios. Este es un homenaje a esa \u00e9poca y a Jo\u00e3o Donato regresando a su estilo original Tropical Jazz Funk Groove.<br \/>Se sabe que los buenos \u00e1lbumes generan buenos espect\u00e1culos, pero en el caso de este \u00e1lbum, podemos hacer lo contrario. \u00abDonato El\u00e9trico\u00bb comenz\u00f3 a gestarse a partir de un espect\u00e1culo realizado por el artista en 2014, en el Sesc Pinheiros (S\u00e3o Paulo, Brasil). En esa ocasi\u00f3n, el m\u00fasico lanz\u00f3 al escenario el emblem\u00e1tico \u00e1lbum \u00abQuem \u00e9 Quem\u00bb, despu\u00e9s de un retraso de m\u00e1s de 40 a\u00f1os.<br \/>Para este lanzamiento tard\u00edo, Donato invit\u00f3 a j\u00f3venes m\u00fasicos de S\u00e3o Paulo, con quienes ya ven\u00eda trabajando con la idea de un nuevo proyecto, y que le ayud\u00f3 a recrear la atm\u00f3sfera original de \u00abQuem \u00e9 Quem\u00bb, llena de grooves, cuya esencia estaba en el piano el\u00e9ctrico de Jo\u00e3o.<\/p>\n","protected":false},"excerpt":{"rendered":"<p>Jo\u00e3o Donato no necesita presentaci\u00f3n, es uno de los maestros del groove tropical de todas las \u00e9pocas. \u00c1lbumes como A Bad Donato, Quem \u00e9 Quem o Lugar Comum de<a class=\"read\" href=\"https:\/\/wpguerssen-test.odoo.rgbconsulting.com\/es\/producto\/donato-eletrico\/\"> (...)<\/a>","protected":false},"featured_media":271605,"template":"","meta":{"_acf_changed":false},"product_brand":[],"product_cat":[23231,23228],"product_tag":[],"class_list":{"0":"post-271617","1":"product","2":"type-product","3":"status-publish","4":"has-post-thumbnail","6":"product_cat-latin-brazilian-es","7":"product_cat-jazz-funk-es","8":"pa_artist-donato-joao","9":"pa_format-lp-es","10":"pa_gender-latin-brazilian-jazz-funk","11":"pa_label-comets-coming","12":"pa_location-south-america-caribbean-es","13":"pa_other-filters-vinyl-only-es","15":"first","16":"instock","17":"taxable","18":"shipping-taxable","19":"purchasable","20":"product-type-simple"},"acf":[],"yoast_head":"<!-- This site is optimized with the Yoast SEO plugin v24.9 - https:\/\/yoast.com\/wordpress\/plugins\/seo\/ -->\n<title>DONATO, Joao - Donato El\u00e9trico -  (LP) | Guerssen<\/title>\n<meta name=\"description\" content=\"Jo\u00e3o Donato need no presentation his one of the of tropical groove masters from all eras. Albums like A Bad Donato, Quem \u00e9 Quem or Lugar Comum from his 1970&#039;s Works are legendary. This one is a homage to that era and Jo\u00e3o Donato returning to his Tropical Jazz Funk Groove original style.It is known that good albums generate good shows, but in the case of this album, we can do the opposite. &quot;Donato El\u00e9trico&quot; began to take shape following a show performed by the artist in 2014, at Sesc Pinheiros (S\u00e3o Paulo, Brazil). On that occasion, the musician released the emblematic album &quot;Quem \u00e9 Quem&quot; on stage, after a delay of more than 40 years.For this late release, Donato invited young musicians from S\u00e3o Paulo, with whom he had already been working on the idea of a new project, and who helped him recreate the original atmosphere of &quot;Quem \u00e9 Quem&quot;, full of grooves, whose essence was in the Jo\u00e3o&#039;s electric piano.\" \/>\n<meta name=\"robots\" content=\"index, follow, max-snippet:-1, max-image-preview:large, max-video-preview:-1\" \/>\n<link rel=\"canonical\" href=\"https:\/\/wpguerssen-test.odoo.rgbconsulting.com\/es\/producto\/donato-eletrico\/\" \/>\n<meta property=\"og:locale\" content=\"es_ES\" \/>\n<meta property=\"og:type\" content=\"article\" \/>\n<meta property=\"og:title\" content=\"DONATO, Joao - Donato El\u00e9trico -  (LP) | Guerssen\" \/>\n<meta property=\"og:description\" content=\"Jo\u00e3o Donato need no presentation his one of the of tropical groove masters from all eras. Albums like A Bad Donato, Quem \u00e9 Quem or Lugar Comum from his 1970&#039;s Works are legendary. This one is a homage to that era and Jo\u00e3o Donato returning to his Tropical Jazz Funk Groove original style.It is known that good albums generate good shows, but in the case of this album, we can do the opposite. &quot;Donato El\u00e9trico&quot; began to take shape following a show performed by the artist in 2014, at Sesc Pinheiros (S\u00e3o Paulo, Brazil). On that occasion, the musician released the emblematic album &quot;Quem \u00e9 Quem&quot; on stage, after a delay of more than 40 years.For this late release, Donato invited young musicians from S\u00e3o Paulo, with whom he had already been working on the idea of a new project, and who helped him recreate the original atmosphere of &quot;Quem \u00e9 Quem&quot;, full of grooves, whose essence was in the Jo\u00e3o&#039;s electric piano.\" \/>\n<meta property=\"og:url\" content=\"https:\/\/wpguerssen-test.odoo.rgbconsulting.com\/es\/producto\/donato-eletrico\/\" \/>\n<meta property=\"og:site_name\" content=\"Guerssen records\" \/>\n<meta property=\"article:modified_time\" content=\"2025-02-12T13:52:06+00:00\" \/>\n<meta property=\"og:image\" content=\"https:\/\/wpguerssen-test.odoo.rgbconsulting.com\/wp-content\/uploads\/2024\/06\/48246.jpg\" \/>\n\t<meta property=\"og:image:width\" content=\"1200\" \/>\n\t<meta property=\"og:image:height\" content=\"1200\" \/>\n\t<meta property=\"og:image:type\" content=\"image\/jpeg\" \/>\n<meta name=\"twitter:card\" content=\"summary_large_image\" \/>\n<meta name=\"twitter:title\" content=\"DONATO, Joao - Donato El\u00e9trico -  (LP) | Guerssen\" \/>\n<meta name=\"twitter:label1\" content=\"Tiempo de lectura\" \/>\n\t<meta name=\"twitter:data1\" content=\"1 minuto\" \/>\n<script type=\"application\/ld+json\" class=\"yoast-schema-graph\">{\"@context\":\"https:\/\/schema.org\",\"@graph\":[{\"@type\":\"WebPage\",\"@id\":\"https:\/\/wpguerssen-test.odoo.rgbconsulting.com\/es\/producto\/donato-eletrico\/\",\"url\":\"https:\/\/wpguerssen-test.odoo.rgbconsulting.com\/es\/producto\/donato-eletrico\/\",\"name\":\"DONATO, Joao - Donato El\u00e9trico - (LP) | Guerssen\",\"isPartOf\":{\"@id\":\"https:\/\/wpguerssen-test.odoo.rgbconsulting.com\/es\/#website\"},\"primaryImageOfPage\":{\"@id\":\"https:\/\/wpguerssen-test.odoo.rgbconsulting.com\/es\/producto\/donato-eletrico\/#primaryimage\"},\"image\":{\"@id\":\"https:\/\/wpguerssen-test.odoo.rgbconsulting.com\/es\/producto\/donato-eletrico\/#primaryimage\"},\"thumbnailUrl\":\"https:\/\/wpguerssen-test.odoo.rgbconsulting.com\/wp-content\/uploads\/2024\/06\/48246.jpg\",\"datePublished\":\"2024-07-24T22:00:00+00:00\",\"dateModified\":\"2025-02-12T13:52:06+00:00\",\"description\":\"Jo\u00e3o Donato need no presentation his one of the of tropical groove masters from all eras. Albums like A Bad Donato, Quem \u00e9 Quem or Lugar Comum from his 1970's Works are legendary. This one is a homage to that era and Jo\u00e3o Donato returning to his Tropical Jazz Funk Groove original style.It is known that good albums generate good shows, but in the case of this album, we can do the opposite. \\\"Donato El\u00e9trico\\\" began to take shape following a show performed by the artist in 2014, at Sesc Pinheiros (S\u00e3o Paulo, Brazil). On that occasion, the musician released the emblematic album \\\"Quem \u00e9 Quem\\\" on stage, after a delay of more than 40 years.For this late release, Donato invited young musicians from S\u00e3o Paulo, with whom he had already been working on the idea of a new project, and who helped him recreate the original atmosphere of \\\"Quem \u00e9 Quem\\\", full of grooves, whose essence was in the Jo\u00e3o's electric piano.\",\"breadcrumb\":{\"@id\":\"https:\/\/wpguerssen-test.odoo.rgbconsulting.com\/es\/producto\/donato-eletrico\/#breadcrumb\"},\"inLanguage\":\"es\",\"potentialAction\":[{\"@type\":\"ReadAction\",\"target\":[\"https:\/\/wpguerssen-test.odoo.rgbconsulting.com\/es\/producto\/donato-eletrico\/\"]}]},{\"@type\":\"ImageObject\",\"inLanguage\":\"es\",\"@id\":\"https:\/\/wpguerssen-test.odoo.rgbconsulting.com\/es\/producto\/donato-eletrico\/#primaryimage\",\"url\":\"https:\/\/wpguerssen-test.odoo.rgbconsulting.com\/wp-content\/uploads\/2024\/06\/48246.jpg\",\"contentUrl\":\"https:\/\/wpguerssen-test.odoo.rgbconsulting.com\/wp-content\/uploads\/2024\/06\/48246.jpg\",\"width\":1200,\"height\":1200,\"caption\":\"Joao - Donato El\u00e9trico - COMETS COMING (LP) | Guerssen\"},{\"@type\":\"BreadcrumbList\",\"@id\":\"https:\/\/wpguerssen-test.odoo.rgbconsulting.com\/es\/producto\/donato-eletrico\/#breadcrumb\",\"itemListElement\":[{\"@type\":\"ListItem\",\"position\":1,\"name\":\"Inicio\",\"item\":\"https:\/\/wpguerssen-test.odoo.rgbconsulting.com\/es\/\"},{\"@type\":\"ListItem\",\"position\":2,\"name\":\"Shop\",\"item\":\"https:\/\/wpguerssen-test.odoo.rgbconsulting.com\/shop\/\"},{\"@type\":\"ListItem\",\"position\":3,\"name\":\"Donato El\u00e9trico\"}]},{\"@type\":\"WebSite\",\"@id\":\"https:\/\/wpguerssen-test.odoo.rgbconsulting.com\/es\/#website\",\"url\":\"https:\/\/wpguerssen-test.odoo.rgbconsulting.com\/es\/\",\"name\":\"Guerssen records\",\"description\":\"psychedelia - progressive - folk - garage \",\"publisher\":{\"@id\":\"https:\/\/wpguerssen-test.odoo.rgbconsulting.com\/es\/#organization\"},\"potentialAction\":[{\"@type\":\"SearchAction\",\"target\":{\"@type\":\"EntryPoint\",\"urlTemplate\":\"https:\/\/wpguerssen-test.odoo.rgbconsulting.com\/es\/?s={search_term_string}\"},\"query-input\":{\"@type\":\"PropertyValueSpecification\",\"valueRequired\":true,\"valueName\":\"search_term_string\"}}],\"inLanguage\":\"es\"},{\"@type\":\"Organization\",\"@id\":\"https:\/\/wpguerssen-test.odoo.rgbconsulting.com\/es\/#organization\",\"name\":\"Guerssen records\",\"url\":\"https:\/\/wpguerssen-test.odoo.rgbconsulting.com\/es\/\",\"logo\":{\"@type\":\"ImageObject\",\"inLanguage\":\"es\",\"@id\":\"https:\/\/wpguerssen-test.odoo.rgbconsulting.com\/es\/#\/schema\/logo\/image\/\",\"url\":\"https:\/\/wpguerssen-test.odoo.rgbconsulting.com\/wp-content\/uploads\/2022\/04\/Logo_Guerssen_trans_100.png\",\"contentUrl\":\"https:\/\/wpguerssen-test.odoo.rgbconsulting.com\/wp-content\/uploads\/2022\/04\/Logo_Guerssen_trans_100.png\",\"width\":122,\"height\":100,\"caption\":\"Guerssen records\"},\"image\":{\"@id\":\"https:\/\/wpguerssen-test.odoo.rgbconsulting.com\/es\/#\/schema\/logo\/image\/\"}}]}<\/script>\n<!-- \/ Yoast SEO plugin. -->","yoast_head_json":{"title":"DONATO, Joao - Donato El\u00e9trico -  (LP) | Guerssen","description":"Jo\u00e3o Donato need no presentation his one of the of tropical groove masters from all eras. Albums like A Bad Donato, Quem \u00e9 Quem or Lugar Comum from his 1970's Works are legendary. This one is a homage to that era and Jo\u00e3o Donato returning to his Tropical Jazz Funk Groove original style.It is known that good albums generate good shows, but in the case of this album, we can do the opposite. \"Donato El\u00e9trico\" began to take shape following a show performed by the artist in 2014, at Sesc Pinheiros (S\u00e3o Paulo, Brazil). On that occasion, the musician released the emblematic album \"Quem \u00e9 Quem\" on stage, after a delay of more than 40 years.For this late release, Donato invited young musicians from S\u00e3o Paulo, with whom he had already been working on the idea of a new project, and who helped him recreate the original atmosphere of \"Quem \u00e9 Quem\", full of grooves, whose essence was in the Jo\u00e3o's electric piano.","robots":{"index":"index","follow":"follow","max-snippet":"max-snippet:-1","max-image-preview":"max-image-preview:large","max-video-preview":"max-video-preview:-1"},"canonical":"https:\/\/wpguerssen-test.odoo.rgbconsulting.com\/es\/producto\/donato-eletrico\/","og_locale":"es_ES","og_type":"article","og_title":"DONATO, Joao - Donato El\u00e9trico -  (LP) | Guerssen","og_description":"Jo\u00e3o Donato need no presentation his one of the of tropical groove masters from all eras. Albums like A Bad Donato, Quem \u00e9 Quem or Lugar Comum from his 1970's Works are legendary. This one is a homage to that era and Jo\u00e3o Donato returning to his Tropical Jazz Funk Groove original style.It is known that good albums generate good shows, but in the case of this album, we can do the opposite. \"Donato El\u00e9trico\" began to take shape following a show performed by the artist in 2014, at Sesc Pinheiros (S\u00e3o Paulo, Brazil). On that occasion, the musician released the emblematic album \"Quem \u00e9 Quem\" on stage, after a delay of more than 40 years.For this late release, Donato invited young musicians from S\u00e3o Paulo, with whom he had already been working on the idea of a new project, and who helped him recreate the original atmosphere of \"Quem \u00e9 Quem\", full of grooves, whose essence was in the Jo\u00e3o's electric piano.","og_url":"https:\/\/wpguerssen-test.odoo.rgbconsulting.com\/es\/producto\/donato-eletrico\/","og_site_name":"Guerssen records","article_modified_time":"2025-02-12T13:52:06+00:00","og_image":[{"width":1200,"height":1200,"url":"https:\/\/wpguerssen-test.odoo.rgbconsulting.com\/wp-content\/uploads\/2024\/06\/48246.jpg","type":"image\/jpeg"}],"twitter_card":"summary_large_image","twitter_title":"DONATO, Joao - Donato El\u00e9trico -  (LP) | Guerssen","twitter_misc":{"Tiempo de lectura":"1 minuto"},"schema":{"@context":"https:\/\/schema.org","@graph":[{"@type":"WebPage","@id":"https:\/\/wpguerssen-test.odoo.rgbconsulting.com\/es\/producto\/donato-eletrico\/","url":"https:\/\/wpguerssen-test.odoo.rgbconsulting.com\/es\/producto\/donato-eletrico\/","name":"DONATO, Joao - Donato El\u00e9trico - (LP) | Guerssen","isPartOf":{"@id":"https:\/\/wpguerssen-test.odoo.rgbconsulting.com\/es\/#website"},"primaryImageOfPage":{"@id":"https:\/\/wpguerssen-test.odoo.rgbconsulting.com\/es\/producto\/donato-eletrico\/#primaryimage"},"image":{"@id":"https:\/\/wpguerssen-test.odoo.rgbconsulting.com\/es\/producto\/donato-eletrico\/#primaryimage"},"thumbnailUrl":"https:\/\/wpguerssen-test.odoo.rgbconsulting.com\/wp-content\/uploads\/2024\/06\/48246.jpg","datePublished":"2024-07-24T22:00:00+00:00","dateModified":"2025-02-12T13:52:06+00:00","description":"Jo\u00e3o Donato need no presentation his one of the of tropical groove masters from all eras. Albums like A Bad Donato, Quem \u00e9 Quem or Lugar Comum from his 1970's Works are legendary. This one is a homage to that era and Jo\u00e3o Donato returning to his Tropical Jazz Funk Groove original style.It is known that good albums generate good shows, but in the case of this album, we can do the opposite. \"Donato El\u00e9trico\" began to take shape following a show performed by the artist in 2014, at Sesc Pinheiros (S\u00e3o Paulo, Brazil). On that occasion, the musician released the emblematic album \"Quem \u00e9 Quem\" on stage, after a delay of more than 40 years.For this late release, Donato invited young musicians from S\u00e3o Paulo, with whom he had already been working on the idea of a new project, and who helped him recreate the original atmosphere of \"Quem \u00e9 Quem\", full of grooves, whose essence was in the Jo\u00e3o's electric piano.","breadcrumb":{"@id":"https:\/\/wpguerssen-test.odoo.rgbconsulting.com\/es\/producto\/donato-eletrico\/#breadcrumb"},"inLanguage":"es","potentialAction":[{"@type":"ReadAction","target":["https:\/\/wpguerssen-test.odoo.rgbconsulting.com\/es\/producto\/donato-eletrico\/"]}]},{"@type":"ImageObject","inLanguage":"es","@id":"https:\/\/wpguerssen-test.odoo.rgbconsulting.com\/es\/producto\/donato-eletrico\/#primaryimage","url":"https:\/\/wpguerssen-test.odoo.rgbconsulting.com\/wp-content\/uploads\/2024\/06\/48246.jpg","contentUrl":"https:\/\/wpguerssen-test.odoo.rgbconsulting.com\/wp-content\/uploads\/2024\/06\/48246.jpg","width":1200,"height":1200,"caption":"Joao - Donato El\u00e9trico - COMETS COMING (LP) | Guerssen"},{"@type":"BreadcrumbList","@id":"https:\/\/wpguerssen-test.odoo.rgbconsulting.com\/es\/producto\/donato-eletrico\/#breadcrumb","itemListElement":[{"@type":"ListItem","position":1,"name":"Inicio","item":"https:\/\/wpguerssen-test.odoo.rgbconsulting.com\/es\/"},{"@type":"ListItem","position":2,"name":"Shop","item":"https:\/\/wpguerssen-test.odoo.rgbconsulting.com\/shop\/"},{"@type":"ListItem","position":3,"name":"Donato El\u00e9trico"}]},{"@type":"WebSite","@id":"https:\/\/wpguerssen-test.odoo.rgbconsulting.com\/es\/#website","url":"https:\/\/wpguerssen-test.odoo.rgbconsulting.com\/es\/","name":"Guerssen records","description":"psychedelia - progressive - folk - garage ","publisher":{"@id":"https:\/\/wpguerssen-test.odoo.rgbconsulting.com\/es\/#organization"},"potentialAction":[{"@type":"SearchAction","target":{"@type":"EntryPoint","urlTemplate":"https:\/\/wpguerssen-test.odoo.rgbconsulting.com\/es\/?s={search_term_string}"},"query-input":{"@type":"PropertyValueSpecification","valueRequired":true,"valueName":"search_term_string"}}],"inLanguage":"es"},{"@type":"Organization","@id":"https:\/\/wpguerssen-test.odoo.rgbconsulting.com\/es\/#organization","name":"Guerssen records","url":"https:\/\/wpguerssen-test.odoo.rgbconsulting.com\/es\/","logo":{"@type":"ImageObject","inLanguage":"es","@id":"https:\/\/wpguerssen-test.odoo.rgbconsulting.com\/es\/#\/schema\/logo\/image\/","url":"https:\/\/wpguerssen-test.odoo.rgbconsulting.com\/wp-content\/uploads\/2022\/04\/Logo_Guerssen_trans_100.png","contentUrl":"https:\/\/wpguerssen-test.odoo.rgbconsulting.com\/wp-content\/uploads\/2022\/04\/Logo_Guerssen_trans_100.png","width":122,"height":100,"caption":"Guerssen records"},"image":{"@id":"https:\/\/wpguerssen-test.odoo.rgbconsulting.com\/es\/#\/schema\/logo\/image\/"}}]}},"_links":{"self":[{"href":"https:\/\/wpguerssen-test.odoo.rgbconsulting.com\/es\/wp-json\/wp\/v2\/product\/271617","targetHints":{"allow":["GET"]}}],"collection":[{"href":"https:\/\/wpguerssen-test.odoo.rgbconsulting.com\/es\/wp-json\/wp\/v2\/product"}],"about":[{"href":"https:\/\/wpguerssen-test.odoo.rgbconsulting.com\/es\/wp-json\/wp\/v2\/types\/product"}],"wp:featuredmedia":[{"embeddable":true,"href":"https:\/\/wpguerssen-test.odoo.rgbconsulting.com\/es\/wp-json\/wp\/v2\/media\/271605"}],"wp:attachment":[{"href":"https:\/\/wpguerssen-test.odoo.rgbconsulting.com\/es\/wp-json\/wp\/v2\/media?parent=271617"}],"wp:term":[{"taxonomy":"product_brand","embeddable":true,"href":"https:\/\/wpguerssen-test.odoo.rgbconsulting.com\/es\/wp-json\/wp\/v2\/product_brand?post=271617"},{"taxonomy":"product_cat","embeddable":true,"href":"https:\/\/wpguerssen-test.odoo.rgbconsulting.com\/es\/wp-json\/wp\/v2\/product_cat?post=271617"},{"taxonomy":"product_tag","embeddable":true,"href":"https:\/\/wpguerssen-test.odoo.rgbconsulting.com\/es\/wp-json\/wp\/v2\/product_tag?post=271617"}],"curies":[{"name":"wp","href":"https:\/\/api.w.org\/{rel}","templated":true}]}}