{"id":271636,"date":"2024-08-23T00:00:00","date_gmt":"2024-08-22T22:00:00","guid":{"rendered":"https:\/\/wpguerssen-test.odoo.rgbconsulting.com\/product\/grown-in-u-s-a\/"},"modified":"2025-05-05T11:10:06","modified_gmt":"2025-05-05T09:10:06","slug":"grown-in-u-s-a","status":"publish","type":"product","link":"https:\/\/wpguerssen-test.odoo.rgbconsulting.com\/es\/producto\/grown-in-u-s-a\/","title":{"rendered":"Grown in U.S.A."},"content":{"rendered":"<p>Con ra\u00edces en dos legendarias bandas de garage USA 60s, The Stoics y The Outcasts, Homer fueron sin duda uno de los mejores grupos de garaje-psicodelia surgidos en Texas durante los 60.<\/p>\n<p>\u201cGrown in U.S.A\u201d fue su \u00fanico \u00e1lbum editado de forma privada en 1970 y muy buscado por coleccionistas. Rock psicod\u00e9lico de aire rural y toques hard-progresivos con explosiva guitarra dual, armon\u00edas vocales y ocasional mellotron.<\/p>\n<p>*Artwork original en portada de cart\u00f3n duro + OBI<br \/>*Sonido nuevamente transferido y remasterizado<br \/>*Insert con notas y fotos<\/p>\n<p>\u201cUn cl\u00e1sico de los discos privados Texanos que toca diferentes palos de rock 70s pero acaba sonando muy personal y coherente. Alto nivel musical, rock mel\u00f3dico que puede recordar a otros cl\u00e1sicos underground como Mothers Tuckers Yellow Duck\u00bb<br \/>&#8211; Patrick Lundborg (Acid Archives)<\/p>\n<p>Tracklist:<br \/>Side 1: 1. Circles In The North &#8211; 2. Taking Me Home &#8211; 3. Dawson Creek &#8211; 4. Survivor &#8211; 5. In The Beginning<br \/>Side 2: 1. Love&#8217;s Coming &#8211; 2. Four Days and Nights &#8211; 3. Cyrano In The Park &#8211; 4. Lonely Woman<\/p>\n<p>\n","protected":false},"excerpt":{"rendered":"<p>Con ra\u00edces en dos legendarias bandas de garage USA 60s, The Stoics y The Outcasts, Homer fueron sin duda uno de los mejores grupos de garaje-psicodelia surgidos en<a class=\"read\" href=\"https:\/\/wpguerssen-test.odoo.rgbconsulting.com\/es\/producto\/grown-in-u-s-a\/\"> (...)<\/a>","protected":false},"featured_media":269651,"template":"","meta":{"_acf_changed":false},"product_brand":[],"product_cat":[24508,21639],"product_tag":[],"class_list":{"0":"post-271636","1":"product","2":"type-product","3":"status-publish","4":"has-post-thumbnail","6":"product_cat-uncategorized","7":"product_cat-psychedelic60s-70s-es","8":"pa_artist-homer-es","9":"pa_format-lp-es","10":"pa_gender-psychedelic60s-70s","11":"pa_label-guerssen-es","12":"pa_location-north-america-es","14":"first","15":"outofstock","16":"taxable","17":"shipping-taxable","18":"purchasable","19":"product-type-simple"},"acf":[],"yoast_head":"<!-- This site is optimized with the Yoast SEO plugin v24.9 - https:\/\/yoast.com\/wordpress\/plugins\/seo\/ -->\n<title>HOMER - Grown in U.S.A. -  (LP) | Guerssen<\/title>\n<meta name=\"description\" content=\"With their roots traced in two legendary 60s garage bands, The Outcasts and The Stoics, Homer were without doubt one the best psychedelic \/ hard-rock outfits coming out from Texas. \u201cGrown in U.S.A\u201d was their only album, released as a private pressing in 1970. Rural psychedelic rock with early prog hints fueled by stunning lead \/ dual guitar, melodic vocals and occasional mellotron. *Highly sought after Texas psych album *Original artwork in hard cardboard sleeve + OBI \u00a0 *Newly sourced and remastered sound \u00a0 *Insert with liner notes and photos \u201cA Texas private press classic that spans several early \u201870s genres but still manages to sound like a coherent, personal work\u201d \u2013 Patrick Lundborg (Acid Archives) Tracklist:Side 1: 1. Circles In The North - 2. Taking Me Home - 3. Dawson Creek - 4. Survivor - 5. In The BeginningSide 2: 1. Love&#039;s Coming - 2. Four Days and Nights - 3. Cyrano In The Park - 4. Lonely Woman\" \/>\n<meta name=\"robots\" content=\"index, follow, max-snippet:-1, max-image-preview:large, max-video-preview:-1\" \/>\n<link rel=\"canonical\" href=\"https:\/\/wpguerssen-test.odoo.rgbconsulting.com\/es\/producto\/grown-in-u-s-a\/\" \/>\n<meta property=\"og:locale\" content=\"es_ES\" \/>\n<meta property=\"og:type\" content=\"article\" \/>\n<meta property=\"og:title\" content=\"HOMER - Grown in U.S.A. -  (LP) | Guerssen\" \/>\n<meta property=\"og:description\" content=\"With their roots traced in two legendary 60s garage bands, The Outcasts and The Stoics, Homer were without doubt one the best psychedelic \/ hard-rock outfits coming out from Texas. \u201cGrown in U.S.A\u201d was their only album, released as a private pressing in 1970. Rural psychedelic rock with early prog hints fueled by stunning lead \/ dual guitar, melodic vocals and occasional mellotron. *Highly sought after Texas psych album *Original artwork in hard cardboard sleeve + OBI \u00a0 *Newly sourced and remastered sound \u00a0 *Insert with liner notes and photos \u201cA Texas private press classic that spans several early \u201870s genres but still manages to sound like a coherent, personal work\u201d \u2013 Patrick Lundborg (Acid Archives) Tracklist:Side 1: 1. Circles In The North - 2. Taking Me Home - 3. Dawson Creek - 4. Survivor - 5. In The BeginningSide 2: 1. Love&#039;s Coming - 2. Four Days and Nights - 3. Cyrano In The Park - 4. Lonely Woman\" \/>\n<meta property=\"og:url\" content=\"https:\/\/wpguerssen-test.odoo.rgbconsulting.com\/es\/producto\/grown-in-u-s-a\/\" \/>\n<meta property=\"og:site_name\" content=\"Guerssen records\" \/>\n<meta property=\"article:modified_time\" content=\"2025-05-05T09:10:06+00:00\" \/>\n<meta property=\"og:image\" content=\"https:\/\/wpguerssen-test.odoo.rgbconsulting.com\/wp-content\/uploads\/2024\/06\/46282.jpg\" \/>\n\t<meta property=\"og:image:width\" content=\"1400\" \/>\n\t<meta property=\"og:image:height\" content=\"1400\" \/>\n\t<meta property=\"og:image:type\" content=\"image\/jpeg\" \/>\n<meta name=\"twitter:card\" content=\"summary_large_image\" \/>\n<meta name=\"twitter:title\" content=\"HOMER - Grown in U.S.A. -  (LP) | Guerssen\" \/>\n<meta name=\"twitter:label1\" content=\"Tiempo de lectura\" \/>\n\t<meta name=\"twitter:data1\" content=\"1 minuto\" \/>\n<script type=\"application\/ld+json\" class=\"yoast-schema-graph\">{\"@context\":\"https:\/\/schema.org\",\"@graph\":[{\"@type\":\"WebPage\",\"@id\":\"https:\/\/wpguerssen-test.odoo.rgbconsulting.com\/es\/producto\/grown-in-u-s-a\/\",\"url\":\"https:\/\/wpguerssen-test.odoo.rgbconsulting.com\/es\/producto\/grown-in-u-s-a\/\",\"name\":\"HOMER - Grown in U.S.A. - (LP) | Guerssen\",\"isPartOf\":{\"@id\":\"https:\/\/wpguerssen-test.odoo.rgbconsulting.com\/es\/#website\"},\"primaryImageOfPage\":{\"@id\":\"https:\/\/wpguerssen-test.odoo.rgbconsulting.com\/es\/producto\/grown-in-u-s-a\/#primaryimage\"},\"image\":{\"@id\":\"https:\/\/wpguerssen-test.odoo.rgbconsulting.com\/es\/producto\/grown-in-u-s-a\/#primaryimage\"},\"thumbnailUrl\":\"https:\/\/wpguerssen-test.odoo.rgbconsulting.com\/wp-content\/uploads\/2024\/06\/46282.jpg\",\"datePublished\":\"2024-08-22T22:00:00+00:00\",\"dateModified\":\"2025-05-05T09:10:06+00:00\",\"description\":\"With their roots traced in two legendary 60s garage bands, The Outcasts and The Stoics, Homer were without doubt one the best psychedelic \/ hard-rock outfits coming out from Texas. \u201cGrown in U.S.A\u201d was their only album, released as a private pressing in 1970. Rural psychedelic rock with early prog hints fueled by stunning lead \/ dual guitar, melodic vocals and occasional mellotron. *Highly sought after Texas psych album *Original artwork in hard cardboard sleeve + OBI \u00a0 *Newly sourced and remastered sound \u00a0 *Insert with liner notes and photos \u201cA Texas private press classic that spans several early \u201870s genres but still manages to sound like a coherent, personal work\u201d \u2013 Patrick Lundborg (Acid Archives) Tracklist:Side 1: 1. Circles In The North - 2. Taking Me Home - 3. Dawson Creek - 4. Survivor - 5. In The BeginningSide 2: 1. Love's Coming - 2. Four Days and Nights - 3. Cyrano In The Park - 4. Lonely Woman\",\"breadcrumb\":{\"@id\":\"https:\/\/wpguerssen-test.odoo.rgbconsulting.com\/es\/producto\/grown-in-u-s-a\/#breadcrumb\"},\"inLanguage\":\"es\",\"potentialAction\":[{\"@type\":\"ReadAction\",\"target\":[\"https:\/\/wpguerssen-test.odoo.rgbconsulting.com\/es\/producto\/grown-in-u-s-a\/\"]}]},{\"@type\":\"ImageObject\",\"inLanguage\":\"es\",\"@id\":\"https:\/\/wpguerssen-test.odoo.rgbconsulting.com\/es\/producto\/grown-in-u-s-a\/#primaryimage\",\"url\":\"https:\/\/wpguerssen-test.odoo.rgbconsulting.com\/wp-content\/uploads\/2024\/06\/46282.jpg\",\"contentUrl\":\"https:\/\/wpguerssen-test.odoo.rgbconsulting.com\/wp-content\/uploads\/2024\/06\/46282.jpg\",\"width\":1400,\"height\":1400},{\"@type\":\"BreadcrumbList\",\"@id\":\"https:\/\/wpguerssen-test.odoo.rgbconsulting.com\/es\/producto\/grown-in-u-s-a\/#breadcrumb\",\"itemListElement\":[{\"@type\":\"ListItem\",\"position\":1,\"name\":\"Inicio\",\"item\":\"https:\/\/wpguerssen-test.odoo.rgbconsulting.com\/es\/\"},{\"@type\":\"ListItem\",\"position\":2,\"name\":\"Shop\",\"item\":\"https:\/\/wpguerssen-test.odoo.rgbconsulting.com\/shop\/\"},{\"@type\":\"ListItem\",\"position\":3,\"name\":\"Grown in U.S.A.\"}]},{\"@type\":\"WebSite\",\"@id\":\"https:\/\/wpguerssen-test.odoo.rgbconsulting.com\/es\/#website\",\"url\":\"https:\/\/wpguerssen-test.odoo.rgbconsulting.com\/es\/\",\"name\":\"Guerssen records\",\"description\":\"psychedelia - progressive - folk - garage \",\"publisher\":{\"@id\":\"https:\/\/wpguerssen-test.odoo.rgbconsulting.com\/es\/#organization\"},\"potentialAction\":[{\"@type\":\"SearchAction\",\"target\":{\"@type\":\"EntryPoint\",\"urlTemplate\":\"https:\/\/wpguerssen-test.odoo.rgbconsulting.com\/es\/?s={search_term_string}\"},\"query-input\":{\"@type\":\"PropertyValueSpecification\",\"valueRequired\":true,\"valueName\":\"search_term_string\"}}],\"inLanguage\":\"es\"},{\"@type\":\"Organization\",\"@id\":\"https:\/\/wpguerssen-test.odoo.rgbconsulting.com\/es\/#organization\",\"name\":\"Guerssen records\",\"url\":\"https:\/\/wpguerssen-test.odoo.rgbconsulting.com\/es\/\",\"logo\":{\"@type\":\"ImageObject\",\"inLanguage\":\"es\",\"@id\":\"https:\/\/wpguerssen-test.odoo.rgbconsulting.com\/es\/#\/schema\/logo\/image\/\",\"url\":\"https:\/\/wpguerssen-test.odoo.rgbconsulting.com\/wp-content\/uploads\/2022\/04\/Logo_Guerssen_trans_100.png\",\"contentUrl\":\"https:\/\/wpguerssen-test.odoo.rgbconsulting.com\/wp-content\/uploads\/2022\/04\/Logo_Guerssen_trans_100.png\",\"width\":122,\"height\":100,\"caption\":\"Guerssen records\"},\"image\":{\"@id\":\"https:\/\/wpguerssen-test.odoo.rgbconsulting.com\/es\/#\/schema\/logo\/image\/\"}}]}<\/script>\n<!-- \/ Yoast SEO plugin. -->","yoast_head_json":{"title":"HOMER - Grown in U.S.A. -  (LP) | Guerssen","description":"With their roots traced in two legendary 60s garage bands, The Outcasts and The Stoics, Homer were without doubt one the best psychedelic \/ hard-rock outfits coming out from Texas. \u201cGrown in U.S.A\u201d was their only album, released as a private pressing in 1970. Rural psychedelic rock with early prog hints fueled by stunning lead \/ dual guitar, melodic vocals and occasional mellotron. *Highly sought after Texas psych album *Original artwork in hard cardboard sleeve + OBI \u00a0 *Newly sourced and remastered sound \u00a0 *Insert with liner notes and photos \u201cA Texas private press classic that spans several early \u201870s genres but still manages to sound like a coherent, personal work\u201d \u2013 Patrick Lundborg (Acid Archives) Tracklist:Side 1: 1. Circles In The North - 2. Taking Me Home - 3. Dawson Creek - 4. Survivor - 5. In The BeginningSide 2: 1. Love's Coming - 2. Four Days and Nights - 3. Cyrano In The Park - 4. Lonely Woman","robots":{"index":"index","follow":"follow","max-snippet":"max-snippet:-1","max-image-preview":"max-image-preview:large","max-video-preview":"max-video-preview:-1"},"canonical":"https:\/\/wpguerssen-test.odoo.rgbconsulting.com\/es\/producto\/grown-in-u-s-a\/","og_locale":"es_ES","og_type":"article","og_title":"HOMER - Grown in U.S.A. -  (LP) | Guerssen","og_description":"With their roots traced in two legendary 60s garage bands, The Outcasts and The Stoics, Homer were without doubt one the best psychedelic \/ hard-rock outfits coming out from Texas. \u201cGrown in U.S.A\u201d was their only album, released as a private pressing in 1970. Rural psychedelic rock with early prog hints fueled by stunning lead \/ dual guitar, melodic vocals and occasional mellotron. *Highly sought after Texas psych album *Original artwork in hard cardboard sleeve + OBI \u00a0 *Newly sourced and remastered sound \u00a0 *Insert with liner notes and photos \u201cA Texas private press classic that spans several early \u201870s genres but still manages to sound like a coherent, personal work\u201d \u2013 Patrick Lundborg (Acid Archives) Tracklist:Side 1: 1. Circles In The North - 2. Taking Me Home - 3. Dawson Creek - 4. Survivor - 5. In The BeginningSide 2: 1. Love's Coming - 2. Four Days and Nights - 3. Cyrano In The Park - 4. Lonely Woman","og_url":"https:\/\/wpguerssen-test.odoo.rgbconsulting.com\/es\/producto\/grown-in-u-s-a\/","og_site_name":"Guerssen records","article_modified_time":"2025-05-05T09:10:06+00:00","og_image":[{"width":1400,"height":1400,"url":"https:\/\/wpguerssen-test.odoo.rgbconsulting.com\/wp-content\/uploads\/2024\/06\/46282.jpg","type":"image\/jpeg"}],"twitter_card":"summary_large_image","twitter_title":"HOMER - Grown in U.S.A. -  (LP) | Guerssen","twitter_misc":{"Tiempo de lectura":"1 minuto"},"schema":{"@context":"https:\/\/schema.org","@graph":[{"@type":"WebPage","@id":"https:\/\/wpguerssen-test.odoo.rgbconsulting.com\/es\/producto\/grown-in-u-s-a\/","url":"https:\/\/wpguerssen-test.odoo.rgbconsulting.com\/es\/producto\/grown-in-u-s-a\/","name":"HOMER - Grown in U.S.A. - (LP) | Guerssen","isPartOf":{"@id":"https:\/\/wpguerssen-test.odoo.rgbconsulting.com\/es\/#website"},"primaryImageOfPage":{"@id":"https:\/\/wpguerssen-test.odoo.rgbconsulting.com\/es\/producto\/grown-in-u-s-a\/#primaryimage"},"image":{"@id":"https:\/\/wpguerssen-test.odoo.rgbconsulting.com\/es\/producto\/grown-in-u-s-a\/#primaryimage"},"thumbnailUrl":"https:\/\/wpguerssen-test.odoo.rgbconsulting.com\/wp-content\/uploads\/2024\/06\/46282.jpg","datePublished":"2024-08-22T22:00:00+00:00","dateModified":"2025-05-05T09:10:06+00:00","description":"With their roots traced in two legendary 60s garage bands, The Outcasts and The Stoics, Homer were without doubt one the best psychedelic \/ hard-rock outfits coming out from Texas. \u201cGrown in U.S.A\u201d was their only album, released as a private pressing in 1970. Rural psychedelic rock with early prog hints fueled by stunning lead \/ dual guitar, melodic vocals and occasional mellotron. *Highly sought after Texas psych album *Original artwork in hard cardboard sleeve + OBI \u00a0 *Newly sourced and remastered sound \u00a0 *Insert with liner notes and photos \u201cA Texas private press classic that spans several early \u201870s genres but still manages to sound like a coherent, personal work\u201d \u2013 Patrick Lundborg (Acid Archives) Tracklist:Side 1: 1. Circles In The North - 2. Taking Me Home - 3. Dawson Creek - 4. Survivor - 5. In The BeginningSide 2: 1. Love's Coming - 2. Four Days and Nights - 3. Cyrano In The Park - 4. Lonely Woman","breadcrumb":{"@id":"https:\/\/wpguerssen-test.odoo.rgbconsulting.com\/es\/producto\/grown-in-u-s-a\/#breadcrumb"},"inLanguage":"es","potentialAction":[{"@type":"ReadAction","target":["https:\/\/wpguerssen-test.odoo.rgbconsulting.com\/es\/producto\/grown-in-u-s-a\/"]}]},{"@type":"ImageObject","inLanguage":"es","@id":"https:\/\/wpguerssen-test.odoo.rgbconsulting.com\/es\/producto\/grown-in-u-s-a\/#primaryimage","url":"https:\/\/wpguerssen-test.odoo.rgbconsulting.com\/wp-content\/uploads\/2024\/06\/46282.jpg","contentUrl":"https:\/\/wpguerssen-test.odoo.rgbconsulting.com\/wp-content\/uploads\/2024\/06\/46282.jpg","width":1400,"height":1400},{"@type":"BreadcrumbList","@id":"https:\/\/wpguerssen-test.odoo.rgbconsulting.com\/es\/producto\/grown-in-u-s-a\/#breadcrumb","itemListElement":[{"@type":"ListItem","position":1,"name":"Inicio","item":"https:\/\/wpguerssen-test.odoo.rgbconsulting.com\/es\/"},{"@type":"ListItem","position":2,"name":"Shop","item":"https:\/\/wpguerssen-test.odoo.rgbconsulting.com\/shop\/"},{"@type":"ListItem","position":3,"name":"Grown in U.S.A."}]},{"@type":"WebSite","@id":"https:\/\/wpguerssen-test.odoo.rgbconsulting.com\/es\/#website","url":"https:\/\/wpguerssen-test.odoo.rgbconsulting.com\/es\/","name":"Guerssen records","description":"psychedelia - progressive - folk - garage ","publisher":{"@id":"https:\/\/wpguerssen-test.odoo.rgbconsulting.com\/es\/#organization"},"potentialAction":[{"@type":"SearchAction","target":{"@type":"EntryPoint","urlTemplate":"https:\/\/wpguerssen-test.odoo.rgbconsulting.com\/es\/?s={search_term_string}"},"query-input":{"@type":"PropertyValueSpecification","valueRequired":true,"valueName":"search_term_string"}}],"inLanguage":"es"},{"@type":"Organization","@id":"https:\/\/wpguerssen-test.odoo.rgbconsulting.com\/es\/#organization","name":"Guerssen records","url":"https:\/\/wpguerssen-test.odoo.rgbconsulting.com\/es\/","logo":{"@type":"ImageObject","inLanguage":"es","@id":"https:\/\/wpguerssen-test.odoo.rgbconsulting.com\/es\/#\/schema\/logo\/image\/","url":"https:\/\/wpguerssen-test.odoo.rgbconsulting.com\/wp-content\/uploads\/2022\/04\/Logo_Guerssen_trans_100.png","contentUrl":"https:\/\/wpguerssen-test.odoo.rgbconsulting.com\/wp-content\/uploads\/2022\/04\/Logo_Guerssen_trans_100.png","width":122,"height":100,"caption":"Guerssen records"},"image":{"@id":"https:\/\/wpguerssen-test.odoo.rgbconsulting.com\/es\/#\/schema\/logo\/image\/"}}]}},"_links":{"self":[{"href":"https:\/\/wpguerssen-test.odoo.rgbconsulting.com\/es\/wp-json\/wp\/v2\/product\/271636","targetHints":{"allow":["GET"]}}],"collection":[{"href":"https:\/\/wpguerssen-test.odoo.rgbconsulting.com\/es\/wp-json\/wp\/v2\/product"}],"about":[{"href":"https:\/\/wpguerssen-test.odoo.rgbconsulting.com\/es\/wp-json\/wp\/v2\/types\/product"}],"wp:featuredmedia":[{"embeddable":true,"href":"https:\/\/wpguerssen-test.odoo.rgbconsulting.com\/es\/wp-json\/wp\/v2\/media\/269651"}],"wp:attachment":[{"href":"https:\/\/wpguerssen-test.odoo.rgbconsulting.com\/es\/wp-json\/wp\/v2\/media?parent=271636"}],"wp:term":[{"taxonomy":"product_brand","embeddable":true,"href":"https:\/\/wpguerssen-test.odoo.rgbconsulting.com\/es\/wp-json\/wp\/v2\/product_brand?post=271636"},{"taxonomy":"product_cat","embeddable":true,"href":"https:\/\/wpguerssen-test.odoo.rgbconsulting.com\/es\/wp-json\/wp\/v2\/product_cat?post=271636"},{"taxonomy":"product_tag","embeddable":true,"href":"https:\/\/wpguerssen-test.odoo.rgbconsulting.com\/es\/wp-json\/wp\/v2\/product_tag?post=271636"}],"curies":[{"name":"wp","href":"https:\/\/api.w.org\/{rel}","templated":true}]}}